{"id":10785,"date":"2024-12-16T12:18:59","date_gmt":"2024-12-16T10:18:59","guid":{"rendered":"https:\/\/valika.eu\/?post_type=product&#038;p=10785"},"modified":"2025-07-02T05:03:17","modified_gmt":"2025-07-02T02:03:17","slug":"helkur-top-pealisgeel-valgustpeegeldav-disco-6g","status":"publish","type":"product","link":"https:\/\/valika.eu\/fi\/toode\/helkur-top-pealisgeel-valgustpeegeldav-disco-6g\/","title":{"rendered":"Heijastava P\u00e4\u00e4llysgeeli Top gel Disco 6g"},"content":{"rendered":"<p>P\u00e4ivit\u00e4 tyylisi uudella heijastavalla p\u00e4\u00e4llyslakalla! T\u00e4m\u00e4 upea asuste on viimeisin trendi kynsituotteiden maailmassa. Anna manikyyrisi sytty\u00e4 ainutlaatuisuudesta ja vangita kaikkien katseet!<\/p>\n<p>Heijastava p\u00e4\u00e4llyslakka on taianomainen viimeistely, joka luo erityisen tunnelman ja tekee kynsist\u00e4si todella hienostuneita. Olipa kynsiesi pituus tai muoto mik\u00e4 tahansa, ne muuttuvat todellisiksi taideteoksiksi! Loistava manikyyri on kirkas yksityiskohta tyyliisi, ja sen ainutlaatuinen kiilto korostuu erityisesti pime\u00e4ss\u00e4.<\/p>\n<p>Heijastavan p\u00e4\u00e4llyslakan suosio kasvaa p\u00e4ivitt\u00e4in, eik\u00e4 syytt\u00e4! Muotitietoiset ymp\u00e4ri maailman rakastavat t\u00e4t\u00e4 trendi\u00e4, josta on tullut olennainen osa juhlamanikyyri\u00e4. Unohda tyls\u00e4t ja tavalliset p\u00e4\u00e4llyslakat \u2014 heijastava p\u00e4\u00e4llyslakka antaa kynsillesi ainutlaatuisen loiston ja kimmellyksen, josta olet unelmoinut!<\/p>\n<p>\u00c4l\u00e4 j\u00e4t\u00e4 v\u00e4liin mahdollisuutta vangita ihailevia katseita ja tehd\u00e4 vaikutus ensisilm\u00e4yksell\u00e4. Lis\u00e4\u00e4 tyyliisi ainutlaatuista hohtoa ja vieh\u00e4tyst\u00e4, jonka vain heijastava p\u00e4\u00e4llyslakka voi antaa. Anna kynsiesi loistaa tyylin ja eleganssin liekiss\u00e4. Anna k\u00e4sillesi t\u00e4ydellinen viimeistely ja s\u00e4ihke, joka her\u00e4tt\u00e4\u00e4 ihailua kaikissa ymp\u00e4rill\u00e4si.<\/p>\n<p>Ansaitset vain parasta, ja heijastava p\u00e4\u00e4llyslakka on luotettava kumppanisi unohtumattoman tyylin luomisessa. \u00c4l\u00e4 ohita mahdollisuutta kokea valon taika ja olla t\u00e4hti miss\u00e4 tahansa ja milloin tahansa.<\/p>","protected":false},"excerpt":{"rendered":"<p>Sis\u00e4lt\u00e4\u00e4 hologrammihiekkaa ja heijastavia hiukkasia. Siin\u00e4 on viskoosinen ja k\u00e4tev\u00e4 koostumus, joka levittyy tasaisesti kynsilevylle.<\/p>\n<p>Heijastava efekti n\u00e4kyy, kun keinovalo osuu kynsiin. P\u00e4iv\u00e4nvalossa tai auringonpaisteessa p\u00e4\u00e4llyslakka antaa manikyyrille uskomattoman kiillon ja loiston.<\/p>\n<p>P\u00e4\u00e4llyslakassa ei ole tahmaista pintaa, ja siin\u00e4 on kevyt UV-suodatin.<\/p>\n<p>Kovettumisaika: 120\/60 sekuntia UV-\/LED-valolla.<\/p>\n","protected":false},"featured_media":10786,"template":"","meta":[],"product_brand":[],"product_cat":[651],"product_tag":[],"class_list":{"0":"post-10785","1":"product","2":"type-product","3":"status-publish","4":"has-post-thumbnail","6":"product_cat-pealisgeelid","8":"first","9":"instock","10":"taxable","11":"shipping-taxable","12":"purchasable","13":"product-type-simple"},"yoast_head":"<!-- This site is optimized with the Yoast SEO plugin v24.4 - https:\/\/yoast.com\/wordpress\/plugins\/seo\/ -->\n<title>Heijastava P\u00e4\u00e4llysgeeli Top gel Disco 6g | Valika<\/title>\n<meta name=\"robots\" content=\"index, follow, max-snippet:-1, max-image-preview:large, max-video-preview:-1\" \/>\n<link rel=\"canonical\" href=\"https:\/\/valika.eu\/fi\/toode\/helkur-top-pealisgeel-valgustpeegeldav-disco-6g\/\" \/>\n<meta property=\"og:locale\" content=\"fi_FI\" \/>\n<meta property=\"og:type\" content=\"article\" \/>\n<meta property=\"og:title\" content=\"Heijastava P\u00e4\u00e4llysgeeli Top gel Disco 6g | Valika\" \/>\n<meta property=\"og:description\" content=\"Sis\u00e4lt\u00e4\u00e4 hologrammihiekkaa ja heijastavia hiukkasia. Siin\u00e4 on viskoosinen ja k\u00e4tev\u00e4 koostumus, joka levittyy tasaisesti kynsilevylle.  Heijastava efekti n\u00e4kyy, kun keinovalo osuu kynsiin. P\u00e4iv\u00e4nvalossa tai auringonpaisteessa p\u00e4\u00e4llyslakka antaa manikyyrille uskomattoman kiillon ja loiston.  P\u00e4\u00e4llyslakassa ei ole tahmaista pintaa, ja siin\u00e4 on kevyt UV-suodatin.  Kovettumisaika: 120\/60 sekuntia UV-\/LED-valolla.\" \/>\n<meta property=\"og:url\" content=\"https:\/\/valika.eu\/fi\/toode\/helkur-top-pealisgeel-valgustpeegeldav-disco-6g\/\" \/>\n<meta property=\"og:site_name\" content=\"Valika\" \/>\n<meta property=\"article:publisher\" content=\"https:\/\/www.facebook.com\/tipsi.net\" \/>\n<meta property=\"article:modified_time\" content=\"2025-07-02T02:03:17+00:00\" \/>\n<meta property=\"og:image\" content=\"https:\/\/valika.eu\/wp-content\/uploads\/2024\/12\/helkur-top-2.jpg\" \/>\n\t<meta property=\"og:image:width\" content=\"800\" \/>\n\t<meta property=\"og:image:height\" content=\"800\" \/>\n\t<meta property=\"og:image:type\" content=\"image\/jpeg\" \/>\n<meta name=\"twitter:card\" content=\"summary_large_image\" \/>\n<script type=\"application\/ld+json\" class=\"yoast-schema-graph\">{\"@context\":\"https:\/\/schema.org\",\"@graph\":[{\"@type\":\"WebPage\",\"@id\":\"https:\/\/valika.eu\/fi\/toode\/helkur-top-pealisgeel-valgustpeegeldav-disco-6g\/\",\"url\":\"https:\/\/valika.eu\/fi\/toode\/helkur-top-pealisgeel-valgustpeegeldav-disco-6g\/\",\"name\":\"Heijastava P\u00e4\u00e4llysgeeli Top gel Disco 6g | Valika\",\"isPartOf\":{\"@id\":\"https:\/\/valika.eu\/fi\/#website\"},\"primaryImageOfPage\":{\"@id\":\"https:\/\/valika.eu\/fi\/toode\/helkur-top-pealisgeel-valgustpeegeldav-disco-6g\/#primaryimage\"},\"image\":{\"@id\":\"https:\/\/valika.eu\/toode\/helkur-top-pealisgeel-valgustpeegeldav-disco-6g\/#primaryimage\"},\"thumbnailUrl\":\"https:\/\/valika.eu\/wp-content\/uploads\/2024\/12\/helkur-top-2.jpg\",\"datePublished\":\"2024-12-16T10:18:59+00:00\",\"dateModified\":\"2025-07-02T02:03:17+00:00\",\"breadcrumb\":{\"@id\":\"https:\/\/valika.eu\/fi\/toode\/helkur-top-pealisgeel-valgustpeegeldav-disco-6g\/#breadcrumb\"},\"inLanguage\":\"fi\",\"potentialAction\":[{\"@type\":\"ReadAction\",\"target\":[[\"https:\/\/valika.eu\/fi\/toode\/helkur-top-pealisgeel-valgustpeegeldav-disco-6g\/\"]]}]},{\"@type\":\"ImageObject\",\"inLanguage\":\"fi\",\"@id\":\"https:\/\/valika.eu\/fi\/toode\/helkur-top-pealisgeel-valgustpeegeldav-disco-6g\/#primaryimage\",\"url\":\"https:\/\/valika.eu\/wp-content\/uploads\/2024\/12\/helkur-top-2.jpg\",\"contentUrl\":\"https:\/\/valika.eu\/wp-content\/uploads\/2024\/12\/helkur-top-2.jpg\",\"width\":800,\"height\":800},{\"@type\":\"BreadcrumbList\",\"@id\":\"https:\/\/valika.eu\/fi\/toode\/helkur-top-pealisgeel-valgustpeegeldav-disco-6g\/#breadcrumb\",\"itemListElement\":[{\"@type\":\"ListItem\",\"position\":1,\"name\":\"Koti\",\"item\":\"https:\/\/valika.eu\/fi\/\"},{\"@type\":\"ListItem\",\"position\":2,\"name\":\"Shop\",\"item\":\"https:\/\/valika.eu\/fi\/\"},{\"@type\":\"ListItem\",\"position\":3,\"name\":\"Reflective Top gel Light reflective Disco 6g\"}]},{\"@type\":\"WebSite\",\"@id\":\"https:\/\/valika.eu\/fi\/#website\",\"url\":\"https:\/\/valika.eu\/fi\/\",\"name\":\"Valika.eu\",\"description\":\"Salonkituotteet ja kauneudenhoitotuotteet - Valika tarjoaa laajan valikoiman tuotteita ja tarvikkeita kynsiteknikoille, kauneushoitoloille, kampaamoille ja kampaamoille.\",\"publisher\":{\"@id\":\"https:\/\/valika.eu\/fi\/#organization\"},\"alternateName\":\"Valika\",\"potentialAction\":[{\"@type\":\"SearchAction\",\"target\":{\"@type\":\"EntryPoint\",\"urlTemplate\":\"https:\/\/valika.eu\/fi\/?s={search_term_string}\"},\"query-input\":{\"@type\":\"PropertyValueSpecification\",\"valueRequired\":true,\"valueName\":\"search_term_string\"}}],\"inLanguage\":\"fi\"},{\"@type\":\"Organization\",\"@id\":\"https:\/\/valika.eu\/fi\/#organization\",\"name\":\"Salongitoode O\u00dc\",\"alternateName\":\"Valika\",\"url\":\"https:\/\/valika.eu\/fi\/\",\"logo\":{\"@type\":\"ImageObject\",\"inLanguage\":\"fi\",\"@id\":\"https:\/\/valika.eu\/fi\/#\/schema\/logo\/image\/\",\"url\":\"https:\/\/valika.eu\/wp-content\/uploads\/2023\/11\/logo2-valika-footer.png\",\"contentUrl\":\"https:\/\/valika.eu\/wp-content\/uploads\/2023\/11\/logo2-valika-footer.png\",\"width\":200,\"height\":129,\"caption\":\"Salongitoode O\u00dc\"},\"image\":{\"@id\":\"https:\/\/valika.eu\/fi\/#\/schema\/logo\/image\/\"},\"sameAs\":[\"https:\/\/www.facebook.com\/tipsi.net\"]}]}<\/script>\n<!-- \/ Yoast SEO plugin. -->","yoast_head_json":{"title":"Heijastava P\u00e4\u00e4llysgeeli Top gel Disco 6g | Valika","robots":{"index":"index","follow":"follow","max-snippet":"max-snippet:-1","max-image-preview":"max-image-preview:large","max-video-preview":"max-video-preview:-1"},"canonical":"https:\/\/valika.eu\/fi\/toode\/helkur-top-pealisgeel-valgustpeegeldav-disco-6g\/","og_locale":"fi_FI","og_type":"article","og_title":"Heijastava P\u00e4\u00e4llysgeeli Top gel Disco 6g | Valika","og_description":"Sis\u00e4lt\u00e4\u00e4 hologrammihiekkaa ja heijastavia hiukkasia. Siin\u00e4 on viskoosinen ja k\u00e4tev\u00e4 koostumus, joka levittyy tasaisesti kynsilevylle.  Heijastava efekti n\u00e4kyy, kun keinovalo osuu kynsiin. P\u00e4iv\u00e4nvalossa tai auringonpaisteessa p\u00e4\u00e4llyslakka antaa manikyyrille uskomattoman kiillon ja loiston.  P\u00e4\u00e4llyslakassa ei ole tahmaista pintaa, ja siin\u00e4 on kevyt UV-suodatin.  Kovettumisaika: 120\/60 sekuntia UV-\/LED-valolla.","og_url":"https:\/\/valika.eu\/fi\/toode\/helkur-top-pealisgeel-valgustpeegeldav-disco-6g\/","og_site_name":"Valika","article_publisher":"https:\/\/www.facebook.com\/tipsi.net","article_modified_time":"2025-07-02T02:03:17+00:00","og_image":[{"width":800,"height":800,"url":"https:\/\/valika.eu\/wp-content\/uploads\/2024\/12\/helkur-top-2.jpg","type":"image\/jpeg"}],"twitter_card":"summary_large_image","schema":{"@context":"https:\/\/schema.org","@graph":[{"@type":"WebPage","@id":"https:\/\/valika.eu\/fi\/toode\/helkur-top-pealisgeel-valgustpeegeldav-disco-6g\/","url":"https:\/\/valika.eu\/fi\/toode\/helkur-top-pealisgeel-valgustpeegeldav-disco-6g\/","name":"Heijastava P\u00e4\u00e4llysgeeli Top gel Disco 6g | Valika","isPartOf":{"@id":"https:\/\/valika.eu\/fi\/#website"},"primaryImageOfPage":{"@id":"https:\/\/valika.eu\/fi\/toode\/helkur-top-pealisgeel-valgustpeegeldav-disco-6g\/#primaryimage"},"image":{"@id":"https:\/\/valika.eu\/toode\/helkur-top-pealisgeel-valgustpeegeldav-disco-6g\/#primaryimage"},"thumbnailUrl":"https:\/\/valika.eu\/wp-content\/uploads\/2024\/12\/helkur-top-2.jpg","datePublished":"2024-12-16T10:18:59+00:00","dateModified":"2025-07-02T02:03:17+00:00","breadcrumb":{"@id":"https:\/\/valika.eu\/fi\/toode\/helkur-top-pealisgeel-valgustpeegeldav-disco-6g\/#breadcrumb"},"inLanguage":"fi","potentialAction":[{"@type":"ReadAction","target":[["https:\/\/valika.eu\/fi\/toode\/helkur-top-pealisgeel-valgustpeegeldav-disco-6g\/"]]}]},{"@type":"ImageObject","inLanguage":"fi","@id":"https:\/\/valika.eu\/fi\/toode\/helkur-top-pealisgeel-valgustpeegeldav-disco-6g\/#primaryimage","url":"https:\/\/valika.eu\/wp-content\/uploads\/2024\/12\/helkur-top-2.jpg","contentUrl":"https:\/\/valika.eu\/wp-content\/uploads\/2024\/12\/helkur-top-2.jpg","width":800,"height":800},{"@type":"BreadcrumbList","@id":"https:\/\/valika.eu\/fi\/toode\/helkur-top-pealisgeel-valgustpeegeldav-disco-6g\/#breadcrumb","itemListElement":[{"@type":"ListItem","position":1,"name":"Koti","item":"https:\/\/valika.eu\/fi\/"},{"@type":"ListItem","position":2,"name":"Shop","item":"https:\/\/valika.eu\/fi\/"},{"@type":"ListItem","position":3,"name":"Reflective Top gel Light reflective Disco 6g"}]},{"@type":"WebSite","@id":"https:\/\/valika.eu\/fi\/#website","url":"https:\/\/valika.eu\/fi\/","name":"Valika.eu","description":"Salonkituotteet ja kauneudenhoitotuotteet - Valika tarjoaa laajan valikoiman tuotteita ja tarvikkeita kynsiteknikoille, kauneushoitoloille, kampaamoille ja kampaamoille.","publisher":{"@id":"https:\/\/valika.eu\/fi\/#organization"},"alternateName":"Valika","potentialAction":[{"@type":"SearchAction","target":{"@type":"EntryPoint","urlTemplate":"https:\/\/valika.eu\/fi\/?s={search_term_string}"},"query-input":{"@type":"PropertyValueSpecification","valueRequired":true,"valueName":"search_term_string"}}],"inLanguage":"fi"},{"@type":"Organization","@id":"https:\/\/valika.eu\/fi\/#organization","name":"Salongitoode O\u00dc","alternateName":"Valika","url":"https:\/\/valika.eu\/fi\/","logo":{"@type":"ImageObject","inLanguage":"fi","@id":"https:\/\/valika.eu\/fi\/#\/schema\/logo\/image\/","url":"https:\/\/valika.eu\/wp-content\/uploads\/2023\/11\/logo2-valika-footer.png","contentUrl":"https:\/\/valika.eu\/wp-content\/uploads\/2023\/11\/logo2-valika-footer.png","width":200,"height":129,"caption":"Salongitoode O\u00dc"},"image":{"@id":"https:\/\/valika.eu\/fi\/#\/schema\/logo\/image\/"},"sameAs":["https:\/\/www.facebook.com\/tipsi.net"]}]}},"jetpack_sharing_enabled":true,"_links":{"self":[{"href":"https:\/\/valika.eu\/fi\/wp-json\/wp\/v2\/product\/10785","targetHints":{"allow":["GET"]}}],"collection":[{"href":"https:\/\/valika.eu\/fi\/wp-json\/wp\/v2\/product"}],"about":[{"href":"https:\/\/valika.eu\/fi\/wp-json\/wp\/v2\/types\/product"}],"wp:featuredmedia":[{"embeddable":true,"href":"https:\/\/valika.eu\/fi\/wp-json\/wp\/v2\/media\/10786"}],"wp:attachment":[{"href":"https:\/\/valika.eu\/fi\/wp-json\/wp\/v2\/media?parent=10785"}],"wp:term":[{"taxonomy":"product_brand","embeddable":true,"href":"https:\/\/valika.eu\/fi\/wp-json\/wp\/v2\/product_brand?post=10785"},{"taxonomy":"product_cat","embeddable":true,"href":"https:\/\/valika.eu\/fi\/wp-json\/wp\/v2\/product_cat?post=10785"},{"taxonomy":"product_tag","embeddable":true,"href":"https:\/\/valika.eu\/fi\/wp-json\/wp\/v2\/product_tag?post=10785"}],"curies":[{"name":"wp","href":"https:\/\/api.w.org\/{rel}","templated":true}]}}