{"id":11019,"date":"2025-01-09T06:05:03","date_gmt":"2025-01-09T04:05:03","guid":{"rendered":"https:\/\/valika.eu\/toode\/claresa-kulmupliiats-go-bushy-03\/"},"modified":"2025-07-14T10:53:51","modified_gmt":"2025-07-14T07:53:51","slug":"claresa-kulmupliiats-go-bushy-03","status":"publish","type":"product","link":"https:\/\/valika.eu\/fi\/toode\/claresa-kulmupliiats-go-bushy-03\/","title":{"rendered":"Claresa kulmakyn\u00e4 GO BUSHY 03"},"content":{"rendered":"<p><\/p>\n<p>Anna kulmakarvojesi olla huomion keskipiste ainutlaatuisella &#8220;Go Bush(y)!&#8221; -kyn\u00e4ll\u00e4mme. L\u00f6yd\u00e4 kulmakarvojen m\u00e4\u00e4rittelyn ja ilmeikkyyden voima muutamalla vedolla. Valmis h\u00e4ik\u00e4isev\u00e4\u00e4n vaikutukseen? Valitse &#8220;Go Bush(y)!&#8221; ja korosta kauneuttasi tavalla, josta olet aina unelmoinut.<\/p>\n<p>T\u00e4m\u00e4 kyn\u00e4 on luotettava ty\u00f6kalu, joka mahdollistaa kulmakarvojen tarkan t\u00e4ytt\u00e4misen ja m\u00e4\u00e4rittelyn vain muutamassa hetkess\u00e4. Unohda ep\u00e4tasaiset, v\u00e4\u00e4r\u00e4nmuotoiset kulmakarvat \u2012 nyt voit saavuttaa luonnollisen ilmeen minimaalisella vaivalla. Harjap\u00e4\u00e4 on suunniteltu mahdollistamaan ohuiden, tarkkojen viivojen piirt\u00e4misen, jotka j\u00e4ljittelev\u00e4t luonnollisia karvoja. T\u00e4m\u00e4n ansiosta kulmakarvasi saavat t\u00e4ydellisen muodon ja ilmeikkyyden, mik\u00e4 tekee ulkon\u00e4\u00f6st\u00e4si t\u00e4ydellisen.<\/p>\n<p> HAUSKA FAKTA<\/p>\n<p>Kaavamme on tahraamaton, joten sinun ei tarvitse huolehtia meikkisi kest\u00e4vyydest\u00e4 p\u00e4iv\u00e4n aikana. &#8220;Go Bush(y)!&#8221; pysyy paikoillaan, korostaen kulmakarvojasi pitk\u00e4\u00e4n.<\/p>\n<\/p>\n<p>SOVELLUS<\/p>\n<p>Riippumatta taitotasostasi, kyn\u00e4mme avulla voit saavuttaa t\u00e4ydellisen kulmakarvojen ilmeen hetkess\u00e4. Oletko tuttu &#8220;karvamaiset vedot&#8221; -tekniikan kanssa? Se ei ole muuta kuin yksitt\u00e4isten karvojen piirt\u00e4mist\u00e4! Sen sijaan, ett\u00e4 t\u00e4ytt\u00e4isit kulmakarvat yhten\u00e4isell\u00e4 viivalla, k\u00e4yt\u00e4 kyn\u00e4\u00e4 luodaksesi lyhyit\u00e4, tarkkoja vetoja, jotka j\u00e4ljittelev\u00e4t luonnollisia karvoja.<\/p>\n<p>Ennen levityst\u00e4 varmista, ett\u00e4 kulmakarvasi ovat puhtaat ja kuivat. Piirr\u00e4 sitten varovasti ohuita viivoja kulmakaaren suuntaisesti. Levit\u00e4 n\u00e4it\u00e4 vetoja p\u00e4\u00e4asiassa alueille, joissa kulmakarvat muodostavat kaaren tai tarvitsevat paksuuntumista. Hyv\u00e4 vinkki \u2012 aloita kulmakarvan keskelt\u00e4 ja siirry kohti loppua, t\u00e4yt\u00e4 sitten kevyesti kulmakarvan etuosa v\u00e4ltt\u00e4en voimakasta painetta iholle. Voit k\u00e4ytt\u00e4\u00e4 lyhyit\u00e4 vetoja luodaksesi hienovaraisemman ja luonnollisemman ilmeen tai tarkempia vetoja korostaaksesi karvojen ilmeikkyytt\u00e4 voimakkaammin. <\/p>\n<p> MEIKKITAITEILIJAN VINKKI<\/p>\n<p>Go Bush(y)! -kyn\u00e4ll\u00e4 voit kokeilla sen luovia k\u00e4ytt\u00f6tapoja! K\u00e4yt\u00e4 sit\u00e4 huulillasi huultenrajauskyn\u00e4n sijasta tai piirr\u00e4 viiva silm\u00e4luomellesi saavuttaaksesi ainutlaatuisen nude-s\u00e4vyn. Jos haaveilet luonnollisista pisamista, Go Bush(y)! saattaa olla t\u00e4ydellinen ty\u00f6kalu! Tee pieni\u00e4, erikokoisia pisteit\u00e4 nen\u00e4n, poskien ja otsan ymp\u00e4rille ja h\u00e4ivyt\u00e4 ne heti sormellasi pehment\u00e4\u00e4ksesi niiden reunoja.<\/p>\n<\/p>\n<div class=\"video-container\"><\/div>\n<div class=\"video-container\"><\/div>\n<div class=\"video-container\"><\/div>\n<div class=\"video-container\"><\/div>\n<p><\/p>","protected":false},"excerpt":{"rendered":"<p>Anna kulmakarvojesi olla huomion keskipiste ainutlaatuisella &#8220;Go Bush(y)!&#8221; -kyn\u00e4ll\u00e4mme. L\u00f6yd\u00e4 kulmakarvojen m\u00e4\u00e4rittelyn ja ilmeikkyyden voima muutamalla vedolla. Valmis h\u00e4ik\u00e4isev\u00e4\u00e4n vaikutukseen?<\/p>\n","protected":false},"featured_media":11018,"template":"","meta":[],"product_brand":[],"product_cat":[668],"product_tag":[],"class_list":{"0":"post-11019","1":"product","2":"type-product","3":"status-publish","4":"has-post-thumbnail","6":"product_cat-eyebrows","8":"first","9":"instock","10":"taxable","11":"shipping-taxable","12":"purchasable","13":"product-type-simple"},"yoast_head":"<!-- This site is optimized with the Yoast SEO plugin v24.4 - https:\/\/yoast.com\/wordpress\/plugins\/seo\/ -->\n<title>Claresa kulmakyn\u00e4 GO BUSHY 03 | Valika<\/title>\n<meta name=\"robots\" content=\"index, follow, max-snippet:-1, max-image-preview:large, max-video-preview:-1\" \/>\n<link rel=\"canonical\" href=\"https:\/\/valika.eu\/fi\/toode\/claresa-kulmupliiats-go-bushy-03\/\" \/>\n<meta property=\"og:locale\" content=\"fi_FI\" \/>\n<meta property=\"og:type\" content=\"article\" \/>\n<meta property=\"og:title\" content=\"Claresa kulmakyn\u00e4 GO BUSHY 03 | Valika\" \/>\n<meta property=\"og:description\" content=\"Anna kulmakarvojesi olla huomion keskipiste ainutlaatuisella &#8220;Go Bush(y)!&#8221; -kyn\u00e4ll\u00e4mme. L\u00f6yd\u00e4 kulmakarvojen m\u00e4\u00e4rittelyn ja ilmeikkyyden voima muutamalla vedolla. Valmis h\u00e4ik\u00e4isev\u00e4\u00e4n vaikutukseen?\" \/>\n<meta property=\"og:url\" content=\"https:\/\/valika.eu\/fi\/toode\/claresa-kulmupliiats-go-bushy-03\/\" \/>\n<meta property=\"og:site_name\" content=\"Valika\" \/>\n<meta property=\"article:publisher\" content=\"https:\/\/www.facebook.com\/tipsi.net\" \/>\n<meta property=\"article:modified_time\" content=\"2025-07-14T07:53:51+00:00\" \/>\n<meta property=\"og:image\" content=\"https:\/\/valika.eu\/wp-content\/uploads\/2025\/01\/13373.png\" \/>\n\t<meta property=\"og:image:width\" content=\"1500\" \/>\n\t<meta property=\"og:image:height\" content=\"1500\" \/>\n\t<meta property=\"og:image:type\" content=\"image\/png\" \/>\n<meta name=\"twitter:card\" content=\"summary_large_image\" \/>\n<script type=\"application\/ld+json\" class=\"yoast-schema-graph\">{\"@context\":\"https:\/\/schema.org\",\"@graph\":[{\"@type\":\"WebPage\",\"@id\":\"https:\/\/valika.eu\/fi\/toode\/claresa-kulmupliiats-go-bushy-03\/\",\"url\":\"https:\/\/valika.eu\/fi\/toode\/claresa-kulmupliiats-go-bushy-03\/\",\"name\":\"Claresa kulmakyn\u00e4 GO BUSHY 03 | Valika\",\"isPartOf\":{\"@id\":\"https:\/\/valika.eu\/fi\/#website\"},\"primaryImageOfPage\":{\"@id\":\"https:\/\/valika.eu\/fi\/toode\/claresa-kulmupliiats-go-bushy-03\/#primaryimage\"},\"image\":{\"@id\":\"https:\/\/valika.eu\/toode\/claresa-kulmupliiats-go-bushy-03\/#primaryimage\"},\"thumbnailUrl\":\"https:\/\/valika.eu\/wp-content\/uploads\/2025\/01\/13373.png\",\"datePublished\":\"2025-01-09T04:05:03+00:00\",\"dateModified\":\"2025-07-14T07:53:51+00:00\",\"breadcrumb\":{\"@id\":\"https:\/\/valika.eu\/fi\/toode\/claresa-kulmupliiats-go-bushy-03\/#breadcrumb\"},\"inLanguage\":\"fi\",\"potentialAction\":[{\"@type\":\"ReadAction\",\"target\":[[\"https:\/\/valika.eu\/fi\/toode\/claresa-kulmupliiats-go-bushy-03\/\"]]}]},{\"@type\":\"ImageObject\",\"inLanguage\":\"fi\",\"@id\":\"https:\/\/valika.eu\/fi\/toode\/claresa-kulmupliiats-go-bushy-03\/#primaryimage\",\"url\":\"https:\/\/valika.eu\/wp-content\/uploads\/2025\/01\/13373.png\",\"contentUrl\":\"https:\/\/valika.eu\/wp-content\/uploads\/2025\/01\/13373.png\",\"width\":1500,\"height\":1500},{\"@type\":\"BreadcrumbList\",\"@id\":\"https:\/\/valika.eu\/fi\/toode\/claresa-kulmupliiats-go-bushy-03\/#breadcrumb\",\"itemListElement\":[{\"@type\":\"ListItem\",\"position\":1,\"name\":\"Koti\",\"item\":\"https:\/\/valika.eu\/fi\/\"},{\"@type\":\"ListItem\",\"position\":2,\"name\":\"Shop\",\"item\":\"https:\/\/valika.eu\/fi\/\"},{\"@type\":\"ListItem\",\"position\":3,\"name\":\"Claresa eyebrow pencil GO BUSHY 03\"}]},{\"@type\":\"WebSite\",\"@id\":\"https:\/\/valika.eu\/fi\/#website\",\"url\":\"https:\/\/valika.eu\/fi\/\",\"name\":\"Valika.eu\",\"description\":\"Salonkituotteet ja kauneudenhoitotuotteet - Valika tarjoaa laajan valikoiman tuotteita ja tarvikkeita kynsiteknikoille, kauneushoitoloille, kampaamoille ja kampaamoille.\",\"publisher\":{\"@id\":\"https:\/\/valika.eu\/fi\/#organization\"},\"alternateName\":\"Valika\",\"potentialAction\":[{\"@type\":\"SearchAction\",\"target\":{\"@type\":\"EntryPoint\",\"urlTemplate\":\"https:\/\/valika.eu\/fi\/?s={search_term_string}\"},\"query-input\":{\"@type\":\"PropertyValueSpecification\",\"valueRequired\":true,\"valueName\":\"search_term_string\"}}],\"inLanguage\":\"fi\"},{\"@type\":\"Organization\",\"@id\":\"https:\/\/valika.eu\/fi\/#organization\",\"name\":\"Salongitoode O\u00dc\",\"alternateName\":\"Valika\",\"url\":\"https:\/\/valika.eu\/fi\/\",\"logo\":{\"@type\":\"ImageObject\",\"inLanguage\":\"fi\",\"@id\":\"https:\/\/valika.eu\/fi\/#\/schema\/logo\/image\/\",\"url\":\"https:\/\/valika.eu\/wp-content\/uploads\/2023\/11\/logo2-valika-footer.png\",\"contentUrl\":\"https:\/\/valika.eu\/wp-content\/uploads\/2023\/11\/logo2-valika-footer.png\",\"width\":200,\"height\":129,\"caption\":\"Salongitoode O\u00dc\"},\"image\":{\"@id\":\"https:\/\/valika.eu\/fi\/#\/schema\/logo\/image\/\"},\"sameAs\":[\"https:\/\/www.facebook.com\/tipsi.net\"]}]}<\/script>\n<!-- \/ Yoast SEO plugin. -->","yoast_head_json":{"title":"Claresa kulmakyn\u00e4 GO BUSHY 03 | Valika","robots":{"index":"index","follow":"follow","max-snippet":"max-snippet:-1","max-image-preview":"max-image-preview:large","max-video-preview":"max-video-preview:-1"},"canonical":"https:\/\/valika.eu\/fi\/toode\/claresa-kulmupliiats-go-bushy-03\/","og_locale":"fi_FI","og_type":"article","og_title":"Claresa kulmakyn\u00e4 GO BUSHY 03 | Valika","og_description":"Anna kulmakarvojesi olla huomion keskipiste ainutlaatuisella &#8220;Go Bush(y)!&#8221; -kyn\u00e4ll\u00e4mme. L\u00f6yd\u00e4 kulmakarvojen m\u00e4\u00e4rittelyn ja ilmeikkyyden voima muutamalla vedolla. Valmis h\u00e4ik\u00e4isev\u00e4\u00e4n vaikutukseen?","og_url":"https:\/\/valika.eu\/fi\/toode\/claresa-kulmupliiats-go-bushy-03\/","og_site_name":"Valika","article_publisher":"https:\/\/www.facebook.com\/tipsi.net","article_modified_time":"2025-07-14T07:53:51+00:00","og_image":[{"width":1500,"height":1500,"url":"https:\/\/valika.eu\/wp-content\/uploads\/2025\/01\/13373.png","type":"image\/png"}],"twitter_card":"summary_large_image","schema":{"@context":"https:\/\/schema.org","@graph":[{"@type":"WebPage","@id":"https:\/\/valika.eu\/fi\/toode\/claresa-kulmupliiats-go-bushy-03\/","url":"https:\/\/valika.eu\/fi\/toode\/claresa-kulmupliiats-go-bushy-03\/","name":"Claresa kulmakyn\u00e4 GO BUSHY 03 | Valika","isPartOf":{"@id":"https:\/\/valika.eu\/fi\/#website"},"primaryImageOfPage":{"@id":"https:\/\/valika.eu\/fi\/toode\/claresa-kulmupliiats-go-bushy-03\/#primaryimage"},"image":{"@id":"https:\/\/valika.eu\/toode\/claresa-kulmupliiats-go-bushy-03\/#primaryimage"},"thumbnailUrl":"https:\/\/valika.eu\/wp-content\/uploads\/2025\/01\/13373.png","datePublished":"2025-01-09T04:05:03+00:00","dateModified":"2025-07-14T07:53:51+00:00","breadcrumb":{"@id":"https:\/\/valika.eu\/fi\/toode\/claresa-kulmupliiats-go-bushy-03\/#breadcrumb"},"inLanguage":"fi","potentialAction":[{"@type":"ReadAction","target":[["https:\/\/valika.eu\/fi\/toode\/claresa-kulmupliiats-go-bushy-03\/"]]}]},{"@type":"ImageObject","inLanguage":"fi","@id":"https:\/\/valika.eu\/fi\/toode\/claresa-kulmupliiats-go-bushy-03\/#primaryimage","url":"https:\/\/valika.eu\/wp-content\/uploads\/2025\/01\/13373.png","contentUrl":"https:\/\/valika.eu\/wp-content\/uploads\/2025\/01\/13373.png","width":1500,"height":1500},{"@type":"BreadcrumbList","@id":"https:\/\/valika.eu\/fi\/toode\/claresa-kulmupliiats-go-bushy-03\/#breadcrumb","itemListElement":[{"@type":"ListItem","position":1,"name":"Koti","item":"https:\/\/valika.eu\/fi\/"},{"@type":"ListItem","position":2,"name":"Shop","item":"https:\/\/valika.eu\/fi\/"},{"@type":"ListItem","position":3,"name":"Claresa eyebrow pencil GO BUSHY 03"}]},{"@type":"WebSite","@id":"https:\/\/valika.eu\/fi\/#website","url":"https:\/\/valika.eu\/fi\/","name":"Valika.eu","description":"Salonkituotteet ja kauneudenhoitotuotteet - Valika tarjoaa laajan valikoiman tuotteita ja tarvikkeita kynsiteknikoille, kauneushoitoloille, kampaamoille ja kampaamoille.","publisher":{"@id":"https:\/\/valika.eu\/fi\/#organization"},"alternateName":"Valika","potentialAction":[{"@type":"SearchAction","target":{"@type":"EntryPoint","urlTemplate":"https:\/\/valika.eu\/fi\/?s={search_term_string}"},"query-input":{"@type":"PropertyValueSpecification","valueRequired":true,"valueName":"search_term_string"}}],"inLanguage":"fi"},{"@type":"Organization","@id":"https:\/\/valika.eu\/fi\/#organization","name":"Salongitoode O\u00dc","alternateName":"Valika","url":"https:\/\/valika.eu\/fi\/","logo":{"@type":"ImageObject","inLanguage":"fi","@id":"https:\/\/valika.eu\/fi\/#\/schema\/logo\/image\/","url":"https:\/\/valika.eu\/wp-content\/uploads\/2023\/11\/logo2-valika-footer.png","contentUrl":"https:\/\/valika.eu\/wp-content\/uploads\/2023\/11\/logo2-valika-footer.png","width":200,"height":129,"caption":"Salongitoode O\u00dc"},"image":{"@id":"https:\/\/valika.eu\/fi\/#\/schema\/logo\/image\/"},"sameAs":["https:\/\/www.facebook.com\/tipsi.net"]}]}},"jetpack_sharing_enabled":true,"_links":{"self":[{"href":"https:\/\/valika.eu\/fi\/wp-json\/wp\/v2\/product\/11019","targetHints":{"allow":["GET"]}}],"collection":[{"href":"https:\/\/valika.eu\/fi\/wp-json\/wp\/v2\/product"}],"about":[{"href":"https:\/\/valika.eu\/fi\/wp-json\/wp\/v2\/types\/product"}],"wp:featuredmedia":[{"embeddable":true,"href":"https:\/\/valika.eu\/fi\/wp-json\/wp\/v2\/media\/11018"}],"wp:attachment":[{"href":"https:\/\/valika.eu\/fi\/wp-json\/wp\/v2\/media?parent=11019"}],"wp:term":[{"taxonomy":"product_brand","embeddable":true,"href":"https:\/\/valika.eu\/fi\/wp-json\/wp\/v2\/product_brand?post=11019"},{"taxonomy":"product_cat","embeddable":true,"href":"https:\/\/valika.eu\/fi\/wp-json\/wp\/v2\/product_cat?post=11019"},{"taxonomy":"product_tag","embeddable":true,"href":"https:\/\/valika.eu\/fi\/wp-json\/wp\/v2\/product_tag?post=11019"}],"curies":[{"name":"wp","href":"https:\/\/api.w.org\/{rel}","templated":true}]}}