{"id":11037,"date":"2025-01-09T06:11:18","date_gmt":"2025-01-09T04:11:18","guid":{"rendered":"https:\/\/valika.eu\/toode\/claresa-browmance-ultra-slim-pliiats-automaatne-kulmupliiats-01-soft-brown\/"},"modified":"2025-07-02T05:03:17","modified_gmt":"2025-07-02T02:03:17","slug":"claresa-browmance-ultra-slim-pliiats-automaatne-kulmupliiats-01-soft-brown","status":"publish","type":"product","link":"https:\/\/valika.eu\/fi\/toode\/claresa-browmance-ultra-slim-pliiats-automaatne-kulmupliiats-01-soft-brown\/","title":{"rendered":"CLARESA BROWMANCE ultra slim -kulmakyn\u00e4, automaattinen kulmakyn\u00e4 01 soft brown"},"content":{"rendered":"<p><strong>Claresa ULTRA-THIN EYEBROW PENCIL BROWMANCE<\/strong><\/p>\n<p>Ultraohuen kyn\u00e4n, jossa on kermainen koostumus ja k\u00e4tev\u00e4 harja, avulla kulmakarvojen muotoilu on lastenleikki\u00e4! Eritt\u00e4in tarkka 1,5 millimetrin k\u00e4rki mahdollistaa puuttuvien karvojen piirt\u00e4misen, aukkojen t\u00e4ytt\u00e4misen ja kulmakarvojen t\u00e4ydellisen muodon antamisen helposti. Kermainen koostumus peitt\u00e4\u00e4 karvat tasaisesti, mik\u00e4 tekee levityksest\u00e4 eritt\u00e4in helppoa. Kyn\u00e4n kovuus on t\u00e4ydellisesti tasapainotettu, jotta karvojen piirt\u00e4minen on sujuvaa ja tarkkaa, est\u00e4en samalla tahraantumisen, katkeamisen tai murenemisen. Saatavilla kolmessa yleismaailmallisessa v\u00e4riss\u00e4, jotka sopivat useimmille kauneustyypeille maantieteellisell\u00e4 alueellamme.<\/p>\n<p><strong>HAUSKA FAKTA:<\/strong><br \/>\nVegaaninen koostumus on hajusteeton, eik\u00e4 sis\u00e4ll\u00e4 alkoholia tai mikromuoveja.<\/p>\n<p><strong>K\u00c4YTT\u00d6:<\/strong><br \/>\nHarjaa karvat yl\u00f6sp\u00e4in. Muotoile kulmakarvat piirt\u00e4m\u00e4ll\u00e4 karvoja tai t\u00e4ytt\u00e4m\u00e4ll\u00e4 aukkoja, harjaa sitten uudelleen saavuttaaksesi luonnollisimman vaikutelman.<\/p>\n<p><strong>MEIKKITAITEILIJAN VINKKI:<\/strong><br \/>\nKun puuteroit otsaasi, muista my\u00f6s kulmakarvasi. Kun mattapintaiseksi teet ihon kulmakarvojesi alla, niiden meikkiefekti on kauniimpi ja kest\u00e4v\u00e4mpi. Muista vain harjata ylim\u00e4\u00e4r\u00e4inen puuteri pois karvoista ennen kyn\u00e4n levitt\u00e4mist\u00e4.<\/p>","protected":false},"excerpt":{"rendered":"<p>Claresa ULTRA-THIN EYEBROW PENCIL BROWMANCE Ultraohuen kyn\u00e4n, jossa on kermainen koostumus ja k\u00e4tev\u00e4 harja, avulla kulmakarvojen muotoilu on lastenleikki\u00e4! Eritt\u00e4in<\/p>\n","protected":false},"featured_media":11036,"template":"","meta":[],"product_brand":[],"product_cat":[669],"product_tag":[],"class_list":{"0":"post-11037","1":"product","2":"type-product","3":"status-publish","4":"has-post-thumbnail","6":"product_cat-eyebrow-pencil","8":"first","9":"instock","10":"taxable","11":"shipping-taxable","12":"purchasable","13":"product-type-simple"},"yoast_head":"<!-- This site is optimized with the Yoast SEO plugin v24.4 - https:\/\/yoast.com\/wordpress\/plugins\/seo\/ -->\n<title>CLARESA BROWMANCE ultra slim -kulmakyn\u00e4, automaattinen kulmakyn\u00e4 01 soft brown | Valika<\/title>\n<meta name=\"robots\" content=\"index, follow, max-snippet:-1, max-image-preview:large, max-video-preview:-1\" \/>\n<link rel=\"canonical\" href=\"https:\/\/valika.eu\/fi\/toode\/claresa-browmance-ultra-slim-pliiats-automaatne-kulmupliiats-01-soft-brown\/\" \/>\n<meta property=\"og:locale\" content=\"fi_FI\" \/>\n<meta property=\"og:type\" content=\"article\" \/>\n<meta property=\"og:title\" content=\"CLARESA BROWMANCE ultra slim -kulmakyn\u00e4, automaattinen kulmakyn\u00e4 01 soft brown | Valika\" \/>\n<meta property=\"og:description\" content=\"Claresa ULTRA-THIN EYEBROW PENCIL BROWMANCE Ultraohuen kyn\u00e4n, jossa on kermainen koostumus ja k\u00e4tev\u00e4 harja, avulla kulmakarvojen muotoilu on lastenleikki\u00e4! Eritt\u00e4in\" \/>\n<meta property=\"og:url\" content=\"https:\/\/valika.eu\/fi\/toode\/claresa-browmance-ultra-slim-pliiats-automaatne-kulmupliiats-01-soft-brown\/\" \/>\n<meta property=\"og:site_name\" content=\"Valika\" \/>\n<meta property=\"article:publisher\" content=\"https:\/\/www.facebook.com\/tipsi.net\" \/>\n<meta property=\"article:modified_time\" content=\"2025-07-02T02:03:17+00:00\" \/>\n<meta property=\"og:image\" content=\"https:\/\/valika.eu\/wp-content\/uploads\/2025\/01\/6248.jpg\" \/>\n\t<meta property=\"og:image:width\" content=\"1500\" \/>\n\t<meta property=\"og:image:height\" content=\"1500\" \/>\n\t<meta property=\"og:image:type\" content=\"image\/jpeg\" \/>\n<meta name=\"twitter:card\" content=\"summary_large_image\" \/>\n<script type=\"application\/ld+json\" class=\"yoast-schema-graph\">{\"@context\":\"https:\/\/schema.org\",\"@graph\":[{\"@type\":\"WebPage\",\"@id\":\"https:\/\/valika.eu\/fi\/toode\/claresa-browmance-ultra-slim-pliiats-automaatne-kulmupliiats-01-soft-brown\/\",\"url\":\"https:\/\/valika.eu\/fi\/toode\/claresa-browmance-ultra-slim-pliiats-automaatne-kulmupliiats-01-soft-brown\/\",\"name\":\"CLARESA BROWMANCE ultra slim -kulmakyn\u00e4, automaattinen kulmakyn\u00e4 01 soft brown | Valika\",\"isPartOf\":{\"@id\":\"https:\/\/valika.eu\/fi\/#website\"},\"primaryImageOfPage\":{\"@id\":\"https:\/\/valika.eu\/fi\/toode\/claresa-browmance-ultra-slim-pliiats-automaatne-kulmupliiats-01-soft-brown\/#primaryimage\"},\"image\":{\"@id\":\"https:\/\/valika.eu\/toode\/claresa-browmance-ultra-slim-pliiats-automaatne-kulmupliiats-01-soft-brown\/#primaryimage\"},\"thumbnailUrl\":\"https:\/\/valika.eu\/wp-content\/uploads\/2025\/01\/6248.jpg\",\"datePublished\":\"2025-01-09T04:11:18+00:00\",\"dateModified\":\"2025-07-02T02:03:17+00:00\",\"breadcrumb\":{\"@id\":\"https:\/\/valika.eu\/fi\/toode\/claresa-browmance-ultra-slim-pliiats-automaatne-kulmupliiats-01-soft-brown\/#breadcrumb\"},\"inLanguage\":\"fi\",\"potentialAction\":[{\"@type\":\"ReadAction\",\"target\":[[\"https:\/\/valika.eu\/fi\/toode\/claresa-browmance-ultra-slim-pliiats-automaatne-kulmupliiats-01-soft-brown\/\"]]}]},{\"@type\":\"ImageObject\",\"inLanguage\":\"fi\",\"@id\":\"https:\/\/valika.eu\/fi\/toode\/claresa-browmance-ultra-slim-pliiats-automaatne-kulmupliiats-01-soft-brown\/#primaryimage\",\"url\":\"https:\/\/valika.eu\/wp-content\/uploads\/2025\/01\/6248.jpg\",\"contentUrl\":\"https:\/\/valika.eu\/wp-content\/uploads\/2025\/01\/6248.jpg\",\"width\":1500,\"height\":1500},{\"@type\":\"BreadcrumbList\",\"@id\":\"https:\/\/valika.eu\/fi\/toode\/claresa-browmance-ultra-slim-pliiats-automaatne-kulmupliiats-01-soft-brown\/#breadcrumb\",\"itemListElement\":[{\"@type\":\"ListItem\",\"position\":1,\"name\":\"Koti\",\"item\":\"https:\/\/valika.eu\/fi\/\"},{\"@type\":\"ListItem\",\"position\":2,\"name\":\"Shop\",\"item\":\"https:\/\/valika.eu\/fi\/\"},{\"@type\":\"ListItem\",\"position\":3,\"name\":\"CLARESA BROWMANCE ultra slim pencil automatic eyebrow pencil 01 soft brown\"}]},{\"@type\":\"WebSite\",\"@id\":\"https:\/\/valika.eu\/fi\/#website\",\"url\":\"https:\/\/valika.eu\/fi\/\",\"name\":\"Valika.eu\",\"description\":\"Salonkituotteet ja kauneudenhoitotuotteet - Valika tarjoaa laajan valikoiman tuotteita ja tarvikkeita kynsiteknikoille, kauneushoitoloille, kampaamoille ja kampaamoille.\",\"publisher\":{\"@id\":\"https:\/\/valika.eu\/fi\/#organization\"},\"alternateName\":\"Valika\",\"potentialAction\":[{\"@type\":\"SearchAction\",\"target\":{\"@type\":\"EntryPoint\",\"urlTemplate\":\"https:\/\/valika.eu\/fi\/?s={search_term_string}\"},\"query-input\":{\"@type\":\"PropertyValueSpecification\",\"valueRequired\":true,\"valueName\":\"search_term_string\"}}],\"inLanguage\":\"fi\"},{\"@type\":\"Organization\",\"@id\":\"https:\/\/valika.eu\/fi\/#organization\",\"name\":\"Salongitoode O\u00dc\",\"alternateName\":\"Valika\",\"url\":\"https:\/\/valika.eu\/fi\/\",\"logo\":{\"@type\":\"ImageObject\",\"inLanguage\":\"fi\",\"@id\":\"https:\/\/valika.eu\/fi\/#\/schema\/logo\/image\/\",\"url\":\"https:\/\/valika.eu\/wp-content\/uploads\/2023\/11\/logo2-valika-footer.png\",\"contentUrl\":\"https:\/\/valika.eu\/wp-content\/uploads\/2023\/11\/logo2-valika-footer.png\",\"width\":200,\"height\":129,\"caption\":\"Salongitoode O\u00dc\"},\"image\":{\"@id\":\"https:\/\/valika.eu\/fi\/#\/schema\/logo\/image\/\"},\"sameAs\":[\"https:\/\/www.facebook.com\/tipsi.net\"]}]}<\/script>\n<!-- \/ Yoast SEO plugin. -->","yoast_head_json":{"title":"CLARESA BROWMANCE ultra slim -kulmakyn\u00e4, automaattinen kulmakyn\u00e4 01 soft brown | Valika","robots":{"index":"index","follow":"follow","max-snippet":"max-snippet:-1","max-image-preview":"max-image-preview:large","max-video-preview":"max-video-preview:-1"},"canonical":"https:\/\/valika.eu\/fi\/toode\/claresa-browmance-ultra-slim-pliiats-automaatne-kulmupliiats-01-soft-brown\/","og_locale":"fi_FI","og_type":"article","og_title":"CLARESA BROWMANCE ultra slim -kulmakyn\u00e4, automaattinen kulmakyn\u00e4 01 soft brown | Valika","og_description":"Claresa ULTRA-THIN EYEBROW PENCIL BROWMANCE Ultraohuen kyn\u00e4n, jossa on kermainen koostumus ja k\u00e4tev\u00e4 harja, avulla kulmakarvojen muotoilu on lastenleikki\u00e4! Eritt\u00e4in","og_url":"https:\/\/valika.eu\/fi\/toode\/claresa-browmance-ultra-slim-pliiats-automaatne-kulmupliiats-01-soft-brown\/","og_site_name":"Valika","article_publisher":"https:\/\/www.facebook.com\/tipsi.net","article_modified_time":"2025-07-02T02:03:17+00:00","og_image":[{"width":1500,"height":1500,"url":"https:\/\/valika.eu\/wp-content\/uploads\/2025\/01\/6248.jpg","type":"image\/jpeg"}],"twitter_card":"summary_large_image","schema":{"@context":"https:\/\/schema.org","@graph":[{"@type":"WebPage","@id":"https:\/\/valika.eu\/fi\/toode\/claresa-browmance-ultra-slim-pliiats-automaatne-kulmupliiats-01-soft-brown\/","url":"https:\/\/valika.eu\/fi\/toode\/claresa-browmance-ultra-slim-pliiats-automaatne-kulmupliiats-01-soft-brown\/","name":"CLARESA BROWMANCE ultra slim -kulmakyn\u00e4, automaattinen kulmakyn\u00e4 01 soft brown | Valika","isPartOf":{"@id":"https:\/\/valika.eu\/fi\/#website"},"primaryImageOfPage":{"@id":"https:\/\/valika.eu\/fi\/toode\/claresa-browmance-ultra-slim-pliiats-automaatne-kulmupliiats-01-soft-brown\/#primaryimage"},"image":{"@id":"https:\/\/valika.eu\/toode\/claresa-browmance-ultra-slim-pliiats-automaatne-kulmupliiats-01-soft-brown\/#primaryimage"},"thumbnailUrl":"https:\/\/valika.eu\/wp-content\/uploads\/2025\/01\/6248.jpg","datePublished":"2025-01-09T04:11:18+00:00","dateModified":"2025-07-02T02:03:17+00:00","breadcrumb":{"@id":"https:\/\/valika.eu\/fi\/toode\/claresa-browmance-ultra-slim-pliiats-automaatne-kulmupliiats-01-soft-brown\/#breadcrumb"},"inLanguage":"fi","potentialAction":[{"@type":"ReadAction","target":[["https:\/\/valika.eu\/fi\/toode\/claresa-browmance-ultra-slim-pliiats-automaatne-kulmupliiats-01-soft-brown\/"]]}]},{"@type":"ImageObject","inLanguage":"fi","@id":"https:\/\/valika.eu\/fi\/toode\/claresa-browmance-ultra-slim-pliiats-automaatne-kulmupliiats-01-soft-brown\/#primaryimage","url":"https:\/\/valika.eu\/wp-content\/uploads\/2025\/01\/6248.jpg","contentUrl":"https:\/\/valika.eu\/wp-content\/uploads\/2025\/01\/6248.jpg","width":1500,"height":1500},{"@type":"BreadcrumbList","@id":"https:\/\/valika.eu\/fi\/toode\/claresa-browmance-ultra-slim-pliiats-automaatne-kulmupliiats-01-soft-brown\/#breadcrumb","itemListElement":[{"@type":"ListItem","position":1,"name":"Koti","item":"https:\/\/valika.eu\/fi\/"},{"@type":"ListItem","position":2,"name":"Shop","item":"https:\/\/valika.eu\/fi\/"},{"@type":"ListItem","position":3,"name":"CLARESA BROWMANCE ultra slim pencil automatic eyebrow pencil 01 soft brown"}]},{"@type":"WebSite","@id":"https:\/\/valika.eu\/fi\/#website","url":"https:\/\/valika.eu\/fi\/","name":"Valika.eu","description":"Salonkituotteet ja kauneudenhoitotuotteet - Valika tarjoaa laajan valikoiman tuotteita ja tarvikkeita kynsiteknikoille, kauneushoitoloille, kampaamoille ja kampaamoille.","publisher":{"@id":"https:\/\/valika.eu\/fi\/#organization"},"alternateName":"Valika","potentialAction":[{"@type":"SearchAction","target":{"@type":"EntryPoint","urlTemplate":"https:\/\/valika.eu\/fi\/?s={search_term_string}"},"query-input":{"@type":"PropertyValueSpecification","valueRequired":true,"valueName":"search_term_string"}}],"inLanguage":"fi"},{"@type":"Organization","@id":"https:\/\/valika.eu\/fi\/#organization","name":"Salongitoode O\u00dc","alternateName":"Valika","url":"https:\/\/valika.eu\/fi\/","logo":{"@type":"ImageObject","inLanguage":"fi","@id":"https:\/\/valika.eu\/fi\/#\/schema\/logo\/image\/","url":"https:\/\/valika.eu\/wp-content\/uploads\/2023\/11\/logo2-valika-footer.png","contentUrl":"https:\/\/valika.eu\/wp-content\/uploads\/2023\/11\/logo2-valika-footer.png","width":200,"height":129,"caption":"Salongitoode O\u00dc"},"image":{"@id":"https:\/\/valika.eu\/fi\/#\/schema\/logo\/image\/"},"sameAs":["https:\/\/www.facebook.com\/tipsi.net"]}]}},"jetpack_sharing_enabled":true,"_links":{"self":[{"href":"https:\/\/valika.eu\/fi\/wp-json\/wp\/v2\/product\/11037","targetHints":{"allow":["GET"]}}],"collection":[{"href":"https:\/\/valika.eu\/fi\/wp-json\/wp\/v2\/product"}],"about":[{"href":"https:\/\/valika.eu\/fi\/wp-json\/wp\/v2\/types\/product"}],"wp:featuredmedia":[{"embeddable":true,"href":"https:\/\/valika.eu\/fi\/wp-json\/wp\/v2\/media\/11036"}],"wp:attachment":[{"href":"https:\/\/valika.eu\/fi\/wp-json\/wp\/v2\/media?parent=11037"}],"wp:term":[{"taxonomy":"product_brand","embeddable":true,"href":"https:\/\/valika.eu\/fi\/wp-json\/wp\/v2\/product_brand?post=11037"},{"taxonomy":"product_cat","embeddable":true,"href":"https:\/\/valika.eu\/fi\/wp-json\/wp\/v2\/product_cat?post=11037"},{"taxonomy":"product_tag","embeddable":true,"href":"https:\/\/valika.eu\/fi\/wp-json\/wp\/v2\/product_tag?post=11037"}],"curies":[{"name":"wp","href":"https:\/\/api.w.org\/{rel}","templated":true}]}}