{"id":11052,"date":"2025-01-09T06:11:32","date_gmt":"2025-01-09T04:11:32","guid":{"rendered":"https:\/\/valika.eu\/toode\/claresa-kulmude-lamineerimisgeel-01-true-glue-labipaistev\/"},"modified":"2025-07-02T05:03:17","modified_gmt":"2025-07-02T02:03:17","slug":"claresa-kulmude-lamineerimisgeel-01-true-glue-labipaistev","status":"publish","type":"product","link":"https:\/\/valika.eu\/fi\/toode\/claresa-kulmude-lamineerimisgeel-01-true-glue-labipaistev\/","title":{"rendered":"Claresa Kulmageeli kulmakarvoille 01 TRUE GLUE! l\u00e4pin\u00e4kyv\u00e4"},"content":{"rendered":"<p><\/p>\n<p><strong>T\u00c4YDELLINEN LIIMA!<\/strong><\/p>\n<\/p>\n<p><strong>Pitk\u00e4kestoinen kulmakarvojen muotoilugeeli<\/strong><\/p>\n<p>Ota kulmakarvasi hallintaan TRUE GLUE:lla! L\u00e4pin\u00e4kyv\u00e4 kulmakarvojen muotoilugeeli kesytt\u00e4\u00e4 jopa itsep\u00e4isimm\u00e4t karvat ja korostaa niiden v\u00e4ri\u00e4. Eritt\u00e4in kevyt koostumus levittyy t\u00e4ydellisesti k\u00e4tev\u00e4n harjan ansiosta ja mahdollistaa luonnollisesti hoidettujen kulmakarvojen vaikutelman saavuttamisen sek\u00e4 meikin maksimaalisen kiinnitt\u00e4misen muiden tuotteiden avulla.<\/p>\n<\/p>\n<p><strong>HAUSKA FAKTA<\/strong><\/p>\n<p>True Glue:n vegaaninen koostumus on rikastettu aloe-uutteella, joka kosteuttaa, hoitaa ja uudistaa karvoja. Mukana oleva pantenoli, joka tunnetaan my\u00f6s provitamiini B5:n\u00e4, huolehtii lis\u00e4ksi karvoista, vahvistaa ja uudistaa niiden rakennetta.<\/p>\n<\/p>\n<p><strong>K\u00c4YTT\u00d6<\/strong><\/p>\n<p>Harjaa kulmakarvasi v\u00e4ritt\u00f6m\u00e4ll\u00e4 geelill\u00e4 meikin viimeistelyn j\u00e4lkeen kiinnitt\u00e4\u00e4ksesi ne tai k\u00e4yt\u00e4 sit\u00e4 sellaisenaan. K\u00e4tev\u00e4 harja mahdollistaa karvojen asettamisen haluttuun suuntaan.<\/p>\n<\/p>\n<p><strong>MEIKKITAITEILIJAN VINKKI<\/strong><\/p>\n<p>Haluatko kuuman ilmeen ja luonnollisen n\u00e4k\u00f6iset kulmakarvat? Harjaa karvat yl\u00f6sp\u00e4in ja nauti vaikutuksesta kuin kulmakarvojen laminoinnin j\u00e4lkeen True Glue:lla!<\/p>\n<p> <img loading=\"lazy\" decoding=\"async\" src=\"\/userdata\/public\/assets\/\/Claresa-True-Glue-Brow-Gel-FB-min.jpg\" alt=\"kulmakarvageeli\" width=\"1200\" height=\"1200\" \/><\/p>\n<p><\/p>","protected":false},"excerpt":{"rendered":"<p>T\u00c4YDELLINEN LIIMA! Pitk\u00e4kestoinen kulmakarvojen muotoilugeeli Ota kulmakarvasi hallintaan TRUE GLUE:lla! L\u00e4pin\u00e4kyv\u00e4 kulmakarvojen muotoilugeeli kesytt\u00e4\u00e4 jopa itsep\u00e4isimm\u00e4t karvat ja korostaa niiden<\/p>\n","protected":false},"featured_media":11051,"template":"","meta":[],"product_brand":[],"product_cat":[670],"product_tag":[],"class_list":{"0":"post-11052","1":"product","2":"type-product","3":"status-publish","4":"has-post-thumbnail","6":"product_cat-eyebrow-gel","8":"first","9":"instock","10":"taxable","11":"shipping-taxable","12":"purchasable","13":"product-type-simple"},"yoast_head":"<!-- This site is optimized with the Yoast SEO plugin v24.4 - https:\/\/yoast.com\/wordpress\/plugins\/seo\/ -->\n<title>Claresa Kulmageeli kulmakarvoille 01 TRUE GLUE! l\u00e4pin\u00e4kyv\u00e4 | Valika<\/title>\n<meta name=\"robots\" content=\"index, follow, max-snippet:-1, max-image-preview:large, max-video-preview:-1\" \/>\n<link rel=\"canonical\" href=\"https:\/\/valika.eu\/fi\/toode\/claresa-kulmude-lamineerimisgeel-01-true-glue-labipaistev\/\" \/>\n<meta property=\"og:locale\" content=\"fi_FI\" \/>\n<meta property=\"og:type\" content=\"article\" \/>\n<meta property=\"og:title\" content=\"Claresa Kulmageeli kulmakarvoille 01 TRUE GLUE! l\u00e4pin\u00e4kyv\u00e4 | Valika\" \/>\n<meta property=\"og:description\" content=\"T\u00c4YDELLINEN LIIMA! Pitk\u00e4kestoinen kulmakarvojen muotoilugeeli Ota kulmakarvasi hallintaan TRUE GLUE:lla! L\u00e4pin\u00e4kyv\u00e4 kulmakarvojen muotoilugeeli kesytt\u00e4\u00e4 jopa itsep\u00e4isimm\u00e4t karvat ja korostaa niiden\" \/>\n<meta property=\"og:url\" content=\"https:\/\/valika.eu\/fi\/toode\/claresa-kulmude-lamineerimisgeel-01-true-glue-labipaistev\/\" \/>\n<meta property=\"og:site_name\" content=\"Valika\" \/>\n<meta property=\"article:publisher\" content=\"https:\/\/www.facebook.com\/tipsi.net\" \/>\n<meta property=\"article:modified_time\" content=\"2025-07-02T02:03:17+00:00\" \/>\n<meta property=\"og:image\" content=\"https:\/\/valika.eu\/wp-content\/uploads\/2025\/01\/3684.jpg\" \/>\n\t<meta property=\"og:image:width\" content=\"1500\" \/>\n\t<meta property=\"og:image:height\" content=\"1500\" \/>\n\t<meta property=\"og:image:type\" content=\"image\/jpeg\" \/>\n<meta name=\"twitter:card\" content=\"summary_large_image\" \/>\n<script type=\"application\/ld+json\" class=\"yoast-schema-graph\">{\"@context\":\"https:\/\/schema.org\",\"@graph\":[{\"@type\":\"WebPage\",\"@id\":\"https:\/\/valika.eu\/fi\/toode\/claresa-kulmude-lamineerimisgeel-01-true-glue-labipaistev\/\",\"url\":\"https:\/\/valika.eu\/fi\/toode\/claresa-kulmude-lamineerimisgeel-01-true-glue-labipaistev\/\",\"name\":\"Claresa Kulmageeli kulmakarvoille 01 TRUE GLUE! l\u00e4pin\u00e4kyv\u00e4 | Valika\",\"isPartOf\":{\"@id\":\"https:\/\/valika.eu\/fi\/#website\"},\"primaryImageOfPage\":{\"@id\":\"https:\/\/valika.eu\/fi\/toode\/claresa-kulmude-lamineerimisgeel-01-true-glue-labipaistev\/#primaryimage\"},\"image\":{\"@id\":\"https:\/\/valika.eu\/toode\/claresa-kulmude-lamineerimisgeel-01-true-glue-labipaistev\/#primaryimage\"},\"thumbnailUrl\":\"https:\/\/valika.eu\/wp-content\/uploads\/2025\/01\/3684.jpg\",\"datePublished\":\"2025-01-09T04:11:32+00:00\",\"dateModified\":\"2025-07-02T02:03:17+00:00\",\"breadcrumb\":{\"@id\":\"https:\/\/valika.eu\/fi\/toode\/claresa-kulmude-lamineerimisgeel-01-true-glue-labipaistev\/#breadcrumb\"},\"inLanguage\":\"fi\",\"potentialAction\":[{\"@type\":\"ReadAction\",\"target\":[[\"https:\/\/valika.eu\/fi\/toode\/claresa-kulmude-lamineerimisgeel-01-true-glue-labipaistev\/\"]]}]},{\"@type\":\"ImageObject\",\"inLanguage\":\"fi\",\"@id\":\"https:\/\/valika.eu\/fi\/toode\/claresa-kulmude-lamineerimisgeel-01-true-glue-labipaistev\/#primaryimage\",\"url\":\"https:\/\/valika.eu\/wp-content\/uploads\/2025\/01\/3684.jpg\",\"contentUrl\":\"https:\/\/valika.eu\/wp-content\/uploads\/2025\/01\/3684.jpg\",\"width\":1500,\"height\":1500},{\"@type\":\"BreadcrumbList\",\"@id\":\"https:\/\/valika.eu\/fi\/toode\/claresa-kulmude-lamineerimisgeel-01-true-glue-labipaistev\/#breadcrumb\",\"itemListElement\":[{\"@type\":\"ListItem\",\"position\":1,\"name\":\"Koti\",\"item\":\"https:\/\/valika.eu\/fi\/\"},{\"@type\":\"ListItem\",\"position\":2,\"name\":\"Shop\",\"item\":\"https:\/\/valika.eu\/fi\/\"},{\"@type\":\"ListItem\",\"position\":3,\"name\":\"Claresa Brow Lamination Gel 01 TRUE GLUE! transparent\"}]},{\"@type\":\"WebSite\",\"@id\":\"https:\/\/valika.eu\/fi\/#website\",\"url\":\"https:\/\/valika.eu\/fi\/\",\"name\":\"Valika.eu\",\"description\":\"Salonkituotteet ja kauneudenhoitotuotteet - Valika tarjoaa laajan valikoiman tuotteita ja tarvikkeita kynsiteknikoille, kauneushoitoloille, kampaamoille ja kampaamoille.\",\"publisher\":{\"@id\":\"https:\/\/valika.eu\/fi\/#organization\"},\"alternateName\":\"Valika\",\"potentialAction\":[{\"@type\":\"SearchAction\",\"target\":{\"@type\":\"EntryPoint\",\"urlTemplate\":\"https:\/\/valika.eu\/fi\/?s={search_term_string}\"},\"query-input\":{\"@type\":\"PropertyValueSpecification\",\"valueRequired\":true,\"valueName\":\"search_term_string\"}}],\"inLanguage\":\"fi\"},{\"@type\":\"Organization\",\"@id\":\"https:\/\/valika.eu\/fi\/#organization\",\"name\":\"Salongitoode O\u00dc\",\"alternateName\":\"Valika\",\"url\":\"https:\/\/valika.eu\/fi\/\",\"logo\":{\"@type\":\"ImageObject\",\"inLanguage\":\"fi\",\"@id\":\"https:\/\/valika.eu\/fi\/#\/schema\/logo\/image\/\",\"url\":\"https:\/\/valika.eu\/wp-content\/uploads\/2023\/11\/logo2-valika-footer.png\",\"contentUrl\":\"https:\/\/valika.eu\/wp-content\/uploads\/2023\/11\/logo2-valika-footer.png\",\"width\":200,\"height\":129,\"caption\":\"Salongitoode O\u00dc\"},\"image\":{\"@id\":\"https:\/\/valika.eu\/fi\/#\/schema\/logo\/image\/\"},\"sameAs\":[\"https:\/\/www.facebook.com\/tipsi.net\"]}]}<\/script>\n<!-- \/ Yoast SEO plugin. -->","yoast_head_json":{"title":"Claresa Kulmageeli kulmakarvoille 01 TRUE GLUE! l\u00e4pin\u00e4kyv\u00e4 | Valika","robots":{"index":"index","follow":"follow","max-snippet":"max-snippet:-1","max-image-preview":"max-image-preview:large","max-video-preview":"max-video-preview:-1"},"canonical":"https:\/\/valika.eu\/fi\/toode\/claresa-kulmude-lamineerimisgeel-01-true-glue-labipaistev\/","og_locale":"fi_FI","og_type":"article","og_title":"Claresa Kulmageeli kulmakarvoille 01 TRUE GLUE! l\u00e4pin\u00e4kyv\u00e4 | Valika","og_description":"T\u00c4YDELLINEN LIIMA! Pitk\u00e4kestoinen kulmakarvojen muotoilugeeli Ota kulmakarvasi hallintaan TRUE GLUE:lla! L\u00e4pin\u00e4kyv\u00e4 kulmakarvojen muotoilugeeli kesytt\u00e4\u00e4 jopa itsep\u00e4isimm\u00e4t karvat ja korostaa niiden","og_url":"https:\/\/valika.eu\/fi\/toode\/claresa-kulmude-lamineerimisgeel-01-true-glue-labipaistev\/","og_site_name":"Valika","article_publisher":"https:\/\/www.facebook.com\/tipsi.net","article_modified_time":"2025-07-02T02:03:17+00:00","og_image":[{"width":1500,"height":1500,"url":"https:\/\/valika.eu\/wp-content\/uploads\/2025\/01\/3684.jpg","type":"image\/jpeg"}],"twitter_card":"summary_large_image","schema":{"@context":"https:\/\/schema.org","@graph":[{"@type":"WebPage","@id":"https:\/\/valika.eu\/fi\/toode\/claresa-kulmude-lamineerimisgeel-01-true-glue-labipaistev\/","url":"https:\/\/valika.eu\/fi\/toode\/claresa-kulmude-lamineerimisgeel-01-true-glue-labipaistev\/","name":"Claresa Kulmageeli kulmakarvoille 01 TRUE GLUE! l\u00e4pin\u00e4kyv\u00e4 | Valika","isPartOf":{"@id":"https:\/\/valika.eu\/fi\/#website"},"primaryImageOfPage":{"@id":"https:\/\/valika.eu\/fi\/toode\/claresa-kulmude-lamineerimisgeel-01-true-glue-labipaistev\/#primaryimage"},"image":{"@id":"https:\/\/valika.eu\/toode\/claresa-kulmude-lamineerimisgeel-01-true-glue-labipaistev\/#primaryimage"},"thumbnailUrl":"https:\/\/valika.eu\/wp-content\/uploads\/2025\/01\/3684.jpg","datePublished":"2025-01-09T04:11:32+00:00","dateModified":"2025-07-02T02:03:17+00:00","breadcrumb":{"@id":"https:\/\/valika.eu\/fi\/toode\/claresa-kulmude-lamineerimisgeel-01-true-glue-labipaistev\/#breadcrumb"},"inLanguage":"fi","potentialAction":[{"@type":"ReadAction","target":[["https:\/\/valika.eu\/fi\/toode\/claresa-kulmude-lamineerimisgeel-01-true-glue-labipaistev\/"]]}]},{"@type":"ImageObject","inLanguage":"fi","@id":"https:\/\/valika.eu\/fi\/toode\/claresa-kulmude-lamineerimisgeel-01-true-glue-labipaistev\/#primaryimage","url":"https:\/\/valika.eu\/wp-content\/uploads\/2025\/01\/3684.jpg","contentUrl":"https:\/\/valika.eu\/wp-content\/uploads\/2025\/01\/3684.jpg","width":1500,"height":1500},{"@type":"BreadcrumbList","@id":"https:\/\/valika.eu\/fi\/toode\/claresa-kulmude-lamineerimisgeel-01-true-glue-labipaistev\/#breadcrumb","itemListElement":[{"@type":"ListItem","position":1,"name":"Koti","item":"https:\/\/valika.eu\/fi\/"},{"@type":"ListItem","position":2,"name":"Shop","item":"https:\/\/valika.eu\/fi\/"},{"@type":"ListItem","position":3,"name":"Claresa Brow Lamination Gel 01 TRUE GLUE! transparent"}]},{"@type":"WebSite","@id":"https:\/\/valika.eu\/fi\/#website","url":"https:\/\/valika.eu\/fi\/","name":"Valika.eu","description":"Salonkituotteet ja kauneudenhoitotuotteet - Valika tarjoaa laajan valikoiman tuotteita ja tarvikkeita kynsiteknikoille, kauneushoitoloille, kampaamoille ja kampaamoille.","publisher":{"@id":"https:\/\/valika.eu\/fi\/#organization"},"alternateName":"Valika","potentialAction":[{"@type":"SearchAction","target":{"@type":"EntryPoint","urlTemplate":"https:\/\/valika.eu\/fi\/?s={search_term_string}"},"query-input":{"@type":"PropertyValueSpecification","valueRequired":true,"valueName":"search_term_string"}}],"inLanguage":"fi"},{"@type":"Organization","@id":"https:\/\/valika.eu\/fi\/#organization","name":"Salongitoode O\u00dc","alternateName":"Valika","url":"https:\/\/valika.eu\/fi\/","logo":{"@type":"ImageObject","inLanguage":"fi","@id":"https:\/\/valika.eu\/fi\/#\/schema\/logo\/image\/","url":"https:\/\/valika.eu\/wp-content\/uploads\/2023\/11\/logo2-valika-footer.png","contentUrl":"https:\/\/valika.eu\/wp-content\/uploads\/2023\/11\/logo2-valika-footer.png","width":200,"height":129,"caption":"Salongitoode O\u00dc"},"image":{"@id":"https:\/\/valika.eu\/fi\/#\/schema\/logo\/image\/"},"sameAs":["https:\/\/www.facebook.com\/tipsi.net"]}]}},"jetpack_sharing_enabled":true,"_links":{"self":[{"href":"https:\/\/valika.eu\/fi\/wp-json\/wp\/v2\/product\/11052","targetHints":{"allow":["GET"]}}],"collection":[{"href":"https:\/\/valika.eu\/fi\/wp-json\/wp\/v2\/product"}],"about":[{"href":"https:\/\/valika.eu\/fi\/wp-json\/wp\/v2\/types\/product"}],"wp:featuredmedia":[{"embeddable":true,"href":"https:\/\/valika.eu\/fi\/wp-json\/wp\/v2\/media\/11051"}],"wp:attachment":[{"href":"https:\/\/valika.eu\/fi\/wp-json\/wp\/v2\/media?parent=11052"}],"wp:term":[{"taxonomy":"product_brand","embeddable":true,"href":"https:\/\/valika.eu\/fi\/wp-json\/wp\/v2\/product_brand?post=11052"},{"taxonomy":"product_cat","embeddable":true,"href":"https:\/\/valika.eu\/fi\/wp-json\/wp\/v2\/product_cat?post=11052"},{"taxonomy":"product_tag","embeddable":true,"href":"https:\/\/valika.eu\/fi\/wp-json\/wp\/v2\/product_tag?post=11052"}],"curies":[{"name":"wp","href":"https:\/\/api.w.org\/{rel}","templated":true}]}}