{"id":11057,"date":"2025-01-09T06:11:36","date_gmt":"2025-01-09T04:11:36","guid":{"rendered":"https:\/\/valika.eu\/toode\/claresa-kulmuseep-brow-soap\/"},"modified":"2026-01-20T10:14:06","modified_gmt":"2026-01-20T08:14:06","slug":"claresa-kulmuseep-brow-soap","status":"publish","type":"product","link":"https:\/\/valika.eu\/fi\/toode\/claresa-kulmuseep-brow-soap\/","title":{"rendered":"Claresa Kulmakarvasaippua Brow SO(AP)!"},"content":{"rendered":"<p><\/p>\n<p><strong>BROW SO(AP)! Kulmien muotoilusaippua<\/strong><\/p>\n<p>Universaali, vegaaninen kulmien muotoilusaippua kesytt\u00e4\u00e4 kurittomat karvat, nostaa ne ja asettaa niiden muodon. L\u00e4pin\u00e4kyv\u00e4 koostumus, joka sopii kaikille ihons\u00e4vyille ja kulmav\u00e4reille, on geelim\u00e4inen ja mahdollistaa trendikk\u00e4\u00e4n t\u00e4ytel\u00e4isen kulmaefektin, joka pysyy koko p\u00e4iv\u00e4n ilman ep\u00e4luonnollista j\u00e4ykkyytt\u00e4. BROW SO(AP)! on helppo ja k\u00e4tev\u00e4 levitt\u00e4\u00e4, eik\u00e4 se vaadi veden k\u00e4ytt\u00f6\u00e4. Saippuaa voidaan k\u00e4ytt\u00e4\u00e4 yksin\u00e4\u00e4n tai mink\u00e4 tahansa kulmameikkituotteen kanssa.<\/p>\n<p><strong>HAUSKA FAKTA<\/strong><\/p>\n<p>Tuote on rikastettu glyseriinill\u00e4, joka hygroskooppisten, voitelevien ja uudistavien ominaisuuksiensa ansiosta antaa karvoille pehmeytt\u00e4 ja joustavuutta, kosteuttaa ja suojaa niit\u00e4 ulkoisten tekij\u00f6iden haitallisilta vaikutuksilta.<\/p>\n<p><strong>SOVELLUS<\/strong><\/p>\n<p>Harjaa kulmasi spoolie-harjalla valmistaaksesi ne tuotteen levitykseen. Ota sopiva m\u00e4\u00e4r\u00e4 tuotetta harjaan ja levit\u00e4 se kulmiin yl\u00f6sp\u00e4in suuntautuvin liikkein, painaen sit\u00e4 kevyesti karvoihin. Muotoile kulmat suuntaamalla ne kohti niiden ulkop\u00e4\u00e4t\u00e4. Harjaa ylim\u00e4\u00e4r\u00e4inen saippua pois puhtaalla spoolie-harjalla. BROW SO(AP)! voidaan k\u00e4ytt\u00e4\u00e4 aiemmin meikatuilla kulmilla tai t\u00e4ytt\u00e4m\u00e4\u00e4n aukkoja sen levityksen j\u00e4lkeen.<\/p>\n<p><strong>MEIKKITAITEILIJAN VINKKI<\/strong><\/p>\n<p>V\u00e4ltt\u00e4\u00e4ksesi liiallisen saippuan levitt\u00e4misen suoraan kulmiin, levit\u00e4 tuote ensin kannelle tai k\u00e4mmensel\u00e4lle, kun olet ottanut sen applikaattorilla.<\/p>\n<\/p>\n<p><strong>Kapasiteetti: <\/strong>30ml<\/p>\n<p><strong>INCI:<\/strong> Aqua, Steareth-21, Glycerin, PVP, Parfum, Phenoxyethanol, Ethylhexylglycerin.<\/p>\n<\/p>\n<p><img loading=\"lazy\" decoding=\"async\" src=\"\/userdata\/public\/assets\/\/Claresa-Brow-Soap-mydlo-do-brwi.webp\" alt=\"kulmasaippua\" width=\"1200\" height=\"1200\" \/><\/p>\n<div class=\"video-container\"><\/div>\n<p><\/p>","protected":false},"excerpt":{"rendered":"<p>BROW SO(AP)! Kulmien muotoilusaippua Universaali, vegaaninen kulmien muotoilusaippua kesytt\u00e4\u00e4 kurittomat karvat, nostaa ne ja asettaa niiden muodon. L\u00e4pin\u00e4kyv\u00e4 koostumus, joka<\/p>\n","protected":false},"featured_media":11056,"template":"","meta":[],"product_brand":[],"product_cat":[670],"product_tag":[],"class_list":{"0":"post-11057","1":"product","2":"type-product","3":"status-publish","4":"has-post-thumbnail","6":"product_cat-eyebrow-gel","8":"first","9":"instock","10":"taxable","11":"shipping-taxable","12":"purchasable","13":"product-type-simple"},"yoast_head":"<!-- This site is optimized with the Yoast SEO plugin v24.4 - https:\/\/yoast.com\/wordpress\/plugins\/seo\/ -->\n<title>Claresa Kulmakarvasaippua Brow SO(AP)! | Valika<\/title>\n<meta name=\"robots\" content=\"index, follow, max-snippet:-1, max-image-preview:large, max-video-preview:-1\" \/>\n<link rel=\"canonical\" href=\"https:\/\/valika.eu\/fi\/toode\/claresa-kulmuseep-brow-soap\/\" \/>\n<meta property=\"og:locale\" content=\"fi_FI\" \/>\n<meta property=\"og:type\" content=\"article\" \/>\n<meta property=\"og:title\" content=\"Claresa Kulmakarvasaippua Brow SO(AP)! | Valika\" \/>\n<meta property=\"og:description\" content=\"BROW SO(AP)! Kulmien muotoilusaippua Universaali, vegaaninen kulmien muotoilusaippua kesytt\u00e4\u00e4 kurittomat karvat, nostaa ne ja asettaa niiden muodon. L\u00e4pin\u00e4kyv\u00e4 koostumus, joka\" \/>\n<meta property=\"og:url\" content=\"https:\/\/valika.eu\/fi\/toode\/claresa-kulmuseep-brow-soap\/\" \/>\n<meta property=\"og:site_name\" content=\"Valika\" \/>\n<meta property=\"article:publisher\" content=\"https:\/\/www.facebook.com\/tipsi.net\" \/>\n<meta property=\"article:modified_time\" content=\"2026-01-20T08:14:06+00:00\" \/>\n<meta property=\"og:image\" content=\"https:\/\/valika.eu\/wp-content\/uploads\/2025\/01\/5461.jpg\" \/>\n\t<meta property=\"og:image:width\" content=\"1500\" \/>\n\t<meta property=\"og:image:height\" content=\"1500\" \/>\n\t<meta property=\"og:image:type\" content=\"image\/jpeg\" \/>\n<meta name=\"twitter:card\" content=\"summary_large_image\" \/>\n<script type=\"application\/ld+json\" class=\"yoast-schema-graph\">{\"@context\":\"https:\/\/schema.org\",\"@graph\":[{\"@type\":\"WebPage\",\"@id\":\"https:\/\/valika.eu\/fi\/toode\/claresa-kulmuseep-brow-soap\/\",\"url\":\"https:\/\/valika.eu\/fi\/toode\/claresa-kulmuseep-brow-soap\/\",\"name\":\"Claresa Kulmakarvasaippua Brow SO(AP)! | Valika\",\"isPartOf\":{\"@id\":\"https:\/\/valika.eu\/fi\/#website\"},\"primaryImageOfPage\":{\"@id\":\"https:\/\/valika.eu\/fi\/toode\/claresa-kulmuseep-brow-soap\/#primaryimage\"},\"image\":{\"@id\":\"https:\/\/valika.eu\/toode\/claresa-kulmuseep-brow-soap\/#primaryimage\"},\"thumbnailUrl\":\"https:\/\/valika.eu\/wp-content\/uploads\/2025\/01\/5461.jpg\",\"datePublished\":\"2025-01-09T04:11:36+00:00\",\"dateModified\":\"2026-01-20T08:14:06+00:00\",\"breadcrumb\":{\"@id\":\"https:\/\/valika.eu\/fi\/toode\/claresa-kulmuseep-brow-soap\/#breadcrumb\"},\"inLanguage\":\"fi\",\"potentialAction\":[{\"@type\":\"ReadAction\",\"target\":[[\"https:\/\/valika.eu\/fi\/toode\/claresa-kulmuseep-brow-soap\/\"]]}]},{\"@type\":\"ImageObject\",\"inLanguage\":\"fi\",\"@id\":\"https:\/\/valika.eu\/fi\/toode\/claresa-kulmuseep-brow-soap\/#primaryimage\",\"url\":\"https:\/\/valika.eu\/wp-content\/uploads\/2025\/01\/5461.jpg\",\"contentUrl\":\"https:\/\/valika.eu\/wp-content\/uploads\/2025\/01\/5461.jpg\",\"width\":1500,\"height\":1500},{\"@type\":\"BreadcrumbList\",\"@id\":\"https:\/\/valika.eu\/fi\/toode\/claresa-kulmuseep-brow-soap\/#breadcrumb\",\"itemListElement\":[{\"@type\":\"ListItem\",\"position\":1,\"name\":\"Koti\",\"item\":\"https:\/\/valika.eu\/fi\/\"},{\"@type\":\"ListItem\",\"position\":2,\"name\":\"Shop\",\"item\":\"https:\/\/valika.eu\/fi\/\"},{\"@type\":\"ListItem\",\"position\":3,\"name\":\"Claresa Brow Soap Brow SO(AP)!\"}]},{\"@type\":\"WebSite\",\"@id\":\"https:\/\/valika.eu\/fi\/#website\",\"url\":\"https:\/\/valika.eu\/fi\/\",\"name\":\"Valika.eu\",\"description\":\"Salonkituotteet ja kauneudenhoitotuotteet - Valika tarjoaa laajan valikoiman tuotteita ja tarvikkeita kynsiteknikoille, kauneushoitoloille, kampaamoille ja kampaamoille.\",\"publisher\":{\"@id\":\"https:\/\/valika.eu\/fi\/#organization\"},\"alternateName\":\"Valika\",\"potentialAction\":[{\"@type\":\"SearchAction\",\"target\":{\"@type\":\"EntryPoint\",\"urlTemplate\":\"https:\/\/valika.eu\/fi\/?s={search_term_string}\"},\"query-input\":{\"@type\":\"PropertyValueSpecification\",\"valueRequired\":true,\"valueName\":\"search_term_string\"}}],\"inLanguage\":\"fi\"},{\"@type\":\"Organization\",\"@id\":\"https:\/\/valika.eu\/fi\/#organization\",\"name\":\"Salongitoode O\u00dc\",\"alternateName\":\"Valika\",\"url\":\"https:\/\/valika.eu\/fi\/\",\"logo\":{\"@type\":\"ImageObject\",\"inLanguage\":\"fi\",\"@id\":\"https:\/\/valika.eu\/fi\/#\/schema\/logo\/image\/\",\"url\":\"https:\/\/valika.eu\/wp-content\/uploads\/2023\/11\/logo2-valika-footer.png\",\"contentUrl\":\"https:\/\/valika.eu\/wp-content\/uploads\/2023\/11\/logo2-valika-footer.png\",\"width\":200,\"height\":129,\"caption\":\"Salongitoode O\u00dc\"},\"image\":{\"@id\":\"https:\/\/valika.eu\/fi\/#\/schema\/logo\/image\/\"},\"sameAs\":[\"https:\/\/www.facebook.com\/tipsi.net\"]}]}<\/script>\n<!-- \/ Yoast SEO plugin. -->","yoast_head_json":{"title":"Claresa Kulmakarvasaippua Brow SO(AP)! | Valika","robots":{"index":"index","follow":"follow","max-snippet":"max-snippet:-1","max-image-preview":"max-image-preview:large","max-video-preview":"max-video-preview:-1"},"canonical":"https:\/\/valika.eu\/fi\/toode\/claresa-kulmuseep-brow-soap\/","og_locale":"fi_FI","og_type":"article","og_title":"Claresa Kulmakarvasaippua Brow SO(AP)! | Valika","og_description":"BROW SO(AP)! Kulmien muotoilusaippua Universaali, vegaaninen kulmien muotoilusaippua kesytt\u00e4\u00e4 kurittomat karvat, nostaa ne ja asettaa niiden muodon. L\u00e4pin\u00e4kyv\u00e4 koostumus, joka","og_url":"https:\/\/valika.eu\/fi\/toode\/claresa-kulmuseep-brow-soap\/","og_site_name":"Valika","article_publisher":"https:\/\/www.facebook.com\/tipsi.net","article_modified_time":"2026-01-20T08:14:06+00:00","og_image":[{"width":1500,"height":1500,"url":"https:\/\/valika.eu\/wp-content\/uploads\/2025\/01\/5461.jpg","type":"image\/jpeg"}],"twitter_card":"summary_large_image","schema":{"@context":"https:\/\/schema.org","@graph":[{"@type":"WebPage","@id":"https:\/\/valika.eu\/fi\/toode\/claresa-kulmuseep-brow-soap\/","url":"https:\/\/valika.eu\/fi\/toode\/claresa-kulmuseep-brow-soap\/","name":"Claresa Kulmakarvasaippua Brow SO(AP)! | Valika","isPartOf":{"@id":"https:\/\/valika.eu\/fi\/#website"},"primaryImageOfPage":{"@id":"https:\/\/valika.eu\/fi\/toode\/claresa-kulmuseep-brow-soap\/#primaryimage"},"image":{"@id":"https:\/\/valika.eu\/toode\/claresa-kulmuseep-brow-soap\/#primaryimage"},"thumbnailUrl":"https:\/\/valika.eu\/wp-content\/uploads\/2025\/01\/5461.jpg","datePublished":"2025-01-09T04:11:36+00:00","dateModified":"2026-01-20T08:14:06+00:00","breadcrumb":{"@id":"https:\/\/valika.eu\/fi\/toode\/claresa-kulmuseep-brow-soap\/#breadcrumb"},"inLanguage":"fi","potentialAction":[{"@type":"ReadAction","target":[["https:\/\/valika.eu\/fi\/toode\/claresa-kulmuseep-brow-soap\/"]]}]},{"@type":"ImageObject","inLanguage":"fi","@id":"https:\/\/valika.eu\/fi\/toode\/claresa-kulmuseep-brow-soap\/#primaryimage","url":"https:\/\/valika.eu\/wp-content\/uploads\/2025\/01\/5461.jpg","contentUrl":"https:\/\/valika.eu\/wp-content\/uploads\/2025\/01\/5461.jpg","width":1500,"height":1500},{"@type":"BreadcrumbList","@id":"https:\/\/valika.eu\/fi\/toode\/claresa-kulmuseep-brow-soap\/#breadcrumb","itemListElement":[{"@type":"ListItem","position":1,"name":"Koti","item":"https:\/\/valika.eu\/fi\/"},{"@type":"ListItem","position":2,"name":"Shop","item":"https:\/\/valika.eu\/fi\/"},{"@type":"ListItem","position":3,"name":"Claresa Brow Soap Brow SO(AP)!"}]},{"@type":"WebSite","@id":"https:\/\/valika.eu\/fi\/#website","url":"https:\/\/valika.eu\/fi\/","name":"Valika.eu","description":"Salonkituotteet ja kauneudenhoitotuotteet - Valika tarjoaa laajan valikoiman tuotteita ja tarvikkeita kynsiteknikoille, kauneushoitoloille, kampaamoille ja kampaamoille.","publisher":{"@id":"https:\/\/valika.eu\/fi\/#organization"},"alternateName":"Valika","potentialAction":[{"@type":"SearchAction","target":{"@type":"EntryPoint","urlTemplate":"https:\/\/valika.eu\/fi\/?s={search_term_string}"},"query-input":{"@type":"PropertyValueSpecification","valueRequired":true,"valueName":"search_term_string"}}],"inLanguage":"fi"},{"@type":"Organization","@id":"https:\/\/valika.eu\/fi\/#organization","name":"Salongitoode O\u00dc","alternateName":"Valika","url":"https:\/\/valika.eu\/fi\/","logo":{"@type":"ImageObject","inLanguage":"fi","@id":"https:\/\/valika.eu\/fi\/#\/schema\/logo\/image\/","url":"https:\/\/valika.eu\/wp-content\/uploads\/2023\/11\/logo2-valika-footer.png","contentUrl":"https:\/\/valika.eu\/wp-content\/uploads\/2023\/11\/logo2-valika-footer.png","width":200,"height":129,"caption":"Salongitoode O\u00dc"},"image":{"@id":"https:\/\/valika.eu\/fi\/#\/schema\/logo\/image\/"},"sameAs":["https:\/\/www.facebook.com\/tipsi.net"]}]}},"jetpack_sharing_enabled":true,"_links":{"self":[{"href":"https:\/\/valika.eu\/fi\/wp-json\/wp\/v2\/product\/11057","targetHints":{"allow":["GET"]}}],"collection":[{"href":"https:\/\/valika.eu\/fi\/wp-json\/wp\/v2\/product"}],"about":[{"href":"https:\/\/valika.eu\/fi\/wp-json\/wp\/v2\/types\/product"}],"wp:featuredmedia":[{"embeddable":true,"href":"https:\/\/valika.eu\/fi\/wp-json\/wp\/v2\/media\/11056"}],"wp:attachment":[{"href":"https:\/\/valika.eu\/fi\/wp-json\/wp\/v2\/media?parent=11057"}],"wp:term":[{"taxonomy":"product_brand","embeddable":true,"href":"https:\/\/valika.eu\/fi\/wp-json\/wp\/v2\/product_brand?post=11057"},{"taxonomy":"product_cat","embeddable":true,"href":"https:\/\/valika.eu\/fi\/wp-json\/wp\/v2\/product_cat?post=11057"},{"taxonomy":"product_tag","embeddable":true,"href":"https:\/\/valika.eu\/fi\/wp-json\/wp\/v2\/product_tag?post=11057"}],"curies":[{"name":"wp","href":"https:\/\/api.w.org\/{rel}","templated":true}]}}