{"id":11062,"date":"2025-01-09T06:11:41","date_gmt":"2025-01-09T04:11:41","guid":{"rendered":"https:\/\/valika.eu\/toode\/claresa-brow-power-shot-labipaistev-kulmude-stiliseerimisgeel-8g\/"},"modified":"2025-08-08T11:44:48","modified_gmt":"2025-08-08T08:44:48","slug":"claresa-brow-power-shot-labipaistev-kulmude-stiliseerimisgeel-8g","status":"publish","type":"product","link":"https:\/\/valika.eu\/fi\/toode\/claresa-brow-power-shot-labipaistev-kulmude-stiliseerimisgeel-8g\/","title":{"rendered":"CLARESA BROW POWER SHOT l\u00e4pin\u00e4kyv\u00e4 kulmageeli 8g"},"content":{"rendered":"<p>CLARESA BROW POWER SHOT l\u00e4pin\u00e4kyv\u00e4 kulmageeli laminointiefektill\u00e4 ja kofeiinilla<\/p>\n<p>Eritt\u00e4in vahva, l\u00e4pin\u00e4kyv\u00e4 kulmageeli, joka antaa trendikk\u00e4\u00e4n laminointiefektin. Se kesytt\u00e4\u00e4 jopa paksut, kurittomat karvat ja pit\u00e4\u00e4 ne paikoillaan koko p\u00e4iv\u00e4n. Tarkka silikoniharja poimii optimaalisen m\u00e4\u00e4r\u00e4n tuotetta, varmistaen t\u00e4ydellisesti kammatut kulmat ilman paakkuja tai j\u00e4\u00e4mi\u00e4. Ravitseva, nopeasti kuivuva koostumus asettuu mattapintaiseksi, on kosteuden, hien tai sateen kest\u00e4v\u00e4, mutta peseytyy helposti pois tavallisilla meikinpoistoaineilla.<\/p>\n<p>HAUSKA FAKTA<\/p>\n<p>Vegaanisen koostumuksen kofeiini vahvistaa hiusten rakennetta, silottaa sit\u00e4 ja est\u00e4\u00e4 hiustenl\u00e4ht\u00f6\u00e4. Glyseriini ja pantenoli tarjoavat kulmille oikean kosteustason, kun taas aloe-mehu tarjoaa intensiivist\u00e4 uudistumista.<\/p>\n<p>K\u00c4YTT\u00d6<\/p>\n<p>Kampaa kulmasi geelill\u00e4 antaen niille halutun muodon. Jos pid\u00e4t &#8220;liimatusta&#8221; hiusefektist\u00e4, joka muistuttaa laminointia, anna tuotteen j\u00e4\u00e4hty\u00e4 hetki ja paina sitten sormellasi ihoa vasten. Geeli\u00e4 voidaan k\u00e4ytt\u00e4\u00e4 sek\u00e4 ennen ett\u00e4 j\u00e4lkeen tuotteiden, kuten kynien tai pomadien.<\/p>\n<p>MEIKKITAITEILIJAN VINKKI<\/p>\n<p>Jotta saat hiukset t\u00e4ydellisesti p\u00e4\u00e4llystetty\u00e4 geelill\u00e4, levit\u00e4 se ensin ylh\u00e4\u00e4lt\u00e4 alasp\u00e4in suuntautuvalla liikkeell\u00e4, ja toisessa vaiheessa kampaa yl\u00f6sp\u00e4in antaaksesi kulmille halutun muodon.<\/p>","protected":false},"excerpt":{"rendered":"<p>CLARESA BROW POWER SHOT l\u00e4pin\u00e4kyv\u00e4 kulmageeli laminointiefektill\u00e4 ja kofeiinilla Eritt\u00e4in vahva, l\u00e4pin\u00e4kyv\u00e4 kulmageeli, joka antaa trendikk\u00e4\u00e4n laminointiefektin. Se kesytt\u00e4\u00e4 jopa<\/p>\n","protected":false},"featured_media":11061,"template":"","meta":[],"product_brand":[],"product_cat":[670],"product_tag":[],"class_list":{"0":"post-11062","1":"product","2":"type-product","3":"status-publish","4":"has-post-thumbnail","6":"product_cat-eyebrow-gel","8":"first","9":"outofstock","10":"taxable","11":"shipping-taxable","12":"purchasable","13":"product-type-simple"},"yoast_head":"<!-- This site is optimized with the Yoast SEO plugin v24.4 - https:\/\/yoast.com\/wordpress\/plugins\/seo\/ -->\n<title>CLARESA BROW POWER SHOT l\u00e4pin\u00e4kyv\u00e4 kulmageeli 8g | Valika<\/title>\n<meta name=\"robots\" content=\"index, follow, max-snippet:-1, max-image-preview:large, max-video-preview:-1\" \/>\n<link rel=\"canonical\" href=\"https:\/\/valika.eu\/fi\/toode\/claresa-brow-power-shot-labipaistev-kulmude-stiliseerimisgeel-8g\/\" \/>\n<meta property=\"og:locale\" content=\"fi_FI\" \/>\n<meta property=\"og:type\" content=\"article\" \/>\n<meta property=\"og:title\" content=\"CLARESA BROW POWER SHOT l\u00e4pin\u00e4kyv\u00e4 kulmageeli 8g | Valika\" \/>\n<meta property=\"og:description\" content=\"CLARESA BROW POWER SHOT l\u00e4pin\u00e4kyv\u00e4 kulmageeli laminointiefektill\u00e4 ja kofeiinilla Eritt\u00e4in vahva, l\u00e4pin\u00e4kyv\u00e4 kulmageeli, joka antaa trendikk\u00e4\u00e4n laminointiefektin. Se kesytt\u00e4\u00e4 jopa\" \/>\n<meta property=\"og:url\" content=\"https:\/\/valika.eu\/fi\/toode\/claresa-brow-power-shot-labipaistev-kulmude-stiliseerimisgeel-8g\/\" \/>\n<meta property=\"og:site_name\" content=\"Valika\" \/>\n<meta property=\"article:publisher\" content=\"https:\/\/www.facebook.com\/tipsi.net\" \/>\n<meta property=\"article:modified_time\" content=\"2025-08-08T08:44:48+00:00\" \/>\n<meta property=\"og:image\" content=\"https:\/\/valika.eu\/wp-content\/uploads\/2025\/01\/7559.jpg\" \/>\n\t<meta property=\"og:image:width\" content=\"1500\" \/>\n\t<meta property=\"og:image:height\" content=\"1500\" \/>\n\t<meta property=\"og:image:type\" content=\"image\/jpeg\" \/>\n<meta name=\"twitter:card\" content=\"summary_large_image\" \/>\n<script type=\"application\/ld+json\" class=\"yoast-schema-graph\">{\"@context\":\"https:\/\/schema.org\",\"@graph\":[{\"@type\":\"WebPage\",\"@id\":\"https:\/\/valika.eu\/fi\/toode\/claresa-brow-power-shot-labipaistev-kulmude-stiliseerimisgeel-8g\/\",\"url\":\"https:\/\/valika.eu\/fi\/toode\/claresa-brow-power-shot-labipaistev-kulmude-stiliseerimisgeel-8g\/\",\"name\":\"CLARESA BROW POWER SHOT l\u00e4pin\u00e4kyv\u00e4 kulmageeli 8g | Valika\",\"isPartOf\":{\"@id\":\"https:\/\/valika.eu\/fi\/#website\"},\"primaryImageOfPage\":{\"@id\":\"https:\/\/valika.eu\/fi\/toode\/claresa-brow-power-shot-labipaistev-kulmude-stiliseerimisgeel-8g\/#primaryimage\"},\"image\":{\"@id\":\"https:\/\/valika.eu\/toode\/claresa-brow-power-shot-labipaistev-kulmude-stiliseerimisgeel-8g\/#primaryimage\"},\"thumbnailUrl\":\"https:\/\/valika.eu\/wp-content\/uploads\/2025\/01\/7559.jpg\",\"datePublished\":\"2025-01-09T04:11:41+00:00\",\"dateModified\":\"2025-08-08T08:44:48+00:00\",\"breadcrumb\":{\"@id\":\"https:\/\/valika.eu\/fi\/toode\/claresa-brow-power-shot-labipaistev-kulmude-stiliseerimisgeel-8g\/#breadcrumb\"},\"inLanguage\":\"fi\",\"potentialAction\":[{\"@type\":\"ReadAction\",\"target\":[[\"https:\/\/valika.eu\/fi\/toode\/claresa-brow-power-shot-labipaistev-kulmude-stiliseerimisgeel-8g\/\"]]}]},{\"@type\":\"ImageObject\",\"inLanguage\":\"fi\",\"@id\":\"https:\/\/valika.eu\/fi\/toode\/claresa-brow-power-shot-labipaistev-kulmude-stiliseerimisgeel-8g\/#primaryimage\",\"url\":\"https:\/\/valika.eu\/wp-content\/uploads\/2025\/01\/7559.jpg\",\"contentUrl\":\"https:\/\/valika.eu\/wp-content\/uploads\/2025\/01\/7559.jpg\",\"width\":1500,\"height\":1500},{\"@type\":\"BreadcrumbList\",\"@id\":\"https:\/\/valika.eu\/fi\/toode\/claresa-brow-power-shot-labipaistev-kulmude-stiliseerimisgeel-8g\/#breadcrumb\",\"itemListElement\":[{\"@type\":\"ListItem\",\"position\":1,\"name\":\"Koti\",\"item\":\"https:\/\/valika.eu\/fi\/\"},{\"@type\":\"ListItem\",\"position\":2,\"name\":\"Shop\",\"item\":\"https:\/\/valika.eu\/fi\/\"},{\"@type\":\"ListItem\",\"position\":3,\"name\":\"CLARESA BROW POWER SHOT transparent gel for eyebrow styling 8g\"}]},{\"@type\":\"WebSite\",\"@id\":\"https:\/\/valika.eu\/fi\/#website\",\"url\":\"https:\/\/valika.eu\/fi\/\",\"name\":\"Valika.eu\",\"description\":\"Salonkituotteet ja kauneudenhoitotuotteet - Valika tarjoaa laajan valikoiman tuotteita ja tarvikkeita kynsiteknikoille, kauneushoitoloille, kampaamoille ja kampaamoille.\",\"publisher\":{\"@id\":\"https:\/\/valika.eu\/fi\/#organization\"},\"alternateName\":\"Valika\",\"potentialAction\":[{\"@type\":\"SearchAction\",\"target\":{\"@type\":\"EntryPoint\",\"urlTemplate\":\"https:\/\/valika.eu\/fi\/?s={search_term_string}\"},\"query-input\":{\"@type\":\"PropertyValueSpecification\",\"valueRequired\":true,\"valueName\":\"search_term_string\"}}],\"inLanguage\":\"fi\"},{\"@type\":\"Organization\",\"@id\":\"https:\/\/valika.eu\/fi\/#organization\",\"name\":\"Salongitoode O\u00dc\",\"alternateName\":\"Valika\",\"url\":\"https:\/\/valika.eu\/fi\/\",\"logo\":{\"@type\":\"ImageObject\",\"inLanguage\":\"fi\",\"@id\":\"https:\/\/valika.eu\/fi\/#\/schema\/logo\/image\/\",\"url\":\"https:\/\/valika.eu\/wp-content\/uploads\/2023\/11\/logo2-valika-footer.png\",\"contentUrl\":\"https:\/\/valika.eu\/wp-content\/uploads\/2023\/11\/logo2-valika-footer.png\",\"width\":200,\"height\":129,\"caption\":\"Salongitoode O\u00dc\"},\"image\":{\"@id\":\"https:\/\/valika.eu\/fi\/#\/schema\/logo\/image\/\"},\"sameAs\":[\"https:\/\/www.facebook.com\/tipsi.net\"]}]}<\/script>\n<!-- \/ Yoast SEO plugin. -->","yoast_head_json":{"title":"CLARESA BROW POWER SHOT l\u00e4pin\u00e4kyv\u00e4 kulmageeli 8g | Valika","robots":{"index":"index","follow":"follow","max-snippet":"max-snippet:-1","max-image-preview":"max-image-preview:large","max-video-preview":"max-video-preview:-1"},"canonical":"https:\/\/valika.eu\/fi\/toode\/claresa-brow-power-shot-labipaistev-kulmude-stiliseerimisgeel-8g\/","og_locale":"fi_FI","og_type":"article","og_title":"CLARESA BROW POWER SHOT l\u00e4pin\u00e4kyv\u00e4 kulmageeli 8g | Valika","og_description":"CLARESA BROW POWER SHOT l\u00e4pin\u00e4kyv\u00e4 kulmageeli laminointiefektill\u00e4 ja kofeiinilla Eritt\u00e4in vahva, l\u00e4pin\u00e4kyv\u00e4 kulmageeli, joka antaa trendikk\u00e4\u00e4n laminointiefektin. Se kesytt\u00e4\u00e4 jopa","og_url":"https:\/\/valika.eu\/fi\/toode\/claresa-brow-power-shot-labipaistev-kulmude-stiliseerimisgeel-8g\/","og_site_name":"Valika","article_publisher":"https:\/\/www.facebook.com\/tipsi.net","article_modified_time":"2025-08-08T08:44:48+00:00","og_image":[{"width":1500,"height":1500,"url":"https:\/\/valika.eu\/wp-content\/uploads\/2025\/01\/7559.jpg","type":"image\/jpeg"}],"twitter_card":"summary_large_image","schema":{"@context":"https:\/\/schema.org","@graph":[{"@type":"WebPage","@id":"https:\/\/valika.eu\/fi\/toode\/claresa-brow-power-shot-labipaistev-kulmude-stiliseerimisgeel-8g\/","url":"https:\/\/valika.eu\/fi\/toode\/claresa-brow-power-shot-labipaistev-kulmude-stiliseerimisgeel-8g\/","name":"CLARESA BROW POWER SHOT l\u00e4pin\u00e4kyv\u00e4 kulmageeli 8g | Valika","isPartOf":{"@id":"https:\/\/valika.eu\/fi\/#website"},"primaryImageOfPage":{"@id":"https:\/\/valika.eu\/fi\/toode\/claresa-brow-power-shot-labipaistev-kulmude-stiliseerimisgeel-8g\/#primaryimage"},"image":{"@id":"https:\/\/valika.eu\/toode\/claresa-brow-power-shot-labipaistev-kulmude-stiliseerimisgeel-8g\/#primaryimage"},"thumbnailUrl":"https:\/\/valika.eu\/wp-content\/uploads\/2025\/01\/7559.jpg","datePublished":"2025-01-09T04:11:41+00:00","dateModified":"2025-08-08T08:44:48+00:00","breadcrumb":{"@id":"https:\/\/valika.eu\/fi\/toode\/claresa-brow-power-shot-labipaistev-kulmude-stiliseerimisgeel-8g\/#breadcrumb"},"inLanguage":"fi","potentialAction":[{"@type":"ReadAction","target":[["https:\/\/valika.eu\/fi\/toode\/claresa-brow-power-shot-labipaistev-kulmude-stiliseerimisgeel-8g\/"]]}]},{"@type":"ImageObject","inLanguage":"fi","@id":"https:\/\/valika.eu\/fi\/toode\/claresa-brow-power-shot-labipaistev-kulmude-stiliseerimisgeel-8g\/#primaryimage","url":"https:\/\/valika.eu\/wp-content\/uploads\/2025\/01\/7559.jpg","contentUrl":"https:\/\/valika.eu\/wp-content\/uploads\/2025\/01\/7559.jpg","width":1500,"height":1500},{"@type":"BreadcrumbList","@id":"https:\/\/valika.eu\/fi\/toode\/claresa-brow-power-shot-labipaistev-kulmude-stiliseerimisgeel-8g\/#breadcrumb","itemListElement":[{"@type":"ListItem","position":1,"name":"Koti","item":"https:\/\/valika.eu\/fi\/"},{"@type":"ListItem","position":2,"name":"Shop","item":"https:\/\/valika.eu\/fi\/"},{"@type":"ListItem","position":3,"name":"CLARESA BROW POWER SHOT transparent gel for eyebrow styling 8g"}]},{"@type":"WebSite","@id":"https:\/\/valika.eu\/fi\/#website","url":"https:\/\/valika.eu\/fi\/","name":"Valika.eu","description":"Salonkituotteet ja kauneudenhoitotuotteet - Valika tarjoaa laajan valikoiman tuotteita ja tarvikkeita kynsiteknikoille, kauneushoitoloille, kampaamoille ja kampaamoille.","publisher":{"@id":"https:\/\/valika.eu\/fi\/#organization"},"alternateName":"Valika","potentialAction":[{"@type":"SearchAction","target":{"@type":"EntryPoint","urlTemplate":"https:\/\/valika.eu\/fi\/?s={search_term_string}"},"query-input":{"@type":"PropertyValueSpecification","valueRequired":true,"valueName":"search_term_string"}}],"inLanguage":"fi"},{"@type":"Organization","@id":"https:\/\/valika.eu\/fi\/#organization","name":"Salongitoode O\u00dc","alternateName":"Valika","url":"https:\/\/valika.eu\/fi\/","logo":{"@type":"ImageObject","inLanguage":"fi","@id":"https:\/\/valika.eu\/fi\/#\/schema\/logo\/image\/","url":"https:\/\/valika.eu\/wp-content\/uploads\/2023\/11\/logo2-valika-footer.png","contentUrl":"https:\/\/valika.eu\/wp-content\/uploads\/2023\/11\/logo2-valika-footer.png","width":200,"height":129,"caption":"Salongitoode O\u00dc"},"image":{"@id":"https:\/\/valika.eu\/fi\/#\/schema\/logo\/image\/"},"sameAs":["https:\/\/www.facebook.com\/tipsi.net"]}]}},"jetpack_sharing_enabled":true,"_links":{"self":[{"href":"https:\/\/valika.eu\/fi\/wp-json\/wp\/v2\/product\/11062","targetHints":{"allow":["GET"]}}],"collection":[{"href":"https:\/\/valika.eu\/fi\/wp-json\/wp\/v2\/product"}],"about":[{"href":"https:\/\/valika.eu\/fi\/wp-json\/wp\/v2\/types\/product"}],"wp:featuredmedia":[{"embeddable":true,"href":"https:\/\/valika.eu\/fi\/wp-json\/wp\/v2\/media\/11061"}],"wp:attachment":[{"href":"https:\/\/valika.eu\/fi\/wp-json\/wp\/v2\/media?parent=11062"}],"wp:term":[{"taxonomy":"product_brand","embeddable":true,"href":"https:\/\/valika.eu\/fi\/wp-json\/wp\/v2\/product_brand?post=11062"},{"taxonomy":"product_cat","embeddable":true,"href":"https:\/\/valika.eu\/fi\/wp-json\/wp\/v2\/product_cat?post=11062"},{"taxonomy":"product_tag","embeddable":true,"href":"https:\/\/valika.eu\/fi\/wp-json\/wp\/v2\/product_tag?post=11062"}],"curies":[{"name":"wp","href":"https:\/\/api.w.org\/{rel}","templated":true}]}}