{"id":11065,"date":"2025-01-09T06:11:44","date_gmt":"2025-01-09T04:11:44","guid":{"rendered":"https:\/\/valika.eu\/toode\/claresa-kulmuseep-brow-soap-must-30-ml\/"},"modified":"2025-07-02T05:03:17","modified_gmt":"2025-07-02T02:03:17","slug":"claresa-kulmuseep-brow-soap-must-30-ml","status":"publish","type":"product","link":"https:\/\/valika.eu\/fi\/toode\/claresa-kulmuseep-brow-soap-must-30-ml\/","title":{"rendered":"CLARESA Kulmasaippua BROW SO(AP)! MUSTA 30 ml"},"content":{"rendered":"<p><\/p>\n<p><strong>Musta kulmakarvojen muotoilusaippua BROW SO(AP)! BLACK<\/strong><\/p>\n<p>V\u00e4ritt\u00e4v\u00e4, vegaaninen kulmakarvojen muotoilusaippua kesytt\u00e4\u00e4 kurittomat karvat, nostaa niit\u00e4 ja asettaa niiden muodon samalla antaen hienovaraista v\u00e4ri\u00e4. Hienovaraisesti v\u00e4ritt\u00e4v\u00e4 geelityyppinen koostumus mahdollistaa trendikk\u00e4\u00e4n t\u00e4yden kulmakarvaefektin ja pit\u00e4\u00e4 sen koko p\u00e4iv\u00e4n ilman ep\u00e4luonnollista j\u00e4ykkyytt\u00e4. BROW SO(AP)! BLACK -saippuan helppo ja k\u00e4tev\u00e4 levitys ei vaadi veden k\u00e4ytt\u00f6\u00e4. Saippuaa voidaan k\u00e4ytt\u00e4\u00e4 yksin\u00e4\u00e4n tai mink\u00e4 tahansa kulmakarvameikkituotteen kanssa.<\/p>\n<\/p>\n<p><strong>HAUSKA FAKTA<\/strong><\/p>\n<p>Tuote on rikastettu glyseriinill\u00e4, joka hygroskooppisten, voitelevien ja uudistavien ominaisuuksiensa ansiosta antaa karvoille pehmeytt\u00e4 ja joustavuutta, kosteuttaa ja suojaa niit\u00e4 haitallisilta ulkoisilta tekij\u00f6ilt\u00e4.<\/p>\n<\/p>\n<p><strong>SOVELLUS<\/strong><\/p>\n<p>Harjaa kulmakarvasi spoolie-harjalla valmistaaksesi ne tuotteen levitykseen. Ota sopiva m\u00e4\u00e4r\u00e4 tuotetta harjaan ja levit\u00e4 se kulmakarvoihin yl\u00f6sp\u00e4in suuntautuvin liikkein, painaen sit\u00e4 kevyesti karvoihin. Muotoile kulmakarvat sopivasti, suuntaamalla ne kohti niiden ulkoreunaa. Harjaa ylim\u00e4\u00e4r\u00e4inen saippua pois puhtaalla spoolie-harjalla. BROW SO(AP)! BLACK -saippuaa voidaan k\u00e4ytt\u00e4\u00e4 yksin\u00e4\u00e4n tai suosikkikulmakarvameikkituotteidesi kanssa muotoilun t\u00e4ydent\u00e4miseksi.<\/p>\n<\/p>\n<p><strong>MEIKKITAITEILIJAN VINKKI<\/strong><\/p>\n<p>V\u00e4ltt\u00e4\u00e4ksesi liiallisen saippuan levitt\u00e4misen suoraan kulmakarvoihin, levit\u00e4 tuote ensin kannelle tai k\u00e4mmensel\u00e4lle, kun olet ottanut sen applikaattoriin.<\/p>\n<\/p>\n<p><strong>Kapasiteetti:<\/strong> 30ml<\/p>\n<p><img loading=\"lazy\" decoding=\"async\" src=\"\/userdata\/public\/assets\/\/Brow%20Soap%201200%20x%201200.jpg\" alt=\"CLARESA EYEBROW SOAP BROW SO(AP)! BLACK 30ML\" width=\"1200\" height=\"1200\" \/><\/p>\n<div class=\"video-container\"><iframe loading=\"lazy\" title=\"YouTube video player\" src=\"https:\/\/www.youtube.com\/embed\/Mw4hR4Jj0QA?si=JbDjbXMU9_BYMpe4\" width=\"560\" height=\"315\" frameborder=\"0\" allowfullscreen=\"allowfullscreen\"><\/iframe><\/div>\n<div class=\"video-container\"><iframe loading=\"lazy\" title=\"YouTube video player\" src=\"https:\/\/www.youtube.com\/embed\/ubvgVicb8Y4?si=no3a8fYZ1yTtKEmI\" width=\"560\" height=\"315\" frameborder=\"0\" allowfullscreen=\"allowfullscreen\"><\/iframe><\/div>\n<p><\/p>","protected":false},"excerpt":{"rendered":"<p>Musta kulmakarvojen muotoilusaippua BROW SO(AP)! BLACK V\u00e4ritt\u00e4v\u00e4, vegaaninen kulmakarvojen muotoilusaippua kesytt\u00e4\u00e4 kurittomat karvat, nostaa niit\u00e4 ja asettaa niiden muodon samalla<\/p>\n","protected":false},"featured_media":11064,"template":"","meta":[],"product_brand":[],"product_cat":[670],"product_tag":[],"class_list":{"0":"post-11065","1":"product","2":"type-product","3":"status-publish","4":"has-post-thumbnail","6":"product_cat-eyebrow-gel","8":"first","9":"instock","10":"taxable","11":"shipping-taxable","12":"purchasable","13":"product-type-simple"},"yoast_head":"<!-- This site is optimized with the Yoast SEO plugin v24.4 - https:\/\/yoast.com\/wordpress\/plugins\/seo\/ -->\n<title>CLARESA Kulmasaippua BROW SO(AP)! MUSTA 30 ml | Valika<\/title>\n<meta name=\"robots\" content=\"index, follow, max-snippet:-1, max-image-preview:large, max-video-preview:-1\" \/>\n<link rel=\"canonical\" href=\"https:\/\/valika.eu\/fi\/toode\/claresa-kulmuseep-brow-soap-must-30-ml\/\" \/>\n<meta property=\"og:locale\" content=\"fi_FI\" \/>\n<meta property=\"og:type\" content=\"article\" \/>\n<meta property=\"og:title\" content=\"CLARESA Kulmasaippua BROW SO(AP)! MUSTA 30 ml | Valika\" \/>\n<meta property=\"og:description\" content=\"Musta kulmakarvojen muotoilusaippua BROW SO(AP)! BLACK V\u00e4ritt\u00e4v\u00e4, vegaaninen kulmakarvojen muotoilusaippua kesytt\u00e4\u00e4 kurittomat karvat, nostaa niit\u00e4 ja asettaa niiden muodon samalla\" \/>\n<meta property=\"og:url\" content=\"https:\/\/valika.eu\/fi\/toode\/claresa-kulmuseep-brow-soap-must-30-ml\/\" \/>\n<meta property=\"og:site_name\" content=\"Valika\" \/>\n<meta property=\"article:publisher\" content=\"https:\/\/www.facebook.com\/tipsi.net\" \/>\n<meta property=\"article:modified_time\" content=\"2025-07-02T02:03:17+00:00\" \/>\n<meta property=\"og:image\" content=\"https:\/\/valika.eu\/wp-content\/uploads\/2025\/01\/8071.jpg\" \/>\n\t<meta property=\"og:image:width\" content=\"1500\" \/>\n\t<meta property=\"og:image:height\" content=\"1500\" \/>\n\t<meta property=\"og:image:type\" content=\"image\/jpeg\" \/>\n<meta name=\"twitter:card\" content=\"summary_large_image\" \/>\n<script type=\"application\/ld+json\" class=\"yoast-schema-graph\">{\"@context\":\"https:\/\/schema.org\",\"@graph\":[{\"@type\":\"WebPage\",\"@id\":\"https:\/\/valika.eu\/fi\/toode\/claresa-kulmuseep-brow-soap-must-30-ml\/\",\"url\":\"https:\/\/valika.eu\/fi\/toode\/claresa-kulmuseep-brow-soap-must-30-ml\/\",\"name\":\"CLARESA Kulmasaippua BROW SO(AP)! MUSTA 30 ml | Valika\",\"isPartOf\":{\"@id\":\"https:\/\/valika.eu\/fi\/#website\"},\"primaryImageOfPage\":{\"@id\":\"https:\/\/valika.eu\/fi\/toode\/claresa-kulmuseep-brow-soap-must-30-ml\/#primaryimage\"},\"image\":{\"@id\":\"https:\/\/valika.eu\/toode\/claresa-kulmuseep-brow-soap-must-30-ml\/#primaryimage\"},\"thumbnailUrl\":\"https:\/\/valika.eu\/wp-content\/uploads\/2025\/01\/8071.jpg\",\"datePublished\":\"2025-01-09T04:11:44+00:00\",\"dateModified\":\"2025-07-02T02:03:17+00:00\",\"breadcrumb\":{\"@id\":\"https:\/\/valika.eu\/fi\/toode\/claresa-kulmuseep-brow-soap-must-30-ml\/#breadcrumb\"},\"inLanguage\":\"fi\",\"potentialAction\":[{\"@type\":\"ReadAction\",\"target\":[[\"https:\/\/valika.eu\/fi\/toode\/claresa-kulmuseep-brow-soap-must-30-ml\/\"]]}]},{\"@type\":\"ImageObject\",\"inLanguage\":\"fi\",\"@id\":\"https:\/\/valika.eu\/fi\/toode\/claresa-kulmuseep-brow-soap-must-30-ml\/#primaryimage\",\"url\":\"https:\/\/valika.eu\/wp-content\/uploads\/2025\/01\/8071.jpg\",\"contentUrl\":\"https:\/\/valika.eu\/wp-content\/uploads\/2025\/01\/8071.jpg\",\"width\":1500,\"height\":1500},{\"@type\":\"BreadcrumbList\",\"@id\":\"https:\/\/valika.eu\/fi\/toode\/claresa-kulmuseep-brow-soap-must-30-ml\/#breadcrumb\",\"itemListElement\":[{\"@type\":\"ListItem\",\"position\":1,\"name\":\"Koti\",\"item\":\"https:\/\/valika.eu\/fi\/\"},{\"@type\":\"ListItem\",\"position\":2,\"name\":\"Shop\",\"item\":\"https:\/\/valika.eu\/fi\/\"},{\"@type\":\"ListItem\",\"position\":3,\"name\":\"CLARESA Eyebrow Soap BROW SO(AP)! BLACK 30ml\"}]},{\"@type\":\"WebSite\",\"@id\":\"https:\/\/valika.eu\/fi\/#website\",\"url\":\"https:\/\/valika.eu\/fi\/\",\"name\":\"Valika.eu\",\"description\":\"Salonkituotteet ja kauneudenhoitotuotteet - Valika tarjoaa laajan valikoiman tuotteita ja tarvikkeita kynsiteknikoille, kauneushoitoloille, kampaamoille ja kampaamoille.\",\"publisher\":{\"@id\":\"https:\/\/valika.eu\/fi\/#organization\"},\"alternateName\":\"Valika\",\"potentialAction\":[{\"@type\":\"SearchAction\",\"target\":{\"@type\":\"EntryPoint\",\"urlTemplate\":\"https:\/\/valika.eu\/fi\/?s={search_term_string}\"},\"query-input\":{\"@type\":\"PropertyValueSpecification\",\"valueRequired\":true,\"valueName\":\"search_term_string\"}}],\"inLanguage\":\"fi\"},{\"@type\":\"Organization\",\"@id\":\"https:\/\/valika.eu\/fi\/#organization\",\"name\":\"Salongitoode O\u00dc\",\"alternateName\":\"Valika\",\"url\":\"https:\/\/valika.eu\/fi\/\",\"logo\":{\"@type\":\"ImageObject\",\"inLanguage\":\"fi\",\"@id\":\"https:\/\/valika.eu\/fi\/#\/schema\/logo\/image\/\",\"url\":\"https:\/\/valika.eu\/wp-content\/uploads\/2023\/11\/logo2-valika-footer.png\",\"contentUrl\":\"https:\/\/valika.eu\/wp-content\/uploads\/2023\/11\/logo2-valika-footer.png\",\"width\":200,\"height\":129,\"caption\":\"Salongitoode O\u00dc\"},\"image\":{\"@id\":\"https:\/\/valika.eu\/fi\/#\/schema\/logo\/image\/\"},\"sameAs\":[\"https:\/\/www.facebook.com\/tipsi.net\"]}]}<\/script>\n<!-- \/ Yoast SEO plugin. -->","yoast_head_json":{"title":"CLARESA Kulmasaippua BROW SO(AP)! MUSTA 30 ml | Valika","robots":{"index":"index","follow":"follow","max-snippet":"max-snippet:-1","max-image-preview":"max-image-preview:large","max-video-preview":"max-video-preview:-1"},"canonical":"https:\/\/valika.eu\/fi\/toode\/claresa-kulmuseep-brow-soap-must-30-ml\/","og_locale":"fi_FI","og_type":"article","og_title":"CLARESA Kulmasaippua BROW SO(AP)! MUSTA 30 ml | Valika","og_description":"Musta kulmakarvojen muotoilusaippua BROW SO(AP)! BLACK V\u00e4ritt\u00e4v\u00e4, vegaaninen kulmakarvojen muotoilusaippua kesytt\u00e4\u00e4 kurittomat karvat, nostaa niit\u00e4 ja asettaa niiden muodon samalla","og_url":"https:\/\/valika.eu\/fi\/toode\/claresa-kulmuseep-brow-soap-must-30-ml\/","og_site_name":"Valika","article_publisher":"https:\/\/www.facebook.com\/tipsi.net","article_modified_time":"2025-07-02T02:03:17+00:00","og_image":[{"width":1500,"height":1500,"url":"https:\/\/valika.eu\/wp-content\/uploads\/2025\/01\/8071.jpg","type":"image\/jpeg"}],"twitter_card":"summary_large_image","schema":{"@context":"https:\/\/schema.org","@graph":[{"@type":"WebPage","@id":"https:\/\/valika.eu\/fi\/toode\/claresa-kulmuseep-brow-soap-must-30-ml\/","url":"https:\/\/valika.eu\/fi\/toode\/claresa-kulmuseep-brow-soap-must-30-ml\/","name":"CLARESA Kulmasaippua BROW SO(AP)! MUSTA 30 ml | Valika","isPartOf":{"@id":"https:\/\/valika.eu\/fi\/#website"},"primaryImageOfPage":{"@id":"https:\/\/valika.eu\/fi\/toode\/claresa-kulmuseep-brow-soap-must-30-ml\/#primaryimage"},"image":{"@id":"https:\/\/valika.eu\/toode\/claresa-kulmuseep-brow-soap-must-30-ml\/#primaryimage"},"thumbnailUrl":"https:\/\/valika.eu\/wp-content\/uploads\/2025\/01\/8071.jpg","datePublished":"2025-01-09T04:11:44+00:00","dateModified":"2025-07-02T02:03:17+00:00","breadcrumb":{"@id":"https:\/\/valika.eu\/fi\/toode\/claresa-kulmuseep-brow-soap-must-30-ml\/#breadcrumb"},"inLanguage":"fi","potentialAction":[{"@type":"ReadAction","target":[["https:\/\/valika.eu\/fi\/toode\/claresa-kulmuseep-brow-soap-must-30-ml\/"]]}]},{"@type":"ImageObject","inLanguage":"fi","@id":"https:\/\/valika.eu\/fi\/toode\/claresa-kulmuseep-brow-soap-must-30-ml\/#primaryimage","url":"https:\/\/valika.eu\/wp-content\/uploads\/2025\/01\/8071.jpg","contentUrl":"https:\/\/valika.eu\/wp-content\/uploads\/2025\/01\/8071.jpg","width":1500,"height":1500},{"@type":"BreadcrumbList","@id":"https:\/\/valika.eu\/fi\/toode\/claresa-kulmuseep-brow-soap-must-30-ml\/#breadcrumb","itemListElement":[{"@type":"ListItem","position":1,"name":"Koti","item":"https:\/\/valika.eu\/fi\/"},{"@type":"ListItem","position":2,"name":"Shop","item":"https:\/\/valika.eu\/fi\/"},{"@type":"ListItem","position":3,"name":"CLARESA Eyebrow Soap BROW SO(AP)! BLACK 30ml"}]},{"@type":"WebSite","@id":"https:\/\/valika.eu\/fi\/#website","url":"https:\/\/valika.eu\/fi\/","name":"Valika.eu","description":"Salonkituotteet ja kauneudenhoitotuotteet - Valika tarjoaa laajan valikoiman tuotteita ja tarvikkeita kynsiteknikoille, kauneushoitoloille, kampaamoille ja kampaamoille.","publisher":{"@id":"https:\/\/valika.eu\/fi\/#organization"},"alternateName":"Valika","potentialAction":[{"@type":"SearchAction","target":{"@type":"EntryPoint","urlTemplate":"https:\/\/valika.eu\/fi\/?s={search_term_string}"},"query-input":{"@type":"PropertyValueSpecification","valueRequired":true,"valueName":"search_term_string"}}],"inLanguage":"fi"},{"@type":"Organization","@id":"https:\/\/valika.eu\/fi\/#organization","name":"Salongitoode O\u00dc","alternateName":"Valika","url":"https:\/\/valika.eu\/fi\/","logo":{"@type":"ImageObject","inLanguage":"fi","@id":"https:\/\/valika.eu\/fi\/#\/schema\/logo\/image\/","url":"https:\/\/valika.eu\/wp-content\/uploads\/2023\/11\/logo2-valika-footer.png","contentUrl":"https:\/\/valika.eu\/wp-content\/uploads\/2023\/11\/logo2-valika-footer.png","width":200,"height":129,"caption":"Salongitoode O\u00dc"},"image":{"@id":"https:\/\/valika.eu\/fi\/#\/schema\/logo\/image\/"},"sameAs":["https:\/\/www.facebook.com\/tipsi.net"]}]}},"jetpack_sharing_enabled":true,"_links":{"self":[{"href":"https:\/\/valika.eu\/fi\/wp-json\/wp\/v2\/product\/11065","targetHints":{"allow":["GET"]}}],"collection":[{"href":"https:\/\/valika.eu\/fi\/wp-json\/wp\/v2\/product"}],"about":[{"href":"https:\/\/valika.eu\/fi\/wp-json\/wp\/v2\/types\/product"}],"wp:featuredmedia":[{"embeddable":true,"href":"https:\/\/valika.eu\/fi\/wp-json\/wp\/v2\/media\/11064"}],"wp:attachment":[{"href":"https:\/\/valika.eu\/fi\/wp-json\/wp\/v2\/media?parent=11065"}],"wp:term":[{"taxonomy":"product_brand","embeddable":true,"href":"https:\/\/valika.eu\/fi\/wp-json\/wp\/v2\/product_brand?post=11065"},{"taxonomy":"product_cat","embeddable":true,"href":"https:\/\/valika.eu\/fi\/wp-json\/wp\/v2\/product_cat?post=11065"},{"taxonomy":"product_tag","embeddable":true,"href":"https:\/\/valika.eu\/fi\/wp-json\/wp\/v2\/product_tag?post=11065"}],"curies":[{"name":"wp","href":"https:\/\/api.w.org\/{rel}","templated":true}]}}