{"id":11069,"date":"2025-01-09T06:11:49","date_gmt":"2025-01-09T04:11:49","guid":{"rendered":"https:\/\/valika.eu\/toode\/claresa-like-a-glue-kulmugeel-01-taupe\/"},"modified":"2025-07-02T05:03:17","modified_gmt":"2025-07-02T02:03:17","slug":"claresa-like-a-glue-kulmugeel-01-taupe","status":"publish","type":"product","link":"https:\/\/valika.eu\/fi\/toode\/claresa-like-a-glue-kulmugeel-01-taupe\/","title":{"rendered":"Claresa LIKE A GLUE kulmageeli 01 TAUPE"},"content":{"rendered":"<p><\/p>\n<p><strong>Supervahva v\u00e4rj\u00e4\u00e4v\u00e4 kulmageeli KUIN LIIMAA<\/strong><\/p>\n<p>Eiv\u00e4tk\u00f6 hallitut kulmakarvat viel\u00e4k\u00e4\u00e4n riit\u00e4 sinulle? Kurinalaiset karvat, jopa paksuimmat, eiv\u00e4t tee vaikutusta ja odotat jotain enemm\u00e4n? Jatkuva taistelusi kulmakarvojen kanssa on vihdoin ohi \u2012 SOTA ON OHI!<\/p>\n<p>Meill\u00e4 on tuote, joka yll\u00e4tt\u00e4\u00e4 sinut. Supervahva <strong>v\u00e4rj\u00e4\u00e4v\u00e4 kulmageeli<\/strong>, joka tarjoaa <strong>kest\u00e4v\u00e4n laminointiefektin<\/strong> ja <strong>lis\u00e4\u00e4 volyymia kulmakarvoihin, paksuntaen niit\u00e4 visuaalisesti<\/strong>. Kyll\u00e4, se on mahdollista! Ravitseva koostumus kiinnittyy nopeasti, j\u00e4tt\u00e4en mattapintaisen, kest\u00e4v\u00e4n kerroksen karvoihin, joka on kosteuden, hien ja kaikkien vastoink\u00e4ymisten kest\u00e4v\u00e4. Se voidaan kuitenkin helposti poistaa meikinpoiston yhteydess\u00e4.<\/p>\n<\/p>\n<p><strong>HAUSKA FAKTA<\/strong><\/p>\n<p>Vegaaninen koostumus on rikastettu ravitsevalla <strong>aloeuutteella<\/strong>, jolla on kosteuttavia, hoitavia ja uudistavia vaikutuksia. Lis\u00e4ksi tuote sis\u00e4lt\u00e4\u00e4 <strong>pantenolia<\/strong>, jolla on vahvat ravitsevat ominaisuudet ja joka vahvistaa hiusten rakennetta.<\/p>\n<\/p>\n<p><strong>SOVELLUS<\/strong><\/p>\n<p>Harjaa kulmakarvasi geelill\u00e4 valitussa v\u00e4riss\u00e4 ja muotoile ne haluamallasi tavalla. Tarkka silikoniharja mahdollistaa karvojen asettamisen oikeaan suuntaan. Jos pid\u00e4t &#8220;liimattujen&#8221; karvojen efektist\u00e4, joka muistuttaa laminointia, anna tuotteen hetki kiinnitty\u00e4 ja paina sitten karvat ihoa vasten sormenp\u00e4\u00e4ll\u00e4si.<\/p>\n<p><strong> <\/strong><\/p>\n<p><strong>MEIKKITAITEILIJOIDEN VINKKI<\/strong><\/p>\n<p>Haluatko saavuttaa voimakkaamman v\u00e4rin ja pidon? Harjaa ensin karvat alasp\u00e4in, sitten yl\u00f6sp\u00e4in, jotta ne peittyv\u00e4t perusteellisesti geelill\u00e4 molemmilta puolilta ja nauti pitk\u00e4kestoisesta muotoilusta!<\/p>\n<p><img decoding=\"async\" src=\"\/userdata\/public\/assets\/\/like_a_glue-9.jpg\" alt=\"Supervahva v\u00e4rj\u00e4\u00e4v\u00e4 kulmageeli KUIN LIIMAA\" width=\"100%\" \/><\/p>\n<div class=\"video-container\"><iframe loading=\"lazy\" title=\"YouTube video player\" src=\"https:\/\/www.youtube.com\/embed\/leKUctWOa4U?si=02RWNWgCdVTl2Lh6&amp;controls=0\" width=\"560\" height=\"315\" frameborder=\"0\" allowfullscreen=\"allowfullscreen\"><\/iframe><\/div>\n<p><\/p>","protected":false},"excerpt":{"rendered":"<p>Supervahva v\u00e4rj\u00e4\u00e4v\u00e4 kulmageeli KUIN LIIMAA Eiv\u00e4tk\u00f6 hallitut kulmakarvat viel\u00e4k\u00e4\u00e4n riit\u00e4 sinulle? Kurinalaiset karvat, jopa paksuimmat, eiv\u00e4t tee vaikutusta ja odotat<\/p>\n","protected":false},"featured_media":11068,"template":"","meta":[],"product_brand":[],"product_cat":[670],"product_tag":[],"class_list":{"0":"post-11069","1":"product","2":"type-product","3":"status-publish","4":"has-post-thumbnail","6":"product_cat-eyebrow-gel","8":"first","9":"instock","10":"taxable","11":"shipping-taxable","12":"purchasable","13":"product-type-simple"},"yoast_head":"<!-- This site is optimized with the Yoast SEO plugin v24.4 - https:\/\/yoast.com\/wordpress\/plugins\/seo\/ -->\n<title>Claresa LIKE A GLUE kulmageeli 01 TAUPE | Valika<\/title>\n<meta name=\"robots\" content=\"index, follow, max-snippet:-1, max-image-preview:large, max-video-preview:-1\" \/>\n<link rel=\"canonical\" href=\"https:\/\/valika.eu\/fi\/toode\/claresa-like-a-glue-kulmugeel-01-taupe\/\" \/>\n<meta property=\"og:locale\" content=\"fi_FI\" \/>\n<meta property=\"og:type\" content=\"article\" \/>\n<meta property=\"og:title\" content=\"Claresa LIKE A GLUE kulmageeli 01 TAUPE | Valika\" \/>\n<meta property=\"og:description\" content=\"Supervahva v\u00e4rj\u00e4\u00e4v\u00e4 kulmageeli KUIN LIIMAA Eiv\u00e4tk\u00f6 hallitut kulmakarvat viel\u00e4k\u00e4\u00e4n riit\u00e4 sinulle? Kurinalaiset karvat, jopa paksuimmat, eiv\u00e4t tee vaikutusta ja odotat\" \/>\n<meta property=\"og:url\" content=\"https:\/\/valika.eu\/fi\/toode\/claresa-like-a-glue-kulmugeel-01-taupe\/\" \/>\n<meta property=\"og:site_name\" content=\"Valika\" \/>\n<meta property=\"article:publisher\" content=\"https:\/\/www.facebook.com\/tipsi.net\" \/>\n<meta property=\"article:modified_time\" content=\"2025-07-02T02:03:17+00:00\" \/>\n<meta property=\"og:image\" content=\"https:\/\/valika.eu\/wp-content\/uploads\/2025\/01\/8641.jpg\" \/>\n\t<meta property=\"og:image:width\" content=\"1500\" \/>\n\t<meta property=\"og:image:height\" content=\"1500\" \/>\n\t<meta property=\"og:image:type\" content=\"image\/jpeg\" \/>\n<meta name=\"twitter:card\" content=\"summary_large_image\" \/>\n<script type=\"application\/ld+json\" class=\"yoast-schema-graph\">{\"@context\":\"https:\/\/schema.org\",\"@graph\":[{\"@type\":\"WebPage\",\"@id\":\"https:\/\/valika.eu\/fi\/toode\/claresa-like-a-glue-kulmugeel-01-taupe\/\",\"url\":\"https:\/\/valika.eu\/fi\/toode\/claresa-like-a-glue-kulmugeel-01-taupe\/\",\"name\":\"Claresa LIKE A GLUE kulmageeli 01 TAUPE | Valika\",\"isPartOf\":{\"@id\":\"https:\/\/valika.eu\/fi\/#website\"},\"primaryImageOfPage\":{\"@id\":\"https:\/\/valika.eu\/fi\/toode\/claresa-like-a-glue-kulmugeel-01-taupe\/#primaryimage\"},\"image\":{\"@id\":\"https:\/\/valika.eu\/toode\/claresa-like-a-glue-kulmugeel-01-taupe\/#primaryimage\"},\"thumbnailUrl\":\"https:\/\/valika.eu\/wp-content\/uploads\/2025\/01\/8641.jpg\",\"datePublished\":\"2025-01-09T04:11:49+00:00\",\"dateModified\":\"2025-07-02T02:03:17+00:00\",\"breadcrumb\":{\"@id\":\"https:\/\/valika.eu\/fi\/toode\/claresa-like-a-glue-kulmugeel-01-taupe\/#breadcrumb\"},\"inLanguage\":\"fi\",\"potentialAction\":[{\"@type\":\"ReadAction\",\"target\":[[\"https:\/\/valika.eu\/fi\/toode\/claresa-like-a-glue-kulmugeel-01-taupe\/\"]]}]},{\"@type\":\"ImageObject\",\"inLanguage\":\"fi\",\"@id\":\"https:\/\/valika.eu\/fi\/toode\/claresa-like-a-glue-kulmugeel-01-taupe\/#primaryimage\",\"url\":\"https:\/\/valika.eu\/wp-content\/uploads\/2025\/01\/8641.jpg\",\"contentUrl\":\"https:\/\/valika.eu\/wp-content\/uploads\/2025\/01\/8641.jpg\",\"width\":1500,\"height\":1500},{\"@type\":\"BreadcrumbList\",\"@id\":\"https:\/\/valika.eu\/fi\/toode\/claresa-like-a-glue-kulmugeel-01-taupe\/#breadcrumb\",\"itemListElement\":[{\"@type\":\"ListItem\",\"position\":1,\"name\":\"Koti\",\"item\":\"https:\/\/valika.eu\/fi\/\"},{\"@type\":\"ListItem\",\"position\":2,\"name\":\"Shop\",\"item\":\"https:\/\/valika.eu\/fi\/\"},{\"@type\":\"ListItem\",\"position\":3,\"name\":\"Claresa LIKE A GLUE eyebrow gel 01 TAUPE\"}]},{\"@type\":\"WebSite\",\"@id\":\"https:\/\/valika.eu\/fi\/#website\",\"url\":\"https:\/\/valika.eu\/fi\/\",\"name\":\"Valika.eu\",\"description\":\"Salonkituotteet ja kauneudenhoitotuotteet - Valika tarjoaa laajan valikoiman tuotteita ja tarvikkeita kynsiteknikoille, kauneushoitoloille, kampaamoille ja kampaamoille.\",\"publisher\":{\"@id\":\"https:\/\/valika.eu\/fi\/#organization\"},\"alternateName\":\"Valika\",\"potentialAction\":[{\"@type\":\"SearchAction\",\"target\":{\"@type\":\"EntryPoint\",\"urlTemplate\":\"https:\/\/valika.eu\/fi\/?s={search_term_string}\"},\"query-input\":{\"@type\":\"PropertyValueSpecification\",\"valueRequired\":true,\"valueName\":\"search_term_string\"}}],\"inLanguage\":\"fi\"},{\"@type\":\"Organization\",\"@id\":\"https:\/\/valika.eu\/fi\/#organization\",\"name\":\"Salongitoode O\u00dc\",\"alternateName\":\"Valika\",\"url\":\"https:\/\/valika.eu\/fi\/\",\"logo\":{\"@type\":\"ImageObject\",\"inLanguage\":\"fi\",\"@id\":\"https:\/\/valika.eu\/fi\/#\/schema\/logo\/image\/\",\"url\":\"https:\/\/valika.eu\/wp-content\/uploads\/2023\/11\/logo2-valika-footer.png\",\"contentUrl\":\"https:\/\/valika.eu\/wp-content\/uploads\/2023\/11\/logo2-valika-footer.png\",\"width\":200,\"height\":129,\"caption\":\"Salongitoode O\u00dc\"},\"image\":{\"@id\":\"https:\/\/valika.eu\/fi\/#\/schema\/logo\/image\/\"},\"sameAs\":[\"https:\/\/www.facebook.com\/tipsi.net\"]}]}<\/script>\n<!-- \/ Yoast SEO plugin. -->","yoast_head_json":{"title":"Claresa LIKE A GLUE kulmageeli 01 TAUPE | Valika","robots":{"index":"index","follow":"follow","max-snippet":"max-snippet:-1","max-image-preview":"max-image-preview:large","max-video-preview":"max-video-preview:-1"},"canonical":"https:\/\/valika.eu\/fi\/toode\/claresa-like-a-glue-kulmugeel-01-taupe\/","og_locale":"fi_FI","og_type":"article","og_title":"Claresa LIKE A GLUE kulmageeli 01 TAUPE | Valika","og_description":"Supervahva v\u00e4rj\u00e4\u00e4v\u00e4 kulmageeli KUIN LIIMAA Eiv\u00e4tk\u00f6 hallitut kulmakarvat viel\u00e4k\u00e4\u00e4n riit\u00e4 sinulle? Kurinalaiset karvat, jopa paksuimmat, eiv\u00e4t tee vaikutusta ja odotat","og_url":"https:\/\/valika.eu\/fi\/toode\/claresa-like-a-glue-kulmugeel-01-taupe\/","og_site_name":"Valika","article_publisher":"https:\/\/www.facebook.com\/tipsi.net","article_modified_time":"2025-07-02T02:03:17+00:00","og_image":[{"width":1500,"height":1500,"url":"https:\/\/valika.eu\/wp-content\/uploads\/2025\/01\/8641.jpg","type":"image\/jpeg"}],"twitter_card":"summary_large_image","schema":{"@context":"https:\/\/schema.org","@graph":[{"@type":"WebPage","@id":"https:\/\/valika.eu\/fi\/toode\/claresa-like-a-glue-kulmugeel-01-taupe\/","url":"https:\/\/valika.eu\/fi\/toode\/claresa-like-a-glue-kulmugeel-01-taupe\/","name":"Claresa LIKE A GLUE kulmageeli 01 TAUPE | Valika","isPartOf":{"@id":"https:\/\/valika.eu\/fi\/#website"},"primaryImageOfPage":{"@id":"https:\/\/valika.eu\/fi\/toode\/claresa-like-a-glue-kulmugeel-01-taupe\/#primaryimage"},"image":{"@id":"https:\/\/valika.eu\/toode\/claresa-like-a-glue-kulmugeel-01-taupe\/#primaryimage"},"thumbnailUrl":"https:\/\/valika.eu\/wp-content\/uploads\/2025\/01\/8641.jpg","datePublished":"2025-01-09T04:11:49+00:00","dateModified":"2025-07-02T02:03:17+00:00","breadcrumb":{"@id":"https:\/\/valika.eu\/fi\/toode\/claresa-like-a-glue-kulmugeel-01-taupe\/#breadcrumb"},"inLanguage":"fi","potentialAction":[{"@type":"ReadAction","target":[["https:\/\/valika.eu\/fi\/toode\/claresa-like-a-glue-kulmugeel-01-taupe\/"]]}]},{"@type":"ImageObject","inLanguage":"fi","@id":"https:\/\/valika.eu\/fi\/toode\/claresa-like-a-glue-kulmugeel-01-taupe\/#primaryimage","url":"https:\/\/valika.eu\/wp-content\/uploads\/2025\/01\/8641.jpg","contentUrl":"https:\/\/valika.eu\/wp-content\/uploads\/2025\/01\/8641.jpg","width":1500,"height":1500},{"@type":"BreadcrumbList","@id":"https:\/\/valika.eu\/fi\/toode\/claresa-like-a-glue-kulmugeel-01-taupe\/#breadcrumb","itemListElement":[{"@type":"ListItem","position":1,"name":"Koti","item":"https:\/\/valika.eu\/fi\/"},{"@type":"ListItem","position":2,"name":"Shop","item":"https:\/\/valika.eu\/fi\/"},{"@type":"ListItem","position":3,"name":"Claresa LIKE A GLUE eyebrow gel 01 TAUPE"}]},{"@type":"WebSite","@id":"https:\/\/valika.eu\/fi\/#website","url":"https:\/\/valika.eu\/fi\/","name":"Valika.eu","description":"Salonkituotteet ja kauneudenhoitotuotteet - Valika tarjoaa laajan valikoiman tuotteita ja tarvikkeita kynsiteknikoille, kauneushoitoloille, kampaamoille ja kampaamoille.","publisher":{"@id":"https:\/\/valika.eu\/fi\/#organization"},"alternateName":"Valika","potentialAction":[{"@type":"SearchAction","target":{"@type":"EntryPoint","urlTemplate":"https:\/\/valika.eu\/fi\/?s={search_term_string}"},"query-input":{"@type":"PropertyValueSpecification","valueRequired":true,"valueName":"search_term_string"}}],"inLanguage":"fi"},{"@type":"Organization","@id":"https:\/\/valika.eu\/fi\/#organization","name":"Salongitoode O\u00dc","alternateName":"Valika","url":"https:\/\/valika.eu\/fi\/","logo":{"@type":"ImageObject","inLanguage":"fi","@id":"https:\/\/valika.eu\/fi\/#\/schema\/logo\/image\/","url":"https:\/\/valika.eu\/wp-content\/uploads\/2023\/11\/logo2-valika-footer.png","contentUrl":"https:\/\/valika.eu\/wp-content\/uploads\/2023\/11\/logo2-valika-footer.png","width":200,"height":129,"caption":"Salongitoode O\u00dc"},"image":{"@id":"https:\/\/valika.eu\/fi\/#\/schema\/logo\/image\/"},"sameAs":["https:\/\/www.facebook.com\/tipsi.net"]}]}},"jetpack_sharing_enabled":true,"_links":{"self":[{"href":"https:\/\/valika.eu\/fi\/wp-json\/wp\/v2\/product\/11069","targetHints":{"allow":["GET"]}}],"collection":[{"href":"https:\/\/valika.eu\/fi\/wp-json\/wp\/v2\/product"}],"about":[{"href":"https:\/\/valika.eu\/fi\/wp-json\/wp\/v2\/types\/product"}],"wp:featuredmedia":[{"embeddable":true,"href":"https:\/\/valika.eu\/fi\/wp-json\/wp\/v2\/media\/11068"}],"wp:attachment":[{"href":"https:\/\/valika.eu\/fi\/wp-json\/wp\/v2\/media?parent=11069"}],"wp:term":[{"taxonomy":"product_brand","embeddable":true,"href":"https:\/\/valika.eu\/fi\/wp-json\/wp\/v2\/product_brand?post=11069"},{"taxonomy":"product_cat","embeddable":true,"href":"https:\/\/valika.eu\/fi\/wp-json\/wp\/v2\/product_cat?post=11069"},{"taxonomy":"product_tag","embeddable":true,"href":"https:\/\/valika.eu\/fi\/wp-json\/wp\/v2\/product_tag?post=11069"}],"curies":[{"name":"wp","href":"https:\/\/api.w.org\/{rel}","templated":true}]}}