{"id":11081,"date":"2025-01-09T06:12:08","date_gmt":"2025-01-09T04:12:08","guid":{"rendered":"https:\/\/valika.eu\/toode\/claresa-kulmuvarv-brow-bro-01-helepruun\/"},"modified":"2025-07-02T05:03:16","modified_gmt":"2025-07-02T02:03:16","slug":"claresa-kulmuvarv-brow-bro-01-helepruun","status":"publish","type":"product","link":"https:\/\/valika.eu\/fi\/toode\/claresa-kulmuvarv-brow-bro-01-helepruun\/","title":{"rendered":"Claresa kulmakarvageeli BROW BRO! 01 Vaaleanruskea"},"content":{"rendered":"<p><strong>BROW BRO! Kulmamaskara<\/strong> pienell\u00e4, tarkalla harjalla. Korostaa t\u00e4ydellisesti kulmakarvojesi muotoa, kesytt\u00e4en jopa itsep\u00e4isimm\u00e4t karvat. Tuote antaa karvoille halutun v\u00e4rin ja pit\u00e4\u00e4 ne paikoillaan koko p\u00e4iv\u00e4n ilman paakkuuntumista tai hilseily\u00e4. Toimii erinomaisesti sek\u00e4 yksin\u00e4\u00e4n ett\u00e4 t\u00e4ydent\u00e4en kyn\u00e4ll\u00e4 tai pomadella tehty\u00e4 meikki\u00e4.<\/p>\n<p><strong>SOVELLUS:<\/strong><\/p>\n<p>Kokeile, mik\u00e4 j\u00e4rjestys toimii sinulle parhaiten \u2013 muodon t\u00e4ytt\u00e4minen kyn\u00e4ll\u00e4\/pomadella ja sitten karvojen asettaminen maskaralla, tai harjaamalla karvat maskaralla, odottamalla sen asettumista ja t\u00e4ytt\u00e4m\u00e4ll\u00e4 mahdolliset aukot kyn\u00e4ll\u00e4 tai pomadella.<\/p>\n<p><strong>MEIKKITAITEILIJAN VINKKI:<\/strong><\/p>\n<p>K\u00e4yt\u00e4 vaaleampaa maskaras\u00e4vy\u00e4 kulmakarvojen alkuosan muotoiluun ja tummempaa loppuosaan saavuttaaksesi trendikk\u00e4\u00e4n ombre-efektin.<\/p>\n<p>Katso t\u00e4m\u00e4 julkaisu Instagramissa<\/p>\n<p>Julkaisu, jonka jakoi Claresa (@claresamakeup)<\/p>","protected":false},"excerpt":{"rendered":"<p>BROW BRO! Kulmamaskara pienell\u00e4, tarkalla harjalla. Korostaa t\u00e4ydellisesti kulmakarvojesi muotoa, kesytt\u00e4en jopa itsep\u00e4isimm\u00e4t karvat. Tuote antaa karvoille halutun v\u00e4rin ja<\/p>\n","protected":false},"featured_media":11080,"template":"","meta":[],"product_brand":[],"product_cat":[671],"product_tag":[],"class_list":{"0":"post-11081","1":"product","2":"type-product","3":"status-publish","4":"has-post-thumbnail","6":"product_cat-eyebrow-mascara","8":"first","9":"instock","10":"taxable","11":"shipping-taxable","12":"purchasable","13":"product-type-simple"},"yoast_head":"<!-- This site is optimized with the Yoast SEO plugin v24.4 - https:\/\/yoast.com\/wordpress\/plugins\/seo\/ -->\n<title>Claresa kulmakarvageeli BROW BRO! 01 Vaaleanruskea | Valika<\/title>\n<meta name=\"robots\" content=\"index, follow, max-snippet:-1, max-image-preview:large, max-video-preview:-1\" \/>\n<link rel=\"canonical\" href=\"https:\/\/valika.eu\/fi\/toode\/claresa-kulmuvarv-brow-bro-01-helepruun\/\" \/>\n<meta property=\"og:locale\" content=\"fi_FI\" \/>\n<meta property=\"og:type\" content=\"article\" \/>\n<meta property=\"og:title\" content=\"Claresa kulmakarvageeli BROW BRO! 01 Vaaleanruskea | Valika\" \/>\n<meta property=\"og:description\" content=\"BROW BRO! Kulmamaskara pienell\u00e4, tarkalla harjalla. Korostaa t\u00e4ydellisesti kulmakarvojesi muotoa, kesytt\u00e4en jopa itsep\u00e4isimm\u00e4t karvat. Tuote antaa karvoille halutun v\u00e4rin ja\" \/>\n<meta property=\"og:url\" content=\"https:\/\/valika.eu\/fi\/toode\/claresa-kulmuvarv-brow-bro-01-helepruun\/\" \/>\n<meta property=\"og:site_name\" content=\"Valika\" \/>\n<meta property=\"article:publisher\" content=\"https:\/\/www.facebook.com\/tipsi.net\" \/>\n<meta property=\"article:modified_time\" content=\"2025-07-02T02:03:16+00:00\" \/>\n<meta property=\"og:image\" content=\"https:\/\/valika.eu\/wp-content\/uploads\/2025\/01\/4860.jpg\" \/>\n\t<meta property=\"og:image:width\" content=\"1500\" \/>\n\t<meta property=\"og:image:height\" content=\"1500\" \/>\n\t<meta property=\"og:image:type\" content=\"image\/jpeg\" \/>\n<meta name=\"twitter:card\" content=\"summary_large_image\" \/>\n<script type=\"application\/ld+json\" class=\"yoast-schema-graph\">{\"@context\":\"https:\/\/schema.org\",\"@graph\":[{\"@type\":\"WebPage\",\"@id\":\"https:\/\/valika.eu\/fi\/toode\/claresa-kulmuvarv-brow-bro-01-helepruun\/\",\"url\":\"https:\/\/valika.eu\/fi\/toode\/claresa-kulmuvarv-brow-bro-01-helepruun\/\",\"name\":\"Claresa kulmakarvageeli BROW BRO! 01 Vaaleanruskea | Valika\",\"isPartOf\":{\"@id\":\"https:\/\/valika.eu\/fi\/#website\"},\"primaryImageOfPage\":{\"@id\":\"https:\/\/valika.eu\/fi\/toode\/claresa-kulmuvarv-brow-bro-01-helepruun\/#primaryimage\"},\"image\":{\"@id\":\"https:\/\/valika.eu\/toode\/claresa-kulmuvarv-brow-bro-01-helepruun\/#primaryimage\"},\"thumbnailUrl\":\"https:\/\/valika.eu\/wp-content\/uploads\/2025\/01\/4860.jpg\",\"datePublished\":\"2025-01-09T04:12:08+00:00\",\"dateModified\":\"2025-07-02T02:03:16+00:00\",\"breadcrumb\":{\"@id\":\"https:\/\/valika.eu\/fi\/toode\/claresa-kulmuvarv-brow-bro-01-helepruun\/#breadcrumb\"},\"inLanguage\":\"fi\",\"potentialAction\":[{\"@type\":\"ReadAction\",\"target\":[[\"https:\/\/valika.eu\/fi\/toode\/claresa-kulmuvarv-brow-bro-01-helepruun\/\"]]}]},{\"@type\":\"ImageObject\",\"inLanguage\":\"fi\",\"@id\":\"https:\/\/valika.eu\/fi\/toode\/claresa-kulmuvarv-brow-bro-01-helepruun\/#primaryimage\",\"url\":\"https:\/\/valika.eu\/wp-content\/uploads\/2025\/01\/4860.jpg\",\"contentUrl\":\"https:\/\/valika.eu\/wp-content\/uploads\/2025\/01\/4860.jpg\",\"width\":1500,\"height\":1500},{\"@type\":\"BreadcrumbList\",\"@id\":\"https:\/\/valika.eu\/fi\/toode\/claresa-kulmuvarv-brow-bro-01-helepruun\/#breadcrumb\",\"itemListElement\":[{\"@type\":\"ListItem\",\"position\":1,\"name\":\"Koti\",\"item\":\"https:\/\/valika.eu\/fi\/\"},{\"@type\":\"ListItem\",\"position\":2,\"name\":\"Shop\",\"item\":\"https:\/\/valika.eu\/fi\/\"},{\"@type\":\"ListItem\",\"position\":3,\"name\":\"Claresa eyebrow mascara BROW BRO! 01 Light brown\"}]},{\"@type\":\"WebSite\",\"@id\":\"https:\/\/valika.eu\/fi\/#website\",\"url\":\"https:\/\/valika.eu\/fi\/\",\"name\":\"Valika.eu\",\"description\":\"Salonkituotteet ja kauneudenhoitotuotteet - Valika tarjoaa laajan valikoiman tuotteita ja tarvikkeita kynsiteknikoille, kauneushoitoloille, kampaamoille ja kampaamoille.\",\"publisher\":{\"@id\":\"https:\/\/valika.eu\/fi\/#organization\"},\"alternateName\":\"Valika\",\"potentialAction\":[{\"@type\":\"SearchAction\",\"target\":{\"@type\":\"EntryPoint\",\"urlTemplate\":\"https:\/\/valika.eu\/fi\/?s={search_term_string}\"},\"query-input\":{\"@type\":\"PropertyValueSpecification\",\"valueRequired\":true,\"valueName\":\"search_term_string\"}}],\"inLanguage\":\"fi\"},{\"@type\":\"Organization\",\"@id\":\"https:\/\/valika.eu\/fi\/#organization\",\"name\":\"Salongitoode O\u00dc\",\"alternateName\":\"Valika\",\"url\":\"https:\/\/valika.eu\/fi\/\",\"logo\":{\"@type\":\"ImageObject\",\"inLanguage\":\"fi\",\"@id\":\"https:\/\/valika.eu\/fi\/#\/schema\/logo\/image\/\",\"url\":\"https:\/\/valika.eu\/wp-content\/uploads\/2023\/11\/logo2-valika-footer.png\",\"contentUrl\":\"https:\/\/valika.eu\/wp-content\/uploads\/2023\/11\/logo2-valika-footer.png\",\"width\":200,\"height\":129,\"caption\":\"Salongitoode O\u00dc\"},\"image\":{\"@id\":\"https:\/\/valika.eu\/fi\/#\/schema\/logo\/image\/\"},\"sameAs\":[\"https:\/\/www.facebook.com\/tipsi.net\"]}]}<\/script>\n<!-- \/ Yoast SEO plugin. -->","yoast_head_json":{"title":"Claresa kulmakarvageeli BROW BRO! 01 Vaaleanruskea | Valika","robots":{"index":"index","follow":"follow","max-snippet":"max-snippet:-1","max-image-preview":"max-image-preview:large","max-video-preview":"max-video-preview:-1"},"canonical":"https:\/\/valika.eu\/fi\/toode\/claresa-kulmuvarv-brow-bro-01-helepruun\/","og_locale":"fi_FI","og_type":"article","og_title":"Claresa kulmakarvageeli BROW BRO! 01 Vaaleanruskea | Valika","og_description":"BROW BRO! Kulmamaskara pienell\u00e4, tarkalla harjalla. Korostaa t\u00e4ydellisesti kulmakarvojesi muotoa, kesytt\u00e4en jopa itsep\u00e4isimm\u00e4t karvat. Tuote antaa karvoille halutun v\u00e4rin ja","og_url":"https:\/\/valika.eu\/fi\/toode\/claresa-kulmuvarv-brow-bro-01-helepruun\/","og_site_name":"Valika","article_publisher":"https:\/\/www.facebook.com\/tipsi.net","article_modified_time":"2025-07-02T02:03:16+00:00","og_image":[{"width":1500,"height":1500,"url":"https:\/\/valika.eu\/wp-content\/uploads\/2025\/01\/4860.jpg","type":"image\/jpeg"}],"twitter_card":"summary_large_image","schema":{"@context":"https:\/\/schema.org","@graph":[{"@type":"WebPage","@id":"https:\/\/valika.eu\/fi\/toode\/claresa-kulmuvarv-brow-bro-01-helepruun\/","url":"https:\/\/valika.eu\/fi\/toode\/claresa-kulmuvarv-brow-bro-01-helepruun\/","name":"Claresa kulmakarvageeli BROW BRO! 01 Vaaleanruskea | Valika","isPartOf":{"@id":"https:\/\/valika.eu\/fi\/#website"},"primaryImageOfPage":{"@id":"https:\/\/valika.eu\/fi\/toode\/claresa-kulmuvarv-brow-bro-01-helepruun\/#primaryimage"},"image":{"@id":"https:\/\/valika.eu\/toode\/claresa-kulmuvarv-brow-bro-01-helepruun\/#primaryimage"},"thumbnailUrl":"https:\/\/valika.eu\/wp-content\/uploads\/2025\/01\/4860.jpg","datePublished":"2025-01-09T04:12:08+00:00","dateModified":"2025-07-02T02:03:16+00:00","breadcrumb":{"@id":"https:\/\/valika.eu\/fi\/toode\/claresa-kulmuvarv-brow-bro-01-helepruun\/#breadcrumb"},"inLanguage":"fi","potentialAction":[{"@type":"ReadAction","target":[["https:\/\/valika.eu\/fi\/toode\/claresa-kulmuvarv-brow-bro-01-helepruun\/"]]}]},{"@type":"ImageObject","inLanguage":"fi","@id":"https:\/\/valika.eu\/fi\/toode\/claresa-kulmuvarv-brow-bro-01-helepruun\/#primaryimage","url":"https:\/\/valika.eu\/wp-content\/uploads\/2025\/01\/4860.jpg","contentUrl":"https:\/\/valika.eu\/wp-content\/uploads\/2025\/01\/4860.jpg","width":1500,"height":1500},{"@type":"BreadcrumbList","@id":"https:\/\/valika.eu\/fi\/toode\/claresa-kulmuvarv-brow-bro-01-helepruun\/#breadcrumb","itemListElement":[{"@type":"ListItem","position":1,"name":"Koti","item":"https:\/\/valika.eu\/fi\/"},{"@type":"ListItem","position":2,"name":"Shop","item":"https:\/\/valika.eu\/fi\/"},{"@type":"ListItem","position":3,"name":"Claresa eyebrow mascara BROW BRO! 01 Light brown"}]},{"@type":"WebSite","@id":"https:\/\/valika.eu\/fi\/#website","url":"https:\/\/valika.eu\/fi\/","name":"Valika.eu","description":"Salonkituotteet ja kauneudenhoitotuotteet - Valika tarjoaa laajan valikoiman tuotteita ja tarvikkeita kynsiteknikoille, kauneushoitoloille, kampaamoille ja kampaamoille.","publisher":{"@id":"https:\/\/valika.eu\/fi\/#organization"},"alternateName":"Valika","potentialAction":[{"@type":"SearchAction","target":{"@type":"EntryPoint","urlTemplate":"https:\/\/valika.eu\/fi\/?s={search_term_string}"},"query-input":{"@type":"PropertyValueSpecification","valueRequired":true,"valueName":"search_term_string"}}],"inLanguage":"fi"},{"@type":"Organization","@id":"https:\/\/valika.eu\/fi\/#organization","name":"Salongitoode O\u00dc","alternateName":"Valika","url":"https:\/\/valika.eu\/fi\/","logo":{"@type":"ImageObject","inLanguage":"fi","@id":"https:\/\/valika.eu\/fi\/#\/schema\/logo\/image\/","url":"https:\/\/valika.eu\/wp-content\/uploads\/2023\/11\/logo2-valika-footer.png","contentUrl":"https:\/\/valika.eu\/wp-content\/uploads\/2023\/11\/logo2-valika-footer.png","width":200,"height":129,"caption":"Salongitoode O\u00dc"},"image":{"@id":"https:\/\/valika.eu\/fi\/#\/schema\/logo\/image\/"},"sameAs":["https:\/\/www.facebook.com\/tipsi.net"]}]}},"jetpack_sharing_enabled":true,"_links":{"self":[{"href":"https:\/\/valika.eu\/fi\/wp-json\/wp\/v2\/product\/11081","targetHints":{"allow":["GET"]}}],"collection":[{"href":"https:\/\/valika.eu\/fi\/wp-json\/wp\/v2\/product"}],"about":[{"href":"https:\/\/valika.eu\/fi\/wp-json\/wp\/v2\/types\/product"}],"wp:featuredmedia":[{"embeddable":true,"href":"https:\/\/valika.eu\/fi\/wp-json\/wp\/v2\/media\/11080"}],"wp:attachment":[{"href":"https:\/\/valika.eu\/fi\/wp-json\/wp\/v2\/media?parent=11081"}],"wp:term":[{"taxonomy":"product_brand","embeddable":true,"href":"https:\/\/valika.eu\/fi\/wp-json\/wp\/v2\/product_brand?post=11081"},{"taxonomy":"product_cat","embeddable":true,"href":"https:\/\/valika.eu\/fi\/wp-json\/wp\/v2\/product_cat?post=11081"},{"taxonomy":"product_tag","embeddable":true,"href":"https:\/\/valika.eu\/fi\/wp-json\/wp\/v2\/product_tag?post=11081"}],"curies":[{"name":"wp","href":"https:\/\/api.w.org\/{rel}","templated":true}]}}