{"id":11086,"date":"2025-01-09T06:12:13","date_gmt":"2025-01-09T04:12:13","guid":{"rendered":"https:\/\/valika.eu\/toode\/claresa-kulmuvarv-brow-bro-02-tumepruun\/"},"modified":"2025-07-02T05:03:16","modified_gmt":"2025-07-02T02:03:16","slug":"claresa-kulmuvarv-brow-bro-02-tumepruun","status":"publish","type":"product","link":"https:\/\/valika.eu\/fi\/toode\/claresa-kulmuvarv-brow-bro-02-tumepruun\/","title":{"rendered":"Claresa kulmageeli BROW BRO! 02 Tumma ruskea"},"content":{"rendered":"<p><strong>BROW BRO! Kulmamaskara<\/strong> pienell\u00e4, tarkalla harjalla. Korostaa t\u00e4ydellisesti kulmakarvojesi muotoa ja kesytt\u00e4\u00e4 jopa itsep\u00e4isimm\u00e4t karvat. Tuote antaa karvoille halutun v\u00e4rin ja pit\u00e4\u00e4 ne paikoillaan koko p\u00e4iv\u00e4n ilman paakkuuntumista tai hilseily\u00e4. Se toimii erinomaisesti sek\u00e4 itsen\u00e4isesti ett\u00e4 meikin t\u00e4ydennyksen\u00e4, kun k\u00e4ytet\u00e4\u00e4n kyn\u00e4\u00e4 tai pomadaa.<\/p>\n<p><strong>SOVELLUS:<\/strong><br \/>\nKokeile, mik\u00e4 j\u00e4rjestys toimii sinulle parhaiten \u2013 muotoile kulmat kyn\u00e4ll\u00e4\/pomadalla ja aseta sitten karvat maskaralla, tai harjaa karvat maskaralla, odota sen asettumista ja t\u00e4yt\u00e4 mahdolliset aukot kyn\u00e4ll\u00e4 tai pomadalla.<\/p>\n<p><strong>MEIKKITAITEILIJAN VINKKI:<\/strong><br \/>\nK\u00e4yt\u00e4 vaaleampaa maskaras\u00e4vy\u00e4 kulmakarvojen alkuosan muotoiluun ja tummempaa loppuosaan saavuttaaksesi trendikk\u00e4\u00e4n ombre-efektin.<\/p>\n<p>Katso t\u00e4m\u00e4 julkaisu Instagramissa<\/p>\n<p>Julkaisu, jonka jakoi Claresa (@claresamakeup)<\/p>","protected":false},"excerpt":{"rendered":"<p>BROW BRO! Kulmamaskara pienell\u00e4, tarkalla harjalla. Korostaa t\u00e4ydellisesti kulmakarvojesi muotoa ja kesytt\u00e4\u00e4 jopa itsep\u00e4isimm\u00e4t karvat. Tuote antaa karvoille halutun v\u00e4rin<\/p>\n","protected":false},"featured_media":11085,"template":"","meta":[],"product_brand":[],"product_cat":[671],"product_tag":[],"class_list":{"0":"post-11086","1":"product","2":"type-product","3":"status-publish","4":"has-post-thumbnail","6":"product_cat-eyebrow-mascara","8":"first","9":"instock","10":"taxable","11":"shipping-taxable","12":"purchasable","13":"product-type-simple"},"yoast_head":"<!-- This site is optimized with the Yoast SEO plugin v24.4 - https:\/\/yoast.com\/wordpress\/plugins\/seo\/ -->\n<title>Claresa kulmageeli BROW BRO! 02 Tumma ruskea | Valika<\/title>\n<meta name=\"robots\" content=\"index, follow, max-snippet:-1, max-image-preview:large, max-video-preview:-1\" \/>\n<link rel=\"canonical\" href=\"https:\/\/valika.eu\/fi\/toode\/claresa-kulmuvarv-brow-bro-02-tumepruun\/\" \/>\n<meta property=\"og:locale\" content=\"fi_FI\" \/>\n<meta property=\"og:type\" content=\"article\" \/>\n<meta property=\"og:title\" content=\"Claresa kulmageeli BROW BRO! 02 Tumma ruskea | Valika\" \/>\n<meta property=\"og:description\" content=\"BROW BRO! Kulmamaskara pienell\u00e4, tarkalla harjalla. Korostaa t\u00e4ydellisesti kulmakarvojesi muotoa ja kesytt\u00e4\u00e4 jopa itsep\u00e4isimm\u00e4t karvat. Tuote antaa karvoille halutun v\u00e4rin\" \/>\n<meta property=\"og:url\" content=\"https:\/\/valika.eu\/fi\/toode\/claresa-kulmuvarv-brow-bro-02-tumepruun\/\" \/>\n<meta property=\"og:site_name\" content=\"Valika\" \/>\n<meta property=\"article:publisher\" content=\"https:\/\/www.facebook.com\/tipsi.net\" \/>\n<meta property=\"article:modified_time\" content=\"2025-07-02T02:03:16+00:00\" \/>\n<meta property=\"og:image\" content=\"https:\/\/valika.eu\/wp-content\/uploads\/2025\/01\/4861.jpg\" \/>\n\t<meta property=\"og:image:width\" content=\"1500\" \/>\n\t<meta property=\"og:image:height\" content=\"1500\" \/>\n\t<meta property=\"og:image:type\" content=\"image\/jpeg\" \/>\n<meta name=\"twitter:card\" content=\"summary_large_image\" \/>\n<script type=\"application\/ld+json\" class=\"yoast-schema-graph\">{\"@context\":\"https:\/\/schema.org\",\"@graph\":[{\"@type\":\"WebPage\",\"@id\":\"https:\/\/valika.eu\/fi\/toode\/claresa-kulmuvarv-brow-bro-02-tumepruun\/\",\"url\":\"https:\/\/valika.eu\/fi\/toode\/claresa-kulmuvarv-brow-bro-02-tumepruun\/\",\"name\":\"Claresa kulmageeli BROW BRO! 02 Tumma ruskea | Valika\",\"isPartOf\":{\"@id\":\"https:\/\/valika.eu\/fi\/#website\"},\"primaryImageOfPage\":{\"@id\":\"https:\/\/valika.eu\/fi\/toode\/claresa-kulmuvarv-brow-bro-02-tumepruun\/#primaryimage\"},\"image\":{\"@id\":\"https:\/\/valika.eu\/toode\/claresa-kulmuvarv-brow-bro-02-tumepruun\/#primaryimage\"},\"thumbnailUrl\":\"https:\/\/valika.eu\/wp-content\/uploads\/2025\/01\/4861.jpg\",\"datePublished\":\"2025-01-09T04:12:13+00:00\",\"dateModified\":\"2025-07-02T02:03:16+00:00\",\"breadcrumb\":{\"@id\":\"https:\/\/valika.eu\/fi\/toode\/claresa-kulmuvarv-brow-bro-02-tumepruun\/#breadcrumb\"},\"inLanguage\":\"fi\",\"potentialAction\":[{\"@type\":\"ReadAction\",\"target\":[[\"https:\/\/valika.eu\/fi\/toode\/claresa-kulmuvarv-brow-bro-02-tumepruun\/\"]]}]},{\"@type\":\"ImageObject\",\"inLanguage\":\"fi\",\"@id\":\"https:\/\/valika.eu\/fi\/toode\/claresa-kulmuvarv-brow-bro-02-tumepruun\/#primaryimage\",\"url\":\"https:\/\/valika.eu\/wp-content\/uploads\/2025\/01\/4861.jpg\",\"contentUrl\":\"https:\/\/valika.eu\/wp-content\/uploads\/2025\/01\/4861.jpg\",\"width\":1500,\"height\":1500},{\"@type\":\"BreadcrumbList\",\"@id\":\"https:\/\/valika.eu\/fi\/toode\/claresa-kulmuvarv-brow-bro-02-tumepruun\/#breadcrumb\",\"itemListElement\":[{\"@type\":\"ListItem\",\"position\":1,\"name\":\"Koti\",\"item\":\"https:\/\/valika.eu\/fi\/\"},{\"@type\":\"ListItem\",\"position\":2,\"name\":\"Shop\",\"item\":\"https:\/\/valika.eu\/fi\/\"},{\"@type\":\"ListItem\",\"position\":3,\"name\":\"Claresa eyebrow mascara BROW BRO! 02 Dark brown\"}]},{\"@type\":\"WebSite\",\"@id\":\"https:\/\/valika.eu\/fi\/#website\",\"url\":\"https:\/\/valika.eu\/fi\/\",\"name\":\"Valika.eu\",\"description\":\"Salonkituotteet ja kauneudenhoitotuotteet - Valika tarjoaa laajan valikoiman tuotteita ja tarvikkeita kynsiteknikoille, kauneushoitoloille, kampaamoille ja kampaamoille.\",\"publisher\":{\"@id\":\"https:\/\/valika.eu\/fi\/#organization\"},\"alternateName\":\"Valika\",\"potentialAction\":[{\"@type\":\"SearchAction\",\"target\":{\"@type\":\"EntryPoint\",\"urlTemplate\":\"https:\/\/valika.eu\/fi\/?s={search_term_string}\"},\"query-input\":{\"@type\":\"PropertyValueSpecification\",\"valueRequired\":true,\"valueName\":\"search_term_string\"}}],\"inLanguage\":\"fi\"},{\"@type\":\"Organization\",\"@id\":\"https:\/\/valika.eu\/fi\/#organization\",\"name\":\"Salongitoode O\u00dc\",\"alternateName\":\"Valika\",\"url\":\"https:\/\/valika.eu\/fi\/\",\"logo\":{\"@type\":\"ImageObject\",\"inLanguage\":\"fi\",\"@id\":\"https:\/\/valika.eu\/fi\/#\/schema\/logo\/image\/\",\"url\":\"https:\/\/valika.eu\/wp-content\/uploads\/2023\/11\/logo2-valika-footer.png\",\"contentUrl\":\"https:\/\/valika.eu\/wp-content\/uploads\/2023\/11\/logo2-valika-footer.png\",\"width\":200,\"height\":129,\"caption\":\"Salongitoode O\u00dc\"},\"image\":{\"@id\":\"https:\/\/valika.eu\/fi\/#\/schema\/logo\/image\/\"},\"sameAs\":[\"https:\/\/www.facebook.com\/tipsi.net\"]}]}<\/script>\n<!-- \/ Yoast SEO plugin. -->","yoast_head_json":{"title":"Claresa kulmageeli BROW BRO! 02 Tumma ruskea | Valika","robots":{"index":"index","follow":"follow","max-snippet":"max-snippet:-1","max-image-preview":"max-image-preview:large","max-video-preview":"max-video-preview:-1"},"canonical":"https:\/\/valika.eu\/fi\/toode\/claresa-kulmuvarv-brow-bro-02-tumepruun\/","og_locale":"fi_FI","og_type":"article","og_title":"Claresa kulmageeli BROW BRO! 02 Tumma ruskea | Valika","og_description":"BROW BRO! Kulmamaskara pienell\u00e4, tarkalla harjalla. Korostaa t\u00e4ydellisesti kulmakarvojesi muotoa ja kesytt\u00e4\u00e4 jopa itsep\u00e4isimm\u00e4t karvat. Tuote antaa karvoille halutun v\u00e4rin","og_url":"https:\/\/valika.eu\/fi\/toode\/claresa-kulmuvarv-brow-bro-02-tumepruun\/","og_site_name":"Valika","article_publisher":"https:\/\/www.facebook.com\/tipsi.net","article_modified_time":"2025-07-02T02:03:16+00:00","og_image":[{"width":1500,"height":1500,"url":"https:\/\/valika.eu\/wp-content\/uploads\/2025\/01\/4861.jpg","type":"image\/jpeg"}],"twitter_card":"summary_large_image","schema":{"@context":"https:\/\/schema.org","@graph":[{"@type":"WebPage","@id":"https:\/\/valika.eu\/fi\/toode\/claresa-kulmuvarv-brow-bro-02-tumepruun\/","url":"https:\/\/valika.eu\/fi\/toode\/claresa-kulmuvarv-brow-bro-02-tumepruun\/","name":"Claresa kulmageeli BROW BRO! 02 Tumma ruskea | Valika","isPartOf":{"@id":"https:\/\/valika.eu\/fi\/#website"},"primaryImageOfPage":{"@id":"https:\/\/valika.eu\/fi\/toode\/claresa-kulmuvarv-brow-bro-02-tumepruun\/#primaryimage"},"image":{"@id":"https:\/\/valika.eu\/toode\/claresa-kulmuvarv-brow-bro-02-tumepruun\/#primaryimage"},"thumbnailUrl":"https:\/\/valika.eu\/wp-content\/uploads\/2025\/01\/4861.jpg","datePublished":"2025-01-09T04:12:13+00:00","dateModified":"2025-07-02T02:03:16+00:00","breadcrumb":{"@id":"https:\/\/valika.eu\/fi\/toode\/claresa-kulmuvarv-brow-bro-02-tumepruun\/#breadcrumb"},"inLanguage":"fi","potentialAction":[{"@type":"ReadAction","target":[["https:\/\/valika.eu\/fi\/toode\/claresa-kulmuvarv-brow-bro-02-tumepruun\/"]]}]},{"@type":"ImageObject","inLanguage":"fi","@id":"https:\/\/valika.eu\/fi\/toode\/claresa-kulmuvarv-brow-bro-02-tumepruun\/#primaryimage","url":"https:\/\/valika.eu\/wp-content\/uploads\/2025\/01\/4861.jpg","contentUrl":"https:\/\/valika.eu\/wp-content\/uploads\/2025\/01\/4861.jpg","width":1500,"height":1500},{"@type":"BreadcrumbList","@id":"https:\/\/valika.eu\/fi\/toode\/claresa-kulmuvarv-brow-bro-02-tumepruun\/#breadcrumb","itemListElement":[{"@type":"ListItem","position":1,"name":"Koti","item":"https:\/\/valika.eu\/fi\/"},{"@type":"ListItem","position":2,"name":"Shop","item":"https:\/\/valika.eu\/fi\/"},{"@type":"ListItem","position":3,"name":"Claresa eyebrow mascara BROW BRO! 02 Dark brown"}]},{"@type":"WebSite","@id":"https:\/\/valika.eu\/fi\/#website","url":"https:\/\/valika.eu\/fi\/","name":"Valika.eu","description":"Salonkituotteet ja kauneudenhoitotuotteet - Valika tarjoaa laajan valikoiman tuotteita ja tarvikkeita kynsiteknikoille, kauneushoitoloille, kampaamoille ja kampaamoille.","publisher":{"@id":"https:\/\/valika.eu\/fi\/#organization"},"alternateName":"Valika","potentialAction":[{"@type":"SearchAction","target":{"@type":"EntryPoint","urlTemplate":"https:\/\/valika.eu\/fi\/?s={search_term_string}"},"query-input":{"@type":"PropertyValueSpecification","valueRequired":true,"valueName":"search_term_string"}}],"inLanguage":"fi"},{"@type":"Organization","@id":"https:\/\/valika.eu\/fi\/#organization","name":"Salongitoode O\u00dc","alternateName":"Valika","url":"https:\/\/valika.eu\/fi\/","logo":{"@type":"ImageObject","inLanguage":"fi","@id":"https:\/\/valika.eu\/fi\/#\/schema\/logo\/image\/","url":"https:\/\/valika.eu\/wp-content\/uploads\/2023\/11\/logo2-valika-footer.png","contentUrl":"https:\/\/valika.eu\/wp-content\/uploads\/2023\/11\/logo2-valika-footer.png","width":200,"height":129,"caption":"Salongitoode O\u00dc"},"image":{"@id":"https:\/\/valika.eu\/fi\/#\/schema\/logo\/image\/"},"sameAs":["https:\/\/www.facebook.com\/tipsi.net"]}]}},"jetpack_sharing_enabled":true,"_links":{"self":[{"href":"https:\/\/valika.eu\/fi\/wp-json\/wp\/v2\/product\/11086","targetHints":{"allow":["GET"]}}],"collection":[{"href":"https:\/\/valika.eu\/fi\/wp-json\/wp\/v2\/product"}],"about":[{"href":"https:\/\/valika.eu\/fi\/wp-json\/wp\/v2\/types\/product"}],"wp:featuredmedia":[{"embeddable":true,"href":"https:\/\/valika.eu\/fi\/wp-json\/wp\/v2\/media\/11085"}],"wp:attachment":[{"href":"https:\/\/valika.eu\/fi\/wp-json\/wp\/v2\/media?parent=11086"}],"wp:term":[{"taxonomy":"product_brand","embeddable":true,"href":"https:\/\/valika.eu\/fi\/wp-json\/wp\/v2\/product_brand?post=11086"},{"taxonomy":"product_cat","embeddable":true,"href":"https:\/\/valika.eu\/fi\/wp-json\/wp\/v2\/product_cat?post=11086"},{"taxonomy":"product_tag","embeddable":true,"href":"https:\/\/valika.eu\/fi\/wp-json\/wp\/v2\/product_tag?post=11086"}],"curies":[{"name":"wp","href":"https:\/\/api.w.org\/{rel}","templated":true}]}}