{"id":1109,"date":"2024-09-28T11:56:09","date_gmt":"2024-09-28T08:56:09","guid":{"rendered":"https:\/\/valika.eu\/?post_type=product&#038;p=1109"},"modified":"2025-07-02T05:08:11","modified_gmt":"2025-07-02T02:08:11","slug":"uhekordne-poll-juuksurile-25tk","status":"publish","type":"product","link":"https:\/\/valika.eu\/fi\/toode\/uhekordne-poll-juuksurile-25tk\/","title":{"rendered":"Kertak\u00e4ytt\u00f6inen esiliina kampaajalle 25 kpl"},"content":{"rendered":"<p>Kertak\u00e4ytt\u00f6iset essut kampaajille, 25 kpl.<br \/>\nValmistettu 20 mikronin polyeteenikalvosta.<br \/>\nValikoimassa on toiminnallisia essuja, jotka suojaavat vaatteita lialta ja kemikaaleilta tarjoten samalla mukavuutta ja liikkumavapautta. Vedenkest\u00e4v\u00e4t materiaalit ja s\u00e4\u00e4dett\u00e4v\u00e4t hihnat tekev\u00e4t niist\u00e4 ihanteellisen ty\u00f6v\u00e4lineen jokaiselle stylistille. Saatavilla useissa eri tyyleiss\u00e4, v\u00e4reiss\u00e4 ja kooissa, jotta ne sopivat salongin sisustukseen ja kampaajan omaan tyyliin. Helppohoitoisia ja kest\u00e4vi\u00e4 jokap\u00e4iv\u00e4isess\u00e4 k\u00e4yt\u00f6ss\u00e4.<\/p>","protected":false},"excerpt":{"rendered":"<p>Tyylikk\u00e4\u00e4t ja kest\u00e4v\u00e4t parturiesiliinat ammattilaisille &#8211; vedenpit\u00e4v\u00e4t ja helppohoitoiset.<\/p>\n","protected":false},"featured_media":1114,"template":"","meta":[],"product_brand":[],"product_cat":[348],"product_tag":[],"class_list":{"0":"post-1109","1":"product","2":"type-product","3":"status-publish","4":"has-post-thumbnail","6":"product_cat-poll-50tk","8":"first","9":"instock","10":"taxable","11":"shipping-taxable","12":"purchasable","13":"product-type-simple"},"yoast_head":"<!-- This site is optimized with the Yoast SEO plugin v24.4 - https:\/\/yoast.com\/wordpress\/plugins\/seo\/ -->\n<title>Kertak\u00e4ytt\u00f6inen esiliina kampaajalle 25 kpl | Valika<\/title>\n<meta name=\"description\" content=\"Avasta laia valikut funktsionaalseid juuksurip\u00f5llesid, mis sobivad ideaalselt professionaalsetele juuksuritele ja salongidele. Veekindlad, reguleeritavad ja kergesti hooldatavad p\u00f5lled erinevates stiilides ja v\u00e4rvitoonides\" \/>\n<meta name=\"robots\" content=\"index, follow, max-snippet:-1, max-image-preview:large, max-video-preview:-1\" \/>\n<link rel=\"canonical\" href=\"https:\/\/valika.eu\/fi\/toode\/uhekordne-poll-juuksurile-25tk\/\" \/>\n<meta property=\"og:locale\" content=\"fi_FI\" \/>\n<meta property=\"og:type\" content=\"article\" \/>\n<meta property=\"og:title\" content=\"Kertak\u00e4ytt\u00f6inen esiliina kampaajalle 25 kpl | Valika\" \/>\n<meta property=\"og:description\" content=\"Avasta laia valikut funktsionaalseid juuksurip\u00f5llesid, mis sobivad ideaalselt professionaalsetele juuksuritele ja salongidele. Veekindlad, reguleeritavad ja kergesti hooldatavad p\u00f5lled erinevates stiilides ja v\u00e4rvitoonides\" \/>\n<meta property=\"og:url\" content=\"https:\/\/valika.eu\/fi\/toode\/uhekordne-poll-juuksurile-25tk\/\" \/>\n<meta property=\"og:site_name\" content=\"Valika\" \/>\n<meta property=\"article:publisher\" content=\"https:\/\/www.facebook.com\/tipsi.net\" \/>\n<meta property=\"article:modified_time\" content=\"2025-07-02T02:08:11+00:00\" \/>\n<meta property=\"og:image\" content=\"https:\/\/valika.eu\/wp-content\/uploads\/2024\/09\/APRON.png\" \/>\n\t<meta property=\"og:image:width\" content=\"522\" \/>\n\t<meta property=\"og:image:height\" content=\"522\" \/>\n\t<meta property=\"og:image:type\" content=\"image\/png\" \/>\n<meta name=\"twitter:card\" content=\"summary_large_image\" \/>\n<script type=\"application\/ld+json\" class=\"yoast-schema-graph\">{\"@context\":\"https:\/\/schema.org\",\"@graph\":[{\"@type\":\"WebPage\",\"@id\":\"https:\/\/valika.eu\/fi\/toode\/uhekordne-poll-juuksurile-25tk\/\",\"url\":\"https:\/\/valika.eu\/fi\/toode\/uhekordne-poll-juuksurile-25tk\/\",\"name\":\"Kertak\u00e4ytt\u00f6inen esiliina kampaajalle 25 kpl | Valika\",\"isPartOf\":{\"@id\":\"https:\/\/valika.eu\/fi\/#website\"},\"primaryImageOfPage\":{\"@id\":\"https:\/\/valika.eu\/fi\/toode\/uhekordne-poll-juuksurile-25tk\/#primaryimage\"},\"image\":{\"@id\":\"https:\/\/valika.eu\/toode\/uhekordne-poll-juuksurile-25tk\/#primaryimage\"},\"thumbnailUrl\":\"https:\/\/valika.eu\/wp-content\/uploads\/2024\/09\/APRON.png\",\"datePublished\":\"2024-09-28T08:56:09+00:00\",\"dateModified\":\"2025-07-02T02:08:11+00:00\",\"description\":\"Avasta laia valikut funktsionaalseid juuksurip\u00f5llesid, mis sobivad ideaalselt professionaalsetele juuksuritele ja salongidele. Veekindlad, reguleeritavad ja kergesti hooldatavad p\u00f5lled erinevates stiilides ja v\u00e4rvitoonides\",\"breadcrumb\":{\"@id\":\"https:\/\/valika.eu\/fi\/toode\/uhekordne-poll-juuksurile-25tk\/#breadcrumb\"},\"inLanguage\":\"fi\",\"potentialAction\":[{\"@type\":\"ReadAction\",\"target\":[[\"https:\/\/valika.eu\/fi\/toode\/uhekordne-poll-juuksurile-25tk\/\"]]}]},{\"@type\":\"ImageObject\",\"inLanguage\":\"fi\",\"@id\":\"https:\/\/valika.eu\/fi\/toode\/uhekordne-poll-juuksurile-25tk\/#primaryimage\",\"url\":\"https:\/\/valika.eu\/wp-content\/uploads\/2024\/09\/APRON.png\",\"contentUrl\":\"https:\/\/valika.eu\/wp-content\/uploads\/2024\/09\/APRON.png\",\"width\":522,\"height\":522,\"caption\":\"P\u00d5LL APRON\"},{\"@type\":\"BreadcrumbList\",\"@id\":\"https:\/\/valika.eu\/fi\/toode\/uhekordne-poll-juuksurile-25tk\/#breadcrumb\",\"itemListElement\":[{\"@type\":\"ListItem\",\"position\":1,\"name\":\"Koti\",\"item\":\"https:\/\/valika.eu\/fi\/\"},{\"@type\":\"ListItem\",\"position\":2,\"name\":\"Shop\",\"item\":\"https:\/\/valika.eu\/fi\/\"},{\"@type\":\"ListItem\",\"position\":3,\"name\":\"Disposable apron for hairdresser 25 pcs\"}]},{\"@type\":\"WebSite\",\"@id\":\"https:\/\/valika.eu\/fi\/#website\",\"url\":\"https:\/\/valika.eu\/fi\/\",\"name\":\"Valika.eu\",\"description\":\"Salonkituotteet ja kauneudenhoitotuotteet - Valika tarjoaa laajan valikoiman tuotteita ja tarvikkeita kynsiteknikoille, kauneushoitoloille, kampaamoille ja kampaamoille.\",\"publisher\":{\"@id\":\"https:\/\/valika.eu\/fi\/#organization\"},\"alternateName\":\"Valika\",\"potentialAction\":[{\"@type\":\"SearchAction\",\"target\":{\"@type\":\"EntryPoint\",\"urlTemplate\":\"https:\/\/valika.eu\/fi\/?s={search_term_string}\"},\"query-input\":{\"@type\":\"PropertyValueSpecification\",\"valueRequired\":true,\"valueName\":\"search_term_string\"}}],\"inLanguage\":\"fi\"},{\"@type\":\"Organization\",\"@id\":\"https:\/\/valika.eu\/fi\/#organization\",\"name\":\"Salongitoode O\u00dc\",\"alternateName\":\"Valika\",\"url\":\"https:\/\/valika.eu\/fi\/\",\"logo\":{\"@type\":\"ImageObject\",\"inLanguage\":\"fi\",\"@id\":\"https:\/\/valika.eu\/fi\/#\/schema\/logo\/image\/\",\"url\":\"https:\/\/valika.eu\/wp-content\/uploads\/2023\/11\/logo2-valika-footer.png\",\"contentUrl\":\"https:\/\/valika.eu\/wp-content\/uploads\/2023\/11\/logo2-valika-footer.png\",\"width\":200,\"height\":129,\"caption\":\"Salongitoode O\u00dc\"},\"image\":{\"@id\":\"https:\/\/valika.eu\/fi\/#\/schema\/logo\/image\/\"},\"sameAs\":[\"https:\/\/www.facebook.com\/tipsi.net\"]}]}<\/script>\n<!-- \/ Yoast SEO plugin. -->","yoast_head_json":{"title":"Kertak\u00e4ytt\u00f6inen esiliina kampaajalle 25 kpl | Valika","description":"Avasta laia valikut funktsionaalseid juuksurip\u00f5llesid, mis sobivad ideaalselt professionaalsetele juuksuritele ja salongidele. Veekindlad, reguleeritavad ja kergesti hooldatavad p\u00f5lled erinevates stiilides ja v\u00e4rvitoonides","robots":{"index":"index","follow":"follow","max-snippet":"max-snippet:-1","max-image-preview":"max-image-preview:large","max-video-preview":"max-video-preview:-1"},"canonical":"https:\/\/valika.eu\/fi\/toode\/uhekordne-poll-juuksurile-25tk\/","og_locale":"fi_FI","og_type":"article","og_title":"Kertak\u00e4ytt\u00f6inen esiliina kampaajalle 25 kpl | Valika","og_description":"Avasta laia valikut funktsionaalseid juuksurip\u00f5llesid, mis sobivad ideaalselt professionaalsetele juuksuritele ja salongidele. Veekindlad, reguleeritavad ja kergesti hooldatavad p\u00f5lled erinevates stiilides ja v\u00e4rvitoonides","og_url":"https:\/\/valika.eu\/fi\/toode\/uhekordne-poll-juuksurile-25tk\/","og_site_name":"Valika","article_publisher":"https:\/\/www.facebook.com\/tipsi.net","article_modified_time":"2025-07-02T02:08:11+00:00","og_image":[{"width":522,"height":522,"url":"https:\/\/valika.eu\/wp-content\/uploads\/2024\/09\/APRON.png","type":"image\/png"}],"twitter_card":"summary_large_image","schema":{"@context":"https:\/\/schema.org","@graph":[{"@type":"WebPage","@id":"https:\/\/valika.eu\/fi\/toode\/uhekordne-poll-juuksurile-25tk\/","url":"https:\/\/valika.eu\/fi\/toode\/uhekordne-poll-juuksurile-25tk\/","name":"Kertak\u00e4ytt\u00f6inen esiliina kampaajalle 25 kpl | Valika","isPartOf":{"@id":"https:\/\/valika.eu\/fi\/#website"},"primaryImageOfPage":{"@id":"https:\/\/valika.eu\/fi\/toode\/uhekordne-poll-juuksurile-25tk\/#primaryimage"},"image":{"@id":"https:\/\/valika.eu\/toode\/uhekordne-poll-juuksurile-25tk\/#primaryimage"},"thumbnailUrl":"https:\/\/valika.eu\/wp-content\/uploads\/2024\/09\/APRON.png","datePublished":"2024-09-28T08:56:09+00:00","dateModified":"2025-07-02T02:08:11+00:00","description":"Avasta laia valikut funktsionaalseid juuksurip\u00f5llesid, mis sobivad ideaalselt professionaalsetele juuksuritele ja salongidele. Veekindlad, reguleeritavad ja kergesti hooldatavad p\u00f5lled erinevates stiilides ja v\u00e4rvitoonides","breadcrumb":{"@id":"https:\/\/valika.eu\/fi\/toode\/uhekordne-poll-juuksurile-25tk\/#breadcrumb"},"inLanguage":"fi","potentialAction":[{"@type":"ReadAction","target":[["https:\/\/valika.eu\/fi\/toode\/uhekordne-poll-juuksurile-25tk\/"]]}]},{"@type":"ImageObject","inLanguage":"fi","@id":"https:\/\/valika.eu\/fi\/toode\/uhekordne-poll-juuksurile-25tk\/#primaryimage","url":"https:\/\/valika.eu\/wp-content\/uploads\/2024\/09\/APRON.png","contentUrl":"https:\/\/valika.eu\/wp-content\/uploads\/2024\/09\/APRON.png","width":522,"height":522,"caption":"P\u00d5LL APRON"},{"@type":"BreadcrumbList","@id":"https:\/\/valika.eu\/fi\/toode\/uhekordne-poll-juuksurile-25tk\/#breadcrumb","itemListElement":[{"@type":"ListItem","position":1,"name":"Koti","item":"https:\/\/valika.eu\/fi\/"},{"@type":"ListItem","position":2,"name":"Shop","item":"https:\/\/valika.eu\/fi\/"},{"@type":"ListItem","position":3,"name":"Disposable apron for hairdresser 25 pcs"}]},{"@type":"WebSite","@id":"https:\/\/valika.eu\/fi\/#website","url":"https:\/\/valika.eu\/fi\/","name":"Valika.eu","description":"Salonkituotteet ja kauneudenhoitotuotteet - Valika tarjoaa laajan valikoiman tuotteita ja tarvikkeita kynsiteknikoille, kauneushoitoloille, kampaamoille ja kampaamoille.","publisher":{"@id":"https:\/\/valika.eu\/fi\/#organization"},"alternateName":"Valika","potentialAction":[{"@type":"SearchAction","target":{"@type":"EntryPoint","urlTemplate":"https:\/\/valika.eu\/fi\/?s={search_term_string}"},"query-input":{"@type":"PropertyValueSpecification","valueRequired":true,"valueName":"search_term_string"}}],"inLanguage":"fi"},{"@type":"Organization","@id":"https:\/\/valika.eu\/fi\/#organization","name":"Salongitoode O\u00dc","alternateName":"Valika","url":"https:\/\/valika.eu\/fi\/","logo":{"@type":"ImageObject","inLanguage":"fi","@id":"https:\/\/valika.eu\/fi\/#\/schema\/logo\/image\/","url":"https:\/\/valika.eu\/wp-content\/uploads\/2023\/11\/logo2-valika-footer.png","contentUrl":"https:\/\/valika.eu\/wp-content\/uploads\/2023\/11\/logo2-valika-footer.png","width":200,"height":129,"caption":"Salongitoode O\u00dc"},"image":{"@id":"https:\/\/valika.eu\/fi\/#\/schema\/logo\/image\/"},"sameAs":["https:\/\/www.facebook.com\/tipsi.net"]}]}},"jetpack_sharing_enabled":true,"_links":{"self":[{"href":"https:\/\/valika.eu\/fi\/wp-json\/wp\/v2\/product\/1109","targetHints":{"allow":["GET"]}}],"collection":[{"href":"https:\/\/valika.eu\/fi\/wp-json\/wp\/v2\/product"}],"about":[{"href":"https:\/\/valika.eu\/fi\/wp-json\/wp\/v2\/types\/product"}],"wp:featuredmedia":[{"embeddable":true,"href":"https:\/\/valika.eu\/fi\/wp-json\/wp\/v2\/media\/1114"}],"wp:attachment":[{"href":"https:\/\/valika.eu\/fi\/wp-json\/wp\/v2\/media?parent=1109"}],"wp:term":[{"taxonomy":"product_brand","embeddable":true,"href":"https:\/\/valika.eu\/fi\/wp-json\/wp\/v2\/product_brand?post=1109"},{"taxonomy":"product_cat","embeddable":true,"href":"https:\/\/valika.eu\/fi\/wp-json\/wp\/v2\/product_cat?post=1109"},{"taxonomy":"product_tag","embeddable":true,"href":"https:\/\/valika.eu\/fi\/wp-json\/wp\/v2\/product_tag?post=1109"}],"curies":[{"name":"wp","href":"https:\/\/api.w.org\/{rel}","templated":true}]}}