{"id":11111,"date":"2025-01-09T06:12:53","date_gmt":"2025-01-09T04:12:53","guid":{"rendered":"https:\/\/valika.eu\/toode\/claresa-kauakestev-kulmupomaad-now-brow-11-helepruun-4g\/"},"modified":"2026-01-07T19:57:02","modified_gmt":"2026-01-07T17:57:02","slug":"claresa-kauakestev-kulmupomaad-now-brow-11-helepruun-4g","status":"publish","type":"product","link":"https:\/\/valika.eu\/fi\/toode\/claresa-kauakestev-kulmupomaad-now-brow-11-helepruun-4g\/","title":{"rendered":"CLARESA PITK\u00c4KESTOINEN KULMAV\u00c4RI NOW BRO(W)! 11 VAALEANRUSKEA 4G"},"content":{"rendered":"<p>Intensiivisesti pigmentoitu, kiinnittyv\u00e4, kosteutta ja hike\u00e4 kest\u00e4v\u00e4 pomade kulmakarvojen tarkkaan t\u00e4ytt\u00e4miseen ja muotoiluun. Pitk\u00e4kestoinen, kerrostettava koostumus liukuu sujuvasti ihon ja karvojen yli, mahdollistaen sek\u00e4 luonnollisen karvamaisen vaikutelman ett\u00e4 intensiivisesti piirretyt ja t\u00e4ytetyt kulmat.<\/p>\n<p>HAUSKA FAKTA: Tuote sis\u00e4lt\u00e4\u00e4 kaoliinia, joka on eritt\u00e4in rikas hy\u00f6dyllisist\u00e4 aineista, kuten piist\u00e4, magnesiumista, alumiinista, sinkist\u00e4 ja mineraalisuoloista.<\/p>\n<p>K\u00c4YTT\u00d6: Levit\u00e4 pomade mukana tulevalla harjalla. Halutusta vaikutuksesta riippuen t\u00e4yt\u00e4 koko kulmakarvakaaret v\u00e4rill\u00e4 tai vain aukot, j\u00e4ljitellen luonnollisia karvoja. Lopuksi harjaa kulmat spoolie-harjalla poistaaksesi ylim\u00e4\u00e4r\u00e4isen tuotteen (harjaa ne yl\u00f6sp\u00e4in).<\/p>\n<p>MEIKKITAITEILIJAN VINKKI: Ty\u00f6st\u00e4 ensin pomade harjaan liikuttamalla sit\u00e4 sujuvasti vasemmalta oikealle ja takaisin kannen sis\u00e4puolella tai k\u00e4mmensel\u00e4ll\u00e4si. T\u00e4m\u00e4 est\u00e4\u00e4 ottamasta liikaa tuotetta, ja valmistellun harjan litte\u00e4 muoto varmistaa maksimaalisen tarkkuuden levityksess\u00e4.<\/p>","protected":false},"excerpt":{"rendered":"<p>Intensiivisesti pigmentoitu, kiinnittyv\u00e4, kosteutta ja hike\u00e4 kest\u00e4v\u00e4 pomade kulmakarvojen tarkkaan t\u00e4ytt\u00e4miseen ja muotoiluun. Pitk\u00e4kestoinen, kerrostettava koostumus liukuu sujuvasti ihon ja<\/p>\n","protected":false},"featured_media":11110,"template":"","meta":[],"product_brand":[],"product_cat":[672],"product_tag":[],"class_list":{"0":"post-11111","1":"product","2":"type-product","3":"status-publish","4":"has-post-thumbnail","6":"product_cat-eyebrow-pomade","8":"first","9":"instock","10":"taxable","11":"shipping-taxable","12":"purchasable","13":"product-type-simple"},"yoast_head":"<!-- This site is optimized with the Yoast SEO plugin v24.4 - https:\/\/yoast.com\/wordpress\/plugins\/seo\/ -->\n<title>CLARESA PITK\u00c4KESTOINEN KULMAV\u00c4RI NOW BRO(W)! 11 VAALEANRUSKEA 4G | Valika<\/title>\n<meta name=\"robots\" content=\"index, follow, max-snippet:-1, max-image-preview:large, max-video-preview:-1\" \/>\n<link rel=\"canonical\" href=\"https:\/\/valika.eu\/fi\/toode\/claresa-kauakestev-kulmupomaad-now-brow-11-helepruun-4g\/\" \/>\n<meta property=\"og:locale\" content=\"fi_FI\" \/>\n<meta property=\"og:type\" content=\"article\" \/>\n<meta property=\"og:title\" content=\"CLARESA PITK\u00c4KESTOINEN KULMAV\u00c4RI NOW BRO(W)! 11 VAALEANRUSKEA 4G | Valika\" \/>\n<meta property=\"og:description\" content=\"Intensiivisesti pigmentoitu, kiinnittyv\u00e4, kosteutta ja hike\u00e4 kest\u00e4v\u00e4 pomade kulmakarvojen tarkkaan t\u00e4ytt\u00e4miseen ja muotoiluun. Pitk\u00e4kestoinen, kerrostettava koostumus liukuu sujuvasti ihon ja\" \/>\n<meta property=\"og:url\" content=\"https:\/\/valika.eu\/fi\/toode\/claresa-kauakestev-kulmupomaad-now-brow-11-helepruun-4g\/\" \/>\n<meta property=\"og:site_name\" content=\"Valika\" \/>\n<meta property=\"article:publisher\" content=\"https:\/\/www.facebook.com\/tipsi.net\" \/>\n<meta property=\"article:modified_time\" content=\"2026-01-07T17:57:02+00:00\" \/>\n<meta property=\"og:image\" content=\"https:\/\/valika.eu\/wp-content\/uploads\/2025\/01\/6242.png\" \/>\n\t<meta property=\"og:image:width\" content=\"1500\" \/>\n\t<meta property=\"og:image:height\" content=\"1500\" \/>\n\t<meta property=\"og:image:type\" content=\"image\/png\" \/>\n<meta name=\"twitter:card\" content=\"summary_large_image\" \/>\n<script type=\"application\/ld+json\" class=\"yoast-schema-graph\">{\"@context\":\"https:\/\/schema.org\",\"@graph\":[{\"@type\":\"WebPage\",\"@id\":\"https:\/\/valika.eu\/fi\/toode\/claresa-kauakestev-kulmupomaad-now-brow-11-helepruun-4g\/\",\"url\":\"https:\/\/valika.eu\/fi\/toode\/claresa-kauakestev-kulmupomaad-now-brow-11-helepruun-4g\/\",\"name\":\"CLARESA PITK\u00c4KESTOINEN KULMAV\u00c4RI NOW BRO(W)! 11 VAALEANRUSKEA 4G | Valika\",\"isPartOf\":{\"@id\":\"https:\/\/valika.eu\/fi\/#website\"},\"primaryImageOfPage\":{\"@id\":\"https:\/\/valika.eu\/fi\/toode\/claresa-kauakestev-kulmupomaad-now-brow-11-helepruun-4g\/#primaryimage\"},\"image\":{\"@id\":\"https:\/\/valika.eu\/toode\/claresa-kauakestev-kulmupomaad-now-brow-11-helepruun-4g\/#primaryimage\"},\"thumbnailUrl\":\"https:\/\/valika.eu\/wp-content\/uploads\/2025\/01\/6242.png\",\"datePublished\":\"2025-01-09T04:12:53+00:00\",\"dateModified\":\"2026-01-07T17:57:02+00:00\",\"breadcrumb\":{\"@id\":\"https:\/\/valika.eu\/fi\/toode\/claresa-kauakestev-kulmupomaad-now-brow-11-helepruun-4g\/#breadcrumb\"},\"inLanguage\":\"fi\",\"potentialAction\":[{\"@type\":\"ReadAction\",\"target\":[[\"https:\/\/valika.eu\/fi\/toode\/claresa-kauakestev-kulmupomaad-now-brow-11-helepruun-4g\/\"]]}]},{\"@type\":\"ImageObject\",\"inLanguage\":\"fi\",\"@id\":\"https:\/\/valika.eu\/fi\/toode\/claresa-kauakestev-kulmupomaad-now-brow-11-helepruun-4g\/#primaryimage\",\"url\":\"https:\/\/valika.eu\/wp-content\/uploads\/2025\/01\/6242.png\",\"contentUrl\":\"https:\/\/valika.eu\/wp-content\/uploads\/2025\/01\/6242.png\",\"width\":1500,\"height\":1500},{\"@type\":\"BreadcrumbList\",\"@id\":\"https:\/\/valika.eu\/fi\/toode\/claresa-kauakestev-kulmupomaad-now-brow-11-helepruun-4g\/#breadcrumb\",\"itemListElement\":[{\"@type\":\"ListItem\",\"position\":1,\"name\":\"Koti\",\"item\":\"https:\/\/valika.eu\/fi\/\"},{\"@type\":\"ListItem\",\"position\":2,\"name\":\"Shop\",\"item\":\"https:\/\/valika.eu\/fi\/\"},{\"@type\":\"ListItem\",\"position\":3,\"name\":\"CLARESA LONG-LASTING EYEBROW POMADE NOW BRO(W)! 11 LIGHT BROWN 4G\"}]},{\"@type\":\"WebSite\",\"@id\":\"https:\/\/valika.eu\/fi\/#website\",\"url\":\"https:\/\/valika.eu\/fi\/\",\"name\":\"Valika.eu\",\"description\":\"Salonkituotteet ja kauneudenhoitotuotteet - Valika tarjoaa laajan valikoiman tuotteita ja tarvikkeita kynsiteknikoille, kauneushoitoloille, kampaamoille ja kampaamoille.\",\"publisher\":{\"@id\":\"https:\/\/valika.eu\/fi\/#organization\"},\"alternateName\":\"Valika\",\"potentialAction\":[{\"@type\":\"SearchAction\",\"target\":{\"@type\":\"EntryPoint\",\"urlTemplate\":\"https:\/\/valika.eu\/fi\/?s={search_term_string}\"},\"query-input\":{\"@type\":\"PropertyValueSpecification\",\"valueRequired\":true,\"valueName\":\"search_term_string\"}}],\"inLanguage\":\"fi\"},{\"@type\":\"Organization\",\"@id\":\"https:\/\/valika.eu\/fi\/#organization\",\"name\":\"Salongitoode O\u00dc\",\"alternateName\":\"Valika\",\"url\":\"https:\/\/valika.eu\/fi\/\",\"logo\":{\"@type\":\"ImageObject\",\"inLanguage\":\"fi\",\"@id\":\"https:\/\/valika.eu\/fi\/#\/schema\/logo\/image\/\",\"url\":\"https:\/\/valika.eu\/wp-content\/uploads\/2023\/11\/logo2-valika-footer.png\",\"contentUrl\":\"https:\/\/valika.eu\/wp-content\/uploads\/2023\/11\/logo2-valika-footer.png\",\"width\":200,\"height\":129,\"caption\":\"Salongitoode O\u00dc\"},\"image\":{\"@id\":\"https:\/\/valika.eu\/fi\/#\/schema\/logo\/image\/\"},\"sameAs\":[\"https:\/\/www.facebook.com\/tipsi.net\"]}]}<\/script>\n<!-- \/ Yoast SEO plugin. -->","yoast_head_json":{"title":"CLARESA PITK\u00c4KESTOINEN KULMAV\u00c4RI NOW BRO(W)! 11 VAALEANRUSKEA 4G | Valika","robots":{"index":"index","follow":"follow","max-snippet":"max-snippet:-1","max-image-preview":"max-image-preview:large","max-video-preview":"max-video-preview:-1"},"canonical":"https:\/\/valika.eu\/fi\/toode\/claresa-kauakestev-kulmupomaad-now-brow-11-helepruun-4g\/","og_locale":"fi_FI","og_type":"article","og_title":"CLARESA PITK\u00c4KESTOINEN KULMAV\u00c4RI NOW BRO(W)! 11 VAALEANRUSKEA 4G | Valika","og_description":"Intensiivisesti pigmentoitu, kiinnittyv\u00e4, kosteutta ja hike\u00e4 kest\u00e4v\u00e4 pomade kulmakarvojen tarkkaan t\u00e4ytt\u00e4miseen ja muotoiluun. Pitk\u00e4kestoinen, kerrostettava koostumus liukuu sujuvasti ihon ja","og_url":"https:\/\/valika.eu\/fi\/toode\/claresa-kauakestev-kulmupomaad-now-brow-11-helepruun-4g\/","og_site_name":"Valika","article_publisher":"https:\/\/www.facebook.com\/tipsi.net","article_modified_time":"2026-01-07T17:57:02+00:00","og_image":[{"width":1500,"height":1500,"url":"https:\/\/valika.eu\/wp-content\/uploads\/2025\/01\/6242.png","type":"image\/png"}],"twitter_card":"summary_large_image","schema":{"@context":"https:\/\/schema.org","@graph":[{"@type":"WebPage","@id":"https:\/\/valika.eu\/fi\/toode\/claresa-kauakestev-kulmupomaad-now-brow-11-helepruun-4g\/","url":"https:\/\/valika.eu\/fi\/toode\/claresa-kauakestev-kulmupomaad-now-brow-11-helepruun-4g\/","name":"CLARESA PITK\u00c4KESTOINEN KULMAV\u00c4RI NOW BRO(W)! 11 VAALEANRUSKEA 4G | Valika","isPartOf":{"@id":"https:\/\/valika.eu\/fi\/#website"},"primaryImageOfPage":{"@id":"https:\/\/valika.eu\/fi\/toode\/claresa-kauakestev-kulmupomaad-now-brow-11-helepruun-4g\/#primaryimage"},"image":{"@id":"https:\/\/valika.eu\/toode\/claresa-kauakestev-kulmupomaad-now-brow-11-helepruun-4g\/#primaryimage"},"thumbnailUrl":"https:\/\/valika.eu\/wp-content\/uploads\/2025\/01\/6242.png","datePublished":"2025-01-09T04:12:53+00:00","dateModified":"2026-01-07T17:57:02+00:00","breadcrumb":{"@id":"https:\/\/valika.eu\/fi\/toode\/claresa-kauakestev-kulmupomaad-now-brow-11-helepruun-4g\/#breadcrumb"},"inLanguage":"fi","potentialAction":[{"@type":"ReadAction","target":[["https:\/\/valika.eu\/fi\/toode\/claresa-kauakestev-kulmupomaad-now-brow-11-helepruun-4g\/"]]}]},{"@type":"ImageObject","inLanguage":"fi","@id":"https:\/\/valika.eu\/fi\/toode\/claresa-kauakestev-kulmupomaad-now-brow-11-helepruun-4g\/#primaryimage","url":"https:\/\/valika.eu\/wp-content\/uploads\/2025\/01\/6242.png","contentUrl":"https:\/\/valika.eu\/wp-content\/uploads\/2025\/01\/6242.png","width":1500,"height":1500},{"@type":"BreadcrumbList","@id":"https:\/\/valika.eu\/fi\/toode\/claresa-kauakestev-kulmupomaad-now-brow-11-helepruun-4g\/#breadcrumb","itemListElement":[{"@type":"ListItem","position":1,"name":"Koti","item":"https:\/\/valika.eu\/fi\/"},{"@type":"ListItem","position":2,"name":"Shop","item":"https:\/\/valika.eu\/fi\/"},{"@type":"ListItem","position":3,"name":"CLARESA LONG-LASTING EYEBROW POMADE NOW BRO(W)! 11 LIGHT BROWN 4G"}]},{"@type":"WebSite","@id":"https:\/\/valika.eu\/fi\/#website","url":"https:\/\/valika.eu\/fi\/","name":"Valika.eu","description":"Salonkituotteet ja kauneudenhoitotuotteet - Valika tarjoaa laajan valikoiman tuotteita ja tarvikkeita kynsiteknikoille, kauneushoitoloille, kampaamoille ja kampaamoille.","publisher":{"@id":"https:\/\/valika.eu\/fi\/#organization"},"alternateName":"Valika","potentialAction":[{"@type":"SearchAction","target":{"@type":"EntryPoint","urlTemplate":"https:\/\/valika.eu\/fi\/?s={search_term_string}"},"query-input":{"@type":"PropertyValueSpecification","valueRequired":true,"valueName":"search_term_string"}}],"inLanguage":"fi"},{"@type":"Organization","@id":"https:\/\/valika.eu\/fi\/#organization","name":"Salongitoode O\u00dc","alternateName":"Valika","url":"https:\/\/valika.eu\/fi\/","logo":{"@type":"ImageObject","inLanguage":"fi","@id":"https:\/\/valika.eu\/fi\/#\/schema\/logo\/image\/","url":"https:\/\/valika.eu\/wp-content\/uploads\/2023\/11\/logo2-valika-footer.png","contentUrl":"https:\/\/valika.eu\/wp-content\/uploads\/2023\/11\/logo2-valika-footer.png","width":200,"height":129,"caption":"Salongitoode O\u00dc"},"image":{"@id":"https:\/\/valika.eu\/fi\/#\/schema\/logo\/image\/"},"sameAs":["https:\/\/www.facebook.com\/tipsi.net"]}]}},"jetpack_sharing_enabled":true,"_links":{"self":[{"href":"https:\/\/valika.eu\/fi\/wp-json\/wp\/v2\/product\/11111","targetHints":{"allow":["GET"]}}],"collection":[{"href":"https:\/\/valika.eu\/fi\/wp-json\/wp\/v2\/product"}],"about":[{"href":"https:\/\/valika.eu\/fi\/wp-json\/wp\/v2\/types\/product"}],"wp:featuredmedia":[{"embeddable":true,"href":"https:\/\/valika.eu\/fi\/wp-json\/wp\/v2\/media\/11110"}],"wp:attachment":[{"href":"https:\/\/valika.eu\/fi\/wp-json\/wp\/v2\/media?parent=11111"}],"wp:term":[{"taxonomy":"product_brand","embeddable":true,"href":"https:\/\/valika.eu\/fi\/wp-json\/wp\/v2\/product_brand?post=11111"},{"taxonomy":"product_cat","embeddable":true,"href":"https:\/\/valika.eu\/fi\/wp-json\/wp\/v2\/product_cat?post=11111"},{"taxonomy":"product_tag","embeddable":true,"href":"https:\/\/valika.eu\/fi\/wp-json\/wp\/v2\/product_tag?post=11111"}],"curies":[{"name":"wp","href":"https:\/\/api.w.org\/{rel}","templated":true}]}}