{"id":11126,"date":"2025-01-09T06:13:17","date_gmt":"2025-01-09T04:13:17","guid":{"rendered":"https:\/\/valika.eu\/toode\/claresa-brow-double-espresso-tugevdav-geeljas-kulmuseerum-6g\/"},"modified":"2025-07-02T05:03:16","modified_gmt":"2025-07-02T02:03:16","slug":"claresa-brow-double-espresso-tugevdav-geeljas-kulmuseerum-6g","status":"publish","type":"product","link":"https:\/\/valika.eu\/fi\/toode\/claresa-brow-double-espresso-tugevdav-geeljas-kulmuseerum-6g\/","title":{"rendered":"CLARESA Brow DOUBLE ESPRESSO vahvistava geelis seerumi kulmakarvoille 6g"},"content":{"rendered":"<p>CLARESA BROW DOUBLE ESPRESSO vahvistava geeli-seerumi kulmakarvoille kofeiinilla<\/p>\n<p>Vahvistava geeli-seerumi, joka tekee kulmakarvoista paksummat, tihe\u00e4mm\u00e4t ja vahvemmat. Vegaaninen koostumus sis\u00e4lt\u00e4\u00e4 kofeiinia ja arginiinia, jotka antavat todellisen energiapotkun hiustupille. Vehn\u00e4n ja soijapavun iduista saadut uutteet, maitohappo ja glukonolaktoni luovat kompleksin, joka stimuloi hiusten kasvua ja parantaa niiden pituutta ja paksuutta. Kulmakarvoista tulee t\u00e4ytel\u00e4isemm\u00e4t, ravitut, vastustuskykyiset irtoamiselle ja mekaanisille vaurioille meikinpoiston aikana.<\/p>\n<p>Tuotetta suositellaan erityisesti henkil\u00f6ille, joiden kulmakarvat ovat luonnostaan heikot ja harvat, i\u00e4n my\u00f6t\u00e4 heikentyneet tai kemiallisten k\u00e4sittelyjen vaurioittamat.<\/p>\n<p>HAUSKA FAKTA<\/p>\n<p>Kofeiini vahvistaa hiusten rakennetta, silottaa niit\u00e4 ja est\u00e4\u00e4 hiustenl\u00e4ht\u00f6\u00e4, kun taas arginiini stimuloi hiustuppia kasvamaan.<\/p>\n<p>K\u00c4YTT\u00d6<\/p>\n<p>K\u00e4yt\u00e4 y\u00f6ll\u00e4 ja\/tai harjaa geeli meikattujen kulmakarvojen l\u00e4pi. K\u00e4yt\u00e4 s\u00e4\u00e4nn\u00f6llisesti nauttiaksesi hiusten vahvistumisesta ja paksuuntumisesta.<\/p>","protected":false},"excerpt":{"rendered":"<p>CLARESA BROW DOUBLE ESPRESSO vahvistava geeli-seerumi kulmakarvoille kofeiinilla Vahvistava geeli-seerumi, joka tekee kulmakarvoista paksummat, tihe\u00e4mm\u00e4t ja vahvemmat. Vegaaninen koostumus sis\u00e4lt\u00e4\u00e4<\/p>\n","protected":false},"featured_media":11125,"template":"","meta":[],"product_brand":[],"product_cat":[673],"product_tag":[],"class_list":{"0":"post-11126","1":"product","2":"type-product","3":"status-publish","4":"has-post-thumbnail","6":"product_cat-eyelash-and-eyebrow-serum","8":"first","9":"instock","10":"taxable","11":"shipping-taxable","12":"purchasable","13":"product-type-simple"},"yoast_head":"<!-- This site is optimized with the Yoast SEO plugin v24.4 - https:\/\/yoast.com\/wordpress\/plugins\/seo\/ -->\n<title>CLARESA Brow DOUBLE ESPRESSO vahvistava geelis seerumi kulmakarvoille 6g | Valika<\/title>\n<meta name=\"robots\" content=\"index, follow, max-snippet:-1, max-image-preview:large, max-video-preview:-1\" \/>\n<link rel=\"canonical\" href=\"https:\/\/valika.eu\/fi\/toode\/claresa-brow-double-espresso-tugevdav-geeljas-kulmuseerum-6g\/\" \/>\n<meta property=\"og:locale\" content=\"fi_FI\" \/>\n<meta property=\"og:type\" content=\"article\" \/>\n<meta property=\"og:title\" content=\"CLARESA Brow DOUBLE ESPRESSO vahvistava geelis seerumi kulmakarvoille 6g | Valika\" \/>\n<meta property=\"og:description\" content=\"CLARESA BROW DOUBLE ESPRESSO vahvistava geeli-seerumi kulmakarvoille kofeiinilla Vahvistava geeli-seerumi, joka tekee kulmakarvoista paksummat, tihe\u00e4mm\u00e4t ja vahvemmat. Vegaaninen koostumus sis\u00e4lt\u00e4\u00e4\" \/>\n<meta property=\"og:url\" content=\"https:\/\/valika.eu\/fi\/toode\/claresa-brow-double-espresso-tugevdav-geeljas-kulmuseerum-6g\/\" \/>\n<meta property=\"og:site_name\" content=\"Valika\" \/>\n<meta property=\"article:publisher\" content=\"https:\/\/www.facebook.com\/tipsi.net\" \/>\n<meta property=\"article:modified_time\" content=\"2025-07-02T02:03:16+00:00\" \/>\n<meta property=\"og:image\" content=\"https:\/\/valika.eu\/wp-content\/uploads\/2025\/01\/7561.jpg\" \/>\n\t<meta property=\"og:image:width\" content=\"1500\" \/>\n\t<meta property=\"og:image:height\" content=\"1500\" \/>\n\t<meta property=\"og:image:type\" content=\"image\/jpeg\" \/>\n<meta name=\"twitter:card\" content=\"summary_large_image\" \/>\n<script type=\"application\/ld+json\" class=\"yoast-schema-graph\">{\"@context\":\"https:\/\/schema.org\",\"@graph\":[{\"@type\":\"WebPage\",\"@id\":\"https:\/\/valika.eu\/fi\/toode\/claresa-brow-double-espresso-tugevdav-geeljas-kulmuseerum-6g\/\",\"url\":\"https:\/\/valika.eu\/fi\/toode\/claresa-brow-double-espresso-tugevdav-geeljas-kulmuseerum-6g\/\",\"name\":\"CLARESA Brow DOUBLE ESPRESSO vahvistava geelis seerumi kulmakarvoille 6g | Valika\",\"isPartOf\":{\"@id\":\"https:\/\/valika.eu\/fi\/#website\"},\"primaryImageOfPage\":{\"@id\":\"https:\/\/valika.eu\/fi\/toode\/claresa-brow-double-espresso-tugevdav-geeljas-kulmuseerum-6g\/#primaryimage\"},\"image\":{\"@id\":\"https:\/\/valika.eu\/toode\/claresa-brow-double-espresso-tugevdav-geeljas-kulmuseerum-6g\/#primaryimage\"},\"thumbnailUrl\":\"https:\/\/valika.eu\/wp-content\/uploads\/2025\/01\/7561.jpg\",\"datePublished\":\"2025-01-09T04:13:17+00:00\",\"dateModified\":\"2025-07-02T02:03:16+00:00\",\"breadcrumb\":{\"@id\":\"https:\/\/valika.eu\/fi\/toode\/claresa-brow-double-espresso-tugevdav-geeljas-kulmuseerum-6g\/#breadcrumb\"},\"inLanguage\":\"fi\",\"potentialAction\":[{\"@type\":\"ReadAction\",\"target\":[[\"https:\/\/valika.eu\/fi\/toode\/claresa-brow-double-espresso-tugevdav-geeljas-kulmuseerum-6g\/\"]]}]},{\"@type\":\"ImageObject\",\"inLanguage\":\"fi\",\"@id\":\"https:\/\/valika.eu\/fi\/toode\/claresa-brow-double-espresso-tugevdav-geeljas-kulmuseerum-6g\/#primaryimage\",\"url\":\"https:\/\/valika.eu\/wp-content\/uploads\/2025\/01\/7561.jpg\",\"contentUrl\":\"https:\/\/valika.eu\/wp-content\/uploads\/2025\/01\/7561.jpg\",\"width\":1500,\"height\":1500},{\"@type\":\"BreadcrumbList\",\"@id\":\"https:\/\/valika.eu\/fi\/toode\/claresa-brow-double-espresso-tugevdav-geeljas-kulmuseerum-6g\/#breadcrumb\",\"itemListElement\":[{\"@type\":\"ListItem\",\"position\":1,\"name\":\"Koti\",\"item\":\"https:\/\/valika.eu\/fi\/\"},{\"@type\":\"ListItem\",\"position\":2,\"name\":\"Shop\",\"item\":\"https:\/\/valika.eu\/fi\/\"},{\"@type\":\"ListItem\",\"position\":3,\"name\":\"CLARESA Brow DOUBLE ESPRESSO strengthening gel serum for eyebrows 6g\"}]},{\"@type\":\"WebSite\",\"@id\":\"https:\/\/valika.eu\/fi\/#website\",\"url\":\"https:\/\/valika.eu\/fi\/\",\"name\":\"Valika.eu\",\"description\":\"Salonkituotteet ja kauneudenhoitotuotteet - Valika tarjoaa laajan valikoiman tuotteita ja tarvikkeita kynsiteknikoille, kauneushoitoloille, kampaamoille ja kampaamoille.\",\"publisher\":{\"@id\":\"https:\/\/valika.eu\/fi\/#organization\"},\"alternateName\":\"Valika\",\"potentialAction\":[{\"@type\":\"SearchAction\",\"target\":{\"@type\":\"EntryPoint\",\"urlTemplate\":\"https:\/\/valika.eu\/fi\/?s={search_term_string}\"},\"query-input\":{\"@type\":\"PropertyValueSpecification\",\"valueRequired\":true,\"valueName\":\"search_term_string\"}}],\"inLanguage\":\"fi\"},{\"@type\":\"Organization\",\"@id\":\"https:\/\/valika.eu\/fi\/#organization\",\"name\":\"Salongitoode O\u00dc\",\"alternateName\":\"Valika\",\"url\":\"https:\/\/valika.eu\/fi\/\",\"logo\":{\"@type\":\"ImageObject\",\"inLanguage\":\"fi\",\"@id\":\"https:\/\/valika.eu\/fi\/#\/schema\/logo\/image\/\",\"url\":\"https:\/\/valika.eu\/wp-content\/uploads\/2023\/11\/logo2-valika-footer.png\",\"contentUrl\":\"https:\/\/valika.eu\/wp-content\/uploads\/2023\/11\/logo2-valika-footer.png\",\"width\":200,\"height\":129,\"caption\":\"Salongitoode O\u00dc\"},\"image\":{\"@id\":\"https:\/\/valika.eu\/fi\/#\/schema\/logo\/image\/\"},\"sameAs\":[\"https:\/\/www.facebook.com\/tipsi.net\"]}]}<\/script>\n<!-- \/ Yoast SEO plugin. -->","yoast_head_json":{"title":"CLARESA Brow DOUBLE ESPRESSO vahvistava geelis seerumi kulmakarvoille 6g | Valika","robots":{"index":"index","follow":"follow","max-snippet":"max-snippet:-1","max-image-preview":"max-image-preview:large","max-video-preview":"max-video-preview:-1"},"canonical":"https:\/\/valika.eu\/fi\/toode\/claresa-brow-double-espresso-tugevdav-geeljas-kulmuseerum-6g\/","og_locale":"fi_FI","og_type":"article","og_title":"CLARESA Brow DOUBLE ESPRESSO vahvistava geelis seerumi kulmakarvoille 6g | Valika","og_description":"CLARESA BROW DOUBLE ESPRESSO vahvistava geeli-seerumi kulmakarvoille kofeiinilla Vahvistava geeli-seerumi, joka tekee kulmakarvoista paksummat, tihe\u00e4mm\u00e4t ja vahvemmat. Vegaaninen koostumus sis\u00e4lt\u00e4\u00e4","og_url":"https:\/\/valika.eu\/fi\/toode\/claresa-brow-double-espresso-tugevdav-geeljas-kulmuseerum-6g\/","og_site_name":"Valika","article_publisher":"https:\/\/www.facebook.com\/tipsi.net","article_modified_time":"2025-07-02T02:03:16+00:00","og_image":[{"width":1500,"height":1500,"url":"https:\/\/valika.eu\/wp-content\/uploads\/2025\/01\/7561.jpg","type":"image\/jpeg"}],"twitter_card":"summary_large_image","schema":{"@context":"https:\/\/schema.org","@graph":[{"@type":"WebPage","@id":"https:\/\/valika.eu\/fi\/toode\/claresa-brow-double-espresso-tugevdav-geeljas-kulmuseerum-6g\/","url":"https:\/\/valika.eu\/fi\/toode\/claresa-brow-double-espresso-tugevdav-geeljas-kulmuseerum-6g\/","name":"CLARESA Brow DOUBLE ESPRESSO vahvistava geelis seerumi kulmakarvoille 6g | Valika","isPartOf":{"@id":"https:\/\/valika.eu\/fi\/#website"},"primaryImageOfPage":{"@id":"https:\/\/valika.eu\/fi\/toode\/claresa-brow-double-espresso-tugevdav-geeljas-kulmuseerum-6g\/#primaryimage"},"image":{"@id":"https:\/\/valika.eu\/toode\/claresa-brow-double-espresso-tugevdav-geeljas-kulmuseerum-6g\/#primaryimage"},"thumbnailUrl":"https:\/\/valika.eu\/wp-content\/uploads\/2025\/01\/7561.jpg","datePublished":"2025-01-09T04:13:17+00:00","dateModified":"2025-07-02T02:03:16+00:00","breadcrumb":{"@id":"https:\/\/valika.eu\/fi\/toode\/claresa-brow-double-espresso-tugevdav-geeljas-kulmuseerum-6g\/#breadcrumb"},"inLanguage":"fi","potentialAction":[{"@type":"ReadAction","target":[["https:\/\/valika.eu\/fi\/toode\/claresa-brow-double-espresso-tugevdav-geeljas-kulmuseerum-6g\/"]]}]},{"@type":"ImageObject","inLanguage":"fi","@id":"https:\/\/valika.eu\/fi\/toode\/claresa-brow-double-espresso-tugevdav-geeljas-kulmuseerum-6g\/#primaryimage","url":"https:\/\/valika.eu\/wp-content\/uploads\/2025\/01\/7561.jpg","contentUrl":"https:\/\/valika.eu\/wp-content\/uploads\/2025\/01\/7561.jpg","width":1500,"height":1500},{"@type":"BreadcrumbList","@id":"https:\/\/valika.eu\/fi\/toode\/claresa-brow-double-espresso-tugevdav-geeljas-kulmuseerum-6g\/#breadcrumb","itemListElement":[{"@type":"ListItem","position":1,"name":"Koti","item":"https:\/\/valika.eu\/fi\/"},{"@type":"ListItem","position":2,"name":"Shop","item":"https:\/\/valika.eu\/fi\/"},{"@type":"ListItem","position":3,"name":"CLARESA Brow DOUBLE ESPRESSO strengthening gel serum for eyebrows 6g"}]},{"@type":"WebSite","@id":"https:\/\/valika.eu\/fi\/#website","url":"https:\/\/valika.eu\/fi\/","name":"Valika.eu","description":"Salonkituotteet ja kauneudenhoitotuotteet - Valika tarjoaa laajan valikoiman tuotteita ja tarvikkeita kynsiteknikoille, kauneushoitoloille, kampaamoille ja kampaamoille.","publisher":{"@id":"https:\/\/valika.eu\/fi\/#organization"},"alternateName":"Valika","potentialAction":[{"@type":"SearchAction","target":{"@type":"EntryPoint","urlTemplate":"https:\/\/valika.eu\/fi\/?s={search_term_string}"},"query-input":{"@type":"PropertyValueSpecification","valueRequired":true,"valueName":"search_term_string"}}],"inLanguage":"fi"},{"@type":"Organization","@id":"https:\/\/valika.eu\/fi\/#organization","name":"Salongitoode O\u00dc","alternateName":"Valika","url":"https:\/\/valika.eu\/fi\/","logo":{"@type":"ImageObject","inLanguage":"fi","@id":"https:\/\/valika.eu\/fi\/#\/schema\/logo\/image\/","url":"https:\/\/valika.eu\/wp-content\/uploads\/2023\/11\/logo2-valika-footer.png","contentUrl":"https:\/\/valika.eu\/wp-content\/uploads\/2023\/11\/logo2-valika-footer.png","width":200,"height":129,"caption":"Salongitoode O\u00dc"},"image":{"@id":"https:\/\/valika.eu\/fi\/#\/schema\/logo\/image\/"},"sameAs":["https:\/\/www.facebook.com\/tipsi.net"]}]}},"jetpack_sharing_enabled":true,"_links":{"self":[{"href":"https:\/\/valika.eu\/fi\/wp-json\/wp\/v2\/product\/11126","targetHints":{"allow":["GET"]}}],"collection":[{"href":"https:\/\/valika.eu\/fi\/wp-json\/wp\/v2\/product"}],"about":[{"href":"https:\/\/valika.eu\/fi\/wp-json\/wp\/v2\/types\/product"}],"wp:featuredmedia":[{"embeddable":true,"href":"https:\/\/valika.eu\/fi\/wp-json\/wp\/v2\/media\/11125"}],"wp:attachment":[{"href":"https:\/\/valika.eu\/fi\/wp-json\/wp\/v2\/media?parent=11126"}],"wp:term":[{"taxonomy":"product_brand","embeddable":true,"href":"https:\/\/valika.eu\/fi\/wp-json\/wp\/v2\/product_brand?post=11126"},{"taxonomy":"product_cat","embeddable":true,"href":"https:\/\/valika.eu\/fi\/wp-json\/wp\/v2\/product_cat?post=11126"},{"taxonomy":"product_tag","embeddable":true,"href":"https:\/\/valika.eu\/fi\/wp-json\/wp\/v2\/product_tag?post=11126"}],"curies":[{"name":"wp","href":"https:\/\/api.w.org\/{rel}","templated":true}]}}