{"id":11160,"date":"2025-01-09T06:14:02","date_gmt":"2025-01-09T04:14:02","guid":{"rendered":"https:\/\/valika.eu\/toode\/claresa-ripsmetuss-sugarpowder-volumemore-autorilt-klaudia-cukier-puder\/"},"modified":"2025-07-02T05:03:16","modified_gmt":"2025-07-02T02:03:16","slug":"claresa-ripsmetuss-sugarpowder-volumemore-autorilt-klaudia-cukier-puder","status":"publish","type":"product","link":"https:\/\/valika.eu\/fi\/toode\/claresa-ripsmetuss-sugarpowder-volumemore-autorilt-klaudia-cukier-puder\/","title":{"rendered":"CLARESA Maskara SUGARPOWDER VOLUME&#038;MORE by Klaudia Sokeri Puuteri"},"content":{"rendered":"<p>SUGARPOWDER-kokoelma Klaudia Cukier Puderilta on tulos yhteisty\u00f6st\u00e4 CLARESA-br\u00e4ndin ja tunnetun kauneusvaikuttajan Klaudia \u0141a\u0144cuckan kanssa. Tunnettu nimell\u00e4 Klaudia Cukier Puder, kosmetologi ja meikkitaiteilija yll\u00e4pit\u00e4\u00e4 suosittuja kanavia YouTubessa, Instagramissa ja TikTokissa, auttaen tutkimaan meikin salaisuuksia ja n\u00e4ytt\u00e4en, kuinka hoitaa ihoa. Kokoelma alkaa luomiv\u00e4ripaletilla, irtohehkupuuterilla, nelj\u00e4ll\u00e4 huulikiillolla ja ripsiv\u00e4rill\u00e4. Tuotteet kehitettiin tiiviiss\u00e4 yhteisty\u00f6ss\u00e4 Klaudian kanssa, ja v\u00e4rit valitsi ja kokosi h\u00e4n itse, ja niiden ominaisuudet heijastavat sit\u00e4, mit\u00e4 h\u00e4n itse pit\u00e4\u00e4 ja suosittelee meikiss\u00e4. Klaudian Volume&#038;More-ripsiv\u00e4ri antaa ripsille volyymia, pident\u00e4\u00e4 ja erottaa ne intensiivisen mustassa v\u00e4riss\u00e4. Sen pitk\u00e4kestoinen koostumus on t\u00e4ynn\u00e4 ripsille hy\u00f6dyllisi\u00e4 ainesosia: argan\u00f6ljy ravitsee, hoitaa ja vahvistaa niit\u00e4, risiini\u00f6ljy stimuloi niiden kasvua, glyseriini toimii suojaavasti ja pantenoli est\u00e4\u00e4 \u00e4rsytyst\u00e4.<\/p>\n<p>Ripsiv\u00e4rist\u00e4 Klaudia sanoo: &#8220;Ripsiv\u00e4ri, joka kauniisti pident\u00e4\u00e4, erottaa ripset ja antaa luonnollisen viuhkamaisen vaikutelman! Olen testannut monia, ja t\u00e4m\u00e4 on vaikutus, josta pid\u00e4n eniten. Helppo ja miellytt\u00e4v\u00e4 k\u00e4ytt\u00e4\u00e4 silikoniharjan ansiosta, joka kauniisti kampaa ripset.&#8221;<\/p>","protected":false},"excerpt":{"rendered":"<p>SUGARPOWDER-kokoelma Klaudia Cukier Puderilta on tulos yhteisty\u00f6st\u00e4 CLARESA-br\u00e4ndin ja tunnetun kauneusvaikuttajan Klaudia \u0141a\u0144cuckan kanssa. Tunnettu nimell\u00e4 Klaudia Cukier Puder, kosmetologi<\/p>\n","protected":false},"featured_media":11159,"template":"","meta":[],"product_brand":[],"product_cat":[681],"product_tag":[],"class_list":{"0":"post-11160","1":"product","2":"type-product","3":"status-publish","4":"has-post-thumbnail","6":"product_cat-mascara","8":"first","9":"instock","10":"taxable","11":"shipping-taxable","12":"purchasable","13":"product-type-simple"},"yoast_head":"<!-- This site is optimized with the Yoast SEO plugin v24.4 - https:\/\/yoast.com\/wordpress\/plugins\/seo\/ -->\n<title>CLARESA Maskara SUGARPOWDER VOLUME&amp;MORE by Klaudia Sokeri Puuteri | Valika<\/title>\n<meta name=\"robots\" content=\"index, follow, max-snippet:-1, max-image-preview:large, max-video-preview:-1\" \/>\n<link rel=\"canonical\" href=\"https:\/\/valika.eu\/fi\/toode\/claresa-ripsmetuss-sugarpowder-volumemore-autorilt-klaudia-cukier-puder\/\" \/>\n<meta property=\"og:locale\" content=\"fi_FI\" \/>\n<meta property=\"og:type\" content=\"article\" \/>\n<meta property=\"og:title\" content=\"CLARESA Maskara SUGARPOWDER VOLUME&amp;MORE by Klaudia Sokeri Puuteri | Valika\" \/>\n<meta property=\"og:description\" content=\"SUGARPOWDER-kokoelma Klaudia Cukier Puderilta on tulos yhteisty\u00f6st\u00e4 CLARESA-br\u00e4ndin ja tunnetun kauneusvaikuttajan Klaudia \u0141a\u0144cuckan kanssa. Tunnettu nimell\u00e4 Klaudia Cukier Puder, kosmetologi\" \/>\n<meta property=\"og:url\" content=\"https:\/\/valika.eu\/fi\/toode\/claresa-ripsmetuss-sugarpowder-volumemore-autorilt-klaudia-cukier-puder\/\" \/>\n<meta property=\"og:site_name\" content=\"Valika\" \/>\n<meta property=\"article:publisher\" content=\"https:\/\/www.facebook.com\/tipsi.net\" \/>\n<meta property=\"article:modified_time\" content=\"2025-07-02T02:03:16+00:00\" \/>\n<meta property=\"og:image\" content=\"https:\/\/valika.eu\/wp-content\/uploads\/2025\/01\/6193.jpg\" \/>\n\t<meta property=\"og:image:width\" content=\"1500\" \/>\n\t<meta property=\"og:image:height\" content=\"1500\" \/>\n\t<meta property=\"og:image:type\" content=\"image\/jpeg\" \/>\n<meta name=\"twitter:card\" content=\"summary_large_image\" \/>\n<script type=\"application\/ld+json\" class=\"yoast-schema-graph\">{\"@context\":\"https:\/\/schema.org\",\"@graph\":[{\"@type\":\"WebPage\",\"@id\":\"https:\/\/valika.eu\/fi\/toode\/claresa-ripsmetuss-sugarpowder-volumemore-autorilt-klaudia-cukier-puder\/\",\"url\":\"https:\/\/valika.eu\/fi\/toode\/claresa-ripsmetuss-sugarpowder-volumemore-autorilt-klaudia-cukier-puder\/\",\"name\":\"CLARESA Maskara SUGARPOWDER VOLUME&MORE by Klaudia Sokeri Puuteri | Valika\",\"isPartOf\":{\"@id\":\"https:\/\/valika.eu\/fi\/#website\"},\"primaryImageOfPage\":{\"@id\":\"https:\/\/valika.eu\/fi\/toode\/claresa-ripsmetuss-sugarpowder-volumemore-autorilt-klaudia-cukier-puder\/#primaryimage\"},\"image\":{\"@id\":\"https:\/\/valika.eu\/toode\/claresa-ripsmetuss-sugarpowder-volumemore-autorilt-klaudia-cukier-puder\/#primaryimage\"},\"thumbnailUrl\":\"https:\/\/valika.eu\/wp-content\/uploads\/2025\/01\/6193.jpg\",\"datePublished\":\"2025-01-09T04:14:02+00:00\",\"dateModified\":\"2025-07-02T02:03:16+00:00\",\"breadcrumb\":{\"@id\":\"https:\/\/valika.eu\/fi\/toode\/claresa-ripsmetuss-sugarpowder-volumemore-autorilt-klaudia-cukier-puder\/#breadcrumb\"},\"inLanguage\":\"fi\",\"potentialAction\":[{\"@type\":\"ReadAction\",\"target\":[[\"https:\/\/valika.eu\/fi\/toode\/claresa-ripsmetuss-sugarpowder-volumemore-autorilt-klaudia-cukier-puder\/\"]]}]},{\"@type\":\"ImageObject\",\"inLanguage\":\"fi\",\"@id\":\"https:\/\/valika.eu\/fi\/toode\/claresa-ripsmetuss-sugarpowder-volumemore-autorilt-klaudia-cukier-puder\/#primaryimage\",\"url\":\"https:\/\/valika.eu\/wp-content\/uploads\/2025\/01\/6193.jpg\",\"contentUrl\":\"https:\/\/valika.eu\/wp-content\/uploads\/2025\/01\/6193.jpg\",\"width\":1500,\"height\":1500},{\"@type\":\"BreadcrumbList\",\"@id\":\"https:\/\/valika.eu\/fi\/toode\/claresa-ripsmetuss-sugarpowder-volumemore-autorilt-klaudia-cukier-puder\/#breadcrumb\",\"itemListElement\":[{\"@type\":\"ListItem\",\"position\":1,\"name\":\"Koti\",\"item\":\"https:\/\/valika.eu\/fi\/\"},{\"@type\":\"ListItem\",\"position\":2,\"name\":\"Shop\",\"item\":\"https:\/\/valika.eu\/fi\/\"},{\"@type\":\"ListItem\",\"position\":3,\"name\":\"CLARESA Mascara SUGARPOWDER VOLUME&#038;MORE by Klaudia Cukier Puder\"}]},{\"@type\":\"WebSite\",\"@id\":\"https:\/\/valika.eu\/fi\/#website\",\"url\":\"https:\/\/valika.eu\/fi\/\",\"name\":\"Valika.eu\",\"description\":\"Salonkituotteet ja kauneudenhoitotuotteet - Valika tarjoaa laajan valikoiman tuotteita ja tarvikkeita kynsiteknikoille, kauneushoitoloille, kampaamoille ja kampaamoille.\",\"publisher\":{\"@id\":\"https:\/\/valika.eu\/fi\/#organization\"},\"alternateName\":\"Valika\",\"potentialAction\":[{\"@type\":\"SearchAction\",\"target\":{\"@type\":\"EntryPoint\",\"urlTemplate\":\"https:\/\/valika.eu\/fi\/?s={search_term_string}\"},\"query-input\":{\"@type\":\"PropertyValueSpecification\",\"valueRequired\":true,\"valueName\":\"search_term_string\"}}],\"inLanguage\":\"fi\"},{\"@type\":\"Organization\",\"@id\":\"https:\/\/valika.eu\/fi\/#organization\",\"name\":\"Salongitoode O\u00dc\",\"alternateName\":\"Valika\",\"url\":\"https:\/\/valika.eu\/fi\/\",\"logo\":{\"@type\":\"ImageObject\",\"inLanguage\":\"fi\",\"@id\":\"https:\/\/valika.eu\/fi\/#\/schema\/logo\/image\/\",\"url\":\"https:\/\/valika.eu\/wp-content\/uploads\/2023\/11\/logo2-valika-footer.png\",\"contentUrl\":\"https:\/\/valika.eu\/wp-content\/uploads\/2023\/11\/logo2-valika-footer.png\",\"width\":200,\"height\":129,\"caption\":\"Salongitoode O\u00dc\"},\"image\":{\"@id\":\"https:\/\/valika.eu\/fi\/#\/schema\/logo\/image\/\"},\"sameAs\":[\"https:\/\/www.facebook.com\/tipsi.net\"]}]}<\/script>\n<!-- \/ Yoast SEO plugin. -->","yoast_head_json":{"title":"CLARESA Maskara SUGARPOWDER VOLUME&MORE by Klaudia Sokeri Puuteri | Valika","robots":{"index":"index","follow":"follow","max-snippet":"max-snippet:-1","max-image-preview":"max-image-preview:large","max-video-preview":"max-video-preview:-1"},"canonical":"https:\/\/valika.eu\/fi\/toode\/claresa-ripsmetuss-sugarpowder-volumemore-autorilt-klaudia-cukier-puder\/","og_locale":"fi_FI","og_type":"article","og_title":"CLARESA Maskara SUGARPOWDER VOLUME&MORE by Klaudia Sokeri Puuteri | Valika","og_description":"SUGARPOWDER-kokoelma Klaudia Cukier Puderilta on tulos yhteisty\u00f6st\u00e4 CLARESA-br\u00e4ndin ja tunnetun kauneusvaikuttajan Klaudia \u0141a\u0144cuckan kanssa. Tunnettu nimell\u00e4 Klaudia Cukier Puder, kosmetologi","og_url":"https:\/\/valika.eu\/fi\/toode\/claresa-ripsmetuss-sugarpowder-volumemore-autorilt-klaudia-cukier-puder\/","og_site_name":"Valika","article_publisher":"https:\/\/www.facebook.com\/tipsi.net","article_modified_time":"2025-07-02T02:03:16+00:00","og_image":[{"width":1500,"height":1500,"url":"https:\/\/valika.eu\/wp-content\/uploads\/2025\/01\/6193.jpg","type":"image\/jpeg"}],"twitter_card":"summary_large_image","schema":{"@context":"https:\/\/schema.org","@graph":[{"@type":"WebPage","@id":"https:\/\/valika.eu\/fi\/toode\/claresa-ripsmetuss-sugarpowder-volumemore-autorilt-klaudia-cukier-puder\/","url":"https:\/\/valika.eu\/fi\/toode\/claresa-ripsmetuss-sugarpowder-volumemore-autorilt-klaudia-cukier-puder\/","name":"CLARESA Maskara SUGARPOWDER VOLUME&MORE by Klaudia Sokeri Puuteri | Valika","isPartOf":{"@id":"https:\/\/valika.eu\/fi\/#website"},"primaryImageOfPage":{"@id":"https:\/\/valika.eu\/fi\/toode\/claresa-ripsmetuss-sugarpowder-volumemore-autorilt-klaudia-cukier-puder\/#primaryimage"},"image":{"@id":"https:\/\/valika.eu\/toode\/claresa-ripsmetuss-sugarpowder-volumemore-autorilt-klaudia-cukier-puder\/#primaryimage"},"thumbnailUrl":"https:\/\/valika.eu\/wp-content\/uploads\/2025\/01\/6193.jpg","datePublished":"2025-01-09T04:14:02+00:00","dateModified":"2025-07-02T02:03:16+00:00","breadcrumb":{"@id":"https:\/\/valika.eu\/fi\/toode\/claresa-ripsmetuss-sugarpowder-volumemore-autorilt-klaudia-cukier-puder\/#breadcrumb"},"inLanguage":"fi","potentialAction":[{"@type":"ReadAction","target":[["https:\/\/valika.eu\/fi\/toode\/claresa-ripsmetuss-sugarpowder-volumemore-autorilt-klaudia-cukier-puder\/"]]}]},{"@type":"ImageObject","inLanguage":"fi","@id":"https:\/\/valika.eu\/fi\/toode\/claresa-ripsmetuss-sugarpowder-volumemore-autorilt-klaudia-cukier-puder\/#primaryimage","url":"https:\/\/valika.eu\/wp-content\/uploads\/2025\/01\/6193.jpg","contentUrl":"https:\/\/valika.eu\/wp-content\/uploads\/2025\/01\/6193.jpg","width":1500,"height":1500},{"@type":"BreadcrumbList","@id":"https:\/\/valika.eu\/fi\/toode\/claresa-ripsmetuss-sugarpowder-volumemore-autorilt-klaudia-cukier-puder\/#breadcrumb","itemListElement":[{"@type":"ListItem","position":1,"name":"Koti","item":"https:\/\/valika.eu\/fi\/"},{"@type":"ListItem","position":2,"name":"Shop","item":"https:\/\/valika.eu\/fi\/"},{"@type":"ListItem","position":3,"name":"CLARESA Mascara SUGARPOWDER VOLUME&#038;MORE by Klaudia Cukier Puder"}]},{"@type":"WebSite","@id":"https:\/\/valika.eu\/fi\/#website","url":"https:\/\/valika.eu\/fi\/","name":"Valika.eu","description":"Salonkituotteet ja kauneudenhoitotuotteet - Valika tarjoaa laajan valikoiman tuotteita ja tarvikkeita kynsiteknikoille, kauneushoitoloille, kampaamoille ja kampaamoille.","publisher":{"@id":"https:\/\/valika.eu\/fi\/#organization"},"alternateName":"Valika","potentialAction":[{"@type":"SearchAction","target":{"@type":"EntryPoint","urlTemplate":"https:\/\/valika.eu\/fi\/?s={search_term_string}"},"query-input":{"@type":"PropertyValueSpecification","valueRequired":true,"valueName":"search_term_string"}}],"inLanguage":"fi"},{"@type":"Organization","@id":"https:\/\/valika.eu\/fi\/#organization","name":"Salongitoode O\u00dc","alternateName":"Valika","url":"https:\/\/valika.eu\/fi\/","logo":{"@type":"ImageObject","inLanguage":"fi","@id":"https:\/\/valika.eu\/fi\/#\/schema\/logo\/image\/","url":"https:\/\/valika.eu\/wp-content\/uploads\/2023\/11\/logo2-valika-footer.png","contentUrl":"https:\/\/valika.eu\/wp-content\/uploads\/2023\/11\/logo2-valika-footer.png","width":200,"height":129,"caption":"Salongitoode O\u00dc"},"image":{"@id":"https:\/\/valika.eu\/fi\/#\/schema\/logo\/image\/"},"sameAs":["https:\/\/www.facebook.com\/tipsi.net"]}]}},"jetpack_sharing_enabled":true,"_links":{"self":[{"href":"https:\/\/valika.eu\/fi\/wp-json\/wp\/v2\/product\/11160","targetHints":{"allow":["GET"]}}],"collection":[{"href":"https:\/\/valika.eu\/fi\/wp-json\/wp\/v2\/product"}],"about":[{"href":"https:\/\/valika.eu\/fi\/wp-json\/wp\/v2\/types\/product"}],"wp:featuredmedia":[{"embeddable":true,"href":"https:\/\/valika.eu\/fi\/wp-json\/wp\/v2\/media\/11159"}],"wp:attachment":[{"href":"https:\/\/valika.eu\/fi\/wp-json\/wp\/v2\/media?parent=11160"}],"wp:term":[{"taxonomy":"product_brand","embeddable":true,"href":"https:\/\/valika.eu\/fi\/wp-json\/wp\/v2\/product_brand?post=11160"},{"taxonomy":"product_cat","embeddable":true,"href":"https:\/\/valika.eu\/fi\/wp-json\/wp\/v2\/product_cat?post=11160"},{"taxonomy":"product_tag","embeddable":true,"href":"https:\/\/valika.eu\/fi\/wp-json\/wp\/v2\/product_tag?post=11160"}],"curies":[{"name":"wp","href":"https:\/\/api.w.org\/{rel}","templated":true}]}}