{"id":1117,"date":"2024-09-28T13:01:18","date_gmt":"2024-09-28T10:01:18","guid":{"rendered":"https:\/\/valika.eu\/?post_type=product&#038;p=1117"},"modified":"2025-07-02T05:08:11","modified_gmt":"2025-07-02T02:08:11","slug":"steriliseerimiskarp","status":"publish","type":"product","link":"https:\/\/valika.eu\/fi\/toode\/steriliseerimiskarp\/","title":{"rendered":"sterilointilaatikko"},"content":{"rendered":"<p>Erinomainen astia instrumenttien sterilointiin.<br \/>\nLaadukas muovitarvike, joka on suunniteltu manikyyrin, pedikyyrin ja kosmetiikan sterilointiin erityisten kemiallisten liuosten avulla.<br \/>\nKompleksi, mutta tilava astia mahdollistaa kaikkien tarvittavien perusv\u00e4lineiden puhdistamisen.<\/p>\n<p>Sis\u00e4mitat: 19x8x4 cm.<\/p>","protected":false},"excerpt":{"rendered":"<p>Erinomainen astia instrumenttien sterilointiin. Laadukas muovitarvike, joka on suunniteltu manikyyrin, pedikyyrin ja kosmetiikan sterilointiin erityisten kemiallisten liuosten avulla. Kompleksi, mutta<\/p>\n","protected":false},"featured_media":1118,"template":"","meta":[],"product_brand":[],"product_cat":[351],"product_tag":[],"class_list":{"0":"post-1117","1":"product","2":"type-product","3":"status-publish","4":"has-post-thumbnail","6":"product_cat-sterilisaator-seadmed","8":"first","9":"instock","10":"taxable","11":"shipping-taxable","12":"purchasable","13":"product-type-simple"},"yoast_head":"<!-- This site is optimized with the Yoast SEO plugin v24.4 - https:\/\/yoast.com\/wordpress\/plugins\/seo\/ -->\n<title>sterilointilaatikko | Valika<\/title>\n<meta name=\"description\" content=\"Suurep\u00e4rane anum instrumentide steriliseerimiseks; kvaliteetne plastist aksessuaar, mis on m\u00f5eldud manik\u00fc\u00fcri, pedik\u00fc\u00fcri ja kosmeetikat\u00f6\u00f6riistade steriliseerimiseks, kasutades spetsiaalseid keemilisi lahuseid. Kompaktne, kuid mahukas, v\u00f5imaldab see puhastada k\u00f5iki vajalikke p\u00f5hiseadmeid . Sisemised m\u00f5\u00f5dud: 19x8x4 cm.\" \/>\n<meta name=\"robots\" content=\"index, follow, max-snippet:-1, max-image-preview:large, max-video-preview:-1\" \/>\n<link rel=\"canonical\" href=\"https:\/\/valika.eu\/fi\/toode\/steriliseerimiskarp\/\" \/>\n<meta property=\"og:locale\" content=\"fi_FI\" \/>\n<meta property=\"og:type\" content=\"article\" \/>\n<meta property=\"og:title\" content=\"sterilointilaatikko | Valika\" \/>\n<meta property=\"og:description\" content=\"Suurep\u00e4rane anum instrumentide steriliseerimiseks; kvaliteetne plastist aksessuaar, mis on m\u00f5eldud manik\u00fc\u00fcri, pedik\u00fc\u00fcri ja kosmeetikat\u00f6\u00f6riistade steriliseerimiseks, kasutades spetsiaalseid keemilisi lahuseid. Kompaktne, kuid mahukas, v\u00f5imaldab see puhastada k\u00f5iki vajalikke p\u00f5hiseadmeid . Sisemised m\u00f5\u00f5dud: 19x8x4 cm.\" \/>\n<meta property=\"og:url\" content=\"https:\/\/valika.eu\/fi\/toode\/steriliseerimiskarp\/\" \/>\n<meta property=\"og:site_name\" content=\"Valika\" \/>\n<meta property=\"article:publisher\" content=\"https:\/\/www.facebook.com\/tipsi.net\" \/>\n<meta property=\"article:modified_time\" content=\"2025-07-02T02:08:11+00:00\" \/>\n<meta property=\"og:image\" content=\"https:\/\/valika.eu\/wp-content\/uploads\/2024\/09\/2372958800_w700_h500_kontejner-dlya-sterilizatsii.webp\" \/>\n\t<meta property=\"og:image:width\" content=\"501\" \/>\n\t<meta property=\"og:image:height\" content=\"500\" \/>\n\t<meta property=\"og:image:type\" content=\"image\/webp\" \/>\n<meta name=\"twitter:card\" content=\"summary_large_image\" \/>\n<script type=\"application\/ld+json\" class=\"yoast-schema-graph\">{\"@context\":\"https:\/\/schema.org\",\"@graph\":[{\"@type\":\"WebPage\",\"@id\":\"https:\/\/valika.eu\/fi\/toode\/steriliseerimiskarp\/\",\"url\":\"https:\/\/valika.eu\/fi\/toode\/steriliseerimiskarp\/\",\"name\":\"sterilointilaatikko | Valika\",\"isPartOf\":{\"@id\":\"https:\/\/valika.eu\/fi\/#website\"},\"primaryImageOfPage\":{\"@id\":\"https:\/\/valika.eu\/fi\/toode\/steriliseerimiskarp\/#primaryimage\"},\"image\":{\"@id\":\"https:\/\/valika.eu\/toode\/steriliseerimiskarp\/#primaryimage\"},\"thumbnailUrl\":\"https:\/\/valika.eu\/wp-content\/uploads\/2024\/09\/2372958800_w700_h500_kontejner-dlya-sterilizatsii.webp\",\"datePublished\":\"2024-09-28T10:01:18+00:00\",\"dateModified\":\"2025-07-02T02:08:11+00:00\",\"description\":\"Suurep\u00e4rane anum instrumentide steriliseerimiseks; kvaliteetne plastist aksessuaar, mis on m\u00f5eldud manik\u00fc\u00fcri, pedik\u00fc\u00fcri ja kosmeetikat\u00f6\u00f6riistade steriliseerimiseks, kasutades spetsiaalseid keemilisi lahuseid. Kompaktne, kuid mahukas, v\u00f5imaldab see puhastada k\u00f5iki vajalikke p\u00f5hiseadmeid . Sisemised m\u00f5\u00f5dud: 19x8x4 cm.\",\"breadcrumb\":{\"@id\":\"https:\/\/valika.eu\/fi\/toode\/steriliseerimiskarp\/#breadcrumb\"},\"inLanguage\":\"fi\",\"potentialAction\":[{\"@type\":\"ReadAction\",\"target\":[[\"https:\/\/valika.eu\/fi\/toode\/steriliseerimiskarp\/\"]]}]},{\"@type\":\"ImageObject\",\"inLanguage\":\"fi\",\"@id\":\"https:\/\/valika.eu\/fi\/toode\/steriliseerimiskarp\/#primaryimage\",\"url\":\"https:\/\/valika.eu\/wp-content\/uploads\/2024\/09\/2372958800_w700_h500_kontejner-dlya-sterilizatsii.webp\",\"contentUrl\":\"https:\/\/valika.eu\/wp-content\/uploads\/2024\/09\/2372958800_w700_h500_kontejner-dlya-sterilizatsii.webp\",\"width\":501,\"height\":500},{\"@type\":\"BreadcrumbList\",\"@id\":\"https:\/\/valika.eu\/fi\/toode\/steriliseerimiskarp\/#breadcrumb\",\"itemListElement\":[{\"@type\":\"ListItem\",\"position\":1,\"name\":\"Koti\",\"item\":\"https:\/\/valika.eu\/fi\/\"},{\"@type\":\"ListItem\",\"position\":2,\"name\":\"Shop\",\"item\":\"https:\/\/valika.eu\/fi\/\"},{\"@type\":\"ListItem\",\"position\":3,\"name\":\"sterilization box\"}]},{\"@type\":\"WebSite\",\"@id\":\"https:\/\/valika.eu\/fi\/#website\",\"url\":\"https:\/\/valika.eu\/fi\/\",\"name\":\"Valika.eu\",\"description\":\"Salonkituotteet ja kauneudenhoitotuotteet - Valika tarjoaa laajan valikoiman tuotteita ja tarvikkeita kynsiteknikoille, kauneushoitoloille, kampaamoille ja kampaamoille.\",\"publisher\":{\"@id\":\"https:\/\/valika.eu\/fi\/#organization\"},\"alternateName\":\"Valika\",\"potentialAction\":[{\"@type\":\"SearchAction\",\"target\":{\"@type\":\"EntryPoint\",\"urlTemplate\":\"https:\/\/valika.eu\/fi\/?s={search_term_string}\"},\"query-input\":{\"@type\":\"PropertyValueSpecification\",\"valueRequired\":true,\"valueName\":\"search_term_string\"}}],\"inLanguage\":\"fi\"},{\"@type\":\"Organization\",\"@id\":\"https:\/\/valika.eu\/fi\/#organization\",\"name\":\"Salongitoode O\u00dc\",\"alternateName\":\"Valika\",\"url\":\"https:\/\/valika.eu\/fi\/\",\"logo\":{\"@type\":\"ImageObject\",\"inLanguage\":\"fi\",\"@id\":\"https:\/\/valika.eu\/fi\/#\/schema\/logo\/image\/\",\"url\":\"https:\/\/valika.eu\/wp-content\/uploads\/2023\/11\/logo2-valika-footer.png\",\"contentUrl\":\"https:\/\/valika.eu\/wp-content\/uploads\/2023\/11\/logo2-valika-footer.png\",\"width\":200,\"height\":129,\"caption\":\"Salongitoode O\u00dc\"},\"image\":{\"@id\":\"https:\/\/valika.eu\/fi\/#\/schema\/logo\/image\/\"},\"sameAs\":[\"https:\/\/www.facebook.com\/tipsi.net\"]}]}<\/script>\n<!-- \/ Yoast SEO plugin. -->","yoast_head_json":{"title":"sterilointilaatikko | Valika","description":"Suurep\u00e4rane anum instrumentide steriliseerimiseks; kvaliteetne plastist aksessuaar, mis on m\u00f5eldud manik\u00fc\u00fcri, pedik\u00fc\u00fcri ja kosmeetikat\u00f6\u00f6riistade steriliseerimiseks, kasutades spetsiaalseid keemilisi lahuseid. Kompaktne, kuid mahukas, v\u00f5imaldab see puhastada k\u00f5iki vajalikke p\u00f5hiseadmeid . Sisemised m\u00f5\u00f5dud: 19x8x4 cm.","robots":{"index":"index","follow":"follow","max-snippet":"max-snippet:-1","max-image-preview":"max-image-preview:large","max-video-preview":"max-video-preview:-1"},"canonical":"https:\/\/valika.eu\/fi\/toode\/steriliseerimiskarp\/","og_locale":"fi_FI","og_type":"article","og_title":"sterilointilaatikko | Valika","og_description":"Suurep\u00e4rane anum instrumentide steriliseerimiseks; kvaliteetne plastist aksessuaar, mis on m\u00f5eldud manik\u00fc\u00fcri, pedik\u00fc\u00fcri ja kosmeetikat\u00f6\u00f6riistade steriliseerimiseks, kasutades spetsiaalseid keemilisi lahuseid. Kompaktne, kuid mahukas, v\u00f5imaldab see puhastada k\u00f5iki vajalikke p\u00f5hiseadmeid . Sisemised m\u00f5\u00f5dud: 19x8x4 cm.","og_url":"https:\/\/valika.eu\/fi\/toode\/steriliseerimiskarp\/","og_site_name":"Valika","article_publisher":"https:\/\/www.facebook.com\/tipsi.net","article_modified_time":"2025-07-02T02:08:11+00:00","og_image":[{"width":501,"height":500,"url":"https:\/\/valika.eu\/wp-content\/uploads\/2024\/09\/2372958800_w700_h500_kontejner-dlya-sterilizatsii.webp","type":"image\/webp"}],"twitter_card":"summary_large_image","schema":{"@context":"https:\/\/schema.org","@graph":[{"@type":"WebPage","@id":"https:\/\/valika.eu\/fi\/toode\/steriliseerimiskarp\/","url":"https:\/\/valika.eu\/fi\/toode\/steriliseerimiskarp\/","name":"sterilointilaatikko | Valika","isPartOf":{"@id":"https:\/\/valika.eu\/fi\/#website"},"primaryImageOfPage":{"@id":"https:\/\/valika.eu\/fi\/toode\/steriliseerimiskarp\/#primaryimage"},"image":{"@id":"https:\/\/valika.eu\/toode\/steriliseerimiskarp\/#primaryimage"},"thumbnailUrl":"https:\/\/valika.eu\/wp-content\/uploads\/2024\/09\/2372958800_w700_h500_kontejner-dlya-sterilizatsii.webp","datePublished":"2024-09-28T10:01:18+00:00","dateModified":"2025-07-02T02:08:11+00:00","description":"Suurep\u00e4rane anum instrumentide steriliseerimiseks; kvaliteetne plastist aksessuaar, mis on m\u00f5eldud manik\u00fc\u00fcri, pedik\u00fc\u00fcri ja kosmeetikat\u00f6\u00f6riistade steriliseerimiseks, kasutades spetsiaalseid keemilisi lahuseid. Kompaktne, kuid mahukas, v\u00f5imaldab see puhastada k\u00f5iki vajalikke p\u00f5hiseadmeid . Sisemised m\u00f5\u00f5dud: 19x8x4 cm.","breadcrumb":{"@id":"https:\/\/valika.eu\/fi\/toode\/steriliseerimiskarp\/#breadcrumb"},"inLanguage":"fi","potentialAction":[{"@type":"ReadAction","target":[["https:\/\/valika.eu\/fi\/toode\/steriliseerimiskarp\/"]]}]},{"@type":"ImageObject","inLanguage":"fi","@id":"https:\/\/valika.eu\/fi\/toode\/steriliseerimiskarp\/#primaryimage","url":"https:\/\/valika.eu\/wp-content\/uploads\/2024\/09\/2372958800_w700_h500_kontejner-dlya-sterilizatsii.webp","contentUrl":"https:\/\/valika.eu\/wp-content\/uploads\/2024\/09\/2372958800_w700_h500_kontejner-dlya-sterilizatsii.webp","width":501,"height":500},{"@type":"BreadcrumbList","@id":"https:\/\/valika.eu\/fi\/toode\/steriliseerimiskarp\/#breadcrumb","itemListElement":[{"@type":"ListItem","position":1,"name":"Koti","item":"https:\/\/valika.eu\/fi\/"},{"@type":"ListItem","position":2,"name":"Shop","item":"https:\/\/valika.eu\/fi\/"},{"@type":"ListItem","position":3,"name":"sterilization box"}]},{"@type":"WebSite","@id":"https:\/\/valika.eu\/fi\/#website","url":"https:\/\/valika.eu\/fi\/","name":"Valika.eu","description":"Salonkituotteet ja kauneudenhoitotuotteet - Valika tarjoaa laajan valikoiman tuotteita ja tarvikkeita kynsiteknikoille, kauneushoitoloille, kampaamoille ja kampaamoille.","publisher":{"@id":"https:\/\/valika.eu\/fi\/#organization"},"alternateName":"Valika","potentialAction":[{"@type":"SearchAction","target":{"@type":"EntryPoint","urlTemplate":"https:\/\/valika.eu\/fi\/?s={search_term_string}"},"query-input":{"@type":"PropertyValueSpecification","valueRequired":true,"valueName":"search_term_string"}}],"inLanguage":"fi"},{"@type":"Organization","@id":"https:\/\/valika.eu\/fi\/#organization","name":"Salongitoode O\u00dc","alternateName":"Valika","url":"https:\/\/valika.eu\/fi\/","logo":{"@type":"ImageObject","inLanguage":"fi","@id":"https:\/\/valika.eu\/fi\/#\/schema\/logo\/image\/","url":"https:\/\/valika.eu\/wp-content\/uploads\/2023\/11\/logo2-valika-footer.png","contentUrl":"https:\/\/valika.eu\/wp-content\/uploads\/2023\/11\/logo2-valika-footer.png","width":200,"height":129,"caption":"Salongitoode O\u00dc"},"image":{"@id":"https:\/\/valika.eu\/fi\/#\/schema\/logo\/image\/"},"sameAs":["https:\/\/www.facebook.com\/tipsi.net"]}]}},"jetpack_sharing_enabled":true,"_links":{"self":[{"href":"https:\/\/valika.eu\/fi\/wp-json\/wp\/v2\/product\/1117","targetHints":{"allow":["GET"]}}],"collection":[{"href":"https:\/\/valika.eu\/fi\/wp-json\/wp\/v2\/product"}],"about":[{"href":"https:\/\/valika.eu\/fi\/wp-json\/wp\/v2\/types\/product"}],"wp:featuredmedia":[{"embeddable":true,"href":"https:\/\/valika.eu\/fi\/wp-json\/wp\/v2\/media\/1118"}],"wp:attachment":[{"href":"https:\/\/valika.eu\/fi\/wp-json\/wp\/v2\/media?parent=1117"}],"wp:term":[{"taxonomy":"product_brand","embeddable":true,"href":"https:\/\/valika.eu\/fi\/wp-json\/wp\/v2\/product_brand?post=1117"},{"taxonomy":"product_cat","embeddable":true,"href":"https:\/\/valika.eu\/fi\/wp-json\/wp\/v2\/product_cat?post=1117"},{"taxonomy":"product_tag","embeddable":true,"href":"https:\/\/valika.eu\/fi\/wp-json\/wp\/v2\/product_tag?post=1117"}],"curies":[{"name":"wp","href":"https:\/\/api.w.org\/{rel}","templated":true}]}}