{"id":1121,"date":"2024-09-28T14:18:39","date_gmt":"2024-09-28T11:18:39","guid":{"rendered":"https:\/\/valika.eu\/?post_type=product&#038;p=1121"},"modified":"2026-03-07T13:05:38","modified_gmt":"2026-03-07T11:05:38","slug":"universaalne-parafiinivann-katele-ja-jalgadele-komplektis2-pakki-parafiini","status":"publish","type":"product","link":"https:\/\/valika.eu\/fi\/toode\/universaalne-parafiinivann-katele-ja-jalgadele-komplektis2-pakki-parafiini\/","title":{"rendered":"Universaali parafiinikylpy k\u00e4sille ja jaloille +2 pakkausta parafiinia"},"content":{"rendered":"<p>S\u00e4hk\u00f6vahal\u00e4mmitin, kaksi s\u00e4\u00e4t\u00f6asentoa, parafiinikylpy, 150 W<br \/>\nSettiin kuuluu 2 pakkausta parafiinia (400 grammaa kumpikin) ja 100 kappaletta polyeteenihansikkaita.<\/p>\n<p>K\u00e4ytt\u00f6ohjeet:<\/p>\n<p>Puhdista altaan sis\u00e4puoli ennen ensimm\u00e4ist\u00e4 k\u00e4ytt\u00f6\u00e4.<\/p>\n<p>Aseta mukana toimitettu ritil\u00e4 parafiinikylvyn pohjalle.<\/p>\n<p>Aseta parafiini l\u00e4mmittimen sis\u00e4\u00e4n ja odota 0,5-1h. kunnes parafiini on muuttunut vetisest\u00e4 nestem\u00e4iseksi. Varmista, ett\u00e4 parafiini ei ylit\u00e4 maksimitason ilmaisinta (MAX).<\/p>\n<p>Ennen toimenpidett\u00e4 voit laittaa laitteen min. muuhun l\u00e4mp\u00f6tilaan kuin 50 C (LO) tai sammuta se sen sijaan.<\/p>\n<p>Valmistele k\u00e4tesi:<\/p>\n<p>K\u00e4yt\u00e4 kuorintavoidetta k\u00e4siin tai jalkoihin ihon syv\u00e4puhdistamiseen &#8211; hiero kuorintavoidetta iholle hierovin liikkein 2-5 minuuttia.<\/p>\n<p>Pese kuoriva voide pois haalealla vedell\u00e4 ja kuivaa.<\/p>\n<p>K\u00e4yt\u00e4 sitten k\u00e4sivoidetta k\u00e4sien kosteuttamiseen tai jalkavoidetta jalkojen kosteuttamiseen &#8211; hiero voide ihoon.<\/p>\n<p>Aseta k\u00e4tesi kylvyn parafiiniin ja nosta se kylvyn yl\u00e4puolelle &#8211; odota 10-15 sekuntia ja toista sitten:<\/p>\n<p>nosta se ulos n\u00e4in ja odota jokaisen kerroksen kuivumista, suorita yhteens\u00e4 2-3 kertaa.<\/p>\n<p>Sen j\u00e4lkeen iholle tulisi kerty\u00e4 riitt\u00e4v\u00e4n paksu kerros parafiinia.<\/p>\n<p>Aseta k\u00e4tesi tai jalkasi muovipussiin tai muovik\u00e4sineeseen ja peit\u00e4 se pehme\u00e4ll\u00e4 k\u00e4sineell\u00e4, pyyhkeell\u00e4 tai pehme\u00e4ll\u00e4 jalkapussilla, joka est\u00e4\u00e4 kehon l\u00e4mp\u00f6tilan putoamisen.<\/p>\n<p>Odota 15-30 minuuttia.<\/p>\n<p>Poista muovipussi ja parafiini iholta ja levit\u00e4 voide uudelleen iholle.<\/p>\n<p>Suosittelemme, ett\u00e4 iholta poistettua parafiinia ei k\u00e4ytet\u00e4 kahdesti.<\/p>\n<p>Varoitukset:<\/p>\n<p>\u00c4l\u00e4 k\u00e4ynnist\u00e4 tyhj\u00e4\u00e4 l\u00e4mmitint\u00e4 ilman nestett\u00e4 tai parafiinia.<\/p>\n<p>Ennen kuin levit\u00e4t parafiinia iholle, varmista, ett\u00e4 se ei ole polttavan kuumaa.<br \/>\nHuomautuksia: 1. \u00c4l\u00e4 k\u00e4yt\u00e4 laitetta kosteissa tiloissa (esim. kylpyhuoneessa). \u00c4l\u00e4 upota laitetta veteen tai muihin nesteisiin. \u00c4l\u00e4 aseta laitetta ep\u00e4vakaalle alustalle. 2. \u00c4l\u00e4 j\u00e4t\u00e4 laitteen johtoa kellumaan, sill\u00e4 voit helposti tarttua sen taakse ja pudota laitteen p\u00f6yd\u00e4lt\u00e4. Varmista, ett\u00e4 laitteen johto ei ole kosketuksissa erilaisten l\u00e4mmityselementtien kanssa. 3. \u00c4l\u00e4 koske laitteen metallipintaan palovammojen v\u00e4ltt\u00e4miseksi. 4. Jos mahdollista, k\u00e4yt\u00e4 saman valmistajan parafiinihaudetta ja vahaa. 5. \u00c4l\u00e4 seiso parafiinikylvyss\u00e4. 6. \u00c4l\u00e4 l\u00e4mmit\u00e4 parafiinia mikroaaltouunissa. \u00c4l\u00e4 l\u00e4mmit\u00e4 parafiinia kalvopakkauksella. \u00c4l\u00e4 lis\u00e4\u00e4 parafiiniin muita komponentteja (\u00f6ljyj\u00e4, nesteit\u00e4). 7. Parafiinitoimenpiteit\u00e4 ei suositella iholle, jolla on palovammoja, allergioita tai muita sairauksia. \u00c4l\u00e4 k\u00e4yt\u00e4 parafiinia silmien ymp\u00e4rill\u00e4 tai muilla herkill\u00e4 ihoalueilla.<\/p>","protected":false},"excerpt":{"rendered":"<p>S\u00e4hk\u00f6vahal\u00e4mmitin, kaksi s\u00e4\u00e4t\u00f6asentoa, parafiinikylpy, 150 W<\/p>\n","protected":false},"featured_media":1062,"template":"","meta":[],"product_brand":[],"product_cat":[24,352],"product_tag":[],"class_list":{"0":"post-1121","1":"product","2":"type-product","3":"status-publish","4":"has-post-thumbnail","6":"product_cat-ilusalongimoobel","7":"product_cat-kosmeetikaseadmed","9":"first","10":"instock","11":"taxable","12":"shipping-taxable","13":"purchasable","14":"product-type-simple"},"yoast_head":"<!-- This site is optimized with the Yoast SEO plugin v24.4 - https:\/\/yoast.com\/wordpress\/plugins\/seo\/ -->\n<title>Universaali parafiinikylpy k\u00e4sille ja jaloille +2 pakkausta parafiinia | Valika<\/title>\n<meta name=\"description\" content=\"Vahasoojendaja elektriline, kaks reguleerimise asendit, parafinivann, 150 WT\u00fchi, ilma parafiini ja kinnasteta.\" \/>\n<meta name=\"robots\" content=\"index, follow, max-snippet:-1, max-image-preview:large, max-video-preview:-1\" \/>\n<link rel=\"canonical\" href=\"https:\/\/valika.eu\/fi\/toode\/universaalne-parafiinivann-katele-ja-jalgadele-komplektis2-pakki-parafiini\/\" \/>\n<meta property=\"og:locale\" content=\"fi_FI\" \/>\n<meta property=\"og:type\" content=\"article\" \/>\n<meta property=\"og:title\" content=\"Universaali parafiinikylpy k\u00e4sille ja jaloille +2 pakkausta parafiinia | Valika\" \/>\n<meta property=\"og:description\" content=\"Vahasoojendaja elektriline, kaks reguleerimise asendit, parafinivann, 150 WT\u00fchi, ilma parafiini ja kinnasteta.\" \/>\n<meta property=\"og:url\" content=\"https:\/\/valika.eu\/fi\/toode\/universaalne-parafiinivann-katele-ja-jalgadele-komplektis2-pakki-parafiini\/\" \/>\n<meta property=\"og:site_name\" content=\"Valika\" \/>\n<meta property=\"article:publisher\" content=\"https:\/\/www.facebook.com\/tipsi.net\" \/>\n<meta property=\"article:modified_time\" content=\"2026-03-07T11:05:38+00:00\" \/>\n<meta property=\"og:image\" content=\"https:\/\/valika.eu\/wp-content\/uploads\/2024\/09\/MG_7610-280x280-1.jpg\" \/>\n\t<meta property=\"og:image:width\" content=\"280\" \/>\n\t<meta property=\"og:image:height\" content=\"280\" \/>\n\t<meta property=\"og:image:type\" content=\"image\/jpeg\" \/>\n<meta name=\"twitter:card\" content=\"summary_large_image\" \/>\n<script type=\"application\/ld+json\" class=\"yoast-schema-graph\">{\"@context\":\"https:\/\/schema.org\",\"@graph\":[{\"@type\":\"WebPage\",\"@id\":\"https:\/\/valika.eu\/fi\/toode\/universaalne-parafiinivann-katele-ja-jalgadele-komplektis2-pakki-parafiini\/\",\"url\":\"https:\/\/valika.eu\/fi\/toode\/universaalne-parafiinivann-katele-ja-jalgadele-komplektis2-pakki-parafiini\/\",\"name\":\"Universaali parafiinikylpy k\u00e4sille ja jaloille +2 pakkausta parafiinia | Valika\",\"isPartOf\":{\"@id\":\"https:\/\/valika.eu\/fi\/#website\"},\"primaryImageOfPage\":{\"@id\":\"https:\/\/valika.eu\/fi\/toode\/universaalne-parafiinivann-katele-ja-jalgadele-komplektis2-pakki-parafiini\/#primaryimage\"},\"image\":{\"@id\":\"https:\/\/valika.eu\/toode\/universaalne-parafiinivann-katele-ja-jalgadele-komplektis2-pakki-parafiini\/#primaryimage\"},\"thumbnailUrl\":\"https:\/\/valika.eu\/wp-content\/uploads\/2024\/09\/MG_7610-280x280-1.jpg\",\"datePublished\":\"2024-09-28T11:18:39+00:00\",\"dateModified\":\"2026-03-07T11:05:38+00:00\",\"description\":\"Vahasoojendaja elektriline, kaks reguleerimise asendit, parafinivann, 150 WT\u00fchi, ilma parafiini ja kinnasteta.\",\"breadcrumb\":{\"@id\":\"https:\/\/valika.eu\/fi\/toode\/universaalne-parafiinivann-katele-ja-jalgadele-komplektis2-pakki-parafiini\/#breadcrumb\"},\"inLanguage\":\"fi\",\"potentialAction\":[{\"@type\":\"ReadAction\",\"target\":[[\"https:\/\/valika.eu\/fi\/toode\/universaalne-parafiinivann-katele-ja-jalgadele-komplektis2-pakki-parafiini\/\"]]}]},{\"@type\":\"ImageObject\",\"inLanguage\":\"fi\",\"@id\":\"https:\/\/valika.eu\/fi\/toode\/universaalne-parafiinivann-katele-ja-jalgadele-komplektis2-pakki-parafiini\/#primaryimage\",\"url\":\"https:\/\/valika.eu\/wp-content\/uploads\/2024\/09\/MG_7610-280x280-1.jpg\",\"contentUrl\":\"https:\/\/valika.eu\/wp-content\/uploads\/2024\/09\/MG_7610-280x280-1.jpg\",\"width\":280,\"height\":280,\"caption\":\"parafiinivann\"},{\"@type\":\"BreadcrumbList\",\"@id\":\"https:\/\/valika.eu\/fi\/toode\/universaalne-parafiinivann-katele-ja-jalgadele-komplektis2-pakki-parafiini\/#breadcrumb\",\"itemListElement\":[{\"@type\":\"ListItem\",\"position\":1,\"name\":\"Koti\",\"item\":\"https:\/\/valika.eu\/fi\/\"},{\"@type\":\"ListItem\",\"position\":2,\"name\":\"Shop\",\"item\":\"https:\/\/valika.eu\/fi\/\"},{\"@type\":\"ListItem\",\"position\":3,\"name\":\"\u0423\u043d\u0438\u0432\u0435\u0440\u0441\u0430\u043b\u044c\u043d\u0430\u044f \u043f\u0430\u0440\u0430\u0444\u0438\u043d\u043e\u0432\u0430\u044f \u0432\u0430\u043d\u043d\u0430 \u0434\u043b\u044f \u0440\u0443\u043a \u0438 \u043d\u043e\u0433 + 2 \u043f\u0430\u0447\u043a\u0438 \u043f\u0430\u0440\u0430\u0444\u0438\u043d\u0438\u043d\u0430\"}]},{\"@type\":\"WebSite\",\"@id\":\"https:\/\/valika.eu\/fi\/#website\",\"url\":\"https:\/\/valika.eu\/fi\/\",\"name\":\"Valika.eu\",\"description\":\"Salonkituotteet ja kauneudenhoitotuotteet - Valika tarjoaa laajan valikoiman tuotteita ja tarvikkeita kynsiteknikoille, kauneushoitoloille, kampaamoille ja kampaamoille.\",\"publisher\":{\"@id\":\"https:\/\/valika.eu\/fi\/#organization\"},\"alternateName\":\"Valika\",\"potentialAction\":[{\"@type\":\"SearchAction\",\"target\":{\"@type\":\"EntryPoint\",\"urlTemplate\":\"https:\/\/valika.eu\/fi\/?s={search_term_string}\"},\"query-input\":{\"@type\":\"PropertyValueSpecification\",\"valueRequired\":true,\"valueName\":\"search_term_string\"}}],\"inLanguage\":\"fi\"},{\"@type\":\"Organization\",\"@id\":\"https:\/\/valika.eu\/fi\/#organization\",\"name\":\"Salongitoode O\u00dc\",\"alternateName\":\"Valika\",\"url\":\"https:\/\/valika.eu\/fi\/\",\"logo\":{\"@type\":\"ImageObject\",\"inLanguage\":\"fi\",\"@id\":\"https:\/\/valika.eu\/fi\/#\/schema\/logo\/image\/\",\"url\":\"https:\/\/valika.eu\/wp-content\/uploads\/2023\/11\/logo2-valika-footer.png\",\"contentUrl\":\"https:\/\/valika.eu\/wp-content\/uploads\/2023\/11\/logo2-valika-footer.png\",\"width\":200,\"height\":129,\"caption\":\"Salongitoode O\u00dc\"},\"image\":{\"@id\":\"https:\/\/valika.eu\/fi\/#\/schema\/logo\/image\/\"},\"sameAs\":[\"https:\/\/www.facebook.com\/tipsi.net\"]}]}<\/script>\n<!-- \/ Yoast SEO plugin. -->","yoast_head_json":{"title":"Universaali parafiinikylpy k\u00e4sille ja jaloille +2 pakkausta parafiinia | Valika","description":"Vahasoojendaja elektriline, kaks reguleerimise asendit, parafinivann, 150 WT\u00fchi, ilma parafiini ja kinnasteta.","robots":{"index":"index","follow":"follow","max-snippet":"max-snippet:-1","max-image-preview":"max-image-preview:large","max-video-preview":"max-video-preview:-1"},"canonical":"https:\/\/valika.eu\/fi\/toode\/universaalne-parafiinivann-katele-ja-jalgadele-komplektis2-pakki-parafiini\/","og_locale":"fi_FI","og_type":"article","og_title":"Universaali parafiinikylpy k\u00e4sille ja jaloille +2 pakkausta parafiinia | Valika","og_description":"Vahasoojendaja elektriline, kaks reguleerimise asendit, parafinivann, 150 WT\u00fchi, ilma parafiini ja kinnasteta.","og_url":"https:\/\/valika.eu\/fi\/toode\/universaalne-parafiinivann-katele-ja-jalgadele-komplektis2-pakki-parafiini\/","og_site_name":"Valika","article_publisher":"https:\/\/www.facebook.com\/tipsi.net","article_modified_time":"2026-03-07T11:05:38+00:00","og_image":[{"width":280,"height":280,"url":"https:\/\/valika.eu\/wp-content\/uploads\/2024\/09\/MG_7610-280x280-1.jpg","type":"image\/jpeg"}],"twitter_card":"summary_large_image","schema":{"@context":"https:\/\/schema.org","@graph":[{"@type":"WebPage","@id":"https:\/\/valika.eu\/fi\/toode\/universaalne-parafiinivann-katele-ja-jalgadele-komplektis2-pakki-parafiini\/","url":"https:\/\/valika.eu\/fi\/toode\/universaalne-parafiinivann-katele-ja-jalgadele-komplektis2-pakki-parafiini\/","name":"Universaali parafiinikylpy k\u00e4sille ja jaloille +2 pakkausta parafiinia | Valika","isPartOf":{"@id":"https:\/\/valika.eu\/fi\/#website"},"primaryImageOfPage":{"@id":"https:\/\/valika.eu\/fi\/toode\/universaalne-parafiinivann-katele-ja-jalgadele-komplektis2-pakki-parafiini\/#primaryimage"},"image":{"@id":"https:\/\/valika.eu\/toode\/universaalne-parafiinivann-katele-ja-jalgadele-komplektis2-pakki-parafiini\/#primaryimage"},"thumbnailUrl":"https:\/\/valika.eu\/wp-content\/uploads\/2024\/09\/MG_7610-280x280-1.jpg","datePublished":"2024-09-28T11:18:39+00:00","dateModified":"2026-03-07T11:05:38+00:00","description":"Vahasoojendaja elektriline, kaks reguleerimise asendit, parafinivann, 150 WT\u00fchi, ilma parafiini ja kinnasteta.","breadcrumb":{"@id":"https:\/\/valika.eu\/fi\/toode\/universaalne-parafiinivann-katele-ja-jalgadele-komplektis2-pakki-parafiini\/#breadcrumb"},"inLanguage":"fi","potentialAction":[{"@type":"ReadAction","target":[["https:\/\/valika.eu\/fi\/toode\/universaalne-parafiinivann-katele-ja-jalgadele-komplektis2-pakki-parafiini\/"]]}]},{"@type":"ImageObject","inLanguage":"fi","@id":"https:\/\/valika.eu\/fi\/toode\/universaalne-parafiinivann-katele-ja-jalgadele-komplektis2-pakki-parafiini\/#primaryimage","url":"https:\/\/valika.eu\/wp-content\/uploads\/2024\/09\/MG_7610-280x280-1.jpg","contentUrl":"https:\/\/valika.eu\/wp-content\/uploads\/2024\/09\/MG_7610-280x280-1.jpg","width":280,"height":280,"caption":"parafiinivann"},{"@type":"BreadcrumbList","@id":"https:\/\/valika.eu\/fi\/toode\/universaalne-parafiinivann-katele-ja-jalgadele-komplektis2-pakki-parafiini\/#breadcrumb","itemListElement":[{"@type":"ListItem","position":1,"name":"Koti","item":"https:\/\/valika.eu\/fi\/"},{"@type":"ListItem","position":2,"name":"Shop","item":"https:\/\/valika.eu\/fi\/"},{"@type":"ListItem","position":3,"name":"\u0423\u043d\u0438\u0432\u0435\u0440\u0441\u0430\u043b\u044c\u043d\u0430\u044f \u043f\u0430\u0440\u0430\u0444\u0438\u043d\u043e\u0432\u0430\u044f \u0432\u0430\u043d\u043d\u0430 \u0434\u043b\u044f \u0440\u0443\u043a \u0438 \u043d\u043e\u0433 + 2 \u043f\u0430\u0447\u043a\u0438 \u043f\u0430\u0440\u0430\u0444\u0438\u043d\u0438\u043d\u0430"}]},{"@type":"WebSite","@id":"https:\/\/valika.eu\/fi\/#website","url":"https:\/\/valika.eu\/fi\/","name":"Valika.eu","description":"Salonkituotteet ja kauneudenhoitotuotteet - Valika tarjoaa laajan valikoiman tuotteita ja tarvikkeita kynsiteknikoille, kauneushoitoloille, kampaamoille ja kampaamoille.","publisher":{"@id":"https:\/\/valika.eu\/fi\/#organization"},"alternateName":"Valika","potentialAction":[{"@type":"SearchAction","target":{"@type":"EntryPoint","urlTemplate":"https:\/\/valika.eu\/fi\/?s={search_term_string}"},"query-input":{"@type":"PropertyValueSpecification","valueRequired":true,"valueName":"search_term_string"}}],"inLanguage":"fi"},{"@type":"Organization","@id":"https:\/\/valika.eu\/fi\/#organization","name":"Salongitoode O\u00dc","alternateName":"Valika","url":"https:\/\/valika.eu\/fi\/","logo":{"@type":"ImageObject","inLanguage":"fi","@id":"https:\/\/valika.eu\/fi\/#\/schema\/logo\/image\/","url":"https:\/\/valika.eu\/wp-content\/uploads\/2023\/11\/logo2-valika-footer.png","contentUrl":"https:\/\/valika.eu\/wp-content\/uploads\/2023\/11\/logo2-valika-footer.png","width":200,"height":129,"caption":"Salongitoode O\u00dc"},"image":{"@id":"https:\/\/valika.eu\/fi\/#\/schema\/logo\/image\/"},"sameAs":["https:\/\/www.facebook.com\/tipsi.net"]}]}},"jetpack_sharing_enabled":true,"_links":{"self":[{"href":"https:\/\/valika.eu\/fi\/wp-json\/wp\/v2\/product\/1121","targetHints":{"allow":["GET"]}}],"collection":[{"href":"https:\/\/valika.eu\/fi\/wp-json\/wp\/v2\/product"}],"about":[{"href":"https:\/\/valika.eu\/fi\/wp-json\/wp\/v2\/types\/product"}],"wp:featuredmedia":[{"embeddable":true,"href":"https:\/\/valika.eu\/fi\/wp-json\/wp\/v2\/media\/1062"}],"wp:attachment":[{"href":"https:\/\/valika.eu\/fi\/wp-json\/wp\/v2\/media?parent=1121"}],"wp:term":[{"taxonomy":"product_brand","embeddable":true,"href":"https:\/\/valika.eu\/fi\/wp-json\/wp\/v2\/product_brand?post=1121"},{"taxonomy":"product_cat","embeddable":true,"href":"https:\/\/valika.eu\/fi\/wp-json\/wp\/v2\/product_cat?post=1121"},{"taxonomy":"product_tag","embeddable":true,"href":"https:\/\/valika.eu\/fi\/wp-json\/wp\/v2\/product_tag?post=1121"}],"curies":[{"name":"wp","href":"https:\/\/api.w.org\/{rel}","templated":true}]}}