{"id":1122,"date":"2024-09-28T14:39:34","date_gmt":"2024-09-28T11:39:34","guid":{"rendered":"https:\/\/valika.eu\/?post_type=product&#038;p=1122"},"modified":"2025-10-27T15:46:57","modified_gmt":"2025-10-27T13:46:57","slug":"luup-lamp-4s","status":"publish","type":"product","link":"https:\/\/valika.eu\/fi\/toode\/luup-lamp-4s\/","title":{"rendered":"SUURENNUSVALAISIN S4"},"content":{"rendered":"<p>Lampa-Lupa 5 dioptriaa, varjoton lamppu nelijalkaisella jalustalla. Mahdollistaa ihon tarkastelun suurennettuna hyv\u00e4n valaistuksen avulla. K\u00e4ytet\u00e4\u00e4n my\u00f6s manikyyriss\u00e4 ja pedikyyriss\u00e4, pysyviss\u00e4 meikeiss\u00e4 ja karvanpoistossa. Siin\u00e4 on suuri n\u00e4kyvyys, heijastamaton lasi ja loisteputki, joka s\u00e4teilee kirkasta valkoista valoa ilman silmien rasitusta pitk\u00e4n ty\u00f6skentelyn aikana. Ihanteellinen kauneushoitoloihin, hammasl\u00e4\u00e4k\u00e4rin vastaanotoille, el\u00e4inl\u00e4\u00e4kint\u00e4\u00e4n ja k\u00e4ytt\u00f6 muilla aloilla.<br \/>\nSarjaan kuuluu:<\/p>\n<p>lampa-lupa<br \/>\njalusta<br \/>\ntakuu<br \/>\nTekniset tiedot:<\/p>\n<p>5 dioptriaa<br \/>\nteho: 22 W<br \/>\nj\u00e4nnite 220-240 V \/ 50 Hz<br \/>\nelektroninen sytytys (v\u00e4lit\u00f6n)<br \/>\nei valon vilkkumista p\u00e4\u00e4lle kytkett\u00e4ess\u00e4<br \/>\npakkauksen mitat 79X27X16<\/p>","protected":false},"excerpt":{"rendered":"<p>Lampa-Lupa 5 dioptriaa, varjoton lamppu nelijalkaisella jalustalla. Mahdollistaa ihon tarkastelun suurennettuna hyv\u00e4n valaistuksen avulla. K\u00e4ytet\u00e4\u00e4n my\u00f6s manikyyriss\u00e4 ja pedikyyriss\u00e4, pysyviss\u00e4<\/p>\n","protected":false},"featured_media":1123,"template":"","meta":[],"product_brand":[],"product_cat":[24,343],"product_tag":[],"class_list":{"0":"post-1122","1":"product","2":"type-product","3":"status-publish","4":"has-post-thumbnail","6":"product_cat-ilusalongimoobel","7":"product_cat-luuplambid-ja-lambid","9":"first","10":"instock","11":"taxable","12":"shipping-taxable","13":"purchasable","14":"product-type-simple"},"yoast_head":"<!-- This site is optimized with the Yoast SEO plugin v24.4 - https:\/\/yoast.com\/wordpress\/plugins\/seo\/ -->\n<title>SUURENNUSVALAISIN S4 | Valika<\/title>\n<meta name=\"robots\" content=\"index, follow, max-snippet:-1, max-image-preview:large, max-video-preview:-1\" \/>\n<link rel=\"canonical\" href=\"https:\/\/valika.eu\/fi\/toode\/luup-lamp-4s\/\" \/>\n<meta property=\"og:locale\" content=\"fi_FI\" \/>\n<meta property=\"og:type\" content=\"article\" \/>\n<meta property=\"og:title\" content=\"SUURENNUSVALAISIN S4 | Valika\" \/>\n<meta property=\"og:description\" content=\"Lampa-Lupa 5 dioptriaa, varjoton lamppu nelijalkaisella jalustalla. Mahdollistaa ihon tarkastelun suurennettuna hyv\u00e4n valaistuksen avulla. K\u00e4ytet\u00e4\u00e4n my\u00f6s manikyyriss\u00e4 ja pedikyyriss\u00e4, pysyviss\u00e4\" \/>\n<meta property=\"og:url\" content=\"https:\/\/valika.eu\/fi\/toode\/luup-lamp-4s\/\" \/>\n<meta property=\"og:site_name\" content=\"Valika\" \/>\n<meta property=\"article:publisher\" content=\"https:\/\/www.facebook.com\/tipsi.net\" \/>\n<meta property=\"article:modified_time\" content=\"2025-10-27T13:46:57+00:00\" \/>\n<meta property=\"og:image\" content=\"https:\/\/valika.eu\/wp-content\/uploads\/2024\/09\/114428_01_1605.webp\" \/>\n\t<meta property=\"og:image:width\" content=\"800\" \/>\n\t<meta property=\"og:image:height\" content=\"800\" \/>\n\t<meta property=\"og:image:type\" content=\"image\/webp\" \/>\n<meta name=\"twitter:card\" content=\"summary_large_image\" \/>\n<script type=\"application\/ld+json\" class=\"yoast-schema-graph\">{\"@context\":\"https:\/\/schema.org\",\"@graph\":[{\"@type\":\"WebPage\",\"@id\":\"https:\/\/valika.eu\/fi\/toode\/luup-lamp-4s\/\",\"url\":\"https:\/\/valika.eu\/fi\/toode\/luup-lamp-4s\/\",\"name\":\"SUURENNUSVALAISIN S4 | Valika\",\"isPartOf\":{\"@id\":\"https:\/\/valika.eu\/fi\/#website\"},\"primaryImageOfPage\":{\"@id\":\"https:\/\/valika.eu\/fi\/toode\/luup-lamp-4s\/#primaryimage\"},\"image\":{\"@id\":\"https:\/\/valika.eu\/toode\/luup-lamp-4s\/#primaryimage\"},\"thumbnailUrl\":\"https:\/\/valika.eu\/wp-content\/uploads\/2024\/09\/114428_01_1605.webp\",\"datePublished\":\"2024-09-28T11:39:34+00:00\",\"dateModified\":\"2025-10-27T13:46:57+00:00\",\"breadcrumb\":{\"@id\":\"https:\/\/valika.eu\/fi\/toode\/luup-lamp-4s\/#breadcrumb\"},\"inLanguage\":\"fi\",\"potentialAction\":[{\"@type\":\"ReadAction\",\"target\":[[\"https:\/\/valika.eu\/fi\/toode\/luup-lamp-4s\/\"]]}]},{\"@type\":\"ImageObject\",\"inLanguage\":\"fi\",\"@id\":\"https:\/\/valika.eu\/fi\/toode\/luup-lamp-4s\/#primaryimage\",\"url\":\"https:\/\/valika.eu\/wp-content\/uploads\/2024\/09\/114428_01_1605.webp\",\"contentUrl\":\"https:\/\/valika.eu\/wp-content\/uploads\/2024\/09\/114428_01_1605.webp\",\"width\":800,\"height\":800},{\"@type\":\"BreadcrumbList\",\"@id\":\"https:\/\/valika.eu\/fi\/toode\/luup-lamp-4s\/#breadcrumb\",\"itemListElement\":[{\"@type\":\"ListItem\",\"position\":1,\"name\":\"Koti\",\"item\":\"https:\/\/valika.eu\/fi\/\"},{\"@type\":\"ListItem\",\"position\":2,\"name\":\"Shop\",\"item\":\"https:\/\/valika.eu\/fi\/\"},{\"@type\":\"ListItem\",\"position\":3,\"name\":\"LUUP-LAMP 4S\"}]},{\"@type\":\"WebSite\",\"@id\":\"https:\/\/valika.eu\/fi\/#website\",\"url\":\"https:\/\/valika.eu\/fi\/\",\"name\":\"Valika.eu\",\"description\":\"Salonkituotteet ja kauneudenhoitotuotteet - Valika tarjoaa laajan valikoiman tuotteita ja tarvikkeita kynsiteknikoille, kauneushoitoloille, kampaamoille ja kampaamoille.\",\"publisher\":{\"@id\":\"https:\/\/valika.eu\/fi\/#organization\"},\"alternateName\":\"Valika\",\"potentialAction\":[{\"@type\":\"SearchAction\",\"target\":{\"@type\":\"EntryPoint\",\"urlTemplate\":\"https:\/\/valika.eu\/fi\/?s={search_term_string}\"},\"query-input\":{\"@type\":\"PropertyValueSpecification\",\"valueRequired\":true,\"valueName\":\"search_term_string\"}}],\"inLanguage\":\"fi\"},{\"@type\":\"Organization\",\"@id\":\"https:\/\/valika.eu\/fi\/#organization\",\"name\":\"Salongitoode O\u00dc\",\"alternateName\":\"Valika\",\"url\":\"https:\/\/valika.eu\/fi\/\",\"logo\":{\"@type\":\"ImageObject\",\"inLanguage\":\"fi\",\"@id\":\"https:\/\/valika.eu\/fi\/#\/schema\/logo\/image\/\",\"url\":\"https:\/\/valika.eu\/wp-content\/uploads\/2023\/11\/logo2-valika-footer.png\",\"contentUrl\":\"https:\/\/valika.eu\/wp-content\/uploads\/2023\/11\/logo2-valika-footer.png\",\"width\":200,\"height\":129,\"caption\":\"Salongitoode O\u00dc\"},\"image\":{\"@id\":\"https:\/\/valika.eu\/fi\/#\/schema\/logo\/image\/\"},\"sameAs\":[\"https:\/\/www.facebook.com\/tipsi.net\"]}]}<\/script>\n<!-- \/ Yoast SEO plugin. -->","yoast_head_json":{"title":"SUURENNUSVALAISIN S4 | Valika","robots":{"index":"index","follow":"follow","max-snippet":"max-snippet:-1","max-image-preview":"max-image-preview:large","max-video-preview":"max-video-preview:-1"},"canonical":"https:\/\/valika.eu\/fi\/toode\/luup-lamp-4s\/","og_locale":"fi_FI","og_type":"article","og_title":"SUURENNUSVALAISIN S4 | Valika","og_description":"Lampa-Lupa 5 dioptriaa, varjoton lamppu nelijalkaisella jalustalla. Mahdollistaa ihon tarkastelun suurennettuna hyv\u00e4n valaistuksen avulla. K\u00e4ytet\u00e4\u00e4n my\u00f6s manikyyriss\u00e4 ja pedikyyriss\u00e4, pysyviss\u00e4","og_url":"https:\/\/valika.eu\/fi\/toode\/luup-lamp-4s\/","og_site_name":"Valika","article_publisher":"https:\/\/www.facebook.com\/tipsi.net","article_modified_time":"2025-10-27T13:46:57+00:00","og_image":[{"width":800,"height":800,"url":"https:\/\/valika.eu\/wp-content\/uploads\/2024\/09\/114428_01_1605.webp","type":"image\/webp"}],"twitter_card":"summary_large_image","schema":{"@context":"https:\/\/schema.org","@graph":[{"@type":"WebPage","@id":"https:\/\/valika.eu\/fi\/toode\/luup-lamp-4s\/","url":"https:\/\/valika.eu\/fi\/toode\/luup-lamp-4s\/","name":"SUURENNUSVALAISIN S4 | Valika","isPartOf":{"@id":"https:\/\/valika.eu\/fi\/#website"},"primaryImageOfPage":{"@id":"https:\/\/valika.eu\/fi\/toode\/luup-lamp-4s\/#primaryimage"},"image":{"@id":"https:\/\/valika.eu\/toode\/luup-lamp-4s\/#primaryimage"},"thumbnailUrl":"https:\/\/valika.eu\/wp-content\/uploads\/2024\/09\/114428_01_1605.webp","datePublished":"2024-09-28T11:39:34+00:00","dateModified":"2025-10-27T13:46:57+00:00","breadcrumb":{"@id":"https:\/\/valika.eu\/fi\/toode\/luup-lamp-4s\/#breadcrumb"},"inLanguage":"fi","potentialAction":[{"@type":"ReadAction","target":[["https:\/\/valika.eu\/fi\/toode\/luup-lamp-4s\/"]]}]},{"@type":"ImageObject","inLanguage":"fi","@id":"https:\/\/valika.eu\/fi\/toode\/luup-lamp-4s\/#primaryimage","url":"https:\/\/valika.eu\/wp-content\/uploads\/2024\/09\/114428_01_1605.webp","contentUrl":"https:\/\/valika.eu\/wp-content\/uploads\/2024\/09\/114428_01_1605.webp","width":800,"height":800},{"@type":"BreadcrumbList","@id":"https:\/\/valika.eu\/fi\/toode\/luup-lamp-4s\/#breadcrumb","itemListElement":[{"@type":"ListItem","position":1,"name":"Koti","item":"https:\/\/valika.eu\/fi\/"},{"@type":"ListItem","position":2,"name":"Shop","item":"https:\/\/valika.eu\/fi\/"},{"@type":"ListItem","position":3,"name":"LUUP-LAMP 4S"}]},{"@type":"WebSite","@id":"https:\/\/valika.eu\/fi\/#website","url":"https:\/\/valika.eu\/fi\/","name":"Valika.eu","description":"Salonkituotteet ja kauneudenhoitotuotteet - Valika tarjoaa laajan valikoiman tuotteita ja tarvikkeita kynsiteknikoille, kauneushoitoloille, kampaamoille ja kampaamoille.","publisher":{"@id":"https:\/\/valika.eu\/fi\/#organization"},"alternateName":"Valika","potentialAction":[{"@type":"SearchAction","target":{"@type":"EntryPoint","urlTemplate":"https:\/\/valika.eu\/fi\/?s={search_term_string}"},"query-input":{"@type":"PropertyValueSpecification","valueRequired":true,"valueName":"search_term_string"}}],"inLanguage":"fi"},{"@type":"Organization","@id":"https:\/\/valika.eu\/fi\/#organization","name":"Salongitoode O\u00dc","alternateName":"Valika","url":"https:\/\/valika.eu\/fi\/","logo":{"@type":"ImageObject","inLanguage":"fi","@id":"https:\/\/valika.eu\/fi\/#\/schema\/logo\/image\/","url":"https:\/\/valika.eu\/wp-content\/uploads\/2023\/11\/logo2-valika-footer.png","contentUrl":"https:\/\/valika.eu\/wp-content\/uploads\/2023\/11\/logo2-valika-footer.png","width":200,"height":129,"caption":"Salongitoode O\u00dc"},"image":{"@id":"https:\/\/valika.eu\/fi\/#\/schema\/logo\/image\/"},"sameAs":["https:\/\/www.facebook.com\/tipsi.net"]}]}},"jetpack_sharing_enabled":true,"_links":{"self":[{"href":"https:\/\/valika.eu\/fi\/wp-json\/wp\/v2\/product\/1122","targetHints":{"allow":["GET"]}}],"collection":[{"href":"https:\/\/valika.eu\/fi\/wp-json\/wp\/v2\/product"}],"about":[{"href":"https:\/\/valika.eu\/fi\/wp-json\/wp\/v2\/types\/product"}],"wp:featuredmedia":[{"embeddable":true,"href":"https:\/\/valika.eu\/fi\/wp-json\/wp\/v2\/media\/1123"}],"wp:attachment":[{"href":"https:\/\/valika.eu\/fi\/wp-json\/wp\/v2\/media?parent=1122"}],"wp:term":[{"taxonomy":"product_brand","embeddable":true,"href":"https:\/\/valika.eu\/fi\/wp-json\/wp\/v2\/product_brand?post=1122"},{"taxonomy":"product_cat","embeddable":true,"href":"https:\/\/valika.eu\/fi\/wp-json\/wp\/v2\/product_cat?post=1122"},{"taxonomy":"product_tag","embeddable":true,"href":"https:\/\/valika.eu\/fi\/wp-json\/wp\/v2\/product_tag?post=1122"}],"curies":[{"name":"wp","href":"https:\/\/api.w.org\/{rel}","templated":true}]}}