{"id":11237,"date":"2025-01-09T06:22:53","date_gmt":"2025-01-09T04:22:53","guid":{"rendered":"https:\/\/valika.eu\/toode\/claresa-lauvarv-glow-eyeshadow-13-beige-on-fire\/"},"modified":"2025-07-02T05:03:15","modified_gmt":"2025-07-02T02:03:15","slug":"claresa-lauvarv-glow-eyeshadow-13-beige-on-fire","status":"publish","type":"product","link":"https:\/\/valika.eu\/fi\/toode\/claresa-lauvarv-glow-eyeshadow-13-beige-on-fire\/","title":{"rendered":"Claresa Glow -luomiv\u00e4ri 13 Beige on Fire"},"content":{"rendered":"<p>GLOW LUOMIV\u00c4RI \u2013 intensiivisesti helmi\u00e4ishohtoinen yksitt\u00e4inen luomiv\u00e4ri<\/p>\n<p>GLOW-luomiv\u00e4rit ovat kokoelma 15 intensiivisesti helmi\u00e4ishohtoista yksitt\u00e4ist\u00e4 luomiv\u00e4ri\u00e4, jotka koostuvat kolmesta sarjasta:<\/p>\n<p>&#8211; COOL GLOW \u2013 viisi upeasti kimaltelevaa luomiv\u00e4ri\u00e4 viileiss\u00e4 s\u00e4vyiss\u00e4 (numerot 01-05)<br \/>\n&#8211; HOT GLOW \u2013 viisi ihanan hehkuvaa luomiv\u00e4ri\u00e4 l\u00e4mpimiss\u00e4, kultaisissa s\u00e4vyiss\u00e4 (numerot 11-15)<br \/>\n&#8211; FUN GLOW \u2013 viisi s\u00e4ihkyv\u00e4\u00e4 luomiv\u00e4ri\u00e4 intensiivisiss\u00e4, eloisissa v\u00e4reiss\u00e4 (numerot 06-10);<\/p>\n<p>Silkkinen, kermainen koostumus ja intensiivinen pigmentti takaavat pitk\u00e4kestoisen vaikutuksen, joka luo n\u00e4ytt\u00e4v\u00e4n valaistun silm\u00e4meikin ilman varisemista tai juonteita. Luomiv\u00e4rit toimivat t\u00e4ydellisesti sek\u00e4 kesken\u00e4\u00e4n ett\u00e4 muiden tuotteiden kanssa, ja niiden avulla saavutettu hehkuva meikki kimaltelee kauniisti sek\u00e4 p\u00e4iv\u00e4nvalossa ett\u00e4 keinovalossa. Niit\u00e4 voidaan k\u00e4ytt\u00e4\u00e4 kuivana tai kosteana, riippuen halutusta vaikutuksen intensiivisyydest\u00e4.<\/p>\n<p>Luomiv\u00e4rit valmistetaan Puolassa, ovat vegaanisia, niit\u00e4 ei ole testattu el\u00e4imill\u00e4, eiv\u00e4tk\u00e4 ne sis\u00e4ll\u00e4 hajusteita, alkoholia tai mikromuoveja.<\/p>\n<p>HAUSKA FAKTA<\/p>\n<p>Luomiv\u00e4reill\u00e4 on t\u00e4ydellinen koostumus \u2013 ne ovat pehmeit\u00e4 ja kermamaisia koskettaa, mutta eiv\u00e4t paina luomea ja sopivat jopa kyps\u00e4lle iholle.<\/p>\n<p>K\u00c4YTT\u00d6<\/p>\n<p>Kimaltelevat luomiv\u00e4rit siirtyv\u00e4t paremmin luomelle, kun ne levitet\u00e4\u00e4n sormella. T\u00e4ss\u00e4 tapauksessa kannattaa j\u00e4tt\u00e4\u00e4 siveltimet v\u00e4liin. Jos k\u00e4yt\u00e4t sivellint\u00e4, esimerkiksi kosteaan levitykseen, valitse sellainen, joka ei ole liian pehme\u00e4 tai hento &#8211; litte\u00e4 synteettinen sivellin on optimaalinen.<\/p>\n<p>MEIKKITAITEILIJAN VINKKI<\/p>\n<p>Kun levit\u00e4t luomiv\u00e4ri\u00e4 kosteana, muista olla kastelematta itse luomiv\u00e4ri\u00e4, sill\u00e4 sen ylin kerros kovettuu. Ota luomiv\u00e4ri\u00e4 kostutetulla siveltimell\u00e4 (voit suihkuttaa siihen sumutetta tai meikinkiinnitt\u00e4j\u00e4\u00e4) ja levit\u00e4 lyhyin vedoin tai paina aplikaattoria luomelle kohta kohdalta.<\/p>\n<p>Tilavuus: 1,2g<\/p>\n<p>INCI: Mica, Talc, Dimethicone, Cyclopentasiloxane, Pentaerythrityl Tetraisostearate, Octyldodecanol, Dimethicone Crosspolymer, Phenoxyethanol, Ethylhexylglycerin [+\/-] CI 77891, CI 77491<\/p>\n<p>Katso t\u00e4m\u00e4 julkaisu Instagramissa<\/p>\n<p>Julkaisu, jonka jakoi Claresa (@claresamakeup)<\/p>","protected":false},"excerpt":{"rendered":"<p>GLOW LUOMIV\u00c4RI \u2013 intensiivisesti helmi\u00e4ishohtoinen yksitt\u00e4inen luomiv\u00e4ri GLOW-luomiv\u00e4rit ovat kokoelma 15 intensiivisesti helmi\u00e4ishohtoista yksitt\u00e4ist\u00e4 luomiv\u00e4ri\u00e4, jotka koostuvat kolmesta sarjasta: &#8211;<\/p>\n","protected":false},"featured_media":11236,"template":"","meta":[],"product_brand":[],"product_cat":[679],"product_tag":[],"class_list":{"0":"post-11237","1":"product","2":"type-product","3":"status-publish","4":"has-post-thumbnail","6":"product_cat-eye-shadows","8":"first","9":"instock","10":"taxable","11":"shipping-taxable","12":"purchasable","13":"product-type-simple"},"yoast_head":"<!-- This site is optimized with the Yoast SEO plugin v24.4 - https:\/\/yoast.com\/wordpress\/plugins\/seo\/ -->\n<title>Claresa Glow -luomiv\u00e4ri 13 Beige on Fire | Valika<\/title>\n<meta name=\"robots\" content=\"index, follow, max-snippet:-1, max-image-preview:large, max-video-preview:-1\" \/>\n<link rel=\"canonical\" href=\"https:\/\/valika.eu\/fi\/toode\/claresa-lauvarv-glow-eyeshadow-13-beige-on-fire\/\" \/>\n<meta property=\"og:locale\" content=\"fi_FI\" \/>\n<meta property=\"og:type\" content=\"article\" \/>\n<meta property=\"og:title\" content=\"Claresa Glow -luomiv\u00e4ri 13 Beige on Fire | Valika\" \/>\n<meta property=\"og:description\" content=\"GLOW LUOMIV\u00c4RI \u2013 intensiivisesti helmi\u00e4ishohtoinen yksitt\u00e4inen luomiv\u00e4ri GLOW-luomiv\u00e4rit ovat kokoelma 15 intensiivisesti helmi\u00e4ishohtoista yksitt\u00e4ist\u00e4 luomiv\u00e4ri\u00e4, jotka koostuvat kolmesta sarjasta: &#8211;\" \/>\n<meta property=\"og:url\" content=\"https:\/\/valika.eu\/fi\/toode\/claresa-lauvarv-glow-eyeshadow-13-beige-on-fire\/\" \/>\n<meta property=\"og:site_name\" content=\"Valika\" \/>\n<meta property=\"article:publisher\" content=\"https:\/\/www.facebook.com\/tipsi.net\" \/>\n<meta property=\"article:modified_time\" content=\"2025-07-02T02:03:15+00:00\" \/>\n<meta property=\"og:image\" content=\"https:\/\/valika.eu\/wp-content\/uploads\/2025\/01\/5441.jpg\" \/>\n\t<meta property=\"og:image:width\" content=\"2048\" \/>\n\t<meta property=\"og:image:height\" content=\"2048\" \/>\n\t<meta property=\"og:image:type\" content=\"image\/jpeg\" \/>\n<meta name=\"twitter:card\" content=\"summary_large_image\" \/>\n<script type=\"application\/ld+json\" class=\"yoast-schema-graph\">{\"@context\":\"https:\/\/schema.org\",\"@graph\":[{\"@type\":\"WebPage\",\"@id\":\"https:\/\/valika.eu\/fi\/toode\/claresa-lauvarv-glow-eyeshadow-13-beige-on-fire\/\",\"url\":\"https:\/\/valika.eu\/fi\/toode\/claresa-lauvarv-glow-eyeshadow-13-beige-on-fire\/\",\"name\":\"Claresa Glow -luomiv\u00e4ri 13 Beige on Fire | Valika\",\"isPartOf\":{\"@id\":\"https:\/\/valika.eu\/fi\/#website\"},\"primaryImageOfPage\":{\"@id\":\"https:\/\/valika.eu\/fi\/toode\/claresa-lauvarv-glow-eyeshadow-13-beige-on-fire\/#primaryimage\"},\"image\":{\"@id\":\"https:\/\/valika.eu\/toode\/claresa-lauvarv-glow-eyeshadow-13-beige-on-fire\/#primaryimage\"},\"thumbnailUrl\":\"https:\/\/valika.eu\/wp-content\/uploads\/2025\/01\/5441.jpg\",\"datePublished\":\"2025-01-09T04:22:53+00:00\",\"dateModified\":\"2025-07-02T02:03:15+00:00\",\"breadcrumb\":{\"@id\":\"https:\/\/valika.eu\/fi\/toode\/claresa-lauvarv-glow-eyeshadow-13-beige-on-fire\/#breadcrumb\"},\"inLanguage\":\"fi\",\"potentialAction\":[{\"@type\":\"ReadAction\",\"target\":[[\"https:\/\/valika.eu\/fi\/toode\/claresa-lauvarv-glow-eyeshadow-13-beige-on-fire\/\"]]}]},{\"@type\":\"ImageObject\",\"inLanguage\":\"fi\",\"@id\":\"https:\/\/valika.eu\/fi\/toode\/claresa-lauvarv-glow-eyeshadow-13-beige-on-fire\/#primaryimage\",\"url\":\"https:\/\/valika.eu\/wp-content\/uploads\/2025\/01\/5441.jpg\",\"contentUrl\":\"https:\/\/valika.eu\/wp-content\/uploads\/2025\/01\/5441.jpg\",\"width\":2048,\"height\":2048},{\"@type\":\"BreadcrumbList\",\"@id\":\"https:\/\/valika.eu\/fi\/toode\/claresa-lauvarv-glow-eyeshadow-13-beige-on-fire\/#breadcrumb\",\"itemListElement\":[{\"@type\":\"ListItem\",\"position\":1,\"name\":\"Koti\",\"item\":\"https:\/\/valika.eu\/fi\/\"},{\"@type\":\"ListItem\",\"position\":2,\"name\":\"Shop\",\"item\":\"https:\/\/valika.eu\/fi\/\"},{\"@type\":\"ListItem\",\"position\":3,\"name\":\"Claresa Glow eyeshadow shade 13 Beige on Fire\"}]},{\"@type\":\"WebSite\",\"@id\":\"https:\/\/valika.eu\/fi\/#website\",\"url\":\"https:\/\/valika.eu\/fi\/\",\"name\":\"Valika.eu\",\"description\":\"Salonkituotteet ja kauneudenhoitotuotteet - Valika tarjoaa laajan valikoiman tuotteita ja tarvikkeita kynsiteknikoille, kauneushoitoloille, kampaamoille ja kampaamoille.\",\"publisher\":{\"@id\":\"https:\/\/valika.eu\/fi\/#organization\"},\"alternateName\":\"Valika\",\"potentialAction\":[{\"@type\":\"SearchAction\",\"target\":{\"@type\":\"EntryPoint\",\"urlTemplate\":\"https:\/\/valika.eu\/fi\/?s={search_term_string}\"},\"query-input\":{\"@type\":\"PropertyValueSpecification\",\"valueRequired\":true,\"valueName\":\"search_term_string\"}}],\"inLanguage\":\"fi\"},{\"@type\":\"Organization\",\"@id\":\"https:\/\/valika.eu\/fi\/#organization\",\"name\":\"Salongitoode O\u00dc\",\"alternateName\":\"Valika\",\"url\":\"https:\/\/valika.eu\/fi\/\",\"logo\":{\"@type\":\"ImageObject\",\"inLanguage\":\"fi\",\"@id\":\"https:\/\/valika.eu\/fi\/#\/schema\/logo\/image\/\",\"url\":\"https:\/\/valika.eu\/wp-content\/uploads\/2023\/11\/logo2-valika-footer.png\",\"contentUrl\":\"https:\/\/valika.eu\/wp-content\/uploads\/2023\/11\/logo2-valika-footer.png\",\"width\":200,\"height\":129,\"caption\":\"Salongitoode O\u00dc\"},\"image\":{\"@id\":\"https:\/\/valika.eu\/fi\/#\/schema\/logo\/image\/\"},\"sameAs\":[\"https:\/\/www.facebook.com\/tipsi.net\"]}]}<\/script>\n<!-- \/ Yoast SEO plugin. -->","yoast_head_json":{"title":"Claresa Glow -luomiv\u00e4ri 13 Beige on Fire | Valika","robots":{"index":"index","follow":"follow","max-snippet":"max-snippet:-1","max-image-preview":"max-image-preview:large","max-video-preview":"max-video-preview:-1"},"canonical":"https:\/\/valika.eu\/fi\/toode\/claresa-lauvarv-glow-eyeshadow-13-beige-on-fire\/","og_locale":"fi_FI","og_type":"article","og_title":"Claresa Glow -luomiv\u00e4ri 13 Beige on Fire | Valika","og_description":"GLOW LUOMIV\u00c4RI \u2013 intensiivisesti helmi\u00e4ishohtoinen yksitt\u00e4inen luomiv\u00e4ri GLOW-luomiv\u00e4rit ovat kokoelma 15 intensiivisesti helmi\u00e4ishohtoista yksitt\u00e4ist\u00e4 luomiv\u00e4ri\u00e4, jotka koostuvat kolmesta sarjasta: &#8211;","og_url":"https:\/\/valika.eu\/fi\/toode\/claresa-lauvarv-glow-eyeshadow-13-beige-on-fire\/","og_site_name":"Valika","article_publisher":"https:\/\/www.facebook.com\/tipsi.net","article_modified_time":"2025-07-02T02:03:15+00:00","og_image":[{"width":2048,"height":2048,"url":"https:\/\/valika.eu\/wp-content\/uploads\/2025\/01\/5441.jpg","type":"image\/jpeg"}],"twitter_card":"summary_large_image","schema":{"@context":"https:\/\/schema.org","@graph":[{"@type":"WebPage","@id":"https:\/\/valika.eu\/fi\/toode\/claresa-lauvarv-glow-eyeshadow-13-beige-on-fire\/","url":"https:\/\/valika.eu\/fi\/toode\/claresa-lauvarv-glow-eyeshadow-13-beige-on-fire\/","name":"Claresa Glow -luomiv\u00e4ri 13 Beige on Fire | Valika","isPartOf":{"@id":"https:\/\/valika.eu\/fi\/#website"},"primaryImageOfPage":{"@id":"https:\/\/valika.eu\/fi\/toode\/claresa-lauvarv-glow-eyeshadow-13-beige-on-fire\/#primaryimage"},"image":{"@id":"https:\/\/valika.eu\/toode\/claresa-lauvarv-glow-eyeshadow-13-beige-on-fire\/#primaryimage"},"thumbnailUrl":"https:\/\/valika.eu\/wp-content\/uploads\/2025\/01\/5441.jpg","datePublished":"2025-01-09T04:22:53+00:00","dateModified":"2025-07-02T02:03:15+00:00","breadcrumb":{"@id":"https:\/\/valika.eu\/fi\/toode\/claresa-lauvarv-glow-eyeshadow-13-beige-on-fire\/#breadcrumb"},"inLanguage":"fi","potentialAction":[{"@type":"ReadAction","target":[["https:\/\/valika.eu\/fi\/toode\/claresa-lauvarv-glow-eyeshadow-13-beige-on-fire\/"]]}]},{"@type":"ImageObject","inLanguage":"fi","@id":"https:\/\/valika.eu\/fi\/toode\/claresa-lauvarv-glow-eyeshadow-13-beige-on-fire\/#primaryimage","url":"https:\/\/valika.eu\/wp-content\/uploads\/2025\/01\/5441.jpg","contentUrl":"https:\/\/valika.eu\/wp-content\/uploads\/2025\/01\/5441.jpg","width":2048,"height":2048},{"@type":"BreadcrumbList","@id":"https:\/\/valika.eu\/fi\/toode\/claresa-lauvarv-glow-eyeshadow-13-beige-on-fire\/#breadcrumb","itemListElement":[{"@type":"ListItem","position":1,"name":"Koti","item":"https:\/\/valika.eu\/fi\/"},{"@type":"ListItem","position":2,"name":"Shop","item":"https:\/\/valika.eu\/fi\/"},{"@type":"ListItem","position":3,"name":"Claresa Glow eyeshadow shade 13 Beige on Fire"}]},{"@type":"WebSite","@id":"https:\/\/valika.eu\/fi\/#website","url":"https:\/\/valika.eu\/fi\/","name":"Valika.eu","description":"Salonkituotteet ja kauneudenhoitotuotteet - Valika tarjoaa laajan valikoiman tuotteita ja tarvikkeita kynsiteknikoille, kauneushoitoloille, kampaamoille ja kampaamoille.","publisher":{"@id":"https:\/\/valika.eu\/fi\/#organization"},"alternateName":"Valika","potentialAction":[{"@type":"SearchAction","target":{"@type":"EntryPoint","urlTemplate":"https:\/\/valika.eu\/fi\/?s={search_term_string}"},"query-input":{"@type":"PropertyValueSpecification","valueRequired":true,"valueName":"search_term_string"}}],"inLanguage":"fi"},{"@type":"Organization","@id":"https:\/\/valika.eu\/fi\/#organization","name":"Salongitoode O\u00dc","alternateName":"Valika","url":"https:\/\/valika.eu\/fi\/","logo":{"@type":"ImageObject","inLanguage":"fi","@id":"https:\/\/valika.eu\/fi\/#\/schema\/logo\/image\/","url":"https:\/\/valika.eu\/wp-content\/uploads\/2023\/11\/logo2-valika-footer.png","contentUrl":"https:\/\/valika.eu\/wp-content\/uploads\/2023\/11\/logo2-valika-footer.png","width":200,"height":129,"caption":"Salongitoode O\u00dc"},"image":{"@id":"https:\/\/valika.eu\/fi\/#\/schema\/logo\/image\/"},"sameAs":["https:\/\/www.facebook.com\/tipsi.net"]}]}},"jetpack_sharing_enabled":true,"_links":{"self":[{"href":"https:\/\/valika.eu\/fi\/wp-json\/wp\/v2\/product\/11237","targetHints":{"allow":["GET"]}}],"collection":[{"href":"https:\/\/valika.eu\/fi\/wp-json\/wp\/v2\/product"}],"about":[{"href":"https:\/\/valika.eu\/fi\/wp-json\/wp\/v2\/types\/product"}],"wp:featuredmedia":[{"embeddable":true,"href":"https:\/\/valika.eu\/fi\/wp-json\/wp\/v2\/media\/11236"}],"wp:attachment":[{"href":"https:\/\/valika.eu\/fi\/wp-json\/wp\/v2\/media?parent=11237"}],"wp:term":[{"taxonomy":"product_brand","embeddable":true,"href":"https:\/\/valika.eu\/fi\/wp-json\/wp\/v2\/product_brand?post=11237"},{"taxonomy":"product_cat","embeddable":true,"href":"https:\/\/valika.eu\/fi\/wp-json\/wp\/v2\/product_cat?post=11237"},{"taxonomy":"product_tag","embeddable":true,"href":"https:\/\/valika.eu\/fi\/wp-json\/wp\/v2\/product_tag?post=11237"}],"curies":[{"name":"wp","href":"https:\/\/api.w.org\/{rel}","templated":true}]}}