{"id":11264,"date":"2025-01-09T06:23:26","date_gmt":"2025-01-09T04:23:26","guid":{"rendered":"https:\/\/valika.eu\/toode\/claresa-lauvarvipalett-silver-glam\/"},"modified":"2025-07-02T05:03:15","modified_gmt":"2025-07-02T02:03:15","slug":"claresa-lauvarvipalett-silver-glam","status":"publish","type":"product","link":"https:\/\/valika.eu\/fi\/toode\/claresa-lauvarvipalett-silver-glam\/","title":{"rendered":"Claresa Luomiv\u00e4ripaletti SILVER GLAM"},"content":{"rendered":"<p>Kymmenen voimakkaasti pigmentoidun luomiv\u00e4rin paletti UP 2U -kokoelmasta, jonka koostumus takaa helpon h\u00e4ivytyksen, mahdollistaen loputtomien silm\u00e4meikkilookien luomisen sek\u00e4 ilta- ett\u00e4 arkik\u00e4ytt\u00f6\u00f6n. SILVER GLAM -versio on ehdotus viileiden, hienostuneiden v\u00e4rien yst\u00e4ville, joissa beiget ja ruskeat yhdistyv\u00e4t viininpunaisiin s\u00e4vyihin ja hienostuneeseen grafiittiin, kaikki viimeisteltyn\u00e4 kuivalla kermapisaralla. Paletti koostuu t\u00e4ydellisist\u00e4, elegantista mattas\u00e4vyist\u00e4 ja &#8211; glam-nimen mukaisesti &#8211; intensiivisist\u00e4 hohdoista.<\/p>\n<p>SOVELLUS:<br \/>\nMattas\u00e4vyt levitet\u00e4\u00e4n parhaiten siveltimill\u00e4, kun taas voimakkaasti helmi\u00e4iset s\u00e4vyt sormenp\u00e4\u00e4ll\u00e4.<\/p>\n<p>MEIKKITAITEILIJAN VINKKI:<br \/>\nMuista valmistella silm\u00e4luomi kunnolla! Saadaksesi luomiv\u00e4reist\u00e4 maksimaalisen v\u00e4rikyll\u00e4isyyden, levit\u00e4 ne pohjustetulle tai peitevoiteella peitetylle silm\u00e4luomelle ennen kuin tuote asettuu. Jos et viel\u00e4 tunne itse\u00e4si meikkimestariksi, voit ensin puuteroida pohjan tai peitevoiteen (tai peitt\u00e4\u00e4 sen ihons\u00e4vyisell\u00e4 luomiv\u00e4rill\u00e4) \u2013 t\u00e4m\u00e4 helpottaa h\u00e4ivytt\u00e4mist\u00e4 ja minimoi virheiden riskin.<\/p>","protected":false},"excerpt":{"rendered":"<p>Kymmenen voimakkaasti pigmentoidun luomiv\u00e4rin paletti UP 2U -kokoelmasta, jonka koostumus takaa helpon h\u00e4ivytyksen, mahdollistaen loputtomien silm\u00e4meikkilookien luomisen sek\u00e4 ilta- ett\u00e4<\/p>\n","protected":false},"featured_media":11263,"template":"","meta":[],"product_brand":[],"product_cat":[679],"product_tag":[],"class_list":{"0":"post-11264","1":"product","2":"type-product","3":"status-publish","4":"has-post-thumbnail","6":"product_cat-eye-shadows","8":"first","9":"instock","10":"taxable","11":"shipping-taxable","12":"purchasable","13":"product-type-simple"},"yoast_head":"<!-- This site is optimized with the Yoast SEO plugin v24.4 - https:\/\/yoast.com\/wordpress\/plugins\/seo\/ -->\n<title>Claresa Luomiv\u00e4ripaletti SILVER GLAM | Valika<\/title>\n<meta name=\"robots\" content=\"index, follow, max-snippet:-1, max-image-preview:large, max-video-preview:-1\" \/>\n<link rel=\"canonical\" href=\"https:\/\/valika.eu\/fi\/toode\/claresa-lauvarvipalett-silver-glam\/\" \/>\n<meta property=\"og:locale\" content=\"fi_FI\" \/>\n<meta property=\"og:type\" content=\"article\" \/>\n<meta property=\"og:title\" content=\"Claresa Luomiv\u00e4ripaletti SILVER GLAM | Valika\" \/>\n<meta property=\"og:description\" content=\"Kymmenen voimakkaasti pigmentoidun luomiv\u00e4rin paletti UP 2U -kokoelmasta, jonka koostumus takaa helpon h\u00e4ivytyksen, mahdollistaen loputtomien silm\u00e4meikkilookien luomisen sek\u00e4 ilta- ett\u00e4\" \/>\n<meta property=\"og:url\" content=\"https:\/\/valika.eu\/fi\/toode\/claresa-lauvarvipalett-silver-glam\/\" \/>\n<meta property=\"og:site_name\" content=\"Valika\" \/>\n<meta property=\"article:publisher\" content=\"https:\/\/www.facebook.com\/tipsi.net\" \/>\n<meta property=\"article:modified_time\" content=\"2025-07-02T02:03:15+00:00\" \/>\n<meta property=\"og:image\" content=\"https:\/\/valika.eu\/wp-content\/uploads\/2025\/01\/6276.jpg\" \/>\n\t<meta property=\"og:image:width\" content=\"1500\" \/>\n\t<meta property=\"og:image:height\" content=\"1500\" \/>\n\t<meta property=\"og:image:type\" content=\"image\/jpeg\" \/>\n<meta name=\"twitter:card\" content=\"summary_large_image\" \/>\n<script type=\"application\/ld+json\" class=\"yoast-schema-graph\">{\"@context\":\"https:\/\/schema.org\",\"@graph\":[{\"@type\":\"WebPage\",\"@id\":\"https:\/\/valika.eu\/fi\/toode\/claresa-lauvarvipalett-silver-glam\/\",\"url\":\"https:\/\/valika.eu\/fi\/toode\/claresa-lauvarvipalett-silver-glam\/\",\"name\":\"Claresa Luomiv\u00e4ripaletti SILVER GLAM | Valika\",\"isPartOf\":{\"@id\":\"https:\/\/valika.eu\/fi\/#website\"},\"primaryImageOfPage\":{\"@id\":\"https:\/\/valika.eu\/fi\/toode\/claresa-lauvarvipalett-silver-glam\/#primaryimage\"},\"image\":{\"@id\":\"https:\/\/valika.eu\/toode\/claresa-lauvarvipalett-silver-glam\/#primaryimage\"},\"thumbnailUrl\":\"https:\/\/valika.eu\/wp-content\/uploads\/2025\/01\/6276.jpg\",\"datePublished\":\"2025-01-09T04:23:26+00:00\",\"dateModified\":\"2025-07-02T02:03:15+00:00\",\"breadcrumb\":{\"@id\":\"https:\/\/valika.eu\/fi\/toode\/claresa-lauvarvipalett-silver-glam\/#breadcrumb\"},\"inLanguage\":\"fi\",\"potentialAction\":[{\"@type\":\"ReadAction\",\"target\":[[\"https:\/\/valika.eu\/fi\/toode\/claresa-lauvarvipalett-silver-glam\/\"]]}]},{\"@type\":\"ImageObject\",\"inLanguage\":\"fi\",\"@id\":\"https:\/\/valika.eu\/fi\/toode\/claresa-lauvarvipalett-silver-glam\/#primaryimage\",\"url\":\"https:\/\/valika.eu\/wp-content\/uploads\/2025\/01\/6276.jpg\",\"contentUrl\":\"https:\/\/valika.eu\/wp-content\/uploads\/2025\/01\/6276.jpg\",\"width\":1500,\"height\":1500},{\"@type\":\"BreadcrumbList\",\"@id\":\"https:\/\/valika.eu\/fi\/toode\/claresa-lauvarvipalett-silver-glam\/#breadcrumb\",\"itemListElement\":[{\"@type\":\"ListItem\",\"position\":1,\"name\":\"Koti\",\"item\":\"https:\/\/valika.eu\/fi\/\"},{\"@type\":\"ListItem\",\"position\":2,\"name\":\"Shop\",\"item\":\"https:\/\/valika.eu\/fi\/\"},{\"@type\":\"ListItem\",\"position\":3,\"name\":\"Claresa Eyeshadow Palette SILVER GLAM\"}]},{\"@type\":\"WebSite\",\"@id\":\"https:\/\/valika.eu\/fi\/#website\",\"url\":\"https:\/\/valika.eu\/fi\/\",\"name\":\"Valika.eu\",\"description\":\"Salonkituotteet ja kauneudenhoitotuotteet - Valika tarjoaa laajan valikoiman tuotteita ja tarvikkeita kynsiteknikoille, kauneushoitoloille, kampaamoille ja kampaamoille.\",\"publisher\":{\"@id\":\"https:\/\/valika.eu\/fi\/#organization\"},\"alternateName\":\"Valika\",\"potentialAction\":[{\"@type\":\"SearchAction\",\"target\":{\"@type\":\"EntryPoint\",\"urlTemplate\":\"https:\/\/valika.eu\/fi\/?s={search_term_string}\"},\"query-input\":{\"@type\":\"PropertyValueSpecification\",\"valueRequired\":true,\"valueName\":\"search_term_string\"}}],\"inLanguage\":\"fi\"},{\"@type\":\"Organization\",\"@id\":\"https:\/\/valika.eu\/fi\/#organization\",\"name\":\"Salongitoode O\u00dc\",\"alternateName\":\"Valika\",\"url\":\"https:\/\/valika.eu\/fi\/\",\"logo\":{\"@type\":\"ImageObject\",\"inLanguage\":\"fi\",\"@id\":\"https:\/\/valika.eu\/fi\/#\/schema\/logo\/image\/\",\"url\":\"https:\/\/valika.eu\/wp-content\/uploads\/2023\/11\/logo2-valika-footer.png\",\"contentUrl\":\"https:\/\/valika.eu\/wp-content\/uploads\/2023\/11\/logo2-valika-footer.png\",\"width\":200,\"height\":129,\"caption\":\"Salongitoode O\u00dc\"},\"image\":{\"@id\":\"https:\/\/valika.eu\/fi\/#\/schema\/logo\/image\/\"},\"sameAs\":[\"https:\/\/www.facebook.com\/tipsi.net\"]}]}<\/script>\n<!-- \/ Yoast SEO plugin. -->","yoast_head_json":{"title":"Claresa Luomiv\u00e4ripaletti SILVER GLAM | Valika","robots":{"index":"index","follow":"follow","max-snippet":"max-snippet:-1","max-image-preview":"max-image-preview:large","max-video-preview":"max-video-preview:-1"},"canonical":"https:\/\/valika.eu\/fi\/toode\/claresa-lauvarvipalett-silver-glam\/","og_locale":"fi_FI","og_type":"article","og_title":"Claresa Luomiv\u00e4ripaletti SILVER GLAM | Valika","og_description":"Kymmenen voimakkaasti pigmentoidun luomiv\u00e4rin paletti UP 2U -kokoelmasta, jonka koostumus takaa helpon h\u00e4ivytyksen, mahdollistaen loputtomien silm\u00e4meikkilookien luomisen sek\u00e4 ilta- ett\u00e4","og_url":"https:\/\/valika.eu\/fi\/toode\/claresa-lauvarvipalett-silver-glam\/","og_site_name":"Valika","article_publisher":"https:\/\/www.facebook.com\/tipsi.net","article_modified_time":"2025-07-02T02:03:15+00:00","og_image":[{"width":1500,"height":1500,"url":"https:\/\/valika.eu\/wp-content\/uploads\/2025\/01\/6276.jpg","type":"image\/jpeg"}],"twitter_card":"summary_large_image","schema":{"@context":"https:\/\/schema.org","@graph":[{"@type":"WebPage","@id":"https:\/\/valika.eu\/fi\/toode\/claresa-lauvarvipalett-silver-glam\/","url":"https:\/\/valika.eu\/fi\/toode\/claresa-lauvarvipalett-silver-glam\/","name":"Claresa Luomiv\u00e4ripaletti SILVER GLAM | Valika","isPartOf":{"@id":"https:\/\/valika.eu\/fi\/#website"},"primaryImageOfPage":{"@id":"https:\/\/valika.eu\/fi\/toode\/claresa-lauvarvipalett-silver-glam\/#primaryimage"},"image":{"@id":"https:\/\/valika.eu\/toode\/claresa-lauvarvipalett-silver-glam\/#primaryimage"},"thumbnailUrl":"https:\/\/valika.eu\/wp-content\/uploads\/2025\/01\/6276.jpg","datePublished":"2025-01-09T04:23:26+00:00","dateModified":"2025-07-02T02:03:15+00:00","breadcrumb":{"@id":"https:\/\/valika.eu\/fi\/toode\/claresa-lauvarvipalett-silver-glam\/#breadcrumb"},"inLanguage":"fi","potentialAction":[{"@type":"ReadAction","target":[["https:\/\/valika.eu\/fi\/toode\/claresa-lauvarvipalett-silver-glam\/"]]}]},{"@type":"ImageObject","inLanguage":"fi","@id":"https:\/\/valika.eu\/fi\/toode\/claresa-lauvarvipalett-silver-glam\/#primaryimage","url":"https:\/\/valika.eu\/wp-content\/uploads\/2025\/01\/6276.jpg","contentUrl":"https:\/\/valika.eu\/wp-content\/uploads\/2025\/01\/6276.jpg","width":1500,"height":1500},{"@type":"BreadcrumbList","@id":"https:\/\/valika.eu\/fi\/toode\/claresa-lauvarvipalett-silver-glam\/#breadcrumb","itemListElement":[{"@type":"ListItem","position":1,"name":"Koti","item":"https:\/\/valika.eu\/fi\/"},{"@type":"ListItem","position":2,"name":"Shop","item":"https:\/\/valika.eu\/fi\/"},{"@type":"ListItem","position":3,"name":"Claresa Eyeshadow Palette SILVER GLAM"}]},{"@type":"WebSite","@id":"https:\/\/valika.eu\/fi\/#website","url":"https:\/\/valika.eu\/fi\/","name":"Valika.eu","description":"Salonkituotteet ja kauneudenhoitotuotteet - Valika tarjoaa laajan valikoiman tuotteita ja tarvikkeita kynsiteknikoille, kauneushoitoloille, kampaamoille ja kampaamoille.","publisher":{"@id":"https:\/\/valika.eu\/fi\/#organization"},"alternateName":"Valika","potentialAction":[{"@type":"SearchAction","target":{"@type":"EntryPoint","urlTemplate":"https:\/\/valika.eu\/fi\/?s={search_term_string}"},"query-input":{"@type":"PropertyValueSpecification","valueRequired":true,"valueName":"search_term_string"}}],"inLanguage":"fi"},{"@type":"Organization","@id":"https:\/\/valika.eu\/fi\/#organization","name":"Salongitoode O\u00dc","alternateName":"Valika","url":"https:\/\/valika.eu\/fi\/","logo":{"@type":"ImageObject","inLanguage":"fi","@id":"https:\/\/valika.eu\/fi\/#\/schema\/logo\/image\/","url":"https:\/\/valika.eu\/wp-content\/uploads\/2023\/11\/logo2-valika-footer.png","contentUrl":"https:\/\/valika.eu\/wp-content\/uploads\/2023\/11\/logo2-valika-footer.png","width":200,"height":129,"caption":"Salongitoode O\u00dc"},"image":{"@id":"https:\/\/valika.eu\/fi\/#\/schema\/logo\/image\/"},"sameAs":["https:\/\/www.facebook.com\/tipsi.net"]}]}},"jetpack_sharing_enabled":true,"_links":{"self":[{"href":"https:\/\/valika.eu\/fi\/wp-json\/wp\/v2\/product\/11264","targetHints":{"allow":["GET"]}}],"collection":[{"href":"https:\/\/valika.eu\/fi\/wp-json\/wp\/v2\/product"}],"about":[{"href":"https:\/\/valika.eu\/fi\/wp-json\/wp\/v2\/types\/product"}],"wp:featuredmedia":[{"embeddable":true,"href":"https:\/\/valika.eu\/fi\/wp-json\/wp\/v2\/media\/11263"}],"wp:attachment":[{"href":"https:\/\/valika.eu\/fi\/wp-json\/wp\/v2\/media?parent=11264"}],"wp:term":[{"taxonomy":"product_brand","embeddable":true,"href":"https:\/\/valika.eu\/fi\/wp-json\/wp\/v2\/product_brand?post=11264"},{"taxonomy":"product_cat","embeddable":true,"href":"https:\/\/valika.eu\/fi\/wp-json\/wp\/v2\/product_cat?post=11264"},{"taxonomy":"product_tag","embeddable":true,"href":"https:\/\/valika.eu\/fi\/wp-json\/wp\/v2\/product_tag?post=11264"}],"curies":[{"name":"wp","href":"https:\/\/api.w.org\/{rel}","templated":true}]}}