{"id":11308,"date":"2025-01-09T06:24:29","date_gmt":"2025-01-09T04:24:29","guid":{"rendered":"https:\/\/valika.eu\/toode\/claresa-lauvarv-topper-eyeshadow-04-supernova\/"},"modified":"2025-07-02T05:03:14","modified_gmt":"2025-07-02T02:03:14","slug":"claresa-lauvarv-topper-eyeshadow-04-supernova","status":"publish","type":"product","link":"https:\/\/valika.eu\/fi\/toode\/claresa-lauvarv-topper-eyeshadow-04-supernova\/","title":{"rendered":"Claresa Topper Eyeshadow -luomiv\u00e4ri 04 Supernova"},"content":{"rendered":"<p><\/p>\n<p>Luultavasti tunnistat kynsilakan kimaltelevat p\u00e4\u00e4llyslakat, jotka voivat muuttaa mink\u00e4 tahansa manikyyrin yhdell\u00e4 siveltimen vedolla ja lis\u00e4t\u00e4 uskomatonta kiiltoa. Ent\u00e4 jos voisit lumota silm\u00e4meikkisi yhdell\u00e4 tuotteella ja muuttaa sen ulkon\u00e4\u00f6n t\u00e4ysin?<\/p>\n<p><strong>Topperi<\/strong> on kimalteleva luomiv\u00e4ri, jossa on l\u00e4pin\u00e4kyv\u00e4 pohja, jota voit k\u00e4ytt\u00e4\u00e4 yksin\u00e4\u00e4n tai muiden luomiv\u00e4rien p\u00e4\u00e4ll\u00e4. Se levittyy luomille <strong>tasaisesti ja pehme\u00e4sti<\/strong>, luoden <strong>moniulotteisen kiillon, joka s\u00e4ihkyy sadoilla hiukkasilla.<\/strong> Sen koostumus <strong>kest\u00e4\u00e4 monta tuntia<\/strong>, s\u00e4ilytt\u00e4en t\u00e4yden intensiteetin ja kiillon.<\/p>\n<p><strong><span style=\"color: #cc8797\">HAUSKA FAKTA:<\/span><\/strong><\/p>\n<p>Topperin ansiosta jopa yksinkertaisin ja n\u00e4enn\u00e4isesti tyls\u00e4 meikki voi muuttua ainutlaatuiseksi ja katseet vangitsevaksi. Voit k\u00e4ytt\u00e4\u00e4 sit\u00e4 <strong>suoraan luomelle<\/strong> antaaksesi ilmeellesi hienovaraisen hehkun, luoda valoa tuovan korostuksen mattaluomiv\u00e4reille tai <strong>korostaa metallisten ja kimaltelevien luomiv\u00e4rien kiiltoa<\/strong>. Jos haluat tuoda esiin 100 % sen kiillosta ja saavuttaa lasimaisen efektin, levit\u00e4 se luomelle sormenp\u00e4\u00e4ll\u00e4si tai hieman kostealla siveltimell\u00e4.<\/p>\n<p><strong> <\/strong><\/p>\n<p><strong><span style=\"color: #cc8797\">SOVELLUS:<\/span><\/strong><br \/>T\u00e4m\u00e4n tyyppinen luomiv\u00e4ri on parasta levitt\u00e4\u00e4 sormenp\u00e4\u00e4ll\u00e4si. Hiero varovasti luomiv\u00e4rin pintaa ja taputtele se sitten luomen keskelle valaistaksesi sit\u00e4. Voit k\u00e4ytt\u00e4\u00e4 pient\u00e4 sivellint\u00e4 levitt\u00e4\u00e4ksesi sit\u00e4 sis\u00e4nurkkaan tai alaluomelle. Voit kostuttaa sivellint\u00e4 hieman ty\u00f6skennell\u00e4ksesi tarkemmin ja tehostaaksesi sen kiiltoa.<\/p>\n<p><strong> <\/strong><\/p>\n<p><strong><span style=\"color: #cc8797\">MEIKKITAITEILIJAN VINKKI:<\/span><\/strong><\/p>\n<p>Topperi on eritt\u00e4in monik\u00e4ytt\u00f6inen tuote, ei vain luomille! Korosta poskip\u00e4idesi yl\u00e4osia sill\u00e4 ja hiero sit\u00e4 solisluihisi sormellasi antaaksesi niille valoa tuovan, kimaltelevan viimeistelyn. Voit my\u00f6s muuttaa suosikkihuulipunasi taputtelemalla toppereita huultesi keskelle sormellasi!<\/p>\n<\/p>\n<div class=\"video-container\"><\/div>\n<div class=\"video-container\"><\/div>\n<p><\/p>","protected":false},"excerpt":{"rendered":"<p>Luultavasti tunnistat kynsilakan kimaltelevat p\u00e4\u00e4llyslakat, jotka voivat muuttaa mink\u00e4 tahansa manikyyrin yhdell\u00e4 siveltimen vedolla ja lis\u00e4t\u00e4 uskomatonta kiiltoa. Ent\u00e4 jos<\/p>\n","protected":false},"featured_media":11307,"template":"","meta":[],"product_brand":[],"product_cat":[679],"product_tag":[],"class_list":{"0":"post-11308","1":"product","2":"type-product","3":"status-publish","4":"has-post-thumbnail","6":"product_cat-eye-shadows","8":"first","9":"instock","10":"taxable","11":"shipping-taxable","12":"purchasable","13":"product-type-simple"},"yoast_head":"<!-- This site is optimized with the Yoast SEO plugin v24.4 - https:\/\/yoast.com\/wordpress\/plugins\/seo\/ -->\n<title>Claresa Topper Eyeshadow -luomiv\u00e4ri 04 Supernova | Valika<\/title>\n<meta name=\"robots\" content=\"index, follow, max-snippet:-1, max-image-preview:large, max-video-preview:-1\" \/>\n<link rel=\"canonical\" href=\"https:\/\/valika.eu\/fi\/toode\/claresa-lauvarv-topper-eyeshadow-04-supernova\/\" \/>\n<meta property=\"og:locale\" content=\"fi_FI\" \/>\n<meta property=\"og:type\" content=\"article\" \/>\n<meta property=\"og:title\" content=\"Claresa Topper Eyeshadow -luomiv\u00e4ri 04 Supernova | Valika\" \/>\n<meta property=\"og:description\" content=\"Luultavasti tunnistat kynsilakan kimaltelevat p\u00e4\u00e4llyslakat, jotka voivat muuttaa mink\u00e4 tahansa manikyyrin yhdell\u00e4 siveltimen vedolla ja lis\u00e4t\u00e4 uskomatonta kiiltoa. Ent\u00e4 jos\" \/>\n<meta property=\"og:url\" content=\"https:\/\/valika.eu\/fi\/toode\/claresa-lauvarv-topper-eyeshadow-04-supernova\/\" \/>\n<meta property=\"og:site_name\" content=\"Valika\" \/>\n<meta property=\"article:publisher\" content=\"https:\/\/www.facebook.com\/tipsi.net\" \/>\n<meta property=\"article:modified_time\" content=\"2025-07-02T02:03:14+00:00\" \/>\n<meta property=\"og:image\" content=\"https:\/\/valika.eu\/wp-content\/uploads\/2025\/01\/8862.png\" \/>\n\t<meta property=\"og:image:width\" content=\"1536\" \/>\n\t<meta property=\"og:image:height\" content=\"1536\" \/>\n\t<meta property=\"og:image:type\" content=\"image\/png\" \/>\n<meta name=\"twitter:card\" content=\"summary_large_image\" \/>\n<script type=\"application\/ld+json\" class=\"yoast-schema-graph\">{\"@context\":\"https:\/\/schema.org\",\"@graph\":[{\"@type\":\"WebPage\",\"@id\":\"https:\/\/valika.eu\/fi\/toode\/claresa-lauvarv-topper-eyeshadow-04-supernova\/\",\"url\":\"https:\/\/valika.eu\/fi\/toode\/claresa-lauvarv-topper-eyeshadow-04-supernova\/\",\"name\":\"Claresa Topper Eyeshadow -luomiv\u00e4ri 04 Supernova | Valika\",\"isPartOf\":{\"@id\":\"https:\/\/valika.eu\/fi\/#website\"},\"primaryImageOfPage\":{\"@id\":\"https:\/\/valika.eu\/fi\/toode\/claresa-lauvarv-topper-eyeshadow-04-supernova\/#primaryimage\"},\"image\":{\"@id\":\"https:\/\/valika.eu\/toode\/claresa-lauvarv-topper-eyeshadow-04-supernova\/#primaryimage\"},\"thumbnailUrl\":\"https:\/\/valika.eu\/wp-content\/uploads\/2025\/01\/8862.png\",\"datePublished\":\"2025-01-09T04:24:29+00:00\",\"dateModified\":\"2025-07-02T02:03:14+00:00\",\"breadcrumb\":{\"@id\":\"https:\/\/valika.eu\/fi\/toode\/claresa-lauvarv-topper-eyeshadow-04-supernova\/#breadcrumb\"},\"inLanguage\":\"fi\",\"potentialAction\":[{\"@type\":\"ReadAction\",\"target\":[[\"https:\/\/valika.eu\/fi\/toode\/claresa-lauvarv-topper-eyeshadow-04-supernova\/\"]]}]},{\"@type\":\"ImageObject\",\"inLanguage\":\"fi\",\"@id\":\"https:\/\/valika.eu\/fi\/toode\/claresa-lauvarv-topper-eyeshadow-04-supernova\/#primaryimage\",\"url\":\"https:\/\/valika.eu\/wp-content\/uploads\/2025\/01\/8862.png\",\"contentUrl\":\"https:\/\/valika.eu\/wp-content\/uploads\/2025\/01\/8862.png\",\"width\":1536,\"height\":1536},{\"@type\":\"BreadcrumbList\",\"@id\":\"https:\/\/valika.eu\/fi\/toode\/claresa-lauvarv-topper-eyeshadow-04-supernova\/#breadcrumb\",\"itemListElement\":[{\"@type\":\"ListItem\",\"position\":1,\"name\":\"Koti\",\"item\":\"https:\/\/valika.eu\/fi\/\"},{\"@type\":\"ListItem\",\"position\":2,\"name\":\"Shop\",\"item\":\"https:\/\/valika.eu\/fi\/\"},{\"@type\":\"ListItem\",\"position\":3,\"name\":\"Claresa eyeshadow Topper Eyeshadow 04 Supernova\"}]},{\"@type\":\"WebSite\",\"@id\":\"https:\/\/valika.eu\/fi\/#website\",\"url\":\"https:\/\/valika.eu\/fi\/\",\"name\":\"Valika.eu\",\"description\":\"Salonkituotteet ja kauneudenhoitotuotteet - Valika tarjoaa laajan valikoiman tuotteita ja tarvikkeita kynsiteknikoille, kauneushoitoloille, kampaamoille ja kampaamoille.\",\"publisher\":{\"@id\":\"https:\/\/valika.eu\/fi\/#organization\"},\"alternateName\":\"Valika\",\"potentialAction\":[{\"@type\":\"SearchAction\",\"target\":{\"@type\":\"EntryPoint\",\"urlTemplate\":\"https:\/\/valika.eu\/fi\/?s={search_term_string}\"},\"query-input\":{\"@type\":\"PropertyValueSpecification\",\"valueRequired\":true,\"valueName\":\"search_term_string\"}}],\"inLanguage\":\"fi\"},{\"@type\":\"Organization\",\"@id\":\"https:\/\/valika.eu\/fi\/#organization\",\"name\":\"Salongitoode O\u00dc\",\"alternateName\":\"Valika\",\"url\":\"https:\/\/valika.eu\/fi\/\",\"logo\":{\"@type\":\"ImageObject\",\"inLanguage\":\"fi\",\"@id\":\"https:\/\/valika.eu\/fi\/#\/schema\/logo\/image\/\",\"url\":\"https:\/\/valika.eu\/wp-content\/uploads\/2023\/11\/logo2-valika-footer.png\",\"contentUrl\":\"https:\/\/valika.eu\/wp-content\/uploads\/2023\/11\/logo2-valika-footer.png\",\"width\":200,\"height\":129,\"caption\":\"Salongitoode O\u00dc\"},\"image\":{\"@id\":\"https:\/\/valika.eu\/fi\/#\/schema\/logo\/image\/\"},\"sameAs\":[\"https:\/\/www.facebook.com\/tipsi.net\"]}]}<\/script>\n<!-- \/ Yoast SEO plugin. -->","yoast_head_json":{"title":"Claresa Topper Eyeshadow -luomiv\u00e4ri 04 Supernova | Valika","robots":{"index":"index","follow":"follow","max-snippet":"max-snippet:-1","max-image-preview":"max-image-preview:large","max-video-preview":"max-video-preview:-1"},"canonical":"https:\/\/valika.eu\/fi\/toode\/claresa-lauvarv-topper-eyeshadow-04-supernova\/","og_locale":"fi_FI","og_type":"article","og_title":"Claresa Topper Eyeshadow -luomiv\u00e4ri 04 Supernova | Valika","og_description":"Luultavasti tunnistat kynsilakan kimaltelevat p\u00e4\u00e4llyslakat, jotka voivat muuttaa mink\u00e4 tahansa manikyyrin yhdell\u00e4 siveltimen vedolla ja lis\u00e4t\u00e4 uskomatonta kiiltoa. Ent\u00e4 jos","og_url":"https:\/\/valika.eu\/fi\/toode\/claresa-lauvarv-topper-eyeshadow-04-supernova\/","og_site_name":"Valika","article_publisher":"https:\/\/www.facebook.com\/tipsi.net","article_modified_time":"2025-07-02T02:03:14+00:00","og_image":[{"width":1536,"height":1536,"url":"https:\/\/valika.eu\/wp-content\/uploads\/2025\/01\/8862.png","type":"image\/png"}],"twitter_card":"summary_large_image","schema":{"@context":"https:\/\/schema.org","@graph":[{"@type":"WebPage","@id":"https:\/\/valika.eu\/fi\/toode\/claresa-lauvarv-topper-eyeshadow-04-supernova\/","url":"https:\/\/valika.eu\/fi\/toode\/claresa-lauvarv-topper-eyeshadow-04-supernova\/","name":"Claresa Topper Eyeshadow -luomiv\u00e4ri 04 Supernova | Valika","isPartOf":{"@id":"https:\/\/valika.eu\/fi\/#website"},"primaryImageOfPage":{"@id":"https:\/\/valika.eu\/fi\/toode\/claresa-lauvarv-topper-eyeshadow-04-supernova\/#primaryimage"},"image":{"@id":"https:\/\/valika.eu\/toode\/claresa-lauvarv-topper-eyeshadow-04-supernova\/#primaryimage"},"thumbnailUrl":"https:\/\/valika.eu\/wp-content\/uploads\/2025\/01\/8862.png","datePublished":"2025-01-09T04:24:29+00:00","dateModified":"2025-07-02T02:03:14+00:00","breadcrumb":{"@id":"https:\/\/valika.eu\/fi\/toode\/claresa-lauvarv-topper-eyeshadow-04-supernova\/#breadcrumb"},"inLanguage":"fi","potentialAction":[{"@type":"ReadAction","target":[["https:\/\/valika.eu\/fi\/toode\/claresa-lauvarv-topper-eyeshadow-04-supernova\/"]]}]},{"@type":"ImageObject","inLanguage":"fi","@id":"https:\/\/valika.eu\/fi\/toode\/claresa-lauvarv-topper-eyeshadow-04-supernova\/#primaryimage","url":"https:\/\/valika.eu\/wp-content\/uploads\/2025\/01\/8862.png","contentUrl":"https:\/\/valika.eu\/wp-content\/uploads\/2025\/01\/8862.png","width":1536,"height":1536},{"@type":"BreadcrumbList","@id":"https:\/\/valika.eu\/fi\/toode\/claresa-lauvarv-topper-eyeshadow-04-supernova\/#breadcrumb","itemListElement":[{"@type":"ListItem","position":1,"name":"Koti","item":"https:\/\/valika.eu\/fi\/"},{"@type":"ListItem","position":2,"name":"Shop","item":"https:\/\/valika.eu\/fi\/"},{"@type":"ListItem","position":3,"name":"Claresa eyeshadow Topper Eyeshadow 04 Supernova"}]},{"@type":"WebSite","@id":"https:\/\/valika.eu\/fi\/#website","url":"https:\/\/valika.eu\/fi\/","name":"Valika.eu","description":"Salonkituotteet ja kauneudenhoitotuotteet - Valika tarjoaa laajan valikoiman tuotteita ja tarvikkeita kynsiteknikoille, kauneushoitoloille, kampaamoille ja kampaamoille.","publisher":{"@id":"https:\/\/valika.eu\/fi\/#organization"},"alternateName":"Valika","potentialAction":[{"@type":"SearchAction","target":{"@type":"EntryPoint","urlTemplate":"https:\/\/valika.eu\/fi\/?s={search_term_string}"},"query-input":{"@type":"PropertyValueSpecification","valueRequired":true,"valueName":"search_term_string"}}],"inLanguage":"fi"},{"@type":"Organization","@id":"https:\/\/valika.eu\/fi\/#organization","name":"Salongitoode O\u00dc","alternateName":"Valika","url":"https:\/\/valika.eu\/fi\/","logo":{"@type":"ImageObject","inLanguage":"fi","@id":"https:\/\/valika.eu\/fi\/#\/schema\/logo\/image\/","url":"https:\/\/valika.eu\/wp-content\/uploads\/2023\/11\/logo2-valika-footer.png","contentUrl":"https:\/\/valika.eu\/wp-content\/uploads\/2023\/11\/logo2-valika-footer.png","width":200,"height":129,"caption":"Salongitoode O\u00dc"},"image":{"@id":"https:\/\/valika.eu\/fi\/#\/schema\/logo\/image\/"},"sameAs":["https:\/\/www.facebook.com\/tipsi.net"]}]}},"jetpack_sharing_enabled":true,"_links":{"self":[{"href":"https:\/\/valika.eu\/fi\/wp-json\/wp\/v2\/product\/11308","targetHints":{"allow":["GET"]}}],"collection":[{"href":"https:\/\/valika.eu\/fi\/wp-json\/wp\/v2\/product"}],"about":[{"href":"https:\/\/valika.eu\/fi\/wp-json\/wp\/v2\/types\/product"}],"wp:featuredmedia":[{"embeddable":true,"href":"https:\/\/valika.eu\/fi\/wp-json\/wp\/v2\/media\/11307"}],"wp:attachment":[{"href":"https:\/\/valika.eu\/fi\/wp-json\/wp\/v2\/media?parent=11308"}],"wp:term":[{"taxonomy":"product_brand","embeddable":true,"href":"https:\/\/valika.eu\/fi\/wp-json\/wp\/v2\/product_brand?post=11308"},{"taxonomy":"product_cat","embeddable":true,"href":"https:\/\/valika.eu\/fi\/wp-json\/wp\/v2\/product_cat?post=11308"},{"taxonomy":"product_tag","embeddable":true,"href":"https:\/\/valika.eu\/fi\/wp-json\/wp\/v2\/product_tag?post=11308"}],"curies":[{"name":"wp","href":"https:\/\/api.w.org\/{rel}","templated":true}]}}