{"id":11312,"date":"2025-01-09T06:24:34","date_gmt":"2025-01-09T04:24:34","guid":{"rendered":"https:\/\/valika.eu\/toode\/claresa-lauvarv-topper-eyeshadow-05-stellar\/"},"modified":"2025-07-14T10:53:52","modified_gmt":"2025-07-14T07:53:52","slug":"claresa-lauvarv-topper-eyeshadow-05-stellar","status":"publish","type":"product","link":"https:\/\/valika.eu\/fi\/toode\/claresa-lauvarv-topper-eyeshadow-05-stellar\/","title":{"rendered":"Claresa luomiv\u00e4ri Topper Eyeshadow 05 Stellar"},"content":{"rendered":"<p>Saatat tunnistaa kimaltelevat kynsilakan p\u00e4\u00e4llyslakat, jotka voivat muuttaa mink\u00e4 tahansa manikyyrin yhdell\u00e4 siveltimen vedolla ja lis\u00e4t\u00e4 uskomatonta kiiltoa. Mutta ent\u00e4 jos voisit lumota silm\u00e4meikkisi yhdell\u00e4 tuotteella ja muuttaa sen ulkon\u00e4k\u00f6\u00e4 t\u00e4ysin?<\/p>\n<p>Topperi on kimalteleva luomiv\u00e4ri, jossa on l\u00e4pikuultava pohja, jota voit k\u00e4ytt\u00e4\u00e4 yksin\u00e4\u00e4n tai muiden luomiv\u00e4rien p\u00e4\u00e4ll\u00e4. Se levittyy tasaisesti ja pehme\u00e4sti luomille, luoden monikerroksisen kiillon, joka s\u00e4ihkyy satojen hiukkasten kanssa. Sen koostumus kest\u00e4\u00e4 useita tunteja, s\u00e4ilytt\u00e4en t\u00e4yden intensiteetin ja kiillon.<\/p>\n<p>HAUSKA FAKTA:<\/p>\n<p>Silm\u00e4topperin ansiosta jopa yksinkertaisin ja n\u00e4enn\u00e4isesti tyls\u00e4 meikki voi muuttua ainutlaatuiseksi ja katseet vangitsevaksi. Voit k\u00e4ytt\u00e4\u00e4 sit\u00e4 suoraan luomelle antaaksesi katseellesi hienovaraisen hehkun, luoda valoa tuovan korostuksen mattaluomiv\u00e4reille tai tehostaa metallisten ja kimaltelevien luomiv\u00e4rien kiiltoa. Jos haluat tuoda esiin 100 % sen kiillosta ja saavuttaa lasimaisen efektin, levit\u00e4 se luomelle sormenp\u00e4\u00e4ll\u00e4si tai hieman kostealla siveltimell\u00e4.<\/p>\n<p>LEVITYS:<br \/>\nT\u00e4m\u00e4n tyyppinen luomiv\u00e4ri on parasta levitt\u00e4\u00e4 sormenp\u00e4\u00e4ll\u00e4. Hiero varovasti luomiv\u00e4rin pintaa ja taputtele se sitten luomen keskelle valaistaksesi sen. Voit k\u00e4ytt\u00e4\u00e4 pient\u00e4 sivellint\u00e4 levitt\u00e4\u00e4ksesi sit\u00e4 silm\u00e4n sis\u00e4nurkkaan tai alaluomelle. Voit kostuttaa sivellint\u00e4 hieman ty\u00f6skennell\u00e4ksesi tarkemmin ja tehostaaksesi sen kiiltoa.<\/p>\n<p>MEIKKITAITEILIJAN VINKKI:<br \/>\nTopperi on eritt\u00e4in monik\u00e4ytt\u00f6inen tuote, ei vain luomille! Korosta poskip\u00e4idesi yl\u00e4osia sill\u00e4 ja hiero sit\u00e4 solisluihisi sormella saadaksesi niihin hehkuvan, kimaltelevan viimeistelyn. Voit my\u00f6s muuttaa suosikkihuulipunasi taputtelemalla topperia huulten keskelle sormella!<\/p>","protected":false},"excerpt":{"rendered":"<p>Saatat tunnistaa kimaltelevat kynsilakan p\u00e4\u00e4llyslakat, jotka voivat muuttaa mink\u00e4 tahansa manikyyrin yhdell\u00e4 siveltimen vedolla ja lis\u00e4t\u00e4 uskomatonta kiiltoa. Mutta ent\u00e4<\/p>\n","protected":false},"featured_media":11311,"template":"","meta":[],"product_brand":[],"product_cat":[679],"product_tag":[],"class_list":{"0":"post-11312","1":"product","2":"type-product","3":"status-publish","4":"has-post-thumbnail","6":"product_cat-eye-shadows","8":"first","9":"instock","10":"taxable","11":"shipping-taxable","12":"purchasable","13":"product-type-simple"},"yoast_head":"<!-- This site is optimized with the Yoast SEO plugin v24.4 - https:\/\/yoast.com\/wordpress\/plugins\/seo\/ -->\n<title>Claresa luomiv\u00e4ri Topper Eyeshadow 05 Stellar | Valika<\/title>\n<meta name=\"robots\" content=\"index, follow, max-snippet:-1, max-image-preview:large, max-video-preview:-1\" \/>\n<link rel=\"canonical\" href=\"https:\/\/valika.eu\/fi\/toode\/claresa-lauvarv-topper-eyeshadow-05-stellar\/\" \/>\n<meta property=\"og:locale\" content=\"fi_FI\" \/>\n<meta property=\"og:type\" content=\"article\" \/>\n<meta property=\"og:title\" content=\"Claresa luomiv\u00e4ri Topper Eyeshadow 05 Stellar | Valika\" \/>\n<meta property=\"og:description\" content=\"Saatat tunnistaa kimaltelevat kynsilakan p\u00e4\u00e4llyslakat, jotka voivat muuttaa mink\u00e4 tahansa manikyyrin yhdell\u00e4 siveltimen vedolla ja lis\u00e4t\u00e4 uskomatonta kiiltoa. Mutta ent\u00e4\" \/>\n<meta property=\"og:url\" content=\"https:\/\/valika.eu\/fi\/toode\/claresa-lauvarv-topper-eyeshadow-05-stellar\/\" \/>\n<meta property=\"og:site_name\" content=\"Valika\" \/>\n<meta property=\"article:publisher\" content=\"https:\/\/www.facebook.com\/tipsi.net\" \/>\n<meta property=\"article:modified_time\" content=\"2025-07-14T07:53:52+00:00\" \/>\n<meta property=\"og:image\" content=\"https:\/\/valika.eu\/wp-content\/uploads\/2025\/01\/8867.png\" \/>\n\t<meta property=\"og:image:width\" content=\"1536\" \/>\n\t<meta property=\"og:image:height\" content=\"1536\" \/>\n\t<meta property=\"og:image:type\" content=\"image\/png\" \/>\n<meta name=\"twitter:card\" content=\"summary_large_image\" \/>\n<script type=\"application\/ld+json\" class=\"yoast-schema-graph\">{\"@context\":\"https:\/\/schema.org\",\"@graph\":[{\"@type\":\"WebPage\",\"@id\":\"https:\/\/valika.eu\/fi\/toode\/claresa-lauvarv-topper-eyeshadow-05-stellar\/\",\"url\":\"https:\/\/valika.eu\/fi\/toode\/claresa-lauvarv-topper-eyeshadow-05-stellar\/\",\"name\":\"Claresa luomiv\u00e4ri Topper Eyeshadow 05 Stellar | Valika\",\"isPartOf\":{\"@id\":\"https:\/\/valika.eu\/fi\/#website\"},\"primaryImageOfPage\":{\"@id\":\"https:\/\/valika.eu\/fi\/toode\/claresa-lauvarv-topper-eyeshadow-05-stellar\/#primaryimage\"},\"image\":{\"@id\":\"https:\/\/valika.eu\/toode\/claresa-lauvarv-topper-eyeshadow-05-stellar\/#primaryimage\"},\"thumbnailUrl\":\"https:\/\/valika.eu\/wp-content\/uploads\/2025\/01\/8867.png\",\"datePublished\":\"2025-01-09T04:24:34+00:00\",\"dateModified\":\"2025-07-14T07:53:52+00:00\",\"breadcrumb\":{\"@id\":\"https:\/\/valika.eu\/fi\/toode\/claresa-lauvarv-topper-eyeshadow-05-stellar\/#breadcrumb\"},\"inLanguage\":\"fi\",\"potentialAction\":[{\"@type\":\"ReadAction\",\"target\":[[\"https:\/\/valika.eu\/fi\/toode\/claresa-lauvarv-topper-eyeshadow-05-stellar\/\"]]}]},{\"@type\":\"ImageObject\",\"inLanguage\":\"fi\",\"@id\":\"https:\/\/valika.eu\/fi\/toode\/claresa-lauvarv-topper-eyeshadow-05-stellar\/#primaryimage\",\"url\":\"https:\/\/valika.eu\/wp-content\/uploads\/2025\/01\/8867.png\",\"contentUrl\":\"https:\/\/valika.eu\/wp-content\/uploads\/2025\/01\/8867.png\",\"width\":1536,\"height\":1536},{\"@type\":\"BreadcrumbList\",\"@id\":\"https:\/\/valika.eu\/fi\/toode\/claresa-lauvarv-topper-eyeshadow-05-stellar\/#breadcrumb\",\"itemListElement\":[{\"@type\":\"ListItem\",\"position\":1,\"name\":\"Koti\",\"item\":\"https:\/\/valika.eu\/fi\/\"},{\"@type\":\"ListItem\",\"position\":2,\"name\":\"Shop\",\"item\":\"https:\/\/valika.eu\/fi\/\"},{\"@type\":\"ListItem\",\"position\":3,\"name\":\"Claresa eyeshadow Topper Eyeshadow 05 Stellar\"}]},{\"@type\":\"WebSite\",\"@id\":\"https:\/\/valika.eu\/fi\/#website\",\"url\":\"https:\/\/valika.eu\/fi\/\",\"name\":\"Valika.eu\",\"description\":\"Salonkituotteet ja kauneudenhoitotuotteet - Valika tarjoaa laajan valikoiman tuotteita ja tarvikkeita kynsiteknikoille, kauneushoitoloille, kampaamoille ja kampaamoille.\",\"publisher\":{\"@id\":\"https:\/\/valika.eu\/fi\/#organization\"},\"alternateName\":\"Valika\",\"potentialAction\":[{\"@type\":\"SearchAction\",\"target\":{\"@type\":\"EntryPoint\",\"urlTemplate\":\"https:\/\/valika.eu\/fi\/?s={search_term_string}\"},\"query-input\":{\"@type\":\"PropertyValueSpecification\",\"valueRequired\":true,\"valueName\":\"search_term_string\"}}],\"inLanguage\":\"fi\"},{\"@type\":\"Organization\",\"@id\":\"https:\/\/valika.eu\/fi\/#organization\",\"name\":\"Salongitoode O\u00dc\",\"alternateName\":\"Valika\",\"url\":\"https:\/\/valika.eu\/fi\/\",\"logo\":{\"@type\":\"ImageObject\",\"inLanguage\":\"fi\",\"@id\":\"https:\/\/valika.eu\/fi\/#\/schema\/logo\/image\/\",\"url\":\"https:\/\/valika.eu\/wp-content\/uploads\/2023\/11\/logo2-valika-footer.png\",\"contentUrl\":\"https:\/\/valika.eu\/wp-content\/uploads\/2023\/11\/logo2-valika-footer.png\",\"width\":200,\"height\":129,\"caption\":\"Salongitoode O\u00dc\"},\"image\":{\"@id\":\"https:\/\/valika.eu\/fi\/#\/schema\/logo\/image\/\"},\"sameAs\":[\"https:\/\/www.facebook.com\/tipsi.net\"]}]}<\/script>\n<!-- \/ Yoast SEO plugin. -->","yoast_head_json":{"title":"Claresa luomiv\u00e4ri Topper Eyeshadow 05 Stellar | Valika","robots":{"index":"index","follow":"follow","max-snippet":"max-snippet:-1","max-image-preview":"max-image-preview:large","max-video-preview":"max-video-preview:-1"},"canonical":"https:\/\/valika.eu\/fi\/toode\/claresa-lauvarv-topper-eyeshadow-05-stellar\/","og_locale":"fi_FI","og_type":"article","og_title":"Claresa luomiv\u00e4ri Topper Eyeshadow 05 Stellar | Valika","og_description":"Saatat tunnistaa kimaltelevat kynsilakan p\u00e4\u00e4llyslakat, jotka voivat muuttaa mink\u00e4 tahansa manikyyrin yhdell\u00e4 siveltimen vedolla ja lis\u00e4t\u00e4 uskomatonta kiiltoa. Mutta ent\u00e4","og_url":"https:\/\/valika.eu\/fi\/toode\/claresa-lauvarv-topper-eyeshadow-05-stellar\/","og_site_name":"Valika","article_publisher":"https:\/\/www.facebook.com\/tipsi.net","article_modified_time":"2025-07-14T07:53:52+00:00","og_image":[{"width":1536,"height":1536,"url":"https:\/\/valika.eu\/wp-content\/uploads\/2025\/01\/8867.png","type":"image\/png"}],"twitter_card":"summary_large_image","schema":{"@context":"https:\/\/schema.org","@graph":[{"@type":"WebPage","@id":"https:\/\/valika.eu\/fi\/toode\/claresa-lauvarv-topper-eyeshadow-05-stellar\/","url":"https:\/\/valika.eu\/fi\/toode\/claresa-lauvarv-topper-eyeshadow-05-stellar\/","name":"Claresa luomiv\u00e4ri Topper Eyeshadow 05 Stellar | Valika","isPartOf":{"@id":"https:\/\/valika.eu\/fi\/#website"},"primaryImageOfPage":{"@id":"https:\/\/valika.eu\/fi\/toode\/claresa-lauvarv-topper-eyeshadow-05-stellar\/#primaryimage"},"image":{"@id":"https:\/\/valika.eu\/toode\/claresa-lauvarv-topper-eyeshadow-05-stellar\/#primaryimage"},"thumbnailUrl":"https:\/\/valika.eu\/wp-content\/uploads\/2025\/01\/8867.png","datePublished":"2025-01-09T04:24:34+00:00","dateModified":"2025-07-14T07:53:52+00:00","breadcrumb":{"@id":"https:\/\/valika.eu\/fi\/toode\/claresa-lauvarv-topper-eyeshadow-05-stellar\/#breadcrumb"},"inLanguage":"fi","potentialAction":[{"@type":"ReadAction","target":[["https:\/\/valika.eu\/fi\/toode\/claresa-lauvarv-topper-eyeshadow-05-stellar\/"]]}]},{"@type":"ImageObject","inLanguage":"fi","@id":"https:\/\/valika.eu\/fi\/toode\/claresa-lauvarv-topper-eyeshadow-05-stellar\/#primaryimage","url":"https:\/\/valika.eu\/wp-content\/uploads\/2025\/01\/8867.png","contentUrl":"https:\/\/valika.eu\/wp-content\/uploads\/2025\/01\/8867.png","width":1536,"height":1536},{"@type":"BreadcrumbList","@id":"https:\/\/valika.eu\/fi\/toode\/claresa-lauvarv-topper-eyeshadow-05-stellar\/#breadcrumb","itemListElement":[{"@type":"ListItem","position":1,"name":"Koti","item":"https:\/\/valika.eu\/fi\/"},{"@type":"ListItem","position":2,"name":"Shop","item":"https:\/\/valika.eu\/fi\/"},{"@type":"ListItem","position":3,"name":"Claresa eyeshadow Topper Eyeshadow 05 Stellar"}]},{"@type":"WebSite","@id":"https:\/\/valika.eu\/fi\/#website","url":"https:\/\/valika.eu\/fi\/","name":"Valika.eu","description":"Salonkituotteet ja kauneudenhoitotuotteet - Valika tarjoaa laajan valikoiman tuotteita ja tarvikkeita kynsiteknikoille, kauneushoitoloille, kampaamoille ja kampaamoille.","publisher":{"@id":"https:\/\/valika.eu\/fi\/#organization"},"alternateName":"Valika","potentialAction":[{"@type":"SearchAction","target":{"@type":"EntryPoint","urlTemplate":"https:\/\/valika.eu\/fi\/?s={search_term_string}"},"query-input":{"@type":"PropertyValueSpecification","valueRequired":true,"valueName":"search_term_string"}}],"inLanguage":"fi"},{"@type":"Organization","@id":"https:\/\/valika.eu\/fi\/#organization","name":"Salongitoode O\u00dc","alternateName":"Valika","url":"https:\/\/valika.eu\/fi\/","logo":{"@type":"ImageObject","inLanguage":"fi","@id":"https:\/\/valika.eu\/fi\/#\/schema\/logo\/image\/","url":"https:\/\/valika.eu\/wp-content\/uploads\/2023\/11\/logo2-valika-footer.png","contentUrl":"https:\/\/valika.eu\/wp-content\/uploads\/2023\/11\/logo2-valika-footer.png","width":200,"height":129,"caption":"Salongitoode O\u00dc"},"image":{"@id":"https:\/\/valika.eu\/fi\/#\/schema\/logo\/image\/"},"sameAs":["https:\/\/www.facebook.com\/tipsi.net"]}]}},"jetpack_sharing_enabled":true,"_links":{"self":[{"href":"https:\/\/valika.eu\/fi\/wp-json\/wp\/v2\/product\/11312","targetHints":{"allow":["GET"]}}],"collection":[{"href":"https:\/\/valika.eu\/fi\/wp-json\/wp\/v2\/product"}],"about":[{"href":"https:\/\/valika.eu\/fi\/wp-json\/wp\/v2\/types\/product"}],"wp:featuredmedia":[{"embeddable":true,"href":"https:\/\/valika.eu\/fi\/wp-json\/wp\/v2\/media\/11311"}],"wp:attachment":[{"href":"https:\/\/valika.eu\/fi\/wp-json\/wp\/v2\/media?parent=11312"}],"wp:term":[{"taxonomy":"product_brand","embeddable":true,"href":"https:\/\/valika.eu\/fi\/wp-json\/wp\/v2\/product_brand?post=11312"},{"taxonomy":"product_cat","embeddable":true,"href":"https:\/\/valika.eu\/fi\/wp-json\/wp\/v2\/product_cat?post=11312"},{"taxonomy":"product_tag","embeddable":true,"href":"https:\/\/valika.eu\/fi\/wp-json\/wp\/v2\/product_tag?post=11312"}],"curies":[{"name":"wp","href":"https:\/\/api.w.org\/{rel}","templated":true}]}}