{"id":11323,"date":"2025-01-09T06:24:59","date_gmt":"2025-01-09T04:24:59","guid":{"rendered":"https:\/\/valika.eu\/toode\/claresa-uksik-lauvarv-solo-107-sophisticated\/"},"modified":"2025-07-02T05:03:14","modified_gmt":"2025-07-02T02:03:14","slug":"claresa-uksik-lauvarv-solo-107-sophisticated","status":"publish","type":"product","link":"https:\/\/valika.eu\/fi\/toode\/claresa-uksik-lauvarv-solo-107-sophisticated\/","title":{"rendered":"CLARESA YKSITT\u00c4INEN LUOMIV\u00c4RI SOLO 107 SOPHISTICATED"},"content":{"rendered":"<p>Cienie SOLO on kokoelma yksitt\u00e4isi\u00e4 mattaluomiv\u00e4rej\u00e4 luonnollisissa s\u00e4vyiss\u00e4. Se on ehdotus ihmisille, jotka tekev\u00e4t meikkins\u00e4 yhdell\u00e4 tai kahdella luomiv\u00e4rill\u00e4 eiv\u00e4tk\u00e4 tarvitse kokonaista palettia. Niit\u00e4 arvostavat my\u00f6s ne, jotka kaipaavat yht\u00e4 perusnudes\u00e4vy\u00e4 suosikkipaletissaan. Silkkinen koostumus ja intensiivinen pigmentti takaavat pitk\u00e4kestoisen t\u00e4ydellisen silm\u00e4meikin ilman varisemista, haalistumista tai juonteita.<\/p>\n<p>HAUSKA FAKTA: Kosmetiikka toimii t\u00e4ydellisesti sek\u00e4 kesken\u00e4\u00e4n ett\u00e4 muiden tuotteiden, kuten GLOW-kokoelman intensiivisesti helmi\u00e4isten luomiv\u00e4rien, kanssa. Valmistettu Puolassa, vegaaninen, ei testattu el\u00e4imill\u00e4 ja vapaa hajusteista, alkoholista ja mikromuoveista.<\/p>\n<p>K\u00c4YTT\u00d6: Levit\u00e4 siveltimill\u00e4 oikein valmistellulle luomelle.<\/p>\n<p>MEIKKITAITEILIJAN VINKKI: Saadaksesi tuotteen v\u00e4rist\u00e4 maksimaalisen syvyyden ja intensiivisyyden esiin ja pident\u00e4\u00e4ksesi sen kest\u00e4vyytt\u00e4, muista k\u00e4ytt\u00e4\u00e4 luomiv\u00e4rinpohjustajaa!<\/p>","protected":false},"excerpt":{"rendered":"<p>Cienie SOLO on kokoelma yksitt\u00e4isi\u00e4 mattaluomiv\u00e4rej\u00e4 luonnollisissa s\u00e4vyiss\u00e4. Se on ehdotus ihmisille, jotka tekev\u00e4t meikkins\u00e4 yhdell\u00e4 tai kahdella luomiv\u00e4rill\u00e4 eiv\u00e4tk\u00e4<\/p>\n","protected":false},"featured_media":11322,"template":"","meta":[],"product_brand":[],"product_cat":[679],"product_tag":[],"class_list":{"0":"post-11323","1":"product","2":"type-product","3":"status-publish","4":"has-post-thumbnail","6":"product_cat-eye-shadows","8":"first","9":"instock","10":"taxable","11":"shipping-taxable","12":"purchasable","13":"product-type-simple"},"yoast_head":"<!-- This site is optimized with the Yoast SEO plugin v24.4 - https:\/\/yoast.com\/wordpress\/plugins\/seo\/ -->\n<title>CLARESA YKSITT\u00c4INEN LUOMIV\u00c4RI SOLO 107 SOPHISTICATED | Valika<\/title>\n<meta name=\"robots\" content=\"index, follow, max-snippet:-1, max-image-preview:large, max-video-preview:-1\" \/>\n<link rel=\"canonical\" href=\"https:\/\/valika.eu\/fi\/toode\/claresa-uksik-lauvarv-solo-107-sophisticated\/\" \/>\n<meta property=\"og:locale\" content=\"fi_FI\" \/>\n<meta property=\"og:type\" content=\"article\" \/>\n<meta property=\"og:title\" content=\"CLARESA YKSITT\u00c4INEN LUOMIV\u00c4RI SOLO 107 SOPHISTICATED | Valika\" \/>\n<meta property=\"og:description\" content=\"Cienie SOLO on kokoelma yksitt\u00e4isi\u00e4 mattaluomiv\u00e4rej\u00e4 luonnollisissa s\u00e4vyiss\u00e4. Se on ehdotus ihmisille, jotka tekev\u00e4t meikkins\u00e4 yhdell\u00e4 tai kahdella luomiv\u00e4rill\u00e4 eiv\u00e4tk\u00e4\" \/>\n<meta property=\"og:url\" content=\"https:\/\/valika.eu\/fi\/toode\/claresa-uksik-lauvarv-solo-107-sophisticated\/\" \/>\n<meta property=\"og:site_name\" content=\"Valika\" \/>\n<meta property=\"article:publisher\" content=\"https:\/\/www.facebook.com\/tipsi.net\" \/>\n<meta property=\"article:modified_time\" content=\"2025-07-02T02:03:14+00:00\" \/>\n<meta property=\"og:image\" content=\"https:\/\/valika.eu\/wp-content\/uploads\/2025\/01\/13322-1024x1024.png\" \/>\n\t<meta property=\"og:image:width\" content=\"1024\" \/>\n\t<meta property=\"og:image:height\" content=\"1024\" \/>\n\t<meta property=\"og:image:type\" content=\"image\/png\" \/>\n<meta name=\"twitter:card\" content=\"summary_large_image\" \/>\n<script type=\"application\/ld+json\" class=\"yoast-schema-graph\">{\"@context\":\"https:\/\/schema.org\",\"@graph\":[{\"@type\":\"WebPage\",\"@id\":\"https:\/\/valika.eu\/fi\/toode\/claresa-uksik-lauvarv-solo-107-sophisticated\/\",\"url\":\"https:\/\/valika.eu\/fi\/toode\/claresa-uksik-lauvarv-solo-107-sophisticated\/\",\"name\":\"CLARESA YKSITT\u00c4INEN LUOMIV\u00c4RI SOLO 107 SOPHISTICATED | Valika\",\"isPartOf\":{\"@id\":\"https:\/\/valika.eu\/fi\/#website\"},\"primaryImageOfPage\":{\"@id\":\"https:\/\/valika.eu\/fi\/toode\/claresa-uksik-lauvarv-solo-107-sophisticated\/#primaryimage\"},\"image\":{\"@id\":\"https:\/\/valika.eu\/toode\/claresa-uksik-lauvarv-solo-107-sophisticated\/#primaryimage\"},\"thumbnailUrl\":\"https:\/\/valika.eu\/wp-content\/uploads\/2025\/01\/13322.png\",\"datePublished\":\"2025-01-09T04:24:59+00:00\",\"dateModified\":\"2025-07-02T02:03:14+00:00\",\"breadcrumb\":{\"@id\":\"https:\/\/valika.eu\/fi\/toode\/claresa-uksik-lauvarv-solo-107-sophisticated\/#breadcrumb\"},\"inLanguage\":\"fi\",\"potentialAction\":[{\"@type\":\"ReadAction\",\"target\":[[\"https:\/\/valika.eu\/fi\/toode\/claresa-uksik-lauvarv-solo-107-sophisticated\/\"]]}]},{\"@type\":\"ImageObject\",\"inLanguage\":\"fi\",\"@id\":\"https:\/\/valika.eu\/fi\/toode\/claresa-uksik-lauvarv-solo-107-sophisticated\/#primaryimage\",\"url\":\"https:\/\/valika.eu\/wp-content\/uploads\/2025\/01\/13322.png\",\"contentUrl\":\"https:\/\/valika.eu\/wp-content\/uploads\/2025\/01\/13322.png\",\"width\":3000,\"height\":3000},{\"@type\":\"BreadcrumbList\",\"@id\":\"https:\/\/valika.eu\/fi\/toode\/claresa-uksik-lauvarv-solo-107-sophisticated\/#breadcrumb\",\"itemListElement\":[{\"@type\":\"ListItem\",\"position\":1,\"name\":\"Koti\",\"item\":\"https:\/\/valika.eu\/fi\/\"},{\"@type\":\"ListItem\",\"position\":2,\"name\":\"Shop\",\"item\":\"https:\/\/valika.eu\/fi\/\"},{\"@type\":\"ListItem\",\"position\":3,\"name\":\"CLARESA SINGLE EYESHADOW SOLO 107 SOPHISTICATED\"}]},{\"@type\":\"WebSite\",\"@id\":\"https:\/\/valika.eu\/fi\/#website\",\"url\":\"https:\/\/valika.eu\/fi\/\",\"name\":\"Valika.eu\",\"description\":\"Salonkituotteet ja kauneudenhoitotuotteet - Valika tarjoaa laajan valikoiman tuotteita ja tarvikkeita kynsiteknikoille, kauneushoitoloille, kampaamoille ja kampaamoille.\",\"publisher\":{\"@id\":\"https:\/\/valika.eu\/fi\/#organization\"},\"alternateName\":\"Valika\",\"potentialAction\":[{\"@type\":\"SearchAction\",\"target\":{\"@type\":\"EntryPoint\",\"urlTemplate\":\"https:\/\/valika.eu\/fi\/?s={search_term_string}\"},\"query-input\":{\"@type\":\"PropertyValueSpecification\",\"valueRequired\":true,\"valueName\":\"search_term_string\"}}],\"inLanguage\":\"fi\"},{\"@type\":\"Organization\",\"@id\":\"https:\/\/valika.eu\/fi\/#organization\",\"name\":\"Salongitoode O\u00dc\",\"alternateName\":\"Valika\",\"url\":\"https:\/\/valika.eu\/fi\/\",\"logo\":{\"@type\":\"ImageObject\",\"inLanguage\":\"fi\",\"@id\":\"https:\/\/valika.eu\/fi\/#\/schema\/logo\/image\/\",\"url\":\"https:\/\/valika.eu\/wp-content\/uploads\/2023\/11\/logo2-valika-footer.png\",\"contentUrl\":\"https:\/\/valika.eu\/wp-content\/uploads\/2023\/11\/logo2-valika-footer.png\",\"width\":200,\"height\":129,\"caption\":\"Salongitoode O\u00dc\"},\"image\":{\"@id\":\"https:\/\/valika.eu\/fi\/#\/schema\/logo\/image\/\"},\"sameAs\":[\"https:\/\/www.facebook.com\/tipsi.net\"]}]}<\/script>\n<!-- \/ Yoast SEO plugin. -->","yoast_head_json":{"title":"CLARESA YKSITT\u00c4INEN LUOMIV\u00c4RI SOLO 107 SOPHISTICATED | Valika","robots":{"index":"index","follow":"follow","max-snippet":"max-snippet:-1","max-image-preview":"max-image-preview:large","max-video-preview":"max-video-preview:-1"},"canonical":"https:\/\/valika.eu\/fi\/toode\/claresa-uksik-lauvarv-solo-107-sophisticated\/","og_locale":"fi_FI","og_type":"article","og_title":"CLARESA YKSITT\u00c4INEN LUOMIV\u00c4RI SOLO 107 SOPHISTICATED | Valika","og_description":"Cienie SOLO on kokoelma yksitt\u00e4isi\u00e4 mattaluomiv\u00e4rej\u00e4 luonnollisissa s\u00e4vyiss\u00e4. Se on ehdotus ihmisille, jotka tekev\u00e4t meikkins\u00e4 yhdell\u00e4 tai kahdella luomiv\u00e4rill\u00e4 eiv\u00e4tk\u00e4","og_url":"https:\/\/valika.eu\/fi\/toode\/claresa-uksik-lauvarv-solo-107-sophisticated\/","og_site_name":"Valika","article_publisher":"https:\/\/www.facebook.com\/tipsi.net","article_modified_time":"2025-07-02T02:03:14+00:00","og_image":[{"width":1024,"height":1024,"url":"https:\/\/valika.eu\/wp-content\/uploads\/2025\/01\/13322-1024x1024.png","type":"image\/png"}],"twitter_card":"summary_large_image","schema":{"@context":"https:\/\/schema.org","@graph":[{"@type":"WebPage","@id":"https:\/\/valika.eu\/fi\/toode\/claresa-uksik-lauvarv-solo-107-sophisticated\/","url":"https:\/\/valika.eu\/fi\/toode\/claresa-uksik-lauvarv-solo-107-sophisticated\/","name":"CLARESA YKSITT\u00c4INEN LUOMIV\u00c4RI SOLO 107 SOPHISTICATED | Valika","isPartOf":{"@id":"https:\/\/valika.eu\/fi\/#website"},"primaryImageOfPage":{"@id":"https:\/\/valika.eu\/fi\/toode\/claresa-uksik-lauvarv-solo-107-sophisticated\/#primaryimage"},"image":{"@id":"https:\/\/valika.eu\/toode\/claresa-uksik-lauvarv-solo-107-sophisticated\/#primaryimage"},"thumbnailUrl":"https:\/\/valika.eu\/wp-content\/uploads\/2025\/01\/13322.png","datePublished":"2025-01-09T04:24:59+00:00","dateModified":"2025-07-02T02:03:14+00:00","breadcrumb":{"@id":"https:\/\/valika.eu\/fi\/toode\/claresa-uksik-lauvarv-solo-107-sophisticated\/#breadcrumb"},"inLanguage":"fi","potentialAction":[{"@type":"ReadAction","target":[["https:\/\/valika.eu\/fi\/toode\/claresa-uksik-lauvarv-solo-107-sophisticated\/"]]}]},{"@type":"ImageObject","inLanguage":"fi","@id":"https:\/\/valika.eu\/fi\/toode\/claresa-uksik-lauvarv-solo-107-sophisticated\/#primaryimage","url":"https:\/\/valika.eu\/wp-content\/uploads\/2025\/01\/13322.png","contentUrl":"https:\/\/valika.eu\/wp-content\/uploads\/2025\/01\/13322.png","width":3000,"height":3000},{"@type":"BreadcrumbList","@id":"https:\/\/valika.eu\/fi\/toode\/claresa-uksik-lauvarv-solo-107-sophisticated\/#breadcrumb","itemListElement":[{"@type":"ListItem","position":1,"name":"Koti","item":"https:\/\/valika.eu\/fi\/"},{"@type":"ListItem","position":2,"name":"Shop","item":"https:\/\/valika.eu\/fi\/"},{"@type":"ListItem","position":3,"name":"CLARESA SINGLE EYESHADOW SOLO 107 SOPHISTICATED"}]},{"@type":"WebSite","@id":"https:\/\/valika.eu\/fi\/#website","url":"https:\/\/valika.eu\/fi\/","name":"Valika.eu","description":"Salonkituotteet ja kauneudenhoitotuotteet - Valika tarjoaa laajan valikoiman tuotteita ja tarvikkeita kynsiteknikoille, kauneushoitoloille, kampaamoille ja kampaamoille.","publisher":{"@id":"https:\/\/valika.eu\/fi\/#organization"},"alternateName":"Valika","potentialAction":[{"@type":"SearchAction","target":{"@type":"EntryPoint","urlTemplate":"https:\/\/valika.eu\/fi\/?s={search_term_string}"},"query-input":{"@type":"PropertyValueSpecification","valueRequired":true,"valueName":"search_term_string"}}],"inLanguage":"fi"},{"@type":"Organization","@id":"https:\/\/valika.eu\/fi\/#organization","name":"Salongitoode O\u00dc","alternateName":"Valika","url":"https:\/\/valika.eu\/fi\/","logo":{"@type":"ImageObject","inLanguage":"fi","@id":"https:\/\/valika.eu\/fi\/#\/schema\/logo\/image\/","url":"https:\/\/valika.eu\/wp-content\/uploads\/2023\/11\/logo2-valika-footer.png","contentUrl":"https:\/\/valika.eu\/wp-content\/uploads\/2023\/11\/logo2-valika-footer.png","width":200,"height":129,"caption":"Salongitoode O\u00dc"},"image":{"@id":"https:\/\/valika.eu\/fi\/#\/schema\/logo\/image\/"},"sameAs":["https:\/\/www.facebook.com\/tipsi.net"]}]}},"jetpack_sharing_enabled":true,"_links":{"self":[{"href":"https:\/\/valika.eu\/fi\/wp-json\/wp\/v2\/product\/11323","targetHints":{"allow":["GET"]}}],"collection":[{"href":"https:\/\/valika.eu\/fi\/wp-json\/wp\/v2\/product"}],"about":[{"href":"https:\/\/valika.eu\/fi\/wp-json\/wp\/v2\/types\/product"}],"wp:featuredmedia":[{"embeddable":true,"href":"https:\/\/valika.eu\/fi\/wp-json\/wp\/v2\/media\/11322"}],"wp:attachment":[{"href":"https:\/\/valika.eu\/fi\/wp-json\/wp\/v2\/media?parent=11323"}],"wp:term":[{"taxonomy":"product_brand","embeddable":true,"href":"https:\/\/valika.eu\/fi\/wp-json\/wp\/v2\/product_brand?post=11323"},{"taxonomy":"product_cat","embeddable":true,"href":"https:\/\/valika.eu\/fi\/wp-json\/wp\/v2\/product_cat?post=11323"},{"taxonomy":"product_tag","embeddable":true,"href":"https:\/\/valika.eu\/fi\/wp-json\/wp\/v2\/product_tag?post=11323"}],"curies":[{"name":"wp","href":"https:\/\/api.w.org\/{rel}","templated":true}]}}