{"id":11337,"date":"2025-01-09T06:35:38","date_gmt":"2025-01-09T04:35:38","guid":{"rendered":"https:\/\/valika.eu\/toode\/claresa-lauvarv-flash-04-paradise-city-3g-2\/"},"modified":"2025-07-02T05:03:13","modified_gmt":"2025-07-02T02:03:13","slug":"claresa-lauvarv-flash-04-paradise-city-3g-2","status":"publish","type":"product","link":"https:\/\/valika.eu\/fi\/toode\/claresa-lauvarv-flash-04-paradise-city-3g-2\/","title":{"rendered":"CLARESA luomiv\u00e4ri FLASH 04 PARADISE CITY 3g"},"content":{"rendered":"<p>Tapaa FLASH-luomiv\u00e4ri, joka vie meikin aivan uudelle intensiteetin ja kiillon tasolle. Sen eritt\u00e4in kimalteleva lopputulos luo hohtavan kerroksen luomelle, joka kest\u00e4\u00e4 koko p\u00e4iv\u00e4n. FLASH on kimalluksen ydin ja paras ty\u00f6kalu unohtumattomien, hohtavien lookien luomiseen!<\/p>\n<p>HAUSKA FAKTA<\/p>\n<p>Mik\u00e4 tekee FLASH-luomiv\u00e4reist\u00e4 niin ainutlaatuisia? Niiss\u00e4 on ennenn\u00e4kem\u00e4t\u00f6n koostumus, jota ei voi kuvata yhdell\u00e4 sanalla. Se on yhdistelm\u00e4 kimaltelevia hiukkasia ja folioefekti\u00e4, joka antaa m\u00e4r\u00e4n luomen vaikutelman. Sen hienovaraisen pehme\u00e4, sile\u00e4 koostumus luo kimaltelevan v\u00e4rikerroksen luomelle poikkeuksellisella kiillolla \u2013 kuin puhdasta pigmentti\u00e4!<\/p>\n<p>SOVELLUS<\/p>\n<p>Kiillon intensiteetin taso on sinun p\u00e4\u00e4tett\u00e4viss\u00e4si! Saat FLASH-luomiv\u00e4rist\u00e4 kaiken irti levitt\u00e4m\u00e4ll\u00e4 sen sormella. Jos haluat luoda hienovaraisesti valaistun meikin, k\u00e4yt\u00e4 litte\u00e4\u00e4 sivellint\u00e4, joka antaa lempe\u00e4mm\u00e4n kimallehiukkasten vaikutelman luomelle. Olipa kyseess\u00e4 p\u00e4ivitt\u00e4inen tai rohkea iltameikki, FLASH lis\u00e4\u00e4 ainutlaatuista vieh\u00e4tyst\u00e4 silm\u00e4n alueelle.<\/p>\n<p>MEIKKITAITEILIJAN VINKKI<\/p>\n<p>Luo nopea smoky eye levitt\u00e4m\u00e4ll\u00e4 mustaa eyelineria yl\u00e4- ja alaluomille, ja h\u00e4ivyt\u00e4 se huolellisesti. Levit\u00e4 FLASH-luomiv\u00e4ri t\u00e4lle valmistellulle pohjalle ja yll\u00e4ty t\u00e4m\u00e4n kosmetiikan toisesta puolesta!<\/p>","protected":false},"excerpt":{"rendered":"<p>Tapaa FLASH-luomiv\u00e4ri, joka vie meikin aivan uudelle intensiteetin ja kiillon tasolle. Sen eritt\u00e4in kimalteleva lopputulos luo hohtavan kerroksen luomelle, joka<\/p>\n","protected":false},"featured_media":11328,"template":"","meta":[],"product_brand":[],"product_cat":[679],"product_tag":[],"class_list":{"0":"post-11337","1":"product","2":"type-product","3":"status-publish","4":"has-post-thumbnail","6":"product_cat-eye-shadows","8":"first","9":"instock","10":"taxable","11":"shipping-taxable","12":"purchasable","13":"product-type-simple"},"yoast_head":"<!-- This site is optimized with the Yoast SEO plugin v24.4 - https:\/\/yoast.com\/wordpress\/plugins\/seo\/ -->\n<title>CLARESA luomiv\u00e4ri FLASH 04 PARADISE CITY 3g | Valika<\/title>\n<meta name=\"robots\" content=\"index, follow, max-snippet:-1, max-image-preview:large, max-video-preview:-1\" \/>\n<link rel=\"canonical\" href=\"https:\/\/valika.eu\/fi\/toode\/claresa-lauvarv-flash-04-paradise-city-3g-2\/\" \/>\n<meta property=\"og:locale\" content=\"fi_FI\" \/>\n<meta property=\"og:type\" content=\"article\" \/>\n<meta property=\"og:title\" content=\"CLARESA luomiv\u00e4ri FLASH 04 PARADISE CITY 3g | Valika\" \/>\n<meta property=\"og:description\" content=\"Tapaa FLASH-luomiv\u00e4ri, joka vie meikin aivan uudelle intensiteetin ja kiillon tasolle. Sen eritt\u00e4in kimalteleva lopputulos luo hohtavan kerroksen luomelle, joka\" \/>\n<meta property=\"og:url\" content=\"https:\/\/valika.eu\/fi\/toode\/claresa-lauvarv-flash-04-paradise-city-3g-2\/\" \/>\n<meta property=\"og:site_name\" content=\"Valika\" \/>\n<meta property=\"article:publisher\" content=\"https:\/\/www.facebook.com\/tipsi.net\" \/>\n<meta property=\"article:modified_time\" content=\"2025-07-02T02:03:13+00:00\" \/>\n<meta property=\"og:image\" content=\"https:\/\/valika.eu\/wp-content\/uploads\/2025\/01\/13758.jpg\" \/>\n\t<meta property=\"og:image:width\" content=\"2048\" \/>\n\t<meta property=\"og:image:height\" content=\"2048\" \/>\n\t<meta property=\"og:image:type\" content=\"image\/jpeg\" \/>\n<meta name=\"twitter:card\" content=\"summary_large_image\" \/>\n<script type=\"application\/ld+json\" class=\"yoast-schema-graph\">{\"@context\":\"https:\/\/schema.org\",\"@graph\":[{\"@type\":\"WebPage\",\"@id\":\"https:\/\/valika.eu\/fi\/toode\/claresa-lauvarv-flash-04-paradise-city-3g-2\/\",\"url\":\"https:\/\/valika.eu\/fi\/toode\/claresa-lauvarv-flash-04-paradise-city-3g-2\/\",\"name\":\"CLARESA luomiv\u00e4ri FLASH 04 PARADISE CITY 3g | Valika\",\"isPartOf\":{\"@id\":\"https:\/\/valika.eu\/fi\/#website\"},\"primaryImageOfPage\":{\"@id\":\"https:\/\/valika.eu\/fi\/toode\/claresa-lauvarv-flash-04-paradise-city-3g-2\/#primaryimage\"},\"image\":{\"@id\":\"https:\/\/valika.eu\/toode\/claresa-lauvarv-flash-04-paradise-city-3g-2\/#primaryimage\"},\"thumbnailUrl\":\"https:\/\/valika.eu\/wp-content\/uploads\/2025\/01\/13758.jpg\",\"datePublished\":\"2025-01-09T04:35:38+00:00\",\"dateModified\":\"2025-07-02T02:03:13+00:00\",\"breadcrumb\":{\"@id\":\"https:\/\/valika.eu\/fi\/toode\/claresa-lauvarv-flash-04-paradise-city-3g-2\/#breadcrumb\"},\"inLanguage\":\"fi\",\"potentialAction\":[{\"@type\":\"ReadAction\",\"target\":[[\"https:\/\/valika.eu\/fi\/toode\/claresa-lauvarv-flash-04-paradise-city-3g-2\/\"]]}]},{\"@type\":\"ImageObject\",\"inLanguage\":\"fi\",\"@id\":\"https:\/\/valika.eu\/fi\/toode\/claresa-lauvarv-flash-04-paradise-city-3g-2\/#primaryimage\",\"url\":\"https:\/\/valika.eu\/wp-content\/uploads\/2025\/01\/13758.jpg\",\"contentUrl\":\"https:\/\/valika.eu\/wp-content\/uploads\/2025\/01\/13758.jpg\",\"width\":2048,\"height\":2048},{\"@type\":\"BreadcrumbList\",\"@id\":\"https:\/\/valika.eu\/fi\/toode\/claresa-lauvarv-flash-04-paradise-city-3g-2\/#breadcrumb\",\"itemListElement\":[{\"@type\":\"ListItem\",\"position\":1,\"name\":\"Koti\",\"item\":\"https:\/\/valika.eu\/fi\/\"},{\"@type\":\"ListItem\",\"position\":2,\"name\":\"Shop\",\"item\":\"https:\/\/valika.eu\/fi\/\"},{\"@type\":\"ListItem\",\"position\":3,\"name\":\"CLARESA eyeshadow FLASH 04 PARADISE CITY 3g\"}]},{\"@type\":\"WebSite\",\"@id\":\"https:\/\/valika.eu\/fi\/#website\",\"url\":\"https:\/\/valika.eu\/fi\/\",\"name\":\"Valika.eu\",\"description\":\"Salonkituotteet ja kauneudenhoitotuotteet - Valika tarjoaa laajan valikoiman tuotteita ja tarvikkeita kynsiteknikoille, kauneushoitoloille, kampaamoille ja kampaamoille.\",\"publisher\":{\"@id\":\"https:\/\/valika.eu\/fi\/#organization\"},\"alternateName\":\"Valika\",\"potentialAction\":[{\"@type\":\"SearchAction\",\"target\":{\"@type\":\"EntryPoint\",\"urlTemplate\":\"https:\/\/valika.eu\/fi\/?s={search_term_string}\"},\"query-input\":{\"@type\":\"PropertyValueSpecification\",\"valueRequired\":true,\"valueName\":\"search_term_string\"}}],\"inLanguage\":\"fi\"},{\"@type\":\"Organization\",\"@id\":\"https:\/\/valika.eu\/fi\/#organization\",\"name\":\"Salongitoode O\u00dc\",\"alternateName\":\"Valika\",\"url\":\"https:\/\/valika.eu\/fi\/\",\"logo\":{\"@type\":\"ImageObject\",\"inLanguage\":\"fi\",\"@id\":\"https:\/\/valika.eu\/fi\/#\/schema\/logo\/image\/\",\"url\":\"https:\/\/valika.eu\/wp-content\/uploads\/2023\/11\/logo2-valika-footer.png\",\"contentUrl\":\"https:\/\/valika.eu\/wp-content\/uploads\/2023\/11\/logo2-valika-footer.png\",\"width\":200,\"height\":129,\"caption\":\"Salongitoode O\u00dc\"},\"image\":{\"@id\":\"https:\/\/valika.eu\/fi\/#\/schema\/logo\/image\/\"},\"sameAs\":[\"https:\/\/www.facebook.com\/tipsi.net\"]}]}<\/script>\n<!-- \/ Yoast SEO plugin. -->","yoast_head_json":{"title":"CLARESA luomiv\u00e4ri FLASH 04 PARADISE CITY 3g | Valika","robots":{"index":"index","follow":"follow","max-snippet":"max-snippet:-1","max-image-preview":"max-image-preview:large","max-video-preview":"max-video-preview:-1"},"canonical":"https:\/\/valika.eu\/fi\/toode\/claresa-lauvarv-flash-04-paradise-city-3g-2\/","og_locale":"fi_FI","og_type":"article","og_title":"CLARESA luomiv\u00e4ri FLASH 04 PARADISE CITY 3g | Valika","og_description":"Tapaa FLASH-luomiv\u00e4ri, joka vie meikin aivan uudelle intensiteetin ja kiillon tasolle. Sen eritt\u00e4in kimalteleva lopputulos luo hohtavan kerroksen luomelle, joka","og_url":"https:\/\/valika.eu\/fi\/toode\/claresa-lauvarv-flash-04-paradise-city-3g-2\/","og_site_name":"Valika","article_publisher":"https:\/\/www.facebook.com\/tipsi.net","article_modified_time":"2025-07-02T02:03:13+00:00","og_image":[{"width":2048,"height":2048,"url":"https:\/\/valika.eu\/wp-content\/uploads\/2025\/01\/13758.jpg","type":"image\/jpeg"}],"twitter_card":"summary_large_image","schema":{"@context":"https:\/\/schema.org","@graph":[{"@type":"WebPage","@id":"https:\/\/valika.eu\/fi\/toode\/claresa-lauvarv-flash-04-paradise-city-3g-2\/","url":"https:\/\/valika.eu\/fi\/toode\/claresa-lauvarv-flash-04-paradise-city-3g-2\/","name":"CLARESA luomiv\u00e4ri FLASH 04 PARADISE CITY 3g | Valika","isPartOf":{"@id":"https:\/\/valika.eu\/fi\/#website"},"primaryImageOfPage":{"@id":"https:\/\/valika.eu\/fi\/toode\/claresa-lauvarv-flash-04-paradise-city-3g-2\/#primaryimage"},"image":{"@id":"https:\/\/valika.eu\/toode\/claresa-lauvarv-flash-04-paradise-city-3g-2\/#primaryimage"},"thumbnailUrl":"https:\/\/valika.eu\/wp-content\/uploads\/2025\/01\/13758.jpg","datePublished":"2025-01-09T04:35:38+00:00","dateModified":"2025-07-02T02:03:13+00:00","breadcrumb":{"@id":"https:\/\/valika.eu\/fi\/toode\/claresa-lauvarv-flash-04-paradise-city-3g-2\/#breadcrumb"},"inLanguage":"fi","potentialAction":[{"@type":"ReadAction","target":[["https:\/\/valika.eu\/fi\/toode\/claresa-lauvarv-flash-04-paradise-city-3g-2\/"]]}]},{"@type":"ImageObject","inLanguage":"fi","@id":"https:\/\/valika.eu\/fi\/toode\/claresa-lauvarv-flash-04-paradise-city-3g-2\/#primaryimage","url":"https:\/\/valika.eu\/wp-content\/uploads\/2025\/01\/13758.jpg","contentUrl":"https:\/\/valika.eu\/wp-content\/uploads\/2025\/01\/13758.jpg","width":2048,"height":2048},{"@type":"BreadcrumbList","@id":"https:\/\/valika.eu\/fi\/toode\/claresa-lauvarv-flash-04-paradise-city-3g-2\/#breadcrumb","itemListElement":[{"@type":"ListItem","position":1,"name":"Koti","item":"https:\/\/valika.eu\/fi\/"},{"@type":"ListItem","position":2,"name":"Shop","item":"https:\/\/valika.eu\/fi\/"},{"@type":"ListItem","position":3,"name":"CLARESA eyeshadow FLASH 04 PARADISE CITY 3g"}]},{"@type":"WebSite","@id":"https:\/\/valika.eu\/fi\/#website","url":"https:\/\/valika.eu\/fi\/","name":"Valika.eu","description":"Salonkituotteet ja kauneudenhoitotuotteet - Valika tarjoaa laajan valikoiman tuotteita ja tarvikkeita kynsiteknikoille, kauneushoitoloille, kampaamoille ja kampaamoille.","publisher":{"@id":"https:\/\/valika.eu\/fi\/#organization"},"alternateName":"Valika","potentialAction":[{"@type":"SearchAction","target":{"@type":"EntryPoint","urlTemplate":"https:\/\/valika.eu\/fi\/?s={search_term_string}"},"query-input":{"@type":"PropertyValueSpecification","valueRequired":true,"valueName":"search_term_string"}}],"inLanguage":"fi"},{"@type":"Organization","@id":"https:\/\/valika.eu\/fi\/#organization","name":"Salongitoode O\u00dc","alternateName":"Valika","url":"https:\/\/valika.eu\/fi\/","logo":{"@type":"ImageObject","inLanguage":"fi","@id":"https:\/\/valika.eu\/fi\/#\/schema\/logo\/image\/","url":"https:\/\/valika.eu\/wp-content\/uploads\/2023\/11\/logo2-valika-footer.png","contentUrl":"https:\/\/valika.eu\/wp-content\/uploads\/2023\/11\/logo2-valika-footer.png","width":200,"height":129,"caption":"Salongitoode O\u00dc"},"image":{"@id":"https:\/\/valika.eu\/fi\/#\/schema\/logo\/image\/"},"sameAs":["https:\/\/www.facebook.com\/tipsi.net"]}]}},"jetpack_sharing_enabled":true,"_links":{"self":[{"href":"https:\/\/valika.eu\/fi\/wp-json\/wp\/v2\/product\/11337","targetHints":{"allow":["GET"]}}],"collection":[{"href":"https:\/\/valika.eu\/fi\/wp-json\/wp\/v2\/product"}],"about":[{"href":"https:\/\/valika.eu\/fi\/wp-json\/wp\/v2\/types\/product"}],"wp:featuredmedia":[{"embeddable":true,"href":"https:\/\/valika.eu\/fi\/wp-json\/wp\/v2\/media\/11328"}],"wp:attachment":[{"href":"https:\/\/valika.eu\/fi\/wp-json\/wp\/v2\/media?parent=11337"}],"wp:term":[{"taxonomy":"product_brand","embeddable":true,"href":"https:\/\/valika.eu\/fi\/wp-json\/wp\/v2\/product_brand?post=11337"},{"taxonomy":"product_cat","embeddable":true,"href":"https:\/\/valika.eu\/fi\/wp-json\/wp\/v2\/product_cat?post=11337"},{"taxonomy":"product_tag","embeddable":true,"href":"https:\/\/valika.eu\/fi\/wp-json\/wp\/v2\/product_tag?post=11337"}],"curies":[{"name":"wp","href":"https:\/\/api.w.org\/{rel}","templated":true}]}}