{"id":11369,"date":"2025-01-09T06:41:02","date_gmt":"2025-01-09T04:41:02","guid":{"rendered":"https:\/\/valika.eu\/toode\/claresa-vedel-lainer-heavenly-lines\/"},"modified":"2025-07-02T05:03:13","modified_gmt":"2025-07-02T02:03:13","slug":"claresa-vedel-lainer-heavenly-lines","status":"publish","type":"product","link":"https:\/\/valika.eu\/fi\/toode\/claresa-vedel-lainer-heavenly-lines\/","title":{"rendered":"Claresa Heavenly Lines nestem\u00e4inen eyeliner"},"content":{"rendered":"<p><\/p>\n<p><strong><img loading=\"lazy\" decoding=\"async\" src=\"\/userdata\/public\/assets\/\/Heavenly%20Smokin%20eyeliner.jpg\" alt=\"\" width=\"1920\" height=\"1080\" \/><\/strong><\/p>\n<p><strong>HEAVENLY LINES<\/strong><\/p>\n<\/p>\n<p>Upea taivaallinen meikkiefekti <strong>HEAVENLY LINES<\/strong> -eyelinerilla! Intensiivisesti pigmentoitu, maksimaalisen musta koostumus ja tarkka, k\u00e4tev\u00e4 applikaattori mahdollistavat t\u00e4ydellisten rajojen luomisen helposti yhdell\u00e4 vedolla. HEAVENLY LINES on t\u00e4ydellinen ripsirajan paksuntamiseen, romanttisen siiven luomiseen tai flirttailevaan kissansilm\u00e4\u00e4n.<\/p>\n<p><strong> <\/strong><\/p>\n<p><strong>HAUSKA FAKTA<\/strong><\/p>\n<\/p>\n<p>Eyeliner tarjoaa ainutlaatuisen, kiilt\u00e4v\u00e4n, vinyylim\u00e4isen ja pitk\u00e4kestoisen meikkiefektin.<\/p>\n<p><strong> <\/strong><\/p>\n<p><strong>SOVELLUS<\/strong><\/p>\n<p><strong> <\/strong><\/p>\n<p>Aloita viivan piirt\u00e4minen yl\u00e4luomen keskelt\u00e4 ulosp\u00e4in, korosta sitten silm\u00e4n sis\u00e4nurkkaa. Avaa silm\u00e4si ja katso suoraan eteenp\u00e4in, jatka viivaa kohti ohimoa.<\/p>\n<\/p>\n<p><strong>MEIKKITAITEILIJAN VINKKI<\/strong><\/p>\n<p><strong> <\/strong><\/p>\n<p>Vinkki 1 \u2013 Ripsirajan paksuntava viiva &#8211; Yl\u00e4luomella, pupillin alusta silm\u00e4n ulkonurkkaan, merkitse kevyit\u00e4 pisteit\u00e4 eyelinerilla. Yhdist\u00e4 sitten niiden v\u00e4liset tilat.<\/p>\n<p>Vinkki 2 \u2013 Kissansilm\u00e4 \u2013 Valmistele 2-3 cm pala paperiteippi\u00e4. Kiinnit\u00e4 se alaluomen jatkeelle kohti kulmakarvan loppua. Toista prosessi toisella puolella saavuttaaksesi t\u00e4ydellisen symmetrian. Piirr\u00e4 sitten viiva teippien osoittamaan suuntaan. Odota hetki, ett\u00e4 eyeliner kuivuu, ja poista teipit.<\/p>\n<\/p>\n<p><strong>VIIMEISTELY: <\/strong>Vinyyli<\/p>\n<p><img loading=\"lazy\" decoding=\"async\" src=\"\/userdata\/public\/assets\/\/Claresa-Eyelinery-Heavenly-Lines-i-Smokin-Sharp.webp\" alt=\"eye makeup eyeliner\" width=\"1200\" height=\"1200\" \/><\/p>\n<p><\/p>","protected":false},"excerpt":{"rendered":"<p>HEAVENLY LINES Upea taivaallinen meikkiefekti HEAVENLY LINES -eyelinerilla! Intensiivisesti pigmentoitu, maksimaalisen musta koostumus ja tarkka, k\u00e4tev\u00e4 applikaattori mahdollistavat t\u00e4ydellisten rajojen<\/p>\n","protected":false},"featured_media":11368,"template":"","meta":[],"product_brand":[],"product_cat":[680],"product_tag":[],"class_list":{"0":"post-11369","1":"product","2":"type-product","3":"status-publish","4":"has-post-thumbnail","6":"product_cat-eyeliner","8":"first","9":"instock","10":"taxable","11":"shipping-taxable","12":"purchasable","13":"product-type-simple"},"yoast_head":"<!-- This site is optimized with the Yoast SEO plugin v24.4 - https:\/\/yoast.com\/wordpress\/plugins\/seo\/ -->\n<title>Claresa Heavenly Lines nestem\u00e4inen eyeliner | Valika<\/title>\n<meta name=\"robots\" content=\"index, follow, max-snippet:-1, max-image-preview:large, max-video-preview:-1\" \/>\n<link rel=\"canonical\" href=\"https:\/\/valika.eu\/fi\/toode\/claresa-vedel-lainer-heavenly-lines\/\" \/>\n<meta property=\"og:locale\" content=\"fi_FI\" \/>\n<meta property=\"og:type\" content=\"article\" \/>\n<meta property=\"og:title\" content=\"Claresa Heavenly Lines nestem\u00e4inen eyeliner | Valika\" \/>\n<meta property=\"og:description\" content=\"HEAVENLY LINES Upea taivaallinen meikkiefekti HEAVENLY LINES -eyelinerilla! Intensiivisesti pigmentoitu, maksimaalisen musta koostumus ja tarkka, k\u00e4tev\u00e4 applikaattori mahdollistavat t\u00e4ydellisten rajojen\" \/>\n<meta property=\"og:url\" content=\"https:\/\/valika.eu\/fi\/toode\/claresa-vedel-lainer-heavenly-lines\/\" \/>\n<meta property=\"og:site_name\" content=\"Valika\" \/>\n<meta property=\"article:publisher\" content=\"https:\/\/www.facebook.com\/tipsi.net\" \/>\n<meta property=\"article:modified_time\" content=\"2025-07-02T02:03:13+00:00\" \/>\n<meta property=\"og:image\" content=\"https:\/\/valika.eu\/wp-content\/uploads\/2025\/01\/4780.jpg\" \/>\n\t<meta property=\"og:image:width\" content=\"1500\" \/>\n\t<meta property=\"og:image:height\" content=\"1500\" \/>\n\t<meta property=\"og:image:type\" content=\"image\/jpeg\" \/>\n<meta name=\"twitter:card\" content=\"summary_large_image\" \/>\n<script type=\"application\/ld+json\" class=\"yoast-schema-graph\">{\"@context\":\"https:\/\/schema.org\",\"@graph\":[{\"@type\":\"WebPage\",\"@id\":\"https:\/\/valika.eu\/fi\/toode\/claresa-vedel-lainer-heavenly-lines\/\",\"url\":\"https:\/\/valika.eu\/fi\/toode\/claresa-vedel-lainer-heavenly-lines\/\",\"name\":\"Claresa Heavenly Lines nestem\u00e4inen eyeliner | Valika\",\"isPartOf\":{\"@id\":\"https:\/\/valika.eu\/fi\/#website\"},\"primaryImageOfPage\":{\"@id\":\"https:\/\/valika.eu\/fi\/toode\/claresa-vedel-lainer-heavenly-lines\/#primaryimage\"},\"image\":{\"@id\":\"https:\/\/valika.eu\/toode\/claresa-vedel-lainer-heavenly-lines\/#primaryimage\"},\"thumbnailUrl\":\"https:\/\/valika.eu\/wp-content\/uploads\/2025\/01\/4780.jpg\",\"datePublished\":\"2025-01-09T04:41:02+00:00\",\"dateModified\":\"2025-07-02T02:03:13+00:00\",\"breadcrumb\":{\"@id\":\"https:\/\/valika.eu\/fi\/toode\/claresa-vedel-lainer-heavenly-lines\/#breadcrumb\"},\"inLanguage\":\"fi\",\"potentialAction\":[{\"@type\":\"ReadAction\",\"target\":[[\"https:\/\/valika.eu\/fi\/toode\/claresa-vedel-lainer-heavenly-lines\/\"]]}]},{\"@type\":\"ImageObject\",\"inLanguage\":\"fi\",\"@id\":\"https:\/\/valika.eu\/fi\/toode\/claresa-vedel-lainer-heavenly-lines\/#primaryimage\",\"url\":\"https:\/\/valika.eu\/wp-content\/uploads\/2025\/01\/4780.jpg\",\"contentUrl\":\"https:\/\/valika.eu\/wp-content\/uploads\/2025\/01\/4780.jpg\",\"width\":1500,\"height\":1500},{\"@type\":\"BreadcrumbList\",\"@id\":\"https:\/\/valika.eu\/fi\/toode\/claresa-vedel-lainer-heavenly-lines\/#breadcrumb\",\"itemListElement\":[{\"@type\":\"ListItem\",\"position\":1,\"name\":\"Koti\",\"item\":\"https:\/\/valika.eu\/fi\/\"},{\"@type\":\"ListItem\",\"position\":2,\"name\":\"Shop\",\"item\":\"https:\/\/valika.eu\/fi\/\"},{\"@type\":\"ListItem\",\"position\":3,\"name\":\"Claresa Liquid Eyeliner Heavenly Lines\"}]},{\"@type\":\"WebSite\",\"@id\":\"https:\/\/valika.eu\/fi\/#website\",\"url\":\"https:\/\/valika.eu\/fi\/\",\"name\":\"Valika.eu\",\"description\":\"Salonkituotteet ja kauneudenhoitotuotteet - Valika tarjoaa laajan valikoiman tuotteita ja tarvikkeita kynsiteknikoille, kauneushoitoloille, kampaamoille ja kampaamoille.\",\"publisher\":{\"@id\":\"https:\/\/valika.eu\/fi\/#organization\"},\"alternateName\":\"Valika\",\"potentialAction\":[{\"@type\":\"SearchAction\",\"target\":{\"@type\":\"EntryPoint\",\"urlTemplate\":\"https:\/\/valika.eu\/fi\/?s={search_term_string}\"},\"query-input\":{\"@type\":\"PropertyValueSpecification\",\"valueRequired\":true,\"valueName\":\"search_term_string\"}}],\"inLanguage\":\"fi\"},{\"@type\":\"Organization\",\"@id\":\"https:\/\/valika.eu\/fi\/#organization\",\"name\":\"Salongitoode O\u00dc\",\"alternateName\":\"Valika\",\"url\":\"https:\/\/valika.eu\/fi\/\",\"logo\":{\"@type\":\"ImageObject\",\"inLanguage\":\"fi\",\"@id\":\"https:\/\/valika.eu\/fi\/#\/schema\/logo\/image\/\",\"url\":\"https:\/\/valika.eu\/wp-content\/uploads\/2023\/11\/logo2-valika-footer.png\",\"contentUrl\":\"https:\/\/valika.eu\/wp-content\/uploads\/2023\/11\/logo2-valika-footer.png\",\"width\":200,\"height\":129,\"caption\":\"Salongitoode O\u00dc\"},\"image\":{\"@id\":\"https:\/\/valika.eu\/fi\/#\/schema\/logo\/image\/\"},\"sameAs\":[\"https:\/\/www.facebook.com\/tipsi.net\"]}]}<\/script>\n<!-- \/ Yoast SEO plugin. -->","yoast_head_json":{"title":"Claresa Heavenly Lines nestem\u00e4inen eyeliner | Valika","robots":{"index":"index","follow":"follow","max-snippet":"max-snippet:-1","max-image-preview":"max-image-preview:large","max-video-preview":"max-video-preview:-1"},"canonical":"https:\/\/valika.eu\/fi\/toode\/claresa-vedel-lainer-heavenly-lines\/","og_locale":"fi_FI","og_type":"article","og_title":"Claresa Heavenly Lines nestem\u00e4inen eyeliner | Valika","og_description":"HEAVENLY LINES Upea taivaallinen meikkiefekti HEAVENLY LINES -eyelinerilla! Intensiivisesti pigmentoitu, maksimaalisen musta koostumus ja tarkka, k\u00e4tev\u00e4 applikaattori mahdollistavat t\u00e4ydellisten rajojen","og_url":"https:\/\/valika.eu\/fi\/toode\/claresa-vedel-lainer-heavenly-lines\/","og_site_name":"Valika","article_publisher":"https:\/\/www.facebook.com\/tipsi.net","article_modified_time":"2025-07-02T02:03:13+00:00","og_image":[{"width":1500,"height":1500,"url":"https:\/\/valika.eu\/wp-content\/uploads\/2025\/01\/4780.jpg","type":"image\/jpeg"}],"twitter_card":"summary_large_image","schema":{"@context":"https:\/\/schema.org","@graph":[{"@type":"WebPage","@id":"https:\/\/valika.eu\/fi\/toode\/claresa-vedel-lainer-heavenly-lines\/","url":"https:\/\/valika.eu\/fi\/toode\/claresa-vedel-lainer-heavenly-lines\/","name":"Claresa Heavenly Lines nestem\u00e4inen eyeliner | Valika","isPartOf":{"@id":"https:\/\/valika.eu\/fi\/#website"},"primaryImageOfPage":{"@id":"https:\/\/valika.eu\/fi\/toode\/claresa-vedel-lainer-heavenly-lines\/#primaryimage"},"image":{"@id":"https:\/\/valika.eu\/toode\/claresa-vedel-lainer-heavenly-lines\/#primaryimage"},"thumbnailUrl":"https:\/\/valika.eu\/wp-content\/uploads\/2025\/01\/4780.jpg","datePublished":"2025-01-09T04:41:02+00:00","dateModified":"2025-07-02T02:03:13+00:00","breadcrumb":{"@id":"https:\/\/valika.eu\/fi\/toode\/claresa-vedel-lainer-heavenly-lines\/#breadcrumb"},"inLanguage":"fi","potentialAction":[{"@type":"ReadAction","target":[["https:\/\/valika.eu\/fi\/toode\/claresa-vedel-lainer-heavenly-lines\/"]]}]},{"@type":"ImageObject","inLanguage":"fi","@id":"https:\/\/valika.eu\/fi\/toode\/claresa-vedel-lainer-heavenly-lines\/#primaryimage","url":"https:\/\/valika.eu\/wp-content\/uploads\/2025\/01\/4780.jpg","contentUrl":"https:\/\/valika.eu\/wp-content\/uploads\/2025\/01\/4780.jpg","width":1500,"height":1500},{"@type":"BreadcrumbList","@id":"https:\/\/valika.eu\/fi\/toode\/claresa-vedel-lainer-heavenly-lines\/#breadcrumb","itemListElement":[{"@type":"ListItem","position":1,"name":"Koti","item":"https:\/\/valika.eu\/fi\/"},{"@type":"ListItem","position":2,"name":"Shop","item":"https:\/\/valika.eu\/fi\/"},{"@type":"ListItem","position":3,"name":"Claresa Liquid Eyeliner Heavenly Lines"}]},{"@type":"WebSite","@id":"https:\/\/valika.eu\/fi\/#website","url":"https:\/\/valika.eu\/fi\/","name":"Valika.eu","description":"Salonkituotteet ja kauneudenhoitotuotteet - Valika tarjoaa laajan valikoiman tuotteita ja tarvikkeita kynsiteknikoille, kauneushoitoloille, kampaamoille ja kampaamoille.","publisher":{"@id":"https:\/\/valika.eu\/fi\/#organization"},"alternateName":"Valika","potentialAction":[{"@type":"SearchAction","target":{"@type":"EntryPoint","urlTemplate":"https:\/\/valika.eu\/fi\/?s={search_term_string}"},"query-input":{"@type":"PropertyValueSpecification","valueRequired":true,"valueName":"search_term_string"}}],"inLanguage":"fi"},{"@type":"Organization","@id":"https:\/\/valika.eu\/fi\/#organization","name":"Salongitoode O\u00dc","alternateName":"Valika","url":"https:\/\/valika.eu\/fi\/","logo":{"@type":"ImageObject","inLanguage":"fi","@id":"https:\/\/valika.eu\/fi\/#\/schema\/logo\/image\/","url":"https:\/\/valika.eu\/wp-content\/uploads\/2023\/11\/logo2-valika-footer.png","contentUrl":"https:\/\/valika.eu\/wp-content\/uploads\/2023\/11\/logo2-valika-footer.png","width":200,"height":129,"caption":"Salongitoode O\u00dc"},"image":{"@id":"https:\/\/valika.eu\/fi\/#\/schema\/logo\/image\/"},"sameAs":["https:\/\/www.facebook.com\/tipsi.net"]}]}},"jetpack_sharing_enabled":true,"_links":{"self":[{"href":"https:\/\/valika.eu\/fi\/wp-json\/wp\/v2\/product\/11369","targetHints":{"allow":["GET"]}}],"collection":[{"href":"https:\/\/valika.eu\/fi\/wp-json\/wp\/v2\/product"}],"about":[{"href":"https:\/\/valika.eu\/fi\/wp-json\/wp\/v2\/types\/product"}],"wp:featuredmedia":[{"embeddable":true,"href":"https:\/\/valika.eu\/fi\/wp-json\/wp\/v2\/media\/11368"}],"wp:attachment":[{"href":"https:\/\/valika.eu\/fi\/wp-json\/wp\/v2\/media?parent=11369"}],"wp:term":[{"taxonomy":"product_brand","embeddable":true,"href":"https:\/\/valika.eu\/fi\/wp-json\/wp\/v2\/product_brand?post=11369"},{"taxonomy":"product_cat","embeddable":true,"href":"https:\/\/valika.eu\/fi\/wp-json\/wp\/v2\/product_cat?post=11369"},{"taxonomy":"product_tag","embeddable":true,"href":"https:\/\/valika.eu\/fi\/wp-json\/wp\/v2\/product_tag?post=11369"}],"curies":[{"name":"wp","href":"https:\/\/api.w.org\/{rel}","templated":true}]}}