{"id":11379,"date":"2025-01-09T06:41:11","date_gmt":"2025-01-09T04:41:11","guid":{"rendered":"https:\/\/valika.eu\/toode\/claresa-easy-on-the-eye-silmapliiats\/"},"modified":"2025-07-02T05:03:13","modified_gmt":"2025-07-02T02:03:13","slug":"claresa-easy-on-the-eye-silmapliiats","status":"publish","type":"product","link":"https:\/\/valika.eu\/fi\/toode\/claresa-easy-on-the-eye-silmapliiats\/","title":{"rendered":"Claresa EASY ON THE EYE silm\u00e4nrajauskyn\u00e4"},"content":{"rendered":"<p><\/p>\n<p><strong><img loading=\"lazy\" decoding=\"async\" src=\"\/userdata\/public\/assets\/\/Easy%201960%20x%20740.jpg\" alt=\"\" width=\"1960\" height=\"740\" \/><\/strong><\/p>\n<p><strong>HELPPO SILM\u00c4LLE<\/strong><\/p>\n<p><strong>Tarkka eyeliner-kyn\u00e4<\/strong><\/p>\n<\/p>\n<p><strong>HELPPO SILM\u00c4LLE<\/strong> on eyeliner erityisteht\u00e4viin! Eritt\u00e4in ohut, eritt\u00e4in tarkka ja joustava sivellink\u00e4rki takaa t\u00e4ydellisen viivan yhdell\u00e4 vedolla. HELPPO SILM\u00c4LLE on ihanteellinen tuote sek\u00e4 ammattilaisille ett\u00e4 niille, jotka vasta aloittavat matkansa eyelinerin kanssa. Intensiivisesti pigmentoitu musta koostumus tarjoaa pitk\u00e4kestoisen meikkiefektin, jonka ansiosta voit nauttia haluamastasi ilmeest\u00e4 koko p\u00e4iv\u00e4n. Eyeliner seuraa jokaista viivaideaasi, olipa kyseess\u00e4 herkk\u00e4, romanttinen tyyli, rohkea &#8220;kissansilm\u00e4&#8221; tai taiteellinen meikki.<\/p>\n<p><strong> <\/strong><\/p>\n<p><strong><span style=\"color: #cc8797\">HAUSKA FAKTA: <\/span><\/strong><br \/>Eyelinerissa on moderni, eritt\u00e4in tarkka sivellin, joka helpottaa levityst\u00e4. Erityinen pallo est\u00e4\u00e4 koostumusta kuivumasta \u2013 ravista tuotetta ennen k\u00e4ytt\u00f6\u00e4.<\/p>\n<p><strong> <\/strong><\/p>\n<p><strong><span style=\"color: #cc8797\">SOVELLUS:<\/span><\/strong><br \/>Aloita viivan piirt\u00e4minen yl\u00e4luomen keskelt\u00e4 ulosp\u00e4in, korosta sitten silm\u00e4n sis\u00e4nurkkaa. Avaa silm\u00e4si ja katso suoraan eteenp\u00e4in, jatka viivaa kohti ohimoa.<\/p>\n<\/p>\n<p><strong><span style=\"color: #cc8797\">MEIKKITAITEILIJAN VINKKI:<\/span><\/strong><\/p>\n<p><strong>Vinkki 1<\/strong> \u2013 Ripsirajan paksuntaminen &#8211; Yl\u00e4luomella, pupillin alusta silm\u00e4n ulkonurkkaan, merkitse hennot pisteet eyelinerilla. Yhdist\u00e4 sitten niiden v\u00e4liset tilat.<\/p>\n<p><strong>Vinkki 2<\/strong> \u2013 Kissansilm\u00e4 \u2013 Valmistele 2-3 cm pala paperiteippi\u00e4. Kiinnit\u00e4 se alaluomen jatkeelle kohti kulmakarvan loppua. Toista prosessi toisella puolella saavuttaaksesi t\u00e4ydellisen symmetrian. Piirr\u00e4 sitten viiva jatkaen sit\u00e4 teippien osoittamaan suuntaan. Odota hetki, ett\u00e4 eyeliner kuivuu, ja poista teipit.<\/p>\n<\/p>\n<p><\/p>","protected":false},"excerpt":{"rendered":"<p>HELPPO SILM\u00c4LLE Tarkka eyeliner-kyn\u00e4 HELPPO SILM\u00c4LLE on eyeliner erityisteht\u00e4viin! Eritt\u00e4in ohut, eritt\u00e4in tarkka ja joustava sivellink\u00e4rki takaa t\u00e4ydellisen viivan yhdell\u00e4<\/p>\n","protected":false},"featured_media":11378,"template":"","meta":[],"product_brand":[],"product_cat":[680],"product_tag":[],"class_list":{"0":"post-11379","1":"product","2":"type-product","3":"status-publish","4":"has-post-thumbnail","6":"product_cat-eyeliner","8":"first","9":"instock","10":"taxable","11":"shipping-taxable","12":"purchasable","13":"product-type-simple"},"yoast_head":"<!-- This site is optimized with the Yoast SEO plugin v24.4 - https:\/\/yoast.com\/wordpress\/plugins\/seo\/ -->\n<title>Claresa EASY ON THE EYE silm\u00e4nrajauskyn\u00e4 | Valika<\/title>\n<meta name=\"robots\" content=\"index, follow, max-snippet:-1, max-image-preview:large, max-video-preview:-1\" \/>\n<link rel=\"canonical\" href=\"https:\/\/valika.eu\/fi\/toode\/claresa-easy-on-the-eye-silmapliiats\/\" \/>\n<meta property=\"og:locale\" content=\"fi_FI\" \/>\n<meta property=\"og:type\" content=\"article\" \/>\n<meta property=\"og:title\" content=\"Claresa EASY ON THE EYE silm\u00e4nrajauskyn\u00e4 | Valika\" \/>\n<meta property=\"og:description\" content=\"HELPPO SILM\u00c4LLE Tarkka eyeliner-kyn\u00e4 HELPPO SILM\u00c4LLE on eyeliner erityisteht\u00e4viin! Eritt\u00e4in ohut, eritt\u00e4in tarkka ja joustava sivellink\u00e4rki takaa t\u00e4ydellisen viivan yhdell\u00e4\" \/>\n<meta property=\"og:url\" content=\"https:\/\/valika.eu\/fi\/toode\/claresa-easy-on-the-eye-silmapliiats\/\" \/>\n<meta property=\"og:site_name\" content=\"Valika\" \/>\n<meta property=\"article:publisher\" content=\"https:\/\/www.facebook.com\/tipsi.net\" \/>\n<meta property=\"article:modified_time\" content=\"2025-07-02T02:03:13+00:00\" \/>\n<meta property=\"og:image\" content=\"https:\/\/valika.eu\/wp-content\/uploads\/2025\/01\/3746.jpg\" \/>\n\t<meta property=\"og:image:width\" content=\"1500\" \/>\n\t<meta property=\"og:image:height\" content=\"1500\" \/>\n\t<meta property=\"og:image:type\" content=\"image\/jpeg\" \/>\n<meta name=\"twitter:card\" content=\"summary_large_image\" \/>\n<script type=\"application\/ld+json\" class=\"yoast-schema-graph\">{\"@context\":\"https:\/\/schema.org\",\"@graph\":[{\"@type\":\"WebPage\",\"@id\":\"https:\/\/valika.eu\/fi\/toode\/claresa-easy-on-the-eye-silmapliiats\/\",\"url\":\"https:\/\/valika.eu\/fi\/toode\/claresa-easy-on-the-eye-silmapliiats\/\",\"name\":\"Claresa EASY ON THE EYE silm\u00e4nrajauskyn\u00e4 | Valika\",\"isPartOf\":{\"@id\":\"https:\/\/valika.eu\/fi\/#website\"},\"primaryImageOfPage\":{\"@id\":\"https:\/\/valika.eu\/fi\/toode\/claresa-easy-on-the-eye-silmapliiats\/#primaryimage\"},\"image\":{\"@id\":\"https:\/\/valika.eu\/toode\/claresa-easy-on-the-eye-silmapliiats\/#primaryimage\"},\"thumbnailUrl\":\"https:\/\/valika.eu\/wp-content\/uploads\/2025\/01\/3746.jpg\",\"datePublished\":\"2025-01-09T04:41:11+00:00\",\"dateModified\":\"2025-07-02T02:03:13+00:00\",\"breadcrumb\":{\"@id\":\"https:\/\/valika.eu\/fi\/toode\/claresa-easy-on-the-eye-silmapliiats\/#breadcrumb\"},\"inLanguage\":\"fi\",\"potentialAction\":[{\"@type\":\"ReadAction\",\"target\":[[\"https:\/\/valika.eu\/fi\/toode\/claresa-easy-on-the-eye-silmapliiats\/\"]]}]},{\"@type\":\"ImageObject\",\"inLanguage\":\"fi\",\"@id\":\"https:\/\/valika.eu\/fi\/toode\/claresa-easy-on-the-eye-silmapliiats\/#primaryimage\",\"url\":\"https:\/\/valika.eu\/wp-content\/uploads\/2025\/01\/3746.jpg\",\"contentUrl\":\"https:\/\/valika.eu\/wp-content\/uploads\/2025\/01\/3746.jpg\",\"width\":1500,\"height\":1500},{\"@type\":\"BreadcrumbList\",\"@id\":\"https:\/\/valika.eu\/fi\/toode\/claresa-easy-on-the-eye-silmapliiats\/#breadcrumb\",\"itemListElement\":[{\"@type\":\"ListItem\",\"position\":1,\"name\":\"Koti\",\"item\":\"https:\/\/valika.eu\/fi\/\"},{\"@type\":\"ListItem\",\"position\":2,\"name\":\"Shop\",\"item\":\"https:\/\/valika.eu\/fi\/\"},{\"@type\":\"ListItem\",\"position\":3,\"name\":\"Claresa EASY ON THE EYE eyeliner\"}]},{\"@type\":\"WebSite\",\"@id\":\"https:\/\/valika.eu\/fi\/#website\",\"url\":\"https:\/\/valika.eu\/fi\/\",\"name\":\"Valika.eu\",\"description\":\"Salonkituotteet ja kauneudenhoitotuotteet - Valika tarjoaa laajan valikoiman tuotteita ja tarvikkeita kynsiteknikoille, kauneushoitoloille, kampaamoille ja kampaamoille.\",\"publisher\":{\"@id\":\"https:\/\/valika.eu\/fi\/#organization\"},\"alternateName\":\"Valika\",\"potentialAction\":[{\"@type\":\"SearchAction\",\"target\":{\"@type\":\"EntryPoint\",\"urlTemplate\":\"https:\/\/valika.eu\/fi\/?s={search_term_string}\"},\"query-input\":{\"@type\":\"PropertyValueSpecification\",\"valueRequired\":true,\"valueName\":\"search_term_string\"}}],\"inLanguage\":\"fi\"},{\"@type\":\"Organization\",\"@id\":\"https:\/\/valika.eu\/fi\/#organization\",\"name\":\"Salongitoode O\u00dc\",\"alternateName\":\"Valika\",\"url\":\"https:\/\/valika.eu\/fi\/\",\"logo\":{\"@type\":\"ImageObject\",\"inLanguage\":\"fi\",\"@id\":\"https:\/\/valika.eu\/fi\/#\/schema\/logo\/image\/\",\"url\":\"https:\/\/valika.eu\/wp-content\/uploads\/2023\/11\/logo2-valika-footer.png\",\"contentUrl\":\"https:\/\/valika.eu\/wp-content\/uploads\/2023\/11\/logo2-valika-footer.png\",\"width\":200,\"height\":129,\"caption\":\"Salongitoode O\u00dc\"},\"image\":{\"@id\":\"https:\/\/valika.eu\/fi\/#\/schema\/logo\/image\/\"},\"sameAs\":[\"https:\/\/www.facebook.com\/tipsi.net\"]}]}<\/script>\n<!-- \/ Yoast SEO plugin. -->","yoast_head_json":{"title":"Claresa EASY ON THE EYE silm\u00e4nrajauskyn\u00e4 | Valika","robots":{"index":"index","follow":"follow","max-snippet":"max-snippet:-1","max-image-preview":"max-image-preview:large","max-video-preview":"max-video-preview:-1"},"canonical":"https:\/\/valika.eu\/fi\/toode\/claresa-easy-on-the-eye-silmapliiats\/","og_locale":"fi_FI","og_type":"article","og_title":"Claresa EASY ON THE EYE silm\u00e4nrajauskyn\u00e4 | Valika","og_description":"HELPPO SILM\u00c4LLE Tarkka eyeliner-kyn\u00e4 HELPPO SILM\u00c4LLE on eyeliner erityisteht\u00e4viin! Eritt\u00e4in ohut, eritt\u00e4in tarkka ja joustava sivellink\u00e4rki takaa t\u00e4ydellisen viivan yhdell\u00e4","og_url":"https:\/\/valika.eu\/fi\/toode\/claresa-easy-on-the-eye-silmapliiats\/","og_site_name":"Valika","article_publisher":"https:\/\/www.facebook.com\/tipsi.net","article_modified_time":"2025-07-02T02:03:13+00:00","og_image":[{"width":1500,"height":1500,"url":"https:\/\/valika.eu\/wp-content\/uploads\/2025\/01\/3746.jpg","type":"image\/jpeg"}],"twitter_card":"summary_large_image","schema":{"@context":"https:\/\/schema.org","@graph":[{"@type":"WebPage","@id":"https:\/\/valika.eu\/fi\/toode\/claresa-easy-on-the-eye-silmapliiats\/","url":"https:\/\/valika.eu\/fi\/toode\/claresa-easy-on-the-eye-silmapliiats\/","name":"Claresa EASY ON THE EYE silm\u00e4nrajauskyn\u00e4 | Valika","isPartOf":{"@id":"https:\/\/valika.eu\/fi\/#website"},"primaryImageOfPage":{"@id":"https:\/\/valika.eu\/fi\/toode\/claresa-easy-on-the-eye-silmapliiats\/#primaryimage"},"image":{"@id":"https:\/\/valika.eu\/toode\/claresa-easy-on-the-eye-silmapliiats\/#primaryimage"},"thumbnailUrl":"https:\/\/valika.eu\/wp-content\/uploads\/2025\/01\/3746.jpg","datePublished":"2025-01-09T04:41:11+00:00","dateModified":"2025-07-02T02:03:13+00:00","breadcrumb":{"@id":"https:\/\/valika.eu\/fi\/toode\/claresa-easy-on-the-eye-silmapliiats\/#breadcrumb"},"inLanguage":"fi","potentialAction":[{"@type":"ReadAction","target":[["https:\/\/valika.eu\/fi\/toode\/claresa-easy-on-the-eye-silmapliiats\/"]]}]},{"@type":"ImageObject","inLanguage":"fi","@id":"https:\/\/valika.eu\/fi\/toode\/claresa-easy-on-the-eye-silmapliiats\/#primaryimage","url":"https:\/\/valika.eu\/wp-content\/uploads\/2025\/01\/3746.jpg","contentUrl":"https:\/\/valika.eu\/wp-content\/uploads\/2025\/01\/3746.jpg","width":1500,"height":1500},{"@type":"BreadcrumbList","@id":"https:\/\/valika.eu\/fi\/toode\/claresa-easy-on-the-eye-silmapliiats\/#breadcrumb","itemListElement":[{"@type":"ListItem","position":1,"name":"Koti","item":"https:\/\/valika.eu\/fi\/"},{"@type":"ListItem","position":2,"name":"Shop","item":"https:\/\/valika.eu\/fi\/"},{"@type":"ListItem","position":3,"name":"Claresa EASY ON THE EYE eyeliner"}]},{"@type":"WebSite","@id":"https:\/\/valika.eu\/fi\/#website","url":"https:\/\/valika.eu\/fi\/","name":"Valika.eu","description":"Salonkituotteet ja kauneudenhoitotuotteet - Valika tarjoaa laajan valikoiman tuotteita ja tarvikkeita kynsiteknikoille, kauneushoitoloille, kampaamoille ja kampaamoille.","publisher":{"@id":"https:\/\/valika.eu\/fi\/#organization"},"alternateName":"Valika","potentialAction":[{"@type":"SearchAction","target":{"@type":"EntryPoint","urlTemplate":"https:\/\/valika.eu\/fi\/?s={search_term_string}"},"query-input":{"@type":"PropertyValueSpecification","valueRequired":true,"valueName":"search_term_string"}}],"inLanguage":"fi"},{"@type":"Organization","@id":"https:\/\/valika.eu\/fi\/#organization","name":"Salongitoode O\u00dc","alternateName":"Valika","url":"https:\/\/valika.eu\/fi\/","logo":{"@type":"ImageObject","inLanguage":"fi","@id":"https:\/\/valika.eu\/fi\/#\/schema\/logo\/image\/","url":"https:\/\/valika.eu\/wp-content\/uploads\/2023\/11\/logo2-valika-footer.png","contentUrl":"https:\/\/valika.eu\/wp-content\/uploads\/2023\/11\/logo2-valika-footer.png","width":200,"height":129,"caption":"Salongitoode O\u00dc"},"image":{"@id":"https:\/\/valika.eu\/fi\/#\/schema\/logo\/image\/"},"sameAs":["https:\/\/www.facebook.com\/tipsi.net"]}]}},"jetpack_sharing_enabled":true,"_links":{"self":[{"href":"https:\/\/valika.eu\/fi\/wp-json\/wp\/v2\/product\/11379","targetHints":{"allow":["GET"]}}],"collection":[{"href":"https:\/\/valika.eu\/fi\/wp-json\/wp\/v2\/product"}],"about":[{"href":"https:\/\/valika.eu\/fi\/wp-json\/wp\/v2\/types\/product"}],"wp:featuredmedia":[{"embeddable":true,"href":"https:\/\/valika.eu\/fi\/wp-json\/wp\/v2\/media\/11378"}],"wp:attachment":[{"href":"https:\/\/valika.eu\/fi\/wp-json\/wp\/v2\/media?parent=11379"}],"wp:term":[{"taxonomy":"product_brand","embeddable":true,"href":"https:\/\/valika.eu\/fi\/wp-json\/wp\/v2\/product_brand?post=11379"},{"taxonomy":"product_cat","embeddable":true,"href":"https:\/\/valika.eu\/fi\/wp-json\/wp\/v2\/product_cat?post=11379"},{"taxonomy":"product_tag","embeddable":true,"href":"https:\/\/valika.eu\/fi\/wp-json\/wp\/v2\/product_tag?post=11379"}],"curies":[{"name":"wp","href":"https:\/\/api.w.org\/{rel}","templated":true}]}}