{"id":11394,"date":"2025-01-09T06:41:30","date_gmt":"2025-01-09T04:41:30","guid":{"rendered":"https:\/\/valika.eu\/toode\/claresa-nuta-nuta-nuta-veekindel-vedel-silmalainer-4g\/"},"modified":"2025-07-02T05:03:13","modified_gmt":"2025-07-02T02:03:13","slug":"claresa-nuta-nuta-nuta-veekindel-vedel-silmalainer-4g","status":"publish","type":"product","link":"https:\/\/valika.eu\/fi\/toode\/claresa-nuta-nuta-nuta-veekindel-vedel-silmalainer-4g\/","title":{"rendered":"Claresa CRY BABY CRY! vedenkest\u00e4v\u00e4 nestem\u00e4inen eyeliner 4g"},"content":{"rendered":"<p><\/p>\n<p>\u2714\ufe0fKorkea vastustuskyky hikoilulle, kyynelille ja sateelle? Ei ongelmaa!<\/p>\n<p>\u2714\ufe0fK\u00e4tev\u00e4 levitys? Ole hyv\u00e4!<\/p>\n<p>\u2714\ufe0fPitk\u00e4kestoiset vaikutukset? Tietysti!<\/p>\n<p>Kaikki t\u00e4m\u00e4 plus syv\u00e4 v\u00e4ri ja nopeasti kuivuva koostumus? Vastaus on yksi \u2013 <strong>CRY BABY CRY vedenkest\u00e4v\u00e4 nestem\u00e4inen eyeliner!<\/strong><\/p>\n<\/p>\n<p><strong><span style=\"color: #cc8797;\">HAUSKA FAKTA: <\/span><\/strong><br \/>Koostumus ei sis\u00e4ll\u00e4 el\u00e4inper\u00e4isi\u00e4 ainesosia, alkoholia, mikromuoveja tai hajusteita. <\/p>\n<p><strong><span style=\"color: #cc8797;\">LEVITYS:<\/span><\/strong><br \/>Levit\u00e4 puuteroidulle tai luomiv\u00e4rill\u00e4 peitetylle luomelle.<\/p>\n<p><strong><span style=\"color: #cc8797;\">MEIKKITAITEILIJAN VINKKI:<\/span><\/strong><br \/>@zmalowana neuvoo: M\u00e4\u00e4ritt\u00e4\u00e4ksesi t\u00e4ydellisen kulman siivelle, ved\u00e4 ensin viiva liikkuvan luomen yli, pid\u00e4 tauko ripsiv\u00e4rin levitt\u00e4miseen. Ulkonurkan ripsiv\u00e4rill\u00e4 p\u00e4\u00e4llystetyt ripset osoittavat kulman, johon siipi tulisi piirt\u00e4\u00e4 \u2013 sen alareunan tulisi seurata nostettujen ripsien kulmaa ja luoda lis\u00e4viiva, joka jatkaa ripsirajaa sen ulkop\u00e4\u00e4ss\u00e4.<\/p>\n<p><img loading=\"lazy\" decoding=\"async\" src=\"\/userdata\/public\/assets\/\/Claresa-Cry-Baby-Cry-FB.webp\" alt=\"vedenkest\u00e4v\u00e4 nestem\u00e4inen eyeliner\" width=\"1200\" height=\"1200\" \/><\/p>\n<p><\/p>","protected":false},"excerpt":{"rendered":"<p>\u2714\ufe0fKorkea vastustuskyky hikoilulle, kyynelille ja sateelle? Ei ongelmaa! \u2714\ufe0fK\u00e4tev\u00e4 levitys? Ole hyv\u00e4! \u2714\ufe0fPitk\u00e4kestoiset vaikutukset? Tietysti! Kaikki t\u00e4m\u00e4 plus syv\u00e4 v\u00e4ri<\/p>\n","protected":false},"featured_media":11393,"template":"","meta":[],"product_brand":[],"product_cat":[680],"product_tag":[],"class_list":{"0":"post-11394","1":"product","2":"type-product","3":"status-publish","4":"has-post-thumbnail","6":"product_cat-eyeliner","8":"first","9":"instock","10":"taxable","11":"shipping-taxable","12":"purchasable","13":"product-type-simple"},"yoast_head":"<!-- This site is optimized with the Yoast SEO plugin v24.4 - https:\/\/yoast.com\/wordpress\/plugins\/seo\/ -->\n<title>Claresa CRY BABY CRY! vedenkest\u00e4v\u00e4 nestem\u00e4inen eyeliner 4g | Valika<\/title>\n<meta name=\"robots\" content=\"index, follow, max-snippet:-1, max-image-preview:large, max-video-preview:-1\" \/>\n<link rel=\"canonical\" href=\"https:\/\/valika.eu\/fi\/toode\/claresa-nuta-nuta-nuta-veekindel-vedel-silmalainer-4g\/\" \/>\n<meta property=\"og:locale\" content=\"fi_FI\" \/>\n<meta property=\"og:type\" content=\"article\" \/>\n<meta property=\"og:title\" content=\"Claresa CRY BABY CRY! vedenkest\u00e4v\u00e4 nestem\u00e4inen eyeliner 4g | Valika\" \/>\n<meta property=\"og:description\" content=\"\u2714\ufe0fKorkea vastustuskyky hikoilulle, kyynelille ja sateelle? Ei ongelmaa! \u2714\ufe0fK\u00e4tev\u00e4 levitys? Ole hyv\u00e4! \u2714\ufe0fPitk\u00e4kestoiset vaikutukset? Tietysti! Kaikki t\u00e4m\u00e4 plus syv\u00e4 v\u00e4ri\" \/>\n<meta property=\"og:url\" content=\"https:\/\/valika.eu\/fi\/toode\/claresa-nuta-nuta-nuta-veekindel-vedel-silmalainer-4g\/\" \/>\n<meta property=\"og:site_name\" content=\"Valika\" \/>\n<meta property=\"article:publisher\" content=\"https:\/\/www.facebook.com\/tipsi.net\" \/>\n<meta property=\"article:modified_time\" content=\"2025-07-02T02:03:13+00:00\" \/>\n<meta property=\"og:image\" content=\"https:\/\/valika.eu\/wp-content\/uploads\/2025\/01\/6267.jpg\" \/>\n\t<meta property=\"og:image:width\" content=\"1500\" \/>\n\t<meta property=\"og:image:height\" content=\"1500\" \/>\n\t<meta property=\"og:image:type\" content=\"image\/jpeg\" \/>\n<meta name=\"twitter:card\" content=\"summary_large_image\" \/>\n<script type=\"application\/ld+json\" class=\"yoast-schema-graph\">{\"@context\":\"https:\/\/schema.org\",\"@graph\":[{\"@type\":\"WebPage\",\"@id\":\"https:\/\/valika.eu\/fi\/toode\/claresa-nuta-nuta-nuta-veekindel-vedel-silmalainer-4g\/\",\"url\":\"https:\/\/valika.eu\/fi\/toode\/claresa-nuta-nuta-nuta-veekindel-vedel-silmalainer-4g\/\",\"name\":\"Claresa CRY BABY CRY! vedenkest\u00e4v\u00e4 nestem\u00e4inen eyeliner 4g | Valika\",\"isPartOf\":{\"@id\":\"https:\/\/valika.eu\/fi\/#website\"},\"primaryImageOfPage\":{\"@id\":\"https:\/\/valika.eu\/fi\/toode\/claresa-nuta-nuta-nuta-veekindel-vedel-silmalainer-4g\/#primaryimage\"},\"image\":{\"@id\":\"https:\/\/valika.eu\/toode\/claresa-nuta-nuta-nuta-veekindel-vedel-silmalainer-4g\/#primaryimage\"},\"thumbnailUrl\":\"https:\/\/valika.eu\/wp-content\/uploads\/2025\/01\/6267.jpg\",\"datePublished\":\"2025-01-09T04:41:30+00:00\",\"dateModified\":\"2025-07-02T02:03:13+00:00\",\"breadcrumb\":{\"@id\":\"https:\/\/valika.eu\/fi\/toode\/claresa-nuta-nuta-nuta-veekindel-vedel-silmalainer-4g\/#breadcrumb\"},\"inLanguage\":\"fi\",\"potentialAction\":[{\"@type\":\"ReadAction\",\"target\":[[\"https:\/\/valika.eu\/fi\/toode\/claresa-nuta-nuta-nuta-veekindel-vedel-silmalainer-4g\/\"]]}]},{\"@type\":\"ImageObject\",\"inLanguage\":\"fi\",\"@id\":\"https:\/\/valika.eu\/fi\/toode\/claresa-nuta-nuta-nuta-veekindel-vedel-silmalainer-4g\/#primaryimage\",\"url\":\"https:\/\/valika.eu\/wp-content\/uploads\/2025\/01\/6267.jpg\",\"contentUrl\":\"https:\/\/valika.eu\/wp-content\/uploads\/2025\/01\/6267.jpg\",\"width\":1500,\"height\":1500},{\"@type\":\"BreadcrumbList\",\"@id\":\"https:\/\/valika.eu\/fi\/toode\/claresa-nuta-nuta-nuta-veekindel-vedel-silmalainer-4g\/#breadcrumb\",\"itemListElement\":[{\"@type\":\"ListItem\",\"position\":1,\"name\":\"Koti\",\"item\":\"https:\/\/valika.eu\/fi\/\"},{\"@type\":\"ListItem\",\"position\":2,\"name\":\"Shop\",\"item\":\"https:\/\/valika.eu\/fi\/\"},{\"@type\":\"ListItem\",\"position\":3,\"name\":\"Claresa CRY BABY CRY! waterproof liquid eyeliner 4g\"}]},{\"@type\":\"WebSite\",\"@id\":\"https:\/\/valika.eu\/fi\/#website\",\"url\":\"https:\/\/valika.eu\/fi\/\",\"name\":\"Valika.eu\",\"description\":\"Salonkituotteet ja kauneudenhoitotuotteet - Valika tarjoaa laajan valikoiman tuotteita ja tarvikkeita kynsiteknikoille, kauneushoitoloille, kampaamoille ja kampaamoille.\",\"publisher\":{\"@id\":\"https:\/\/valika.eu\/fi\/#organization\"},\"alternateName\":\"Valika\",\"potentialAction\":[{\"@type\":\"SearchAction\",\"target\":{\"@type\":\"EntryPoint\",\"urlTemplate\":\"https:\/\/valika.eu\/fi\/?s={search_term_string}\"},\"query-input\":{\"@type\":\"PropertyValueSpecification\",\"valueRequired\":true,\"valueName\":\"search_term_string\"}}],\"inLanguage\":\"fi\"},{\"@type\":\"Organization\",\"@id\":\"https:\/\/valika.eu\/fi\/#organization\",\"name\":\"Salongitoode O\u00dc\",\"alternateName\":\"Valika\",\"url\":\"https:\/\/valika.eu\/fi\/\",\"logo\":{\"@type\":\"ImageObject\",\"inLanguage\":\"fi\",\"@id\":\"https:\/\/valika.eu\/fi\/#\/schema\/logo\/image\/\",\"url\":\"https:\/\/valika.eu\/wp-content\/uploads\/2023\/11\/logo2-valika-footer.png\",\"contentUrl\":\"https:\/\/valika.eu\/wp-content\/uploads\/2023\/11\/logo2-valika-footer.png\",\"width\":200,\"height\":129,\"caption\":\"Salongitoode O\u00dc\"},\"image\":{\"@id\":\"https:\/\/valika.eu\/fi\/#\/schema\/logo\/image\/\"},\"sameAs\":[\"https:\/\/www.facebook.com\/tipsi.net\"]}]}<\/script>\n<!-- \/ Yoast SEO plugin. -->","yoast_head_json":{"title":"Claresa CRY BABY CRY! vedenkest\u00e4v\u00e4 nestem\u00e4inen eyeliner 4g | Valika","robots":{"index":"index","follow":"follow","max-snippet":"max-snippet:-1","max-image-preview":"max-image-preview:large","max-video-preview":"max-video-preview:-1"},"canonical":"https:\/\/valika.eu\/fi\/toode\/claresa-nuta-nuta-nuta-veekindel-vedel-silmalainer-4g\/","og_locale":"fi_FI","og_type":"article","og_title":"Claresa CRY BABY CRY! vedenkest\u00e4v\u00e4 nestem\u00e4inen eyeliner 4g | Valika","og_description":"\u2714\ufe0fKorkea vastustuskyky hikoilulle, kyynelille ja sateelle? Ei ongelmaa! \u2714\ufe0fK\u00e4tev\u00e4 levitys? Ole hyv\u00e4! \u2714\ufe0fPitk\u00e4kestoiset vaikutukset? Tietysti! Kaikki t\u00e4m\u00e4 plus syv\u00e4 v\u00e4ri","og_url":"https:\/\/valika.eu\/fi\/toode\/claresa-nuta-nuta-nuta-veekindel-vedel-silmalainer-4g\/","og_site_name":"Valika","article_publisher":"https:\/\/www.facebook.com\/tipsi.net","article_modified_time":"2025-07-02T02:03:13+00:00","og_image":[{"width":1500,"height":1500,"url":"https:\/\/valika.eu\/wp-content\/uploads\/2025\/01\/6267.jpg","type":"image\/jpeg"}],"twitter_card":"summary_large_image","schema":{"@context":"https:\/\/schema.org","@graph":[{"@type":"WebPage","@id":"https:\/\/valika.eu\/fi\/toode\/claresa-nuta-nuta-nuta-veekindel-vedel-silmalainer-4g\/","url":"https:\/\/valika.eu\/fi\/toode\/claresa-nuta-nuta-nuta-veekindel-vedel-silmalainer-4g\/","name":"Claresa CRY BABY CRY! vedenkest\u00e4v\u00e4 nestem\u00e4inen eyeliner 4g | Valika","isPartOf":{"@id":"https:\/\/valika.eu\/fi\/#website"},"primaryImageOfPage":{"@id":"https:\/\/valika.eu\/fi\/toode\/claresa-nuta-nuta-nuta-veekindel-vedel-silmalainer-4g\/#primaryimage"},"image":{"@id":"https:\/\/valika.eu\/toode\/claresa-nuta-nuta-nuta-veekindel-vedel-silmalainer-4g\/#primaryimage"},"thumbnailUrl":"https:\/\/valika.eu\/wp-content\/uploads\/2025\/01\/6267.jpg","datePublished":"2025-01-09T04:41:30+00:00","dateModified":"2025-07-02T02:03:13+00:00","breadcrumb":{"@id":"https:\/\/valika.eu\/fi\/toode\/claresa-nuta-nuta-nuta-veekindel-vedel-silmalainer-4g\/#breadcrumb"},"inLanguage":"fi","potentialAction":[{"@type":"ReadAction","target":[["https:\/\/valika.eu\/fi\/toode\/claresa-nuta-nuta-nuta-veekindel-vedel-silmalainer-4g\/"]]}]},{"@type":"ImageObject","inLanguage":"fi","@id":"https:\/\/valika.eu\/fi\/toode\/claresa-nuta-nuta-nuta-veekindel-vedel-silmalainer-4g\/#primaryimage","url":"https:\/\/valika.eu\/wp-content\/uploads\/2025\/01\/6267.jpg","contentUrl":"https:\/\/valika.eu\/wp-content\/uploads\/2025\/01\/6267.jpg","width":1500,"height":1500},{"@type":"BreadcrumbList","@id":"https:\/\/valika.eu\/fi\/toode\/claresa-nuta-nuta-nuta-veekindel-vedel-silmalainer-4g\/#breadcrumb","itemListElement":[{"@type":"ListItem","position":1,"name":"Koti","item":"https:\/\/valika.eu\/fi\/"},{"@type":"ListItem","position":2,"name":"Shop","item":"https:\/\/valika.eu\/fi\/"},{"@type":"ListItem","position":3,"name":"Claresa CRY BABY CRY! waterproof liquid eyeliner 4g"}]},{"@type":"WebSite","@id":"https:\/\/valika.eu\/fi\/#website","url":"https:\/\/valika.eu\/fi\/","name":"Valika.eu","description":"Salonkituotteet ja kauneudenhoitotuotteet - Valika tarjoaa laajan valikoiman tuotteita ja tarvikkeita kynsiteknikoille, kauneushoitoloille, kampaamoille ja kampaamoille.","publisher":{"@id":"https:\/\/valika.eu\/fi\/#organization"},"alternateName":"Valika","potentialAction":[{"@type":"SearchAction","target":{"@type":"EntryPoint","urlTemplate":"https:\/\/valika.eu\/fi\/?s={search_term_string}"},"query-input":{"@type":"PropertyValueSpecification","valueRequired":true,"valueName":"search_term_string"}}],"inLanguage":"fi"},{"@type":"Organization","@id":"https:\/\/valika.eu\/fi\/#organization","name":"Salongitoode O\u00dc","alternateName":"Valika","url":"https:\/\/valika.eu\/fi\/","logo":{"@type":"ImageObject","inLanguage":"fi","@id":"https:\/\/valika.eu\/fi\/#\/schema\/logo\/image\/","url":"https:\/\/valika.eu\/wp-content\/uploads\/2023\/11\/logo2-valika-footer.png","contentUrl":"https:\/\/valika.eu\/wp-content\/uploads\/2023\/11\/logo2-valika-footer.png","width":200,"height":129,"caption":"Salongitoode O\u00dc"},"image":{"@id":"https:\/\/valika.eu\/fi\/#\/schema\/logo\/image\/"},"sameAs":["https:\/\/www.facebook.com\/tipsi.net"]}]}},"jetpack_sharing_enabled":true,"_links":{"self":[{"href":"https:\/\/valika.eu\/fi\/wp-json\/wp\/v2\/product\/11394","targetHints":{"allow":["GET"]}}],"collection":[{"href":"https:\/\/valika.eu\/fi\/wp-json\/wp\/v2\/product"}],"about":[{"href":"https:\/\/valika.eu\/fi\/wp-json\/wp\/v2\/types\/product"}],"wp:featuredmedia":[{"embeddable":true,"href":"https:\/\/valika.eu\/fi\/wp-json\/wp\/v2\/media\/11393"}],"wp:attachment":[{"href":"https:\/\/valika.eu\/fi\/wp-json\/wp\/v2\/media?parent=11394"}],"wp:term":[{"taxonomy":"product_brand","embeddable":true,"href":"https:\/\/valika.eu\/fi\/wp-json\/wp\/v2\/product_brand?post=11394"},{"taxonomy":"product_cat","embeddable":true,"href":"https:\/\/valika.eu\/fi\/wp-json\/wp\/v2\/product_cat?post=11394"},{"taxonomy":"product_tag","embeddable":true,"href":"https:\/\/valika.eu\/fi\/wp-json\/wp\/v2\/product_tag?post=11394"}],"curies":[{"name":"wp","href":"https:\/\/api.w.org\/{rel}","templated":true}]}}