{"id":11400,"date":"2025-01-09T06:41:36","date_gmt":"2025-01-09T04:41:36","guid":{"rendered":"https:\/\/valika.eu\/toode\/claresa-tunnista-sobivus-tapne-vedel-silmalainer-4g\/"},"modified":"2025-07-02T05:03:13","modified_gmt":"2025-07-02T02:03:13","slug":"claresa-tunnista-sobivus-tapne-vedel-silmalainer-4g","status":"publish","type":"product","link":"https:\/\/valika.eu\/fi\/toode\/claresa-tunnista-sobivus-tapne-vedel-silmalainer-4g\/","title":{"rendered":"CLARESA TODELLA FITNESS! tarkka nestem\u00e4inen eyeliner 4g"},"content":{"rendered":"<p><strong>WITNESS THE FITNESS! on eyeliner<\/strong>, joka supertarkan siveltimens\u00e4 ansiosta takaa helpon ja mukavan levityksen. Se kuivuu nopeasti, on poikkeuksellisen pitk\u00e4kestoinen, ei murene, levi\u00e4 tai valu ripsirajasta. Tarkkuutta tukeva, moderni koostumus mahdollistaa sek\u00e4 ohuen ett\u00e4 paksun, dramaattisen viivan, ja kaunis syv\u00e4 musta korostaa silm\u00e4\u00e4 t\u00e4ydellisesti sek\u00e4 p\u00e4iv\u00e4- ett\u00e4 iltameikiss\u00e4.<\/p>\n<p><strong>HAUSKA FAKTA:<\/strong><br \/>\nKoostumus ei sis\u00e4ll\u00e4 el\u00e4inper\u00e4isi\u00e4 ainesosia, alkoholia, mikromuoveja tai hajusteita.<\/p>\n<p><strong>SOVELLUS:<\/strong><br \/>\nLevit\u00e4 puuteroidulle tai luomiv\u00e4rill\u00e4 peitetylle luomelle.<\/p>\n<p><strong>MEIKKITAITEILIJAN VINKKI:<\/strong><br \/>\n@zmalowana neuvoo: M\u00e4\u00e4ritt\u00e4\u00e4ksesi t\u00e4ydellisen kulman siivelle, ved\u00e4 viiva liikkuvan luomen yli ja pid\u00e4 tauko ripsiv\u00e4rin levitt\u00e4miseen. Ulkonurkan ripsiv\u00e4rill\u00e4 p\u00e4\u00e4llystetyt ripset osoittavat kulman, johon siipi tulee piirt\u00e4\u00e4 \u2013 sen alareunan tulisi seurata ripsien nostokulmaa ja luoda lis\u00e4viiva, joka jatkaa ripsirajaa sen ulkop\u00e4\u00e4ss\u00e4.<\/p>","protected":false},"excerpt":{"rendered":"<p>WITNESS THE FITNESS! on eyeliner, joka supertarkan siveltimens\u00e4 ansiosta takaa helpon ja mukavan levityksen. Se kuivuu nopeasti, on poikkeuksellisen pitk\u00e4kestoinen,<\/p>\n","protected":false},"featured_media":11399,"template":"","meta":[],"product_brand":[],"product_cat":[680],"product_tag":[],"class_list":{"0":"post-11400","1":"product","2":"type-product","3":"status-publish","4":"has-post-thumbnail","6":"product_cat-eyeliner","8":"first","9":"instock","10":"taxable","11":"shipping-taxable","12":"purchasable","13":"product-type-simple"},"yoast_head":"<!-- This site is optimized with the Yoast SEO plugin v24.4 - https:\/\/yoast.com\/wordpress\/plugins\/seo\/ -->\n<title>CLARESA TODELLA FITNESS! tarkka nestem\u00e4inen eyeliner 4g | Valika<\/title>\n<meta name=\"robots\" content=\"index, follow, max-snippet:-1, max-image-preview:large, max-video-preview:-1\" \/>\n<link rel=\"canonical\" href=\"https:\/\/valika.eu\/fi\/toode\/claresa-tunnista-sobivus-tapne-vedel-silmalainer-4g\/\" \/>\n<meta property=\"og:locale\" content=\"fi_FI\" \/>\n<meta property=\"og:type\" content=\"article\" \/>\n<meta property=\"og:title\" content=\"CLARESA TODELLA FITNESS! tarkka nestem\u00e4inen eyeliner 4g | Valika\" \/>\n<meta property=\"og:description\" content=\"WITNESS THE FITNESS! on eyeliner, joka supertarkan siveltimens\u00e4 ansiosta takaa helpon ja mukavan levityksen. Se kuivuu nopeasti, on poikkeuksellisen pitk\u00e4kestoinen,\" \/>\n<meta property=\"og:url\" content=\"https:\/\/valika.eu\/fi\/toode\/claresa-tunnista-sobivus-tapne-vedel-silmalainer-4g\/\" \/>\n<meta property=\"og:site_name\" content=\"Valika\" \/>\n<meta property=\"article:publisher\" content=\"https:\/\/www.facebook.com\/tipsi.net\" \/>\n<meta property=\"article:modified_time\" content=\"2025-07-02T02:03:13+00:00\" \/>\n<meta property=\"og:image\" content=\"https:\/\/valika.eu\/wp-content\/uploads\/2025\/01\/6268.png\" \/>\n\t<meta property=\"og:image:width\" content=\"1500\" \/>\n\t<meta property=\"og:image:height\" content=\"1500\" \/>\n\t<meta property=\"og:image:type\" content=\"image\/png\" \/>\n<meta name=\"twitter:card\" content=\"summary_large_image\" \/>\n<script type=\"application\/ld+json\" class=\"yoast-schema-graph\">{\"@context\":\"https:\/\/schema.org\",\"@graph\":[{\"@type\":\"WebPage\",\"@id\":\"https:\/\/valika.eu\/fi\/toode\/claresa-tunnista-sobivus-tapne-vedel-silmalainer-4g\/\",\"url\":\"https:\/\/valika.eu\/fi\/toode\/claresa-tunnista-sobivus-tapne-vedel-silmalainer-4g\/\",\"name\":\"CLARESA TODELLA FITNESS! tarkka nestem\u00e4inen eyeliner 4g | Valika\",\"isPartOf\":{\"@id\":\"https:\/\/valika.eu\/fi\/#website\"},\"primaryImageOfPage\":{\"@id\":\"https:\/\/valika.eu\/fi\/toode\/claresa-tunnista-sobivus-tapne-vedel-silmalainer-4g\/#primaryimage\"},\"image\":{\"@id\":\"https:\/\/valika.eu\/toode\/claresa-tunnista-sobivus-tapne-vedel-silmalainer-4g\/#primaryimage\"},\"thumbnailUrl\":\"https:\/\/valika.eu\/wp-content\/uploads\/2025\/01\/6268.png\",\"datePublished\":\"2025-01-09T04:41:36+00:00\",\"dateModified\":\"2025-07-02T02:03:13+00:00\",\"breadcrumb\":{\"@id\":\"https:\/\/valika.eu\/fi\/toode\/claresa-tunnista-sobivus-tapne-vedel-silmalainer-4g\/#breadcrumb\"},\"inLanguage\":\"fi\",\"potentialAction\":[{\"@type\":\"ReadAction\",\"target\":[[\"https:\/\/valika.eu\/fi\/toode\/claresa-tunnista-sobivus-tapne-vedel-silmalainer-4g\/\"]]}]},{\"@type\":\"ImageObject\",\"inLanguage\":\"fi\",\"@id\":\"https:\/\/valika.eu\/fi\/toode\/claresa-tunnista-sobivus-tapne-vedel-silmalainer-4g\/#primaryimage\",\"url\":\"https:\/\/valika.eu\/wp-content\/uploads\/2025\/01\/6268.png\",\"contentUrl\":\"https:\/\/valika.eu\/wp-content\/uploads\/2025\/01\/6268.png\",\"width\":1500,\"height\":1500},{\"@type\":\"BreadcrumbList\",\"@id\":\"https:\/\/valika.eu\/fi\/toode\/claresa-tunnista-sobivus-tapne-vedel-silmalainer-4g\/#breadcrumb\",\"itemListElement\":[{\"@type\":\"ListItem\",\"position\":1,\"name\":\"Koti\",\"item\":\"https:\/\/valika.eu\/fi\/\"},{\"@type\":\"ListItem\",\"position\":2,\"name\":\"Shop\",\"item\":\"https:\/\/valika.eu\/fi\/\"},{\"@type\":\"ListItem\",\"position\":3,\"name\":\"CLARESA WITNESS THE FITNESS! precise liquid eyeliner 4g\"}]},{\"@type\":\"WebSite\",\"@id\":\"https:\/\/valika.eu\/fi\/#website\",\"url\":\"https:\/\/valika.eu\/fi\/\",\"name\":\"Valika.eu\",\"description\":\"Salonkituotteet ja kauneudenhoitotuotteet - Valika tarjoaa laajan valikoiman tuotteita ja tarvikkeita kynsiteknikoille, kauneushoitoloille, kampaamoille ja kampaamoille.\",\"publisher\":{\"@id\":\"https:\/\/valika.eu\/fi\/#organization\"},\"alternateName\":\"Valika\",\"potentialAction\":[{\"@type\":\"SearchAction\",\"target\":{\"@type\":\"EntryPoint\",\"urlTemplate\":\"https:\/\/valika.eu\/fi\/?s={search_term_string}\"},\"query-input\":{\"@type\":\"PropertyValueSpecification\",\"valueRequired\":true,\"valueName\":\"search_term_string\"}}],\"inLanguage\":\"fi\"},{\"@type\":\"Organization\",\"@id\":\"https:\/\/valika.eu\/fi\/#organization\",\"name\":\"Salongitoode O\u00dc\",\"alternateName\":\"Valika\",\"url\":\"https:\/\/valika.eu\/fi\/\",\"logo\":{\"@type\":\"ImageObject\",\"inLanguage\":\"fi\",\"@id\":\"https:\/\/valika.eu\/fi\/#\/schema\/logo\/image\/\",\"url\":\"https:\/\/valika.eu\/wp-content\/uploads\/2023\/11\/logo2-valika-footer.png\",\"contentUrl\":\"https:\/\/valika.eu\/wp-content\/uploads\/2023\/11\/logo2-valika-footer.png\",\"width\":200,\"height\":129,\"caption\":\"Salongitoode O\u00dc\"},\"image\":{\"@id\":\"https:\/\/valika.eu\/fi\/#\/schema\/logo\/image\/\"},\"sameAs\":[\"https:\/\/www.facebook.com\/tipsi.net\"]}]}<\/script>\n<!-- \/ Yoast SEO plugin. -->","yoast_head_json":{"title":"CLARESA TODELLA FITNESS! tarkka nestem\u00e4inen eyeliner 4g | Valika","robots":{"index":"index","follow":"follow","max-snippet":"max-snippet:-1","max-image-preview":"max-image-preview:large","max-video-preview":"max-video-preview:-1"},"canonical":"https:\/\/valika.eu\/fi\/toode\/claresa-tunnista-sobivus-tapne-vedel-silmalainer-4g\/","og_locale":"fi_FI","og_type":"article","og_title":"CLARESA TODELLA FITNESS! tarkka nestem\u00e4inen eyeliner 4g | Valika","og_description":"WITNESS THE FITNESS! on eyeliner, joka supertarkan siveltimens\u00e4 ansiosta takaa helpon ja mukavan levityksen. Se kuivuu nopeasti, on poikkeuksellisen pitk\u00e4kestoinen,","og_url":"https:\/\/valika.eu\/fi\/toode\/claresa-tunnista-sobivus-tapne-vedel-silmalainer-4g\/","og_site_name":"Valika","article_publisher":"https:\/\/www.facebook.com\/tipsi.net","article_modified_time":"2025-07-02T02:03:13+00:00","og_image":[{"width":1500,"height":1500,"url":"https:\/\/valika.eu\/wp-content\/uploads\/2025\/01\/6268.png","type":"image\/png"}],"twitter_card":"summary_large_image","schema":{"@context":"https:\/\/schema.org","@graph":[{"@type":"WebPage","@id":"https:\/\/valika.eu\/fi\/toode\/claresa-tunnista-sobivus-tapne-vedel-silmalainer-4g\/","url":"https:\/\/valika.eu\/fi\/toode\/claresa-tunnista-sobivus-tapne-vedel-silmalainer-4g\/","name":"CLARESA TODELLA FITNESS! tarkka nestem\u00e4inen eyeliner 4g | Valika","isPartOf":{"@id":"https:\/\/valika.eu\/fi\/#website"},"primaryImageOfPage":{"@id":"https:\/\/valika.eu\/fi\/toode\/claresa-tunnista-sobivus-tapne-vedel-silmalainer-4g\/#primaryimage"},"image":{"@id":"https:\/\/valika.eu\/toode\/claresa-tunnista-sobivus-tapne-vedel-silmalainer-4g\/#primaryimage"},"thumbnailUrl":"https:\/\/valika.eu\/wp-content\/uploads\/2025\/01\/6268.png","datePublished":"2025-01-09T04:41:36+00:00","dateModified":"2025-07-02T02:03:13+00:00","breadcrumb":{"@id":"https:\/\/valika.eu\/fi\/toode\/claresa-tunnista-sobivus-tapne-vedel-silmalainer-4g\/#breadcrumb"},"inLanguage":"fi","potentialAction":[{"@type":"ReadAction","target":[["https:\/\/valika.eu\/fi\/toode\/claresa-tunnista-sobivus-tapne-vedel-silmalainer-4g\/"]]}]},{"@type":"ImageObject","inLanguage":"fi","@id":"https:\/\/valika.eu\/fi\/toode\/claresa-tunnista-sobivus-tapne-vedel-silmalainer-4g\/#primaryimage","url":"https:\/\/valika.eu\/wp-content\/uploads\/2025\/01\/6268.png","contentUrl":"https:\/\/valika.eu\/wp-content\/uploads\/2025\/01\/6268.png","width":1500,"height":1500},{"@type":"BreadcrumbList","@id":"https:\/\/valika.eu\/fi\/toode\/claresa-tunnista-sobivus-tapne-vedel-silmalainer-4g\/#breadcrumb","itemListElement":[{"@type":"ListItem","position":1,"name":"Koti","item":"https:\/\/valika.eu\/fi\/"},{"@type":"ListItem","position":2,"name":"Shop","item":"https:\/\/valika.eu\/fi\/"},{"@type":"ListItem","position":3,"name":"CLARESA WITNESS THE FITNESS! precise liquid eyeliner 4g"}]},{"@type":"WebSite","@id":"https:\/\/valika.eu\/fi\/#website","url":"https:\/\/valika.eu\/fi\/","name":"Valika.eu","description":"Salonkituotteet ja kauneudenhoitotuotteet - Valika tarjoaa laajan valikoiman tuotteita ja tarvikkeita kynsiteknikoille, kauneushoitoloille, kampaamoille ja kampaamoille.","publisher":{"@id":"https:\/\/valika.eu\/fi\/#organization"},"alternateName":"Valika","potentialAction":[{"@type":"SearchAction","target":{"@type":"EntryPoint","urlTemplate":"https:\/\/valika.eu\/fi\/?s={search_term_string}"},"query-input":{"@type":"PropertyValueSpecification","valueRequired":true,"valueName":"search_term_string"}}],"inLanguage":"fi"},{"@type":"Organization","@id":"https:\/\/valika.eu\/fi\/#organization","name":"Salongitoode O\u00dc","alternateName":"Valika","url":"https:\/\/valika.eu\/fi\/","logo":{"@type":"ImageObject","inLanguage":"fi","@id":"https:\/\/valika.eu\/fi\/#\/schema\/logo\/image\/","url":"https:\/\/valika.eu\/wp-content\/uploads\/2023\/11\/logo2-valika-footer.png","contentUrl":"https:\/\/valika.eu\/wp-content\/uploads\/2023\/11\/logo2-valika-footer.png","width":200,"height":129,"caption":"Salongitoode O\u00dc"},"image":{"@id":"https:\/\/valika.eu\/fi\/#\/schema\/logo\/image\/"},"sameAs":["https:\/\/www.facebook.com\/tipsi.net"]}]}},"jetpack_sharing_enabled":true,"_links":{"self":[{"href":"https:\/\/valika.eu\/fi\/wp-json\/wp\/v2\/product\/11400","targetHints":{"allow":["GET"]}}],"collection":[{"href":"https:\/\/valika.eu\/fi\/wp-json\/wp\/v2\/product"}],"about":[{"href":"https:\/\/valika.eu\/fi\/wp-json\/wp\/v2\/types\/product"}],"wp:featuredmedia":[{"embeddable":true,"href":"https:\/\/valika.eu\/fi\/wp-json\/wp\/v2\/media\/11399"}],"wp:attachment":[{"href":"https:\/\/valika.eu\/fi\/wp-json\/wp\/v2\/media?parent=11400"}],"wp:term":[{"taxonomy":"product_brand","embeddable":true,"href":"https:\/\/valika.eu\/fi\/wp-json\/wp\/v2\/product_brand?post=11400"},{"taxonomy":"product_cat","embeddable":true,"href":"https:\/\/valika.eu\/fi\/wp-json\/wp\/v2\/product_cat?post=11400"},{"taxonomy":"product_tag","embeddable":true,"href":"https:\/\/valika.eu\/fi\/wp-json\/wp\/v2\/product_tag?post=11400"}],"curies":[{"name":"wp","href":"https:\/\/api.w.org\/{rel}","templated":true}]}}