{"id":11411,"date":"2025-01-09T06:41:48","date_gmt":"2025-01-09T04:41:48","guid":{"rendered":"https:\/\/valika.eu\/toode\/claresa-matte-by-nature-matt-vedel-silmalainer-4g\/"},"modified":"2025-09-03T15:18:27","modified_gmt":"2025-09-03T12:18:27","slug":"claresa-matte-by-nature-matt-vedel-silmalainer-4g","status":"publish","type":"product","link":"https:\/\/valika.eu\/fi\/toode\/claresa-matte-by-nature-matt-vedel-silmalainer-4g\/","title":{"rendered":"CLARESA MATTE BY NATURE mattan nestem\u00e4inen eyeliner 4g"},"content":{"rendered":"<p><strong>100% mattapintainen eyeliner<\/strong>, joka erottuu t\u00e4ydellisesti pigmentoidulla ja nopeasti kuivuvalla koostumuksellaan, joka ei suttaannu, haalistu tai j\u00e4t\u00e4 aukkoja p\u00e4iv\u00e4n aikana. Tarkka sivellin mahdollistaa mink\u00e4 tahansa meikkityylin luomisen, hienovaraisesta ripsirajan korostuksesta dramaattiseen siipeen. MATTE BY NATURE on tapa saavuttaa t\u00e4ydellinen silm\u00e4meikki sek\u00e4 p\u00e4iv\u00e4ksi ett\u00e4 illaksi.<\/p>\n<p><strong>HAUSKA FAKTA:<\/strong><br \/>\nKoostumus on rikastettu glyseriinill\u00e4, joka pehment\u00e4\u00e4 orvaskett\u00e4 ja rauhoittaa \u00e4rsytyksi\u00e4, t\u00e4ytt\u00e4\u00e4 ryppyj\u00e4, lis\u00e4\u00e4 ihon kimmoisuutta ja kiinteytt\u00e4, nopeuttaa uudistumis- ja uusiutumisprosesseja sek\u00e4 tarjoaa syv\u00e4\u00e4 ja pitk\u00e4kestoista kosteutusta.<\/p>\n<p><strong>SOVELLUS:<\/strong><br \/>\nLevit\u00e4 puuteroiduille tai luomiv\u00e4rill\u00e4 peitetyille luomille.<\/p>\n<p><strong>MEIKKITAITEILIJAN VINKKI:<\/strong><br \/>\nJos levit\u00e4t jotain rasvaista (peitevoide, pohjustus tai jopa voide!) luomillesi, muista kiinnitt\u00e4\u00e4 se puuterilla tai luomiv\u00e4rill\u00e4. T\u00e4m\u00e4 varmistaa, ett\u00e4 rajaus pysyy paikoillaan eik\u00e4 suttaannu p\u00e4iv\u00e4n aikana.<\/p>","protected":false},"excerpt":{"rendered":"<p>100% mattapintainen eyeliner, joka erottuu t\u00e4ydellisesti pigmentoidulla ja nopeasti kuivuvalla koostumuksellaan, joka ei suttaannu, haalistu tai j\u00e4t\u00e4 aukkoja p\u00e4iv\u00e4n aikana.<\/p>\n","protected":false},"featured_media":11410,"template":"","meta":[],"product_brand":[],"product_cat":[680],"product_tag":[],"class_list":{"0":"post-11411","1":"product","2":"type-product","3":"status-publish","4":"has-post-thumbnail","6":"product_cat-eyeliner","8":"first","9":"instock","10":"taxable","11":"shipping-taxable","12":"purchasable","13":"product-type-simple"},"yoast_head":"<!-- This site is optimized with the Yoast SEO plugin v24.4 - https:\/\/yoast.com\/wordpress\/plugins\/seo\/ -->\n<title>CLARESA MATTE BY NATURE mattan nestem\u00e4inen eyeliner 4g | Valika<\/title>\n<meta name=\"robots\" content=\"index, follow, max-snippet:-1, max-image-preview:large, max-video-preview:-1\" \/>\n<link rel=\"canonical\" href=\"https:\/\/valika.eu\/fi\/toode\/claresa-matte-by-nature-matt-vedel-silmalainer-4g\/\" \/>\n<meta property=\"og:locale\" content=\"fi_FI\" \/>\n<meta property=\"og:type\" content=\"article\" \/>\n<meta property=\"og:title\" content=\"CLARESA MATTE BY NATURE mattan nestem\u00e4inen eyeliner 4g | Valika\" \/>\n<meta property=\"og:description\" content=\"100% mattapintainen eyeliner, joka erottuu t\u00e4ydellisesti pigmentoidulla ja nopeasti kuivuvalla koostumuksellaan, joka ei suttaannu, haalistu tai j\u00e4t\u00e4 aukkoja p\u00e4iv\u00e4n aikana.\" \/>\n<meta property=\"og:url\" content=\"https:\/\/valika.eu\/fi\/toode\/claresa-matte-by-nature-matt-vedel-silmalainer-4g\/\" \/>\n<meta property=\"og:site_name\" content=\"Valika\" \/>\n<meta property=\"article:publisher\" content=\"https:\/\/www.facebook.com\/tipsi.net\" \/>\n<meta property=\"article:modified_time\" content=\"2025-09-03T12:18:27+00:00\" \/>\n<meta property=\"og:image\" content=\"https:\/\/valika.eu\/wp-content\/uploads\/2025\/01\/6270.jpg\" \/>\n\t<meta property=\"og:image:width\" content=\"1500\" \/>\n\t<meta property=\"og:image:height\" content=\"1500\" \/>\n\t<meta property=\"og:image:type\" content=\"image\/jpeg\" \/>\n<meta name=\"twitter:card\" content=\"summary_large_image\" \/>\n<script type=\"application\/ld+json\" class=\"yoast-schema-graph\">{\"@context\":\"https:\/\/schema.org\",\"@graph\":[{\"@type\":\"WebPage\",\"@id\":\"https:\/\/valika.eu\/fi\/toode\/claresa-matte-by-nature-matt-vedel-silmalainer-4g\/\",\"url\":\"https:\/\/valika.eu\/fi\/toode\/claresa-matte-by-nature-matt-vedel-silmalainer-4g\/\",\"name\":\"CLARESA MATTE BY NATURE mattan nestem\u00e4inen eyeliner 4g | Valika\",\"isPartOf\":{\"@id\":\"https:\/\/valika.eu\/fi\/#website\"},\"primaryImageOfPage\":{\"@id\":\"https:\/\/valika.eu\/fi\/toode\/claresa-matte-by-nature-matt-vedel-silmalainer-4g\/#primaryimage\"},\"image\":{\"@id\":\"https:\/\/valika.eu\/toode\/claresa-matte-by-nature-matt-vedel-silmalainer-4g\/#primaryimage\"},\"thumbnailUrl\":\"https:\/\/valika.eu\/wp-content\/uploads\/2025\/01\/6270.jpg\",\"datePublished\":\"2025-01-09T04:41:48+00:00\",\"dateModified\":\"2025-09-03T12:18:27+00:00\",\"breadcrumb\":{\"@id\":\"https:\/\/valika.eu\/fi\/toode\/claresa-matte-by-nature-matt-vedel-silmalainer-4g\/#breadcrumb\"},\"inLanguage\":\"fi\",\"potentialAction\":[{\"@type\":\"ReadAction\",\"target\":[[\"https:\/\/valika.eu\/fi\/toode\/claresa-matte-by-nature-matt-vedel-silmalainer-4g\/\"]]}]},{\"@type\":\"ImageObject\",\"inLanguage\":\"fi\",\"@id\":\"https:\/\/valika.eu\/fi\/toode\/claresa-matte-by-nature-matt-vedel-silmalainer-4g\/#primaryimage\",\"url\":\"https:\/\/valika.eu\/wp-content\/uploads\/2025\/01\/6270.jpg\",\"contentUrl\":\"https:\/\/valika.eu\/wp-content\/uploads\/2025\/01\/6270.jpg\",\"width\":1500,\"height\":1500},{\"@type\":\"BreadcrumbList\",\"@id\":\"https:\/\/valika.eu\/fi\/toode\/claresa-matte-by-nature-matt-vedel-silmalainer-4g\/#breadcrumb\",\"itemListElement\":[{\"@type\":\"ListItem\",\"position\":1,\"name\":\"Koti\",\"item\":\"https:\/\/valika.eu\/fi\/\"},{\"@type\":\"ListItem\",\"position\":2,\"name\":\"Shop\",\"item\":\"https:\/\/valika.eu\/fi\/\"},{\"@type\":\"ListItem\",\"position\":3,\"name\":\"CLARESA MATTE BY NATURE matte liquid eyeliner 4g\"}]},{\"@type\":\"WebSite\",\"@id\":\"https:\/\/valika.eu\/fi\/#website\",\"url\":\"https:\/\/valika.eu\/fi\/\",\"name\":\"Valika.eu\",\"description\":\"Salonkituotteet ja kauneudenhoitotuotteet - Valika tarjoaa laajan valikoiman tuotteita ja tarvikkeita kynsiteknikoille, kauneushoitoloille, kampaamoille ja kampaamoille.\",\"publisher\":{\"@id\":\"https:\/\/valika.eu\/fi\/#organization\"},\"alternateName\":\"Valika\",\"potentialAction\":[{\"@type\":\"SearchAction\",\"target\":{\"@type\":\"EntryPoint\",\"urlTemplate\":\"https:\/\/valika.eu\/fi\/?s={search_term_string}\"},\"query-input\":{\"@type\":\"PropertyValueSpecification\",\"valueRequired\":true,\"valueName\":\"search_term_string\"}}],\"inLanguage\":\"fi\"},{\"@type\":\"Organization\",\"@id\":\"https:\/\/valika.eu\/fi\/#organization\",\"name\":\"Salongitoode O\u00dc\",\"alternateName\":\"Valika\",\"url\":\"https:\/\/valika.eu\/fi\/\",\"logo\":{\"@type\":\"ImageObject\",\"inLanguage\":\"fi\",\"@id\":\"https:\/\/valika.eu\/fi\/#\/schema\/logo\/image\/\",\"url\":\"https:\/\/valika.eu\/wp-content\/uploads\/2023\/11\/logo2-valika-footer.png\",\"contentUrl\":\"https:\/\/valika.eu\/wp-content\/uploads\/2023\/11\/logo2-valika-footer.png\",\"width\":200,\"height\":129,\"caption\":\"Salongitoode O\u00dc\"},\"image\":{\"@id\":\"https:\/\/valika.eu\/fi\/#\/schema\/logo\/image\/\"},\"sameAs\":[\"https:\/\/www.facebook.com\/tipsi.net\"]}]}<\/script>\n<!-- \/ Yoast SEO plugin. -->","yoast_head_json":{"title":"CLARESA MATTE BY NATURE mattan nestem\u00e4inen eyeliner 4g | Valika","robots":{"index":"index","follow":"follow","max-snippet":"max-snippet:-1","max-image-preview":"max-image-preview:large","max-video-preview":"max-video-preview:-1"},"canonical":"https:\/\/valika.eu\/fi\/toode\/claresa-matte-by-nature-matt-vedel-silmalainer-4g\/","og_locale":"fi_FI","og_type":"article","og_title":"CLARESA MATTE BY NATURE mattan nestem\u00e4inen eyeliner 4g | Valika","og_description":"100% mattapintainen eyeliner, joka erottuu t\u00e4ydellisesti pigmentoidulla ja nopeasti kuivuvalla koostumuksellaan, joka ei suttaannu, haalistu tai j\u00e4t\u00e4 aukkoja p\u00e4iv\u00e4n aikana.","og_url":"https:\/\/valika.eu\/fi\/toode\/claresa-matte-by-nature-matt-vedel-silmalainer-4g\/","og_site_name":"Valika","article_publisher":"https:\/\/www.facebook.com\/tipsi.net","article_modified_time":"2025-09-03T12:18:27+00:00","og_image":[{"width":1500,"height":1500,"url":"https:\/\/valika.eu\/wp-content\/uploads\/2025\/01\/6270.jpg","type":"image\/jpeg"}],"twitter_card":"summary_large_image","schema":{"@context":"https:\/\/schema.org","@graph":[{"@type":"WebPage","@id":"https:\/\/valika.eu\/fi\/toode\/claresa-matte-by-nature-matt-vedel-silmalainer-4g\/","url":"https:\/\/valika.eu\/fi\/toode\/claresa-matte-by-nature-matt-vedel-silmalainer-4g\/","name":"CLARESA MATTE BY NATURE mattan nestem\u00e4inen eyeliner 4g | Valika","isPartOf":{"@id":"https:\/\/valika.eu\/fi\/#website"},"primaryImageOfPage":{"@id":"https:\/\/valika.eu\/fi\/toode\/claresa-matte-by-nature-matt-vedel-silmalainer-4g\/#primaryimage"},"image":{"@id":"https:\/\/valika.eu\/toode\/claresa-matte-by-nature-matt-vedel-silmalainer-4g\/#primaryimage"},"thumbnailUrl":"https:\/\/valika.eu\/wp-content\/uploads\/2025\/01\/6270.jpg","datePublished":"2025-01-09T04:41:48+00:00","dateModified":"2025-09-03T12:18:27+00:00","breadcrumb":{"@id":"https:\/\/valika.eu\/fi\/toode\/claresa-matte-by-nature-matt-vedel-silmalainer-4g\/#breadcrumb"},"inLanguage":"fi","potentialAction":[{"@type":"ReadAction","target":[["https:\/\/valika.eu\/fi\/toode\/claresa-matte-by-nature-matt-vedel-silmalainer-4g\/"]]}]},{"@type":"ImageObject","inLanguage":"fi","@id":"https:\/\/valika.eu\/fi\/toode\/claresa-matte-by-nature-matt-vedel-silmalainer-4g\/#primaryimage","url":"https:\/\/valika.eu\/wp-content\/uploads\/2025\/01\/6270.jpg","contentUrl":"https:\/\/valika.eu\/wp-content\/uploads\/2025\/01\/6270.jpg","width":1500,"height":1500},{"@type":"BreadcrumbList","@id":"https:\/\/valika.eu\/fi\/toode\/claresa-matte-by-nature-matt-vedel-silmalainer-4g\/#breadcrumb","itemListElement":[{"@type":"ListItem","position":1,"name":"Koti","item":"https:\/\/valika.eu\/fi\/"},{"@type":"ListItem","position":2,"name":"Shop","item":"https:\/\/valika.eu\/fi\/"},{"@type":"ListItem","position":3,"name":"CLARESA MATTE BY NATURE matte liquid eyeliner 4g"}]},{"@type":"WebSite","@id":"https:\/\/valika.eu\/fi\/#website","url":"https:\/\/valika.eu\/fi\/","name":"Valika.eu","description":"Salonkituotteet ja kauneudenhoitotuotteet - Valika tarjoaa laajan valikoiman tuotteita ja tarvikkeita kynsiteknikoille, kauneushoitoloille, kampaamoille ja kampaamoille.","publisher":{"@id":"https:\/\/valika.eu\/fi\/#organization"},"alternateName":"Valika","potentialAction":[{"@type":"SearchAction","target":{"@type":"EntryPoint","urlTemplate":"https:\/\/valika.eu\/fi\/?s={search_term_string}"},"query-input":{"@type":"PropertyValueSpecification","valueRequired":true,"valueName":"search_term_string"}}],"inLanguage":"fi"},{"@type":"Organization","@id":"https:\/\/valika.eu\/fi\/#organization","name":"Salongitoode O\u00dc","alternateName":"Valika","url":"https:\/\/valika.eu\/fi\/","logo":{"@type":"ImageObject","inLanguage":"fi","@id":"https:\/\/valika.eu\/fi\/#\/schema\/logo\/image\/","url":"https:\/\/valika.eu\/wp-content\/uploads\/2023\/11\/logo2-valika-footer.png","contentUrl":"https:\/\/valika.eu\/wp-content\/uploads\/2023\/11\/logo2-valika-footer.png","width":200,"height":129,"caption":"Salongitoode O\u00dc"},"image":{"@id":"https:\/\/valika.eu\/fi\/#\/schema\/logo\/image\/"},"sameAs":["https:\/\/www.facebook.com\/tipsi.net"]}]}},"jetpack_sharing_enabled":true,"_links":{"self":[{"href":"https:\/\/valika.eu\/fi\/wp-json\/wp\/v2\/product\/11411","targetHints":{"allow":["GET"]}}],"collection":[{"href":"https:\/\/valika.eu\/fi\/wp-json\/wp\/v2\/product"}],"about":[{"href":"https:\/\/valika.eu\/fi\/wp-json\/wp\/v2\/types\/product"}],"wp:featuredmedia":[{"embeddable":true,"href":"https:\/\/valika.eu\/fi\/wp-json\/wp\/v2\/media\/11410"}],"wp:attachment":[{"href":"https:\/\/valika.eu\/fi\/wp-json\/wp\/v2\/media?parent=11411"}],"wp:term":[{"taxonomy":"product_brand","embeddable":true,"href":"https:\/\/valika.eu\/fi\/wp-json\/wp\/v2\/product_brand?post=11411"},{"taxonomy":"product_cat","embeddable":true,"href":"https:\/\/valika.eu\/fi\/wp-json\/wp\/v2\/product_cat?post=11411"},{"taxonomy":"product_tag","embeddable":true,"href":"https:\/\/valika.eu\/fi\/wp-json\/wp\/v2\/product_tag?post=11411"}],"curies":[{"name":"wp","href":"https:\/\/api.w.org\/{rel}","templated":true}]}}