{"id":11417,"date":"2025-01-09T06:41:55","date_gmt":"2025-01-09T04:41:55","guid":{"rendered":"https:\/\/valika.eu\/toode\/claresa-silmalainer-line-so-fine-pruun-08-g\/"},"modified":"2025-07-02T05:03:13","modified_gmt":"2025-07-02T02:03:13","slug":"claresa-silmalainer-line-so-fine-pruun-08-g","status":"publish","type":"product","link":"https:\/\/valika.eu\/fi\/toode\/claresa-silmalainer-line-so-fine-pruun-08-g\/","title":{"rendered":"CLARESA EYELINER LINE SO FINE BROWN 0,8 g"},"content":{"rendered":"<p>LINE SO FINE RUSKEA SILM\u00c4RAJAUS<\/p>\n<p>Tutustu uuteen aarteeseemme silm\u00e4nrajauskynien joukossa \u2013 suosittuun mustaan klassikkoon Line So Fine -silm\u00e4nrajauskyn\u00e4\u00e4n ruskeana versiona! T\u00e4m\u00e4 uusi versio vie silm\u00e4meikkisi aivan uudelle tasolle, lis\u00e4ten hienovaraisuutta ja luonnollista vieh\u00e4tyst\u00e4. Ruskea s\u00e4vy on t\u00e4ydellinen valinta niille, jotka haluavat hienovaraisemman silm\u00e4korostuksen ja haluavat lis\u00e4t\u00e4 syvyytt\u00e4 ja m\u00e4\u00e4ritelm\u00e4\u00e4 ilman ter\u00e4v\u00e4n kontrastin vaikutusta.<\/p>\n<p>Ruskea Line So Fine -silm\u00e4nrajauskyn\u00e4 on t\u00e4ydellinen ty\u00f6kalu tarkkojen, aistillisten viivojen luomiseen silm\u00e4luomille. Sen sivellink\u00e4rki tarjoaa t\u00e4yden hallinnan levityksess\u00e4, jolloin voit saavuttaa t\u00e4ydelliset viivat yhdell\u00e4 vedolla. Eritt\u00e4in pigmentoitu koostumus on pitk\u00e4kestoinen, tahraamaton ja kulutusta kest\u00e4v\u00e4, mik\u00e4 tarkoittaa, ett\u00e4 voit nauttia luotettavasta meikist\u00e4 koko p\u00e4iv\u00e4n!<\/p>\n<p>HAUSKA FAKTA<\/p>\n<p>Tuotteen vegaaninen koostumus on hajusteeton eik\u00e4 sis\u00e4ll\u00e4 alkoholia tai mikromuoveja.<\/p>\n<p>LEVITYS<\/p>\n<p>Ohjaa kyn\u00e4\u00e4 pitkin ripsirajaa aloittaen yl\u00e4luomen keskelt\u00e4 ja liikkuen kohti ulkokulmaa. Yhdist\u00e4 sitten sis\u00e4kulmaan luoden ohut, tarkka viiva. Jos haluat pident\u00e4\u00e4 viivaa \u2013 tee se silm\u00e4t auki, katsoen suoraan eteenp\u00e4in, ilman ett\u00e4 nostat kulmakarvoja tai venyt\u00e4t silm\u00e4luomea. T\u00e4m\u00e4 auttaa sinua s\u00e4ilytt\u00e4m\u00e4\u00e4n symmetrian ja oikean kulman.<\/p>\n<p>MEIKKITAITEILIJAN VINKKI<\/p>\n<p>Oletko tuttu &#8220;tightlining&#8221;-tekniikan kanssa? Ruskea Line So Fine -silm\u00e4nrajauskyn\u00e4 on loistava valinta kokeilla sit\u00e4! Tightlining on silm\u00e4nrajauskyn\u00e4n levitysmenetelm\u00e4, joka luo vaikutelman t\u00e4ytel\u00e4isemmist\u00e4 ja paksummista ripsist\u00e4 ilman tarvetta luoda erottuvaa viivaa yl\u00e4luomelle. Miten se tehd\u00e4\u00e4n? Nosta varovasti yl\u00e4luomea sormellasi paljastaaksesi ripsirajan. Ripsien tyven tulisi olla n\u00e4kyviss\u00e4. Pid\u00e4 sitten kyn\u00e4\u00e4 vaakasuorassa ja t\u00e4yt\u00e4 ripsien v\u00e4liset tilat keskittyen niiden tyveen. Luo ohut viiva levitt\u00e4m\u00e4ll\u00e4 silm\u00e4nrajauskyn\u00e4\u00e4 hell\u00e4varaisesti ja tarkasti lyhyill\u00e4 vedoilla. T\u00e4ll\u00e4 menetelm\u00e4ll\u00e4 ruskea v\u00e4ri lis\u00e4\u00e4 hienovaraisuutta ja tekee meikist\u00e4 luonnollisemman n\u00e4k\u00f6isen.<\/p>\n<p>HUOM! Maksimoidaksesi tuotteen k\u00e4ytt\u00f6i\u00e4n, s\u00e4ilyt\u00e4 se korkki alasp\u00e4in.<\/p>","protected":false},"excerpt":{"rendered":"<p>LINE SO FINE RUSKEA SILM\u00c4RAJAUS Tutustu uuteen aarteeseemme silm\u00e4nrajauskynien joukossa \u2013 suosittuun mustaan klassikkoon Line So Fine -silm\u00e4nrajauskyn\u00e4\u00e4n ruskeana versiona!<\/p>\n","protected":false},"featured_media":11416,"template":"","meta":[],"product_brand":[],"product_cat":[680],"product_tag":[],"class_list":{"0":"post-11417","1":"product","2":"type-product","3":"status-publish","4":"has-post-thumbnail","6":"product_cat-eyeliner","8":"first","9":"instock","10":"taxable","11":"shipping-taxable","12":"purchasable","13":"product-type-simple"},"yoast_head":"<!-- This site is optimized with the Yoast SEO plugin v24.4 - https:\/\/yoast.com\/wordpress\/plugins\/seo\/ -->\n<title>CLARESA EYELINER LINE SO FINE BROWN 0,8 g | Valika<\/title>\n<meta name=\"robots\" content=\"index, follow, max-snippet:-1, max-image-preview:large, max-video-preview:-1\" \/>\n<link rel=\"canonical\" href=\"https:\/\/valika.eu\/fi\/toode\/claresa-silmalainer-line-so-fine-pruun-08-g\/\" \/>\n<meta property=\"og:locale\" content=\"fi_FI\" \/>\n<meta property=\"og:type\" content=\"article\" \/>\n<meta property=\"og:title\" content=\"CLARESA EYELINER LINE SO FINE BROWN 0,8 g | Valika\" \/>\n<meta property=\"og:description\" content=\"LINE SO FINE RUSKEA SILM\u00c4RAJAUS Tutustu uuteen aarteeseemme silm\u00e4nrajauskynien joukossa \u2013 suosittuun mustaan klassikkoon Line So Fine -silm\u00e4nrajauskyn\u00e4\u00e4n ruskeana versiona!\" \/>\n<meta property=\"og:url\" content=\"https:\/\/valika.eu\/fi\/toode\/claresa-silmalainer-line-so-fine-pruun-08-g\/\" \/>\n<meta property=\"og:site_name\" content=\"Valika\" \/>\n<meta property=\"article:publisher\" content=\"https:\/\/www.facebook.com\/tipsi.net\" \/>\n<meta property=\"article:modified_time\" content=\"2025-07-02T02:03:13+00:00\" \/>\n<meta property=\"og:image\" content=\"https:\/\/valika.eu\/wp-content\/uploads\/2025\/01\/12949.jpg\" \/>\n\t<meta property=\"og:image:width\" content=\"2048\" \/>\n\t<meta property=\"og:image:height\" content=\"2048\" \/>\n\t<meta property=\"og:image:type\" content=\"image\/jpeg\" \/>\n<meta name=\"twitter:card\" content=\"summary_large_image\" \/>\n<script type=\"application\/ld+json\" class=\"yoast-schema-graph\">{\"@context\":\"https:\/\/schema.org\",\"@graph\":[{\"@type\":\"WebPage\",\"@id\":\"https:\/\/valika.eu\/fi\/toode\/claresa-silmalainer-line-so-fine-pruun-08-g\/\",\"url\":\"https:\/\/valika.eu\/fi\/toode\/claresa-silmalainer-line-so-fine-pruun-08-g\/\",\"name\":\"CLARESA EYELINER LINE SO FINE BROWN 0,8 g | Valika\",\"isPartOf\":{\"@id\":\"https:\/\/valika.eu\/fi\/#website\"},\"primaryImageOfPage\":{\"@id\":\"https:\/\/valika.eu\/fi\/toode\/claresa-silmalainer-line-so-fine-pruun-08-g\/#primaryimage\"},\"image\":{\"@id\":\"https:\/\/valika.eu\/toode\/claresa-silmalainer-line-so-fine-pruun-08-g\/#primaryimage\"},\"thumbnailUrl\":\"https:\/\/valika.eu\/wp-content\/uploads\/2025\/01\/12949.jpg\",\"datePublished\":\"2025-01-09T04:41:55+00:00\",\"dateModified\":\"2025-07-02T02:03:13+00:00\",\"breadcrumb\":{\"@id\":\"https:\/\/valika.eu\/fi\/toode\/claresa-silmalainer-line-so-fine-pruun-08-g\/#breadcrumb\"},\"inLanguage\":\"fi\",\"potentialAction\":[{\"@type\":\"ReadAction\",\"target\":[[\"https:\/\/valika.eu\/fi\/toode\/claresa-silmalainer-line-so-fine-pruun-08-g\/\"]]}]},{\"@type\":\"ImageObject\",\"inLanguage\":\"fi\",\"@id\":\"https:\/\/valika.eu\/fi\/toode\/claresa-silmalainer-line-so-fine-pruun-08-g\/#primaryimage\",\"url\":\"https:\/\/valika.eu\/wp-content\/uploads\/2025\/01\/12949.jpg\",\"contentUrl\":\"https:\/\/valika.eu\/wp-content\/uploads\/2025\/01\/12949.jpg\",\"width\":2048,\"height\":2048},{\"@type\":\"BreadcrumbList\",\"@id\":\"https:\/\/valika.eu\/fi\/toode\/claresa-silmalainer-line-so-fine-pruun-08-g\/#breadcrumb\",\"itemListElement\":[{\"@type\":\"ListItem\",\"position\":1,\"name\":\"Koti\",\"item\":\"https:\/\/valika.eu\/fi\/\"},{\"@type\":\"ListItem\",\"position\":2,\"name\":\"Shop\",\"item\":\"https:\/\/valika.eu\/fi\/\"},{\"@type\":\"ListItem\",\"position\":3,\"name\":\"CLARESA EYELINER LINE SO FINE BROWN 0.8 g\"}]},{\"@type\":\"WebSite\",\"@id\":\"https:\/\/valika.eu\/fi\/#website\",\"url\":\"https:\/\/valika.eu\/fi\/\",\"name\":\"Valika.eu\",\"description\":\"Salonkituotteet ja kauneudenhoitotuotteet - Valika tarjoaa laajan valikoiman tuotteita ja tarvikkeita kynsiteknikoille, kauneushoitoloille, kampaamoille ja kampaamoille.\",\"publisher\":{\"@id\":\"https:\/\/valika.eu\/fi\/#organization\"},\"alternateName\":\"Valika\",\"potentialAction\":[{\"@type\":\"SearchAction\",\"target\":{\"@type\":\"EntryPoint\",\"urlTemplate\":\"https:\/\/valika.eu\/fi\/?s={search_term_string}\"},\"query-input\":{\"@type\":\"PropertyValueSpecification\",\"valueRequired\":true,\"valueName\":\"search_term_string\"}}],\"inLanguage\":\"fi\"},{\"@type\":\"Organization\",\"@id\":\"https:\/\/valika.eu\/fi\/#organization\",\"name\":\"Salongitoode O\u00dc\",\"alternateName\":\"Valika\",\"url\":\"https:\/\/valika.eu\/fi\/\",\"logo\":{\"@type\":\"ImageObject\",\"inLanguage\":\"fi\",\"@id\":\"https:\/\/valika.eu\/fi\/#\/schema\/logo\/image\/\",\"url\":\"https:\/\/valika.eu\/wp-content\/uploads\/2023\/11\/logo2-valika-footer.png\",\"contentUrl\":\"https:\/\/valika.eu\/wp-content\/uploads\/2023\/11\/logo2-valika-footer.png\",\"width\":200,\"height\":129,\"caption\":\"Salongitoode O\u00dc\"},\"image\":{\"@id\":\"https:\/\/valika.eu\/fi\/#\/schema\/logo\/image\/\"},\"sameAs\":[\"https:\/\/www.facebook.com\/tipsi.net\"]}]}<\/script>\n<!-- \/ Yoast SEO plugin. -->","yoast_head_json":{"title":"CLARESA EYELINER LINE SO FINE BROWN 0,8 g | Valika","robots":{"index":"index","follow":"follow","max-snippet":"max-snippet:-1","max-image-preview":"max-image-preview:large","max-video-preview":"max-video-preview:-1"},"canonical":"https:\/\/valika.eu\/fi\/toode\/claresa-silmalainer-line-so-fine-pruun-08-g\/","og_locale":"fi_FI","og_type":"article","og_title":"CLARESA EYELINER LINE SO FINE BROWN 0,8 g | Valika","og_description":"LINE SO FINE RUSKEA SILM\u00c4RAJAUS Tutustu uuteen aarteeseemme silm\u00e4nrajauskynien joukossa \u2013 suosittuun mustaan klassikkoon Line So Fine -silm\u00e4nrajauskyn\u00e4\u00e4n ruskeana versiona!","og_url":"https:\/\/valika.eu\/fi\/toode\/claresa-silmalainer-line-so-fine-pruun-08-g\/","og_site_name":"Valika","article_publisher":"https:\/\/www.facebook.com\/tipsi.net","article_modified_time":"2025-07-02T02:03:13+00:00","og_image":[{"width":2048,"height":2048,"url":"https:\/\/valika.eu\/wp-content\/uploads\/2025\/01\/12949.jpg","type":"image\/jpeg"}],"twitter_card":"summary_large_image","schema":{"@context":"https:\/\/schema.org","@graph":[{"@type":"WebPage","@id":"https:\/\/valika.eu\/fi\/toode\/claresa-silmalainer-line-so-fine-pruun-08-g\/","url":"https:\/\/valika.eu\/fi\/toode\/claresa-silmalainer-line-so-fine-pruun-08-g\/","name":"CLARESA EYELINER LINE SO FINE BROWN 0,8 g | Valika","isPartOf":{"@id":"https:\/\/valika.eu\/fi\/#website"},"primaryImageOfPage":{"@id":"https:\/\/valika.eu\/fi\/toode\/claresa-silmalainer-line-so-fine-pruun-08-g\/#primaryimage"},"image":{"@id":"https:\/\/valika.eu\/toode\/claresa-silmalainer-line-so-fine-pruun-08-g\/#primaryimage"},"thumbnailUrl":"https:\/\/valika.eu\/wp-content\/uploads\/2025\/01\/12949.jpg","datePublished":"2025-01-09T04:41:55+00:00","dateModified":"2025-07-02T02:03:13+00:00","breadcrumb":{"@id":"https:\/\/valika.eu\/fi\/toode\/claresa-silmalainer-line-so-fine-pruun-08-g\/#breadcrumb"},"inLanguage":"fi","potentialAction":[{"@type":"ReadAction","target":[["https:\/\/valika.eu\/fi\/toode\/claresa-silmalainer-line-so-fine-pruun-08-g\/"]]}]},{"@type":"ImageObject","inLanguage":"fi","@id":"https:\/\/valika.eu\/fi\/toode\/claresa-silmalainer-line-so-fine-pruun-08-g\/#primaryimage","url":"https:\/\/valika.eu\/wp-content\/uploads\/2025\/01\/12949.jpg","contentUrl":"https:\/\/valika.eu\/wp-content\/uploads\/2025\/01\/12949.jpg","width":2048,"height":2048},{"@type":"BreadcrumbList","@id":"https:\/\/valika.eu\/fi\/toode\/claresa-silmalainer-line-so-fine-pruun-08-g\/#breadcrumb","itemListElement":[{"@type":"ListItem","position":1,"name":"Koti","item":"https:\/\/valika.eu\/fi\/"},{"@type":"ListItem","position":2,"name":"Shop","item":"https:\/\/valika.eu\/fi\/"},{"@type":"ListItem","position":3,"name":"CLARESA EYELINER LINE SO FINE BROWN 0.8 g"}]},{"@type":"WebSite","@id":"https:\/\/valika.eu\/fi\/#website","url":"https:\/\/valika.eu\/fi\/","name":"Valika.eu","description":"Salonkituotteet ja kauneudenhoitotuotteet - Valika tarjoaa laajan valikoiman tuotteita ja tarvikkeita kynsiteknikoille, kauneushoitoloille, kampaamoille ja kampaamoille.","publisher":{"@id":"https:\/\/valika.eu\/fi\/#organization"},"alternateName":"Valika","potentialAction":[{"@type":"SearchAction","target":{"@type":"EntryPoint","urlTemplate":"https:\/\/valika.eu\/fi\/?s={search_term_string}"},"query-input":{"@type":"PropertyValueSpecification","valueRequired":true,"valueName":"search_term_string"}}],"inLanguage":"fi"},{"@type":"Organization","@id":"https:\/\/valika.eu\/fi\/#organization","name":"Salongitoode O\u00dc","alternateName":"Valika","url":"https:\/\/valika.eu\/fi\/","logo":{"@type":"ImageObject","inLanguage":"fi","@id":"https:\/\/valika.eu\/fi\/#\/schema\/logo\/image\/","url":"https:\/\/valika.eu\/wp-content\/uploads\/2023\/11\/logo2-valika-footer.png","contentUrl":"https:\/\/valika.eu\/wp-content\/uploads\/2023\/11\/logo2-valika-footer.png","width":200,"height":129,"caption":"Salongitoode O\u00dc"},"image":{"@id":"https:\/\/valika.eu\/fi\/#\/schema\/logo\/image\/"},"sameAs":["https:\/\/www.facebook.com\/tipsi.net"]}]}},"jetpack_sharing_enabled":true,"_links":{"self":[{"href":"https:\/\/valika.eu\/fi\/wp-json\/wp\/v2\/product\/11417","targetHints":{"allow":["GET"]}}],"collection":[{"href":"https:\/\/valika.eu\/fi\/wp-json\/wp\/v2\/product"}],"about":[{"href":"https:\/\/valika.eu\/fi\/wp-json\/wp\/v2\/types\/product"}],"wp:featuredmedia":[{"embeddable":true,"href":"https:\/\/valika.eu\/fi\/wp-json\/wp\/v2\/media\/11416"}],"wp:attachment":[{"href":"https:\/\/valika.eu\/fi\/wp-json\/wp\/v2\/media?parent=11417"}],"wp:term":[{"taxonomy":"product_brand","embeddable":true,"href":"https:\/\/valika.eu\/fi\/wp-json\/wp\/v2\/product_brand?post=11417"},{"taxonomy":"product_cat","embeddable":true,"href":"https:\/\/valika.eu\/fi\/wp-json\/wp\/v2\/product_cat?post=11417"},{"taxonomy":"product_tag","embeddable":true,"href":"https:\/\/valika.eu\/fi\/wp-json\/wp\/v2\/product_tag?post=11417"}],"curies":[{"name":"wp","href":"https:\/\/api.w.org\/{rel}","templated":true}]}}