{"id":11434,"date":"2025-01-09T06:42:17","date_gmt":"2025-01-09T04:42:17","guid":{"rendered":"https:\/\/valika.eu\/toode\/claresa-sadelev-silmalainer-festival-vibes-02-blueglow-4g\/"},"modified":"2025-07-02T05:03:12","modified_gmt":"2025-07-02T02:03:12","slug":"claresa-sadelev-silmalainer-festival-vibes-02-blueglow-4g","status":"publish","type":"product","link":"https:\/\/valika.eu\/fi\/toode\/claresa-sadelev-silmalainer-festival-vibes-02-blueglow-4g\/","title":{"rendered":"CLARESA Glitter-eyeliner Festival Vibes 02 BLUEGLOW 4g"},"content":{"rendered":"<p>Erottu joukosta Festival Vibes -rajauskynill\u00e4! Niiden koostumus sis\u00e4lt\u00e4\u00e4 kimaltelevia hiukkasia, jotka eiv\u00e4t ainoastaan lis\u00e4\u00e4 katseesi syvyytt\u00e4, vaan my\u00f6s houkuttelevat kaikkien ymp\u00e4rill\u00e4si olevien huomion. Nauti pitk\u00e4kestoisesta, kiilt\u00e4v\u00e4st\u00e4 rajauksesta, joka ei suttaannu tai hilseile, varmistaen raikkaan ja vaikuttavan ilmeen koko p\u00e4iv\u00e4n ajan!<\/p>\n<p>SOVELLUS<br \/>\nTarkan applikaattorin avulla voit luoda sek\u00e4 hienovaraisia viivoja ett\u00e4 n\u00e4ytt\u00e4vi\u00e4, kiilt\u00e4vi\u00e4 kuvioita. Tehostaaksesi kimaltelevaa vaikutusta, levit\u00e4 toinen kerros rajausta.<\/p>\n<p>HAUSKA FAKTA<br \/>\nFestival Vibes -rajauskyn\u00e4t eiv\u00e4t ole pelk\u00e4st\u00e4\u00e4n kimaltelevia hiukkasia, vaan niiss\u00e4 on my\u00f6s peitt\u00e4v\u00e4 v\u00e4ripohja, joka antaa rajaukselle poikkeuksellista monipuolisuutta ja v\u00e4rikyll\u00e4isyytt\u00e4! Sen ansiosta rajaus on kest\u00e4v\u00e4mpi suttaantumista vastaan, ja v\u00e4rit ovat syvempi\u00e4 ja el\u00e4v\u00e4mpi\u00e4, lis\u00e4ten meikkiisi paitsi kiiltoa my\u00f6s intensiivisyytt\u00e4.<\/p>\n<p>MEIKKITAITEILIJAN VINKKI<br \/>\nLuo upeita kuvioita, jotka heijastavat ainutlaatuista tyyli\u00e4si! Olipa kyseess\u00e4 hienovarainen, herkk\u00e4 viiva ripsien reunalla tai rohkeat graafiset kuviot \u2013 t\u00e4m\u00e4 rajauskyn\u00e4 on paras liittolaisesi t\u00e4ydellisen lopputuloksen saavuttamisessa. Jos haluat luoda graafisemman kuvion, aloita hahmottelemalla muoto kevyesti kulmakyn\u00e4ll\u00e4, ja peit\u00e4 se sitten rajauskyn\u00e4ll\u00e4. Anna luovuutesi kukoistaa ja tunne Festival Vibes!<\/p>","protected":false},"excerpt":{"rendered":"<p>Erottu joukosta Festival Vibes -rajauskynill\u00e4! Niiden koostumus sis\u00e4lt\u00e4\u00e4 kimaltelevia hiukkasia, jotka eiv\u00e4t ainoastaan lis\u00e4\u00e4 katseesi syvyytt\u00e4, vaan my\u00f6s houkuttelevat kaikkien<\/p>\n","protected":false},"featured_media":11433,"template":"","meta":[],"product_brand":[],"product_cat":[680],"product_tag":[],"class_list":{"0":"post-11434","1":"product","2":"type-product","3":"status-publish","4":"has-post-thumbnail","6":"product_cat-eyeliner","8":"first","9":"instock","10":"taxable","11":"shipping-taxable","12":"purchasable","13":"product-type-simple"},"yoast_head":"<!-- This site is optimized with the Yoast SEO plugin v24.4 - https:\/\/yoast.com\/wordpress\/plugins\/seo\/ -->\n<title>CLARESA Glitter-eyeliner Festival Vibes 02 BLUEGLOW 4g | Valika<\/title>\n<meta name=\"robots\" content=\"index, follow, max-snippet:-1, max-image-preview:large, max-video-preview:-1\" \/>\n<link rel=\"canonical\" href=\"https:\/\/valika.eu\/fi\/toode\/claresa-sadelev-silmalainer-festival-vibes-02-blueglow-4g\/\" \/>\n<meta property=\"og:locale\" content=\"fi_FI\" \/>\n<meta property=\"og:type\" content=\"article\" \/>\n<meta property=\"og:title\" content=\"CLARESA Glitter-eyeliner Festival Vibes 02 BLUEGLOW 4g | Valika\" \/>\n<meta property=\"og:description\" content=\"Erottu joukosta Festival Vibes -rajauskynill\u00e4! Niiden koostumus sis\u00e4lt\u00e4\u00e4 kimaltelevia hiukkasia, jotka eiv\u00e4t ainoastaan lis\u00e4\u00e4 katseesi syvyytt\u00e4, vaan my\u00f6s houkuttelevat kaikkien\" \/>\n<meta property=\"og:url\" content=\"https:\/\/valika.eu\/fi\/toode\/claresa-sadelev-silmalainer-festival-vibes-02-blueglow-4g\/\" \/>\n<meta property=\"og:site_name\" content=\"Valika\" \/>\n<meta property=\"article:publisher\" content=\"https:\/\/www.facebook.com\/tipsi.net\" \/>\n<meta property=\"article:modified_time\" content=\"2025-07-02T02:03:12+00:00\" \/>\n<meta property=\"og:image\" content=\"https:\/\/valika.eu\/wp-content\/uploads\/2025\/01\/14928.jpg\" \/>\n\t<meta property=\"og:image:width\" content=\"1500\" \/>\n\t<meta property=\"og:image:height\" content=\"1500\" \/>\n\t<meta property=\"og:image:type\" content=\"image\/jpeg\" \/>\n<meta name=\"twitter:card\" content=\"summary_large_image\" \/>\n<script type=\"application\/ld+json\" class=\"yoast-schema-graph\">{\"@context\":\"https:\/\/schema.org\",\"@graph\":[{\"@type\":\"WebPage\",\"@id\":\"https:\/\/valika.eu\/fi\/toode\/claresa-sadelev-silmalainer-festival-vibes-02-blueglow-4g\/\",\"url\":\"https:\/\/valika.eu\/fi\/toode\/claresa-sadelev-silmalainer-festival-vibes-02-blueglow-4g\/\",\"name\":\"CLARESA Glitter-eyeliner Festival Vibes 02 BLUEGLOW 4g | Valika\",\"isPartOf\":{\"@id\":\"https:\/\/valika.eu\/fi\/#website\"},\"primaryImageOfPage\":{\"@id\":\"https:\/\/valika.eu\/fi\/toode\/claresa-sadelev-silmalainer-festival-vibes-02-blueglow-4g\/#primaryimage\"},\"image\":{\"@id\":\"https:\/\/valika.eu\/toode\/claresa-sadelev-silmalainer-festival-vibes-02-blueglow-4g\/#primaryimage\"},\"thumbnailUrl\":\"https:\/\/valika.eu\/wp-content\/uploads\/2025\/01\/14928.jpg\",\"datePublished\":\"2025-01-09T04:42:17+00:00\",\"dateModified\":\"2025-07-02T02:03:12+00:00\",\"breadcrumb\":{\"@id\":\"https:\/\/valika.eu\/fi\/toode\/claresa-sadelev-silmalainer-festival-vibes-02-blueglow-4g\/#breadcrumb\"},\"inLanguage\":\"fi\",\"potentialAction\":[{\"@type\":\"ReadAction\",\"target\":[[\"https:\/\/valika.eu\/fi\/toode\/claresa-sadelev-silmalainer-festival-vibes-02-blueglow-4g\/\"]]}]},{\"@type\":\"ImageObject\",\"inLanguage\":\"fi\",\"@id\":\"https:\/\/valika.eu\/fi\/toode\/claresa-sadelev-silmalainer-festival-vibes-02-blueglow-4g\/#primaryimage\",\"url\":\"https:\/\/valika.eu\/wp-content\/uploads\/2025\/01\/14928.jpg\",\"contentUrl\":\"https:\/\/valika.eu\/wp-content\/uploads\/2025\/01\/14928.jpg\",\"width\":1500,\"height\":1500},{\"@type\":\"BreadcrumbList\",\"@id\":\"https:\/\/valika.eu\/fi\/toode\/claresa-sadelev-silmalainer-festival-vibes-02-blueglow-4g\/#breadcrumb\",\"itemListElement\":[{\"@type\":\"ListItem\",\"position\":1,\"name\":\"Koti\",\"item\":\"https:\/\/valika.eu\/fi\/\"},{\"@type\":\"ListItem\",\"position\":2,\"name\":\"Shop\",\"item\":\"https:\/\/valika.eu\/fi\/\"},{\"@type\":\"ListItem\",\"position\":3,\"name\":\"CLARESA Glitter Eyeliner Festival Vibes 02 BLUEGLOW 4g\"}]},{\"@type\":\"WebSite\",\"@id\":\"https:\/\/valika.eu\/fi\/#website\",\"url\":\"https:\/\/valika.eu\/fi\/\",\"name\":\"Valika.eu\",\"description\":\"Salonkituotteet ja kauneudenhoitotuotteet - Valika tarjoaa laajan valikoiman tuotteita ja tarvikkeita kynsiteknikoille, kauneushoitoloille, kampaamoille ja kampaamoille.\",\"publisher\":{\"@id\":\"https:\/\/valika.eu\/fi\/#organization\"},\"alternateName\":\"Valika\",\"potentialAction\":[{\"@type\":\"SearchAction\",\"target\":{\"@type\":\"EntryPoint\",\"urlTemplate\":\"https:\/\/valika.eu\/fi\/?s={search_term_string}\"},\"query-input\":{\"@type\":\"PropertyValueSpecification\",\"valueRequired\":true,\"valueName\":\"search_term_string\"}}],\"inLanguage\":\"fi\"},{\"@type\":\"Organization\",\"@id\":\"https:\/\/valika.eu\/fi\/#organization\",\"name\":\"Salongitoode O\u00dc\",\"alternateName\":\"Valika\",\"url\":\"https:\/\/valika.eu\/fi\/\",\"logo\":{\"@type\":\"ImageObject\",\"inLanguage\":\"fi\",\"@id\":\"https:\/\/valika.eu\/fi\/#\/schema\/logo\/image\/\",\"url\":\"https:\/\/valika.eu\/wp-content\/uploads\/2023\/11\/logo2-valika-footer.png\",\"contentUrl\":\"https:\/\/valika.eu\/wp-content\/uploads\/2023\/11\/logo2-valika-footer.png\",\"width\":200,\"height\":129,\"caption\":\"Salongitoode O\u00dc\"},\"image\":{\"@id\":\"https:\/\/valika.eu\/fi\/#\/schema\/logo\/image\/\"},\"sameAs\":[\"https:\/\/www.facebook.com\/tipsi.net\"]}]}<\/script>\n<!-- \/ Yoast SEO plugin. -->","yoast_head_json":{"title":"CLARESA Glitter-eyeliner Festival Vibes 02 BLUEGLOW 4g | Valika","robots":{"index":"index","follow":"follow","max-snippet":"max-snippet:-1","max-image-preview":"max-image-preview:large","max-video-preview":"max-video-preview:-1"},"canonical":"https:\/\/valika.eu\/fi\/toode\/claresa-sadelev-silmalainer-festival-vibes-02-blueglow-4g\/","og_locale":"fi_FI","og_type":"article","og_title":"CLARESA Glitter-eyeliner Festival Vibes 02 BLUEGLOW 4g | Valika","og_description":"Erottu joukosta Festival Vibes -rajauskynill\u00e4! Niiden koostumus sis\u00e4lt\u00e4\u00e4 kimaltelevia hiukkasia, jotka eiv\u00e4t ainoastaan lis\u00e4\u00e4 katseesi syvyytt\u00e4, vaan my\u00f6s houkuttelevat kaikkien","og_url":"https:\/\/valika.eu\/fi\/toode\/claresa-sadelev-silmalainer-festival-vibes-02-blueglow-4g\/","og_site_name":"Valika","article_publisher":"https:\/\/www.facebook.com\/tipsi.net","article_modified_time":"2025-07-02T02:03:12+00:00","og_image":[{"width":1500,"height":1500,"url":"https:\/\/valika.eu\/wp-content\/uploads\/2025\/01\/14928.jpg","type":"image\/jpeg"}],"twitter_card":"summary_large_image","schema":{"@context":"https:\/\/schema.org","@graph":[{"@type":"WebPage","@id":"https:\/\/valika.eu\/fi\/toode\/claresa-sadelev-silmalainer-festival-vibes-02-blueglow-4g\/","url":"https:\/\/valika.eu\/fi\/toode\/claresa-sadelev-silmalainer-festival-vibes-02-blueglow-4g\/","name":"CLARESA Glitter-eyeliner Festival Vibes 02 BLUEGLOW 4g | Valika","isPartOf":{"@id":"https:\/\/valika.eu\/fi\/#website"},"primaryImageOfPage":{"@id":"https:\/\/valika.eu\/fi\/toode\/claresa-sadelev-silmalainer-festival-vibes-02-blueglow-4g\/#primaryimage"},"image":{"@id":"https:\/\/valika.eu\/toode\/claresa-sadelev-silmalainer-festival-vibes-02-blueglow-4g\/#primaryimage"},"thumbnailUrl":"https:\/\/valika.eu\/wp-content\/uploads\/2025\/01\/14928.jpg","datePublished":"2025-01-09T04:42:17+00:00","dateModified":"2025-07-02T02:03:12+00:00","breadcrumb":{"@id":"https:\/\/valika.eu\/fi\/toode\/claresa-sadelev-silmalainer-festival-vibes-02-blueglow-4g\/#breadcrumb"},"inLanguage":"fi","potentialAction":[{"@type":"ReadAction","target":[["https:\/\/valika.eu\/fi\/toode\/claresa-sadelev-silmalainer-festival-vibes-02-blueglow-4g\/"]]}]},{"@type":"ImageObject","inLanguage":"fi","@id":"https:\/\/valika.eu\/fi\/toode\/claresa-sadelev-silmalainer-festival-vibes-02-blueglow-4g\/#primaryimage","url":"https:\/\/valika.eu\/wp-content\/uploads\/2025\/01\/14928.jpg","contentUrl":"https:\/\/valika.eu\/wp-content\/uploads\/2025\/01\/14928.jpg","width":1500,"height":1500},{"@type":"BreadcrumbList","@id":"https:\/\/valika.eu\/fi\/toode\/claresa-sadelev-silmalainer-festival-vibes-02-blueglow-4g\/#breadcrumb","itemListElement":[{"@type":"ListItem","position":1,"name":"Koti","item":"https:\/\/valika.eu\/fi\/"},{"@type":"ListItem","position":2,"name":"Shop","item":"https:\/\/valika.eu\/fi\/"},{"@type":"ListItem","position":3,"name":"CLARESA Glitter Eyeliner Festival Vibes 02 BLUEGLOW 4g"}]},{"@type":"WebSite","@id":"https:\/\/valika.eu\/fi\/#website","url":"https:\/\/valika.eu\/fi\/","name":"Valika.eu","description":"Salonkituotteet ja kauneudenhoitotuotteet - Valika tarjoaa laajan valikoiman tuotteita ja tarvikkeita kynsiteknikoille, kauneushoitoloille, kampaamoille ja kampaamoille.","publisher":{"@id":"https:\/\/valika.eu\/fi\/#organization"},"alternateName":"Valika","potentialAction":[{"@type":"SearchAction","target":{"@type":"EntryPoint","urlTemplate":"https:\/\/valika.eu\/fi\/?s={search_term_string}"},"query-input":{"@type":"PropertyValueSpecification","valueRequired":true,"valueName":"search_term_string"}}],"inLanguage":"fi"},{"@type":"Organization","@id":"https:\/\/valika.eu\/fi\/#organization","name":"Salongitoode O\u00dc","alternateName":"Valika","url":"https:\/\/valika.eu\/fi\/","logo":{"@type":"ImageObject","inLanguage":"fi","@id":"https:\/\/valika.eu\/fi\/#\/schema\/logo\/image\/","url":"https:\/\/valika.eu\/wp-content\/uploads\/2023\/11\/logo2-valika-footer.png","contentUrl":"https:\/\/valika.eu\/wp-content\/uploads\/2023\/11\/logo2-valika-footer.png","width":200,"height":129,"caption":"Salongitoode O\u00dc"},"image":{"@id":"https:\/\/valika.eu\/fi\/#\/schema\/logo\/image\/"},"sameAs":["https:\/\/www.facebook.com\/tipsi.net"]}]}},"jetpack_sharing_enabled":true,"_links":{"self":[{"href":"https:\/\/valika.eu\/fi\/wp-json\/wp\/v2\/product\/11434","targetHints":{"allow":["GET"]}}],"collection":[{"href":"https:\/\/valika.eu\/fi\/wp-json\/wp\/v2\/product"}],"about":[{"href":"https:\/\/valika.eu\/fi\/wp-json\/wp\/v2\/types\/product"}],"wp:featuredmedia":[{"embeddable":true,"href":"https:\/\/valika.eu\/fi\/wp-json\/wp\/v2\/media\/11433"}],"wp:attachment":[{"href":"https:\/\/valika.eu\/fi\/wp-json\/wp\/v2\/media?parent=11434"}],"wp:term":[{"taxonomy":"product_brand","embeddable":true,"href":"https:\/\/valika.eu\/fi\/wp-json\/wp\/v2\/product_brand?post=11434"},{"taxonomy":"product_cat","embeddable":true,"href":"https:\/\/valika.eu\/fi\/wp-json\/wp\/v2\/product_cat?post=11434"},{"taxonomy":"product_tag","embeddable":true,"href":"https:\/\/valika.eu\/fi\/wp-json\/wp\/v2\/product_tag?post=11434"}],"curies":[{"name":"wp","href":"https:\/\/api.w.org\/{rel}","templated":true}]}}