{"id":11445,"date":"2025-01-09T06:42:31","date_gmt":"2025-01-09T04:42:31","guid":{"rendered":"https:\/\/valika.eu\/toode\/claresa-silmapliiats-eye-eye-boy-02-115g-must-kohv\/"},"modified":"2025-09-03T15:18:27","modified_gmt":"2025-09-03T12:18:27","slug":"claresa-silmapliiats-eye-eye-boy-02-115g-must-kohv","status":"publish","type":"product","link":"https:\/\/valika.eu\/fi\/toode\/claresa-silmapliiats-eye-eye-boy-02-115g-must-kohv\/","title":{"rendered":"Claresa silm\u00e4nrajauskyn\u00e4 EYE EYE BOY! 02 1,15g MUSTA KAHVI"},"content":{"rendered":"<p><strong>V\u00e4ri:<\/strong> MUSTA KAHVI<\/p>\n<p><strong>Pitk\u00e4kestoinen silm\u00e4kyn\u00e4<\/strong><\/p>\n<p>T\u00e4ydellinen, tarkka viiva ranskalaiseen tyyliin tai h\u00e4ivytetty glamour-tyyliin? Kermamaisen ja helposti levitett\u00e4v\u00e4n koostumuksen ansiosta voit luoda t\u00e4ydellisen viivan ripsirajaa pitkin tai savuisen silm\u00e4meikin h\u00e4ivytt\u00e4m\u00e4ll\u00e4 kyn\u00e4\u00e4 siveltimell\u00e4. Voit my\u00f6s korostaa alaluomea ja k\u00e4ytt\u00e4\u00e4 sit\u00e4 vesirajalla. Nauti pitk\u00e4kestoisesta vaikutuksesta ja intensiivisest\u00e4 v\u00e4rist\u00e4 <strong>EYE EYE BOY!<\/strong> -kyn\u00e4ll\u00e4.<\/p>\n<p><strong>SOVELLUS<\/strong><\/p>\n<p>Piirr\u00e4 viiva yl\u00e4luomen ripsirajaa pitkin ja tummenna alaluomen ulko-osaa silm\u00e4n visuaaliseksi suurentamiseksi.<\/p>\n<p><strong>MEIKKITAITEILIJAN VINKKI<\/strong><\/p>\n<p>Piirr\u00e4 viiva yl\u00e4luomelle mahdollisimman l\u00e4helle ripsirajaa. Paksunna sit\u00e4 silm\u00e4n ulkokulmassa ja jatka viivaa hieman yl\u00f6sp\u00e4in klassisen siiven muotoiseksi. H\u00e4ivyt\u00e4 piirretty viiva h\u00e4ivytyssiveltimell\u00e4 ja tummalla luomiv\u00e4rill\u00e4, kunnes saavutat pehme\u00e4n v\u00e4risiirtym\u00e4efektin. Korosta hienovaraisesti alaluomea. Kiinnit\u00e4 huomiota ja nauti t\u00e4ydellisest\u00e4 savuisesta silm\u00e4meikist\u00e4.<\/p>","protected":false},"excerpt":{"rendered":"<p>V\u00e4ri: MUSTA KAHVI Pitk\u00e4kestoinen silm\u00e4kyn\u00e4 T\u00e4ydellinen, tarkka viiva ranskalaiseen tyyliin tai h\u00e4ivytetty glamour-tyyliin? Kermamaisen ja helposti levitett\u00e4v\u00e4n koostumuksen ansiosta voit<\/p>\n","protected":false},"featured_media":11444,"template":"","meta":[],"product_brand":[],"product_cat":[680],"product_tag":[],"class_list":{"0":"post-11445","1":"product","2":"type-product","3":"status-publish","4":"has-post-thumbnail","6":"product_cat-eyeliner","8":"first","9":"instock","10":"taxable","11":"shipping-taxable","12":"purchasable","13":"product-type-simple"},"yoast_head":"<!-- This site is optimized with the Yoast SEO plugin v24.4 - https:\/\/yoast.com\/wordpress\/plugins\/seo\/ -->\n<title>Claresa silm\u00e4nrajauskyn\u00e4 EYE EYE BOY! 02 1,15g MUSTA KAHVI | Valika<\/title>\n<meta name=\"robots\" content=\"index, follow, max-snippet:-1, max-image-preview:large, max-video-preview:-1\" \/>\n<link rel=\"canonical\" href=\"https:\/\/valika.eu\/fi\/toode\/claresa-silmapliiats-eye-eye-boy-02-115g-must-kohv\/\" \/>\n<meta property=\"og:locale\" content=\"fi_FI\" \/>\n<meta property=\"og:type\" content=\"article\" \/>\n<meta property=\"og:title\" content=\"Claresa silm\u00e4nrajauskyn\u00e4 EYE EYE BOY! 02 1,15g MUSTA KAHVI | Valika\" \/>\n<meta property=\"og:description\" content=\"V\u00e4ri: MUSTA KAHVI Pitk\u00e4kestoinen silm\u00e4kyn\u00e4 T\u00e4ydellinen, tarkka viiva ranskalaiseen tyyliin tai h\u00e4ivytetty glamour-tyyliin? Kermamaisen ja helposti levitett\u00e4v\u00e4n koostumuksen ansiosta voit\" \/>\n<meta property=\"og:url\" content=\"https:\/\/valika.eu\/fi\/toode\/claresa-silmapliiats-eye-eye-boy-02-115g-must-kohv\/\" \/>\n<meta property=\"og:site_name\" content=\"Valika\" \/>\n<meta property=\"article:publisher\" content=\"https:\/\/www.facebook.com\/tipsi.net\" \/>\n<meta property=\"article:modified_time\" content=\"2025-09-03T12:18:27+00:00\" \/>\n<meta property=\"og:image\" content=\"https:\/\/valika.eu\/wp-content\/uploads\/2025\/01\/6279.jpg\" \/>\n\t<meta property=\"og:image:width\" content=\"1500\" \/>\n\t<meta property=\"og:image:height\" content=\"1500\" \/>\n\t<meta property=\"og:image:type\" content=\"image\/jpeg\" \/>\n<meta name=\"twitter:card\" content=\"summary_large_image\" \/>\n<script type=\"application\/ld+json\" class=\"yoast-schema-graph\">{\"@context\":\"https:\/\/schema.org\",\"@graph\":[{\"@type\":\"WebPage\",\"@id\":\"https:\/\/valika.eu\/fi\/toode\/claresa-silmapliiats-eye-eye-boy-02-115g-must-kohv\/\",\"url\":\"https:\/\/valika.eu\/fi\/toode\/claresa-silmapliiats-eye-eye-boy-02-115g-must-kohv\/\",\"name\":\"Claresa silm\u00e4nrajauskyn\u00e4 EYE EYE BOY! 02 1,15g MUSTA KAHVI | Valika\",\"isPartOf\":{\"@id\":\"https:\/\/valika.eu\/fi\/#website\"},\"primaryImageOfPage\":{\"@id\":\"https:\/\/valika.eu\/fi\/toode\/claresa-silmapliiats-eye-eye-boy-02-115g-must-kohv\/#primaryimage\"},\"image\":{\"@id\":\"https:\/\/valika.eu\/toode\/claresa-silmapliiats-eye-eye-boy-02-115g-must-kohv\/#primaryimage\"},\"thumbnailUrl\":\"https:\/\/valika.eu\/wp-content\/uploads\/2025\/01\/6279.jpg\",\"datePublished\":\"2025-01-09T04:42:31+00:00\",\"dateModified\":\"2025-09-03T12:18:27+00:00\",\"breadcrumb\":{\"@id\":\"https:\/\/valika.eu\/fi\/toode\/claresa-silmapliiats-eye-eye-boy-02-115g-must-kohv\/#breadcrumb\"},\"inLanguage\":\"fi\",\"potentialAction\":[{\"@type\":\"ReadAction\",\"target\":[[\"https:\/\/valika.eu\/fi\/toode\/claresa-silmapliiats-eye-eye-boy-02-115g-must-kohv\/\"]]}]},{\"@type\":\"ImageObject\",\"inLanguage\":\"fi\",\"@id\":\"https:\/\/valika.eu\/fi\/toode\/claresa-silmapliiats-eye-eye-boy-02-115g-must-kohv\/#primaryimage\",\"url\":\"https:\/\/valika.eu\/wp-content\/uploads\/2025\/01\/6279.jpg\",\"contentUrl\":\"https:\/\/valika.eu\/wp-content\/uploads\/2025\/01\/6279.jpg\",\"width\":1500,\"height\":1500},{\"@type\":\"BreadcrumbList\",\"@id\":\"https:\/\/valika.eu\/fi\/toode\/claresa-silmapliiats-eye-eye-boy-02-115g-must-kohv\/#breadcrumb\",\"itemListElement\":[{\"@type\":\"ListItem\",\"position\":1,\"name\":\"Koti\",\"item\":\"https:\/\/valika.eu\/fi\/\"},{\"@type\":\"ListItem\",\"position\":2,\"name\":\"Shop\",\"item\":\"https:\/\/valika.eu\/fi\/\"},{\"@type\":\"ListItem\",\"position\":3,\"name\":\"Claresa eye pencil EYE EYE BOY! 02 1.15g BLACK COFFEE\"}]},{\"@type\":\"WebSite\",\"@id\":\"https:\/\/valika.eu\/fi\/#website\",\"url\":\"https:\/\/valika.eu\/fi\/\",\"name\":\"Valika.eu\",\"description\":\"Salonkituotteet ja kauneudenhoitotuotteet - Valika tarjoaa laajan valikoiman tuotteita ja tarvikkeita kynsiteknikoille, kauneushoitoloille, kampaamoille ja kampaamoille.\",\"publisher\":{\"@id\":\"https:\/\/valika.eu\/fi\/#organization\"},\"alternateName\":\"Valika\",\"potentialAction\":[{\"@type\":\"SearchAction\",\"target\":{\"@type\":\"EntryPoint\",\"urlTemplate\":\"https:\/\/valika.eu\/fi\/?s={search_term_string}\"},\"query-input\":{\"@type\":\"PropertyValueSpecification\",\"valueRequired\":true,\"valueName\":\"search_term_string\"}}],\"inLanguage\":\"fi\"},{\"@type\":\"Organization\",\"@id\":\"https:\/\/valika.eu\/fi\/#organization\",\"name\":\"Salongitoode O\u00dc\",\"alternateName\":\"Valika\",\"url\":\"https:\/\/valika.eu\/fi\/\",\"logo\":{\"@type\":\"ImageObject\",\"inLanguage\":\"fi\",\"@id\":\"https:\/\/valika.eu\/fi\/#\/schema\/logo\/image\/\",\"url\":\"https:\/\/valika.eu\/wp-content\/uploads\/2023\/11\/logo2-valika-footer.png\",\"contentUrl\":\"https:\/\/valika.eu\/wp-content\/uploads\/2023\/11\/logo2-valika-footer.png\",\"width\":200,\"height\":129,\"caption\":\"Salongitoode O\u00dc\"},\"image\":{\"@id\":\"https:\/\/valika.eu\/fi\/#\/schema\/logo\/image\/\"},\"sameAs\":[\"https:\/\/www.facebook.com\/tipsi.net\"]}]}<\/script>\n<!-- \/ Yoast SEO plugin. -->","yoast_head_json":{"title":"Claresa silm\u00e4nrajauskyn\u00e4 EYE EYE BOY! 02 1,15g MUSTA KAHVI | Valika","robots":{"index":"index","follow":"follow","max-snippet":"max-snippet:-1","max-image-preview":"max-image-preview:large","max-video-preview":"max-video-preview:-1"},"canonical":"https:\/\/valika.eu\/fi\/toode\/claresa-silmapliiats-eye-eye-boy-02-115g-must-kohv\/","og_locale":"fi_FI","og_type":"article","og_title":"Claresa silm\u00e4nrajauskyn\u00e4 EYE EYE BOY! 02 1,15g MUSTA KAHVI | Valika","og_description":"V\u00e4ri: MUSTA KAHVI Pitk\u00e4kestoinen silm\u00e4kyn\u00e4 T\u00e4ydellinen, tarkka viiva ranskalaiseen tyyliin tai h\u00e4ivytetty glamour-tyyliin? Kermamaisen ja helposti levitett\u00e4v\u00e4n koostumuksen ansiosta voit","og_url":"https:\/\/valika.eu\/fi\/toode\/claresa-silmapliiats-eye-eye-boy-02-115g-must-kohv\/","og_site_name":"Valika","article_publisher":"https:\/\/www.facebook.com\/tipsi.net","article_modified_time":"2025-09-03T12:18:27+00:00","og_image":[{"width":1500,"height":1500,"url":"https:\/\/valika.eu\/wp-content\/uploads\/2025\/01\/6279.jpg","type":"image\/jpeg"}],"twitter_card":"summary_large_image","schema":{"@context":"https:\/\/schema.org","@graph":[{"@type":"WebPage","@id":"https:\/\/valika.eu\/fi\/toode\/claresa-silmapliiats-eye-eye-boy-02-115g-must-kohv\/","url":"https:\/\/valika.eu\/fi\/toode\/claresa-silmapliiats-eye-eye-boy-02-115g-must-kohv\/","name":"Claresa silm\u00e4nrajauskyn\u00e4 EYE EYE BOY! 02 1,15g MUSTA KAHVI | Valika","isPartOf":{"@id":"https:\/\/valika.eu\/fi\/#website"},"primaryImageOfPage":{"@id":"https:\/\/valika.eu\/fi\/toode\/claresa-silmapliiats-eye-eye-boy-02-115g-must-kohv\/#primaryimage"},"image":{"@id":"https:\/\/valika.eu\/toode\/claresa-silmapliiats-eye-eye-boy-02-115g-must-kohv\/#primaryimage"},"thumbnailUrl":"https:\/\/valika.eu\/wp-content\/uploads\/2025\/01\/6279.jpg","datePublished":"2025-01-09T04:42:31+00:00","dateModified":"2025-09-03T12:18:27+00:00","breadcrumb":{"@id":"https:\/\/valika.eu\/fi\/toode\/claresa-silmapliiats-eye-eye-boy-02-115g-must-kohv\/#breadcrumb"},"inLanguage":"fi","potentialAction":[{"@type":"ReadAction","target":[["https:\/\/valika.eu\/fi\/toode\/claresa-silmapliiats-eye-eye-boy-02-115g-must-kohv\/"]]}]},{"@type":"ImageObject","inLanguage":"fi","@id":"https:\/\/valika.eu\/fi\/toode\/claresa-silmapliiats-eye-eye-boy-02-115g-must-kohv\/#primaryimage","url":"https:\/\/valika.eu\/wp-content\/uploads\/2025\/01\/6279.jpg","contentUrl":"https:\/\/valika.eu\/wp-content\/uploads\/2025\/01\/6279.jpg","width":1500,"height":1500},{"@type":"BreadcrumbList","@id":"https:\/\/valika.eu\/fi\/toode\/claresa-silmapliiats-eye-eye-boy-02-115g-must-kohv\/#breadcrumb","itemListElement":[{"@type":"ListItem","position":1,"name":"Koti","item":"https:\/\/valika.eu\/fi\/"},{"@type":"ListItem","position":2,"name":"Shop","item":"https:\/\/valika.eu\/fi\/"},{"@type":"ListItem","position":3,"name":"Claresa eye pencil EYE EYE BOY! 02 1.15g BLACK COFFEE"}]},{"@type":"WebSite","@id":"https:\/\/valika.eu\/fi\/#website","url":"https:\/\/valika.eu\/fi\/","name":"Valika.eu","description":"Salonkituotteet ja kauneudenhoitotuotteet - Valika tarjoaa laajan valikoiman tuotteita ja tarvikkeita kynsiteknikoille, kauneushoitoloille, kampaamoille ja kampaamoille.","publisher":{"@id":"https:\/\/valika.eu\/fi\/#organization"},"alternateName":"Valika","potentialAction":[{"@type":"SearchAction","target":{"@type":"EntryPoint","urlTemplate":"https:\/\/valika.eu\/fi\/?s={search_term_string}"},"query-input":{"@type":"PropertyValueSpecification","valueRequired":true,"valueName":"search_term_string"}}],"inLanguage":"fi"},{"@type":"Organization","@id":"https:\/\/valika.eu\/fi\/#organization","name":"Salongitoode O\u00dc","alternateName":"Valika","url":"https:\/\/valika.eu\/fi\/","logo":{"@type":"ImageObject","inLanguage":"fi","@id":"https:\/\/valika.eu\/fi\/#\/schema\/logo\/image\/","url":"https:\/\/valika.eu\/wp-content\/uploads\/2023\/11\/logo2-valika-footer.png","contentUrl":"https:\/\/valika.eu\/wp-content\/uploads\/2023\/11\/logo2-valika-footer.png","width":200,"height":129,"caption":"Salongitoode O\u00dc"},"image":{"@id":"https:\/\/valika.eu\/fi\/#\/schema\/logo\/image\/"},"sameAs":["https:\/\/www.facebook.com\/tipsi.net"]}]}},"jetpack_sharing_enabled":true,"_links":{"self":[{"href":"https:\/\/valika.eu\/fi\/wp-json\/wp\/v2\/product\/11445","targetHints":{"allow":["GET"]}}],"collection":[{"href":"https:\/\/valika.eu\/fi\/wp-json\/wp\/v2\/product"}],"about":[{"href":"https:\/\/valika.eu\/fi\/wp-json\/wp\/v2\/types\/product"}],"wp:featuredmedia":[{"embeddable":true,"href":"https:\/\/valika.eu\/fi\/wp-json\/wp\/v2\/media\/11444"}],"wp:attachment":[{"href":"https:\/\/valika.eu\/fi\/wp-json\/wp\/v2\/media?parent=11445"}],"wp:term":[{"taxonomy":"product_brand","embeddable":true,"href":"https:\/\/valika.eu\/fi\/wp-json\/wp\/v2\/product_brand?post=11445"},{"taxonomy":"product_cat","embeddable":true,"href":"https:\/\/valika.eu\/fi\/wp-json\/wp\/v2\/product_cat?post=11445"},{"taxonomy":"product_tag","embeddable":true,"href":"https:\/\/valika.eu\/fi\/wp-json\/wp\/v2\/product_tag?post=11445"}],"curies":[{"name":"wp","href":"https:\/\/api.w.org\/{rel}","templated":true}]}}