{"id":11461,"date":"2025-01-09T06:46:29","date_gmt":"2025-01-09T04:46:29","guid":{"rendered":"https:\/\/valika.eu\/toode\/claresa-easy-on-the-eye-02-brown-lotus-kauakestev-geeljas-silmapliiats-03g\/"},"modified":"2025-07-02T05:03:12","modified_gmt":"2025-07-02T02:03:12","slug":"claresa-easy-on-the-eye-02-brown-lotus-kauakestev-geeljas-silmapliiats-03g","status":"publish","type":"product","link":"https:\/\/valika.eu\/fi\/toode\/claresa-easy-on-the-eye-02-brown-lotus-kauakestev-geeljas-silmapliiats-03g\/","title":{"rendered":"Claresa EASY ON THE EYE 02 BROWN LOTUS Pitk\u00e4kestoinen geelirajauskyn\u00e4 0,3g"},"content":{"rendered":"<p>T\u00e4ydellist\u00e4 kyn\u00e4\u00e4 ei ole olemassa&#8230; MUTTA ON! Levityksen pehmeys ja koko p\u00e4iv\u00e4n kest\u00e4v\u00e4 v\u00e4ri \u2013 helppo silmille, se on naurettavan YKSINKERTAINEN! Kyn\u00e4 liukuu sujuvasti silm\u00e4luomelle ja asettuu sitten, pysyen kanssasi koko p\u00e4iv\u00e4n ilman tahraantumista. Lis\u00e4ksi sen mattapintainen lopputulos ja korkea pigmentti saavat meikkisi n\u00e4ytt\u00e4m\u00e4\u00e4n eritt\u00e4in ammattimaiselta!<\/p>\n<p>HAUSKA FAKTA<\/p>\n<p>N\u00e4in kermainen koostumus automaattisessa pakkauksessa?! HELPPOA! Kyn\u00e4n koostumus on kehitetty olemaan sopivan pehme\u00e4 ja liukumaan sujuvasti iholla, samalla kun se asettuu eik\u00e4 katkea. Sen koostumus sis\u00e4lt\u00e4\u00e4 E-vitamiinia ja karnaubavahaa, jotka huolehtivat ihosi hoidosta. Lis\u00e4ksi kyn\u00e4 ei sis\u00e4ll\u00e4 el\u00e4inper\u00e4isi\u00e4 raaka-aineita, mik\u00e4 tekee siit\u00e4 ihanteellisen valinnan vegaaneille ja kasvissy\u00f6jille.<\/p>\n<p>K\u00c4YTT\u00d6<\/p>\n<p>Voit k\u00e4ytt\u00e4\u00e4 easy on the eye -kyn\u00e4\u00e4 monin eri tavoin! \u00c4l\u00e4 vain levit\u00e4 sit\u00e4 vesirajaan tai luo viivaa silm\u00e4luomelle, vaan sen t\u00e4ydellisen sekoittuvuuden ansiosta voit helposti luoda sill\u00e4 smoky eyes -meikin.<\/p>\n<p>MEIKKITAITEILIJAN VINKKI<\/p>\n<p>Valitse yksi v\u00e4reist\u00e4 ja k\u00e4yt\u00e4 sit\u00e4 pohjana hohtavalle luomiv\u00e4rille! Levit\u00e4 kyn\u00e4\u00e4 liikkuvalle luomelle ja h\u00e4ivyt\u00e4, sitten taputtele valittu luomiv\u00e4ri siihen. Hohto tulee huomattavasti intensiivisemm\u00e4ksi ja v\u00e4ri saa uuden ulottuvuuden! Vai ehk\u00e4 korostettu viiva? Ota easy on the eye ja anna meikki-imaginaatiosi laukata vapaasti!<\/p>","protected":false},"excerpt":{"rendered":"<p>T\u00e4ydellist\u00e4 kyn\u00e4\u00e4 ei ole olemassa&#8230; MUTTA ON! Levityksen pehmeys ja koko p\u00e4iv\u00e4n kest\u00e4v\u00e4 v\u00e4ri \u2013 helppo silmille, se on naurettavan<\/p>\n","protected":false},"featured_media":11460,"template":"","meta":[],"product_brand":[],"product_cat":[680],"product_tag":[],"class_list":{"0":"post-11461","1":"product","2":"type-product","3":"status-publish","4":"has-post-thumbnail","6":"product_cat-eyeliner","8":"first","9":"instock","10":"taxable","11":"shipping-taxable","12":"purchasable","13":"product-type-simple"},"yoast_head":"<!-- This site is optimized with the Yoast SEO plugin v24.4 - https:\/\/yoast.com\/wordpress\/plugins\/seo\/ -->\n<title>Claresa EASY ON THE EYE 02 BROWN LOTUS Pitk\u00e4kestoinen geelirajauskyn\u00e4 0,3g | Valika<\/title>\n<meta name=\"robots\" content=\"index, follow, max-snippet:-1, max-image-preview:large, max-video-preview:-1\" \/>\n<link rel=\"canonical\" href=\"https:\/\/valika.eu\/fi\/toode\/claresa-easy-on-the-eye-02-brown-lotus-kauakestev-geeljas-silmapliiats-03g\/\" \/>\n<meta property=\"og:locale\" content=\"fi_FI\" \/>\n<meta property=\"og:type\" content=\"article\" \/>\n<meta property=\"og:title\" content=\"Claresa EASY ON THE EYE 02 BROWN LOTUS Pitk\u00e4kestoinen geelirajauskyn\u00e4 0,3g | Valika\" \/>\n<meta property=\"og:description\" content=\"T\u00e4ydellist\u00e4 kyn\u00e4\u00e4 ei ole olemassa&#8230; MUTTA ON! Levityksen pehmeys ja koko p\u00e4iv\u00e4n kest\u00e4v\u00e4 v\u00e4ri \u2013 helppo silmille, se on naurettavan\" \/>\n<meta property=\"og:url\" content=\"https:\/\/valika.eu\/fi\/toode\/claresa-easy-on-the-eye-02-brown-lotus-kauakestev-geeljas-silmapliiats-03g\/\" \/>\n<meta property=\"og:site_name\" content=\"Valika\" \/>\n<meta property=\"article:publisher\" content=\"https:\/\/www.facebook.com\/tipsi.net\" \/>\n<meta property=\"article:modified_time\" content=\"2025-07-02T02:03:12+00:00\" \/>\n<meta property=\"og:image\" content=\"https:\/\/valika.eu\/wp-content\/uploads\/2025\/01\/14282.png\" \/>\n\t<meta property=\"og:image:width\" content=\"1500\" \/>\n\t<meta property=\"og:image:height\" content=\"1500\" \/>\n\t<meta property=\"og:image:type\" content=\"image\/png\" \/>\n<meta name=\"twitter:card\" content=\"summary_large_image\" \/>\n<script type=\"application\/ld+json\" class=\"yoast-schema-graph\">{\"@context\":\"https:\/\/schema.org\",\"@graph\":[{\"@type\":\"WebPage\",\"@id\":\"https:\/\/valika.eu\/fi\/toode\/claresa-easy-on-the-eye-02-brown-lotus-kauakestev-geeljas-silmapliiats-03g\/\",\"url\":\"https:\/\/valika.eu\/fi\/toode\/claresa-easy-on-the-eye-02-brown-lotus-kauakestev-geeljas-silmapliiats-03g\/\",\"name\":\"Claresa EASY ON THE EYE 02 BROWN LOTUS Pitk\u00e4kestoinen geelirajauskyn\u00e4 0,3g | Valika\",\"isPartOf\":{\"@id\":\"https:\/\/valika.eu\/fi\/#website\"},\"primaryImageOfPage\":{\"@id\":\"https:\/\/valika.eu\/fi\/toode\/claresa-easy-on-the-eye-02-brown-lotus-kauakestev-geeljas-silmapliiats-03g\/#primaryimage\"},\"image\":{\"@id\":\"https:\/\/valika.eu\/toode\/claresa-easy-on-the-eye-02-brown-lotus-kauakestev-geeljas-silmapliiats-03g\/#primaryimage\"},\"thumbnailUrl\":\"https:\/\/valika.eu\/wp-content\/uploads\/2025\/01\/14282.png\",\"datePublished\":\"2025-01-09T04:46:29+00:00\",\"dateModified\":\"2025-07-02T02:03:12+00:00\",\"breadcrumb\":{\"@id\":\"https:\/\/valika.eu\/fi\/toode\/claresa-easy-on-the-eye-02-brown-lotus-kauakestev-geeljas-silmapliiats-03g\/#breadcrumb\"},\"inLanguage\":\"fi\",\"potentialAction\":[{\"@type\":\"ReadAction\",\"target\":[[\"https:\/\/valika.eu\/fi\/toode\/claresa-easy-on-the-eye-02-brown-lotus-kauakestev-geeljas-silmapliiats-03g\/\"]]}]},{\"@type\":\"ImageObject\",\"inLanguage\":\"fi\",\"@id\":\"https:\/\/valika.eu\/fi\/toode\/claresa-easy-on-the-eye-02-brown-lotus-kauakestev-geeljas-silmapliiats-03g\/#primaryimage\",\"url\":\"https:\/\/valika.eu\/wp-content\/uploads\/2025\/01\/14282.png\",\"contentUrl\":\"https:\/\/valika.eu\/wp-content\/uploads\/2025\/01\/14282.png\",\"width\":1500,\"height\":1500},{\"@type\":\"BreadcrumbList\",\"@id\":\"https:\/\/valika.eu\/fi\/toode\/claresa-easy-on-the-eye-02-brown-lotus-kauakestev-geeljas-silmapliiats-03g\/#breadcrumb\",\"itemListElement\":[{\"@type\":\"ListItem\",\"position\":1,\"name\":\"Koti\",\"item\":\"https:\/\/valika.eu\/fi\/\"},{\"@type\":\"ListItem\",\"position\":2,\"name\":\"Shop\",\"item\":\"https:\/\/valika.eu\/fi\/\"},{\"@type\":\"ListItem\",\"position\":3,\"name\":\"Claresa EASY ON THE EYE 02 BROWN LOTUS Long-lasting gel eye pencil 0.3g\"}]},{\"@type\":\"WebSite\",\"@id\":\"https:\/\/valika.eu\/fi\/#website\",\"url\":\"https:\/\/valika.eu\/fi\/\",\"name\":\"Valika.eu\",\"description\":\"Salonkituotteet ja kauneudenhoitotuotteet - Valika tarjoaa laajan valikoiman tuotteita ja tarvikkeita kynsiteknikoille, kauneushoitoloille, kampaamoille ja kampaamoille.\",\"publisher\":{\"@id\":\"https:\/\/valika.eu\/fi\/#organization\"},\"alternateName\":\"Valika\",\"potentialAction\":[{\"@type\":\"SearchAction\",\"target\":{\"@type\":\"EntryPoint\",\"urlTemplate\":\"https:\/\/valika.eu\/fi\/?s={search_term_string}\"},\"query-input\":{\"@type\":\"PropertyValueSpecification\",\"valueRequired\":true,\"valueName\":\"search_term_string\"}}],\"inLanguage\":\"fi\"},{\"@type\":\"Organization\",\"@id\":\"https:\/\/valika.eu\/fi\/#organization\",\"name\":\"Salongitoode O\u00dc\",\"alternateName\":\"Valika\",\"url\":\"https:\/\/valika.eu\/fi\/\",\"logo\":{\"@type\":\"ImageObject\",\"inLanguage\":\"fi\",\"@id\":\"https:\/\/valika.eu\/fi\/#\/schema\/logo\/image\/\",\"url\":\"https:\/\/valika.eu\/wp-content\/uploads\/2023\/11\/logo2-valika-footer.png\",\"contentUrl\":\"https:\/\/valika.eu\/wp-content\/uploads\/2023\/11\/logo2-valika-footer.png\",\"width\":200,\"height\":129,\"caption\":\"Salongitoode O\u00dc\"},\"image\":{\"@id\":\"https:\/\/valika.eu\/fi\/#\/schema\/logo\/image\/\"},\"sameAs\":[\"https:\/\/www.facebook.com\/tipsi.net\"]}]}<\/script>\n<!-- \/ Yoast SEO plugin. -->","yoast_head_json":{"title":"Claresa EASY ON THE EYE 02 BROWN LOTUS Pitk\u00e4kestoinen geelirajauskyn\u00e4 0,3g | Valika","robots":{"index":"index","follow":"follow","max-snippet":"max-snippet:-1","max-image-preview":"max-image-preview:large","max-video-preview":"max-video-preview:-1"},"canonical":"https:\/\/valika.eu\/fi\/toode\/claresa-easy-on-the-eye-02-brown-lotus-kauakestev-geeljas-silmapliiats-03g\/","og_locale":"fi_FI","og_type":"article","og_title":"Claresa EASY ON THE EYE 02 BROWN LOTUS Pitk\u00e4kestoinen geelirajauskyn\u00e4 0,3g | Valika","og_description":"T\u00e4ydellist\u00e4 kyn\u00e4\u00e4 ei ole olemassa&#8230; MUTTA ON! Levityksen pehmeys ja koko p\u00e4iv\u00e4n kest\u00e4v\u00e4 v\u00e4ri \u2013 helppo silmille, se on naurettavan","og_url":"https:\/\/valika.eu\/fi\/toode\/claresa-easy-on-the-eye-02-brown-lotus-kauakestev-geeljas-silmapliiats-03g\/","og_site_name":"Valika","article_publisher":"https:\/\/www.facebook.com\/tipsi.net","article_modified_time":"2025-07-02T02:03:12+00:00","og_image":[{"width":1500,"height":1500,"url":"https:\/\/valika.eu\/wp-content\/uploads\/2025\/01\/14282.png","type":"image\/png"}],"twitter_card":"summary_large_image","schema":{"@context":"https:\/\/schema.org","@graph":[{"@type":"WebPage","@id":"https:\/\/valika.eu\/fi\/toode\/claresa-easy-on-the-eye-02-brown-lotus-kauakestev-geeljas-silmapliiats-03g\/","url":"https:\/\/valika.eu\/fi\/toode\/claresa-easy-on-the-eye-02-brown-lotus-kauakestev-geeljas-silmapliiats-03g\/","name":"Claresa EASY ON THE EYE 02 BROWN LOTUS Pitk\u00e4kestoinen geelirajauskyn\u00e4 0,3g | Valika","isPartOf":{"@id":"https:\/\/valika.eu\/fi\/#website"},"primaryImageOfPage":{"@id":"https:\/\/valika.eu\/fi\/toode\/claresa-easy-on-the-eye-02-brown-lotus-kauakestev-geeljas-silmapliiats-03g\/#primaryimage"},"image":{"@id":"https:\/\/valika.eu\/toode\/claresa-easy-on-the-eye-02-brown-lotus-kauakestev-geeljas-silmapliiats-03g\/#primaryimage"},"thumbnailUrl":"https:\/\/valika.eu\/wp-content\/uploads\/2025\/01\/14282.png","datePublished":"2025-01-09T04:46:29+00:00","dateModified":"2025-07-02T02:03:12+00:00","breadcrumb":{"@id":"https:\/\/valika.eu\/fi\/toode\/claresa-easy-on-the-eye-02-brown-lotus-kauakestev-geeljas-silmapliiats-03g\/#breadcrumb"},"inLanguage":"fi","potentialAction":[{"@type":"ReadAction","target":[["https:\/\/valika.eu\/fi\/toode\/claresa-easy-on-the-eye-02-brown-lotus-kauakestev-geeljas-silmapliiats-03g\/"]]}]},{"@type":"ImageObject","inLanguage":"fi","@id":"https:\/\/valika.eu\/fi\/toode\/claresa-easy-on-the-eye-02-brown-lotus-kauakestev-geeljas-silmapliiats-03g\/#primaryimage","url":"https:\/\/valika.eu\/wp-content\/uploads\/2025\/01\/14282.png","contentUrl":"https:\/\/valika.eu\/wp-content\/uploads\/2025\/01\/14282.png","width":1500,"height":1500},{"@type":"BreadcrumbList","@id":"https:\/\/valika.eu\/fi\/toode\/claresa-easy-on-the-eye-02-brown-lotus-kauakestev-geeljas-silmapliiats-03g\/#breadcrumb","itemListElement":[{"@type":"ListItem","position":1,"name":"Koti","item":"https:\/\/valika.eu\/fi\/"},{"@type":"ListItem","position":2,"name":"Shop","item":"https:\/\/valika.eu\/fi\/"},{"@type":"ListItem","position":3,"name":"Claresa EASY ON THE EYE 02 BROWN LOTUS Long-lasting gel eye pencil 0.3g"}]},{"@type":"WebSite","@id":"https:\/\/valika.eu\/fi\/#website","url":"https:\/\/valika.eu\/fi\/","name":"Valika.eu","description":"Salonkituotteet ja kauneudenhoitotuotteet - Valika tarjoaa laajan valikoiman tuotteita ja tarvikkeita kynsiteknikoille, kauneushoitoloille, kampaamoille ja kampaamoille.","publisher":{"@id":"https:\/\/valika.eu\/fi\/#organization"},"alternateName":"Valika","potentialAction":[{"@type":"SearchAction","target":{"@type":"EntryPoint","urlTemplate":"https:\/\/valika.eu\/fi\/?s={search_term_string}"},"query-input":{"@type":"PropertyValueSpecification","valueRequired":true,"valueName":"search_term_string"}}],"inLanguage":"fi"},{"@type":"Organization","@id":"https:\/\/valika.eu\/fi\/#organization","name":"Salongitoode O\u00dc","alternateName":"Valika","url":"https:\/\/valika.eu\/fi\/","logo":{"@type":"ImageObject","inLanguage":"fi","@id":"https:\/\/valika.eu\/fi\/#\/schema\/logo\/image\/","url":"https:\/\/valika.eu\/wp-content\/uploads\/2023\/11\/logo2-valika-footer.png","contentUrl":"https:\/\/valika.eu\/wp-content\/uploads\/2023\/11\/logo2-valika-footer.png","width":200,"height":129,"caption":"Salongitoode O\u00dc"},"image":{"@id":"https:\/\/valika.eu\/fi\/#\/schema\/logo\/image\/"},"sameAs":["https:\/\/www.facebook.com\/tipsi.net"]}]}},"jetpack_sharing_enabled":true,"_links":{"self":[{"href":"https:\/\/valika.eu\/fi\/wp-json\/wp\/v2\/product\/11461","targetHints":{"allow":["GET"]}}],"collection":[{"href":"https:\/\/valika.eu\/fi\/wp-json\/wp\/v2\/product"}],"about":[{"href":"https:\/\/valika.eu\/fi\/wp-json\/wp\/v2\/types\/product"}],"wp:featuredmedia":[{"embeddable":true,"href":"https:\/\/valika.eu\/fi\/wp-json\/wp\/v2\/media\/11460"}],"wp:attachment":[{"href":"https:\/\/valika.eu\/fi\/wp-json\/wp\/v2\/media?parent=11461"}],"wp:term":[{"taxonomy":"product_brand","embeddable":true,"href":"https:\/\/valika.eu\/fi\/wp-json\/wp\/v2\/product_brand?post=11461"},{"taxonomy":"product_cat","embeddable":true,"href":"https:\/\/valika.eu\/fi\/wp-json\/wp\/v2\/product_cat?post=11461"},{"taxonomy":"product_tag","embeddable":true,"href":"https:\/\/valika.eu\/fi\/wp-json\/wp\/v2\/product_tag?post=11461"}],"curies":[{"name":"wp","href":"https:\/\/api.w.org\/{rel}","templated":true}]}}