{"id":11482,"date":"2025-01-09T06:47:11","date_gmt":"2025-01-09T04:47:11","guid":{"rendered":"https:\/\/valika.eu\/toode\/claresa-ripsmetuss-extreme-curl\/"},"modified":"2025-07-02T05:03:12","modified_gmt":"2025-07-02T02:03:12","slug":"claresa-ripsmetuss-extreme-curl","status":"publish","type":"product","link":"https:\/\/valika.eu\/fi\/toode\/claresa-ripsmetuss-extreme-curl\/","title":{"rendered":"Claresa ripsiv\u00e4ri taivuttava EXTREME CURL"},"content":{"rendered":"<p>Eritt\u00e4in taivuttava ripsiv\u00e4ri, jossa on tarkka harja, joka ylt\u00e4\u00e4 jopa vaikeasti saavutettaviin alueisiin ripsirajalla. Se tarjoaa aistillisen taivutusefektin sek\u00e4 ripsien erottelun ja muotoilun. Intensiivinen musta v\u00e4ri ja pitk\u00e4kestoinen, kosteudenkest\u00e4v\u00e4 koostumus takaavat kauniin ripsiviuhkan useiksi tunneiksi.<\/p>\n<p>HAUSKA FAKTA<br \/>\nCarnaubavaha luo kerroksen karvojen pinnalle, joka auttaa s\u00e4ilytt\u00e4m\u00e4\u00e4n kosteuden, ja synteettinen mehil\u00e4isvaha on ihanteellinen vaihtoehto niille, jotka ovat allergisia sen luonnolliselle versiolle.<\/p>\n<p>SOVELLUS<br \/>\nLevit\u00e4 ripsiv\u00e4ri\u00e4 ripsien tyvest\u00e4 aivan k\u00e4rkiin asti. Voit v\u00e4hitellen lis\u00e4t\u00e4 paksuntavaa ja pident\u00e4v\u00e4\u00e4 vaikutusta lis\u00e4\u00e4m\u00e4ll\u00e4 lis\u00e4kerroksia.<\/p>","protected":false},"excerpt":{"rendered":"<p>Eritt\u00e4in taivuttava ripsiv\u00e4ri, jossa on tarkka harja, joka ylt\u00e4\u00e4 jopa vaikeasti saavutettaviin alueisiin ripsirajalla. Se tarjoaa aistillisen taivutusefektin sek\u00e4 ripsien<\/p>\n","protected":false},"featured_media":11481,"template":"","meta":[],"product_brand":[],"product_cat":[681],"product_tag":[],"class_list":{"0":"post-11482","1":"product","2":"type-product","3":"status-publish","4":"has-post-thumbnail","6":"product_cat-mascara","8":"first","9":"instock","10":"taxable","11":"shipping-taxable","12":"purchasable","13":"product-type-simple"},"yoast_head":"<!-- This site is optimized with the Yoast SEO plugin v24.4 - https:\/\/yoast.com\/wordpress\/plugins\/seo\/ -->\n<title>Claresa ripsiv\u00e4ri taivuttava EXTREME CURL | Valika<\/title>\n<meta name=\"robots\" content=\"index, follow, max-snippet:-1, max-image-preview:large, max-video-preview:-1\" \/>\n<link rel=\"canonical\" href=\"https:\/\/valika.eu\/fi\/toode\/claresa-ripsmetuss-extreme-curl\/\" \/>\n<meta property=\"og:locale\" content=\"fi_FI\" \/>\n<meta property=\"og:type\" content=\"article\" \/>\n<meta property=\"og:title\" content=\"Claresa ripsiv\u00e4ri taivuttava EXTREME CURL | Valika\" \/>\n<meta property=\"og:description\" content=\"Eritt\u00e4in taivuttava ripsiv\u00e4ri, jossa on tarkka harja, joka ylt\u00e4\u00e4 jopa vaikeasti saavutettaviin alueisiin ripsirajalla. Se tarjoaa aistillisen taivutusefektin sek\u00e4 ripsien\" \/>\n<meta property=\"og:url\" content=\"https:\/\/valika.eu\/fi\/toode\/claresa-ripsmetuss-extreme-curl\/\" \/>\n<meta property=\"og:site_name\" content=\"Valika\" \/>\n<meta property=\"article:publisher\" content=\"https:\/\/www.facebook.com\/tipsi.net\" \/>\n<meta property=\"article:modified_time\" content=\"2025-07-02T02:03:12+00:00\" \/>\n<meta property=\"og:image\" content=\"https:\/\/valika.eu\/wp-content\/uploads\/2025\/01\/6999.jpg\" \/>\n\t<meta property=\"og:image:width\" content=\"1500\" \/>\n\t<meta property=\"og:image:height\" content=\"1500\" \/>\n\t<meta property=\"og:image:type\" content=\"image\/jpeg\" \/>\n<meta name=\"twitter:card\" content=\"summary_large_image\" \/>\n<script type=\"application\/ld+json\" class=\"yoast-schema-graph\">{\"@context\":\"https:\/\/schema.org\",\"@graph\":[{\"@type\":\"WebPage\",\"@id\":\"https:\/\/valika.eu\/fi\/toode\/claresa-ripsmetuss-extreme-curl\/\",\"url\":\"https:\/\/valika.eu\/fi\/toode\/claresa-ripsmetuss-extreme-curl\/\",\"name\":\"Claresa ripsiv\u00e4ri taivuttava EXTREME CURL | Valika\",\"isPartOf\":{\"@id\":\"https:\/\/valika.eu\/fi\/#website\"},\"primaryImageOfPage\":{\"@id\":\"https:\/\/valika.eu\/fi\/toode\/claresa-ripsmetuss-extreme-curl\/#primaryimage\"},\"image\":{\"@id\":\"https:\/\/valika.eu\/toode\/claresa-ripsmetuss-extreme-curl\/#primaryimage\"},\"thumbnailUrl\":\"https:\/\/valika.eu\/wp-content\/uploads\/2025\/01\/6999.jpg\",\"datePublished\":\"2025-01-09T04:47:11+00:00\",\"dateModified\":\"2025-07-02T02:03:12+00:00\",\"breadcrumb\":{\"@id\":\"https:\/\/valika.eu\/fi\/toode\/claresa-ripsmetuss-extreme-curl\/#breadcrumb\"},\"inLanguage\":\"fi\",\"potentialAction\":[{\"@type\":\"ReadAction\",\"target\":[[\"https:\/\/valika.eu\/fi\/toode\/claresa-ripsmetuss-extreme-curl\/\"]]}]},{\"@type\":\"ImageObject\",\"inLanguage\":\"fi\",\"@id\":\"https:\/\/valika.eu\/fi\/toode\/claresa-ripsmetuss-extreme-curl\/#primaryimage\",\"url\":\"https:\/\/valika.eu\/wp-content\/uploads\/2025\/01\/6999.jpg\",\"contentUrl\":\"https:\/\/valika.eu\/wp-content\/uploads\/2025\/01\/6999.jpg\",\"width\":1500,\"height\":1500},{\"@type\":\"BreadcrumbList\",\"@id\":\"https:\/\/valika.eu\/fi\/toode\/claresa-ripsmetuss-extreme-curl\/#breadcrumb\",\"itemListElement\":[{\"@type\":\"ListItem\",\"position\":1,\"name\":\"Koti\",\"item\":\"https:\/\/valika.eu\/fi\/\"},{\"@type\":\"ListItem\",\"position\":2,\"name\":\"Shop\",\"item\":\"https:\/\/valika.eu\/fi\/\"},{\"@type\":\"ListItem\",\"position\":3,\"name\":\"Claresa curling mascara EXTREME CURL\"}]},{\"@type\":\"WebSite\",\"@id\":\"https:\/\/valika.eu\/fi\/#website\",\"url\":\"https:\/\/valika.eu\/fi\/\",\"name\":\"Valika.eu\",\"description\":\"Salonkituotteet ja kauneudenhoitotuotteet - Valika tarjoaa laajan valikoiman tuotteita ja tarvikkeita kynsiteknikoille, kauneushoitoloille, kampaamoille ja kampaamoille.\",\"publisher\":{\"@id\":\"https:\/\/valika.eu\/fi\/#organization\"},\"alternateName\":\"Valika\",\"potentialAction\":[{\"@type\":\"SearchAction\",\"target\":{\"@type\":\"EntryPoint\",\"urlTemplate\":\"https:\/\/valika.eu\/fi\/?s={search_term_string}\"},\"query-input\":{\"@type\":\"PropertyValueSpecification\",\"valueRequired\":true,\"valueName\":\"search_term_string\"}}],\"inLanguage\":\"fi\"},{\"@type\":\"Organization\",\"@id\":\"https:\/\/valika.eu\/fi\/#organization\",\"name\":\"Salongitoode O\u00dc\",\"alternateName\":\"Valika\",\"url\":\"https:\/\/valika.eu\/fi\/\",\"logo\":{\"@type\":\"ImageObject\",\"inLanguage\":\"fi\",\"@id\":\"https:\/\/valika.eu\/fi\/#\/schema\/logo\/image\/\",\"url\":\"https:\/\/valika.eu\/wp-content\/uploads\/2023\/11\/logo2-valika-footer.png\",\"contentUrl\":\"https:\/\/valika.eu\/wp-content\/uploads\/2023\/11\/logo2-valika-footer.png\",\"width\":200,\"height\":129,\"caption\":\"Salongitoode O\u00dc\"},\"image\":{\"@id\":\"https:\/\/valika.eu\/fi\/#\/schema\/logo\/image\/\"},\"sameAs\":[\"https:\/\/www.facebook.com\/tipsi.net\"]}]}<\/script>\n<!-- \/ Yoast SEO plugin. -->","yoast_head_json":{"title":"Claresa ripsiv\u00e4ri taivuttava EXTREME CURL | Valika","robots":{"index":"index","follow":"follow","max-snippet":"max-snippet:-1","max-image-preview":"max-image-preview:large","max-video-preview":"max-video-preview:-1"},"canonical":"https:\/\/valika.eu\/fi\/toode\/claresa-ripsmetuss-extreme-curl\/","og_locale":"fi_FI","og_type":"article","og_title":"Claresa ripsiv\u00e4ri taivuttava EXTREME CURL | Valika","og_description":"Eritt\u00e4in taivuttava ripsiv\u00e4ri, jossa on tarkka harja, joka ylt\u00e4\u00e4 jopa vaikeasti saavutettaviin alueisiin ripsirajalla. Se tarjoaa aistillisen taivutusefektin sek\u00e4 ripsien","og_url":"https:\/\/valika.eu\/fi\/toode\/claresa-ripsmetuss-extreme-curl\/","og_site_name":"Valika","article_publisher":"https:\/\/www.facebook.com\/tipsi.net","article_modified_time":"2025-07-02T02:03:12+00:00","og_image":[{"width":1500,"height":1500,"url":"https:\/\/valika.eu\/wp-content\/uploads\/2025\/01\/6999.jpg","type":"image\/jpeg"}],"twitter_card":"summary_large_image","schema":{"@context":"https:\/\/schema.org","@graph":[{"@type":"WebPage","@id":"https:\/\/valika.eu\/fi\/toode\/claresa-ripsmetuss-extreme-curl\/","url":"https:\/\/valika.eu\/fi\/toode\/claresa-ripsmetuss-extreme-curl\/","name":"Claresa ripsiv\u00e4ri taivuttava EXTREME CURL | Valika","isPartOf":{"@id":"https:\/\/valika.eu\/fi\/#website"},"primaryImageOfPage":{"@id":"https:\/\/valika.eu\/fi\/toode\/claresa-ripsmetuss-extreme-curl\/#primaryimage"},"image":{"@id":"https:\/\/valika.eu\/toode\/claresa-ripsmetuss-extreme-curl\/#primaryimage"},"thumbnailUrl":"https:\/\/valika.eu\/wp-content\/uploads\/2025\/01\/6999.jpg","datePublished":"2025-01-09T04:47:11+00:00","dateModified":"2025-07-02T02:03:12+00:00","breadcrumb":{"@id":"https:\/\/valika.eu\/fi\/toode\/claresa-ripsmetuss-extreme-curl\/#breadcrumb"},"inLanguage":"fi","potentialAction":[{"@type":"ReadAction","target":[["https:\/\/valika.eu\/fi\/toode\/claresa-ripsmetuss-extreme-curl\/"]]}]},{"@type":"ImageObject","inLanguage":"fi","@id":"https:\/\/valika.eu\/fi\/toode\/claresa-ripsmetuss-extreme-curl\/#primaryimage","url":"https:\/\/valika.eu\/wp-content\/uploads\/2025\/01\/6999.jpg","contentUrl":"https:\/\/valika.eu\/wp-content\/uploads\/2025\/01\/6999.jpg","width":1500,"height":1500},{"@type":"BreadcrumbList","@id":"https:\/\/valika.eu\/fi\/toode\/claresa-ripsmetuss-extreme-curl\/#breadcrumb","itemListElement":[{"@type":"ListItem","position":1,"name":"Koti","item":"https:\/\/valika.eu\/fi\/"},{"@type":"ListItem","position":2,"name":"Shop","item":"https:\/\/valika.eu\/fi\/"},{"@type":"ListItem","position":3,"name":"Claresa curling mascara EXTREME CURL"}]},{"@type":"WebSite","@id":"https:\/\/valika.eu\/fi\/#website","url":"https:\/\/valika.eu\/fi\/","name":"Valika.eu","description":"Salonkituotteet ja kauneudenhoitotuotteet - Valika tarjoaa laajan valikoiman tuotteita ja tarvikkeita kynsiteknikoille, kauneushoitoloille, kampaamoille ja kampaamoille.","publisher":{"@id":"https:\/\/valika.eu\/fi\/#organization"},"alternateName":"Valika","potentialAction":[{"@type":"SearchAction","target":{"@type":"EntryPoint","urlTemplate":"https:\/\/valika.eu\/fi\/?s={search_term_string}"},"query-input":{"@type":"PropertyValueSpecification","valueRequired":true,"valueName":"search_term_string"}}],"inLanguage":"fi"},{"@type":"Organization","@id":"https:\/\/valika.eu\/fi\/#organization","name":"Salongitoode O\u00dc","alternateName":"Valika","url":"https:\/\/valika.eu\/fi\/","logo":{"@type":"ImageObject","inLanguage":"fi","@id":"https:\/\/valika.eu\/fi\/#\/schema\/logo\/image\/","url":"https:\/\/valika.eu\/wp-content\/uploads\/2023\/11\/logo2-valika-footer.png","contentUrl":"https:\/\/valika.eu\/wp-content\/uploads\/2023\/11\/logo2-valika-footer.png","width":200,"height":129,"caption":"Salongitoode O\u00dc"},"image":{"@id":"https:\/\/valika.eu\/fi\/#\/schema\/logo\/image\/"},"sameAs":["https:\/\/www.facebook.com\/tipsi.net"]}]}},"jetpack_sharing_enabled":true,"_links":{"self":[{"href":"https:\/\/valika.eu\/fi\/wp-json\/wp\/v2\/product\/11482","targetHints":{"allow":["GET"]}}],"collection":[{"href":"https:\/\/valika.eu\/fi\/wp-json\/wp\/v2\/product"}],"about":[{"href":"https:\/\/valika.eu\/fi\/wp-json\/wp\/v2\/types\/product"}],"wp:featuredmedia":[{"embeddable":true,"href":"https:\/\/valika.eu\/fi\/wp-json\/wp\/v2\/media\/11481"}],"wp:attachment":[{"href":"https:\/\/valika.eu\/fi\/wp-json\/wp\/v2\/media?parent=11482"}],"wp:term":[{"taxonomy":"product_brand","embeddable":true,"href":"https:\/\/valika.eu\/fi\/wp-json\/wp\/v2\/product_brand?post=11482"},{"taxonomy":"product_cat","embeddable":true,"href":"https:\/\/valika.eu\/fi\/wp-json\/wp\/v2\/product_cat?post=11482"},{"taxonomy":"product_tag","embeddable":true,"href":"https:\/\/valika.eu\/fi\/wp-json\/wp\/v2\/product_tag?post=11482"}],"curies":[{"name":"wp","href":"https:\/\/api.w.org\/{rel}","templated":true}]}}