{"id":11488,"date":"2025-01-09T06:47:17","date_gmt":"2025-01-09T04:47:17","guid":{"rendered":"https:\/\/valika.eu\/toode\/claresa-ripsmetuss-fab-even-crying-waterproof-12ml\/"},"modified":"2025-07-02T05:03:12","modified_gmt":"2025-07-02T02:03:12","slug":"claresa-ripsmetuss-fab-even-crying-waterproof-12ml","status":"publish","type":"product","link":"https:\/\/valika.eu\/fi\/toode\/claresa-ripsmetuss-fab-even-crying-waterproof-12ml\/","title":{"rendered":"Claresa vedenkest\u00e4v\u00e4 ripsiv\u00e4ri FAB EVEN CRYING 12ml"},"content":{"rendered":"<p><strong>Vedenkest\u00e4v\u00e4 ripsiv\u00e4ri, tuuheuttava ja pident\u00e4v\u00e4<\/strong><\/p>\n<p><strong>FAB EVEN CRYIN\u2019<\/strong> on vedenkest\u00e4v\u00e4 ripsiv\u00e4ri, joka antaa sinulle irtoripsien vaikutelman miss\u00e4 tahansa olosuhteissa! Intensiivisen musta, vedenkest\u00e4v\u00e4 koostumus pident\u00e4\u00e4 ripsi\u00e4 visuaalisesti. Klassinen silikoniharja kampaa ne t\u00e4ydellisesti, est\u00e4en paakkuuntumisen. Ripsiv\u00e4ri tarjoaa ainutlaatuisen tuuheuttavan vaikutuksen juurista aivan k\u00e4rkiin asti. FAB EVEN CRYIN\u2019 on ripsiv\u00e4ri erityisiin teht\u00e4viin!<\/p>\n<p><strong>HAUSKA FAKTA<\/strong><\/p>\n<p>Poistaaksesi ripsiv\u00e4rin, k\u00e4yt\u00e4 tuotetta, joka on suunniteltu vedenkest\u00e4v\u00e4n meikin poistamiseen.<\/p>\n<p><strong>SOVELLUS<\/strong><\/p>\n<p>Levit\u00e4 ripsiv\u00e4ri\u00e4 juurista aivan ripsien k\u00e4rkiin asti.<\/p>\n<p><strong>MEIKKITAITEILIJAN VINKKI<\/strong><\/p>\n<p>Levit\u00e4 ripsiv\u00e4ri\u00e4 ja odota muutama minuutti, ett\u00e4 se kuivuu. Sitten ripsiv\u00e4ri muuttuu t\u00e4ysin vedenkest\u00e4v\u00e4ksi.<\/p>\n<p>Katso t\u00e4m\u00e4 julkaisu Instagramissa.<\/p>\n<p>Julkaisu, jonka jakoi Claresa (@claresanails)<\/p>","protected":false},"excerpt":{"rendered":"<p>Vedenkest\u00e4v\u00e4 ripsiv\u00e4ri, tuuheuttava ja pident\u00e4v\u00e4 FAB EVEN CRYIN\u2019 on vedenkest\u00e4v\u00e4 ripsiv\u00e4ri, joka antaa sinulle irtoripsien vaikutelman miss\u00e4 tahansa olosuhteissa! Intensiivisen<\/p>\n","protected":false},"featured_media":11487,"template":"","meta":[],"product_brand":[],"product_cat":[681],"product_tag":[],"class_list":{"0":"post-11488","1":"product","2":"type-product","3":"status-publish","4":"has-post-thumbnail","6":"product_cat-mascara","8":"first","9":"instock","10":"taxable","11":"shipping-taxable","12":"purchasable","13":"product-type-simple"},"yoast_head":"<!-- This site is optimized with the Yoast SEO plugin v24.4 - https:\/\/yoast.com\/wordpress\/plugins\/seo\/ -->\n<title>Claresa vedenkest\u00e4v\u00e4 ripsiv\u00e4ri FAB EVEN CRYING 12ml | Valika<\/title>\n<meta name=\"robots\" content=\"index, follow, max-snippet:-1, max-image-preview:large, max-video-preview:-1\" \/>\n<link rel=\"canonical\" href=\"https:\/\/valika.eu\/fi\/toode\/claresa-ripsmetuss-fab-even-crying-waterproof-12ml\/\" \/>\n<meta property=\"og:locale\" content=\"fi_FI\" \/>\n<meta property=\"og:type\" content=\"article\" \/>\n<meta property=\"og:title\" content=\"Claresa vedenkest\u00e4v\u00e4 ripsiv\u00e4ri FAB EVEN CRYING 12ml | Valika\" \/>\n<meta property=\"og:description\" content=\"Vedenkest\u00e4v\u00e4 ripsiv\u00e4ri, tuuheuttava ja pident\u00e4v\u00e4 FAB EVEN CRYIN\u2019 on vedenkest\u00e4v\u00e4 ripsiv\u00e4ri, joka antaa sinulle irtoripsien vaikutelman miss\u00e4 tahansa olosuhteissa! Intensiivisen\" \/>\n<meta property=\"og:url\" content=\"https:\/\/valika.eu\/fi\/toode\/claresa-ripsmetuss-fab-even-crying-waterproof-12ml\/\" \/>\n<meta property=\"og:site_name\" content=\"Valika\" \/>\n<meta property=\"article:publisher\" content=\"https:\/\/www.facebook.com\/tipsi.net\" \/>\n<meta property=\"article:modified_time\" content=\"2025-07-02T02:03:12+00:00\" \/>\n<meta property=\"og:image\" content=\"https:\/\/valika.eu\/wp-content\/uploads\/2025\/01\/2909.jpg\" \/>\n\t<meta property=\"og:image:width\" content=\"2048\" \/>\n\t<meta property=\"og:image:height\" content=\"2048\" \/>\n\t<meta property=\"og:image:type\" content=\"image\/jpeg\" \/>\n<meta name=\"twitter:card\" content=\"summary_large_image\" \/>\n<script type=\"application\/ld+json\" class=\"yoast-schema-graph\">{\"@context\":\"https:\/\/schema.org\",\"@graph\":[{\"@type\":\"WebPage\",\"@id\":\"https:\/\/valika.eu\/fi\/toode\/claresa-ripsmetuss-fab-even-crying-waterproof-12ml\/\",\"url\":\"https:\/\/valika.eu\/fi\/toode\/claresa-ripsmetuss-fab-even-crying-waterproof-12ml\/\",\"name\":\"Claresa vedenkest\u00e4v\u00e4 ripsiv\u00e4ri FAB EVEN CRYING 12ml | Valika\",\"isPartOf\":{\"@id\":\"https:\/\/valika.eu\/fi\/#website\"},\"primaryImageOfPage\":{\"@id\":\"https:\/\/valika.eu\/fi\/toode\/claresa-ripsmetuss-fab-even-crying-waterproof-12ml\/#primaryimage\"},\"image\":{\"@id\":\"https:\/\/valika.eu\/toode\/claresa-ripsmetuss-fab-even-crying-waterproof-12ml\/#primaryimage\"},\"thumbnailUrl\":\"https:\/\/valika.eu\/wp-content\/uploads\/2025\/01\/2909.jpg\",\"datePublished\":\"2025-01-09T04:47:17+00:00\",\"dateModified\":\"2025-07-02T02:03:12+00:00\",\"breadcrumb\":{\"@id\":\"https:\/\/valika.eu\/fi\/toode\/claresa-ripsmetuss-fab-even-crying-waterproof-12ml\/#breadcrumb\"},\"inLanguage\":\"fi\",\"potentialAction\":[{\"@type\":\"ReadAction\",\"target\":[[\"https:\/\/valika.eu\/fi\/toode\/claresa-ripsmetuss-fab-even-crying-waterproof-12ml\/\"]]}]},{\"@type\":\"ImageObject\",\"inLanguage\":\"fi\",\"@id\":\"https:\/\/valika.eu\/fi\/toode\/claresa-ripsmetuss-fab-even-crying-waterproof-12ml\/#primaryimage\",\"url\":\"https:\/\/valika.eu\/wp-content\/uploads\/2025\/01\/2909.jpg\",\"contentUrl\":\"https:\/\/valika.eu\/wp-content\/uploads\/2025\/01\/2909.jpg\",\"width\":2048,\"height\":2048},{\"@type\":\"BreadcrumbList\",\"@id\":\"https:\/\/valika.eu\/fi\/toode\/claresa-ripsmetuss-fab-even-crying-waterproof-12ml\/#breadcrumb\",\"itemListElement\":[{\"@type\":\"ListItem\",\"position\":1,\"name\":\"Koti\",\"item\":\"https:\/\/valika.eu\/fi\/\"},{\"@type\":\"ListItem\",\"position\":2,\"name\":\"Shop\",\"item\":\"https:\/\/valika.eu\/fi\/\"},{\"@type\":\"ListItem\",\"position\":3,\"name\":\"Claresa mascara FAB EVEN CRYING -WATERPROOF 12ml\"}]},{\"@type\":\"WebSite\",\"@id\":\"https:\/\/valika.eu\/fi\/#website\",\"url\":\"https:\/\/valika.eu\/fi\/\",\"name\":\"Valika.eu\",\"description\":\"Salonkituotteet ja kauneudenhoitotuotteet - Valika tarjoaa laajan valikoiman tuotteita ja tarvikkeita kynsiteknikoille, kauneushoitoloille, kampaamoille ja kampaamoille.\",\"publisher\":{\"@id\":\"https:\/\/valika.eu\/fi\/#organization\"},\"alternateName\":\"Valika\",\"potentialAction\":[{\"@type\":\"SearchAction\",\"target\":{\"@type\":\"EntryPoint\",\"urlTemplate\":\"https:\/\/valika.eu\/fi\/?s={search_term_string}\"},\"query-input\":{\"@type\":\"PropertyValueSpecification\",\"valueRequired\":true,\"valueName\":\"search_term_string\"}}],\"inLanguage\":\"fi\"},{\"@type\":\"Organization\",\"@id\":\"https:\/\/valika.eu\/fi\/#organization\",\"name\":\"Salongitoode O\u00dc\",\"alternateName\":\"Valika\",\"url\":\"https:\/\/valika.eu\/fi\/\",\"logo\":{\"@type\":\"ImageObject\",\"inLanguage\":\"fi\",\"@id\":\"https:\/\/valika.eu\/fi\/#\/schema\/logo\/image\/\",\"url\":\"https:\/\/valika.eu\/wp-content\/uploads\/2023\/11\/logo2-valika-footer.png\",\"contentUrl\":\"https:\/\/valika.eu\/wp-content\/uploads\/2023\/11\/logo2-valika-footer.png\",\"width\":200,\"height\":129,\"caption\":\"Salongitoode O\u00dc\"},\"image\":{\"@id\":\"https:\/\/valika.eu\/fi\/#\/schema\/logo\/image\/\"},\"sameAs\":[\"https:\/\/www.facebook.com\/tipsi.net\"]}]}<\/script>\n<!-- \/ Yoast SEO plugin. -->","yoast_head_json":{"title":"Claresa vedenkest\u00e4v\u00e4 ripsiv\u00e4ri FAB EVEN CRYING 12ml | Valika","robots":{"index":"index","follow":"follow","max-snippet":"max-snippet:-1","max-image-preview":"max-image-preview:large","max-video-preview":"max-video-preview:-1"},"canonical":"https:\/\/valika.eu\/fi\/toode\/claresa-ripsmetuss-fab-even-crying-waterproof-12ml\/","og_locale":"fi_FI","og_type":"article","og_title":"Claresa vedenkest\u00e4v\u00e4 ripsiv\u00e4ri FAB EVEN CRYING 12ml | Valika","og_description":"Vedenkest\u00e4v\u00e4 ripsiv\u00e4ri, tuuheuttava ja pident\u00e4v\u00e4 FAB EVEN CRYIN\u2019 on vedenkest\u00e4v\u00e4 ripsiv\u00e4ri, joka antaa sinulle irtoripsien vaikutelman miss\u00e4 tahansa olosuhteissa! Intensiivisen","og_url":"https:\/\/valika.eu\/fi\/toode\/claresa-ripsmetuss-fab-even-crying-waterproof-12ml\/","og_site_name":"Valika","article_publisher":"https:\/\/www.facebook.com\/tipsi.net","article_modified_time":"2025-07-02T02:03:12+00:00","og_image":[{"width":2048,"height":2048,"url":"https:\/\/valika.eu\/wp-content\/uploads\/2025\/01\/2909.jpg","type":"image\/jpeg"}],"twitter_card":"summary_large_image","schema":{"@context":"https:\/\/schema.org","@graph":[{"@type":"WebPage","@id":"https:\/\/valika.eu\/fi\/toode\/claresa-ripsmetuss-fab-even-crying-waterproof-12ml\/","url":"https:\/\/valika.eu\/fi\/toode\/claresa-ripsmetuss-fab-even-crying-waterproof-12ml\/","name":"Claresa vedenkest\u00e4v\u00e4 ripsiv\u00e4ri FAB EVEN CRYING 12ml | Valika","isPartOf":{"@id":"https:\/\/valika.eu\/fi\/#website"},"primaryImageOfPage":{"@id":"https:\/\/valika.eu\/fi\/toode\/claresa-ripsmetuss-fab-even-crying-waterproof-12ml\/#primaryimage"},"image":{"@id":"https:\/\/valika.eu\/toode\/claresa-ripsmetuss-fab-even-crying-waterproof-12ml\/#primaryimage"},"thumbnailUrl":"https:\/\/valika.eu\/wp-content\/uploads\/2025\/01\/2909.jpg","datePublished":"2025-01-09T04:47:17+00:00","dateModified":"2025-07-02T02:03:12+00:00","breadcrumb":{"@id":"https:\/\/valika.eu\/fi\/toode\/claresa-ripsmetuss-fab-even-crying-waterproof-12ml\/#breadcrumb"},"inLanguage":"fi","potentialAction":[{"@type":"ReadAction","target":[["https:\/\/valika.eu\/fi\/toode\/claresa-ripsmetuss-fab-even-crying-waterproof-12ml\/"]]}]},{"@type":"ImageObject","inLanguage":"fi","@id":"https:\/\/valika.eu\/fi\/toode\/claresa-ripsmetuss-fab-even-crying-waterproof-12ml\/#primaryimage","url":"https:\/\/valika.eu\/wp-content\/uploads\/2025\/01\/2909.jpg","contentUrl":"https:\/\/valika.eu\/wp-content\/uploads\/2025\/01\/2909.jpg","width":2048,"height":2048},{"@type":"BreadcrumbList","@id":"https:\/\/valika.eu\/fi\/toode\/claresa-ripsmetuss-fab-even-crying-waterproof-12ml\/#breadcrumb","itemListElement":[{"@type":"ListItem","position":1,"name":"Koti","item":"https:\/\/valika.eu\/fi\/"},{"@type":"ListItem","position":2,"name":"Shop","item":"https:\/\/valika.eu\/fi\/"},{"@type":"ListItem","position":3,"name":"Claresa mascara FAB EVEN CRYING -WATERPROOF 12ml"}]},{"@type":"WebSite","@id":"https:\/\/valika.eu\/fi\/#website","url":"https:\/\/valika.eu\/fi\/","name":"Valika.eu","description":"Salonkituotteet ja kauneudenhoitotuotteet - Valika tarjoaa laajan valikoiman tuotteita ja tarvikkeita kynsiteknikoille, kauneushoitoloille, kampaamoille ja kampaamoille.","publisher":{"@id":"https:\/\/valika.eu\/fi\/#organization"},"alternateName":"Valika","potentialAction":[{"@type":"SearchAction","target":{"@type":"EntryPoint","urlTemplate":"https:\/\/valika.eu\/fi\/?s={search_term_string}"},"query-input":{"@type":"PropertyValueSpecification","valueRequired":true,"valueName":"search_term_string"}}],"inLanguage":"fi"},{"@type":"Organization","@id":"https:\/\/valika.eu\/fi\/#organization","name":"Salongitoode O\u00dc","alternateName":"Valika","url":"https:\/\/valika.eu\/fi\/","logo":{"@type":"ImageObject","inLanguage":"fi","@id":"https:\/\/valika.eu\/fi\/#\/schema\/logo\/image\/","url":"https:\/\/valika.eu\/wp-content\/uploads\/2023\/11\/logo2-valika-footer.png","contentUrl":"https:\/\/valika.eu\/wp-content\/uploads\/2023\/11\/logo2-valika-footer.png","width":200,"height":129,"caption":"Salongitoode O\u00dc"},"image":{"@id":"https:\/\/valika.eu\/fi\/#\/schema\/logo\/image\/"},"sameAs":["https:\/\/www.facebook.com\/tipsi.net"]}]}},"jetpack_sharing_enabled":true,"_links":{"self":[{"href":"https:\/\/valika.eu\/fi\/wp-json\/wp\/v2\/product\/11488","targetHints":{"allow":["GET"]}}],"collection":[{"href":"https:\/\/valika.eu\/fi\/wp-json\/wp\/v2\/product"}],"about":[{"href":"https:\/\/valika.eu\/fi\/wp-json\/wp\/v2\/types\/product"}],"wp:featuredmedia":[{"embeddable":true,"href":"https:\/\/valika.eu\/fi\/wp-json\/wp\/v2\/media\/11487"}],"wp:attachment":[{"href":"https:\/\/valika.eu\/fi\/wp-json\/wp\/v2\/media?parent=11488"}],"wp:term":[{"taxonomy":"product_brand","embeddable":true,"href":"https:\/\/valika.eu\/fi\/wp-json\/wp\/v2\/product_brand?post=11488"},{"taxonomy":"product_cat","embeddable":true,"href":"https:\/\/valika.eu\/fi\/wp-json\/wp\/v2\/product_cat?post=11488"},{"taxonomy":"product_tag","embeddable":true,"href":"https:\/\/valika.eu\/fi\/wp-json\/wp\/v2\/product_tag?post=11488"}],"curies":[{"name":"wp","href":"https:\/\/api.w.org\/{rel}","templated":true}]}}