{"id":11494,"date":"2025-01-09T06:47:25","date_gmt":"2025-01-09T04:47:25","guid":{"rendered":"https:\/\/valika.eu\/toode\/claresa-ripsmetuss-hottie-sugav-must-12ml\/"},"modified":"2025-07-02T05:03:12","modified_gmt":"2025-07-02T02:03:12","slug":"claresa-ripsmetuss-hottie-sugav-must-12ml","status":"publish","type":"product","link":"https:\/\/valika.eu\/fi\/toode\/claresa-ripsmetuss-hottie-sugav-must-12ml\/","title":{"rendered":"Claresa ripsiv\u00e4ri HOTTIE &#8211; DEEP BLACK 12ml"},"content":{"rendered":"<p>Ripsi\u00e4 pident\u00e4v\u00e4 ja tuuheuttava ripsiv\u00e4ri<\/p>\n<p>Saa kuuma ilme HOTTIE-ripsiv\u00e4rill\u00e4! Intensiivisen musta, pitk\u00e4kestoinen koostumus pident\u00e4\u00e4 ripsi\u00e4 visuaalisesti, ja tarkka silikoniharja erottaa ne t\u00e4ydellisesti ja mahdollistaa perusteellisen levityksen. Ripsiv\u00e4ri tuuheuttaa ripsi\u00e4 maksimaalisesti juurista k\u00e4rkiin, mahdollistaen yksil\u00f6llisen volyymin luomisen lis\u00e4\u00e4m\u00e4ll\u00e4 lis\u00e4kerroksia. HOTTIE on luotu ripsille, jotka tarvitsevat ilmeik\u00e4st\u00e4 tuuheutusta ja pident\u00e4mist\u00e4.<\/p>\n<p>SOVELLUS<\/p>\n<p>Levit\u00e4 ripsiv\u00e4ri\u00e4 ripsien juurista k\u00e4rkiin.<\/p>\n<p>MEIKKITAITEILIJAN VINKKI<\/p>\n<p>Aloita ripsiv\u00e4rin levitys peitt\u00e4m\u00e4ll\u00e4 ripset ylh\u00e4\u00e4lt\u00e4, sitten levit\u00e4 alhaalta. T\u00e4m\u00e4 tekee katseestasi ilmeikk\u00e4\u00e4mm\u00e4n, ja ripsist\u00e4 tulee tasaisen intensiivisen mustat. Voit tehostaa tuuheuttavaa ja pident\u00e4v\u00e4\u00e4 vaikutusta lis\u00e4\u00e4m\u00e4ll\u00e4 enemm\u00e4n ripsiv\u00e4rikerroksia.<\/p>\n<p>Katso t\u00e4m\u00e4 julkaisu Instagramissa.<\/p>\n<p>Julkaisu, jonka jakoi Claresa (@claresanails)<\/p>","protected":false},"excerpt":{"rendered":"<p>Ripsi\u00e4 pident\u00e4v\u00e4 ja tuuheuttava ripsiv\u00e4ri Saa kuuma ilme HOTTIE-ripsiv\u00e4rill\u00e4! Intensiivisen musta, pitk\u00e4kestoinen koostumus pident\u00e4\u00e4 ripsi\u00e4 visuaalisesti, ja tarkka silikoniharja erottaa<\/p>\n","protected":false},"featured_media":11493,"template":"","meta":[],"product_brand":[],"product_cat":[681],"product_tag":[],"class_list":{"0":"post-11494","1":"product","2":"type-product","3":"status-publish","4":"has-post-thumbnail","6":"product_cat-mascara","8":"first","9":"instock","10":"taxable","11":"shipping-taxable","12":"purchasable","13":"product-type-simple"},"yoast_head":"<!-- This site is optimized with the Yoast SEO plugin v24.4 - https:\/\/yoast.com\/wordpress\/plugins\/seo\/ -->\n<title>Claresa ripsiv\u00e4ri HOTTIE - DEEP BLACK 12ml | Valika<\/title>\n<meta name=\"robots\" content=\"index, follow, max-snippet:-1, max-image-preview:large, max-video-preview:-1\" \/>\n<link rel=\"canonical\" href=\"https:\/\/valika.eu\/fi\/toode\/claresa-ripsmetuss-hottie-sugav-must-12ml\/\" \/>\n<meta property=\"og:locale\" content=\"fi_FI\" \/>\n<meta property=\"og:type\" content=\"article\" \/>\n<meta property=\"og:title\" content=\"Claresa ripsiv\u00e4ri HOTTIE - DEEP BLACK 12ml | Valika\" \/>\n<meta property=\"og:description\" content=\"Ripsi\u00e4 pident\u00e4v\u00e4 ja tuuheuttava ripsiv\u00e4ri Saa kuuma ilme HOTTIE-ripsiv\u00e4rill\u00e4! Intensiivisen musta, pitk\u00e4kestoinen koostumus pident\u00e4\u00e4 ripsi\u00e4 visuaalisesti, ja tarkka silikoniharja erottaa\" \/>\n<meta property=\"og:url\" content=\"https:\/\/valika.eu\/fi\/toode\/claresa-ripsmetuss-hottie-sugav-must-12ml\/\" \/>\n<meta property=\"og:site_name\" content=\"Valika\" \/>\n<meta property=\"article:publisher\" content=\"https:\/\/www.facebook.com\/tipsi.net\" \/>\n<meta property=\"article:modified_time\" content=\"2025-07-02T02:03:12+00:00\" \/>\n<meta property=\"og:image\" content=\"https:\/\/valika.eu\/wp-content\/uploads\/2025\/01\/2913.jpg\" \/>\n\t<meta property=\"og:image:width\" content=\"2048\" \/>\n\t<meta property=\"og:image:height\" content=\"2048\" \/>\n\t<meta property=\"og:image:type\" content=\"image\/jpeg\" \/>\n<meta name=\"twitter:card\" content=\"summary_large_image\" \/>\n<script type=\"application\/ld+json\" class=\"yoast-schema-graph\">{\"@context\":\"https:\/\/schema.org\",\"@graph\":[{\"@type\":\"WebPage\",\"@id\":\"https:\/\/valika.eu\/fi\/toode\/claresa-ripsmetuss-hottie-sugav-must-12ml\/\",\"url\":\"https:\/\/valika.eu\/fi\/toode\/claresa-ripsmetuss-hottie-sugav-must-12ml\/\",\"name\":\"Claresa ripsiv\u00e4ri HOTTIE - DEEP BLACK 12ml | Valika\",\"isPartOf\":{\"@id\":\"https:\/\/valika.eu\/fi\/#website\"},\"primaryImageOfPage\":{\"@id\":\"https:\/\/valika.eu\/fi\/toode\/claresa-ripsmetuss-hottie-sugav-must-12ml\/#primaryimage\"},\"image\":{\"@id\":\"https:\/\/valika.eu\/toode\/claresa-ripsmetuss-hottie-sugav-must-12ml\/#primaryimage\"},\"thumbnailUrl\":\"https:\/\/valika.eu\/wp-content\/uploads\/2025\/01\/2913.jpg\",\"datePublished\":\"2025-01-09T04:47:25+00:00\",\"dateModified\":\"2025-07-02T02:03:12+00:00\",\"breadcrumb\":{\"@id\":\"https:\/\/valika.eu\/fi\/toode\/claresa-ripsmetuss-hottie-sugav-must-12ml\/#breadcrumb\"},\"inLanguage\":\"fi\",\"potentialAction\":[{\"@type\":\"ReadAction\",\"target\":[[\"https:\/\/valika.eu\/fi\/toode\/claresa-ripsmetuss-hottie-sugav-must-12ml\/\"]]}]},{\"@type\":\"ImageObject\",\"inLanguage\":\"fi\",\"@id\":\"https:\/\/valika.eu\/fi\/toode\/claresa-ripsmetuss-hottie-sugav-must-12ml\/#primaryimage\",\"url\":\"https:\/\/valika.eu\/wp-content\/uploads\/2025\/01\/2913.jpg\",\"contentUrl\":\"https:\/\/valika.eu\/wp-content\/uploads\/2025\/01\/2913.jpg\",\"width\":2048,\"height\":2048},{\"@type\":\"BreadcrumbList\",\"@id\":\"https:\/\/valika.eu\/fi\/toode\/claresa-ripsmetuss-hottie-sugav-must-12ml\/#breadcrumb\",\"itemListElement\":[{\"@type\":\"ListItem\",\"position\":1,\"name\":\"Koti\",\"item\":\"https:\/\/valika.eu\/fi\/\"},{\"@type\":\"ListItem\",\"position\":2,\"name\":\"Shop\",\"item\":\"https:\/\/valika.eu\/fi\/\"},{\"@type\":\"ListItem\",\"position\":3,\"name\":\"Claresa HOTTIE mascara &#8211; DEEP BLACK 12ml\"}]},{\"@type\":\"WebSite\",\"@id\":\"https:\/\/valika.eu\/fi\/#website\",\"url\":\"https:\/\/valika.eu\/fi\/\",\"name\":\"Valika.eu\",\"description\":\"Salonkituotteet ja kauneudenhoitotuotteet - Valika tarjoaa laajan valikoiman tuotteita ja tarvikkeita kynsiteknikoille, kauneushoitoloille, kampaamoille ja kampaamoille.\",\"publisher\":{\"@id\":\"https:\/\/valika.eu\/fi\/#organization\"},\"alternateName\":\"Valika\",\"potentialAction\":[{\"@type\":\"SearchAction\",\"target\":{\"@type\":\"EntryPoint\",\"urlTemplate\":\"https:\/\/valika.eu\/fi\/?s={search_term_string}\"},\"query-input\":{\"@type\":\"PropertyValueSpecification\",\"valueRequired\":true,\"valueName\":\"search_term_string\"}}],\"inLanguage\":\"fi\"},{\"@type\":\"Organization\",\"@id\":\"https:\/\/valika.eu\/fi\/#organization\",\"name\":\"Salongitoode O\u00dc\",\"alternateName\":\"Valika\",\"url\":\"https:\/\/valika.eu\/fi\/\",\"logo\":{\"@type\":\"ImageObject\",\"inLanguage\":\"fi\",\"@id\":\"https:\/\/valika.eu\/fi\/#\/schema\/logo\/image\/\",\"url\":\"https:\/\/valika.eu\/wp-content\/uploads\/2023\/11\/logo2-valika-footer.png\",\"contentUrl\":\"https:\/\/valika.eu\/wp-content\/uploads\/2023\/11\/logo2-valika-footer.png\",\"width\":200,\"height\":129,\"caption\":\"Salongitoode O\u00dc\"},\"image\":{\"@id\":\"https:\/\/valika.eu\/fi\/#\/schema\/logo\/image\/\"},\"sameAs\":[\"https:\/\/www.facebook.com\/tipsi.net\"]}]}<\/script>\n<!-- \/ Yoast SEO plugin. -->","yoast_head_json":{"title":"Claresa ripsiv\u00e4ri HOTTIE - DEEP BLACK 12ml | Valika","robots":{"index":"index","follow":"follow","max-snippet":"max-snippet:-1","max-image-preview":"max-image-preview:large","max-video-preview":"max-video-preview:-1"},"canonical":"https:\/\/valika.eu\/fi\/toode\/claresa-ripsmetuss-hottie-sugav-must-12ml\/","og_locale":"fi_FI","og_type":"article","og_title":"Claresa ripsiv\u00e4ri HOTTIE - DEEP BLACK 12ml | Valika","og_description":"Ripsi\u00e4 pident\u00e4v\u00e4 ja tuuheuttava ripsiv\u00e4ri Saa kuuma ilme HOTTIE-ripsiv\u00e4rill\u00e4! Intensiivisen musta, pitk\u00e4kestoinen koostumus pident\u00e4\u00e4 ripsi\u00e4 visuaalisesti, ja tarkka silikoniharja erottaa","og_url":"https:\/\/valika.eu\/fi\/toode\/claresa-ripsmetuss-hottie-sugav-must-12ml\/","og_site_name":"Valika","article_publisher":"https:\/\/www.facebook.com\/tipsi.net","article_modified_time":"2025-07-02T02:03:12+00:00","og_image":[{"width":2048,"height":2048,"url":"https:\/\/valika.eu\/wp-content\/uploads\/2025\/01\/2913.jpg","type":"image\/jpeg"}],"twitter_card":"summary_large_image","schema":{"@context":"https:\/\/schema.org","@graph":[{"@type":"WebPage","@id":"https:\/\/valika.eu\/fi\/toode\/claresa-ripsmetuss-hottie-sugav-must-12ml\/","url":"https:\/\/valika.eu\/fi\/toode\/claresa-ripsmetuss-hottie-sugav-must-12ml\/","name":"Claresa ripsiv\u00e4ri HOTTIE - DEEP BLACK 12ml | Valika","isPartOf":{"@id":"https:\/\/valika.eu\/fi\/#website"},"primaryImageOfPage":{"@id":"https:\/\/valika.eu\/fi\/toode\/claresa-ripsmetuss-hottie-sugav-must-12ml\/#primaryimage"},"image":{"@id":"https:\/\/valika.eu\/toode\/claresa-ripsmetuss-hottie-sugav-must-12ml\/#primaryimage"},"thumbnailUrl":"https:\/\/valika.eu\/wp-content\/uploads\/2025\/01\/2913.jpg","datePublished":"2025-01-09T04:47:25+00:00","dateModified":"2025-07-02T02:03:12+00:00","breadcrumb":{"@id":"https:\/\/valika.eu\/fi\/toode\/claresa-ripsmetuss-hottie-sugav-must-12ml\/#breadcrumb"},"inLanguage":"fi","potentialAction":[{"@type":"ReadAction","target":[["https:\/\/valika.eu\/fi\/toode\/claresa-ripsmetuss-hottie-sugav-must-12ml\/"]]}]},{"@type":"ImageObject","inLanguage":"fi","@id":"https:\/\/valika.eu\/fi\/toode\/claresa-ripsmetuss-hottie-sugav-must-12ml\/#primaryimage","url":"https:\/\/valika.eu\/wp-content\/uploads\/2025\/01\/2913.jpg","contentUrl":"https:\/\/valika.eu\/wp-content\/uploads\/2025\/01\/2913.jpg","width":2048,"height":2048},{"@type":"BreadcrumbList","@id":"https:\/\/valika.eu\/fi\/toode\/claresa-ripsmetuss-hottie-sugav-must-12ml\/#breadcrumb","itemListElement":[{"@type":"ListItem","position":1,"name":"Koti","item":"https:\/\/valika.eu\/fi\/"},{"@type":"ListItem","position":2,"name":"Shop","item":"https:\/\/valika.eu\/fi\/"},{"@type":"ListItem","position":3,"name":"Claresa HOTTIE mascara &#8211; DEEP BLACK 12ml"}]},{"@type":"WebSite","@id":"https:\/\/valika.eu\/fi\/#website","url":"https:\/\/valika.eu\/fi\/","name":"Valika.eu","description":"Salonkituotteet ja kauneudenhoitotuotteet - Valika tarjoaa laajan valikoiman tuotteita ja tarvikkeita kynsiteknikoille, kauneushoitoloille, kampaamoille ja kampaamoille.","publisher":{"@id":"https:\/\/valika.eu\/fi\/#organization"},"alternateName":"Valika","potentialAction":[{"@type":"SearchAction","target":{"@type":"EntryPoint","urlTemplate":"https:\/\/valika.eu\/fi\/?s={search_term_string}"},"query-input":{"@type":"PropertyValueSpecification","valueRequired":true,"valueName":"search_term_string"}}],"inLanguage":"fi"},{"@type":"Organization","@id":"https:\/\/valika.eu\/fi\/#organization","name":"Salongitoode O\u00dc","alternateName":"Valika","url":"https:\/\/valika.eu\/fi\/","logo":{"@type":"ImageObject","inLanguage":"fi","@id":"https:\/\/valika.eu\/fi\/#\/schema\/logo\/image\/","url":"https:\/\/valika.eu\/wp-content\/uploads\/2023\/11\/logo2-valika-footer.png","contentUrl":"https:\/\/valika.eu\/wp-content\/uploads\/2023\/11\/logo2-valika-footer.png","width":200,"height":129,"caption":"Salongitoode O\u00dc"},"image":{"@id":"https:\/\/valika.eu\/fi\/#\/schema\/logo\/image\/"},"sameAs":["https:\/\/www.facebook.com\/tipsi.net"]}]}},"jetpack_sharing_enabled":true,"_links":{"self":[{"href":"https:\/\/valika.eu\/fi\/wp-json\/wp\/v2\/product\/11494","targetHints":{"allow":["GET"]}}],"collection":[{"href":"https:\/\/valika.eu\/fi\/wp-json\/wp\/v2\/product"}],"about":[{"href":"https:\/\/valika.eu\/fi\/wp-json\/wp\/v2\/types\/product"}],"wp:featuredmedia":[{"embeddable":true,"href":"https:\/\/valika.eu\/fi\/wp-json\/wp\/v2\/media\/11493"}],"wp:attachment":[{"href":"https:\/\/valika.eu\/fi\/wp-json\/wp\/v2\/media?parent=11494"}],"wp:term":[{"taxonomy":"product_brand","embeddable":true,"href":"https:\/\/valika.eu\/fi\/wp-json\/wp\/v2\/product_brand?post=11494"},{"taxonomy":"product_cat","embeddable":true,"href":"https:\/\/valika.eu\/fi\/wp-json\/wp\/v2\/product_cat?post=11494"},{"taxonomy":"product_tag","embeddable":true,"href":"https:\/\/valika.eu\/fi\/wp-json\/wp\/v2\/product_tag?post=11494"}],"curies":[{"name":"wp","href":"https:\/\/api.w.org\/{rel}","templated":true}]}}