{"id":11501,"date":"2025-01-09T06:47:35","date_gmt":"2025-01-09T04:47:35","guid":{"rendered":"https:\/\/valika.eu\/toode\/claresa-ripsmetuss-heavenly-size\/"},"modified":"2025-07-02T05:03:12","modified_gmt":"2025-07-02T02:03:12","slug":"claresa-ripsmetuss-heavenly-size","status":"publish","type":"product","link":"https:\/\/valika.eu\/fi\/toode\/claresa-ripsmetuss-heavenly-size\/","title":{"rendered":"Claresa ripsiv\u00e4ri HEAVENLY SIZE"},"content":{"rendered":"<p><\/p>\n<p><strong><img decoding=\"async\" src=\"\/userdata\/public\/assets\/\/tusz%20do%20rzes%20pogrubienie%20i%20podkrecenie.webp\" alt=\"ripsiv\u00e4ri ripsien paksuntamiseen ja taivuttamiseen\" width=\"100%\" \/><\/strong><\/p>\n<p><strong>HEAVENLY SIZE<\/strong> <strong>&#8211; Paksuntava ja taivuttava ripsiv\u00e4ri<\/strong><\/p>\n<\/p>\n<p>Ripset taivaisiin <strong>HEAVENLY SIZE<\/strong> -ripsiv\u00e4rill\u00e4. Silikoniharja, jossa on erityisesti muotoiltu, kupera puoli, mahdollistaa ripsien flirttailevan taivutuksen ja tarkan levityksen jopa lyhyimpiin karvoihin. Pitk\u00e4kestoinen, intensiivisen musta koostumus, joka on rikastettu aktiivisilla ainesosilla, takaa pitk\u00e4kestoisen meikkiefektin. Ripsiv\u00e4ri maksimoi niiden paksuuden juurista aina k\u00e4rkiin asti, mahdollistaen yksil\u00f6llisen volyymin luomisen lis\u00e4\u00e4m\u00e4ll\u00e4 lis\u00e4kerroksia. HEAVENLY SIZE -ripsiv\u00e4ri on ihanteellinen niille, jotka haluavat taivuttaa ja paksuntaa ripsi\u00e4\u00e4n.<\/p>\n<\/p>\n<p><strong>HAUSKA FAKTA<\/strong><\/p>\n<p><strong> <\/strong><\/p>\n<p>Koostumus on rikastettu argan\u00f6ljyll\u00e4, risiini\u00f6ljyll\u00e4 ja provitamiini B5:ll\u00e4, jotka stimuloivat ripsien kasvua ja varmistavat asianmukaisen hoidon. Carnaubavaha ja mehil\u00e4isvaha luovat ravitsevan kalvon karvojen pinnalle. Ne pehment\u00e4v\u00e4t, silottavat ja tekev\u00e4t ripsist\u00e4 joustavat.<\/p>\n<\/p>\n<p><strong>SOVELLUS<\/strong><\/p>\n<p>Levit\u00e4 ripsiv\u00e4ri ripsien juurista aina k\u00e4rkiin asti.<\/p>\n<\/p>\n<p><strong>MEIKKITAITEILIJAN VINKKI<\/strong><\/p>\n<p><strong> <\/strong><\/p>\n<p>Aloita ripsiv\u00e4rin levitys peitt\u00e4m\u00e4ll\u00e4 ripset ylh\u00e4\u00e4lt\u00e4, sitten levit\u00e4 ripsiv\u00e4ri alhaalta. N\u00e4in katseesi on ilmeikk\u00e4\u00e4mpi, ja ripset saavat tasaisen, intensiivisen mustan v\u00e4rin. Voit tehostaa ripsien paksuntamis- ja pident\u00e4misvaikutusta lis\u00e4\u00e4m\u00e4ll\u00e4 lis\u00e4kerroksia ripsiv\u00e4ri\u00e4.<\/p>\n<p><\/p>","protected":false},"excerpt":{"rendered":"<p>HEAVENLY SIZE &#8211; Paksuntava ja taivuttava ripsiv\u00e4ri Ripset taivaisiin HEAVENLY SIZE -ripsiv\u00e4rill\u00e4. Silikoniharja, jossa on erityisesti muotoiltu, kupera puoli, mahdollistaa<\/p>\n","protected":false},"featured_media":11500,"template":"","meta":[],"product_brand":[],"product_cat":[681],"product_tag":[],"class_list":{"0":"post-11501","1":"product","2":"type-product","3":"status-publish","4":"has-post-thumbnail","6":"product_cat-mascara","8":"first","9":"instock","10":"taxable","11":"shipping-taxable","12":"purchasable","13":"product-type-simple"},"yoast_head":"<!-- This site is optimized with the Yoast SEO plugin v24.4 - https:\/\/yoast.com\/wordpress\/plugins\/seo\/ -->\n<title>Claresa ripsiv\u00e4ri HEAVENLY SIZE | Valika<\/title>\n<meta name=\"robots\" content=\"index, follow, max-snippet:-1, max-image-preview:large, max-video-preview:-1\" \/>\n<link rel=\"canonical\" href=\"https:\/\/valika.eu\/fi\/toode\/claresa-ripsmetuss-heavenly-size\/\" \/>\n<meta property=\"og:locale\" content=\"fi_FI\" \/>\n<meta property=\"og:type\" content=\"article\" \/>\n<meta property=\"og:title\" content=\"Claresa ripsiv\u00e4ri HEAVENLY SIZE | Valika\" \/>\n<meta property=\"og:description\" content=\"HEAVENLY SIZE &#8211; Paksuntava ja taivuttava ripsiv\u00e4ri Ripset taivaisiin HEAVENLY SIZE -ripsiv\u00e4rill\u00e4. Silikoniharja, jossa on erityisesti muotoiltu, kupera puoli, mahdollistaa\" \/>\n<meta property=\"og:url\" content=\"https:\/\/valika.eu\/fi\/toode\/claresa-ripsmetuss-heavenly-size\/\" \/>\n<meta property=\"og:site_name\" content=\"Valika\" \/>\n<meta property=\"article:publisher\" content=\"https:\/\/www.facebook.com\/tipsi.net\" \/>\n<meta property=\"article:modified_time\" content=\"2025-07-02T02:03:12+00:00\" \/>\n<meta property=\"og:image\" content=\"https:\/\/valika.eu\/wp-content\/uploads\/2025\/01\/4538.jpg\" \/>\n\t<meta property=\"og:image:width\" content=\"2048\" \/>\n\t<meta property=\"og:image:height\" content=\"2048\" \/>\n\t<meta property=\"og:image:type\" content=\"image\/jpeg\" \/>\n<meta name=\"twitter:card\" content=\"summary_large_image\" \/>\n<script type=\"application\/ld+json\" class=\"yoast-schema-graph\">{\"@context\":\"https:\/\/schema.org\",\"@graph\":[{\"@type\":\"WebPage\",\"@id\":\"https:\/\/valika.eu\/fi\/toode\/claresa-ripsmetuss-heavenly-size\/\",\"url\":\"https:\/\/valika.eu\/fi\/toode\/claresa-ripsmetuss-heavenly-size\/\",\"name\":\"Claresa ripsiv\u00e4ri HEAVENLY SIZE | Valika\",\"isPartOf\":{\"@id\":\"https:\/\/valika.eu\/fi\/#website\"},\"primaryImageOfPage\":{\"@id\":\"https:\/\/valika.eu\/fi\/toode\/claresa-ripsmetuss-heavenly-size\/#primaryimage\"},\"image\":{\"@id\":\"https:\/\/valika.eu\/toode\/claresa-ripsmetuss-heavenly-size\/#primaryimage\"},\"thumbnailUrl\":\"https:\/\/valika.eu\/wp-content\/uploads\/2025\/01\/4538.jpg\",\"datePublished\":\"2025-01-09T04:47:35+00:00\",\"dateModified\":\"2025-07-02T02:03:12+00:00\",\"breadcrumb\":{\"@id\":\"https:\/\/valika.eu\/fi\/toode\/claresa-ripsmetuss-heavenly-size\/#breadcrumb\"},\"inLanguage\":\"fi\",\"potentialAction\":[{\"@type\":\"ReadAction\",\"target\":[[\"https:\/\/valika.eu\/fi\/toode\/claresa-ripsmetuss-heavenly-size\/\"]]}]},{\"@type\":\"ImageObject\",\"inLanguage\":\"fi\",\"@id\":\"https:\/\/valika.eu\/fi\/toode\/claresa-ripsmetuss-heavenly-size\/#primaryimage\",\"url\":\"https:\/\/valika.eu\/wp-content\/uploads\/2025\/01\/4538.jpg\",\"contentUrl\":\"https:\/\/valika.eu\/wp-content\/uploads\/2025\/01\/4538.jpg\",\"width\":2048,\"height\":2048},{\"@type\":\"BreadcrumbList\",\"@id\":\"https:\/\/valika.eu\/fi\/toode\/claresa-ripsmetuss-heavenly-size\/#breadcrumb\",\"itemListElement\":[{\"@type\":\"ListItem\",\"position\":1,\"name\":\"Koti\",\"item\":\"https:\/\/valika.eu\/fi\/\"},{\"@type\":\"ListItem\",\"position\":2,\"name\":\"Shop\",\"item\":\"https:\/\/valika.eu\/fi\/\"},{\"@type\":\"ListItem\",\"position\":3,\"name\":\"Claresa mascara HEAVENLY SIZE\"}]},{\"@type\":\"WebSite\",\"@id\":\"https:\/\/valika.eu\/fi\/#website\",\"url\":\"https:\/\/valika.eu\/fi\/\",\"name\":\"Valika.eu\",\"description\":\"Salonkituotteet ja kauneudenhoitotuotteet - Valika tarjoaa laajan valikoiman tuotteita ja tarvikkeita kynsiteknikoille, kauneushoitoloille, kampaamoille ja kampaamoille.\",\"publisher\":{\"@id\":\"https:\/\/valika.eu\/fi\/#organization\"},\"alternateName\":\"Valika\",\"potentialAction\":[{\"@type\":\"SearchAction\",\"target\":{\"@type\":\"EntryPoint\",\"urlTemplate\":\"https:\/\/valika.eu\/fi\/?s={search_term_string}\"},\"query-input\":{\"@type\":\"PropertyValueSpecification\",\"valueRequired\":true,\"valueName\":\"search_term_string\"}}],\"inLanguage\":\"fi\"},{\"@type\":\"Organization\",\"@id\":\"https:\/\/valika.eu\/fi\/#organization\",\"name\":\"Salongitoode O\u00dc\",\"alternateName\":\"Valika\",\"url\":\"https:\/\/valika.eu\/fi\/\",\"logo\":{\"@type\":\"ImageObject\",\"inLanguage\":\"fi\",\"@id\":\"https:\/\/valika.eu\/fi\/#\/schema\/logo\/image\/\",\"url\":\"https:\/\/valika.eu\/wp-content\/uploads\/2023\/11\/logo2-valika-footer.png\",\"contentUrl\":\"https:\/\/valika.eu\/wp-content\/uploads\/2023\/11\/logo2-valika-footer.png\",\"width\":200,\"height\":129,\"caption\":\"Salongitoode O\u00dc\"},\"image\":{\"@id\":\"https:\/\/valika.eu\/fi\/#\/schema\/logo\/image\/\"},\"sameAs\":[\"https:\/\/www.facebook.com\/tipsi.net\"]}]}<\/script>\n<!-- \/ Yoast SEO plugin. -->","yoast_head_json":{"title":"Claresa ripsiv\u00e4ri HEAVENLY SIZE | Valika","robots":{"index":"index","follow":"follow","max-snippet":"max-snippet:-1","max-image-preview":"max-image-preview:large","max-video-preview":"max-video-preview:-1"},"canonical":"https:\/\/valika.eu\/fi\/toode\/claresa-ripsmetuss-heavenly-size\/","og_locale":"fi_FI","og_type":"article","og_title":"Claresa ripsiv\u00e4ri HEAVENLY SIZE | Valika","og_description":"HEAVENLY SIZE &#8211; Paksuntava ja taivuttava ripsiv\u00e4ri Ripset taivaisiin HEAVENLY SIZE -ripsiv\u00e4rill\u00e4. Silikoniharja, jossa on erityisesti muotoiltu, kupera puoli, mahdollistaa","og_url":"https:\/\/valika.eu\/fi\/toode\/claresa-ripsmetuss-heavenly-size\/","og_site_name":"Valika","article_publisher":"https:\/\/www.facebook.com\/tipsi.net","article_modified_time":"2025-07-02T02:03:12+00:00","og_image":[{"width":2048,"height":2048,"url":"https:\/\/valika.eu\/wp-content\/uploads\/2025\/01\/4538.jpg","type":"image\/jpeg"}],"twitter_card":"summary_large_image","schema":{"@context":"https:\/\/schema.org","@graph":[{"@type":"WebPage","@id":"https:\/\/valika.eu\/fi\/toode\/claresa-ripsmetuss-heavenly-size\/","url":"https:\/\/valika.eu\/fi\/toode\/claresa-ripsmetuss-heavenly-size\/","name":"Claresa ripsiv\u00e4ri HEAVENLY SIZE | Valika","isPartOf":{"@id":"https:\/\/valika.eu\/fi\/#website"},"primaryImageOfPage":{"@id":"https:\/\/valika.eu\/fi\/toode\/claresa-ripsmetuss-heavenly-size\/#primaryimage"},"image":{"@id":"https:\/\/valika.eu\/toode\/claresa-ripsmetuss-heavenly-size\/#primaryimage"},"thumbnailUrl":"https:\/\/valika.eu\/wp-content\/uploads\/2025\/01\/4538.jpg","datePublished":"2025-01-09T04:47:35+00:00","dateModified":"2025-07-02T02:03:12+00:00","breadcrumb":{"@id":"https:\/\/valika.eu\/fi\/toode\/claresa-ripsmetuss-heavenly-size\/#breadcrumb"},"inLanguage":"fi","potentialAction":[{"@type":"ReadAction","target":[["https:\/\/valika.eu\/fi\/toode\/claresa-ripsmetuss-heavenly-size\/"]]}]},{"@type":"ImageObject","inLanguage":"fi","@id":"https:\/\/valika.eu\/fi\/toode\/claresa-ripsmetuss-heavenly-size\/#primaryimage","url":"https:\/\/valika.eu\/wp-content\/uploads\/2025\/01\/4538.jpg","contentUrl":"https:\/\/valika.eu\/wp-content\/uploads\/2025\/01\/4538.jpg","width":2048,"height":2048},{"@type":"BreadcrumbList","@id":"https:\/\/valika.eu\/fi\/toode\/claresa-ripsmetuss-heavenly-size\/#breadcrumb","itemListElement":[{"@type":"ListItem","position":1,"name":"Koti","item":"https:\/\/valika.eu\/fi\/"},{"@type":"ListItem","position":2,"name":"Shop","item":"https:\/\/valika.eu\/fi\/"},{"@type":"ListItem","position":3,"name":"Claresa mascara HEAVENLY SIZE"}]},{"@type":"WebSite","@id":"https:\/\/valika.eu\/fi\/#website","url":"https:\/\/valika.eu\/fi\/","name":"Valika.eu","description":"Salonkituotteet ja kauneudenhoitotuotteet - Valika tarjoaa laajan valikoiman tuotteita ja tarvikkeita kynsiteknikoille, kauneushoitoloille, kampaamoille ja kampaamoille.","publisher":{"@id":"https:\/\/valika.eu\/fi\/#organization"},"alternateName":"Valika","potentialAction":[{"@type":"SearchAction","target":{"@type":"EntryPoint","urlTemplate":"https:\/\/valika.eu\/fi\/?s={search_term_string}"},"query-input":{"@type":"PropertyValueSpecification","valueRequired":true,"valueName":"search_term_string"}}],"inLanguage":"fi"},{"@type":"Organization","@id":"https:\/\/valika.eu\/fi\/#organization","name":"Salongitoode O\u00dc","alternateName":"Valika","url":"https:\/\/valika.eu\/fi\/","logo":{"@type":"ImageObject","inLanguage":"fi","@id":"https:\/\/valika.eu\/fi\/#\/schema\/logo\/image\/","url":"https:\/\/valika.eu\/wp-content\/uploads\/2023\/11\/logo2-valika-footer.png","contentUrl":"https:\/\/valika.eu\/wp-content\/uploads\/2023\/11\/logo2-valika-footer.png","width":200,"height":129,"caption":"Salongitoode O\u00dc"},"image":{"@id":"https:\/\/valika.eu\/fi\/#\/schema\/logo\/image\/"},"sameAs":["https:\/\/www.facebook.com\/tipsi.net"]}]}},"jetpack_sharing_enabled":true,"_links":{"self":[{"href":"https:\/\/valika.eu\/fi\/wp-json\/wp\/v2\/product\/11501","targetHints":{"allow":["GET"]}}],"collection":[{"href":"https:\/\/valika.eu\/fi\/wp-json\/wp\/v2\/product"}],"about":[{"href":"https:\/\/valika.eu\/fi\/wp-json\/wp\/v2\/types\/product"}],"wp:featuredmedia":[{"embeddable":true,"href":"https:\/\/valika.eu\/fi\/wp-json\/wp\/v2\/media\/11500"}],"wp:attachment":[{"href":"https:\/\/valika.eu\/fi\/wp-json\/wp\/v2\/media?parent=11501"}],"wp:term":[{"taxonomy":"product_brand","embeddable":true,"href":"https:\/\/valika.eu\/fi\/wp-json\/wp\/v2\/product_brand?post=11501"},{"taxonomy":"product_cat","embeddable":true,"href":"https:\/\/valika.eu\/fi\/wp-json\/wp\/v2\/product_cat?post=11501"},{"taxonomy":"product_tag","embeddable":true,"href":"https:\/\/valika.eu\/fi\/wp-json\/wp\/v2\/product_tag?post=11501"}],"curies":[{"name":"wp","href":"https:\/\/api.w.org\/{rel}","templated":true}]}}