{"id":11507,"date":"2025-01-09T06:47:41","date_gmt":"2025-01-09T04:47:41","guid":{"rendered":"https:\/\/valika.eu\/toode\/claresa-flygirl-ripsmetuss-mis-koolutab-pikendab-ja-suurendab-voluumi-10-g\/"},"modified":"2025-07-02T05:03:12","modified_gmt":"2025-07-02T02:03:12","slug":"claresa-flygirl-ripsmetuss-mis-koolutab-pikendab-ja-suurendab-voluumi-10-g","status":"publish","type":"product","link":"https:\/\/valika.eu\/fi\/toode\/claresa-flygirl-ripsmetuss-mis-koolutab-pikendab-ja-suurendab-voluumi-10-g\/","title":{"rendered":"Claresa FLYGIRL ripsiv\u00e4ri, joka taivuttaa, pident\u00e4\u00e4 ja lis\u00e4\u00e4 volyymia 10 g"},"content":{"rendered":"<p><\/p>\n<p>Vain yksi kerros <strong>FLYGIRL<\/strong>-ripsiv\u00e4ri\u00e4 nostaa, paksuntaa ja pident\u00e4\u00e4 ripsi\u00e4 v\u00e4litt\u00f6m\u00e4sti! Sen kermainen koostumus takaa helpon levityksen ja luo tasaisen kalvon ripsille, taaten niille intensiivisen, syv\u00e4n v\u00e4rin. Ep\u00e4symmetrinen silikoniharja mahdollistaa ripsien nostamisen samalla, kun se antaa oikean m\u00e4\u00e4r\u00e4n ripsiv\u00e4ri\u00e4 vain yhdell\u00e4 levityksell\u00e4. Tuote pysyy paikoillaan koko p\u00e4iv\u00e4n \u2013 ei tahraamista tai varisemista!<\/p>\n<p><strong><span style=\"color: #cc8797;\">HAUSKA FAKTA<\/span><\/strong><br \/>Karnauba- ja riisivahat luovat ravitsevan kalvon karvojen pinnalle, ja rauhoittava ja tulehdusta est\u00e4v\u00e4 arabikumi est\u00e4\u00e4 silmien \u00e4rsytyst\u00e4.<\/p>\n<p><strong><strong><span style=\"color: #cc8797;\">LEVITYS<\/span><\/strong><\/strong><br \/>Levit\u00e4 ripsiv\u00e4ri ripsien tyvest\u00e4 aivan k\u00e4rkiin asti. Voit lis\u00e4t\u00e4 paksuntavaa ja pident\u00e4v\u00e4\u00e4 vaikutusta lis\u00e4\u00e4m\u00e4ll\u00e4 lis\u00e4kerroksia.<\/p>\n<p><strong><strong><span style=\"color: #cc8797;\">MEIKKITAITEILIJAN VINKKI<\/span><\/strong><\/strong><br \/>@marietta_makeup neuvoo: Keskity ensin ripsien tyveen, kampaamalla ripsiv\u00e4ri\u00e4 hitaasti siksak-liikkeell\u00e4 kohtaan, jossa karvat kasvavat. Yrit\u00e4 vet\u00e4\u00e4 ripset mahdollisimman hitaasti yl\u00f6sp\u00e4in, nopeuttaen vasta aivan lopussa. N\u00e4in ripset nousevat tyvest\u00e4 (samanlaista kuin hiusvaahto \u2013 nostaaksemme hiuksia, levit\u00e4mme vaahtoa ensisijaisesti p\u00e4\u00e4n yl\u00e4osaan, ei latvoihin). Liikkeiden dynamiikka on eritt\u00e4in t\u00e4rke\u00e4\u00e4 \u2013 kampaus tyvess\u00e4 ja vet\u00e4minen tulisi tehd\u00e4 mahdollisimman hitaasti, kun taas k\u00e4rjiss\u00e4 nopeuttaminen varmistaa, ettei niihin j\u00e4\u00e4 liikaa ripsiv\u00e4ri\u00e4. T\u00e4ll\u00e4 tavalla maalatut ripset nousevat ja paksunevat huomattavasti koko pituudeltaan, kun taas k\u00e4rjet kapenevat kauniisti ja luonnollisesti.<\/p>\n<p><img loading=\"lazy\" decoding=\"async\" src=\"\/userdata\/public\/assets\/\/tusz%20do%20rz%C4%99s%20podkr%C4%99caj%C4%85co-wyd%C5%82u%C5%BCaj%C4%85cy.jpg\" alt=\"taivuttava ja pident\u00e4v\u00e4 ripsiv\u00e4ri\" width=\"1200\" height=\"1200\" \/><\/p>\n<p><\/p>","protected":false},"excerpt":{"rendered":"<p>Vain yksi kerros FLYGIRL-ripsiv\u00e4ri\u00e4 nostaa, paksuntaa ja pident\u00e4\u00e4 ripsi\u00e4 v\u00e4litt\u00f6m\u00e4sti! Sen kermainen koostumus takaa helpon levityksen ja luo tasaisen kalvon<\/p>\n","protected":false},"featured_media":11506,"template":"","meta":[],"product_brand":[],"product_cat":[681],"product_tag":[],"class_list":{"0":"post-11507","1":"product","2":"type-product","3":"status-publish","4":"has-post-thumbnail","6":"product_cat-mascara","8":"first","9":"instock","10":"taxable","11":"shipping-taxable","12":"purchasable","13":"product-type-simple"},"yoast_head":"<!-- This site is optimized with the Yoast SEO plugin v24.4 - https:\/\/yoast.com\/wordpress\/plugins\/seo\/ -->\n<title>Claresa FLYGIRL ripsiv\u00e4ri, joka taivuttaa, pident\u00e4\u00e4 ja lis\u00e4\u00e4 volyymia 10 g | Valika<\/title>\n<meta name=\"robots\" content=\"index, follow, max-snippet:-1, max-image-preview:large, max-video-preview:-1\" \/>\n<link rel=\"canonical\" href=\"https:\/\/valika.eu\/fi\/toode\/claresa-flygirl-ripsmetuss-mis-koolutab-pikendab-ja-suurendab-voluumi-10-g\/\" \/>\n<meta property=\"og:locale\" content=\"fi_FI\" \/>\n<meta property=\"og:type\" content=\"article\" \/>\n<meta property=\"og:title\" content=\"Claresa FLYGIRL ripsiv\u00e4ri, joka taivuttaa, pident\u00e4\u00e4 ja lis\u00e4\u00e4 volyymia 10 g | Valika\" \/>\n<meta property=\"og:description\" content=\"Vain yksi kerros FLYGIRL-ripsiv\u00e4ri\u00e4 nostaa, paksuntaa ja pident\u00e4\u00e4 ripsi\u00e4 v\u00e4litt\u00f6m\u00e4sti! Sen kermainen koostumus takaa helpon levityksen ja luo tasaisen kalvon\" \/>\n<meta property=\"og:url\" content=\"https:\/\/valika.eu\/fi\/toode\/claresa-flygirl-ripsmetuss-mis-koolutab-pikendab-ja-suurendab-voluumi-10-g\/\" \/>\n<meta property=\"og:site_name\" content=\"Valika\" \/>\n<meta property=\"article:publisher\" content=\"https:\/\/www.facebook.com\/tipsi.net\" \/>\n<meta property=\"article:modified_time\" content=\"2025-07-02T02:03:12+00:00\" \/>\n<meta property=\"og:image\" content=\"https:\/\/valika.eu\/wp-content\/uploads\/2025\/01\/5818.jpg\" \/>\n\t<meta property=\"og:image:width\" content=\"1500\" \/>\n\t<meta property=\"og:image:height\" content=\"1500\" \/>\n\t<meta property=\"og:image:type\" content=\"image\/jpeg\" \/>\n<meta name=\"twitter:card\" content=\"summary_large_image\" \/>\n<script type=\"application\/ld+json\" class=\"yoast-schema-graph\">{\"@context\":\"https:\/\/schema.org\",\"@graph\":[{\"@type\":\"WebPage\",\"@id\":\"https:\/\/valika.eu\/fi\/toode\/claresa-flygirl-ripsmetuss-mis-koolutab-pikendab-ja-suurendab-voluumi-10-g\/\",\"url\":\"https:\/\/valika.eu\/fi\/toode\/claresa-flygirl-ripsmetuss-mis-koolutab-pikendab-ja-suurendab-voluumi-10-g\/\",\"name\":\"Claresa FLYGIRL ripsiv\u00e4ri, joka taivuttaa, pident\u00e4\u00e4 ja lis\u00e4\u00e4 volyymia 10 g | Valika\",\"isPartOf\":{\"@id\":\"https:\/\/valika.eu\/fi\/#website\"},\"primaryImageOfPage\":{\"@id\":\"https:\/\/valika.eu\/fi\/toode\/claresa-flygirl-ripsmetuss-mis-koolutab-pikendab-ja-suurendab-voluumi-10-g\/#primaryimage\"},\"image\":{\"@id\":\"https:\/\/valika.eu\/toode\/claresa-flygirl-ripsmetuss-mis-koolutab-pikendab-ja-suurendab-voluumi-10-g\/#primaryimage\"},\"thumbnailUrl\":\"https:\/\/valika.eu\/wp-content\/uploads\/2025\/01\/5818.jpg\",\"datePublished\":\"2025-01-09T04:47:41+00:00\",\"dateModified\":\"2025-07-02T02:03:12+00:00\",\"breadcrumb\":{\"@id\":\"https:\/\/valika.eu\/fi\/toode\/claresa-flygirl-ripsmetuss-mis-koolutab-pikendab-ja-suurendab-voluumi-10-g\/#breadcrumb\"},\"inLanguage\":\"fi\",\"potentialAction\":[{\"@type\":\"ReadAction\",\"target\":[[\"https:\/\/valika.eu\/fi\/toode\/claresa-flygirl-ripsmetuss-mis-koolutab-pikendab-ja-suurendab-voluumi-10-g\/\"]]}]},{\"@type\":\"ImageObject\",\"inLanguage\":\"fi\",\"@id\":\"https:\/\/valika.eu\/fi\/toode\/claresa-flygirl-ripsmetuss-mis-koolutab-pikendab-ja-suurendab-voluumi-10-g\/#primaryimage\",\"url\":\"https:\/\/valika.eu\/wp-content\/uploads\/2025\/01\/5818.jpg\",\"contentUrl\":\"https:\/\/valika.eu\/wp-content\/uploads\/2025\/01\/5818.jpg\",\"width\":1500,\"height\":1500},{\"@type\":\"BreadcrumbList\",\"@id\":\"https:\/\/valika.eu\/fi\/toode\/claresa-flygirl-ripsmetuss-mis-koolutab-pikendab-ja-suurendab-voluumi-10-g\/#breadcrumb\",\"itemListElement\":[{\"@type\":\"ListItem\",\"position\":1,\"name\":\"Koti\",\"item\":\"https:\/\/valika.eu\/fi\/\"},{\"@type\":\"ListItem\",\"position\":2,\"name\":\"Shop\",\"item\":\"https:\/\/valika.eu\/fi\/\"},{\"@type\":\"ListItem\",\"position\":3,\"name\":\"Claresa FLYGIRL curling, lengthening, and volumizing mascara 10 g\"}]},{\"@type\":\"WebSite\",\"@id\":\"https:\/\/valika.eu\/fi\/#website\",\"url\":\"https:\/\/valika.eu\/fi\/\",\"name\":\"Valika.eu\",\"description\":\"Salonkituotteet ja kauneudenhoitotuotteet - Valika tarjoaa laajan valikoiman tuotteita ja tarvikkeita kynsiteknikoille, kauneushoitoloille, kampaamoille ja kampaamoille.\",\"publisher\":{\"@id\":\"https:\/\/valika.eu\/fi\/#organization\"},\"alternateName\":\"Valika\",\"potentialAction\":[{\"@type\":\"SearchAction\",\"target\":{\"@type\":\"EntryPoint\",\"urlTemplate\":\"https:\/\/valika.eu\/fi\/?s={search_term_string}\"},\"query-input\":{\"@type\":\"PropertyValueSpecification\",\"valueRequired\":true,\"valueName\":\"search_term_string\"}}],\"inLanguage\":\"fi\"},{\"@type\":\"Organization\",\"@id\":\"https:\/\/valika.eu\/fi\/#organization\",\"name\":\"Salongitoode O\u00dc\",\"alternateName\":\"Valika\",\"url\":\"https:\/\/valika.eu\/fi\/\",\"logo\":{\"@type\":\"ImageObject\",\"inLanguage\":\"fi\",\"@id\":\"https:\/\/valika.eu\/fi\/#\/schema\/logo\/image\/\",\"url\":\"https:\/\/valika.eu\/wp-content\/uploads\/2023\/11\/logo2-valika-footer.png\",\"contentUrl\":\"https:\/\/valika.eu\/wp-content\/uploads\/2023\/11\/logo2-valika-footer.png\",\"width\":200,\"height\":129,\"caption\":\"Salongitoode O\u00dc\"},\"image\":{\"@id\":\"https:\/\/valika.eu\/fi\/#\/schema\/logo\/image\/\"},\"sameAs\":[\"https:\/\/www.facebook.com\/tipsi.net\"]}]}<\/script>\n<!-- \/ Yoast SEO plugin. -->","yoast_head_json":{"title":"Claresa FLYGIRL ripsiv\u00e4ri, joka taivuttaa, pident\u00e4\u00e4 ja lis\u00e4\u00e4 volyymia 10 g | Valika","robots":{"index":"index","follow":"follow","max-snippet":"max-snippet:-1","max-image-preview":"max-image-preview:large","max-video-preview":"max-video-preview:-1"},"canonical":"https:\/\/valika.eu\/fi\/toode\/claresa-flygirl-ripsmetuss-mis-koolutab-pikendab-ja-suurendab-voluumi-10-g\/","og_locale":"fi_FI","og_type":"article","og_title":"Claresa FLYGIRL ripsiv\u00e4ri, joka taivuttaa, pident\u00e4\u00e4 ja lis\u00e4\u00e4 volyymia 10 g | Valika","og_description":"Vain yksi kerros FLYGIRL-ripsiv\u00e4ri\u00e4 nostaa, paksuntaa ja pident\u00e4\u00e4 ripsi\u00e4 v\u00e4litt\u00f6m\u00e4sti! Sen kermainen koostumus takaa helpon levityksen ja luo tasaisen kalvon","og_url":"https:\/\/valika.eu\/fi\/toode\/claresa-flygirl-ripsmetuss-mis-koolutab-pikendab-ja-suurendab-voluumi-10-g\/","og_site_name":"Valika","article_publisher":"https:\/\/www.facebook.com\/tipsi.net","article_modified_time":"2025-07-02T02:03:12+00:00","og_image":[{"width":1500,"height":1500,"url":"https:\/\/valika.eu\/wp-content\/uploads\/2025\/01\/5818.jpg","type":"image\/jpeg"}],"twitter_card":"summary_large_image","schema":{"@context":"https:\/\/schema.org","@graph":[{"@type":"WebPage","@id":"https:\/\/valika.eu\/fi\/toode\/claresa-flygirl-ripsmetuss-mis-koolutab-pikendab-ja-suurendab-voluumi-10-g\/","url":"https:\/\/valika.eu\/fi\/toode\/claresa-flygirl-ripsmetuss-mis-koolutab-pikendab-ja-suurendab-voluumi-10-g\/","name":"Claresa FLYGIRL ripsiv\u00e4ri, joka taivuttaa, pident\u00e4\u00e4 ja lis\u00e4\u00e4 volyymia 10 g | Valika","isPartOf":{"@id":"https:\/\/valika.eu\/fi\/#website"},"primaryImageOfPage":{"@id":"https:\/\/valika.eu\/fi\/toode\/claresa-flygirl-ripsmetuss-mis-koolutab-pikendab-ja-suurendab-voluumi-10-g\/#primaryimage"},"image":{"@id":"https:\/\/valika.eu\/toode\/claresa-flygirl-ripsmetuss-mis-koolutab-pikendab-ja-suurendab-voluumi-10-g\/#primaryimage"},"thumbnailUrl":"https:\/\/valika.eu\/wp-content\/uploads\/2025\/01\/5818.jpg","datePublished":"2025-01-09T04:47:41+00:00","dateModified":"2025-07-02T02:03:12+00:00","breadcrumb":{"@id":"https:\/\/valika.eu\/fi\/toode\/claresa-flygirl-ripsmetuss-mis-koolutab-pikendab-ja-suurendab-voluumi-10-g\/#breadcrumb"},"inLanguage":"fi","potentialAction":[{"@type":"ReadAction","target":[["https:\/\/valika.eu\/fi\/toode\/claresa-flygirl-ripsmetuss-mis-koolutab-pikendab-ja-suurendab-voluumi-10-g\/"]]}]},{"@type":"ImageObject","inLanguage":"fi","@id":"https:\/\/valika.eu\/fi\/toode\/claresa-flygirl-ripsmetuss-mis-koolutab-pikendab-ja-suurendab-voluumi-10-g\/#primaryimage","url":"https:\/\/valika.eu\/wp-content\/uploads\/2025\/01\/5818.jpg","contentUrl":"https:\/\/valika.eu\/wp-content\/uploads\/2025\/01\/5818.jpg","width":1500,"height":1500},{"@type":"BreadcrumbList","@id":"https:\/\/valika.eu\/fi\/toode\/claresa-flygirl-ripsmetuss-mis-koolutab-pikendab-ja-suurendab-voluumi-10-g\/#breadcrumb","itemListElement":[{"@type":"ListItem","position":1,"name":"Koti","item":"https:\/\/valika.eu\/fi\/"},{"@type":"ListItem","position":2,"name":"Shop","item":"https:\/\/valika.eu\/fi\/"},{"@type":"ListItem","position":3,"name":"Claresa FLYGIRL curling, lengthening, and volumizing mascara 10 g"}]},{"@type":"WebSite","@id":"https:\/\/valika.eu\/fi\/#website","url":"https:\/\/valika.eu\/fi\/","name":"Valika.eu","description":"Salonkituotteet ja kauneudenhoitotuotteet - Valika tarjoaa laajan valikoiman tuotteita ja tarvikkeita kynsiteknikoille, kauneushoitoloille, kampaamoille ja kampaamoille.","publisher":{"@id":"https:\/\/valika.eu\/fi\/#organization"},"alternateName":"Valika","potentialAction":[{"@type":"SearchAction","target":{"@type":"EntryPoint","urlTemplate":"https:\/\/valika.eu\/fi\/?s={search_term_string}"},"query-input":{"@type":"PropertyValueSpecification","valueRequired":true,"valueName":"search_term_string"}}],"inLanguage":"fi"},{"@type":"Organization","@id":"https:\/\/valika.eu\/fi\/#organization","name":"Salongitoode O\u00dc","alternateName":"Valika","url":"https:\/\/valika.eu\/fi\/","logo":{"@type":"ImageObject","inLanguage":"fi","@id":"https:\/\/valika.eu\/fi\/#\/schema\/logo\/image\/","url":"https:\/\/valika.eu\/wp-content\/uploads\/2023\/11\/logo2-valika-footer.png","contentUrl":"https:\/\/valika.eu\/wp-content\/uploads\/2023\/11\/logo2-valika-footer.png","width":200,"height":129,"caption":"Salongitoode O\u00dc"},"image":{"@id":"https:\/\/valika.eu\/fi\/#\/schema\/logo\/image\/"},"sameAs":["https:\/\/www.facebook.com\/tipsi.net"]}]}},"jetpack_sharing_enabled":true,"_links":{"self":[{"href":"https:\/\/valika.eu\/fi\/wp-json\/wp\/v2\/product\/11507","targetHints":{"allow":["GET"]}}],"collection":[{"href":"https:\/\/valika.eu\/fi\/wp-json\/wp\/v2\/product"}],"about":[{"href":"https:\/\/valika.eu\/fi\/wp-json\/wp\/v2\/types\/product"}],"wp:featuredmedia":[{"embeddable":true,"href":"https:\/\/valika.eu\/fi\/wp-json\/wp\/v2\/media\/11506"}],"wp:attachment":[{"href":"https:\/\/valika.eu\/fi\/wp-json\/wp\/v2\/media?parent=11507"}],"wp:term":[{"taxonomy":"product_brand","embeddable":true,"href":"https:\/\/valika.eu\/fi\/wp-json\/wp\/v2\/product_brand?post=11507"},{"taxonomy":"product_cat","embeddable":true,"href":"https:\/\/valika.eu\/fi\/wp-json\/wp\/v2\/product_cat?post=11507"},{"taxonomy":"product_tag","embeddable":true,"href":"https:\/\/valika.eu\/fi\/wp-json\/wp\/v2\/product_tag?post=11507"}],"curies":[{"name":"wp","href":"https:\/\/api.w.org\/{rel}","templated":true}]}}