{"id":11512,"date":"2025-01-09T06:47:46","date_gmt":"2025-01-09T04:47:46","guid":{"rendered":"https:\/\/valika.eu\/toode\/claresa-flygirl-combcurl-ripsmetuss-mis-koolutab-pikendab-eraldab-ja-suurendab-voluumi-10g\/"},"modified":"2025-07-02T05:03:11","modified_gmt":"2025-07-02T02:03:11","slug":"claresa-flygirl-combcurl-ripsmetuss-mis-koolutab-pikendab-eraldab-ja-suurendab-voluumi-10g","status":"publish","type":"product","link":"https:\/\/valika.eu\/fi\/toode\/claresa-flygirl-combcurl-ripsmetuss-mis-koolutab-pikendab-eraldab-ja-suurendab-voluumi-10g\/","title":{"rendered":"CLARESA FLYGIRL COMB&#038;CURL ripsiv\u00e4ri, joka taivuttaa, pident\u00e4\u00e4, erottelee ja lis\u00e4\u00e4 volyymia 10g"},"content":{"rendered":"<p>Ripsiv\u00e4ri FLYGIRL COMB&#038;CURL ultra-viettelev\u00e4\u00e4n taivutukseen! Kermamaisen koostumuksensa ansiosta kosmetiikka levittyy t\u00e4ydellisesti ripsille, taaten pitk\u00e4kestoisen flirttailevan ilmeen ilman tahraantumista, siirtymist\u00e4 tai hilseily\u00e4. Ep\u00e4symmetrinen silikoniharja sis\u00e4lt\u00e4\u00e4 lyhyit\u00e4 harjaksia toisella puolella, mik\u00e4 mahdollistaa tarkan p\u00e4\u00e4syn ripsien tyveen nostaen ne selv\u00e4sti yl\u00f6sp\u00e4in, ja suoria, pitki\u00e4 (kampaavia muistuttavia) toisella puolella, jotka mahdollistavat perusteellisen kampaamisen. Tuloksena on nostetut, pitk\u00e4t, paksut ja t\u00e4ydellisesti kammatut ripset.<\/p>\n<p>HAUSKA FAKTA<br \/>\nSynteettinen mehil\u00e4isvaha luo ravitsevan kalvon ripsien pinnalle, est\u00e4en kosteuden haihtumista. Se on ihanteellinen korvike luonnolliselle mehil\u00e4isvahalle niille, jotka ovat sille allergisia.<\/p>\n<p>K\u00c4YTT\u00d6<br \/>\nLevit\u00e4 ripsiv\u00e4ri ripsien tyvest\u00e4 aivan k\u00e4rkiin asti. Voit v\u00e4hitellen lis\u00e4t\u00e4 paksuntavaa ja pident\u00e4v\u00e4\u00e4 vaikutusta lis\u00e4\u00e4m\u00e4ll\u00e4 lis\u00e4kerroksia.<\/p>\n<p>MEIKKITAITEILIJAN VINKKI<br \/>\n@marietta_makeup neuvoo: Keskity ensin ripsien tyveen, kampaamalla ripsiv\u00e4ri\u00e4 hitaalla, siksak-liikkeell\u00e4 kohtaan, jossa karvat kasvavat. Yrit\u00e4 vet\u00e4\u00e4 ripset mahdollisimman hitaasti yl\u00f6sp\u00e4in, nopeuttaen vasta aivan lopussa. N\u00e4in ripset nousevat aivan tyvest\u00e4 (samanlainen kuin hiusvaahto \u2013 nostaaksemme hiuksia, levit\u00e4mme vaahtoa ensisijaisesti p\u00e4\u00e4n yl\u00e4osaan, ei hiusten p\u00e4ihin). Liikkeiden dynamiikka on eritt\u00e4in t\u00e4rke\u00e4\u00e4 \u2013 kampaaminen tyvess\u00e4 ja vet\u00e4minen tulisi olla mahdollisimman hidasta, kun taas k\u00e4rjiss\u00e4 nopeuttaminen varmistaa, ettei niihin j\u00e4\u00e4 liikaa ripsiv\u00e4ri\u00e4. T\u00e4ll\u00e4 tavalla maalatut ripset nousevat ja paksunevat selv\u00e4sti koko pituudeltaan, kun taas k\u00e4rjiss\u00e4 ne kapenevat kauniisti ja luonnollisesti.<\/p>","protected":false},"excerpt":{"rendered":"<p>Ripsiv\u00e4ri FLYGIRL COMB&#038;CURL ultra-viettelev\u00e4\u00e4n taivutukseen! Kermamaisen koostumuksensa ansiosta kosmetiikka levittyy t\u00e4ydellisesti ripsille, taaten pitk\u00e4kestoisen flirttailevan ilmeen ilman tahraantumista, siirtymist\u00e4 tai<\/p>\n","protected":false},"featured_media":11511,"template":"","meta":[],"product_brand":[],"product_cat":[681],"product_tag":[],"class_list":{"0":"post-11512","1":"product","2":"type-product","3":"status-publish","4":"has-post-thumbnail","6":"product_cat-mascara","8":"first","9":"instock","10":"taxable","11":"shipping-taxable","12":"purchasable","13":"product-type-simple"},"yoast_head":"<!-- This site is optimized with the Yoast SEO plugin v24.4 - https:\/\/yoast.com\/wordpress\/plugins\/seo\/ -->\n<title>CLARESA FLYGIRL COMB&amp;CURL ripsiv\u00e4ri, joka taivuttaa, pident\u00e4\u00e4, erottelee ja lis\u00e4\u00e4 volyymia 10g | Valika<\/title>\n<meta name=\"robots\" content=\"index, follow, max-snippet:-1, max-image-preview:large, max-video-preview:-1\" \/>\n<link rel=\"canonical\" href=\"https:\/\/valika.eu\/fi\/toode\/claresa-flygirl-combcurl-ripsmetuss-mis-koolutab-pikendab-eraldab-ja-suurendab-voluumi-10g\/\" \/>\n<meta property=\"og:locale\" content=\"fi_FI\" \/>\n<meta property=\"og:type\" content=\"article\" \/>\n<meta property=\"og:title\" content=\"CLARESA FLYGIRL COMB&amp;CURL ripsiv\u00e4ri, joka taivuttaa, pident\u00e4\u00e4, erottelee ja lis\u00e4\u00e4 volyymia 10g | Valika\" \/>\n<meta property=\"og:description\" content=\"Ripsiv\u00e4ri FLYGIRL COMB&#038;CURL ultra-viettelev\u00e4\u00e4n taivutukseen! Kermamaisen koostumuksensa ansiosta kosmetiikka levittyy t\u00e4ydellisesti ripsille, taaten pitk\u00e4kestoisen flirttailevan ilmeen ilman tahraantumista, siirtymist\u00e4 tai\" \/>\n<meta property=\"og:url\" content=\"https:\/\/valika.eu\/fi\/toode\/claresa-flygirl-combcurl-ripsmetuss-mis-koolutab-pikendab-eraldab-ja-suurendab-voluumi-10g\/\" \/>\n<meta property=\"og:site_name\" content=\"Valika\" \/>\n<meta property=\"article:publisher\" content=\"https:\/\/www.facebook.com\/tipsi.net\" \/>\n<meta property=\"article:modified_time\" content=\"2025-07-02T02:03:11+00:00\" \/>\n<meta property=\"og:image\" content=\"https:\/\/valika.eu\/wp-content\/uploads\/2025\/01\/5819.jpg\" \/>\n\t<meta property=\"og:image:width\" content=\"1500\" \/>\n\t<meta property=\"og:image:height\" content=\"1500\" \/>\n\t<meta property=\"og:image:type\" content=\"image\/jpeg\" \/>\n<meta name=\"twitter:card\" content=\"summary_large_image\" \/>\n<script type=\"application\/ld+json\" class=\"yoast-schema-graph\">{\"@context\":\"https:\/\/schema.org\",\"@graph\":[{\"@type\":\"WebPage\",\"@id\":\"https:\/\/valika.eu\/fi\/toode\/claresa-flygirl-combcurl-ripsmetuss-mis-koolutab-pikendab-eraldab-ja-suurendab-voluumi-10g\/\",\"url\":\"https:\/\/valika.eu\/fi\/toode\/claresa-flygirl-combcurl-ripsmetuss-mis-koolutab-pikendab-eraldab-ja-suurendab-voluumi-10g\/\",\"name\":\"CLARESA FLYGIRL COMB&CURL ripsiv\u00e4ri, joka taivuttaa, pident\u00e4\u00e4, erottelee ja lis\u00e4\u00e4 volyymia 10g | Valika\",\"isPartOf\":{\"@id\":\"https:\/\/valika.eu\/fi\/#website\"},\"primaryImageOfPage\":{\"@id\":\"https:\/\/valika.eu\/fi\/toode\/claresa-flygirl-combcurl-ripsmetuss-mis-koolutab-pikendab-eraldab-ja-suurendab-voluumi-10g\/#primaryimage\"},\"image\":{\"@id\":\"https:\/\/valika.eu\/toode\/claresa-flygirl-combcurl-ripsmetuss-mis-koolutab-pikendab-eraldab-ja-suurendab-voluumi-10g\/#primaryimage\"},\"thumbnailUrl\":\"https:\/\/valika.eu\/wp-content\/uploads\/2025\/01\/5819.jpg\",\"datePublished\":\"2025-01-09T04:47:46+00:00\",\"dateModified\":\"2025-07-02T02:03:11+00:00\",\"breadcrumb\":{\"@id\":\"https:\/\/valika.eu\/fi\/toode\/claresa-flygirl-combcurl-ripsmetuss-mis-koolutab-pikendab-eraldab-ja-suurendab-voluumi-10g\/#breadcrumb\"},\"inLanguage\":\"fi\",\"potentialAction\":[{\"@type\":\"ReadAction\",\"target\":[[\"https:\/\/valika.eu\/fi\/toode\/claresa-flygirl-combcurl-ripsmetuss-mis-koolutab-pikendab-eraldab-ja-suurendab-voluumi-10g\/\"]]}]},{\"@type\":\"ImageObject\",\"inLanguage\":\"fi\",\"@id\":\"https:\/\/valika.eu\/fi\/toode\/claresa-flygirl-combcurl-ripsmetuss-mis-koolutab-pikendab-eraldab-ja-suurendab-voluumi-10g\/#primaryimage\",\"url\":\"https:\/\/valika.eu\/wp-content\/uploads\/2025\/01\/5819.jpg\",\"contentUrl\":\"https:\/\/valika.eu\/wp-content\/uploads\/2025\/01\/5819.jpg\",\"width\":1500,\"height\":1500},{\"@type\":\"BreadcrumbList\",\"@id\":\"https:\/\/valika.eu\/fi\/toode\/claresa-flygirl-combcurl-ripsmetuss-mis-koolutab-pikendab-eraldab-ja-suurendab-voluumi-10g\/#breadcrumb\",\"itemListElement\":[{\"@type\":\"ListItem\",\"position\":1,\"name\":\"Koti\",\"item\":\"https:\/\/valika.eu\/fi\/\"},{\"@type\":\"ListItem\",\"position\":2,\"name\":\"Shop\",\"item\":\"https:\/\/valika.eu\/fi\/\"},{\"@type\":\"ListItem\",\"position\":3,\"name\":\"CLARESA FLYGIRL COMB&#038;CURL curling, lengthening, separating, and volumizing mascara 10g\"}]},{\"@type\":\"WebSite\",\"@id\":\"https:\/\/valika.eu\/fi\/#website\",\"url\":\"https:\/\/valika.eu\/fi\/\",\"name\":\"Valika.eu\",\"description\":\"Salonkituotteet ja kauneudenhoitotuotteet - Valika tarjoaa laajan valikoiman tuotteita ja tarvikkeita kynsiteknikoille, kauneushoitoloille, kampaamoille ja kampaamoille.\",\"publisher\":{\"@id\":\"https:\/\/valika.eu\/fi\/#organization\"},\"alternateName\":\"Valika\",\"potentialAction\":[{\"@type\":\"SearchAction\",\"target\":{\"@type\":\"EntryPoint\",\"urlTemplate\":\"https:\/\/valika.eu\/fi\/?s={search_term_string}\"},\"query-input\":{\"@type\":\"PropertyValueSpecification\",\"valueRequired\":true,\"valueName\":\"search_term_string\"}}],\"inLanguage\":\"fi\"},{\"@type\":\"Organization\",\"@id\":\"https:\/\/valika.eu\/fi\/#organization\",\"name\":\"Salongitoode O\u00dc\",\"alternateName\":\"Valika\",\"url\":\"https:\/\/valika.eu\/fi\/\",\"logo\":{\"@type\":\"ImageObject\",\"inLanguage\":\"fi\",\"@id\":\"https:\/\/valika.eu\/fi\/#\/schema\/logo\/image\/\",\"url\":\"https:\/\/valika.eu\/wp-content\/uploads\/2023\/11\/logo2-valika-footer.png\",\"contentUrl\":\"https:\/\/valika.eu\/wp-content\/uploads\/2023\/11\/logo2-valika-footer.png\",\"width\":200,\"height\":129,\"caption\":\"Salongitoode O\u00dc\"},\"image\":{\"@id\":\"https:\/\/valika.eu\/fi\/#\/schema\/logo\/image\/\"},\"sameAs\":[\"https:\/\/www.facebook.com\/tipsi.net\"]}]}<\/script>\n<!-- \/ Yoast SEO plugin. -->","yoast_head_json":{"title":"CLARESA FLYGIRL COMB&CURL ripsiv\u00e4ri, joka taivuttaa, pident\u00e4\u00e4, erottelee ja lis\u00e4\u00e4 volyymia 10g | Valika","robots":{"index":"index","follow":"follow","max-snippet":"max-snippet:-1","max-image-preview":"max-image-preview:large","max-video-preview":"max-video-preview:-1"},"canonical":"https:\/\/valika.eu\/fi\/toode\/claresa-flygirl-combcurl-ripsmetuss-mis-koolutab-pikendab-eraldab-ja-suurendab-voluumi-10g\/","og_locale":"fi_FI","og_type":"article","og_title":"CLARESA FLYGIRL COMB&CURL ripsiv\u00e4ri, joka taivuttaa, pident\u00e4\u00e4, erottelee ja lis\u00e4\u00e4 volyymia 10g | Valika","og_description":"Ripsiv\u00e4ri FLYGIRL COMB&#038;CURL ultra-viettelev\u00e4\u00e4n taivutukseen! Kermamaisen koostumuksensa ansiosta kosmetiikka levittyy t\u00e4ydellisesti ripsille, taaten pitk\u00e4kestoisen flirttailevan ilmeen ilman tahraantumista, siirtymist\u00e4 tai","og_url":"https:\/\/valika.eu\/fi\/toode\/claresa-flygirl-combcurl-ripsmetuss-mis-koolutab-pikendab-eraldab-ja-suurendab-voluumi-10g\/","og_site_name":"Valika","article_publisher":"https:\/\/www.facebook.com\/tipsi.net","article_modified_time":"2025-07-02T02:03:11+00:00","og_image":[{"width":1500,"height":1500,"url":"https:\/\/valika.eu\/wp-content\/uploads\/2025\/01\/5819.jpg","type":"image\/jpeg"}],"twitter_card":"summary_large_image","schema":{"@context":"https:\/\/schema.org","@graph":[{"@type":"WebPage","@id":"https:\/\/valika.eu\/fi\/toode\/claresa-flygirl-combcurl-ripsmetuss-mis-koolutab-pikendab-eraldab-ja-suurendab-voluumi-10g\/","url":"https:\/\/valika.eu\/fi\/toode\/claresa-flygirl-combcurl-ripsmetuss-mis-koolutab-pikendab-eraldab-ja-suurendab-voluumi-10g\/","name":"CLARESA FLYGIRL COMB&CURL ripsiv\u00e4ri, joka taivuttaa, pident\u00e4\u00e4, erottelee ja lis\u00e4\u00e4 volyymia 10g | Valika","isPartOf":{"@id":"https:\/\/valika.eu\/fi\/#website"},"primaryImageOfPage":{"@id":"https:\/\/valika.eu\/fi\/toode\/claresa-flygirl-combcurl-ripsmetuss-mis-koolutab-pikendab-eraldab-ja-suurendab-voluumi-10g\/#primaryimage"},"image":{"@id":"https:\/\/valika.eu\/toode\/claresa-flygirl-combcurl-ripsmetuss-mis-koolutab-pikendab-eraldab-ja-suurendab-voluumi-10g\/#primaryimage"},"thumbnailUrl":"https:\/\/valika.eu\/wp-content\/uploads\/2025\/01\/5819.jpg","datePublished":"2025-01-09T04:47:46+00:00","dateModified":"2025-07-02T02:03:11+00:00","breadcrumb":{"@id":"https:\/\/valika.eu\/fi\/toode\/claresa-flygirl-combcurl-ripsmetuss-mis-koolutab-pikendab-eraldab-ja-suurendab-voluumi-10g\/#breadcrumb"},"inLanguage":"fi","potentialAction":[{"@type":"ReadAction","target":[["https:\/\/valika.eu\/fi\/toode\/claresa-flygirl-combcurl-ripsmetuss-mis-koolutab-pikendab-eraldab-ja-suurendab-voluumi-10g\/"]]}]},{"@type":"ImageObject","inLanguage":"fi","@id":"https:\/\/valika.eu\/fi\/toode\/claresa-flygirl-combcurl-ripsmetuss-mis-koolutab-pikendab-eraldab-ja-suurendab-voluumi-10g\/#primaryimage","url":"https:\/\/valika.eu\/wp-content\/uploads\/2025\/01\/5819.jpg","contentUrl":"https:\/\/valika.eu\/wp-content\/uploads\/2025\/01\/5819.jpg","width":1500,"height":1500},{"@type":"BreadcrumbList","@id":"https:\/\/valika.eu\/fi\/toode\/claresa-flygirl-combcurl-ripsmetuss-mis-koolutab-pikendab-eraldab-ja-suurendab-voluumi-10g\/#breadcrumb","itemListElement":[{"@type":"ListItem","position":1,"name":"Koti","item":"https:\/\/valika.eu\/fi\/"},{"@type":"ListItem","position":2,"name":"Shop","item":"https:\/\/valika.eu\/fi\/"},{"@type":"ListItem","position":3,"name":"CLARESA FLYGIRL COMB&#038;CURL curling, lengthening, separating, and volumizing mascara 10g"}]},{"@type":"WebSite","@id":"https:\/\/valika.eu\/fi\/#website","url":"https:\/\/valika.eu\/fi\/","name":"Valika.eu","description":"Salonkituotteet ja kauneudenhoitotuotteet - Valika tarjoaa laajan valikoiman tuotteita ja tarvikkeita kynsiteknikoille, kauneushoitoloille, kampaamoille ja kampaamoille.","publisher":{"@id":"https:\/\/valika.eu\/fi\/#organization"},"alternateName":"Valika","potentialAction":[{"@type":"SearchAction","target":{"@type":"EntryPoint","urlTemplate":"https:\/\/valika.eu\/fi\/?s={search_term_string}"},"query-input":{"@type":"PropertyValueSpecification","valueRequired":true,"valueName":"search_term_string"}}],"inLanguage":"fi"},{"@type":"Organization","@id":"https:\/\/valika.eu\/fi\/#organization","name":"Salongitoode O\u00dc","alternateName":"Valika","url":"https:\/\/valika.eu\/fi\/","logo":{"@type":"ImageObject","inLanguage":"fi","@id":"https:\/\/valika.eu\/fi\/#\/schema\/logo\/image\/","url":"https:\/\/valika.eu\/wp-content\/uploads\/2023\/11\/logo2-valika-footer.png","contentUrl":"https:\/\/valika.eu\/wp-content\/uploads\/2023\/11\/logo2-valika-footer.png","width":200,"height":129,"caption":"Salongitoode O\u00dc"},"image":{"@id":"https:\/\/valika.eu\/fi\/#\/schema\/logo\/image\/"},"sameAs":["https:\/\/www.facebook.com\/tipsi.net"]}]}},"jetpack_sharing_enabled":true,"_links":{"self":[{"href":"https:\/\/valika.eu\/fi\/wp-json\/wp\/v2\/product\/11512","targetHints":{"allow":["GET"]}}],"collection":[{"href":"https:\/\/valika.eu\/fi\/wp-json\/wp\/v2\/product"}],"about":[{"href":"https:\/\/valika.eu\/fi\/wp-json\/wp\/v2\/types\/product"}],"wp:featuredmedia":[{"embeddable":true,"href":"https:\/\/valika.eu\/fi\/wp-json\/wp\/v2\/media\/11511"}],"wp:attachment":[{"href":"https:\/\/valika.eu\/fi\/wp-json\/wp\/v2\/media?parent=11512"}],"wp:term":[{"taxonomy":"product_brand","embeddable":true,"href":"https:\/\/valika.eu\/fi\/wp-json\/wp\/v2\/product_brand?post=11512"},{"taxonomy":"product_cat","embeddable":true,"href":"https:\/\/valika.eu\/fi\/wp-json\/wp\/v2\/product_cat?post=11512"},{"taxonomy":"product_tag","embeddable":true,"href":"https:\/\/valika.eu\/fi\/wp-json\/wp\/v2\/product_tag?post=11512"}],"curies":[{"name":"wp","href":"https:\/\/api.w.org\/{rel}","templated":true}]}}