{"id":11519,"date":"2025-01-09T06:47:53","date_gmt":"2025-01-09T04:47:53","guid":{"rendered":"https:\/\/valika.eu\/toode\/claresa-no-more-falsies-deep-black-tihendav-ripsmetuss-kunstlike-ripsmete-efektiga-supermust-10-g\/"},"modified":"2025-07-02T05:03:11","modified_gmt":"2025-07-02T02:03:11","slug":"claresa-no-more-falsies-deep-black-tihendav-ripsmetuss-kunstlike-ripsmete-efektiga-supermust-10-g","status":"publish","type":"product","link":"https:\/\/valika.eu\/fi\/toode\/claresa-no-more-falsies-deep-black-tihendav-ripsmetuss-kunstlike-ripsmete-efektiga-supermust-10-g\/","title":{"rendered":"Claresa NO MORE FALSIES DEEP BLACK Paksuntava ripsiv\u00e4ri tekoripsiefekti supermusta 10 g"},"content":{"rendered":"<p><strong>NO MORE FALSIES DEEP BLACK<\/strong> on ripsiv\u00e4ri, joka antaa tekoripsien vaikutelman poikkeuksellisen syv\u00e4n mustassa v\u00e4riss\u00e4! Se peitt\u00e4\u00e4 ripset t\u00e4ydellisesti, nostaa niit\u00e4, paksuntaa ja pident\u00e4\u00e4 ilman paakkuuntumista tai rumia kokkareita. Moderni silikoniharja on suunniteltu levitt\u00e4m\u00e4\u00e4n ripsiv\u00e4ri tasaisesti ripsiin ja ulottumaan helposti jopa lyhyimpiin ripsiin. Ultra-mustia pigmenttej\u00e4 sis\u00e4lt\u00e4v\u00e4 koostumus antaa ripsille eritt\u00e4in intensiivisen, pitk\u00e4kestoisen v\u00e4rin.<\/p>\n<p><strong>KIINNOSTAVA FAKTA<\/strong><br \/>\nRipsiv\u00e4rin koostumukseen sis\u00e4ltyv\u00e4 riisivaha on suojaava ja ravitseva ainesosa, jolla on pehment\u00e4vi\u00e4, silottavia ja kiiltoa lis\u00e4\u00e4vi\u00e4 ominaisuuksia ripsille.<\/p>\n<p><strong>SOVELLUS<\/strong><br \/>\nLevit\u00e4 ripsiv\u00e4ri ripsien juurista k\u00e4rkiin. Voit lis\u00e4t\u00e4 paksuntavaa ja pident\u00e4v\u00e4\u00e4 vaikutusta lis\u00e4\u00e4m\u00e4ll\u00e4 useampia kerroksia.<\/p>\n<p><strong>MEIKKITAITEILIJAN VINKKI<\/strong><br \/>\n@viva_a_viva neuvoo: Levit\u00e4 monta ohutta kerrosta ripsiv\u00e4ri\u00e4 yhden paksun kerroksen sijaan. Yksi paksu kerros saa ripset paakkuuntumaan yhteen, ja todenn\u00e4k\u00f6isesti levit\u00e4t liikaa tuotetta. Useilla ohuilla kerroksilla peitetyt ripset ovat kauniisti pidentyneet ja paksuuntuneet, mutta vaikutus on paljon kauniimpi ja luonnollisempi.<\/p>\n<p>Saatat my\u00f6s l\u00f6yt\u00e4\u00e4 t\u00e4m\u00e4n hy\u00f6dylliseksi:<\/p>","protected":false},"excerpt":{"rendered":"<p>NO MORE FALSIES DEEP BLACK on ripsiv\u00e4ri, joka antaa tekoripsien vaikutelman poikkeuksellisen syv\u00e4n mustassa v\u00e4riss\u00e4! Se peitt\u00e4\u00e4 ripset t\u00e4ydellisesti, nostaa<\/p>\n","protected":false},"featured_media":11518,"template":"","meta":[],"product_brand":[],"product_cat":[681],"product_tag":[],"class_list":{"0":"post-11519","1":"product","2":"type-product","3":"status-publish","4":"has-post-thumbnail","6":"product_cat-mascara","8":"first","9":"instock","10":"taxable","11":"shipping-taxable","12":"purchasable","13":"product-type-simple"},"yoast_head":"<!-- This site is optimized with the Yoast SEO plugin v24.4 - https:\/\/yoast.com\/wordpress\/plugins\/seo\/ -->\n<title>Claresa NO MORE FALSIES DEEP BLACK Paksuntava ripsiv\u00e4ri tekoripsiefekti supermusta 10 g | Valika<\/title>\n<meta name=\"robots\" content=\"index, follow, max-snippet:-1, max-image-preview:large, max-video-preview:-1\" \/>\n<link rel=\"canonical\" href=\"https:\/\/valika.eu\/fi\/toode\/claresa-no-more-falsies-deep-black-tihendav-ripsmetuss-kunstlike-ripsmete-efektiga-supermust-10-g\/\" \/>\n<meta property=\"og:locale\" content=\"fi_FI\" \/>\n<meta property=\"og:type\" content=\"article\" \/>\n<meta property=\"og:title\" content=\"Claresa NO MORE FALSIES DEEP BLACK Paksuntava ripsiv\u00e4ri tekoripsiefekti supermusta 10 g | Valika\" \/>\n<meta property=\"og:description\" content=\"NO MORE FALSIES DEEP BLACK on ripsiv\u00e4ri, joka antaa tekoripsien vaikutelman poikkeuksellisen syv\u00e4n mustassa v\u00e4riss\u00e4! Se peitt\u00e4\u00e4 ripset t\u00e4ydellisesti, nostaa\" \/>\n<meta property=\"og:url\" content=\"https:\/\/valika.eu\/fi\/toode\/claresa-no-more-falsies-deep-black-tihendav-ripsmetuss-kunstlike-ripsmete-efektiga-supermust-10-g\/\" \/>\n<meta property=\"og:site_name\" content=\"Valika\" \/>\n<meta property=\"article:publisher\" content=\"https:\/\/www.facebook.com\/tipsi.net\" \/>\n<meta property=\"article:modified_time\" content=\"2025-07-02T02:03:11+00:00\" \/>\n<meta property=\"og:image\" content=\"https:\/\/valika.eu\/wp-content\/uploads\/2025\/01\/5821.jpg\" \/>\n\t<meta property=\"og:image:width\" content=\"1500\" \/>\n\t<meta property=\"og:image:height\" content=\"1500\" \/>\n\t<meta property=\"og:image:type\" content=\"image\/jpeg\" \/>\n<meta name=\"twitter:card\" content=\"summary_large_image\" \/>\n<script type=\"application\/ld+json\" class=\"yoast-schema-graph\">{\"@context\":\"https:\/\/schema.org\",\"@graph\":[{\"@type\":\"WebPage\",\"@id\":\"https:\/\/valika.eu\/fi\/toode\/claresa-no-more-falsies-deep-black-tihendav-ripsmetuss-kunstlike-ripsmete-efektiga-supermust-10-g\/\",\"url\":\"https:\/\/valika.eu\/fi\/toode\/claresa-no-more-falsies-deep-black-tihendav-ripsmetuss-kunstlike-ripsmete-efektiga-supermust-10-g\/\",\"name\":\"Claresa NO MORE FALSIES DEEP BLACK Paksuntava ripsiv\u00e4ri tekoripsiefekti supermusta 10 g | Valika\",\"isPartOf\":{\"@id\":\"https:\/\/valika.eu\/fi\/#website\"},\"primaryImageOfPage\":{\"@id\":\"https:\/\/valika.eu\/fi\/toode\/claresa-no-more-falsies-deep-black-tihendav-ripsmetuss-kunstlike-ripsmete-efektiga-supermust-10-g\/#primaryimage\"},\"image\":{\"@id\":\"https:\/\/valika.eu\/toode\/claresa-no-more-falsies-deep-black-tihendav-ripsmetuss-kunstlike-ripsmete-efektiga-supermust-10-g\/#primaryimage\"},\"thumbnailUrl\":\"https:\/\/valika.eu\/wp-content\/uploads\/2025\/01\/5821.jpg\",\"datePublished\":\"2025-01-09T04:47:53+00:00\",\"dateModified\":\"2025-07-02T02:03:11+00:00\",\"breadcrumb\":{\"@id\":\"https:\/\/valika.eu\/fi\/toode\/claresa-no-more-falsies-deep-black-tihendav-ripsmetuss-kunstlike-ripsmete-efektiga-supermust-10-g\/#breadcrumb\"},\"inLanguage\":\"fi\",\"potentialAction\":[{\"@type\":\"ReadAction\",\"target\":[[\"https:\/\/valika.eu\/fi\/toode\/claresa-no-more-falsies-deep-black-tihendav-ripsmetuss-kunstlike-ripsmete-efektiga-supermust-10-g\/\"]]}]},{\"@type\":\"ImageObject\",\"inLanguage\":\"fi\",\"@id\":\"https:\/\/valika.eu\/fi\/toode\/claresa-no-more-falsies-deep-black-tihendav-ripsmetuss-kunstlike-ripsmete-efektiga-supermust-10-g\/#primaryimage\",\"url\":\"https:\/\/valika.eu\/wp-content\/uploads\/2025\/01\/5821.jpg\",\"contentUrl\":\"https:\/\/valika.eu\/wp-content\/uploads\/2025\/01\/5821.jpg\",\"width\":1500,\"height\":1500},{\"@type\":\"BreadcrumbList\",\"@id\":\"https:\/\/valika.eu\/fi\/toode\/claresa-no-more-falsies-deep-black-tihendav-ripsmetuss-kunstlike-ripsmete-efektiga-supermust-10-g\/#breadcrumb\",\"itemListElement\":[{\"@type\":\"ListItem\",\"position\":1,\"name\":\"Koti\",\"item\":\"https:\/\/valika.eu\/fi\/\"},{\"@type\":\"ListItem\",\"position\":2,\"name\":\"Shop\",\"item\":\"https:\/\/valika.eu\/fi\/\"},{\"@type\":\"ListItem\",\"position\":3,\"name\":\"Claresa NO MORE FALSIES DEEP BLACK Volumizing mascara false lash effect super black 10 g\"}]},{\"@type\":\"WebSite\",\"@id\":\"https:\/\/valika.eu\/fi\/#website\",\"url\":\"https:\/\/valika.eu\/fi\/\",\"name\":\"Valika.eu\",\"description\":\"Salonkituotteet ja kauneudenhoitotuotteet - Valika tarjoaa laajan valikoiman tuotteita ja tarvikkeita kynsiteknikoille, kauneushoitoloille, kampaamoille ja kampaamoille.\",\"publisher\":{\"@id\":\"https:\/\/valika.eu\/fi\/#organization\"},\"alternateName\":\"Valika\",\"potentialAction\":[{\"@type\":\"SearchAction\",\"target\":{\"@type\":\"EntryPoint\",\"urlTemplate\":\"https:\/\/valika.eu\/fi\/?s={search_term_string}\"},\"query-input\":{\"@type\":\"PropertyValueSpecification\",\"valueRequired\":true,\"valueName\":\"search_term_string\"}}],\"inLanguage\":\"fi\"},{\"@type\":\"Organization\",\"@id\":\"https:\/\/valika.eu\/fi\/#organization\",\"name\":\"Salongitoode O\u00dc\",\"alternateName\":\"Valika\",\"url\":\"https:\/\/valika.eu\/fi\/\",\"logo\":{\"@type\":\"ImageObject\",\"inLanguage\":\"fi\",\"@id\":\"https:\/\/valika.eu\/fi\/#\/schema\/logo\/image\/\",\"url\":\"https:\/\/valika.eu\/wp-content\/uploads\/2023\/11\/logo2-valika-footer.png\",\"contentUrl\":\"https:\/\/valika.eu\/wp-content\/uploads\/2023\/11\/logo2-valika-footer.png\",\"width\":200,\"height\":129,\"caption\":\"Salongitoode O\u00dc\"},\"image\":{\"@id\":\"https:\/\/valika.eu\/fi\/#\/schema\/logo\/image\/\"},\"sameAs\":[\"https:\/\/www.facebook.com\/tipsi.net\"]}]}<\/script>\n<!-- \/ Yoast SEO plugin. -->","yoast_head_json":{"title":"Claresa NO MORE FALSIES DEEP BLACK Paksuntava ripsiv\u00e4ri tekoripsiefekti supermusta 10 g | Valika","robots":{"index":"index","follow":"follow","max-snippet":"max-snippet:-1","max-image-preview":"max-image-preview:large","max-video-preview":"max-video-preview:-1"},"canonical":"https:\/\/valika.eu\/fi\/toode\/claresa-no-more-falsies-deep-black-tihendav-ripsmetuss-kunstlike-ripsmete-efektiga-supermust-10-g\/","og_locale":"fi_FI","og_type":"article","og_title":"Claresa NO MORE FALSIES DEEP BLACK Paksuntava ripsiv\u00e4ri tekoripsiefekti supermusta 10 g | Valika","og_description":"NO MORE FALSIES DEEP BLACK on ripsiv\u00e4ri, joka antaa tekoripsien vaikutelman poikkeuksellisen syv\u00e4n mustassa v\u00e4riss\u00e4! Se peitt\u00e4\u00e4 ripset t\u00e4ydellisesti, nostaa","og_url":"https:\/\/valika.eu\/fi\/toode\/claresa-no-more-falsies-deep-black-tihendav-ripsmetuss-kunstlike-ripsmete-efektiga-supermust-10-g\/","og_site_name":"Valika","article_publisher":"https:\/\/www.facebook.com\/tipsi.net","article_modified_time":"2025-07-02T02:03:11+00:00","og_image":[{"width":1500,"height":1500,"url":"https:\/\/valika.eu\/wp-content\/uploads\/2025\/01\/5821.jpg","type":"image\/jpeg"}],"twitter_card":"summary_large_image","schema":{"@context":"https:\/\/schema.org","@graph":[{"@type":"WebPage","@id":"https:\/\/valika.eu\/fi\/toode\/claresa-no-more-falsies-deep-black-tihendav-ripsmetuss-kunstlike-ripsmete-efektiga-supermust-10-g\/","url":"https:\/\/valika.eu\/fi\/toode\/claresa-no-more-falsies-deep-black-tihendav-ripsmetuss-kunstlike-ripsmete-efektiga-supermust-10-g\/","name":"Claresa NO MORE FALSIES DEEP BLACK Paksuntava ripsiv\u00e4ri tekoripsiefekti supermusta 10 g | Valika","isPartOf":{"@id":"https:\/\/valika.eu\/fi\/#website"},"primaryImageOfPage":{"@id":"https:\/\/valika.eu\/fi\/toode\/claresa-no-more-falsies-deep-black-tihendav-ripsmetuss-kunstlike-ripsmete-efektiga-supermust-10-g\/#primaryimage"},"image":{"@id":"https:\/\/valika.eu\/toode\/claresa-no-more-falsies-deep-black-tihendav-ripsmetuss-kunstlike-ripsmete-efektiga-supermust-10-g\/#primaryimage"},"thumbnailUrl":"https:\/\/valika.eu\/wp-content\/uploads\/2025\/01\/5821.jpg","datePublished":"2025-01-09T04:47:53+00:00","dateModified":"2025-07-02T02:03:11+00:00","breadcrumb":{"@id":"https:\/\/valika.eu\/fi\/toode\/claresa-no-more-falsies-deep-black-tihendav-ripsmetuss-kunstlike-ripsmete-efektiga-supermust-10-g\/#breadcrumb"},"inLanguage":"fi","potentialAction":[{"@type":"ReadAction","target":[["https:\/\/valika.eu\/fi\/toode\/claresa-no-more-falsies-deep-black-tihendav-ripsmetuss-kunstlike-ripsmete-efektiga-supermust-10-g\/"]]}]},{"@type":"ImageObject","inLanguage":"fi","@id":"https:\/\/valika.eu\/fi\/toode\/claresa-no-more-falsies-deep-black-tihendav-ripsmetuss-kunstlike-ripsmete-efektiga-supermust-10-g\/#primaryimage","url":"https:\/\/valika.eu\/wp-content\/uploads\/2025\/01\/5821.jpg","contentUrl":"https:\/\/valika.eu\/wp-content\/uploads\/2025\/01\/5821.jpg","width":1500,"height":1500},{"@type":"BreadcrumbList","@id":"https:\/\/valika.eu\/fi\/toode\/claresa-no-more-falsies-deep-black-tihendav-ripsmetuss-kunstlike-ripsmete-efektiga-supermust-10-g\/#breadcrumb","itemListElement":[{"@type":"ListItem","position":1,"name":"Koti","item":"https:\/\/valika.eu\/fi\/"},{"@type":"ListItem","position":2,"name":"Shop","item":"https:\/\/valika.eu\/fi\/"},{"@type":"ListItem","position":3,"name":"Claresa NO MORE FALSIES DEEP BLACK Volumizing mascara false lash effect super black 10 g"}]},{"@type":"WebSite","@id":"https:\/\/valika.eu\/fi\/#website","url":"https:\/\/valika.eu\/fi\/","name":"Valika.eu","description":"Salonkituotteet ja kauneudenhoitotuotteet - Valika tarjoaa laajan valikoiman tuotteita ja tarvikkeita kynsiteknikoille, kauneushoitoloille, kampaamoille ja kampaamoille.","publisher":{"@id":"https:\/\/valika.eu\/fi\/#organization"},"alternateName":"Valika","potentialAction":[{"@type":"SearchAction","target":{"@type":"EntryPoint","urlTemplate":"https:\/\/valika.eu\/fi\/?s={search_term_string}"},"query-input":{"@type":"PropertyValueSpecification","valueRequired":true,"valueName":"search_term_string"}}],"inLanguage":"fi"},{"@type":"Organization","@id":"https:\/\/valika.eu\/fi\/#organization","name":"Salongitoode O\u00dc","alternateName":"Valika","url":"https:\/\/valika.eu\/fi\/","logo":{"@type":"ImageObject","inLanguage":"fi","@id":"https:\/\/valika.eu\/fi\/#\/schema\/logo\/image\/","url":"https:\/\/valika.eu\/wp-content\/uploads\/2023\/11\/logo2-valika-footer.png","contentUrl":"https:\/\/valika.eu\/wp-content\/uploads\/2023\/11\/logo2-valika-footer.png","width":200,"height":129,"caption":"Salongitoode O\u00dc"},"image":{"@id":"https:\/\/valika.eu\/fi\/#\/schema\/logo\/image\/"},"sameAs":["https:\/\/www.facebook.com\/tipsi.net"]}]}},"jetpack_sharing_enabled":true,"_links":{"self":[{"href":"https:\/\/valika.eu\/fi\/wp-json\/wp\/v2\/product\/11519","targetHints":{"allow":["GET"]}}],"collection":[{"href":"https:\/\/valika.eu\/fi\/wp-json\/wp\/v2\/product"}],"about":[{"href":"https:\/\/valika.eu\/fi\/wp-json\/wp\/v2\/types\/product"}],"wp:featuredmedia":[{"embeddable":true,"href":"https:\/\/valika.eu\/fi\/wp-json\/wp\/v2\/media\/11518"}],"wp:attachment":[{"href":"https:\/\/valika.eu\/fi\/wp-json\/wp\/v2\/media?parent=11519"}],"wp:term":[{"taxonomy":"product_brand","embeddable":true,"href":"https:\/\/valika.eu\/fi\/wp-json\/wp\/v2\/product_brand?post=11519"},{"taxonomy":"product_cat","embeddable":true,"href":"https:\/\/valika.eu\/fi\/wp-json\/wp\/v2\/product_cat?post=11519"},{"taxonomy":"product_tag","embeddable":true,"href":"https:\/\/valika.eu\/fi\/wp-json\/wp\/v2\/product_tag?post=11519"}],"curies":[{"name":"wp","href":"https:\/\/api.w.org\/{rel}","templated":true}]}}