{"id":11523,"date":"2025-01-09T06:47:57","date_gmt":"2025-01-09T04:47:57","guid":{"rendered":"https:\/\/valika.eu\/toode\/claresa-never-too-black-super-must-ripsmetuss-mis-suurendab-voluumi-10-g\/"},"modified":"2025-10-01T12:39:38","modified_gmt":"2025-10-01T09:39:38","slug":"claresa-never-too-black-super-must-ripsmetuss-mis-suurendab-voluumi-10-g","status":"publish","type":"product","link":"https:\/\/valika.eu\/fi\/toode\/claresa-never-too-black-super-must-ripsmetuss-mis-suurendab-voluumi-10-g\/","title":{"rendered":"Claresa NEVER TOO BLACK! Eritt\u00e4in musta ripsiv\u00e4ri, joka lis\u00e4\u00e4 volyymia 10 g"},"content":{"rendered":"<p><strong>EI KOSKAAN LIIAN MUSTA!<\/strong> on dramaattinen volyymi ja poikkeuksellisen intensiivinen musta! Tarkka, kapea, silikoniharja, jossa on eritt\u00e4in lyhyet harjakset, mahdollistaa ripsien intensiivisen paksuuntumisen jo ensimm\u00e4isell\u00e4 vedolla, ja jokaisen lis\u00e4kerroksen my\u00f6t\u00e4 vaikutus muuttuu yh\u00e4 n\u00e4ytt\u00e4v\u00e4mm\u00e4ksi. Innovatiivinen koostumus tekee ripsist\u00e4 pitk\u00e4t, tihe\u00e4t ja ilmeikk\u00e4\u00e4t juurista aivan k\u00e4rkiin asti, ja sen sis\u00e4lt\u00e4m\u00e4t supermustat pigmentit antavat poikkeuksellisen syv\u00e4n v\u00e4rin, joka ei menet\u00e4 intensiivisyytt\u00e4\u00e4n ennen kuin poistat meikin.<\/p>\n<p><strong>MIELENKIINTOINEN FAKTA<\/strong><br \/>\nVegaanisen ripsiv\u00e4rin koostumuksessa oleva arabikumi rauhoittaa silmien \u00e4rsytyst\u00e4.<\/p>\n<p><strong>SOVELLUS<\/strong><br \/>\nLevit\u00e4 ripsiv\u00e4ri ripsien juurista aivan k\u00e4rkiin asti. Voit tehostaa paksuuntumis- ja pidentymisvaikutusta lis\u00e4\u00e4m\u00e4ll\u00e4 lis\u00e4kerroksia.<\/p>\n<p><strong>MEIKKITAITEILIJAN VINKKI<\/strong><br \/>\nOnko sinulla lyhyet, ohuet ripset ja haaveilet dramaattisesta volyymista? Levit\u00e4 ensimm\u00e4inen kerros ripsiv\u00e4ri\u00e4, k\u00e4yt\u00e4 sitten pient\u00e4 harjaa levitt\u00e4\u00e4ksesi hieman l\u00e4pin\u00e4kyv\u00e4\u00e4 puuteria ripsiin, odota hetki ja levit\u00e4 ripsiv\u00e4ri uudelleen. T\u00e4m\u00e4 unohdettu kikka voi lis\u00e4t\u00e4 ripsiesi volyymia jopa kolminkertaiseksi!<\/p>","protected":false},"excerpt":{"rendered":"<p>EI KOSKAAN LIIAN MUSTA! on dramaattinen volyymi ja poikkeuksellisen intensiivinen musta! Tarkka, kapea, silikoniharja, jossa on eritt\u00e4in lyhyet harjakset, mahdollistaa<\/p>\n","protected":false},"featured_media":11522,"template":"","meta":[],"product_brand":[],"product_cat":[681],"product_tag":[],"class_list":{"0":"post-11523","1":"product","2":"type-product","3":"status-publish","4":"has-post-thumbnail","6":"product_cat-mascara","8":"first","9":"instock","10":"taxable","11":"shipping-taxable","12":"purchasable","13":"product-type-simple"},"yoast_head":"<!-- This site is optimized with the Yoast SEO plugin v24.4 - https:\/\/yoast.com\/wordpress\/plugins\/seo\/ -->\n<title>Claresa NEVER TOO BLACK! Eritt\u00e4in musta ripsiv\u00e4ri, joka lis\u00e4\u00e4 volyymia 10 g | Valika<\/title>\n<meta name=\"robots\" content=\"index, follow, max-snippet:-1, max-image-preview:large, max-video-preview:-1\" \/>\n<link rel=\"canonical\" href=\"https:\/\/valika.eu\/fi\/toode\/claresa-never-too-black-super-must-ripsmetuss-mis-suurendab-voluumi-10-g\/\" \/>\n<meta property=\"og:locale\" content=\"fi_FI\" \/>\n<meta property=\"og:type\" content=\"article\" \/>\n<meta property=\"og:title\" content=\"Claresa NEVER TOO BLACK! Eritt\u00e4in musta ripsiv\u00e4ri, joka lis\u00e4\u00e4 volyymia 10 g | Valika\" \/>\n<meta property=\"og:description\" content=\"EI KOSKAAN LIIAN MUSTA! on dramaattinen volyymi ja poikkeuksellisen intensiivinen musta! Tarkka, kapea, silikoniharja, jossa on eritt\u00e4in lyhyet harjakset, mahdollistaa\" \/>\n<meta property=\"og:url\" content=\"https:\/\/valika.eu\/fi\/toode\/claresa-never-too-black-super-must-ripsmetuss-mis-suurendab-voluumi-10-g\/\" \/>\n<meta property=\"og:site_name\" content=\"Valika\" \/>\n<meta property=\"article:publisher\" content=\"https:\/\/www.facebook.com\/tipsi.net\" \/>\n<meta property=\"article:modified_time\" content=\"2025-10-01T09:39:38+00:00\" \/>\n<meta property=\"og:image\" content=\"https:\/\/valika.eu\/wp-content\/uploads\/2025\/01\/5822.jpg\" \/>\n\t<meta property=\"og:image:width\" content=\"1500\" \/>\n\t<meta property=\"og:image:height\" content=\"1500\" \/>\n\t<meta property=\"og:image:type\" content=\"image\/jpeg\" \/>\n<meta name=\"twitter:card\" content=\"summary_large_image\" \/>\n<script type=\"application\/ld+json\" class=\"yoast-schema-graph\">{\"@context\":\"https:\/\/schema.org\",\"@graph\":[{\"@type\":\"WebPage\",\"@id\":\"https:\/\/valika.eu\/fi\/toode\/claresa-never-too-black-super-must-ripsmetuss-mis-suurendab-voluumi-10-g\/\",\"url\":\"https:\/\/valika.eu\/fi\/toode\/claresa-never-too-black-super-must-ripsmetuss-mis-suurendab-voluumi-10-g\/\",\"name\":\"Claresa NEVER TOO BLACK! Eritt\u00e4in musta ripsiv\u00e4ri, joka lis\u00e4\u00e4 volyymia 10 g | Valika\",\"isPartOf\":{\"@id\":\"https:\/\/valika.eu\/fi\/#website\"},\"primaryImageOfPage\":{\"@id\":\"https:\/\/valika.eu\/fi\/toode\/claresa-never-too-black-super-must-ripsmetuss-mis-suurendab-voluumi-10-g\/#primaryimage\"},\"image\":{\"@id\":\"https:\/\/valika.eu\/toode\/claresa-never-too-black-super-must-ripsmetuss-mis-suurendab-voluumi-10-g\/#primaryimage\"},\"thumbnailUrl\":\"https:\/\/valika.eu\/wp-content\/uploads\/2025\/01\/5822.jpg\",\"datePublished\":\"2025-01-09T04:47:57+00:00\",\"dateModified\":\"2025-10-01T09:39:38+00:00\",\"breadcrumb\":{\"@id\":\"https:\/\/valika.eu\/fi\/toode\/claresa-never-too-black-super-must-ripsmetuss-mis-suurendab-voluumi-10-g\/#breadcrumb\"},\"inLanguage\":\"fi\",\"potentialAction\":[{\"@type\":\"ReadAction\",\"target\":[[\"https:\/\/valika.eu\/fi\/toode\/claresa-never-too-black-super-must-ripsmetuss-mis-suurendab-voluumi-10-g\/\"]]}]},{\"@type\":\"ImageObject\",\"inLanguage\":\"fi\",\"@id\":\"https:\/\/valika.eu\/fi\/toode\/claresa-never-too-black-super-must-ripsmetuss-mis-suurendab-voluumi-10-g\/#primaryimage\",\"url\":\"https:\/\/valika.eu\/wp-content\/uploads\/2025\/01\/5822.jpg\",\"contentUrl\":\"https:\/\/valika.eu\/wp-content\/uploads\/2025\/01\/5822.jpg\",\"width\":1500,\"height\":1500},{\"@type\":\"BreadcrumbList\",\"@id\":\"https:\/\/valika.eu\/fi\/toode\/claresa-never-too-black-super-must-ripsmetuss-mis-suurendab-voluumi-10-g\/#breadcrumb\",\"itemListElement\":[{\"@type\":\"ListItem\",\"position\":1,\"name\":\"Koti\",\"item\":\"https:\/\/valika.eu\/fi\/\"},{\"@type\":\"ListItem\",\"position\":2,\"name\":\"Shop\",\"item\":\"https:\/\/valika.eu\/fi\/\"},{\"@type\":\"ListItem\",\"position\":3,\"name\":\"Claresa NEVER TOO BLACK! Super black volumizing mascara 10 g\"}]},{\"@type\":\"WebSite\",\"@id\":\"https:\/\/valika.eu\/fi\/#website\",\"url\":\"https:\/\/valika.eu\/fi\/\",\"name\":\"Valika.eu\",\"description\":\"Salonkituotteet ja kauneudenhoitotuotteet - Valika tarjoaa laajan valikoiman tuotteita ja tarvikkeita kynsiteknikoille, kauneushoitoloille, kampaamoille ja kampaamoille.\",\"publisher\":{\"@id\":\"https:\/\/valika.eu\/fi\/#organization\"},\"alternateName\":\"Valika\",\"potentialAction\":[{\"@type\":\"SearchAction\",\"target\":{\"@type\":\"EntryPoint\",\"urlTemplate\":\"https:\/\/valika.eu\/fi\/?s={search_term_string}\"},\"query-input\":{\"@type\":\"PropertyValueSpecification\",\"valueRequired\":true,\"valueName\":\"search_term_string\"}}],\"inLanguage\":\"fi\"},{\"@type\":\"Organization\",\"@id\":\"https:\/\/valika.eu\/fi\/#organization\",\"name\":\"Salongitoode O\u00dc\",\"alternateName\":\"Valika\",\"url\":\"https:\/\/valika.eu\/fi\/\",\"logo\":{\"@type\":\"ImageObject\",\"inLanguage\":\"fi\",\"@id\":\"https:\/\/valika.eu\/fi\/#\/schema\/logo\/image\/\",\"url\":\"https:\/\/valika.eu\/wp-content\/uploads\/2023\/11\/logo2-valika-footer.png\",\"contentUrl\":\"https:\/\/valika.eu\/wp-content\/uploads\/2023\/11\/logo2-valika-footer.png\",\"width\":200,\"height\":129,\"caption\":\"Salongitoode O\u00dc\"},\"image\":{\"@id\":\"https:\/\/valika.eu\/fi\/#\/schema\/logo\/image\/\"},\"sameAs\":[\"https:\/\/www.facebook.com\/tipsi.net\"]}]}<\/script>\n<!-- \/ Yoast SEO plugin. -->","yoast_head_json":{"title":"Claresa NEVER TOO BLACK! Eritt\u00e4in musta ripsiv\u00e4ri, joka lis\u00e4\u00e4 volyymia 10 g | Valika","robots":{"index":"index","follow":"follow","max-snippet":"max-snippet:-1","max-image-preview":"max-image-preview:large","max-video-preview":"max-video-preview:-1"},"canonical":"https:\/\/valika.eu\/fi\/toode\/claresa-never-too-black-super-must-ripsmetuss-mis-suurendab-voluumi-10-g\/","og_locale":"fi_FI","og_type":"article","og_title":"Claresa NEVER TOO BLACK! Eritt\u00e4in musta ripsiv\u00e4ri, joka lis\u00e4\u00e4 volyymia 10 g | Valika","og_description":"EI KOSKAAN LIIAN MUSTA! on dramaattinen volyymi ja poikkeuksellisen intensiivinen musta! Tarkka, kapea, silikoniharja, jossa on eritt\u00e4in lyhyet harjakset, mahdollistaa","og_url":"https:\/\/valika.eu\/fi\/toode\/claresa-never-too-black-super-must-ripsmetuss-mis-suurendab-voluumi-10-g\/","og_site_name":"Valika","article_publisher":"https:\/\/www.facebook.com\/tipsi.net","article_modified_time":"2025-10-01T09:39:38+00:00","og_image":[{"width":1500,"height":1500,"url":"https:\/\/valika.eu\/wp-content\/uploads\/2025\/01\/5822.jpg","type":"image\/jpeg"}],"twitter_card":"summary_large_image","schema":{"@context":"https:\/\/schema.org","@graph":[{"@type":"WebPage","@id":"https:\/\/valika.eu\/fi\/toode\/claresa-never-too-black-super-must-ripsmetuss-mis-suurendab-voluumi-10-g\/","url":"https:\/\/valika.eu\/fi\/toode\/claresa-never-too-black-super-must-ripsmetuss-mis-suurendab-voluumi-10-g\/","name":"Claresa NEVER TOO BLACK! Eritt\u00e4in musta ripsiv\u00e4ri, joka lis\u00e4\u00e4 volyymia 10 g | Valika","isPartOf":{"@id":"https:\/\/valika.eu\/fi\/#website"},"primaryImageOfPage":{"@id":"https:\/\/valika.eu\/fi\/toode\/claresa-never-too-black-super-must-ripsmetuss-mis-suurendab-voluumi-10-g\/#primaryimage"},"image":{"@id":"https:\/\/valika.eu\/toode\/claresa-never-too-black-super-must-ripsmetuss-mis-suurendab-voluumi-10-g\/#primaryimage"},"thumbnailUrl":"https:\/\/valika.eu\/wp-content\/uploads\/2025\/01\/5822.jpg","datePublished":"2025-01-09T04:47:57+00:00","dateModified":"2025-10-01T09:39:38+00:00","breadcrumb":{"@id":"https:\/\/valika.eu\/fi\/toode\/claresa-never-too-black-super-must-ripsmetuss-mis-suurendab-voluumi-10-g\/#breadcrumb"},"inLanguage":"fi","potentialAction":[{"@type":"ReadAction","target":[["https:\/\/valika.eu\/fi\/toode\/claresa-never-too-black-super-must-ripsmetuss-mis-suurendab-voluumi-10-g\/"]]}]},{"@type":"ImageObject","inLanguage":"fi","@id":"https:\/\/valika.eu\/fi\/toode\/claresa-never-too-black-super-must-ripsmetuss-mis-suurendab-voluumi-10-g\/#primaryimage","url":"https:\/\/valika.eu\/wp-content\/uploads\/2025\/01\/5822.jpg","contentUrl":"https:\/\/valika.eu\/wp-content\/uploads\/2025\/01\/5822.jpg","width":1500,"height":1500},{"@type":"BreadcrumbList","@id":"https:\/\/valika.eu\/fi\/toode\/claresa-never-too-black-super-must-ripsmetuss-mis-suurendab-voluumi-10-g\/#breadcrumb","itemListElement":[{"@type":"ListItem","position":1,"name":"Koti","item":"https:\/\/valika.eu\/fi\/"},{"@type":"ListItem","position":2,"name":"Shop","item":"https:\/\/valika.eu\/fi\/"},{"@type":"ListItem","position":3,"name":"Claresa NEVER TOO BLACK! Super black volumizing mascara 10 g"}]},{"@type":"WebSite","@id":"https:\/\/valika.eu\/fi\/#website","url":"https:\/\/valika.eu\/fi\/","name":"Valika.eu","description":"Salonkituotteet ja kauneudenhoitotuotteet - Valika tarjoaa laajan valikoiman tuotteita ja tarvikkeita kynsiteknikoille, kauneushoitoloille, kampaamoille ja kampaamoille.","publisher":{"@id":"https:\/\/valika.eu\/fi\/#organization"},"alternateName":"Valika","potentialAction":[{"@type":"SearchAction","target":{"@type":"EntryPoint","urlTemplate":"https:\/\/valika.eu\/fi\/?s={search_term_string}"},"query-input":{"@type":"PropertyValueSpecification","valueRequired":true,"valueName":"search_term_string"}}],"inLanguage":"fi"},{"@type":"Organization","@id":"https:\/\/valika.eu\/fi\/#organization","name":"Salongitoode O\u00dc","alternateName":"Valika","url":"https:\/\/valika.eu\/fi\/","logo":{"@type":"ImageObject","inLanguage":"fi","@id":"https:\/\/valika.eu\/fi\/#\/schema\/logo\/image\/","url":"https:\/\/valika.eu\/wp-content\/uploads\/2023\/11\/logo2-valika-footer.png","contentUrl":"https:\/\/valika.eu\/wp-content\/uploads\/2023\/11\/logo2-valika-footer.png","width":200,"height":129,"caption":"Salongitoode O\u00dc"},"image":{"@id":"https:\/\/valika.eu\/fi\/#\/schema\/logo\/image\/"},"sameAs":["https:\/\/www.facebook.com\/tipsi.net"]}]}},"jetpack_sharing_enabled":true,"_links":{"self":[{"href":"https:\/\/valika.eu\/fi\/wp-json\/wp\/v2\/product\/11523","targetHints":{"allow":["GET"]}}],"collection":[{"href":"https:\/\/valika.eu\/fi\/wp-json\/wp\/v2\/product"}],"about":[{"href":"https:\/\/valika.eu\/fi\/wp-json\/wp\/v2\/types\/product"}],"wp:featuredmedia":[{"embeddable":true,"href":"https:\/\/valika.eu\/fi\/wp-json\/wp\/v2\/media\/11522"}],"wp:attachment":[{"href":"https:\/\/valika.eu\/fi\/wp-json\/wp\/v2\/media?parent=11523"}],"wp:term":[{"taxonomy":"product_brand","embeddable":true,"href":"https:\/\/valika.eu\/fi\/wp-json\/wp\/v2\/product_brand?post=11523"},{"taxonomy":"product_cat","embeddable":true,"href":"https:\/\/valika.eu\/fi\/wp-json\/wp\/v2\/product_cat?post=11523"},{"taxonomy":"product_tag","embeddable":true,"href":"https:\/\/valika.eu\/fi\/wp-json\/wp\/v2\/product_tag?post=11523"}],"curies":[{"name":"wp","href":"https:\/\/api.w.org\/{rel}","templated":true}]}}