{"id":11527,"date":"2025-01-09T06:48:02","date_gmt":"2025-01-09T04:48:02","guid":{"rendered":"https:\/\/valika.eu\/toode\/claresa-bedroom-eyes-mascara-ripsmetuss-mis-koolutab-ja-tihendab\/"},"modified":"2025-07-02T05:03:11","modified_gmt":"2025-07-02T02:03:11","slug":"claresa-bedroom-eyes-mascara-ripsmetuss-mis-koolutab-ja-tihendab","status":"publish","type":"product","link":"https:\/\/valika.eu\/fi\/toode\/claresa-bedroom-eyes-mascara-ripsmetuss-mis-koolutab-ja-tihendab\/","title":{"rendered":"Claresa BEDROOM EYES MASCARA Taivuttava ja tuuheuttava ripsiv\u00e4ri"},"content":{"rendered":"<p>**BEDROOM EYES MASCARA** on viettelev\u00e4sti korostettu look, joka vet\u00e4\u00e4 puoleensa kuin magneetti! **Kohotetut, kaarevat ja intensiivisesti paksunnetut ripset** takaavat n\u00e4ytt\u00e4v\u00e4n vaikutelman n\u00e4kyv\u00e4sti suurentuneista, seksikk\u00e4ist\u00e4 silmist\u00e4. Helppok\u00e4ytt\u00f6inen, tarkka kaarenmuotoinen harja on erityisesti suunniteltu erottamaan ripset, varmistaen kest\u00e4v\u00e4n kaarevuuden ilman paakkuuntumista. T\u00e4m\u00e4 muoto mahdollistaa my\u00f6s jokaisen ripsen, jopa lyhyimpien, tavoittamisen maksimoiden silmien optisen suurentamisen. Sopii piilolinssien k\u00e4ytt\u00e4jille. Ei paakkuunnu, levi\u00e4 tai varise jopa 24 tuntiin.<\/p>\n<p>**HAUSKA FAKTA:**<br \/>\nRipsiv\u00e4rin koostumus sis\u00e4lt\u00e4\u00e4 palmitiinihappoa, joka hoitaa ripsi\u00e4 ja antaa niille kiiltoa.<\/p>\n<p>**K\u00c4YTT\u00d6:**<br \/>\nLevit\u00e4 ripsiv\u00e4ri\u00e4 ripsien tyvest\u00e4 k\u00e4rkiin. Voit lis\u00e4t\u00e4 paksuntavaa ja pident\u00e4v\u00e4\u00e4 vaikutusta lis\u00e4\u00e4m\u00e4ll\u00e4 kerroksia.<\/p>\n<p>**MEIKKITAITEILIJAN VINKKI:**<br \/>\nOvatko ripsesi jo tyydytt\u00e4v\u00e4sti kohotetut ja paksunnetut, mutta pituus puuttuu?<br \/>\nHarjaa ripsien k\u00e4rki\u00e4 vuorotellen ylh\u00e4\u00e4lt\u00e4 ja alhaalta pident\u00e4\u00e4ksesi niit\u00e4 ilman, ett\u00e4 lis\u00e4\u00e4t toista kerrosta koko pituudelle, v\u00e4ltt\u00e4en n\u00e4in liiallisen tuotteen levitt\u00e4misen, mik\u00e4 voisi aiheuttaa ripsien ep\u00e4siistin paakkuuntumisen.<\/p>","protected":false},"excerpt":{"rendered":"<p>**BEDROOM EYES MASCARA** on viettelev\u00e4sti korostettu look, joka vet\u00e4\u00e4 puoleensa kuin magneetti! **Kohotetut, kaarevat ja intensiivisesti paksunnetut ripset** takaavat n\u00e4ytt\u00e4v\u00e4n<\/p>\n","protected":false},"featured_media":11526,"template":"","meta":[],"product_brand":[],"product_cat":[681],"product_tag":[],"class_list":{"0":"post-11527","1":"product","2":"type-product","3":"status-publish","4":"has-post-thumbnail","6":"product_cat-mascara","8":"first","9":"instock","10":"taxable","11":"shipping-taxable","12":"purchasable","13":"product-type-simple"},"yoast_head":"<!-- This site is optimized with the Yoast SEO plugin v24.4 - https:\/\/yoast.com\/wordpress\/plugins\/seo\/ -->\n<title>Claresa BEDROOM EYES MASCARA Taivuttava ja tuuheuttava ripsiv\u00e4ri | Valika<\/title>\n<meta name=\"robots\" content=\"index, follow, max-snippet:-1, max-image-preview:large, max-video-preview:-1\" \/>\n<link rel=\"canonical\" href=\"https:\/\/valika.eu\/fi\/toode\/claresa-bedroom-eyes-mascara-ripsmetuss-mis-koolutab-ja-tihendab\/\" \/>\n<meta property=\"og:locale\" content=\"fi_FI\" \/>\n<meta property=\"og:type\" content=\"article\" \/>\n<meta property=\"og:title\" content=\"Claresa BEDROOM EYES MASCARA Taivuttava ja tuuheuttava ripsiv\u00e4ri | Valika\" \/>\n<meta property=\"og:description\" content=\"**BEDROOM EYES MASCARA** on viettelev\u00e4sti korostettu look, joka vet\u00e4\u00e4 puoleensa kuin magneetti! **Kohotetut, kaarevat ja intensiivisesti paksunnetut ripset** takaavat n\u00e4ytt\u00e4v\u00e4n\" \/>\n<meta property=\"og:url\" content=\"https:\/\/valika.eu\/fi\/toode\/claresa-bedroom-eyes-mascara-ripsmetuss-mis-koolutab-ja-tihendab\/\" \/>\n<meta property=\"og:site_name\" content=\"Valika\" \/>\n<meta property=\"article:publisher\" content=\"https:\/\/www.facebook.com\/tipsi.net\" \/>\n<meta property=\"article:modified_time\" content=\"2025-07-02T02:03:11+00:00\" \/>\n<meta property=\"og:image\" content=\"https:\/\/valika.eu\/wp-content\/uploads\/2025\/01\/6283.jpg\" \/>\n\t<meta property=\"og:image:width\" content=\"1500\" \/>\n\t<meta property=\"og:image:height\" content=\"1500\" \/>\n\t<meta property=\"og:image:type\" content=\"image\/jpeg\" \/>\n<meta name=\"twitter:card\" content=\"summary_large_image\" \/>\n<script type=\"application\/ld+json\" class=\"yoast-schema-graph\">{\"@context\":\"https:\/\/schema.org\",\"@graph\":[{\"@type\":\"WebPage\",\"@id\":\"https:\/\/valika.eu\/fi\/toode\/claresa-bedroom-eyes-mascara-ripsmetuss-mis-koolutab-ja-tihendab\/\",\"url\":\"https:\/\/valika.eu\/fi\/toode\/claresa-bedroom-eyes-mascara-ripsmetuss-mis-koolutab-ja-tihendab\/\",\"name\":\"Claresa BEDROOM EYES MASCARA Taivuttava ja tuuheuttava ripsiv\u00e4ri | Valika\",\"isPartOf\":{\"@id\":\"https:\/\/valika.eu\/fi\/#website\"},\"primaryImageOfPage\":{\"@id\":\"https:\/\/valika.eu\/fi\/toode\/claresa-bedroom-eyes-mascara-ripsmetuss-mis-koolutab-ja-tihendab\/#primaryimage\"},\"image\":{\"@id\":\"https:\/\/valika.eu\/toode\/claresa-bedroom-eyes-mascara-ripsmetuss-mis-koolutab-ja-tihendab\/#primaryimage\"},\"thumbnailUrl\":\"https:\/\/valika.eu\/wp-content\/uploads\/2025\/01\/6283.jpg\",\"datePublished\":\"2025-01-09T04:48:02+00:00\",\"dateModified\":\"2025-07-02T02:03:11+00:00\",\"breadcrumb\":{\"@id\":\"https:\/\/valika.eu\/fi\/toode\/claresa-bedroom-eyes-mascara-ripsmetuss-mis-koolutab-ja-tihendab\/#breadcrumb\"},\"inLanguage\":\"fi\",\"potentialAction\":[{\"@type\":\"ReadAction\",\"target\":[[\"https:\/\/valika.eu\/fi\/toode\/claresa-bedroom-eyes-mascara-ripsmetuss-mis-koolutab-ja-tihendab\/\"]]}]},{\"@type\":\"ImageObject\",\"inLanguage\":\"fi\",\"@id\":\"https:\/\/valika.eu\/fi\/toode\/claresa-bedroom-eyes-mascara-ripsmetuss-mis-koolutab-ja-tihendab\/#primaryimage\",\"url\":\"https:\/\/valika.eu\/wp-content\/uploads\/2025\/01\/6283.jpg\",\"contentUrl\":\"https:\/\/valika.eu\/wp-content\/uploads\/2025\/01\/6283.jpg\",\"width\":1500,\"height\":1500},{\"@type\":\"BreadcrumbList\",\"@id\":\"https:\/\/valika.eu\/fi\/toode\/claresa-bedroom-eyes-mascara-ripsmetuss-mis-koolutab-ja-tihendab\/#breadcrumb\",\"itemListElement\":[{\"@type\":\"ListItem\",\"position\":1,\"name\":\"Koti\",\"item\":\"https:\/\/valika.eu\/fi\/\"},{\"@type\":\"ListItem\",\"position\":2,\"name\":\"Shop\",\"item\":\"https:\/\/valika.eu\/fi\/\"},{\"@type\":\"ListItem\",\"position\":3,\"name\":\"Claresa BEDROOM EYES MASCARA Curling and Volumizing Mascara\"}]},{\"@type\":\"WebSite\",\"@id\":\"https:\/\/valika.eu\/fi\/#website\",\"url\":\"https:\/\/valika.eu\/fi\/\",\"name\":\"Valika.eu\",\"description\":\"Salonkituotteet ja kauneudenhoitotuotteet - Valika tarjoaa laajan valikoiman tuotteita ja tarvikkeita kynsiteknikoille, kauneushoitoloille, kampaamoille ja kampaamoille.\",\"publisher\":{\"@id\":\"https:\/\/valika.eu\/fi\/#organization\"},\"alternateName\":\"Valika\",\"potentialAction\":[{\"@type\":\"SearchAction\",\"target\":{\"@type\":\"EntryPoint\",\"urlTemplate\":\"https:\/\/valika.eu\/fi\/?s={search_term_string}\"},\"query-input\":{\"@type\":\"PropertyValueSpecification\",\"valueRequired\":true,\"valueName\":\"search_term_string\"}}],\"inLanguage\":\"fi\"},{\"@type\":\"Organization\",\"@id\":\"https:\/\/valika.eu\/fi\/#organization\",\"name\":\"Salongitoode O\u00dc\",\"alternateName\":\"Valika\",\"url\":\"https:\/\/valika.eu\/fi\/\",\"logo\":{\"@type\":\"ImageObject\",\"inLanguage\":\"fi\",\"@id\":\"https:\/\/valika.eu\/fi\/#\/schema\/logo\/image\/\",\"url\":\"https:\/\/valika.eu\/wp-content\/uploads\/2023\/11\/logo2-valika-footer.png\",\"contentUrl\":\"https:\/\/valika.eu\/wp-content\/uploads\/2023\/11\/logo2-valika-footer.png\",\"width\":200,\"height\":129,\"caption\":\"Salongitoode O\u00dc\"},\"image\":{\"@id\":\"https:\/\/valika.eu\/fi\/#\/schema\/logo\/image\/\"},\"sameAs\":[\"https:\/\/www.facebook.com\/tipsi.net\"]}]}<\/script>\n<!-- \/ Yoast SEO plugin. -->","yoast_head_json":{"title":"Claresa BEDROOM EYES MASCARA Taivuttava ja tuuheuttava ripsiv\u00e4ri | Valika","robots":{"index":"index","follow":"follow","max-snippet":"max-snippet:-1","max-image-preview":"max-image-preview:large","max-video-preview":"max-video-preview:-1"},"canonical":"https:\/\/valika.eu\/fi\/toode\/claresa-bedroom-eyes-mascara-ripsmetuss-mis-koolutab-ja-tihendab\/","og_locale":"fi_FI","og_type":"article","og_title":"Claresa BEDROOM EYES MASCARA Taivuttava ja tuuheuttava ripsiv\u00e4ri | Valika","og_description":"**BEDROOM EYES MASCARA** on viettelev\u00e4sti korostettu look, joka vet\u00e4\u00e4 puoleensa kuin magneetti! **Kohotetut, kaarevat ja intensiivisesti paksunnetut ripset** takaavat n\u00e4ytt\u00e4v\u00e4n","og_url":"https:\/\/valika.eu\/fi\/toode\/claresa-bedroom-eyes-mascara-ripsmetuss-mis-koolutab-ja-tihendab\/","og_site_name":"Valika","article_publisher":"https:\/\/www.facebook.com\/tipsi.net","article_modified_time":"2025-07-02T02:03:11+00:00","og_image":[{"width":1500,"height":1500,"url":"https:\/\/valika.eu\/wp-content\/uploads\/2025\/01\/6283.jpg","type":"image\/jpeg"}],"twitter_card":"summary_large_image","schema":{"@context":"https:\/\/schema.org","@graph":[{"@type":"WebPage","@id":"https:\/\/valika.eu\/fi\/toode\/claresa-bedroom-eyes-mascara-ripsmetuss-mis-koolutab-ja-tihendab\/","url":"https:\/\/valika.eu\/fi\/toode\/claresa-bedroom-eyes-mascara-ripsmetuss-mis-koolutab-ja-tihendab\/","name":"Claresa BEDROOM EYES MASCARA Taivuttava ja tuuheuttava ripsiv\u00e4ri | Valika","isPartOf":{"@id":"https:\/\/valika.eu\/fi\/#website"},"primaryImageOfPage":{"@id":"https:\/\/valika.eu\/fi\/toode\/claresa-bedroom-eyes-mascara-ripsmetuss-mis-koolutab-ja-tihendab\/#primaryimage"},"image":{"@id":"https:\/\/valika.eu\/toode\/claresa-bedroom-eyes-mascara-ripsmetuss-mis-koolutab-ja-tihendab\/#primaryimage"},"thumbnailUrl":"https:\/\/valika.eu\/wp-content\/uploads\/2025\/01\/6283.jpg","datePublished":"2025-01-09T04:48:02+00:00","dateModified":"2025-07-02T02:03:11+00:00","breadcrumb":{"@id":"https:\/\/valika.eu\/fi\/toode\/claresa-bedroom-eyes-mascara-ripsmetuss-mis-koolutab-ja-tihendab\/#breadcrumb"},"inLanguage":"fi","potentialAction":[{"@type":"ReadAction","target":[["https:\/\/valika.eu\/fi\/toode\/claresa-bedroom-eyes-mascara-ripsmetuss-mis-koolutab-ja-tihendab\/"]]}]},{"@type":"ImageObject","inLanguage":"fi","@id":"https:\/\/valika.eu\/fi\/toode\/claresa-bedroom-eyes-mascara-ripsmetuss-mis-koolutab-ja-tihendab\/#primaryimage","url":"https:\/\/valika.eu\/wp-content\/uploads\/2025\/01\/6283.jpg","contentUrl":"https:\/\/valika.eu\/wp-content\/uploads\/2025\/01\/6283.jpg","width":1500,"height":1500},{"@type":"BreadcrumbList","@id":"https:\/\/valika.eu\/fi\/toode\/claresa-bedroom-eyes-mascara-ripsmetuss-mis-koolutab-ja-tihendab\/#breadcrumb","itemListElement":[{"@type":"ListItem","position":1,"name":"Koti","item":"https:\/\/valika.eu\/fi\/"},{"@type":"ListItem","position":2,"name":"Shop","item":"https:\/\/valika.eu\/fi\/"},{"@type":"ListItem","position":3,"name":"Claresa BEDROOM EYES MASCARA Curling and Volumizing Mascara"}]},{"@type":"WebSite","@id":"https:\/\/valika.eu\/fi\/#website","url":"https:\/\/valika.eu\/fi\/","name":"Valika.eu","description":"Salonkituotteet ja kauneudenhoitotuotteet - Valika tarjoaa laajan valikoiman tuotteita ja tarvikkeita kynsiteknikoille, kauneushoitoloille, kampaamoille ja kampaamoille.","publisher":{"@id":"https:\/\/valika.eu\/fi\/#organization"},"alternateName":"Valika","potentialAction":[{"@type":"SearchAction","target":{"@type":"EntryPoint","urlTemplate":"https:\/\/valika.eu\/fi\/?s={search_term_string}"},"query-input":{"@type":"PropertyValueSpecification","valueRequired":true,"valueName":"search_term_string"}}],"inLanguage":"fi"},{"@type":"Organization","@id":"https:\/\/valika.eu\/fi\/#organization","name":"Salongitoode O\u00dc","alternateName":"Valika","url":"https:\/\/valika.eu\/fi\/","logo":{"@type":"ImageObject","inLanguage":"fi","@id":"https:\/\/valika.eu\/fi\/#\/schema\/logo\/image\/","url":"https:\/\/valika.eu\/wp-content\/uploads\/2023\/11\/logo2-valika-footer.png","contentUrl":"https:\/\/valika.eu\/wp-content\/uploads\/2023\/11\/logo2-valika-footer.png","width":200,"height":129,"caption":"Salongitoode O\u00dc"},"image":{"@id":"https:\/\/valika.eu\/fi\/#\/schema\/logo\/image\/"},"sameAs":["https:\/\/www.facebook.com\/tipsi.net"]}]}},"jetpack_sharing_enabled":true,"_links":{"self":[{"href":"https:\/\/valika.eu\/fi\/wp-json\/wp\/v2\/product\/11527","targetHints":{"allow":["GET"]}}],"collection":[{"href":"https:\/\/valika.eu\/fi\/wp-json\/wp\/v2\/product"}],"about":[{"href":"https:\/\/valika.eu\/fi\/wp-json\/wp\/v2\/types\/product"}],"wp:featuredmedia":[{"embeddable":true,"href":"https:\/\/valika.eu\/fi\/wp-json\/wp\/v2\/media\/11526"}],"wp:attachment":[{"href":"https:\/\/valika.eu\/fi\/wp-json\/wp\/v2\/media?parent=11527"}],"wp:term":[{"taxonomy":"product_brand","embeddable":true,"href":"https:\/\/valika.eu\/fi\/wp-json\/wp\/v2\/product_brand?post=11527"},{"taxonomy":"product_cat","embeddable":true,"href":"https:\/\/valika.eu\/fi\/wp-json\/wp\/v2\/product_cat?post=11527"},{"taxonomy":"product_tag","embeddable":true,"href":"https:\/\/valika.eu\/fi\/wp-json\/wp\/v2\/product_tag?post=11527"}],"curies":[{"name":"wp","href":"https:\/\/api.w.org\/{rel}","templated":true}]}}