{"id":11546,"date":"2025-01-09T06:48:41","date_gmt":"2025-01-09T04:48:41","guid":{"rendered":"https:\/\/valika.eu\/toode\/claresa-meigikinnitus-all-night-fixer-50-ml\/"},"modified":"2026-03-22T18:08:14","modified_gmt":"2026-03-22T16:08:14","slug":"claresa-meigikinnitus-all-night-fixer-50-ml","status":"publish","type":"product","link":"https:\/\/valika.eu\/fi\/toode\/claresa-meigikinnitus-all-night-fixer-50-ml\/","title":{"rendered":"Claresa meikinkiinnitt\u00e4j\u00e4 ALL NIGHT FIXER 50 ml"},"content":{"rendered":"<p><strong>ALL NIGHT FIXER<\/strong>, tai meikki, joka kest\u00e4\u00e4 pidemp\u00e4\u00e4n! Etsitk\u00f6 tapaa pident\u00e4\u00e4 meikkisi kestoa? Tarkistatko juhlissa jatkuvasti peilist\u00e4, onko meikkisi levinnyt? ALL NIGHT FIXER on tuote, joka parantaa meikkisi kest\u00e4vyytt\u00e4 ja varmistaa, ett\u00e4 nautit virheett\u00f6m\u00e4st\u00e4 ilmeest\u00e4 pidemp\u00e4\u00e4n. Sen kevyen koostumuksen ansiosta se imeytyy nopeasti, saaden meikkisi n\u00e4ytt\u00e4m\u00e4\u00e4n raikkaalta ja luonnolliselta. Se on kasvosuihke, joka tarjoaa v\u00e4litt\u00f6m\u00e4n kiinnityksen. Siin\u00e4 on k\u00e4tev\u00e4 sumutin, ja se varmistaa, ett\u00e4 meikkisi pysyy ihollasi koko p\u00e4iv\u00e4n. All night fixer on erinomainen tapa kiinnitt\u00e4\u00e4 iltameikkisi pitk\u00e4ksi aikaa. Kevyt koostumus imeytyy nopeasti, saaden meikkisi n\u00e4ytt\u00e4m\u00e4\u00e4n raikkaalta ja luonnolliselta.<\/p>\n<p><strong>MIELENKIINTOINEN FAKTA<\/strong> Kiinnityssuihke on rikastettu ruiskaunokkiuutteella ja pantenolilla, jotka tunnetaan kosteuttavista, rauhoittavista ja tyynnytt\u00e4vist\u00e4 ominaisuuksistaan.<\/p>\n<p><strong>K\u00c4YTT\u00d6<\/strong> Meikin levitt\u00e4misen j\u00e4lkeen suihkuta kiinnityssuihketta kasvoillesi 30 cm et\u00e4isyydelt\u00e4. Odota, ett\u00e4 se kuivuu, ja nauti virheett\u00f6m\u00e4st\u00e4 meikist\u00e4 pidemp\u00e4\u00e4n.<\/p>\n<p><strong>MEIKKITAITEILIJAN VINKKI<\/strong> Kaksoiskiinnitt\u00e4\u00e4ksesi meikkisi, varmista my\u00f6s hyv\u00e4 pohjustusvoide, joka sopii ihotyyppiisi. Pohjustusvoide tasoittaa ihoa ja saa meikin kest\u00e4m\u00e4\u00e4n viel\u00e4 pidemp\u00e4\u00e4n.<\/p>","protected":false},"excerpt":{"rendered":"<p>ALL NIGHT FIXER, tai meikki, joka kest\u00e4\u00e4 pidemp\u00e4\u00e4n! Etsitk\u00f6 tapaa pident\u00e4\u00e4 meikkisi kestoa? Tarkistatko juhlissa jatkuvasti peilist\u00e4, onko meikkisi levinnyt?<\/p>\n","protected":false},"featured_media":11545,"template":"","meta":[],"product_brand":[],"product_cat":[684],"product_tag":[],"class_list":{"0":"post-11546","1":"product","2":"type-product","3":"status-publish","4":"has-post-thumbnail","6":"product_cat-makeup-bases-and-fixatives","8":"first","9":"instock","10":"taxable","11":"shipping-taxable","12":"purchasable","13":"product-type-simple"},"yoast_head":"<!-- This site is optimized with the Yoast SEO plugin v24.4 - https:\/\/yoast.com\/wordpress\/plugins\/seo\/ -->\n<title>Claresa meikinkiinnitt\u00e4j\u00e4 ALL NIGHT FIXER 50 ml | Valika<\/title>\n<meta name=\"robots\" content=\"index, follow, max-snippet:-1, max-image-preview:large, max-video-preview:-1\" \/>\n<link rel=\"canonical\" href=\"https:\/\/valika.eu\/fi\/toode\/claresa-meigikinnitus-all-night-fixer-50-ml\/\" \/>\n<meta property=\"og:locale\" content=\"fi_FI\" \/>\n<meta property=\"og:type\" content=\"article\" \/>\n<meta property=\"og:title\" content=\"Claresa meikinkiinnitt\u00e4j\u00e4 ALL NIGHT FIXER 50 ml | Valika\" \/>\n<meta property=\"og:description\" content=\"ALL NIGHT FIXER, tai meikki, joka kest\u00e4\u00e4 pidemp\u00e4\u00e4n! Etsitk\u00f6 tapaa pident\u00e4\u00e4 meikkisi kestoa? Tarkistatko juhlissa jatkuvasti peilist\u00e4, onko meikkisi levinnyt?\" \/>\n<meta property=\"og:url\" content=\"https:\/\/valika.eu\/fi\/toode\/claresa-meigikinnitus-all-night-fixer-50-ml\/\" \/>\n<meta property=\"og:site_name\" content=\"Valika\" \/>\n<meta property=\"article:publisher\" content=\"https:\/\/www.facebook.com\/tipsi.net\" \/>\n<meta property=\"article:modified_time\" content=\"2026-03-22T16:08:14+00:00\" \/>\n<meta property=\"og:image\" content=\"https:\/\/valika.eu\/wp-content\/uploads\/2025\/01\/5830.jpg\" \/>\n\t<meta property=\"og:image:width\" content=\"1500\" \/>\n\t<meta property=\"og:image:height\" content=\"1500\" \/>\n\t<meta property=\"og:image:type\" content=\"image\/jpeg\" \/>\n<meta name=\"twitter:card\" content=\"summary_large_image\" \/>\n<script type=\"application\/ld+json\" class=\"yoast-schema-graph\">{\"@context\":\"https:\/\/schema.org\",\"@graph\":[{\"@type\":\"WebPage\",\"@id\":\"https:\/\/valika.eu\/fi\/toode\/claresa-meigikinnitus-all-night-fixer-50-ml\/\",\"url\":\"https:\/\/valika.eu\/fi\/toode\/claresa-meigikinnitus-all-night-fixer-50-ml\/\",\"name\":\"Claresa meikinkiinnitt\u00e4j\u00e4 ALL NIGHT FIXER 50 ml | Valika\",\"isPartOf\":{\"@id\":\"https:\/\/valika.eu\/fi\/#website\"},\"primaryImageOfPage\":{\"@id\":\"https:\/\/valika.eu\/fi\/toode\/claresa-meigikinnitus-all-night-fixer-50-ml\/#primaryimage\"},\"image\":{\"@id\":\"https:\/\/valika.eu\/toode\/claresa-meigikinnitus-all-night-fixer-50-ml\/#primaryimage\"},\"thumbnailUrl\":\"https:\/\/valika.eu\/wp-content\/uploads\/2025\/01\/5830.jpg\",\"datePublished\":\"2025-01-09T04:48:41+00:00\",\"dateModified\":\"2026-03-22T16:08:14+00:00\",\"breadcrumb\":{\"@id\":\"https:\/\/valika.eu\/fi\/toode\/claresa-meigikinnitus-all-night-fixer-50-ml\/#breadcrumb\"},\"inLanguage\":\"fi\",\"potentialAction\":[{\"@type\":\"ReadAction\",\"target\":[[\"https:\/\/valika.eu\/fi\/toode\/claresa-meigikinnitus-all-night-fixer-50-ml\/\"]]}]},{\"@type\":\"ImageObject\",\"inLanguage\":\"fi\",\"@id\":\"https:\/\/valika.eu\/fi\/toode\/claresa-meigikinnitus-all-night-fixer-50-ml\/#primaryimage\",\"url\":\"https:\/\/valika.eu\/wp-content\/uploads\/2025\/01\/5830.jpg\",\"contentUrl\":\"https:\/\/valika.eu\/wp-content\/uploads\/2025\/01\/5830.jpg\",\"width\":1500,\"height\":1500},{\"@type\":\"BreadcrumbList\",\"@id\":\"https:\/\/valika.eu\/fi\/toode\/claresa-meigikinnitus-all-night-fixer-50-ml\/#breadcrumb\",\"itemListElement\":[{\"@type\":\"ListItem\",\"position\":1,\"name\":\"Koti\",\"item\":\"https:\/\/valika.eu\/fi\/\"},{\"@type\":\"ListItem\",\"position\":2,\"name\":\"Shop\",\"item\":\"https:\/\/valika.eu\/fi\/\"},{\"@type\":\"ListItem\",\"position\":3,\"name\":\"Claresa Makeup Fixer ALL NIGHT FIXER 50ml\"}]},{\"@type\":\"WebSite\",\"@id\":\"https:\/\/valika.eu\/fi\/#website\",\"url\":\"https:\/\/valika.eu\/fi\/\",\"name\":\"Valika.eu\",\"description\":\"Salonkituotteet ja kauneudenhoitotuotteet - Valika tarjoaa laajan valikoiman tuotteita ja tarvikkeita kynsiteknikoille, kauneushoitoloille, kampaamoille ja kampaamoille.\",\"publisher\":{\"@id\":\"https:\/\/valika.eu\/fi\/#organization\"},\"alternateName\":\"Valika\",\"potentialAction\":[{\"@type\":\"SearchAction\",\"target\":{\"@type\":\"EntryPoint\",\"urlTemplate\":\"https:\/\/valika.eu\/fi\/?s={search_term_string}\"},\"query-input\":{\"@type\":\"PropertyValueSpecification\",\"valueRequired\":true,\"valueName\":\"search_term_string\"}}],\"inLanguage\":\"fi\"},{\"@type\":\"Organization\",\"@id\":\"https:\/\/valika.eu\/fi\/#organization\",\"name\":\"Salongitoode O\u00dc\",\"alternateName\":\"Valika\",\"url\":\"https:\/\/valika.eu\/fi\/\",\"logo\":{\"@type\":\"ImageObject\",\"inLanguage\":\"fi\",\"@id\":\"https:\/\/valika.eu\/fi\/#\/schema\/logo\/image\/\",\"url\":\"https:\/\/valika.eu\/wp-content\/uploads\/2023\/11\/logo2-valika-footer.png\",\"contentUrl\":\"https:\/\/valika.eu\/wp-content\/uploads\/2023\/11\/logo2-valika-footer.png\",\"width\":200,\"height\":129,\"caption\":\"Salongitoode O\u00dc\"},\"image\":{\"@id\":\"https:\/\/valika.eu\/fi\/#\/schema\/logo\/image\/\"},\"sameAs\":[\"https:\/\/www.facebook.com\/tipsi.net\"]}]}<\/script>\n<!-- \/ Yoast SEO plugin. -->","yoast_head_json":{"title":"Claresa meikinkiinnitt\u00e4j\u00e4 ALL NIGHT FIXER 50 ml | Valika","robots":{"index":"index","follow":"follow","max-snippet":"max-snippet:-1","max-image-preview":"max-image-preview:large","max-video-preview":"max-video-preview:-1"},"canonical":"https:\/\/valika.eu\/fi\/toode\/claresa-meigikinnitus-all-night-fixer-50-ml\/","og_locale":"fi_FI","og_type":"article","og_title":"Claresa meikinkiinnitt\u00e4j\u00e4 ALL NIGHT FIXER 50 ml | Valika","og_description":"ALL NIGHT FIXER, tai meikki, joka kest\u00e4\u00e4 pidemp\u00e4\u00e4n! Etsitk\u00f6 tapaa pident\u00e4\u00e4 meikkisi kestoa? Tarkistatko juhlissa jatkuvasti peilist\u00e4, onko meikkisi levinnyt?","og_url":"https:\/\/valika.eu\/fi\/toode\/claresa-meigikinnitus-all-night-fixer-50-ml\/","og_site_name":"Valika","article_publisher":"https:\/\/www.facebook.com\/tipsi.net","article_modified_time":"2026-03-22T16:08:14+00:00","og_image":[{"width":1500,"height":1500,"url":"https:\/\/valika.eu\/wp-content\/uploads\/2025\/01\/5830.jpg","type":"image\/jpeg"}],"twitter_card":"summary_large_image","schema":{"@context":"https:\/\/schema.org","@graph":[{"@type":"WebPage","@id":"https:\/\/valika.eu\/fi\/toode\/claresa-meigikinnitus-all-night-fixer-50-ml\/","url":"https:\/\/valika.eu\/fi\/toode\/claresa-meigikinnitus-all-night-fixer-50-ml\/","name":"Claresa meikinkiinnitt\u00e4j\u00e4 ALL NIGHT FIXER 50 ml | Valika","isPartOf":{"@id":"https:\/\/valika.eu\/fi\/#website"},"primaryImageOfPage":{"@id":"https:\/\/valika.eu\/fi\/toode\/claresa-meigikinnitus-all-night-fixer-50-ml\/#primaryimage"},"image":{"@id":"https:\/\/valika.eu\/toode\/claresa-meigikinnitus-all-night-fixer-50-ml\/#primaryimage"},"thumbnailUrl":"https:\/\/valika.eu\/wp-content\/uploads\/2025\/01\/5830.jpg","datePublished":"2025-01-09T04:48:41+00:00","dateModified":"2026-03-22T16:08:14+00:00","breadcrumb":{"@id":"https:\/\/valika.eu\/fi\/toode\/claresa-meigikinnitus-all-night-fixer-50-ml\/#breadcrumb"},"inLanguage":"fi","potentialAction":[{"@type":"ReadAction","target":[["https:\/\/valika.eu\/fi\/toode\/claresa-meigikinnitus-all-night-fixer-50-ml\/"]]}]},{"@type":"ImageObject","inLanguage":"fi","@id":"https:\/\/valika.eu\/fi\/toode\/claresa-meigikinnitus-all-night-fixer-50-ml\/#primaryimage","url":"https:\/\/valika.eu\/wp-content\/uploads\/2025\/01\/5830.jpg","contentUrl":"https:\/\/valika.eu\/wp-content\/uploads\/2025\/01\/5830.jpg","width":1500,"height":1500},{"@type":"BreadcrumbList","@id":"https:\/\/valika.eu\/fi\/toode\/claresa-meigikinnitus-all-night-fixer-50-ml\/#breadcrumb","itemListElement":[{"@type":"ListItem","position":1,"name":"Koti","item":"https:\/\/valika.eu\/fi\/"},{"@type":"ListItem","position":2,"name":"Shop","item":"https:\/\/valika.eu\/fi\/"},{"@type":"ListItem","position":3,"name":"Claresa Makeup Fixer ALL NIGHT FIXER 50ml"}]},{"@type":"WebSite","@id":"https:\/\/valika.eu\/fi\/#website","url":"https:\/\/valika.eu\/fi\/","name":"Valika.eu","description":"Salonkituotteet ja kauneudenhoitotuotteet - Valika tarjoaa laajan valikoiman tuotteita ja tarvikkeita kynsiteknikoille, kauneushoitoloille, kampaamoille ja kampaamoille.","publisher":{"@id":"https:\/\/valika.eu\/fi\/#organization"},"alternateName":"Valika","potentialAction":[{"@type":"SearchAction","target":{"@type":"EntryPoint","urlTemplate":"https:\/\/valika.eu\/fi\/?s={search_term_string}"},"query-input":{"@type":"PropertyValueSpecification","valueRequired":true,"valueName":"search_term_string"}}],"inLanguage":"fi"},{"@type":"Organization","@id":"https:\/\/valika.eu\/fi\/#organization","name":"Salongitoode O\u00dc","alternateName":"Valika","url":"https:\/\/valika.eu\/fi\/","logo":{"@type":"ImageObject","inLanguage":"fi","@id":"https:\/\/valika.eu\/fi\/#\/schema\/logo\/image\/","url":"https:\/\/valika.eu\/wp-content\/uploads\/2023\/11\/logo2-valika-footer.png","contentUrl":"https:\/\/valika.eu\/wp-content\/uploads\/2023\/11\/logo2-valika-footer.png","width":200,"height":129,"caption":"Salongitoode O\u00dc"},"image":{"@id":"https:\/\/valika.eu\/fi\/#\/schema\/logo\/image\/"},"sameAs":["https:\/\/www.facebook.com\/tipsi.net"]}]}},"jetpack_sharing_enabled":true,"_links":{"self":[{"href":"https:\/\/valika.eu\/fi\/wp-json\/wp\/v2\/product\/11546","targetHints":{"allow":["GET"]}}],"collection":[{"href":"https:\/\/valika.eu\/fi\/wp-json\/wp\/v2\/product"}],"about":[{"href":"https:\/\/valika.eu\/fi\/wp-json\/wp\/v2\/types\/product"}],"wp:featuredmedia":[{"embeddable":true,"href":"https:\/\/valika.eu\/fi\/wp-json\/wp\/v2\/media\/11545"}],"wp:attachment":[{"href":"https:\/\/valika.eu\/fi\/wp-json\/wp\/v2\/media?parent=11546"}],"wp:term":[{"taxonomy":"product_brand","embeddable":true,"href":"https:\/\/valika.eu\/fi\/wp-json\/wp\/v2\/product_brand?post=11546"},{"taxonomy":"product_cat","embeddable":true,"href":"https:\/\/valika.eu\/fi\/wp-json\/wp\/v2\/product_cat?post=11546"},{"taxonomy":"product_tag","embeddable":true,"href":"https:\/\/valika.eu\/fi\/wp-json\/wp\/v2\/product_tag?post=11546"}],"curies":[{"name":"wp","href":"https:\/\/api.w.org\/{rel}","templated":true}]}}