{"id":11551,"date":"2025-01-09T06:48:46","date_gmt":"2025-01-09T04:48:46","guid":{"rendered":"https:\/\/valika.eu\/toode\/claresa-underwear-matt-base-meigialuskreem-matt-34g\/"},"modified":"2025-07-02T05:03:11","modified_gmt":"2025-07-02T02:03:11","slug":"claresa-underwear-matt-base-meigialuskreem-matt-34g","status":"publish","type":"product","link":"https:\/\/valika.eu\/fi\/toode\/claresa-underwear-matt-base-meigialuskreem-matt-34g\/","title":{"rendered":"Claresa UNDERWEAR MATT BASE meikkipohja mattapintainen\/ 34g"},"content":{"rendered":"<p>Claresa MATT UNDERWEAR BASE<br \/>\nMATTAPINTAINEN MEIKKIPOHJA<\/p>\n<p>Silkkinen mattapintainen pohja iholle ilman kirist\u00e4v\u00e4\u00e4 tunnetta ja tarpeetonta raskautta. Se levittyy helposti, j\u00e4tt\u00e4en ihon pehme\u00e4ksi, kosteutetuksi, sile\u00e4ksi ja miellytt\u00e4v\u00e4ksi koskettaa, ja pident\u00e4\u00e4 my\u00f6s meikkivoiteen kest\u00e4vyytt\u00e4. Ihanteellinen lis\u00e4 meikkiin rasvaiselle, sekaiholle sek\u00e4 normaalille iholle, joka suosii mattapintaisempaa lopputulosta.<\/p>\n<p>HAUSKA FAKTA:<br \/>\nVegaaninen koostumus on t\u00e4ynn\u00e4 aktiivisia ainesosia: betaiini kosteuttaa, tekee ihosta joustavamman ja pehme\u00e4mm\u00e4n, nopeuttaa uudistumista ja rauhoittaa \u00e4rsytyksi\u00e4, glyseriini suojaa ulkoisilta tekij\u00f6ilt\u00e4, ja E-vitamiini rauhoittaa, ravitsee, vahvistaa verisuonia ja est\u00e4\u00e4 ryppyjen muodostumista.<\/p>\n<p>K\u00c4YTT\u00d6:<br \/>\nLevit\u00e4 pieni m\u00e4\u00e4r\u00e4 puhdistetulle kasvojen iholle ja (tarvittaessa) dekolteelle ihotyypillesi sopivan ihonhoidon j\u00e4lkeen, liikkuen keskelt\u00e4 ulosp\u00e4in. On olemassa kaksi koulukuntaa siit\u00e4, kuinka kauan pohjan levitt\u00e4misen ja meikkivoiteen levitt\u00e4misen v\u00e4lill\u00e4 tulisi odottaa: yksi sanoo odottaa, kunnes pohja on t\u00e4ysin imeytynyt\/asettunut, kun taas toinen ehdottaa, ett\u00e4 meikkivoide sekoittuu kauniimmin viel\u00e4 kosteaan pohjaan ja n\u00e4ytt\u00e4\u00e4 luonnollisemmalta. Varmista, kumpi versio toimii paremmin ihollesi!<\/p>\n<p>MEIKKITAITEILIJAN VINKKI:<br \/>\nKevyeen arkimeikkiin riitt\u00e4\u00e4, ett\u00e4 levit\u00e4t pohjan sormin. Erityistilaisuuksien meikkiin k\u00e4yt\u00e4 kosteaa beauty blender -sient\u00e4, joka auttaa pohjaa kiinnittym\u00e4\u00e4n t\u00e4ydellisesti ihoon.<\/p>","protected":false},"excerpt":{"rendered":"<p>Claresa MATT UNDERWEAR BASE MATTAPINTAINEN MEIKKIPOHJA Silkkinen mattapintainen pohja iholle ilman kirist\u00e4v\u00e4\u00e4 tunnetta ja tarpeetonta raskautta. Se levittyy helposti, j\u00e4tt\u00e4en<\/p>\n","protected":false},"featured_media":11550,"template":"","meta":[],"product_brand":[],"product_cat":[684],"product_tag":[],"class_list":{"0":"post-11551","1":"product","2":"type-product","3":"status-publish","4":"has-post-thumbnail","6":"product_cat-makeup-bases-and-fixatives","8":"first","9":"instock","10":"taxable","11":"shipping-taxable","12":"purchasable","13":"product-type-simple"},"yoast_head":"<!-- This site is optimized with the Yoast SEO plugin v24.4 - https:\/\/yoast.com\/wordpress\/plugins\/seo\/ -->\n<title>Claresa UNDERWEAR MATT BASE meikkipohja mattapintainen\/ 34g | Valika<\/title>\n<meta name=\"robots\" content=\"index, follow, max-snippet:-1, max-image-preview:large, max-video-preview:-1\" \/>\n<link rel=\"canonical\" href=\"https:\/\/valika.eu\/fi\/toode\/claresa-underwear-matt-base-meigialuskreem-matt-34g\/\" \/>\n<meta property=\"og:locale\" content=\"fi_FI\" \/>\n<meta property=\"og:type\" content=\"article\" \/>\n<meta property=\"og:title\" content=\"Claresa UNDERWEAR MATT BASE meikkipohja mattapintainen\/ 34g | Valika\" \/>\n<meta property=\"og:description\" content=\"Claresa MATT UNDERWEAR BASE MATTAPINTAINEN MEIKKIPOHJA Silkkinen mattapintainen pohja iholle ilman kirist\u00e4v\u00e4\u00e4 tunnetta ja tarpeetonta raskautta. Se levittyy helposti, j\u00e4tt\u00e4en\" \/>\n<meta property=\"og:url\" content=\"https:\/\/valika.eu\/fi\/toode\/claresa-underwear-matt-base-meigialuskreem-matt-34g\/\" \/>\n<meta property=\"og:site_name\" content=\"Valika\" \/>\n<meta property=\"article:publisher\" content=\"https:\/\/www.facebook.com\/tipsi.net\" \/>\n<meta property=\"article:modified_time\" content=\"2025-07-02T02:03:11+00:00\" \/>\n<meta property=\"og:image\" content=\"https:\/\/valika.eu\/wp-content\/uploads\/2025\/01\/6396.jpg\" \/>\n\t<meta property=\"og:image:width\" content=\"1500\" \/>\n\t<meta property=\"og:image:height\" content=\"1500\" \/>\n\t<meta property=\"og:image:type\" content=\"image\/jpeg\" \/>\n<meta name=\"twitter:card\" content=\"summary_large_image\" \/>\n<script type=\"application\/ld+json\" class=\"yoast-schema-graph\">{\"@context\":\"https:\/\/schema.org\",\"@graph\":[{\"@type\":\"WebPage\",\"@id\":\"https:\/\/valika.eu\/fi\/toode\/claresa-underwear-matt-base-meigialuskreem-matt-34g\/\",\"url\":\"https:\/\/valika.eu\/fi\/toode\/claresa-underwear-matt-base-meigialuskreem-matt-34g\/\",\"name\":\"Claresa UNDERWEAR MATT BASE meikkipohja mattapintainen\/ 34g | Valika\",\"isPartOf\":{\"@id\":\"https:\/\/valika.eu\/fi\/#website\"},\"primaryImageOfPage\":{\"@id\":\"https:\/\/valika.eu\/fi\/toode\/claresa-underwear-matt-base-meigialuskreem-matt-34g\/#primaryimage\"},\"image\":{\"@id\":\"https:\/\/valika.eu\/toode\/claresa-underwear-matt-base-meigialuskreem-matt-34g\/#primaryimage\"},\"thumbnailUrl\":\"https:\/\/valika.eu\/wp-content\/uploads\/2025\/01\/6396.jpg\",\"datePublished\":\"2025-01-09T04:48:46+00:00\",\"dateModified\":\"2025-07-02T02:03:11+00:00\",\"breadcrumb\":{\"@id\":\"https:\/\/valika.eu\/fi\/toode\/claresa-underwear-matt-base-meigialuskreem-matt-34g\/#breadcrumb\"},\"inLanguage\":\"fi\",\"potentialAction\":[{\"@type\":\"ReadAction\",\"target\":[[\"https:\/\/valika.eu\/fi\/toode\/claresa-underwear-matt-base-meigialuskreem-matt-34g\/\"]]}]},{\"@type\":\"ImageObject\",\"inLanguage\":\"fi\",\"@id\":\"https:\/\/valika.eu\/fi\/toode\/claresa-underwear-matt-base-meigialuskreem-matt-34g\/#primaryimage\",\"url\":\"https:\/\/valika.eu\/wp-content\/uploads\/2025\/01\/6396.jpg\",\"contentUrl\":\"https:\/\/valika.eu\/wp-content\/uploads\/2025\/01\/6396.jpg\",\"width\":1500,\"height\":1500},{\"@type\":\"BreadcrumbList\",\"@id\":\"https:\/\/valika.eu\/fi\/toode\/claresa-underwear-matt-base-meigialuskreem-matt-34g\/#breadcrumb\",\"itemListElement\":[{\"@type\":\"ListItem\",\"position\":1,\"name\":\"Koti\",\"item\":\"https:\/\/valika.eu\/fi\/\"},{\"@type\":\"ListItem\",\"position\":2,\"name\":\"Shop\",\"item\":\"https:\/\/valika.eu\/fi\/\"},{\"@type\":\"ListItem\",\"position\":3,\"name\":\"Claresa UNDERWEAR MATT BASE mattifying makeup base\/ 34g\"}]},{\"@type\":\"WebSite\",\"@id\":\"https:\/\/valika.eu\/fi\/#website\",\"url\":\"https:\/\/valika.eu\/fi\/\",\"name\":\"Valika.eu\",\"description\":\"Salonkituotteet ja kauneudenhoitotuotteet - Valika tarjoaa laajan valikoiman tuotteita ja tarvikkeita kynsiteknikoille, kauneushoitoloille, kampaamoille ja kampaamoille.\",\"publisher\":{\"@id\":\"https:\/\/valika.eu\/fi\/#organization\"},\"alternateName\":\"Valika\",\"potentialAction\":[{\"@type\":\"SearchAction\",\"target\":{\"@type\":\"EntryPoint\",\"urlTemplate\":\"https:\/\/valika.eu\/fi\/?s={search_term_string}\"},\"query-input\":{\"@type\":\"PropertyValueSpecification\",\"valueRequired\":true,\"valueName\":\"search_term_string\"}}],\"inLanguage\":\"fi\"},{\"@type\":\"Organization\",\"@id\":\"https:\/\/valika.eu\/fi\/#organization\",\"name\":\"Salongitoode O\u00dc\",\"alternateName\":\"Valika\",\"url\":\"https:\/\/valika.eu\/fi\/\",\"logo\":{\"@type\":\"ImageObject\",\"inLanguage\":\"fi\",\"@id\":\"https:\/\/valika.eu\/fi\/#\/schema\/logo\/image\/\",\"url\":\"https:\/\/valika.eu\/wp-content\/uploads\/2023\/11\/logo2-valika-footer.png\",\"contentUrl\":\"https:\/\/valika.eu\/wp-content\/uploads\/2023\/11\/logo2-valika-footer.png\",\"width\":200,\"height\":129,\"caption\":\"Salongitoode O\u00dc\"},\"image\":{\"@id\":\"https:\/\/valika.eu\/fi\/#\/schema\/logo\/image\/\"},\"sameAs\":[\"https:\/\/www.facebook.com\/tipsi.net\"]}]}<\/script>\n<!-- \/ Yoast SEO plugin. -->","yoast_head_json":{"title":"Claresa UNDERWEAR MATT BASE meikkipohja mattapintainen\/ 34g | Valika","robots":{"index":"index","follow":"follow","max-snippet":"max-snippet:-1","max-image-preview":"max-image-preview:large","max-video-preview":"max-video-preview:-1"},"canonical":"https:\/\/valika.eu\/fi\/toode\/claresa-underwear-matt-base-meigialuskreem-matt-34g\/","og_locale":"fi_FI","og_type":"article","og_title":"Claresa UNDERWEAR MATT BASE meikkipohja mattapintainen\/ 34g | Valika","og_description":"Claresa MATT UNDERWEAR BASE MATTAPINTAINEN MEIKKIPOHJA Silkkinen mattapintainen pohja iholle ilman kirist\u00e4v\u00e4\u00e4 tunnetta ja tarpeetonta raskautta. Se levittyy helposti, j\u00e4tt\u00e4en","og_url":"https:\/\/valika.eu\/fi\/toode\/claresa-underwear-matt-base-meigialuskreem-matt-34g\/","og_site_name":"Valika","article_publisher":"https:\/\/www.facebook.com\/tipsi.net","article_modified_time":"2025-07-02T02:03:11+00:00","og_image":[{"width":1500,"height":1500,"url":"https:\/\/valika.eu\/wp-content\/uploads\/2025\/01\/6396.jpg","type":"image\/jpeg"}],"twitter_card":"summary_large_image","schema":{"@context":"https:\/\/schema.org","@graph":[{"@type":"WebPage","@id":"https:\/\/valika.eu\/fi\/toode\/claresa-underwear-matt-base-meigialuskreem-matt-34g\/","url":"https:\/\/valika.eu\/fi\/toode\/claresa-underwear-matt-base-meigialuskreem-matt-34g\/","name":"Claresa UNDERWEAR MATT BASE meikkipohja mattapintainen\/ 34g | Valika","isPartOf":{"@id":"https:\/\/valika.eu\/fi\/#website"},"primaryImageOfPage":{"@id":"https:\/\/valika.eu\/fi\/toode\/claresa-underwear-matt-base-meigialuskreem-matt-34g\/#primaryimage"},"image":{"@id":"https:\/\/valika.eu\/toode\/claresa-underwear-matt-base-meigialuskreem-matt-34g\/#primaryimage"},"thumbnailUrl":"https:\/\/valika.eu\/wp-content\/uploads\/2025\/01\/6396.jpg","datePublished":"2025-01-09T04:48:46+00:00","dateModified":"2025-07-02T02:03:11+00:00","breadcrumb":{"@id":"https:\/\/valika.eu\/fi\/toode\/claresa-underwear-matt-base-meigialuskreem-matt-34g\/#breadcrumb"},"inLanguage":"fi","potentialAction":[{"@type":"ReadAction","target":[["https:\/\/valika.eu\/fi\/toode\/claresa-underwear-matt-base-meigialuskreem-matt-34g\/"]]}]},{"@type":"ImageObject","inLanguage":"fi","@id":"https:\/\/valika.eu\/fi\/toode\/claresa-underwear-matt-base-meigialuskreem-matt-34g\/#primaryimage","url":"https:\/\/valika.eu\/wp-content\/uploads\/2025\/01\/6396.jpg","contentUrl":"https:\/\/valika.eu\/wp-content\/uploads\/2025\/01\/6396.jpg","width":1500,"height":1500},{"@type":"BreadcrumbList","@id":"https:\/\/valika.eu\/fi\/toode\/claresa-underwear-matt-base-meigialuskreem-matt-34g\/#breadcrumb","itemListElement":[{"@type":"ListItem","position":1,"name":"Koti","item":"https:\/\/valika.eu\/fi\/"},{"@type":"ListItem","position":2,"name":"Shop","item":"https:\/\/valika.eu\/fi\/"},{"@type":"ListItem","position":3,"name":"Claresa UNDERWEAR MATT BASE mattifying makeup base\/ 34g"}]},{"@type":"WebSite","@id":"https:\/\/valika.eu\/fi\/#website","url":"https:\/\/valika.eu\/fi\/","name":"Valika.eu","description":"Salonkituotteet ja kauneudenhoitotuotteet - Valika tarjoaa laajan valikoiman tuotteita ja tarvikkeita kynsiteknikoille, kauneushoitoloille, kampaamoille ja kampaamoille.","publisher":{"@id":"https:\/\/valika.eu\/fi\/#organization"},"alternateName":"Valika","potentialAction":[{"@type":"SearchAction","target":{"@type":"EntryPoint","urlTemplate":"https:\/\/valika.eu\/fi\/?s={search_term_string}"},"query-input":{"@type":"PropertyValueSpecification","valueRequired":true,"valueName":"search_term_string"}}],"inLanguage":"fi"},{"@type":"Organization","@id":"https:\/\/valika.eu\/fi\/#organization","name":"Salongitoode O\u00dc","alternateName":"Valika","url":"https:\/\/valika.eu\/fi\/","logo":{"@type":"ImageObject","inLanguage":"fi","@id":"https:\/\/valika.eu\/fi\/#\/schema\/logo\/image\/","url":"https:\/\/valika.eu\/wp-content\/uploads\/2023\/11\/logo2-valika-footer.png","contentUrl":"https:\/\/valika.eu\/wp-content\/uploads\/2023\/11\/logo2-valika-footer.png","width":200,"height":129,"caption":"Salongitoode O\u00dc"},"image":{"@id":"https:\/\/valika.eu\/fi\/#\/schema\/logo\/image\/"},"sameAs":["https:\/\/www.facebook.com\/tipsi.net"]}]}},"jetpack_sharing_enabled":true,"_links":{"self":[{"href":"https:\/\/valika.eu\/fi\/wp-json\/wp\/v2\/product\/11551","targetHints":{"allow":["GET"]}}],"collection":[{"href":"https:\/\/valika.eu\/fi\/wp-json\/wp\/v2\/product"}],"about":[{"href":"https:\/\/valika.eu\/fi\/wp-json\/wp\/v2\/types\/product"}],"wp:featuredmedia":[{"embeddable":true,"href":"https:\/\/valika.eu\/fi\/wp-json\/wp\/v2\/media\/11550"}],"wp:attachment":[{"href":"https:\/\/valika.eu\/fi\/wp-json\/wp\/v2\/media?parent=11551"}],"wp:term":[{"taxonomy":"product_brand","embeddable":true,"href":"https:\/\/valika.eu\/fi\/wp-json\/wp\/v2\/product_brand?post=11551"},{"taxonomy":"product_cat","embeddable":true,"href":"https:\/\/valika.eu\/fi\/wp-json\/wp\/v2\/product_cat?post=11551"},{"taxonomy":"product_tag","embeddable":true,"href":"https:\/\/valika.eu\/fi\/wp-json\/wp\/v2\/product_tag?post=11551"}],"curies":[{"name":"wp","href":"https:\/\/api.w.org\/{rel}","templated":true}]}}