{"id":11571,"date":"2025-01-09T06:49:50","date_gmt":"2025-01-09T04:49:50","guid":{"rendered":"https:\/\/valika.eu\/toode\/claresa-bronzer-tanned-honey-13-sarav-10g\/"},"modified":"2025-07-02T05:01:24","modified_gmt":"2025-07-02T02:01:24","slug":"claresa-bronzer-tanned-honey-13-sarav-10g","status":"publish","type":"product","link":"https:\/\/valika.eu\/fi\/toode\/claresa-bronzer-tanned-honey-13-sarav-10g\/","title":{"rendered":"Claresa Bronzer TANNED, HONEY! 13 SHIMMERY 10g"},"content":{"rendered":"<p>Puristettu aurinkopuuteri kasvojen muotoiluun ja varjostukseen<\/p>\n<p>Tunne auringon s\u00e4teet ihollasi! Aurinkopuuteri TANNED, HONEY! on ymp\u00e4ri vuoden kes\u00e4, joka on suljettu puuteriin! Valitse t\u00e4ydellinen s\u00e4vy aurinkopuuterista ja meikkisi viimeistelyefekti matasta, joka on t\u00e4ydellinen kasvojen muotoiluun ja varjostukseen, aurinkopuuteriin, jossa on hiukkasia, jotka antavat p\u00e4ivettyneen ja s\u00e4teilev\u00e4n ihon vaikutelman.<\/p>\n<p>HAUSKA FAKTA<br \/>\nKoostumuksen mica j\u00e4tt\u00e4\u00e4 ihon samettisen pehme\u00e4ksi ja lis\u00e4\u00e4 luonnollista hehkua. Kaoliini vastaa mattapintaisesta vaikutuksesta ja ylim\u00e4\u00e4r\u00e4isen talin imeytymisest\u00e4. Maissit\u00e4rkkelys varmistaa ihon optisen tasoittamisen ja meikin kiinnityksen.<\/p>\n<p>K\u00c4YTT\u00d6<br \/>\nLevit\u00e4 aurinkopuuteria pehme\u00e4ll\u00e4 siveltimell\u00e4.<\/p>\n<p>MEIKKITAITEILIJAN VINKKI<br \/>\nHaluatko varjostaa kasvosi? K\u00e4yt\u00e4 t\u00e4h\u00e4n tarkoitukseen mattaista aurinkopuuteria. Levit\u00e4 sit\u00e4 juuri poskiluun alapuolelle yl\u00f6sp\u00e4in suuntautuvalla siveltimen vedolla. Jos haluat saavuttaa t\u00e4ydellisen kasvojen muodon, joka on ovaali, muotoile aurinkopuuteria niille kasvojen osille, jotka eiv\u00e4t sovi ovaaliin. N\u00e4m\u00e4 ovat yleens\u00e4 otsan sivut, leukaluut ja leuka. Haluatko saavuttaa auringon suuteleman ihon vaikutelman? Levit\u00e4 korostavaa aurinkopuuteria piirt\u00e4m\u00e4ll\u00e4 kasvoillesi numero &#8220;3&#8221;, alkaen ohimoilta ja otsalta, poskip\u00e4iden kautta, alas leukaan.<\/p>\n<p>VIIMEISTELY: Korostava<\/p>\n<p>![Puristettu aurinkopuuteri kasvojen muotoiluun ja varjostukseen](kuvalinkki)<\/p>","protected":false},"excerpt":{"rendered":"<p>Puristettu aurinkopuuteri kasvojen muotoiluun ja varjostukseen Tunne auringon s\u00e4teet ihollasi! Aurinkopuuteri TANNED, HONEY! on ymp\u00e4ri vuoden kes\u00e4, joka on suljettu<\/p>\n","protected":false},"featured_media":11570,"template":"","meta":[],"product_brand":[],"product_cat":[685],"product_tag":[],"class_list":{"0":"post-11571","1":"product","2":"type-product","3":"status-publish","4":"has-post-thumbnail","6":"product_cat-contouring","8":"first","9":"instock","10":"taxable","11":"shipping-taxable","12":"purchasable","13":"product-type-simple"},"yoast_head":"<!-- This site is optimized with the Yoast SEO plugin v24.4 - https:\/\/yoast.com\/wordpress\/plugins\/seo\/ -->\n<title>Claresa Bronzer TANNED, HONEY! 13 SHIMMERY 10g | Valika<\/title>\n<meta name=\"robots\" content=\"index, follow, max-snippet:-1, max-image-preview:large, max-video-preview:-1\" \/>\n<link rel=\"canonical\" href=\"https:\/\/valika.eu\/fi\/toode\/claresa-bronzer-tanned-honey-13-sarav-10g\/\" \/>\n<meta property=\"og:locale\" content=\"fi_FI\" \/>\n<meta property=\"og:type\" content=\"article\" \/>\n<meta property=\"og:title\" content=\"Claresa Bronzer TANNED, HONEY! 13 SHIMMERY 10g | Valika\" \/>\n<meta property=\"og:description\" content=\"Puristettu aurinkopuuteri kasvojen muotoiluun ja varjostukseen Tunne auringon s\u00e4teet ihollasi! Aurinkopuuteri TANNED, HONEY! on ymp\u00e4ri vuoden kes\u00e4, joka on suljettu\" \/>\n<meta property=\"og:url\" content=\"https:\/\/valika.eu\/fi\/toode\/claresa-bronzer-tanned-honey-13-sarav-10g\/\" \/>\n<meta property=\"og:site_name\" content=\"Valika\" \/>\n<meta property=\"article:publisher\" content=\"https:\/\/www.facebook.com\/tipsi.net\" \/>\n<meta property=\"article:modified_time\" content=\"2025-07-02T02:01:24+00:00\" \/>\n<meta property=\"og:image\" content=\"https:\/\/valika.eu\/wp-content\/uploads\/2025\/01\/6147.jpg\" \/>\n\t<meta property=\"og:image:width\" content=\"2000\" \/>\n\t<meta property=\"og:image:height\" content=\"2000\" \/>\n\t<meta property=\"og:image:type\" content=\"image\/jpeg\" \/>\n<meta name=\"twitter:card\" content=\"summary_large_image\" \/>\n<script type=\"application\/ld+json\" class=\"yoast-schema-graph\">{\"@context\":\"https:\/\/schema.org\",\"@graph\":[{\"@type\":\"WebPage\",\"@id\":\"https:\/\/valika.eu\/fi\/toode\/claresa-bronzer-tanned-honey-13-sarav-10g\/\",\"url\":\"https:\/\/valika.eu\/fi\/toode\/claresa-bronzer-tanned-honey-13-sarav-10g\/\",\"name\":\"Claresa Bronzer TANNED, HONEY! 13 SHIMMERY 10g | Valika\",\"isPartOf\":{\"@id\":\"https:\/\/valika.eu\/fi\/#website\"},\"primaryImageOfPage\":{\"@id\":\"https:\/\/valika.eu\/fi\/toode\/claresa-bronzer-tanned-honey-13-sarav-10g\/#primaryimage\"},\"image\":{\"@id\":\"https:\/\/valika.eu\/toode\/claresa-bronzer-tanned-honey-13-sarav-10g\/#primaryimage\"},\"thumbnailUrl\":\"https:\/\/valika.eu\/wp-content\/uploads\/2025\/01\/6147.jpg\",\"datePublished\":\"2025-01-09T04:49:50+00:00\",\"dateModified\":\"2025-07-02T02:01:24+00:00\",\"breadcrumb\":{\"@id\":\"https:\/\/valika.eu\/fi\/toode\/claresa-bronzer-tanned-honey-13-sarav-10g\/#breadcrumb\"},\"inLanguage\":\"fi\",\"potentialAction\":[{\"@type\":\"ReadAction\",\"target\":[[\"https:\/\/valika.eu\/fi\/toode\/claresa-bronzer-tanned-honey-13-sarav-10g\/\"]]}]},{\"@type\":\"ImageObject\",\"inLanguage\":\"fi\",\"@id\":\"https:\/\/valika.eu\/fi\/toode\/claresa-bronzer-tanned-honey-13-sarav-10g\/#primaryimage\",\"url\":\"https:\/\/valika.eu\/wp-content\/uploads\/2025\/01\/6147.jpg\",\"contentUrl\":\"https:\/\/valika.eu\/wp-content\/uploads\/2025\/01\/6147.jpg\",\"width\":2000,\"height\":2000},{\"@type\":\"BreadcrumbList\",\"@id\":\"https:\/\/valika.eu\/fi\/toode\/claresa-bronzer-tanned-honey-13-sarav-10g\/#breadcrumb\",\"itemListElement\":[{\"@type\":\"ListItem\",\"position\":1,\"name\":\"Koti\",\"item\":\"https:\/\/valika.eu\/fi\/\"},{\"@type\":\"ListItem\",\"position\":2,\"name\":\"Shop\",\"item\":\"https:\/\/valika.eu\/fi\/\"},{\"@type\":\"ListItem\",\"position\":3,\"name\":\"Claresa Bronzer TANNED, HONEY! 13 SHIMMERY 10g\"}]},{\"@type\":\"WebSite\",\"@id\":\"https:\/\/valika.eu\/fi\/#website\",\"url\":\"https:\/\/valika.eu\/fi\/\",\"name\":\"Valika.eu\",\"description\":\"Salonkituotteet ja kauneudenhoitotuotteet - Valika tarjoaa laajan valikoiman tuotteita ja tarvikkeita kynsiteknikoille, kauneushoitoloille, kampaamoille ja kampaamoille.\",\"publisher\":{\"@id\":\"https:\/\/valika.eu\/fi\/#organization\"},\"alternateName\":\"Valika\",\"potentialAction\":[{\"@type\":\"SearchAction\",\"target\":{\"@type\":\"EntryPoint\",\"urlTemplate\":\"https:\/\/valika.eu\/fi\/?s={search_term_string}\"},\"query-input\":{\"@type\":\"PropertyValueSpecification\",\"valueRequired\":true,\"valueName\":\"search_term_string\"}}],\"inLanguage\":\"fi\"},{\"@type\":\"Organization\",\"@id\":\"https:\/\/valika.eu\/fi\/#organization\",\"name\":\"Salongitoode O\u00dc\",\"alternateName\":\"Valika\",\"url\":\"https:\/\/valika.eu\/fi\/\",\"logo\":{\"@type\":\"ImageObject\",\"inLanguage\":\"fi\",\"@id\":\"https:\/\/valika.eu\/fi\/#\/schema\/logo\/image\/\",\"url\":\"https:\/\/valika.eu\/wp-content\/uploads\/2023\/11\/logo2-valika-footer.png\",\"contentUrl\":\"https:\/\/valika.eu\/wp-content\/uploads\/2023\/11\/logo2-valika-footer.png\",\"width\":200,\"height\":129,\"caption\":\"Salongitoode O\u00dc\"},\"image\":{\"@id\":\"https:\/\/valika.eu\/fi\/#\/schema\/logo\/image\/\"},\"sameAs\":[\"https:\/\/www.facebook.com\/tipsi.net\"]}]}<\/script>\n<!-- \/ Yoast SEO plugin. -->","yoast_head_json":{"title":"Claresa Bronzer TANNED, HONEY! 13 SHIMMERY 10g | Valika","robots":{"index":"index","follow":"follow","max-snippet":"max-snippet:-1","max-image-preview":"max-image-preview:large","max-video-preview":"max-video-preview:-1"},"canonical":"https:\/\/valika.eu\/fi\/toode\/claresa-bronzer-tanned-honey-13-sarav-10g\/","og_locale":"fi_FI","og_type":"article","og_title":"Claresa Bronzer TANNED, HONEY! 13 SHIMMERY 10g | Valika","og_description":"Puristettu aurinkopuuteri kasvojen muotoiluun ja varjostukseen Tunne auringon s\u00e4teet ihollasi! Aurinkopuuteri TANNED, HONEY! on ymp\u00e4ri vuoden kes\u00e4, joka on suljettu","og_url":"https:\/\/valika.eu\/fi\/toode\/claresa-bronzer-tanned-honey-13-sarav-10g\/","og_site_name":"Valika","article_publisher":"https:\/\/www.facebook.com\/tipsi.net","article_modified_time":"2025-07-02T02:01:24+00:00","og_image":[{"width":2000,"height":2000,"url":"https:\/\/valika.eu\/wp-content\/uploads\/2025\/01\/6147.jpg","type":"image\/jpeg"}],"twitter_card":"summary_large_image","schema":{"@context":"https:\/\/schema.org","@graph":[{"@type":"WebPage","@id":"https:\/\/valika.eu\/fi\/toode\/claresa-bronzer-tanned-honey-13-sarav-10g\/","url":"https:\/\/valika.eu\/fi\/toode\/claresa-bronzer-tanned-honey-13-sarav-10g\/","name":"Claresa Bronzer TANNED, HONEY! 13 SHIMMERY 10g | Valika","isPartOf":{"@id":"https:\/\/valika.eu\/fi\/#website"},"primaryImageOfPage":{"@id":"https:\/\/valika.eu\/fi\/toode\/claresa-bronzer-tanned-honey-13-sarav-10g\/#primaryimage"},"image":{"@id":"https:\/\/valika.eu\/toode\/claresa-bronzer-tanned-honey-13-sarav-10g\/#primaryimage"},"thumbnailUrl":"https:\/\/valika.eu\/wp-content\/uploads\/2025\/01\/6147.jpg","datePublished":"2025-01-09T04:49:50+00:00","dateModified":"2025-07-02T02:01:24+00:00","breadcrumb":{"@id":"https:\/\/valika.eu\/fi\/toode\/claresa-bronzer-tanned-honey-13-sarav-10g\/#breadcrumb"},"inLanguage":"fi","potentialAction":[{"@type":"ReadAction","target":[["https:\/\/valika.eu\/fi\/toode\/claresa-bronzer-tanned-honey-13-sarav-10g\/"]]}]},{"@type":"ImageObject","inLanguage":"fi","@id":"https:\/\/valika.eu\/fi\/toode\/claresa-bronzer-tanned-honey-13-sarav-10g\/#primaryimage","url":"https:\/\/valika.eu\/wp-content\/uploads\/2025\/01\/6147.jpg","contentUrl":"https:\/\/valika.eu\/wp-content\/uploads\/2025\/01\/6147.jpg","width":2000,"height":2000},{"@type":"BreadcrumbList","@id":"https:\/\/valika.eu\/fi\/toode\/claresa-bronzer-tanned-honey-13-sarav-10g\/#breadcrumb","itemListElement":[{"@type":"ListItem","position":1,"name":"Koti","item":"https:\/\/valika.eu\/fi\/"},{"@type":"ListItem","position":2,"name":"Shop","item":"https:\/\/valika.eu\/fi\/"},{"@type":"ListItem","position":3,"name":"Claresa Bronzer TANNED, HONEY! 13 SHIMMERY 10g"}]},{"@type":"WebSite","@id":"https:\/\/valika.eu\/fi\/#website","url":"https:\/\/valika.eu\/fi\/","name":"Valika.eu","description":"Salonkituotteet ja kauneudenhoitotuotteet - Valika tarjoaa laajan valikoiman tuotteita ja tarvikkeita kynsiteknikoille, kauneushoitoloille, kampaamoille ja kampaamoille.","publisher":{"@id":"https:\/\/valika.eu\/fi\/#organization"},"alternateName":"Valika","potentialAction":[{"@type":"SearchAction","target":{"@type":"EntryPoint","urlTemplate":"https:\/\/valika.eu\/fi\/?s={search_term_string}"},"query-input":{"@type":"PropertyValueSpecification","valueRequired":true,"valueName":"search_term_string"}}],"inLanguage":"fi"},{"@type":"Organization","@id":"https:\/\/valika.eu\/fi\/#organization","name":"Salongitoode O\u00dc","alternateName":"Valika","url":"https:\/\/valika.eu\/fi\/","logo":{"@type":"ImageObject","inLanguage":"fi","@id":"https:\/\/valika.eu\/fi\/#\/schema\/logo\/image\/","url":"https:\/\/valika.eu\/wp-content\/uploads\/2023\/11\/logo2-valika-footer.png","contentUrl":"https:\/\/valika.eu\/wp-content\/uploads\/2023\/11\/logo2-valika-footer.png","width":200,"height":129,"caption":"Salongitoode O\u00dc"},"image":{"@id":"https:\/\/valika.eu\/fi\/#\/schema\/logo\/image\/"},"sameAs":["https:\/\/www.facebook.com\/tipsi.net"]}]}},"jetpack_sharing_enabled":true,"_links":{"self":[{"href":"https:\/\/valika.eu\/fi\/wp-json\/wp\/v2\/product\/11571","targetHints":{"allow":["GET"]}}],"collection":[{"href":"https:\/\/valika.eu\/fi\/wp-json\/wp\/v2\/product"}],"about":[{"href":"https:\/\/valika.eu\/fi\/wp-json\/wp\/v2\/types\/product"}],"wp:featuredmedia":[{"embeddable":true,"href":"https:\/\/valika.eu\/fi\/wp-json\/wp\/v2\/media\/11570"}],"wp:attachment":[{"href":"https:\/\/valika.eu\/fi\/wp-json\/wp\/v2\/media?parent=11571"}],"wp:term":[{"taxonomy":"product_brand","embeddable":true,"href":"https:\/\/valika.eu\/fi\/wp-json\/wp\/v2\/product_brand?post=11571"},{"taxonomy":"product_cat","embeddable":true,"href":"https:\/\/valika.eu\/fi\/wp-json\/wp\/v2\/product_cat?post=11571"},{"taxonomy":"product_tag","embeddable":true,"href":"https:\/\/valika.eu\/fi\/wp-json\/wp\/v2\/product_tag?post=11571"}],"curies":[{"name":"wp","href":"https:\/\/api.w.org\/{rel}","templated":true}]}}