{"id":11603,"date":"2025-01-09T06:50:29","date_gmt":"2025-01-09T04:50:29","guid":{"rendered":"https:\/\/valika.eu\/toode\/claresa-vedel-paikesepuuder-cheek2cheek-liquid-contour-02-sun-kissed-7g\/"},"modified":"2025-07-02T05:01:24","modified_gmt":"2025-07-02T02:01:24","slug":"claresa-vedel-paikesepuuder-cheek2cheek-liquid-contour-02-sun-kissed-7g","status":"publish","type":"product","link":"https:\/\/valika.eu\/fi\/toode\/claresa-vedel-paikesepuuder-cheek2cheek-liquid-contour-02-sun-kissed-7g\/","title":{"rendered":"CLARESA Nestem\u00e4inen poskipuna cheek2cheek liquid contour 02 Sun kissed 7g"},"content":{"rendered":"<p>Haluatko t\u00e4ydellisesti sekoittuvan aurinkopuuterin ilman raskasta vaikutusta iholla, ja se pit\u00e4\u00e4 sinut hereill\u00e4 \u00f6isin? Varjostaminen ei ole koskaan ollut helpompaa! Cheek2cheek-aurinkopuuterit antavat ihollesi raikkaan hehkun, j\u00e4tt\u00e4en terveen lopputuloksen ja kosteutuksen. T\u00e4m\u00e4 tuote on k\u00e4yt\u00e4nn\u00f6ss\u00e4 tehty kuivaa ihoa ajatellen, joka tarvitsee erityist\u00e4 huolenpitoa. Unohda tuotteen levitt\u00e4misen vaikeudet tai ep\u00e4miellytt\u00e4v\u00e4t l\u00e4isk\u00e4t! Kermamaisen, v\u00e4hitellen asettuvan koostumuksensa ansiosta aurinkopuuteri sulautuu vaivattomasti ihoon, luoden saumattoman siirtym\u00e4n. Sen v\u00e4ri pysyy kanssasi koko p\u00e4iv\u00e4n, ja pigmentointi mahdollistaa syvyyden rakentamisen. T\u00e4m\u00e4 tarkoittaa, ett\u00e4 se on t\u00e4ydellinen tuote sek\u00e4 ammattilaisille ett\u00e4 niille, jotka eiv\u00e4t ole koskaan varjostaneet ennen! Tunne itsesi meikkitaiteilijaksi ja tule Varjostusmestariksi!<\/p>\n<p>HAUSKA FAKTA<\/p>\n<p>Cheek2cheek-v\u00e4rit eiv\u00e4t ole sattumaa \u2013 koska jokainen kauneustyyppi ansaitsee t\u00e4ydellisen s\u00e4vyn aurinkopuuteria! Valitse siis sinulle paras \u2013 viile\u00e4 tai l\u00e4mmin \u2013 ja nauti r\u00e4\u00e4t\u00e4l\u00f6idyst\u00e4 varjostuksesta kuten ei koskaan ennen.<\/p>\n<p>SOVELLUS<\/p>\n<p>Levit\u00e4 kermamaiset tuotteet ennen kasvojen puuterointia, meikkivoiteen levitt\u00e4misen j\u00e4lkeen. Voit levitt\u00e4\u00e4 tuotteen suoraan kasvoille applikaattorilla tai asettaa sen k\u00e4mmensel\u00e4lle ja ottaa sen k\u00e4ytt\u00f6\u00f6n sienell\u00e4 tai siveltimell\u00e4. Haluatko tehd\u00e4 t\u00e4ydellisen varjostuksen, antaen kasvoille kohottavan ja l\u00e4mmitt\u00e4v\u00e4n vaikutuksen? Aloita levitt\u00e4m\u00e4ll\u00e4 aurinkopuuteria poskille \u2013 aseta se juuri poskip\u00e4\u00e4n yl\u00e4osan alapuolelle, kulmakarvan p\u00e4\u00e4n tasolle. T\u00e4ss\u00e4 v\u00e4rin keskittymisen tulisi olla suurin. H\u00e4ivyt\u00e4 aurinkopuuteri taputtelevin liikkein, liikkuen kohti korvaa, yl\u00f6sp\u00e4in. Levit\u00e4 toinen osa otsan sivuille, hieman ohimoiden yl\u00e4puolelle, h\u00e4ivytt\u00e4en sit\u00e4 kohti hiusrajaa, my\u00f6s yl\u00f6sp\u00e4in. Voit my\u00f6s hieman tummentaa leukalinjaa sek\u00e4 nen\u00e4n sivuja ja k\u00e4rke\u00e4. Jos haluat syvent\u00e4\u00e4 v\u00e4ri\u00e4, lis\u00e4\u00e4 vain toinen kerros.<\/p>\n<p>MEIKKITAITEILIJAN VINKKI<\/p>\n<p>Kokeile sit\u00e4 Hailey Bieber -tyylisess\u00e4 meikiss\u00e4! Levit\u00e4 aurinkopuuteria kasvoille, selv\u00e4sti varjostaen sit\u00e4 sovellusohjeiden mukaisesti, mutta&#8230; tee se ennen meikkivoiteen levitt\u00e4mist\u00e4. Varjostuksen vaikutus on viel\u00e4 luonnollisempi!<\/p>","protected":false},"excerpt":{"rendered":"<p>Haluatko t\u00e4ydellisesti sekoittuvan aurinkopuuterin ilman raskasta vaikutusta iholla, ja se pit\u00e4\u00e4 sinut hereill\u00e4 \u00f6isin? Varjostaminen ei ole koskaan ollut helpompaa!<\/p>\n","protected":false},"featured_media":11602,"template":"","meta":[],"product_brand":[],"product_cat":[685],"product_tag":[],"class_list":{"0":"post-11603","1":"product","2":"type-product","3":"status-publish","4":"has-post-thumbnail","6":"product_cat-contouring","8":"first","9":"instock","10":"taxable","11":"shipping-taxable","12":"purchasable","13":"product-type-simple"},"yoast_head":"<!-- This site is optimized with the Yoast SEO plugin v24.4 - https:\/\/yoast.com\/wordpress\/plugins\/seo\/ -->\n<title>CLARESA Nestem\u00e4inen poskipuna cheek2cheek liquid contour 02 Sun kissed 7g | Valika<\/title>\n<meta name=\"robots\" content=\"index, follow, max-snippet:-1, max-image-preview:large, max-video-preview:-1\" \/>\n<link rel=\"canonical\" href=\"https:\/\/valika.eu\/fi\/toode\/claresa-vedel-paikesepuuder-cheek2cheek-liquid-contour-02-sun-kissed-7g\/\" \/>\n<meta property=\"og:locale\" content=\"fi_FI\" \/>\n<meta property=\"og:type\" content=\"article\" \/>\n<meta property=\"og:title\" content=\"CLARESA Nestem\u00e4inen poskipuna cheek2cheek liquid contour 02 Sun kissed 7g | Valika\" \/>\n<meta property=\"og:description\" content=\"Haluatko t\u00e4ydellisesti sekoittuvan aurinkopuuterin ilman raskasta vaikutusta iholla, ja se pit\u00e4\u00e4 sinut hereill\u00e4 \u00f6isin? Varjostaminen ei ole koskaan ollut helpompaa!\" \/>\n<meta property=\"og:url\" content=\"https:\/\/valika.eu\/fi\/toode\/claresa-vedel-paikesepuuder-cheek2cheek-liquid-contour-02-sun-kissed-7g\/\" \/>\n<meta property=\"og:site_name\" content=\"Valika\" \/>\n<meta property=\"article:publisher\" content=\"https:\/\/www.facebook.com\/tipsi.net\" \/>\n<meta property=\"article:modified_time\" content=\"2025-07-02T02:01:24+00:00\" \/>\n<meta property=\"og:image\" content=\"https:\/\/valika.eu\/wp-content\/uploads\/2025\/01\/14953.jpg\" \/>\n\t<meta property=\"og:image:width\" content=\"1500\" \/>\n\t<meta property=\"og:image:height\" content=\"1500\" \/>\n\t<meta property=\"og:image:type\" content=\"image\/jpeg\" \/>\n<meta name=\"twitter:card\" content=\"summary_large_image\" \/>\n<script type=\"application\/ld+json\" class=\"yoast-schema-graph\">{\"@context\":\"https:\/\/schema.org\",\"@graph\":[{\"@type\":\"WebPage\",\"@id\":\"https:\/\/valika.eu\/fi\/toode\/claresa-vedel-paikesepuuder-cheek2cheek-liquid-contour-02-sun-kissed-7g\/\",\"url\":\"https:\/\/valika.eu\/fi\/toode\/claresa-vedel-paikesepuuder-cheek2cheek-liquid-contour-02-sun-kissed-7g\/\",\"name\":\"CLARESA Nestem\u00e4inen poskipuna cheek2cheek liquid contour 02 Sun kissed 7g | Valika\",\"isPartOf\":{\"@id\":\"https:\/\/valika.eu\/fi\/#website\"},\"primaryImageOfPage\":{\"@id\":\"https:\/\/valika.eu\/fi\/toode\/claresa-vedel-paikesepuuder-cheek2cheek-liquid-contour-02-sun-kissed-7g\/#primaryimage\"},\"image\":{\"@id\":\"https:\/\/valika.eu\/toode\/claresa-vedel-paikesepuuder-cheek2cheek-liquid-contour-02-sun-kissed-7g\/#primaryimage\"},\"thumbnailUrl\":\"https:\/\/valika.eu\/wp-content\/uploads\/2025\/01\/14953.jpg\",\"datePublished\":\"2025-01-09T04:50:29+00:00\",\"dateModified\":\"2025-07-02T02:01:24+00:00\",\"breadcrumb\":{\"@id\":\"https:\/\/valika.eu\/fi\/toode\/claresa-vedel-paikesepuuder-cheek2cheek-liquid-contour-02-sun-kissed-7g\/#breadcrumb\"},\"inLanguage\":\"fi\",\"potentialAction\":[{\"@type\":\"ReadAction\",\"target\":[[\"https:\/\/valika.eu\/fi\/toode\/claresa-vedel-paikesepuuder-cheek2cheek-liquid-contour-02-sun-kissed-7g\/\"]]}]},{\"@type\":\"ImageObject\",\"inLanguage\":\"fi\",\"@id\":\"https:\/\/valika.eu\/fi\/toode\/claresa-vedel-paikesepuuder-cheek2cheek-liquid-contour-02-sun-kissed-7g\/#primaryimage\",\"url\":\"https:\/\/valika.eu\/wp-content\/uploads\/2025\/01\/14953.jpg\",\"contentUrl\":\"https:\/\/valika.eu\/wp-content\/uploads\/2025\/01\/14953.jpg\",\"width\":1500,\"height\":1500},{\"@type\":\"BreadcrumbList\",\"@id\":\"https:\/\/valika.eu\/fi\/toode\/claresa-vedel-paikesepuuder-cheek2cheek-liquid-contour-02-sun-kissed-7g\/#breadcrumb\",\"itemListElement\":[{\"@type\":\"ListItem\",\"position\":1,\"name\":\"Koti\",\"item\":\"https:\/\/valika.eu\/fi\/\"},{\"@type\":\"ListItem\",\"position\":2,\"name\":\"Shop\",\"item\":\"https:\/\/valika.eu\/fi\/\"},{\"@type\":\"ListItem\",\"position\":3,\"name\":\"CLARESA Liquid Bronzer cheek2cheek liquid contour 02 Sun kissed 7g\"}]},{\"@type\":\"WebSite\",\"@id\":\"https:\/\/valika.eu\/fi\/#website\",\"url\":\"https:\/\/valika.eu\/fi\/\",\"name\":\"Valika.eu\",\"description\":\"Salonkituotteet ja kauneudenhoitotuotteet - Valika tarjoaa laajan valikoiman tuotteita ja tarvikkeita kynsiteknikoille, kauneushoitoloille, kampaamoille ja kampaamoille.\",\"publisher\":{\"@id\":\"https:\/\/valika.eu\/fi\/#organization\"},\"alternateName\":\"Valika\",\"potentialAction\":[{\"@type\":\"SearchAction\",\"target\":{\"@type\":\"EntryPoint\",\"urlTemplate\":\"https:\/\/valika.eu\/fi\/?s={search_term_string}\"},\"query-input\":{\"@type\":\"PropertyValueSpecification\",\"valueRequired\":true,\"valueName\":\"search_term_string\"}}],\"inLanguage\":\"fi\"},{\"@type\":\"Organization\",\"@id\":\"https:\/\/valika.eu\/fi\/#organization\",\"name\":\"Salongitoode O\u00dc\",\"alternateName\":\"Valika\",\"url\":\"https:\/\/valika.eu\/fi\/\",\"logo\":{\"@type\":\"ImageObject\",\"inLanguage\":\"fi\",\"@id\":\"https:\/\/valika.eu\/fi\/#\/schema\/logo\/image\/\",\"url\":\"https:\/\/valika.eu\/wp-content\/uploads\/2023\/11\/logo2-valika-footer.png\",\"contentUrl\":\"https:\/\/valika.eu\/wp-content\/uploads\/2023\/11\/logo2-valika-footer.png\",\"width\":200,\"height\":129,\"caption\":\"Salongitoode O\u00dc\"},\"image\":{\"@id\":\"https:\/\/valika.eu\/fi\/#\/schema\/logo\/image\/\"},\"sameAs\":[\"https:\/\/www.facebook.com\/tipsi.net\"]}]}<\/script>\n<!-- \/ Yoast SEO plugin. -->","yoast_head_json":{"title":"CLARESA Nestem\u00e4inen poskipuna cheek2cheek liquid contour 02 Sun kissed 7g | Valika","robots":{"index":"index","follow":"follow","max-snippet":"max-snippet:-1","max-image-preview":"max-image-preview:large","max-video-preview":"max-video-preview:-1"},"canonical":"https:\/\/valika.eu\/fi\/toode\/claresa-vedel-paikesepuuder-cheek2cheek-liquid-contour-02-sun-kissed-7g\/","og_locale":"fi_FI","og_type":"article","og_title":"CLARESA Nestem\u00e4inen poskipuna cheek2cheek liquid contour 02 Sun kissed 7g | Valika","og_description":"Haluatko t\u00e4ydellisesti sekoittuvan aurinkopuuterin ilman raskasta vaikutusta iholla, ja se pit\u00e4\u00e4 sinut hereill\u00e4 \u00f6isin? Varjostaminen ei ole koskaan ollut helpompaa!","og_url":"https:\/\/valika.eu\/fi\/toode\/claresa-vedel-paikesepuuder-cheek2cheek-liquid-contour-02-sun-kissed-7g\/","og_site_name":"Valika","article_publisher":"https:\/\/www.facebook.com\/tipsi.net","article_modified_time":"2025-07-02T02:01:24+00:00","og_image":[{"width":1500,"height":1500,"url":"https:\/\/valika.eu\/wp-content\/uploads\/2025\/01\/14953.jpg","type":"image\/jpeg"}],"twitter_card":"summary_large_image","schema":{"@context":"https:\/\/schema.org","@graph":[{"@type":"WebPage","@id":"https:\/\/valika.eu\/fi\/toode\/claresa-vedel-paikesepuuder-cheek2cheek-liquid-contour-02-sun-kissed-7g\/","url":"https:\/\/valika.eu\/fi\/toode\/claresa-vedel-paikesepuuder-cheek2cheek-liquid-contour-02-sun-kissed-7g\/","name":"CLARESA Nestem\u00e4inen poskipuna cheek2cheek liquid contour 02 Sun kissed 7g | Valika","isPartOf":{"@id":"https:\/\/valika.eu\/fi\/#website"},"primaryImageOfPage":{"@id":"https:\/\/valika.eu\/fi\/toode\/claresa-vedel-paikesepuuder-cheek2cheek-liquid-contour-02-sun-kissed-7g\/#primaryimage"},"image":{"@id":"https:\/\/valika.eu\/toode\/claresa-vedel-paikesepuuder-cheek2cheek-liquid-contour-02-sun-kissed-7g\/#primaryimage"},"thumbnailUrl":"https:\/\/valika.eu\/wp-content\/uploads\/2025\/01\/14953.jpg","datePublished":"2025-01-09T04:50:29+00:00","dateModified":"2025-07-02T02:01:24+00:00","breadcrumb":{"@id":"https:\/\/valika.eu\/fi\/toode\/claresa-vedel-paikesepuuder-cheek2cheek-liquid-contour-02-sun-kissed-7g\/#breadcrumb"},"inLanguage":"fi","potentialAction":[{"@type":"ReadAction","target":[["https:\/\/valika.eu\/fi\/toode\/claresa-vedel-paikesepuuder-cheek2cheek-liquid-contour-02-sun-kissed-7g\/"]]}]},{"@type":"ImageObject","inLanguage":"fi","@id":"https:\/\/valika.eu\/fi\/toode\/claresa-vedel-paikesepuuder-cheek2cheek-liquid-contour-02-sun-kissed-7g\/#primaryimage","url":"https:\/\/valika.eu\/wp-content\/uploads\/2025\/01\/14953.jpg","contentUrl":"https:\/\/valika.eu\/wp-content\/uploads\/2025\/01\/14953.jpg","width":1500,"height":1500},{"@type":"BreadcrumbList","@id":"https:\/\/valika.eu\/fi\/toode\/claresa-vedel-paikesepuuder-cheek2cheek-liquid-contour-02-sun-kissed-7g\/#breadcrumb","itemListElement":[{"@type":"ListItem","position":1,"name":"Koti","item":"https:\/\/valika.eu\/fi\/"},{"@type":"ListItem","position":2,"name":"Shop","item":"https:\/\/valika.eu\/fi\/"},{"@type":"ListItem","position":3,"name":"CLARESA Liquid Bronzer cheek2cheek liquid contour 02 Sun kissed 7g"}]},{"@type":"WebSite","@id":"https:\/\/valika.eu\/fi\/#website","url":"https:\/\/valika.eu\/fi\/","name":"Valika.eu","description":"Salonkituotteet ja kauneudenhoitotuotteet - Valika tarjoaa laajan valikoiman tuotteita ja tarvikkeita kynsiteknikoille, kauneushoitoloille, kampaamoille ja kampaamoille.","publisher":{"@id":"https:\/\/valika.eu\/fi\/#organization"},"alternateName":"Valika","potentialAction":[{"@type":"SearchAction","target":{"@type":"EntryPoint","urlTemplate":"https:\/\/valika.eu\/fi\/?s={search_term_string}"},"query-input":{"@type":"PropertyValueSpecification","valueRequired":true,"valueName":"search_term_string"}}],"inLanguage":"fi"},{"@type":"Organization","@id":"https:\/\/valika.eu\/fi\/#organization","name":"Salongitoode O\u00dc","alternateName":"Valika","url":"https:\/\/valika.eu\/fi\/","logo":{"@type":"ImageObject","inLanguage":"fi","@id":"https:\/\/valika.eu\/fi\/#\/schema\/logo\/image\/","url":"https:\/\/valika.eu\/wp-content\/uploads\/2023\/11\/logo2-valika-footer.png","contentUrl":"https:\/\/valika.eu\/wp-content\/uploads\/2023\/11\/logo2-valika-footer.png","width":200,"height":129,"caption":"Salongitoode O\u00dc"},"image":{"@id":"https:\/\/valika.eu\/fi\/#\/schema\/logo\/image\/"},"sameAs":["https:\/\/www.facebook.com\/tipsi.net"]}]}},"jetpack_sharing_enabled":true,"_links":{"self":[{"href":"https:\/\/valika.eu\/fi\/wp-json\/wp\/v2\/product\/11603","targetHints":{"allow":["GET"]}}],"collection":[{"href":"https:\/\/valika.eu\/fi\/wp-json\/wp\/v2\/product"}],"about":[{"href":"https:\/\/valika.eu\/fi\/wp-json\/wp\/v2\/types\/product"}],"wp:featuredmedia":[{"embeddable":true,"href":"https:\/\/valika.eu\/fi\/wp-json\/wp\/v2\/media\/11602"}],"wp:attachment":[{"href":"https:\/\/valika.eu\/fi\/wp-json\/wp\/v2\/media?parent=11603"}],"wp:term":[{"taxonomy":"product_brand","embeddable":true,"href":"https:\/\/valika.eu\/fi\/wp-json\/wp\/v2\/product_brand?post=11603"},{"taxonomy":"product_cat","embeddable":true,"href":"https:\/\/valika.eu\/fi\/wp-json\/wp\/v2\/product_cat?post=11603"},{"taxonomy":"product_tag","embeddable":true,"href":"https:\/\/valika.eu\/fi\/wp-json\/wp\/v2\/product_tag?post=11603"}],"curies":[{"name":"wp","href":"https:\/\/api.w.org\/{rel}","templated":true}]}}