{"id":11640,"date":"2025-01-09T06:51:10","date_gmt":"2025-01-09T04:51:10","guid":{"rendered":"https:\/\/valika.eu\/toode\/claresa-kattekorrektor-vedelikus-hi-cover-lover-25-liiv\/"},"modified":"2026-02-25T15:41:03","modified_gmt":"2026-02-25T13:41:03","slug":"claresa-kattekorrektor-vedelikus-hi-cover-lover-25-liiv","status":"publish","type":"product","link":"https:\/\/valika.eu\/fi\/toode\/claresa-kattekorrektor-vedelikus-hi-cover-lover-25-liiv\/","title":{"rendered":"CLARESA NESTEPEITEINEN PEITEVOIDE HI COVER LOVER 25 SAND"},"content":{"rendered":"<p>Intensiivisesti pigmentoitu nestem\u00e4inen peitevoide, joka tarjoaa optimaalisen peitt\u00e4vyyden, tehden siit\u00e4 t\u00e4ydellisen silmien alla olevien ep\u00e4t\u00e4ydellisyyksien (varjot, tummat silm\u00e4naluset) ja kasvojen (v\u00e4rimuutokset, ei-toivotut pisamat, punoitus) peitt\u00e4miseen. HI COVER LOVER -koostumus levittyy tasaisesti ja sulautuu t\u00e4ydellisesti ihoon ilman, ett\u00e4 se tuntuu raskaalta. K\u00e4tev\u00e4, suuri jumbo-applikaattori annostelee oikean m\u00e4\u00e4r\u00e4n tuotetta ja tekee sen levitt\u00e4misest\u00e4 iholle helppoa. Pitk\u00e4kestoinen, vedenkest\u00e4v\u00e4, kiinnitt\u00e4v\u00e4 koostumus takaa virheett\u00f6m\u00e4n meikin moniksi tunneiksi kaikissa olosuhteissa. Saatavilla 6 huolellisesti valitussa v\u00e4riss\u00e4 \u2013 vaaleaihoisista henkil\u00f6ist\u00e4 enemm\u00e4n latinalaiseen kauneustyyppiin.<\/p>\n<p>HAUSKA FAKTA: Vegaaninen koostumus on rikastettu propaanidiolilla (kasviglykoli), joka kosteuttaa ihoa ja est\u00e4\u00e4 liiallista veden haihtumista, pit\u00e4en sen pehme\u00e4n\u00e4 ja sile\u00e4n\u00e4 pidemp\u00e4\u00e4n.<\/p>\n<p>K\u00c4YTT\u00d6: Taputtele peitevoidetta sormenp\u00e4\u00e4ll\u00e4si tai kostealla sienell\u00e4, ja kiinnit\u00e4 se sitten tietylle kasvojen alueelle tarkoitetulla puuterilla.<\/p>\n<p>MEIKKITAITEILIJAN VINKKI: @oliwkaszymanska neuvoo: Jos ongelmasi on peitevoiteen asettuminen ihon uurteisiin, \u00e4l\u00e4 kiinnit\u00e4 sit\u00e4 heti levityksen j\u00e4lkeen puuterilla. Keskity muihin meikin vaiheisiin ja anna peitevoiteen vaikuttaa silm\u00e4n alla muutaman minuutin ajan. Poista sitten vanupuikolla uurteisiin ja ryppyihin asettunut tuote, ja kiinnit\u00e4 t\u00e4m\u00e4 alue vasta sitten puuterilla. N\u00e4in est\u00e4t suurelta osin tuotteen kertymisen n\u00e4ille kriittisille alueille.<\/p>","protected":false},"excerpt":{"rendered":"<p>Intensiivisesti pigmentoitu nestem\u00e4inen peitevoide, joka tarjoaa optimaalisen peitt\u00e4vyyden, tehden siit\u00e4 t\u00e4ydellisen silmien alla olevien ep\u00e4t\u00e4ydellisyyksien (varjot, tummat silm\u00e4naluset) ja kasvojen<\/p>\n","protected":false},"featured_media":11639,"template":"","meta":[],"product_brand":[],"product_cat":[686],"product_tag":[],"class_list":{"0":"post-11640","1":"product","2":"type-product","3":"status-publish","4":"has-post-thumbnail","6":"product_cat-concealer","8":"first","9":"outofstock","10":"taxable","11":"shipping-taxable","12":"purchasable","13":"product-type-simple"},"yoast_head":"<!-- This site is optimized with the Yoast SEO plugin v24.4 - https:\/\/yoast.com\/wordpress\/plugins\/seo\/ -->\n<title>CLARESA NESTEPEITEINEN PEITEVOIDE HI COVER LOVER 25 SAND | Valika<\/title>\n<meta name=\"robots\" content=\"index, follow, max-snippet:-1, max-image-preview:large, max-video-preview:-1\" \/>\n<link rel=\"canonical\" href=\"https:\/\/valika.eu\/fi\/toode\/claresa-kattekorrektor-vedelikus-hi-cover-lover-25-liiv\/\" \/>\n<meta property=\"og:locale\" content=\"fi_FI\" \/>\n<meta property=\"og:type\" content=\"article\" \/>\n<meta property=\"og:title\" content=\"CLARESA NESTEPEITEINEN PEITEVOIDE HI COVER LOVER 25 SAND | Valika\" \/>\n<meta property=\"og:description\" content=\"Intensiivisesti pigmentoitu nestem\u00e4inen peitevoide, joka tarjoaa optimaalisen peitt\u00e4vyyden, tehden siit\u00e4 t\u00e4ydellisen silmien alla olevien ep\u00e4t\u00e4ydellisyyksien (varjot, tummat silm\u00e4naluset) ja kasvojen\" \/>\n<meta property=\"og:url\" content=\"https:\/\/valika.eu\/fi\/toode\/claresa-kattekorrektor-vedelikus-hi-cover-lover-25-liiv\/\" \/>\n<meta property=\"og:site_name\" content=\"Valika\" \/>\n<meta property=\"article:publisher\" content=\"https:\/\/www.facebook.com\/tipsi.net\" \/>\n<meta property=\"article:modified_time\" content=\"2026-02-25T13:41:03+00:00\" \/>\n<meta property=\"og:image\" content=\"https:\/\/valika.eu\/wp-content\/uploads\/2025\/01\/6304.jpg\" \/>\n\t<meta property=\"og:image:width\" content=\"1500\" \/>\n\t<meta property=\"og:image:height\" content=\"1500\" \/>\n\t<meta property=\"og:image:type\" content=\"image\/jpeg\" \/>\n<meta name=\"twitter:card\" content=\"summary_large_image\" \/>\n<script type=\"application\/ld+json\" class=\"yoast-schema-graph\">{\"@context\":\"https:\/\/schema.org\",\"@graph\":[{\"@type\":\"WebPage\",\"@id\":\"https:\/\/valika.eu\/fi\/toode\/claresa-kattekorrektor-vedelikus-hi-cover-lover-25-liiv\/\",\"url\":\"https:\/\/valika.eu\/fi\/toode\/claresa-kattekorrektor-vedelikus-hi-cover-lover-25-liiv\/\",\"name\":\"CLARESA NESTEPEITEINEN PEITEVOIDE HI COVER LOVER 25 SAND | Valika\",\"isPartOf\":{\"@id\":\"https:\/\/valika.eu\/fi\/#website\"},\"primaryImageOfPage\":{\"@id\":\"https:\/\/valika.eu\/fi\/toode\/claresa-kattekorrektor-vedelikus-hi-cover-lover-25-liiv\/#primaryimage\"},\"image\":{\"@id\":\"https:\/\/valika.eu\/toode\/claresa-kattekorrektor-vedelikus-hi-cover-lover-25-liiv\/#primaryimage\"},\"thumbnailUrl\":\"https:\/\/valika.eu\/wp-content\/uploads\/2025\/01\/6304.jpg\",\"datePublished\":\"2025-01-09T04:51:10+00:00\",\"dateModified\":\"2026-02-25T13:41:03+00:00\",\"breadcrumb\":{\"@id\":\"https:\/\/valika.eu\/fi\/toode\/claresa-kattekorrektor-vedelikus-hi-cover-lover-25-liiv\/#breadcrumb\"},\"inLanguage\":\"fi\",\"potentialAction\":[{\"@type\":\"ReadAction\",\"target\":[[\"https:\/\/valika.eu\/fi\/toode\/claresa-kattekorrektor-vedelikus-hi-cover-lover-25-liiv\/\"]]}]},{\"@type\":\"ImageObject\",\"inLanguage\":\"fi\",\"@id\":\"https:\/\/valika.eu\/fi\/toode\/claresa-kattekorrektor-vedelikus-hi-cover-lover-25-liiv\/#primaryimage\",\"url\":\"https:\/\/valika.eu\/wp-content\/uploads\/2025\/01\/6304.jpg\",\"contentUrl\":\"https:\/\/valika.eu\/wp-content\/uploads\/2025\/01\/6304.jpg\",\"width\":1500,\"height\":1500},{\"@type\":\"BreadcrumbList\",\"@id\":\"https:\/\/valika.eu\/fi\/toode\/claresa-kattekorrektor-vedelikus-hi-cover-lover-25-liiv\/#breadcrumb\",\"itemListElement\":[{\"@type\":\"ListItem\",\"position\":1,\"name\":\"Koti\",\"item\":\"https:\/\/valika.eu\/fi\/\"},{\"@type\":\"ListItem\",\"position\":2,\"name\":\"Shop\",\"item\":\"https:\/\/valika.eu\/fi\/\"},{\"@type\":\"ListItem\",\"position\":3,\"name\":\"CLARESA \u041a\u041e\u0420\u0420\u0415\u041a\u0422\u041e\u0420 \u0416\u0418\u0414\u041a\u0418\u0419 HI COVER LOVER 25 SAND\"}]},{\"@type\":\"WebSite\",\"@id\":\"https:\/\/valika.eu\/fi\/#website\",\"url\":\"https:\/\/valika.eu\/fi\/\",\"name\":\"Valika.eu\",\"description\":\"Salonkituotteet ja kauneudenhoitotuotteet - Valika tarjoaa laajan valikoiman tuotteita ja tarvikkeita kynsiteknikoille, kauneushoitoloille, kampaamoille ja kampaamoille.\",\"publisher\":{\"@id\":\"https:\/\/valika.eu\/fi\/#organization\"},\"alternateName\":\"Valika\",\"potentialAction\":[{\"@type\":\"SearchAction\",\"target\":{\"@type\":\"EntryPoint\",\"urlTemplate\":\"https:\/\/valika.eu\/fi\/?s={search_term_string}\"},\"query-input\":{\"@type\":\"PropertyValueSpecification\",\"valueRequired\":true,\"valueName\":\"search_term_string\"}}],\"inLanguage\":\"fi\"},{\"@type\":\"Organization\",\"@id\":\"https:\/\/valika.eu\/fi\/#organization\",\"name\":\"Salongitoode O\u00dc\",\"alternateName\":\"Valika\",\"url\":\"https:\/\/valika.eu\/fi\/\",\"logo\":{\"@type\":\"ImageObject\",\"inLanguage\":\"fi\",\"@id\":\"https:\/\/valika.eu\/fi\/#\/schema\/logo\/image\/\",\"url\":\"https:\/\/valika.eu\/wp-content\/uploads\/2023\/11\/logo2-valika-footer.png\",\"contentUrl\":\"https:\/\/valika.eu\/wp-content\/uploads\/2023\/11\/logo2-valika-footer.png\",\"width\":200,\"height\":129,\"caption\":\"Salongitoode O\u00dc\"},\"image\":{\"@id\":\"https:\/\/valika.eu\/fi\/#\/schema\/logo\/image\/\"},\"sameAs\":[\"https:\/\/www.facebook.com\/tipsi.net\"]}]}<\/script>\n<!-- \/ Yoast SEO plugin. -->","yoast_head_json":{"title":"CLARESA NESTEPEITEINEN PEITEVOIDE HI COVER LOVER 25 SAND | Valika","robots":{"index":"index","follow":"follow","max-snippet":"max-snippet:-1","max-image-preview":"max-image-preview:large","max-video-preview":"max-video-preview:-1"},"canonical":"https:\/\/valika.eu\/fi\/toode\/claresa-kattekorrektor-vedelikus-hi-cover-lover-25-liiv\/","og_locale":"fi_FI","og_type":"article","og_title":"CLARESA NESTEPEITEINEN PEITEVOIDE HI COVER LOVER 25 SAND | Valika","og_description":"Intensiivisesti pigmentoitu nestem\u00e4inen peitevoide, joka tarjoaa optimaalisen peitt\u00e4vyyden, tehden siit\u00e4 t\u00e4ydellisen silmien alla olevien ep\u00e4t\u00e4ydellisyyksien (varjot, tummat silm\u00e4naluset) ja kasvojen","og_url":"https:\/\/valika.eu\/fi\/toode\/claresa-kattekorrektor-vedelikus-hi-cover-lover-25-liiv\/","og_site_name":"Valika","article_publisher":"https:\/\/www.facebook.com\/tipsi.net","article_modified_time":"2026-02-25T13:41:03+00:00","og_image":[{"width":1500,"height":1500,"url":"https:\/\/valika.eu\/wp-content\/uploads\/2025\/01\/6304.jpg","type":"image\/jpeg"}],"twitter_card":"summary_large_image","schema":{"@context":"https:\/\/schema.org","@graph":[{"@type":"WebPage","@id":"https:\/\/valika.eu\/fi\/toode\/claresa-kattekorrektor-vedelikus-hi-cover-lover-25-liiv\/","url":"https:\/\/valika.eu\/fi\/toode\/claresa-kattekorrektor-vedelikus-hi-cover-lover-25-liiv\/","name":"CLARESA NESTEPEITEINEN PEITEVOIDE HI COVER LOVER 25 SAND | Valika","isPartOf":{"@id":"https:\/\/valika.eu\/fi\/#website"},"primaryImageOfPage":{"@id":"https:\/\/valika.eu\/fi\/toode\/claresa-kattekorrektor-vedelikus-hi-cover-lover-25-liiv\/#primaryimage"},"image":{"@id":"https:\/\/valika.eu\/toode\/claresa-kattekorrektor-vedelikus-hi-cover-lover-25-liiv\/#primaryimage"},"thumbnailUrl":"https:\/\/valika.eu\/wp-content\/uploads\/2025\/01\/6304.jpg","datePublished":"2025-01-09T04:51:10+00:00","dateModified":"2026-02-25T13:41:03+00:00","breadcrumb":{"@id":"https:\/\/valika.eu\/fi\/toode\/claresa-kattekorrektor-vedelikus-hi-cover-lover-25-liiv\/#breadcrumb"},"inLanguage":"fi","potentialAction":[{"@type":"ReadAction","target":[["https:\/\/valika.eu\/fi\/toode\/claresa-kattekorrektor-vedelikus-hi-cover-lover-25-liiv\/"]]}]},{"@type":"ImageObject","inLanguage":"fi","@id":"https:\/\/valika.eu\/fi\/toode\/claresa-kattekorrektor-vedelikus-hi-cover-lover-25-liiv\/#primaryimage","url":"https:\/\/valika.eu\/wp-content\/uploads\/2025\/01\/6304.jpg","contentUrl":"https:\/\/valika.eu\/wp-content\/uploads\/2025\/01\/6304.jpg","width":1500,"height":1500},{"@type":"BreadcrumbList","@id":"https:\/\/valika.eu\/fi\/toode\/claresa-kattekorrektor-vedelikus-hi-cover-lover-25-liiv\/#breadcrumb","itemListElement":[{"@type":"ListItem","position":1,"name":"Koti","item":"https:\/\/valika.eu\/fi\/"},{"@type":"ListItem","position":2,"name":"Shop","item":"https:\/\/valika.eu\/fi\/"},{"@type":"ListItem","position":3,"name":"CLARESA \u041a\u041e\u0420\u0420\u0415\u041a\u0422\u041e\u0420 \u0416\u0418\u0414\u041a\u0418\u0419 HI COVER LOVER 25 SAND"}]},{"@type":"WebSite","@id":"https:\/\/valika.eu\/fi\/#website","url":"https:\/\/valika.eu\/fi\/","name":"Valika.eu","description":"Salonkituotteet ja kauneudenhoitotuotteet - Valika tarjoaa laajan valikoiman tuotteita ja tarvikkeita kynsiteknikoille, kauneushoitoloille, kampaamoille ja kampaamoille.","publisher":{"@id":"https:\/\/valika.eu\/fi\/#organization"},"alternateName":"Valika","potentialAction":[{"@type":"SearchAction","target":{"@type":"EntryPoint","urlTemplate":"https:\/\/valika.eu\/fi\/?s={search_term_string}"},"query-input":{"@type":"PropertyValueSpecification","valueRequired":true,"valueName":"search_term_string"}}],"inLanguage":"fi"},{"@type":"Organization","@id":"https:\/\/valika.eu\/fi\/#organization","name":"Salongitoode O\u00dc","alternateName":"Valika","url":"https:\/\/valika.eu\/fi\/","logo":{"@type":"ImageObject","inLanguage":"fi","@id":"https:\/\/valika.eu\/fi\/#\/schema\/logo\/image\/","url":"https:\/\/valika.eu\/wp-content\/uploads\/2023\/11\/logo2-valika-footer.png","contentUrl":"https:\/\/valika.eu\/wp-content\/uploads\/2023\/11\/logo2-valika-footer.png","width":200,"height":129,"caption":"Salongitoode O\u00dc"},"image":{"@id":"https:\/\/valika.eu\/fi\/#\/schema\/logo\/image\/"},"sameAs":["https:\/\/www.facebook.com\/tipsi.net"]}]}},"jetpack_sharing_enabled":true,"_links":{"self":[{"href":"https:\/\/valika.eu\/fi\/wp-json\/wp\/v2\/product\/11640","targetHints":{"allow":["GET"]}}],"collection":[{"href":"https:\/\/valika.eu\/fi\/wp-json\/wp\/v2\/product"}],"about":[{"href":"https:\/\/valika.eu\/fi\/wp-json\/wp\/v2\/types\/product"}],"wp:featuredmedia":[{"embeddable":true,"href":"https:\/\/valika.eu\/fi\/wp-json\/wp\/v2\/media\/11639"}],"wp:attachment":[{"href":"https:\/\/valika.eu\/fi\/wp-json\/wp\/v2\/media?parent=11640"}],"wp:term":[{"taxonomy":"product_brand","embeddable":true,"href":"https:\/\/valika.eu\/fi\/wp-json\/wp\/v2\/product_brand?post=11640"},{"taxonomy":"product_cat","embeddable":true,"href":"https:\/\/valika.eu\/fi\/wp-json\/wp\/v2\/product_cat?post=11640"},{"taxonomy":"product_tag","embeddable":true,"href":"https:\/\/valika.eu\/fi\/wp-json\/wp\/v2\/product_tag?post=11640"}],"curies":[{"name":"wp","href":"https:\/\/api.w.org\/{rel}","templated":true}]}}