{"id":11699,"date":"2025-01-09T06:55:16","date_gmt":"2025-01-09T04:55:16","guid":{"rendered":"https:\/\/valika.eu\/toode\/claresa-kreemjas-kontuurimispulk-so-matchy-35-contour-3g\/"},"modified":"2025-07-02T05:01:23","modified_gmt":"2025-07-02T02:01:23","slug":"claresa-kreemjas-kontuurimispulk-so-matchy-35-contour-3g","status":"publish","type":"product","link":"https:\/\/valika.eu\/fi\/toode\/claresa-kreemjas-kontuurimispulk-so-matchy-35-contour-3g\/","title":{"rendered":"CLARESA Kermainen varjostuspuikko SO MATCHY! 3,5 Contour 3g"},"content":{"rendered":"<p><\/p>\n<p><strong>KERMAINEN KONTUURIPUIKKO RISIINI\u00d6LJYLL\u00c4 SO MATCHY! 3.5 Contour<\/strong><\/p>\n<p>Kermainen kontuuripuikko m\u00e4rk\u00e4\u00e4n muotoiluun on k\u00e4tev\u00e4 tapa muotoilla kasvonpiirteit\u00e4 nopeasti. Luonnonvahoihin (karnauba- ja mehil\u00e4isvaha) perustuva koostumus on kosteudenkest\u00e4v\u00e4, ei tahraa eik\u00e4 j\u00e4t\u00e4 raitoja. Eritt\u00e4in pigmentoitu, kevyt koostumus takaa eritt\u00e4in helpon h\u00e4ivytyksen ja pitk\u00e4kestoisen v\u00e4riefektin.<\/p>\n<\/p>\n<p><strong>HAUSKA FAKTA<\/strong><\/p>\n<p>Kosmetiikan mehil\u00e4isvahalla on ravitsevia ominaisuuksia ja se nopeuttaa ihon uudistumista, kun taas risiini\u00f6ljy tunnetaan tulehdusta ehk\u00e4isevist\u00e4, antibakteerisista ja kosteuttavista vaikutuksistaan.<\/p>\n<\/p>\n<p><strong>SOVELLUS<\/strong><\/p>\n<p>Levit\u00e4 puhtaalle iholle tai meikkivoiteen j\u00e4lkeen, h\u00e4ivyt\u00e4 varovasti sienell\u00e4. On parasta levitt\u00e4\u00e4 juuri poskip\u00e4iden alapuolelle ja nen\u00e4n linjaa pitkin. Voit my\u00f6s muotoilla kasvojen muita osia kermapuikolla, kuten otsaa tai leukaa.<\/p>\n<\/p>\n<p><strong>MEIKKITAITEILIJAN VINKKI<\/strong><\/p>\n<p>Jotta m\u00e4rk\u00e4 muotoilu n\u00e4ytt\u00e4isi eritt\u00e4in luonnolliselta, muista, ett\u00e4 s\u00e4\u00e4steli\u00e4\u00e4sti k\u00e4ytetty puikko sekoittuu paremmin muihin meikkituotteisiin, kuten meikkivoiteeseen, jolloin kahden ihons\u00e4vyn v\u00e4linen siirtym\u00e4 n\u00e4ytt\u00e4\u00e4 luonnollisemmalta ja iho saa terveen, trendikk\u00e4\u00e4n &#8220;hehkun&#8221;.<\/p>\n<p><img loading=\"lazy\" decoding=\"async\" src=\"\/userdata\/public\/assets\/\/So%20Matchy%201200%20x%201200.jpg\" alt=\"KERMAINEN KONTUURIPUIKKO SO MATCHY! 3.5\" width=\"1200\" height=\"1200\" \/><\/p>\n<div class=\"video-container\"><iframe loading=\"lazy\" title=\"YouTube video player\" src=\"https:\/\/www.youtube.com\/embed\/C3HfTpx-QEA\" width=\"560\" height=\"315\" frameborder=\"0\" allowfullscreen=\"allowfullscreen\"><\/iframe><\/div>\n<div class=\"video-container\"><iframe loading=\"lazy\" title=\"YouTube video player\" src=\"https:\/\/www.youtube.com\/embed\/iogA4zuSs0o?si=JdRQxmXpSydZ3PYn\" width=\"560\" height=\"315\" frameborder=\"0\" allowfullscreen=\"allowfullscreen\"><\/iframe><\/div>\n<p><iframe loading=\"lazy\" title=\"YouTube video player\" src=\"https:\/\/www.youtube.com\/embed\/uEeqlXKTUBc?si=B3dNgFpx5yze7Znv\" width=\"560\" height=\"315\" frameborder=\"0\" allowfullscreen=\"allowfullscreen\"><\/iframe><\/p>\n<p><\/p>","protected":false},"excerpt":{"rendered":"<p>KERMAINEN KONTUURIPUIKKO RISIINI\u00d6LJYLL\u00c4 SO MATCHY! 3.5 Contour Kermainen kontuuripuikko m\u00e4rk\u00e4\u00e4n muotoiluun on k\u00e4tev\u00e4 tapa muotoilla kasvonpiirteit\u00e4 nopeasti. Luonnonvahoihin (karnauba- ja<\/p>\n","protected":false},"featured_media":11698,"template":"","meta":[],"product_brand":[],"product_cat":[686],"product_tag":[],"class_list":{"0":"post-11699","1":"product","2":"type-product","3":"status-publish","4":"has-post-thumbnail","6":"product_cat-concealer","8":"first","9":"instock","10":"taxable","11":"shipping-taxable","12":"purchasable","13":"product-type-simple"},"yoast_head":"<!-- This site is optimized with the Yoast SEO plugin v24.4 - https:\/\/yoast.com\/wordpress\/plugins\/seo\/ -->\n<title>CLARESA Kermainen varjostuspuikko SO MATCHY! 3,5 Contour 3g | Valika<\/title>\n<meta name=\"robots\" content=\"index, follow, max-snippet:-1, max-image-preview:large, max-video-preview:-1\" \/>\n<link rel=\"canonical\" href=\"https:\/\/valika.eu\/fi\/toode\/claresa-kreemjas-kontuurimispulk-so-matchy-35-contour-3g\/\" \/>\n<meta property=\"og:locale\" content=\"fi_FI\" \/>\n<meta property=\"og:type\" content=\"article\" \/>\n<meta property=\"og:title\" content=\"CLARESA Kermainen varjostuspuikko SO MATCHY! 3,5 Contour 3g | Valika\" \/>\n<meta property=\"og:description\" content=\"KERMAINEN KONTUURIPUIKKO RISIINI\u00d6LJYLL\u00c4 SO MATCHY! 3.5 Contour Kermainen kontuuripuikko m\u00e4rk\u00e4\u00e4n muotoiluun on k\u00e4tev\u00e4 tapa muotoilla kasvonpiirteit\u00e4 nopeasti. Luonnonvahoihin (karnauba- ja\" \/>\n<meta property=\"og:url\" content=\"https:\/\/valika.eu\/fi\/toode\/claresa-kreemjas-kontuurimispulk-so-matchy-35-contour-3g\/\" \/>\n<meta property=\"og:site_name\" content=\"Valika\" \/>\n<meta property=\"article:publisher\" content=\"https:\/\/www.facebook.com\/tipsi.net\" \/>\n<meta property=\"article:modified_time\" content=\"2025-07-02T02:01:23+00:00\" \/>\n<meta property=\"og:image\" content=\"https:\/\/valika.eu\/wp-content\/uploads\/2025\/01\/8073.jpg\" \/>\n\t<meta property=\"og:image:width\" content=\"2047\" \/>\n\t<meta property=\"og:image:height\" content=\"2047\" \/>\n\t<meta property=\"og:image:type\" content=\"image\/jpeg\" \/>\n<meta name=\"twitter:card\" content=\"summary_large_image\" \/>\n<script type=\"application\/ld+json\" class=\"yoast-schema-graph\">{\"@context\":\"https:\/\/schema.org\",\"@graph\":[{\"@type\":\"WebPage\",\"@id\":\"https:\/\/valika.eu\/fi\/toode\/claresa-kreemjas-kontuurimispulk-so-matchy-35-contour-3g\/\",\"url\":\"https:\/\/valika.eu\/fi\/toode\/claresa-kreemjas-kontuurimispulk-so-matchy-35-contour-3g\/\",\"name\":\"CLARESA Kermainen varjostuspuikko SO MATCHY! 3,5 Contour 3g | Valika\",\"isPartOf\":{\"@id\":\"https:\/\/valika.eu\/fi\/#website\"},\"primaryImageOfPage\":{\"@id\":\"https:\/\/valika.eu\/fi\/toode\/claresa-kreemjas-kontuurimispulk-so-matchy-35-contour-3g\/#primaryimage\"},\"image\":{\"@id\":\"https:\/\/valika.eu\/toode\/claresa-kreemjas-kontuurimispulk-so-matchy-35-contour-3g\/#primaryimage\"},\"thumbnailUrl\":\"https:\/\/valika.eu\/wp-content\/uploads\/2025\/01\/8073.jpg\",\"datePublished\":\"2025-01-09T04:55:16+00:00\",\"dateModified\":\"2025-07-02T02:01:23+00:00\",\"breadcrumb\":{\"@id\":\"https:\/\/valika.eu\/fi\/toode\/claresa-kreemjas-kontuurimispulk-so-matchy-35-contour-3g\/#breadcrumb\"},\"inLanguage\":\"fi\",\"potentialAction\":[{\"@type\":\"ReadAction\",\"target\":[[\"https:\/\/valika.eu\/fi\/toode\/claresa-kreemjas-kontuurimispulk-so-matchy-35-contour-3g\/\"]]}]},{\"@type\":\"ImageObject\",\"inLanguage\":\"fi\",\"@id\":\"https:\/\/valika.eu\/fi\/toode\/claresa-kreemjas-kontuurimispulk-so-matchy-35-contour-3g\/#primaryimage\",\"url\":\"https:\/\/valika.eu\/wp-content\/uploads\/2025\/01\/8073.jpg\",\"contentUrl\":\"https:\/\/valika.eu\/wp-content\/uploads\/2025\/01\/8073.jpg\",\"width\":2047,\"height\":2047},{\"@type\":\"BreadcrumbList\",\"@id\":\"https:\/\/valika.eu\/fi\/toode\/claresa-kreemjas-kontuurimispulk-so-matchy-35-contour-3g\/#breadcrumb\",\"itemListElement\":[{\"@type\":\"ListItem\",\"position\":1,\"name\":\"Koti\",\"item\":\"https:\/\/valika.eu\/fi\/\"},{\"@type\":\"ListItem\",\"position\":2,\"name\":\"Shop\",\"item\":\"https:\/\/valika.eu\/fi\/\"},{\"@type\":\"ListItem\",\"position\":3,\"name\":\"CLARESA Creamy contour stick SO MATCHY! 3.5 Contour 3g\"}]},{\"@type\":\"WebSite\",\"@id\":\"https:\/\/valika.eu\/fi\/#website\",\"url\":\"https:\/\/valika.eu\/fi\/\",\"name\":\"Valika.eu\",\"description\":\"Salonkituotteet ja kauneudenhoitotuotteet - Valika tarjoaa laajan valikoiman tuotteita ja tarvikkeita kynsiteknikoille, kauneushoitoloille, kampaamoille ja kampaamoille.\",\"publisher\":{\"@id\":\"https:\/\/valika.eu\/fi\/#organization\"},\"alternateName\":\"Valika\",\"potentialAction\":[{\"@type\":\"SearchAction\",\"target\":{\"@type\":\"EntryPoint\",\"urlTemplate\":\"https:\/\/valika.eu\/fi\/?s={search_term_string}\"},\"query-input\":{\"@type\":\"PropertyValueSpecification\",\"valueRequired\":true,\"valueName\":\"search_term_string\"}}],\"inLanguage\":\"fi\"},{\"@type\":\"Organization\",\"@id\":\"https:\/\/valika.eu\/fi\/#organization\",\"name\":\"Salongitoode O\u00dc\",\"alternateName\":\"Valika\",\"url\":\"https:\/\/valika.eu\/fi\/\",\"logo\":{\"@type\":\"ImageObject\",\"inLanguage\":\"fi\",\"@id\":\"https:\/\/valika.eu\/fi\/#\/schema\/logo\/image\/\",\"url\":\"https:\/\/valika.eu\/wp-content\/uploads\/2023\/11\/logo2-valika-footer.png\",\"contentUrl\":\"https:\/\/valika.eu\/wp-content\/uploads\/2023\/11\/logo2-valika-footer.png\",\"width\":200,\"height\":129,\"caption\":\"Salongitoode O\u00dc\"},\"image\":{\"@id\":\"https:\/\/valika.eu\/fi\/#\/schema\/logo\/image\/\"},\"sameAs\":[\"https:\/\/www.facebook.com\/tipsi.net\"]}]}<\/script>\n<!-- \/ Yoast SEO plugin. -->","yoast_head_json":{"title":"CLARESA Kermainen varjostuspuikko SO MATCHY! 3,5 Contour 3g | Valika","robots":{"index":"index","follow":"follow","max-snippet":"max-snippet:-1","max-image-preview":"max-image-preview:large","max-video-preview":"max-video-preview:-1"},"canonical":"https:\/\/valika.eu\/fi\/toode\/claresa-kreemjas-kontuurimispulk-so-matchy-35-contour-3g\/","og_locale":"fi_FI","og_type":"article","og_title":"CLARESA Kermainen varjostuspuikko SO MATCHY! 3,5 Contour 3g | Valika","og_description":"KERMAINEN KONTUURIPUIKKO RISIINI\u00d6LJYLL\u00c4 SO MATCHY! 3.5 Contour Kermainen kontuuripuikko m\u00e4rk\u00e4\u00e4n muotoiluun on k\u00e4tev\u00e4 tapa muotoilla kasvonpiirteit\u00e4 nopeasti. Luonnonvahoihin (karnauba- ja","og_url":"https:\/\/valika.eu\/fi\/toode\/claresa-kreemjas-kontuurimispulk-so-matchy-35-contour-3g\/","og_site_name":"Valika","article_publisher":"https:\/\/www.facebook.com\/tipsi.net","article_modified_time":"2025-07-02T02:01:23+00:00","og_image":[{"width":2047,"height":2047,"url":"https:\/\/valika.eu\/wp-content\/uploads\/2025\/01\/8073.jpg","type":"image\/jpeg"}],"twitter_card":"summary_large_image","schema":{"@context":"https:\/\/schema.org","@graph":[{"@type":"WebPage","@id":"https:\/\/valika.eu\/fi\/toode\/claresa-kreemjas-kontuurimispulk-so-matchy-35-contour-3g\/","url":"https:\/\/valika.eu\/fi\/toode\/claresa-kreemjas-kontuurimispulk-so-matchy-35-contour-3g\/","name":"CLARESA Kermainen varjostuspuikko SO MATCHY! 3,5 Contour 3g | Valika","isPartOf":{"@id":"https:\/\/valika.eu\/fi\/#website"},"primaryImageOfPage":{"@id":"https:\/\/valika.eu\/fi\/toode\/claresa-kreemjas-kontuurimispulk-so-matchy-35-contour-3g\/#primaryimage"},"image":{"@id":"https:\/\/valika.eu\/toode\/claresa-kreemjas-kontuurimispulk-so-matchy-35-contour-3g\/#primaryimage"},"thumbnailUrl":"https:\/\/valika.eu\/wp-content\/uploads\/2025\/01\/8073.jpg","datePublished":"2025-01-09T04:55:16+00:00","dateModified":"2025-07-02T02:01:23+00:00","breadcrumb":{"@id":"https:\/\/valika.eu\/fi\/toode\/claresa-kreemjas-kontuurimispulk-so-matchy-35-contour-3g\/#breadcrumb"},"inLanguage":"fi","potentialAction":[{"@type":"ReadAction","target":[["https:\/\/valika.eu\/fi\/toode\/claresa-kreemjas-kontuurimispulk-so-matchy-35-contour-3g\/"]]}]},{"@type":"ImageObject","inLanguage":"fi","@id":"https:\/\/valika.eu\/fi\/toode\/claresa-kreemjas-kontuurimispulk-so-matchy-35-contour-3g\/#primaryimage","url":"https:\/\/valika.eu\/wp-content\/uploads\/2025\/01\/8073.jpg","contentUrl":"https:\/\/valika.eu\/wp-content\/uploads\/2025\/01\/8073.jpg","width":2047,"height":2047},{"@type":"BreadcrumbList","@id":"https:\/\/valika.eu\/fi\/toode\/claresa-kreemjas-kontuurimispulk-so-matchy-35-contour-3g\/#breadcrumb","itemListElement":[{"@type":"ListItem","position":1,"name":"Koti","item":"https:\/\/valika.eu\/fi\/"},{"@type":"ListItem","position":2,"name":"Shop","item":"https:\/\/valika.eu\/fi\/"},{"@type":"ListItem","position":3,"name":"CLARESA Creamy contour stick SO MATCHY! 3.5 Contour 3g"}]},{"@type":"WebSite","@id":"https:\/\/valika.eu\/fi\/#website","url":"https:\/\/valika.eu\/fi\/","name":"Valika.eu","description":"Salonkituotteet ja kauneudenhoitotuotteet - Valika tarjoaa laajan valikoiman tuotteita ja tarvikkeita kynsiteknikoille, kauneushoitoloille, kampaamoille ja kampaamoille.","publisher":{"@id":"https:\/\/valika.eu\/fi\/#organization"},"alternateName":"Valika","potentialAction":[{"@type":"SearchAction","target":{"@type":"EntryPoint","urlTemplate":"https:\/\/valika.eu\/fi\/?s={search_term_string}"},"query-input":{"@type":"PropertyValueSpecification","valueRequired":true,"valueName":"search_term_string"}}],"inLanguage":"fi"},{"@type":"Organization","@id":"https:\/\/valika.eu\/fi\/#organization","name":"Salongitoode O\u00dc","alternateName":"Valika","url":"https:\/\/valika.eu\/fi\/","logo":{"@type":"ImageObject","inLanguage":"fi","@id":"https:\/\/valika.eu\/fi\/#\/schema\/logo\/image\/","url":"https:\/\/valika.eu\/wp-content\/uploads\/2023\/11\/logo2-valika-footer.png","contentUrl":"https:\/\/valika.eu\/wp-content\/uploads\/2023\/11\/logo2-valika-footer.png","width":200,"height":129,"caption":"Salongitoode O\u00dc"},"image":{"@id":"https:\/\/valika.eu\/fi\/#\/schema\/logo\/image\/"},"sameAs":["https:\/\/www.facebook.com\/tipsi.net"]}]}},"jetpack_sharing_enabled":true,"_links":{"self":[{"href":"https:\/\/valika.eu\/fi\/wp-json\/wp\/v2\/product\/11699","targetHints":{"allow":["GET"]}}],"collection":[{"href":"https:\/\/valika.eu\/fi\/wp-json\/wp\/v2\/product"}],"about":[{"href":"https:\/\/valika.eu\/fi\/wp-json\/wp\/v2\/types\/product"}],"wp:featuredmedia":[{"embeddable":true,"href":"https:\/\/valika.eu\/fi\/wp-json\/wp\/v2\/media\/11698"}],"wp:attachment":[{"href":"https:\/\/valika.eu\/fi\/wp-json\/wp\/v2\/media?parent=11699"}],"wp:term":[{"taxonomy":"product_brand","embeddable":true,"href":"https:\/\/valika.eu\/fi\/wp-json\/wp\/v2\/product_brand?post=11699"},{"taxonomy":"product_cat","embeddable":true,"href":"https:\/\/valika.eu\/fi\/wp-json\/wp\/v2\/product_cat?post=11699"},{"taxonomy":"product_tag","embeddable":true,"href":"https:\/\/valika.eu\/fi\/wp-json\/wp\/v2\/product_tag?post=11699"}],"curies":[{"name":"wp","href":"https:\/\/api.w.org\/{rel}","templated":true}]}}