{"id":11739,"date":"2025-01-09T06:56:25","date_gmt":"2025-01-09T04:56:25","guid":{"rendered":"https:\/\/valika.eu\/toode\/claresa-ilustav-alus-second-skin-feel-so-real-02-light\/"},"modified":"2025-07-02T05:01:23","modified_gmt":"2025-07-02T02:01:23","slug":"claresa-ilustav-alus-second-skin-feel-so-real-02-light","status":"publish","type":"product","link":"https:\/\/valika.eu\/fi\/toode\/claresa-ilustav-alus-second-skin-feel-so-real-02-light\/","title":{"rendered":"CLARESA KAUNISTAVA MEIKKIVOIDE SECOND SKIN FEEL SO REAL 02 LIGHT"},"content":{"rendered":"<p>Kokeile kaunistavaa pehme\u00e4n tarkennuksen efekti\u00e4 pitkiksi tunneiksi! FEEL SO REAL -meikkivoide sulautuu t\u00e4ydellisesti ihoon ilman, ett\u00e4 se tuntuu raskaalta. Sen hienovarainen, huomaamaton koostumus takaa helpon levityksen, keskivahvan, kerrostettavan peitt\u00e4vyyden ja luonnollisen lopputuloksen. Skvalaani ja hyaluronihappo hoitavat ihoa, varmistaen kosteutuksen ja suojan, ja v\u00e4hent\u00e4v\u00e4t my\u00f6s ryppyjen ja muiden ihon ep\u00e4tasaisuuksien n\u00e4kyvyytt\u00e4. Se ei sis\u00e4ll\u00e4 alkoholia, mikromuoveja tai el\u00e4inper\u00e4isi\u00e4 ainesosia.<\/p>\n<p>HAUSKA FAKTA: Skvalaani on luonnollinen kasvipohjainen raaka-aine, joka on kasvattamassa suosiotaan lukuisten hy\u00f6dyllisten ominaisuuksiensa ansiosta: verisuonikas iho arvostaa sen vahvistavia ominaisuuksia, kyps\u00e4 iho nauttii sen silottavista vaikutuksista, ja akneen taipuvainen iho on kiitollinen arpien v\u00e4hent\u00e4misest\u00e4. Kuivalle iholle sen kosteuttavat voimat ovat hy\u00f6dyllisi\u00e4, ja rasvaiselle iholle talintuotannon s\u00e4\u00e4tely on t\u00e4rke\u00e4\u00e4. Se on my\u00f6s fysikokemiallisesti yhteensopiva ihmisen talin kanssa, joten sivuvaikutuksia ei ole!<\/p>\n<p>K\u00c4YTT\u00d6: Valmistele iho levitt\u00e4m\u00e4ll\u00e4 sille sopivaa ja meikkiin soveltuvaa voidetta, ja tarvittaessa pohjustusvoidetta tai seerumia meikkivoiteen alle. Levit\u00e4 pieni m\u00e4\u00e4r\u00e4 meikkivoidetta k\u00e4mmensel\u00e4lle l\u00e4mmitt\u00e4\u00e4ksesi sen kehon l\u00e4mp\u00f6tilaan, jolloin se sulautuu t\u00e4ydellisesti ihoon. Levit\u00e4 tuote kasvoille ohuena kerroksena sormin tai siveltimell\u00e4, ja taputtele se sitten kostealla meikkisienell\u00e4. Voit my\u00f6s levitt\u00e4\u00e4 meikkivoiteen suoraan sienell\u00e4\u2014muista vain k\u00e4ytt\u00e4\u00e4 taputtelevaa liikett\u00e4, ei hankaavaa. Aloita pienell\u00e4 m\u00e4\u00e4r\u00e4ll\u00e4 tuotetta ja lis\u00e4\u00e4 sit\u00e4 alueille, jotka tarvitsevat lis\u00e4peittoa, v\u00e4ltt\u00e4\u00e4ksesi n\u00e4kyv\u00e4n meikkivoide-efektin kasvoilla (ja s\u00e4\u00e4st\u00e4\u00e4ksesi tuotetta). Optimaalisen lopputuloksen saavuttaminen v\u00e4h\u00e4isell\u00e4 m\u00e4\u00e4r\u00e4ll\u00e4 tuotetta on avain meikkivoiteen onnistumiseen!<\/p>\n<p>MEIKKITAITEILIJAN VINKKI: @sergiusz_starski neuvoo: Jos haluat maksimoida meikkivoiteen kest\u00e4vyyden, suihkuta lopuksi sieni kiinnityssuihkeella tai meikkisuihkeella ja viimeistele tuotteen taputtelu ihoon.<\/p>","protected":false},"excerpt":{"rendered":"<p>Kokeile kaunistavaa pehme\u00e4n tarkennuksen efekti\u00e4 pitkiksi tunneiksi! FEEL SO REAL -meikkivoide sulautuu t\u00e4ydellisesti ihoon ilman, ett\u00e4 se tuntuu raskaalta. Sen<\/p>\n","protected":false},"featured_media":11738,"template":"","meta":[],"product_brand":[],"product_cat":[687],"product_tag":[],"class_list":{"0":"post-11739","1":"product","2":"type-product","3":"status-publish","4":"has-post-thumbnail","6":"product_cat-foundation","8":"first","9":"instock","10":"taxable","11":"shipping-taxable","12":"purchasable","13":"product-type-simple"},"yoast_head":"<!-- This site is optimized with the Yoast SEO plugin v24.4 - https:\/\/yoast.com\/wordpress\/plugins\/seo\/ -->\n<title>CLARESA KAUNISTAVA MEIKKIVOIDE SECOND SKIN FEEL SO REAL 02 LIGHT | Valika<\/title>\n<meta name=\"robots\" content=\"index, follow, max-snippet:-1, max-image-preview:large, max-video-preview:-1\" \/>\n<link rel=\"canonical\" href=\"https:\/\/valika.eu\/fi\/toode\/claresa-ilustav-alus-second-skin-feel-so-real-02-light\/\" \/>\n<meta property=\"og:locale\" content=\"fi_FI\" \/>\n<meta property=\"og:type\" content=\"article\" \/>\n<meta property=\"og:title\" content=\"CLARESA KAUNISTAVA MEIKKIVOIDE SECOND SKIN FEEL SO REAL 02 LIGHT | Valika\" \/>\n<meta property=\"og:description\" content=\"Kokeile kaunistavaa pehme\u00e4n tarkennuksen efekti\u00e4 pitkiksi tunneiksi! FEEL SO REAL -meikkivoide sulautuu t\u00e4ydellisesti ihoon ilman, ett\u00e4 se tuntuu raskaalta. Sen\" \/>\n<meta property=\"og:url\" content=\"https:\/\/valika.eu\/fi\/toode\/claresa-ilustav-alus-second-skin-feel-so-real-02-light\/\" \/>\n<meta property=\"og:site_name\" content=\"Valika\" \/>\n<meta property=\"article:publisher\" content=\"https:\/\/www.facebook.com\/tipsi.net\" \/>\n<meta property=\"article:modified_time\" content=\"2025-07-02T02:01:23+00:00\" \/>\n<meta property=\"og:image\" content=\"https:\/\/valika.eu\/wp-content\/uploads\/2025\/01\/6336.jpg\" \/>\n\t<meta property=\"og:image:width\" content=\"1500\" \/>\n\t<meta property=\"og:image:height\" content=\"1500\" \/>\n\t<meta property=\"og:image:type\" content=\"image\/jpeg\" \/>\n<meta name=\"twitter:card\" content=\"summary_large_image\" \/>\n<script type=\"application\/ld+json\" class=\"yoast-schema-graph\">{\"@context\":\"https:\/\/schema.org\",\"@graph\":[{\"@type\":\"WebPage\",\"@id\":\"https:\/\/valika.eu\/fi\/toode\/claresa-ilustav-alus-second-skin-feel-so-real-02-light\/\",\"url\":\"https:\/\/valika.eu\/fi\/toode\/claresa-ilustav-alus-second-skin-feel-so-real-02-light\/\",\"name\":\"CLARESA KAUNISTAVA MEIKKIVOIDE SECOND SKIN FEEL SO REAL 02 LIGHT | Valika\",\"isPartOf\":{\"@id\":\"https:\/\/valika.eu\/fi\/#website\"},\"primaryImageOfPage\":{\"@id\":\"https:\/\/valika.eu\/fi\/toode\/claresa-ilustav-alus-second-skin-feel-so-real-02-light\/#primaryimage\"},\"image\":{\"@id\":\"https:\/\/valika.eu\/toode\/claresa-ilustav-alus-second-skin-feel-so-real-02-light\/#primaryimage\"},\"thumbnailUrl\":\"https:\/\/valika.eu\/wp-content\/uploads\/2025\/01\/6336.jpg\",\"datePublished\":\"2025-01-09T04:56:25+00:00\",\"dateModified\":\"2025-07-02T02:01:23+00:00\",\"breadcrumb\":{\"@id\":\"https:\/\/valika.eu\/fi\/toode\/claresa-ilustav-alus-second-skin-feel-so-real-02-light\/#breadcrumb\"},\"inLanguage\":\"fi\",\"potentialAction\":[{\"@type\":\"ReadAction\",\"target\":[[\"https:\/\/valika.eu\/fi\/toode\/claresa-ilustav-alus-second-skin-feel-so-real-02-light\/\"]]}]},{\"@type\":\"ImageObject\",\"inLanguage\":\"fi\",\"@id\":\"https:\/\/valika.eu\/fi\/toode\/claresa-ilustav-alus-second-skin-feel-so-real-02-light\/#primaryimage\",\"url\":\"https:\/\/valika.eu\/wp-content\/uploads\/2025\/01\/6336.jpg\",\"contentUrl\":\"https:\/\/valika.eu\/wp-content\/uploads\/2025\/01\/6336.jpg\",\"width\":1500,\"height\":1500},{\"@type\":\"BreadcrumbList\",\"@id\":\"https:\/\/valika.eu\/fi\/toode\/claresa-ilustav-alus-second-skin-feel-so-real-02-light\/#breadcrumb\",\"itemListElement\":[{\"@type\":\"ListItem\",\"position\":1,\"name\":\"Koti\",\"item\":\"https:\/\/valika.eu\/fi\/\"},{\"@type\":\"ListItem\",\"position\":2,\"name\":\"Shop\",\"item\":\"https:\/\/valika.eu\/fi\/\"},{\"@type\":\"ListItem\",\"position\":3,\"name\":\"CLARESA BEAUTIFYING FOUNDATION SECOND SKIN FEEL SO REAL 02 LIGHT\"}]},{\"@type\":\"WebSite\",\"@id\":\"https:\/\/valika.eu\/fi\/#website\",\"url\":\"https:\/\/valika.eu\/fi\/\",\"name\":\"Valika.eu\",\"description\":\"Salonkituotteet ja kauneudenhoitotuotteet - Valika tarjoaa laajan valikoiman tuotteita ja tarvikkeita kynsiteknikoille, kauneushoitoloille, kampaamoille ja kampaamoille.\",\"publisher\":{\"@id\":\"https:\/\/valika.eu\/fi\/#organization\"},\"alternateName\":\"Valika\",\"potentialAction\":[{\"@type\":\"SearchAction\",\"target\":{\"@type\":\"EntryPoint\",\"urlTemplate\":\"https:\/\/valika.eu\/fi\/?s={search_term_string}\"},\"query-input\":{\"@type\":\"PropertyValueSpecification\",\"valueRequired\":true,\"valueName\":\"search_term_string\"}}],\"inLanguage\":\"fi\"},{\"@type\":\"Organization\",\"@id\":\"https:\/\/valika.eu\/fi\/#organization\",\"name\":\"Salongitoode O\u00dc\",\"alternateName\":\"Valika\",\"url\":\"https:\/\/valika.eu\/fi\/\",\"logo\":{\"@type\":\"ImageObject\",\"inLanguage\":\"fi\",\"@id\":\"https:\/\/valika.eu\/fi\/#\/schema\/logo\/image\/\",\"url\":\"https:\/\/valika.eu\/wp-content\/uploads\/2023\/11\/logo2-valika-footer.png\",\"contentUrl\":\"https:\/\/valika.eu\/wp-content\/uploads\/2023\/11\/logo2-valika-footer.png\",\"width\":200,\"height\":129,\"caption\":\"Salongitoode O\u00dc\"},\"image\":{\"@id\":\"https:\/\/valika.eu\/fi\/#\/schema\/logo\/image\/\"},\"sameAs\":[\"https:\/\/www.facebook.com\/tipsi.net\"]}]}<\/script>\n<!-- \/ Yoast SEO plugin. -->","yoast_head_json":{"title":"CLARESA KAUNISTAVA MEIKKIVOIDE SECOND SKIN FEEL SO REAL 02 LIGHT | Valika","robots":{"index":"index","follow":"follow","max-snippet":"max-snippet:-1","max-image-preview":"max-image-preview:large","max-video-preview":"max-video-preview:-1"},"canonical":"https:\/\/valika.eu\/fi\/toode\/claresa-ilustav-alus-second-skin-feel-so-real-02-light\/","og_locale":"fi_FI","og_type":"article","og_title":"CLARESA KAUNISTAVA MEIKKIVOIDE SECOND SKIN FEEL SO REAL 02 LIGHT | Valika","og_description":"Kokeile kaunistavaa pehme\u00e4n tarkennuksen efekti\u00e4 pitkiksi tunneiksi! FEEL SO REAL -meikkivoide sulautuu t\u00e4ydellisesti ihoon ilman, ett\u00e4 se tuntuu raskaalta. Sen","og_url":"https:\/\/valika.eu\/fi\/toode\/claresa-ilustav-alus-second-skin-feel-so-real-02-light\/","og_site_name":"Valika","article_publisher":"https:\/\/www.facebook.com\/tipsi.net","article_modified_time":"2025-07-02T02:01:23+00:00","og_image":[{"width":1500,"height":1500,"url":"https:\/\/valika.eu\/wp-content\/uploads\/2025\/01\/6336.jpg","type":"image\/jpeg"}],"twitter_card":"summary_large_image","schema":{"@context":"https:\/\/schema.org","@graph":[{"@type":"WebPage","@id":"https:\/\/valika.eu\/fi\/toode\/claresa-ilustav-alus-second-skin-feel-so-real-02-light\/","url":"https:\/\/valika.eu\/fi\/toode\/claresa-ilustav-alus-second-skin-feel-so-real-02-light\/","name":"CLARESA KAUNISTAVA MEIKKIVOIDE SECOND SKIN FEEL SO REAL 02 LIGHT | Valika","isPartOf":{"@id":"https:\/\/valika.eu\/fi\/#website"},"primaryImageOfPage":{"@id":"https:\/\/valika.eu\/fi\/toode\/claresa-ilustav-alus-second-skin-feel-so-real-02-light\/#primaryimage"},"image":{"@id":"https:\/\/valika.eu\/toode\/claresa-ilustav-alus-second-skin-feel-so-real-02-light\/#primaryimage"},"thumbnailUrl":"https:\/\/valika.eu\/wp-content\/uploads\/2025\/01\/6336.jpg","datePublished":"2025-01-09T04:56:25+00:00","dateModified":"2025-07-02T02:01:23+00:00","breadcrumb":{"@id":"https:\/\/valika.eu\/fi\/toode\/claresa-ilustav-alus-second-skin-feel-so-real-02-light\/#breadcrumb"},"inLanguage":"fi","potentialAction":[{"@type":"ReadAction","target":[["https:\/\/valika.eu\/fi\/toode\/claresa-ilustav-alus-second-skin-feel-so-real-02-light\/"]]}]},{"@type":"ImageObject","inLanguage":"fi","@id":"https:\/\/valika.eu\/fi\/toode\/claresa-ilustav-alus-second-skin-feel-so-real-02-light\/#primaryimage","url":"https:\/\/valika.eu\/wp-content\/uploads\/2025\/01\/6336.jpg","contentUrl":"https:\/\/valika.eu\/wp-content\/uploads\/2025\/01\/6336.jpg","width":1500,"height":1500},{"@type":"BreadcrumbList","@id":"https:\/\/valika.eu\/fi\/toode\/claresa-ilustav-alus-second-skin-feel-so-real-02-light\/#breadcrumb","itemListElement":[{"@type":"ListItem","position":1,"name":"Koti","item":"https:\/\/valika.eu\/fi\/"},{"@type":"ListItem","position":2,"name":"Shop","item":"https:\/\/valika.eu\/fi\/"},{"@type":"ListItem","position":3,"name":"CLARESA BEAUTIFYING FOUNDATION SECOND SKIN FEEL SO REAL 02 LIGHT"}]},{"@type":"WebSite","@id":"https:\/\/valika.eu\/fi\/#website","url":"https:\/\/valika.eu\/fi\/","name":"Valika.eu","description":"Salonkituotteet ja kauneudenhoitotuotteet - Valika tarjoaa laajan valikoiman tuotteita ja tarvikkeita kynsiteknikoille, kauneushoitoloille, kampaamoille ja kampaamoille.","publisher":{"@id":"https:\/\/valika.eu\/fi\/#organization"},"alternateName":"Valika","potentialAction":[{"@type":"SearchAction","target":{"@type":"EntryPoint","urlTemplate":"https:\/\/valika.eu\/fi\/?s={search_term_string}"},"query-input":{"@type":"PropertyValueSpecification","valueRequired":true,"valueName":"search_term_string"}}],"inLanguage":"fi"},{"@type":"Organization","@id":"https:\/\/valika.eu\/fi\/#organization","name":"Salongitoode O\u00dc","alternateName":"Valika","url":"https:\/\/valika.eu\/fi\/","logo":{"@type":"ImageObject","inLanguage":"fi","@id":"https:\/\/valika.eu\/fi\/#\/schema\/logo\/image\/","url":"https:\/\/valika.eu\/wp-content\/uploads\/2023\/11\/logo2-valika-footer.png","contentUrl":"https:\/\/valika.eu\/wp-content\/uploads\/2023\/11\/logo2-valika-footer.png","width":200,"height":129,"caption":"Salongitoode O\u00dc"},"image":{"@id":"https:\/\/valika.eu\/fi\/#\/schema\/logo\/image\/"},"sameAs":["https:\/\/www.facebook.com\/tipsi.net"]}]}},"jetpack_sharing_enabled":true,"_links":{"self":[{"href":"https:\/\/valika.eu\/fi\/wp-json\/wp\/v2\/product\/11739","targetHints":{"allow":["GET"]}}],"collection":[{"href":"https:\/\/valika.eu\/fi\/wp-json\/wp\/v2\/product"}],"about":[{"href":"https:\/\/valika.eu\/fi\/wp-json\/wp\/v2\/types\/product"}],"wp:featuredmedia":[{"embeddable":true,"href":"https:\/\/valika.eu\/fi\/wp-json\/wp\/v2\/media\/11738"}],"wp:attachment":[{"href":"https:\/\/valika.eu\/fi\/wp-json\/wp\/v2\/media?parent=11739"}],"wp:term":[{"taxonomy":"product_brand","embeddable":true,"href":"https:\/\/valika.eu\/fi\/wp-json\/wp\/v2\/product_brand?post=11739"},{"taxonomy":"product_cat","embeddable":true,"href":"https:\/\/valika.eu\/fi\/wp-json\/wp\/v2\/product_cat?post=11739"},{"taxonomy":"product_tag","embeddable":true,"href":"https:\/\/valika.eu\/fi\/wp-json\/wp\/v2\/product_tag?post=11739"}],"curies":[{"name":"wp","href":"https:\/\/api.w.org\/{rel}","templated":true}]}}