{"id":11769,"date":"2025-01-09T06:57:27","date_gmt":"2025-01-09T04:57:27","guid":{"rendered":"https:\/\/valika.eu\/toode\/claresa-niisutav-jumet-uhtlustav-kreem-aluskreem-keep-it-nude-102-warm-medium\/"},"modified":"2025-07-02T05:01:22","modified_gmt":"2025-07-02T02:01:22","slug":"claresa-niisutav-jumet-uhtlustav-kreem-aluskreem-keep-it-nude-102-warm-medium","status":"publish","type":"product","link":"https:\/\/valika.eu\/fi\/toode\/claresa-niisutav-jumet-uhtlustav-kreem-aluskreem-keep-it-nude-102-warm-medium\/","title":{"rendered":"CLARESA Kosteuttava meikkivoide, joka tasoittaa ihon s\u00e4vy\u00e4 KEEP IT NUDE! 102 WARM MEDIUM"},"content":{"rendered":"<p><\/p>\n<p>Vegaaninen koostumus, jossa on kermainen, peitt\u00e4v\u00e4 rakenne ja v\u00e4ri\u00e4 korjaavat pigmentit, tarjoaa kohtalaisen peitt\u00e4vyyden ja luonnollisen, s\u00e4teilev\u00e4n lopputuloksen. Aktiiviset ainesosat varmistavat kosteutuksen, kirkastuksen ja terveen, hyvin hoidetun ihon hehkun.<\/p>\n<p><strong><span style=\"color: #cc8797;\">HAUSKA FAKTA: <\/span><\/strong><br \/>Koostumukseen sis\u00e4ltyv\u00e4 skvalaani antaa iholle pehmeytt\u00e4, joustavuutta ja v\u00e4lit\u00f6nt\u00e4 rauhoitusta. Se on my\u00f6s antioksidantti, mik\u00e4 tarkoittaa, ett\u00e4 se neutraloi vapaiden radikaalien vaikutuksia ja hidastaa ik\u00e4\u00e4ntymisprosesseja. Yksi vahvimmista antioksidanteista on my\u00f6s mukana oleva C-vitamiini, joka lis\u00e4ksi kirkastaa ihoa, v\u00e4hent\u00e4\u00e4 v\u00e4rimuutoksia, parantaa s\u00e4vy\u00e4, kiinteytt\u00e4\u00e4, kun taas kasviglykoli tukee tehokkaasti ihon kosteutusta ja suojaa sit\u00e4 ulkoisten tekij\u00f6iden negatiivisilta vaikutuksilta.<\/p>\n<p><strong><span style=\"color: #cc8797;\">SOVELLUS:<\/span><\/strong><br \/>Valmistele iho levitt\u00e4m\u00e4ll\u00e4 sille sen tyypille sopiva ja meikkiin sopiva voide, ja tarvittaessa pohjustusvoide tai seerumi meikkivoiteen alle. Levit\u00e4 pieni m\u00e4\u00e4r\u00e4 meikkivoidetta k\u00e4mmensel\u00e4lle l\u00e4mmitt\u00e4\u00e4ksesi sen kehon l\u00e4mp\u00f6tilaan, jolloin se sulautuu t\u00e4ydellisesti ihoon. Levit\u00e4 tuote kasvoille ohuena kerroksena sormilla tai siveltimell\u00e4, ja taputtele se sitten kostealla meikkisienell\u00e4. Voit my\u00f6s levitt\u00e4\u00e4 meikkivoiteen suoraan sienell\u00e4 \u2013 muista vain tehd\u00e4 se taputtelemalla, ei hankaamalla. Aloita pienell\u00e4 m\u00e4\u00e4r\u00e4ll\u00e4 tuotetta ja lis\u00e4\u00e4 sit\u00e4 alueille, jotka vaativat lis\u00e4peittoa \u2013 t\u00e4m\u00e4 auttaa v\u00e4ltt\u00e4m\u00e4\u00e4n n\u00e4kyv\u00e4n meikkivoide-efektin kasvoilla (ja s\u00e4\u00e4st\u00e4\u00e4 tuotetta). Optimaalisen lopputuloksen saavuttaminen minimaalisella m\u00e4\u00e4r\u00e4ll\u00e4 tuotetta on avain menestykseen meikkivoiteen kanssa!<\/p>\n<p><strong><span style=\"color: #cc8797;\">MEIKKITAITEILIJAN VINKKI:<\/span><\/strong><br \/>Muista, ett\u00e4 kasvot eiv\u00e4t p\u00e4\u00e4ty leukalinjaan \u2013 meikkivoiteen levitt\u00e4minen kaulalle ja erityistilanteissa my\u00f6s dekolteelle varmistaa, ett\u00e4 kasvot eiv\u00e4t erotu muusta kehosta ja meikki n\u00e4ytt\u00e4\u00e4 luonnolliselta. Joillakin ihmisill\u00e4 on usein punaiset korvat \u2013 kannattaa taputella sienest\u00e4 j\u00e4\u00e4nyt tuote niihin meikkivoiteen levityksen lopuksi.<\/p>\n<p><\/p>","protected":false},"excerpt":{"rendered":"<p>Vegaaninen koostumus, jossa on kermainen, peitt\u00e4v\u00e4 rakenne ja v\u00e4ri\u00e4 korjaavat pigmentit, tarjoaa kohtalaisen peitt\u00e4vyyden ja luonnollisen, s\u00e4teilev\u00e4n lopputuloksen. Aktiiviset ainesosat<\/p>\n","protected":false},"featured_media":11768,"template":"","meta":[],"product_brand":[],"product_cat":[687],"product_tag":[],"class_list":{"0":"post-11769","1":"product","2":"type-product","3":"status-publish","4":"has-post-thumbnail","6":"product_cat-foundation","8":"first","9":"instock","10":"taxable","11":"shipping-taxable","12":"purchasable","13":"product-type-simple"},"yoast_head":"<!-- This site is optimized with the Yoast SEO plugin v24.4 - https:\/\/yoast.com\/wordpress\/plugins\/seo\/ -->\n<title>CLARESA Kosteuttava meikkivoide, joka tasoittaa ihon s\u00e4vy\u00e4 KEEP IT NUDE! 102 WARM MEDIUM | Valika<\/title>\n<meta name=\"robots\" content=\"index, follow, max-snippet:-1, max-image-preview:large, max-video-preview:-1\" \/>\n<link rel=\"canonical\" href=\"https:\/\/valika.eu\/fi\/toode\/claresa-niisutav-jumet-uhtlustav-kreem-aluskreem-keep-it-nude-102-warm-medium\/\" \/>\n<meta property=\"og:locale\" content=\"fi_FI\" \/>\n<meta property=\"og:type\" content=\"article\" \/>\n<meta property=\"og:title\" content=\"CLARESA Kosteuttava meikkivoide, joka tasoittaa ihon s\u00e4vy\u00e4 KEEP IT NUDE! 102 WARM MEDIUM | Valika\" \/>\n<meta property=\"og:description\" content=\"Vegaaninen koostumus, jossa on kermainen, peitt\u00e4v\u00e4 rakenne ja v\u00e4ri\u00e4 korjaavat pigmentit, tarjoaa kohtalaisen peitt\u00e4vyyden ja luonnollisen, s\u00e4teilev\u00e4n lopputuloksen. Aktiiviset ainesosat\" \/>\n<meta property=\"og:url\" content=\"https:\/\/valika.eu\/fi\/toode\/claresa-niisutav-jumet-uhtlustav-kreem-aluskreem-keep-it-nude-102-warm-medium\/\" \/>\n<meta property=\"og:site_name\" content=\"Valika\" \/>\n<meta property=\"article:publisher\" content=\"https:\/\/www.facebook.com\/tipsi.net\" \/>\n<meta property=\"article:modified_time\" content=\"2025-07-02T02:01:22+00:00\" \/>\n<meta property=\"og:image\" content=\"https:\/\/valika.eu\/wp-content\/uploads\/2025\/01\/6348.jpg\" \/>\n\t<meta property=\"og:image:width\" content=\"1500\" \/>\n\t<meta property=\"og:image:height\" content=\"1500\" \/>\n\t<meta property=\"og:image:type\" content=\"image\/jpeg\" \/>\n<meta name=\"twitter:card\" content=\"summary_large_image\" \/>\n<script type=\"application\/ld+json\" class=\"yoast-schema-graph\">{\"@context\":\"https:\/\/schema.org\",\"@graph\":[{\"@type\":\"WebPage\",\"@id\":\"https:\/\/valika.eu\/fi\/toode\/claresa-niisutav-jumet-uhtlustav-kreem-aluskreem-keep-it-nude-102-warm-medium\/\",\"url\":\"https:\/\/valika.eu\/fi\/toode\/claresa-niisutav-jumet-uhtlustav-kreem-aluskreem-keep-it-nude-102-warm-medium\/\",\"name\":\"CLARESA Kosteuttava meikkivoide, joka tasoittaa ihon s\u00e4vy\u00e4 KEEP IT NUDE! 102 WARM MEDIUM | Valika\",\"isPartOf\":{\"@id\":\"https:\/\/valika.eu\/fi\/#website\"},\"primaryImageOfPage\":{\"@id\":\"https:\/\/valika.eu\/fi\/toode\/claresa-niisutav-jumet-uhtlustav-kreem-aluskreem-keep-it-nude-102-warm-medium\/#primaryimage\"},\"image\":{\"@id\":\"https:\/\/valika.eu\/toode\/claresa-niisutav-jumet-uhtlustav-kreem-aluskreem-keep-it-nude-102-warm-medium\/#primaryimage\"},\"thumbnailUrl\":\"https:\/\/valika.eu\/wp-content\/uploads\/2025\/01\/6348.jpg\",\"datePublished\":\"2025-01-09T04:57:27+00:00\",\"dateModified\":\"2025-07-02T02:01:22+00:00\",\"breadcrumb\":{\"@id\":\"https:\/\/valika.eu\/fi\/toode\/claresa-niisutav-jumet-uhtlustav-kreem-aluskreem-keep-it-nude-102-warm-medium\/#breadcrumb\"},\"inLanguage\":\"fi\",\"potentialAction\":[{\"@type\":\"ReadAction\",\"target\":[[\"https:\/\/valika.eu\/fi\/toode\/claresa-niisutav-jumet-uhtlustav-kreem-aluskreem-keep-it-nude-102-warm-medium\/\"]]}]},{\"@type\":\"ImageObject\",\"inLanguage\":\"fi\",\"@id\":\"https:\/\/valika.eu\/fi\/toode\/claresa-niisutav-jumet-uhtlustav-kreem-aluskreem-keep-it-nude-102-warm-medium\/#primaryimage\",\"url\":\"https:\/\/valika.eu\/wp-content\/uploads\/2025\/01\/6348.jpg\",\"contentUrl\":\"https:\/\/valika.eu\/wp-content\/uploads\/2025\/01\/6348.jpg\",\"width\":1500,\"height\":1500},{\"@type\":\"BreadcrumbList\",\"@id\":\"https:\/\/valika.eu\/fi\/toode\/claresa-niisutav-jumet-uhtlustav-kreem-aluskreem-keep-it-nude-102-warm-medium\/#breadcrumb\",\"itemListElement\":[{\"@type\":\"ListItem\",\"position\":1,\"name\":\"Koti\",\"item\":\"https:\/\/valika.eu\/fi\/\"},{\"@type\":\"ListItem\",\"position\":2,\"name\":\"Shop\",\"item\":\"https:\/\/valika.eu\/fi\/\"},{\"@type\":\"ListItem\",\"position\":3,\"name\":\"CLARESA Moisturizing foundation cream evening out skin tone KEEP IT NUDE! 102 WARM MEDIUM\"}]},{\"@type\":\"WebSite\",\"@id\":\"https:\/\/valika.eu\/fi\/#website\",\"url\":\"https:\/\/valika.eu\/fi\/\",\"name\":\"Valika.eu\",\"description\":\"Salonkituotteet ja kauneudenhoitotuotteet - Valika tarjoaa laajan valikoiman tuotteita ja tarvikkeita kynsiteknikoille, kauneushoitoloille, kampaamoille ja kampaamoille.\",\"publisher\":{\"@id\":\"https:\/\/valika.eu\/fi\/#organization\"},\"alternateName\":\"Valika\",\"potentialAction\":[{\"@type\":\"SearchAction\",\"target\":{\"@type\":\"EntryPoint\",\"urlTemplate\":\"https:\/\/valika.eu\/fi\/?s={search_term_string}\"},\"query-input\":{\"@type\":\"PropertyValueSpecification\",\"valueRequired\":true,\"valueName\":\"search_term_string\"}}],\"inLanguage\":\"fi\"},{\"@type\":\"Organization\",\"@id\":\"https:\/\/valika.eu\/fi\/#organization\",\"name\":\"Salongitoode O\u00dc\",\"alternateName\":\"Valika\",\"url\":\"https:\/\/valika.eu\/fi\/\",\"logo\":{\"@type\":\"ImageObject\",\"inLanguage\":\"fi\",\"@id\":\"https:\/\/valika.eu\/fi\/#\/schema\/logo\/image\/\",\"url\":\"https:\/\/valika.eu\/wp-content\/uploads\/2023\/11\/logo2-valika-footer.png\",\"contentUrl\":\"https:\/\/valika.eu\/wp-content\/uploads\/2023\/11\/logo2-valika-footer.png\",\"width\":200,\"height\":129,\"caption\":\"Salongitoode O\u00dc\"},\"image\":{\"@id\":\"https:\/\/valika.eu\/fi\/#\/schema\/logo\/image\/\"},\"sameAs\":[\"https:\/\/www.facebook.com\/tipsi.net\"]}]}<\/script>\n<!-- \/ Yoast SEO plugin. -->","yoast_head_json":{"title":"CLARESA Kosteuttava meikkivoide, joka tasoittaa ihon s\u00e4vy\u00e4 KEEP IT NUDE! 102 WARM MEDIUM | Valika","robots":{"index":"index","follow":"follow","max-snippet":"max-snippet:-1","max-image-preview":"max-image-preview:large","max-video-preview":"max-video-preview:-1"},"canonical":"https:\/\/valika.eu\/fi\/toode\/claresa-niisutav-jumet-uhtlustav-kreem-aluskreem-keep-it-nude-102-warm-medium\/","og_locale":"fi_FI","og_type":"article","og_title":"CLARESA Kosteuttava meikkivoide, joka tasoittaa ihon s\u00e4vy\u00e4 KEEP IT NUDE! 102 WARM MEDIUM | Valika","og_description":"Vegaaninen koostumus, jossa on kermainen, peitt\u00e4v\u00e4 rakenne ja v\u00e4ri\u00e4 korjaavat pigmentit, tarjoaa kohtalaisen peitt\u00e4vyyden ja luonnollisen, s\u00e4teilev\u00e4n lopputuloksen. Aktiiviset ainesosat","og_url":"https:\/\/valika.eu\/fi\/toode\/claresa-niisutav-jumet-uhtlustav-kreem-aluskreem-keep-it-nude-102-warm-medium\/","og_site_name":"Valika","article_publisher":"https:\/\/www.facebook.com\/tipsi.net","article_modified_time":"2025-07-02T02:01:22+00:00","og_image":[{"width":1500,"height":1500,"url":"https:\/\/valika.eu\/wp-content\/uploads\/2025\/01\/6348.jpg","type":"image\/jpeg"}],"twitter_card":"summary_large_image","schema":{"@context":"https:\/\/schema.org","@graph":[{"@type":"WebPage","@id":"https:\/\/valika.eu\/fi\/toode\/claresa-niisutav-jumet-uhtlustav-kreem-aluskreem-keep-it-nude-102-warm-medium\/","url":"https:\/\/valika.eu\/fi\/toode\/claresa-niisutav-jumet-uhtlustav-kreem-aluskreem-keep-it-nude-102-warm-medium\/","name":"CLARESA Kosteuttava meikkivoide, joka tasoittaa ihon s\u00e4vy\u00e4 KEEP IT NUDE! 102 WARM MEDIUM | Valika","isPartOf":{"@id":"https:\/\/valika.eu\/fi\/#website"},"primaryImageOfPage":{"@id":"https:\/\/valika.eu\/fi\/toode\/claresa-niisutav-jumet-uhtlustav-kreem-aluskreem-keep-it-nude-102-warm-medium\/#primaryimage"},"image":{"@id":"https:\/\/valika.eu\/toode\/claresa-niisutav-jumet-uhtlustav-kreem-aluskreem-keep-it-nude-102-warm-medium\/#primaryimage"},"thumbnailUrl":"https:\/\/valika.eu\/wp-content\/uploads\/2025\/01\/6348.jpg","datePublished":"2025-01-09T04:57:27+00:00","dateModified":"2025-07-02T02:01:22+00:00","breadcrumb":{"@id":"https:\/\/valika.eu\/fi\/toode\/claresa-niisutav-jumet-uhtlustav-kreem-aluskreem-keep-it-nude-102-warm-medium\/#breadcrumb"},"inLanguage":"fi","potentialAction":[{"@type":"ReadAction","target":[["https:\/\/valika.eu\/fi\/toode\/claresa-niisutav-jumet-uhtlustav-kreem-aluskreem-keep-it-nude-102-warm-medium\/"]]}]},{"@type":"ImageObject","inLanguage":"fi","@id":"https:\/\/valika.eu\/fi\/toode\/claresa-niisutav-jumet-uhtlustav-kreem-aluskreem-keep-it-nude-102-warm-medium\/#primaryimage","url":"https:\/\/valika.eu\/wp-content\/uploads\/2025\/01\/6348.jpg","contentUrl":"https:\/\/valika.eu\/wp-content\/uploads\/2025\/01\/6348.jpg","width":1500,"height":1500},{"@type":"BreadcrumbList","@id":"https:\/\/valika.eu\/fi\/toode\/claresa-niisutav-jumet-uhtlustav-kreem-aluskreem-keep-it-nude-102-warm-medium\/#breadcrumb","itemListElement":[{"@type":"ListItem","position":1,"name":"Koti","item":"https:\/\/valika.eu\/fi\/"},{"@type":"ListItem","position":2,"name":"Shop","item":"https:\/\/valika.eu\/fi\/"},{"@type":"ListItem","position":3,"name":"CLARESA Moisturizing foundation cream evening out skin tone KEEP IT NUDE! 102 WARM MEDIUM"}]},{"@type":"WebSite","@id":"https:\/\/valika.eu\/fi\/#website","url":"https:\/\/valika.eu\/fi\/","name":"Valika.eu","description":"Salonkituotteet ja kauneudenhoitotuotteet - Valika tarjoaa laajan valikoiman tuotteita ja tarvikkeita kynsiteknikoille, kauneushoitoloille, kampaamoille ja kampaamoille.","publisher":{"@id":"https:\/\/valika.eu\/fi\/#organization"},"alternateName":"Valika","potentialAction":[{"@type":"SearchAction","target":{"@type":"EntryPoint","urlTemplate":"https:\/\/valika.eu\/fi\/?s={search_term_string}"},"query-input":{"@type":"PropertyValueSpecification","valueRequired":true,"valueName":"search_term_string"}}],"inLanguage":"fi"},{"@type":"Organization","@id":"https:\/\/valika.eu\/fi\/#organization","name":"Salongitoode O\u00dc","alternateName":"Valika","url":"https:\/\/valika.eu\/fi\/","logo":{"@type":"ImageObject","inLanguage":"fi","@id":"https:\/\/valika.eu\/fi\/#\/schema\/logo\/image\/","url":"https:\/\/valika.eu\/wp-content\/uploads\/2023\/11\/logo2-valika-footer.png","contentUrl":"https:\/\/valika.eu\/wp-content\/uploads\/2023\/11\/logo2-valika-footer.png","width":200,"height":129,"caption":"Salongitoode O\u00dc"},"image":{"@id":"https:\/\/valika.eu\/fi\/#\/schema\/logo\/image\/"},"sameAs":["https:\/\/www.facebook.com\/tipsi.net"]}]}},"jetpack_sharing_enabled":true,"_links":{"self":[{"href":"https:\/\/valika.eu\/fi\/wp-json\/wp\/v2\/product\/11769","targetHints":{"allow":["GET"]}}],"collection":[{"href":"https:\/\/valika.eu\/fi\/wp-json\/wp\/v2\/product"}],"about":[{"href":"https:\/\/valika.eu\/fi\/wp-json\/wp\/v2\/types\/product"}],"wp:featuredmedia":[{"embeddable":true,"href":"https:\/\/valika.eu\/fi\/wp-json\/wp\/v2\/media\/11768"}],"wp:attachment":[{"href":"https:\/\/valika.eu\/fi\/wp-json\/wp\/v2\/media?parent=11769"}],"wp:term":[{"taxonomy":"product_brand","embeddable":true,"href":"https:\/\/valika.eu\/fi\/wp-json\/wp\/v2\/product_brand?post=11769"},{"taxonomy":"product_cat","embeddable":true,"href":"https:\/\/valika.eu\/fi\/wp-json\/wp\/v2\/product_cat?post=11769"},{"taxonomy":"product_tag","embeddable":true,"href":"https:\/\/valika.eu\/fi\/wp-json\/wp\/v2\/product_tag?post=11769"}],"curies":[{"name":"wp","href":"https:\/\/api.w.org\/{rel}","templated":true}]}}