{"id":11789,"date":"2025-01-09T06:58:09","date_gmt":"2025-01-09T04:58:09","guid":{"rendered":"https:\/\/valika.eu\/toode\/claresa-sarav-aluskreem-doll-up-02-light\/"},"modified":"2025-07-02T05:01:22","modified_gmt":"2025-07-02T02:01:22","slug":"claresa-sarav-aluskreem-doll-up-02-light","status":"publish","type":"product","link":"https:\/\/valika.eu\/fi\/toode\/claresa-sarav-aluskreem-doll-up-02-light\/","title":{"rendered":"CLARESA HEHKUVA MEIKKIVOIDE DOLL UP! 02 LIGHT"},"content":{"rendered":"<p>Valoa tuova meikkivoide DOLL UP! tarjoaa keskitason peitt\u00e4vyyden luonnollisesti s\u00e4teilev\u00e4ll\u00e4 lopputuloksella, saaden ihon n\u00e4ytt\u00e4m\u00e4\u00e4n nuorekkaalta ja virkistyneelt\u00e4. Aktiivisten ainesosien ansiosta sen pitk\u00e4kestoinen koostumus takaa kosteutuksen koko p\u00e4iv\u00e4n ajan. Yhdistelm\u00e4 hehkuvaa lopputulosta, tasaista ihons\u00e4vy\u00e4 ja kosteutusta antaa kauniin, eritt\u00e4in muodikkaan hehkun terveen, hyvin hoidetun ihon vaikutelman.<\/p>\n<p>HAUSKA FAKTA:<br \/>\nHyaluronihapon ja propaanidiolin (kasviglykoli) yhdistelm\u00e4n ansiosta DOLL UP! -meikkivoiteen vegaaninen koostumus pit\u00e4\u00e4 ihon kosteutettuna, pehme\u00e4n\u00e4 ja sile\u00e4n\u00e4 pitk\u00e4\u00e4n. Se tarjoaa my\u00f6s t\u00e4ytt\u00e4v\u00e4n vaikutuksen hienoille juonteille ja ihon ep\u00e4tasaisuuksille sek\u00e4 ik\u00e4\u00e4ntymist\u00e4 est\u00e4vi\u00e4 etuja.<\/p>\n<p>K\u00c4YTT\u00d6:<br \/>\nValmistele iho levitt\u00e4m\u00e4ll\u00e4 sille sopivaa ja meikkiin soveltuvaa voidetta, ja tarvittaessa pohjustusvoidetta tai seerumia meikkivoiteen alle. Levit\u00e4 pieni m\u00e4\u00e4r\u00e4 meikkivoidetta k\u00e4mmensel\u00e4lle l\u00e4mmitt\u00e4\u00e4ksesi sen kehonl\u00e4mp\u00f6iseksi, jotta se sulautuu t\u00e4ydellisesti ihoon. Levit\u00e4 tuote kasvoille ohuena kerroksena sormin tai siveltimell\u00e4, ja taputtele se sitten kostealla meikkisienell\u00e4. Voit my\u00f6s levitt\u00e4\u00e4 meikkivoiteen suoraan sienell\u00e4\u2014muista vain k\u00e4ytt\u00e4\u00e4 taputtelevaa liikett\u00e4, ei hankaavaa. Aloita pienell\u00e4 m\u00e4\u00e4r\u00e4ll\u00e4 tuotetta ja lis\u00e4\u00e4 sit\u00e4 alueille, jotka tarvitsevat enemm\u00e4n peitt\u00e4vyytt\u00e4, v\u00e4ltt\u00e4\u00e4ksesi n\u00e4kyv\u00e4n meikkivoide-efektin (ja s\u00e4\u00e4st\u00e4\u00e4ksesi tuotetta). Optimaalisen lopputuloksen saavuttaminen mahdollisimman v\u00e4h\u00e4ll\u00e4 tuotem\u00e4\u00e4r\u00e4ll\u00e4 on avain meikkivoiteen onnistumiseen!<\/p>\n<p>MEIKKITAITEILIJAN VINKKI:<br \/>\nDOLL UP! -meikkivoiteen valoa tuova vaikutus saavutetaan kiilt\u00e4v\u00e4ll\u00e4 emollientilla. Jos pid\u00e4t lis\u00e4tyn helmi\u00e4ishehkun vaikutuksesta, lis\u00e4\u00e4 hieman nestem\u00e4ist\u00e4 korostusvoidetta meikkivoideannokseen.<\/p>","protected":false},"excerpt":{"rendered":"<p>Valoa tuova meikkivoide DOLL UP! tarjoaa keskitason peitt\u00e4vyyden luonnollisesti s\u00e4teilev\u00e4ll\u00e4 lopputuloksella, saaden ihon n\u00e4ytt\u00e4m\u00e4\u00e4n nuorekkaalta ja virkistyneelt\u00e4. Aktiivisten ainesosien ansiosta<\/p>\n","protected":false},"featured_media":11788,"template":"","meta":[],"product_brand":[],"product_cat":[687],"product_tag":[],"class_list":{"0":"post-11789","1":"product","2":"type-product","3":"status-publish","4":"has-post-thumbnail","6":"product_cat-foundation","8":"first","9":"instock","10":"taxable","11":"shipping-taxable","12":"purchasable","13":"product-type-simple"},"yoast_head":"<!-- This site is optimized with the Yoast SEO plugin v24.4 - https:\/\/yoast.com\/wordpress\/plugins\/seo\/ -->\n<title>CLARESA HEHKUVA MEIKKIVOIDE DOLL UP! 02 LIGHT | Valika<\/title>\n<meta name=\"robots\" content=\"index, follow, max-snippet:-1, max-image-preview:large, max-video-preview:-1\" \/>\n<link rel=\"canonical\" href=\"https:\/\/valika.eu\/fi\/toode\/claresa-sarav-aluskreem-doll-up-02-light\/\" \/>\n<meta property=\"og:locale\" content=\"fi_FI\" \/>\n<meta property=\"og:type\" content=\"article\" \/>\n<meta property=\"og:title\" content=\"CLARESA HEHKUVA MEIKKIVOIDE DOLL UP! 02 LIGHT | Valika\" \/>\n<meta property=\"og:description\" content=\"Valoa tuova meikkivoide DOLL UP! tarjoaa keskitason peitt\u00e4vyyden luonnollisesti s\u00e4teilev\u00e4ll\u00e4 lopputuloksella, saaden ihon n\u00e4ytt\u00e4m\u00e4\u00e4n nuorekkaalta ja virkistyneelt\u00e4. Aktiivisten ainesosien ansiosta\" \/>\n<meta property=\"og:url\" content=\"https:\/\/valika.eu\/fi\/toode\/claresa-sarav-aluskreem-doll-up-02-light\/\" \/>\n<meta property=\"og:site_name\" content=\"Valika\" \/>\n<meta property=\"article:publisher\" content=\"https:\/\/www.facebook.com\/tipsi.net\" \/>\n<meta property=\"article:modified_time\" content=\"2025-07-02T02:01:22+00:00\" \/>\n<meta property=\"og:image\" content=\"https:\/\/valika.eu\/wp-content\/uploads\/2025\/01\/7303.jpg\" \/>\n\t<meta property=\"og:image:width\" content=\"1500\" \/>\n\t<meta property=\"og:image:height\" content=\"1500\" \/>\n\t<meta property=\"og:image:type\" content=\"image\/jpeg\" \/>\n<meta name=\"twitter:card\" content=\"summary_large_image\" \/>\n<script type=\"application\/ld+json\" class=\"yoast-schema-graph\">{\"@context\":\"https:\/\/schema.org\",\"@graph\":[{\"@type\":\"WebPage\",\"@id\":\"https:\/\/valika.eu\/fi\/toode\/claresa-sarav-aluskreem-doll-up-02-light\/\",\"url\":\"https:\/\/valika.eu\/fi\/toode\/claresa-sarav-aluskreem-doll-up-02-light\/\",\"name\":\"CLARESA HEHKUVA MEIKKIVOIDE DOLL UP! 02 LIGHT | Valika\",\"isPartOf\":{\"@id\":\"https:\/\/valika.eu\/fi\/#website\"},\"primaryImageOfPage\":{\"@id\":\"https:\/\/valika.eu\/fi\/toode\/claresa-sarav-aluskreem-doll-up-02-light\/#primaryimage\"},\"image\":{\"@id\":\"https:\/\/valika.eu\/toode\/claresa-sarav-aluskreem-doll-up-02-light\/#primaryimage\"},\"thumbnailUrl\":\"https:\/\/valika.eu\/wp-content\/uploads\/2025\/01\/7303.jpg\",\"datePublished\":\"2025-01-09T04:58:09+00:00\",\"dateModified\":\"2025-07-02T02:01:22+00:00\",\"breadcrumb\":{\"@id\":\"https:\/\/valika.eu\/fi\/toode\/claresa-sarav-aluskreem-doll-up-02-light\/#breadcrumb\"},\"inLanguage\":\"fi\",\"potentialAction\":[{\"@type\":\"ReadAction\",\"target\":[[\"https:\/\/valika.eu\/fi\/toode\/claresa-sarav-aluskreem-doll-up-02-light\/\"]]}]},{\"@type\":\"ImageObject\",\"inLanguage\":\"fi\",\"@id\":\"https:\/\/valika.eu\/fi\/toode\/claresa-sarav-aluskreem-doll-up-02-light\/#primaryimage\",\"url\":\"https:\/\/valika.eu\/wp-content\/uploads\/2025\/01\/7303.jpg\",\"contentUrl\":\"https:\/\/valika.eu\/wp-content\/uploads\/2025\/01\/7303.jpg\",\"width\":1500,\"height\":1500},{\"@type\":\"BreadcrumbList\",\"@id\":\"https:\/\/valika.eu\/fi\/toode\/claresa-sarav-aluskreem-doll-up-02-light\/#breadcrumb\",\"itemListElement\":[{\"@type\":\"ListItem\",\"position\":1,\"name\":\"Koti\",\"item\":\"https:\/\/valika.eu\/fi\/\"},{\"@type\":\"ListItem\",\"position\":2,\"name\":\"Shop\",\"item\":\"https:\/\/valika.eu\/fi\/\"},{\"@type\":\"ListItem\",\"position\":3,\"name\":\"CLARESA ILLUMINATING FOUNDATION DOLL UP! 02 LIGHT\"}]},{\"@type\":\"WebSite\",\"@id\":\"https:\/\/valika.eu\/fi\/#website\",\"url\":\"https:\/\/valika.eu\/fi\/\",\"name\":\"Valika.eu\",\"description\":\"Salonkituotteet ja kauneudenhoitotuotteet - Valika tarjoaa laajan valikoiman tuotteita ja tarvikkeita kynsiteknikoille, kauneushoitoloille, kampaamoille ja kampaamoille.\",\"publisher\":{\"@id\":\"https:\/\/valika.eu\/fi\/#organization\"},\"alternateName\":\"Valika\",\"potentialAction\":[{\"@type\":\"SearchAction\",\"target\":{\"@type\":\"EntryPoint\",\"urlTemplate\":\"https:\/\/valika.eu\/fi\/?s={search_term_string}\"},\"query-input\":{\"@type\":\"PropertyValueSpecification\",\"valueRequired\":true,\"valueName\":\"search_term_string\"}}],\"inLanguage\":\"fi\"},{\"@type\":\"Organization\",\"@id\":\"https:\/\/valika.eu\/fi\/#organization\",\"name\":\"Salongitoode O\u00dc\",\"alternateName\":\"Valika\",\"url\":\"https:\/\/valika.eu\/fi\/\",\"logo\":{\"@type\":\"ImageObject\",\"inLanguage\":\"fi\",\"@id\":\"https:\/\/valika.eu\/fi\/#\/schema\/logo\/image\/\",\"url\":\"https:\/\/valika.eu\/wp-content\/uploads\/2023\/11\/logo2-valika-footer.png\",\"contentUrl\":\"https:\/\/valika.eu\/wp-content\/uploads\/2023\/11\/logo2-valika-footer.png\",\"width\":200,\"height\":129,\"caption\":\"Salongitoode O\u00dc\"},\"image\":{\"@id\":\"https:\/\/valika.eu\/fi\/#\/schema\/logo\/image\/\"},\"sameAs\":[\"https:\/\/www.facebook.com\/tipsi.net\"]}]}<\/script>\n<!-- \/ Yoast SEO plugin. -->","yoast_head_json":{"title":"CLARESA HEHKUVA MEIKKIVOIDE DOLL UP! 02 LIGHT | Valika","robots":{"index":"index","follow":"follow","max-snippet":"max-snippet:-1","max-image-preview":"max-image-preview:large","max-video-preview":"max-video-preview:-1"},"canonical":"https:\/\/valika.eu\/fi\/toode\/claresa-sarav-aluskreem-doll-up-02-light\/","og_locale":"fi_FI","og_type":"article","og_title":"CLARESA HEHKUVA MEIKKIVOIDE DOLL UP! 02 LIGHT | Valika","og_description":"Valoa tuova meikkivoide DOLL UP! tarjoaa keskitason peitt\u00e4vyyden luonnollisesti s\u00e4teilev\u00e4ll\u00e4 lopputuloksella, saaden ihon n\u00e4ytt\u00e4m\u00e4\u00e4n nuorekkaalta ja virkistyneelt\u00e4. Aktiivisten ainesosien ansiosta","og_url":"https:\/\/valika.eu\/fi\/toode\/claresa-sarav-aluskreem-doll-up-02-light\/","og_site_name":"Valika","article_publisher":"https:\/\/www.facebook.com\/tipsi.net","article_modified_time":"2025-07-02T02:01:22+00:00","og_image":[{"width":1500,"height":1500,"url":"https:\/\/valika.eu\/wp-content\/uploads\/2025\/01\/7303.jpg","type":"image\/jpeg"}],"twitter_card":"summary_large_image","schema":{"@context":"https:\/\/schema.org","@graph":[{"@type":"WebPage","@id":"https:\/\/valika.eu\/fi\/toode\/claresa-sarav-aluskreem-doll-up-02-light\/","url":"https:\/\/valika.eu\/fi\/toode\/claresa-sarav-aluskreem-doll-up-02-light\/","name":"CLARESA HEHKUVA MEIKKIVOIDE DOLL UP! 02 LIGHT | Valika","isPartOf":{"@id":"https:\/\/valika.eu\/fi\/#website"},"primaryImageOfPage":{"@id":"https:\/\/valika.eu\/fi\/toode\/claresa-sarav-aluskreem-doll-up-02-light\/#primaryimage"},"image":{"@id":"https:\/\/valika.eu\/toode\/claresa-sarav-aluskreem-doll-up-02-light\/#primaryimage"},"thumbnailUrl":"https:\/\/valika.eu\/wp-content\/uploads\/2025\/01\/7303.jpg","datePublished":"2025-01-09T04:58:09+00:00","dateModified":"2025-07-02T02:01:22+00:00","breadcrumb":{"@id":"https:\/\/valika.eu\/fi\/toode\/claresa-sarav-aluskreem-doll-up-02-light\/#breadcrumb"},"inLanguage":"fi","potentialAction":[{"@type":"ReadAction","target":[["https:\/\/valika.eu\/fi\/toode\/claresa-sarav-aluskreem-doll-up-02-light\/"]]}]},{"@type":"ImageObject","inLanguage":"fi","@id":"https:\/\/valika.eu\/fi\/toode\/claresa-sarav-aluskreem-doll-up-02-light\/#primaryimage","url":"https:\/\/valika.eu\/wp-content\/uploads\/2025\/01\/7303.jpg","contentUrl":"https:\/\/valika.eu\/wp-content\/uploads\/2025\/01\/7303.jpg","width":1500,"height":1500},{"@type":"BreadcrumbList","@id":"https:\/\/valika.eu\/fi\/toode\/claresa-sarav-aluskreem-doll-up-02-light\/#breadcrumb","itemListElement":[{"@type":"ListItem","position":1,"name":"Koti","item":"https:\/\/valika.eu\/fi\/"},{"@type":"ListItem","position":2,"name":"Shop","item":"https:\/\/valika.eu\/fi\/"},{"@type":"ListItem","position":3,"name":"CLARESA ILLUMINATING FOUNDATION DOLL UP! 02 LIGHT"}]},{"@type":"WebSite","@id":"https:\/\/valika.eu\/fi\/#website","url":"https:\/\/valika.eu\/fi\/","name":"Valika.eu","description":"Salonkituotteet ja kauneudenhoitotuotteet - Valika tarjoaa laajan valikoiman tuotteita ja tarvikkeita kynsiteknikoille, kauneushoitoloille, kampaamoille ja kampaamoille.","publisher":{"@id":"https:\/\/valika.eu\/fi\/#organization"},"alternateName":"Valika","potentialAction":[{"@type":"SearchAction","target":{"@type":"EntryPoint","urlTemplate":"https:\/\/valika.eu\/fi\/?s={search_term_string}"},"query-input":{"@type":"PropertyValueSpecification","valueRequired":true,"valueName":"search_term_string"}}],"inLanguage":"fi"},{"@type":"Organization","@id":"https:\/\/valika.eu\/fi\/#organization","name":"Salongitoode O\u00dc","alternateName":"Valika","url":"https:\/\/valika.eu\/fi\/","logo":{"@type":"ImageObject","inLanguage":"fi","@id":"https:\/\/valika.eu\/fi\/#\/schema\/logo\/image\/","url":"https:\/\/valika.eu\/wp-content\/uploads\/2023\/11\/logo2-valika-footer.png","contentUrl":"https:\/\/valika.eu\/wp-content\/uploads\/2023\/11\/logo2-valika-footer.png","width":200,"height":129,"caption":"Salongitoode O\u00dc"},"image":{"@id":"https:\/\/valika.eu\/fi\/#\/schema\/logo\/image\/"},"sameAs":["https:\/\/www.facebook.com\/tipsi.net"]}]}},"jetpack_sharing_enabled":true,"_links":{"self":[{"href":"https:\/\/valika.eu\/fi\/wp-json\/wp\/v2\/product\/11789","targetHints":{"allow":["GET"]}}],"collection":[{"href":"https:\/\/valika.eu\/fi\/wp-json\/wp\/v2\/product"}],"about":[{"href":"https:\/\/valika.eu\/fi\/wp-json\/wp\/v2\/types\/product"}],"wp:featuredmedia":[{"embeddable":true,"href":"https:\/\/valika.eu\/fi\/wp-json\/wp\/v2\/media\/11788"}],"wp:attachment":[{"href":"https:\/\/valika.eu\/fi\/wp-json\/wp\/v2\/media?parent=11789"}],"wp:term":[{"taxonomy":"product_brand","embeddable":true,"href":"https:\/\/valika.eu\/fi\/wp-json\/wp\/v2\/product_brand?post=11789"},{"taxonomy":"product_cat","embeddable":true,"href":"https:\/\/valika.eu\/fi\/wp-json\/wp\/v2\/product_cat?post=11789"},{"taxonomy":"product_tag","embeddable":true,"href":"https:\/\/valika.eu\/fi\/wp-json\/wp\/v2\/product_tag?post=11789"}],"curies":[{"name":"wp","href":"https:\/\/api.w.org\/{rel}","templated":true}]}}